{"id":47634,"date":"2022-10-30T10:58:53","date_gmt":"2022-10-30T09:58:53","guid":{"rendered":"https:\/\/startercultures.eu\/?post_type=product&#038;p=47634"},"modified":"2026-04-16T15:02:57","modified_gmt":"2026-04-16T13:02:57","slug":"sauerrahm-starterkultur-fur-selbstgemachten-sauerrahm","status":"publish","type":"product","link":"https:\/\/startercultures.eu\/de\/product\/fermentation-de\/molkerei\/joghurt\/starterkulturen-de\/sauerrahm-starterkultur-fur-selbstgemachten-sauerrahm\/","title":{"rendered":"Sauerrahm-Starterkultur | f\u00fcr selbstgemachten Sauerrahm"},"content":{"rendered":"<p>Saure Sahne ist ein Milchprodukt, das durch die Fermentierung von normaler Sahne mit Milchs\u00e4urebakterien gewonnen wird. Mit dieser Starterkultur f\u00fcr saure Sahne k\u00f6nnen Sie es zu Hause selbst herstellen! Sie brauchen keinen Joghurtbereiter.<\/p>\n<h3>Was ist saure Sahne?<\/h3>\n<p>Saure Sahne wurde traditionell hergestellt, indem man den Rahm, der von der Milch abgesch\u00f6pft wurde, bei Zimmertemperatur g\u00e4ren lie\u00df &#8211; die Bakterien, die sich w\u00e4hrend der G\u00e4rung auf nat\u00fcrliche Weise entwickelten, dickten den Rahm ein und machten ihn saurer, was eine nat\u00fcrliche Art der Konservierung des Rahms war. Sauerrahm aus Kulturen ist dem traditionellen Sauerrahm sehr \u00e4hnlich. Sie wird durch Beimpfen der Sahne mit Sauerrahm-Milchs\u00e4urebakterien hergestellt, wodurch eine dicke, z\u00e4hfl\u00fcssige, leicht saure Sahne entsteht.<\/p>\n<h3>\u00dcber unsere Sauerrahm-Starterkultur<\/h3>\n<p>Dieser Sauerrahmstarter ergibt einen k\u00f6stlichen und dicken Sauerrahm mit einem traditionell reichen Aroma und einem frischen, milden Geschmack, ideal f\u00fcr die Zubereitung von Dips, So\u00dfen, zum Andicken von Suppen und vielem mehr.<\/p>\n<p>Sie k\u00f6nnen die Dicke und den Geschmack Ihrer sauren Sahne durch die L\u00e4nge der Inkubationszeit einstellen, so dass sie von einer cremigen Fl\u00fcssigkeit bis hin zu einer dicken und glatten joghurt\u00e4hnlichen Konsistenz und von mild und s\u00fc\u00df bis hin zu ein wenig sauer oder mehr reichen. Verwenden Sie rohe oder pasteurisierte normale Sahne, Doppelrahm oder eine Mischung aus Sahne und Milch. Je h\u00f6her der Fettgehalt der urspr\u00fcnglichen Sahne ist, desto dicker und schmackhafter wird die saure Sahne sein. Wenn Sie eine Sahne mit h\u00f6herem Fettgehalt verwenden, k\u00f6nnen Sie diesen Sauerrahmstarter u. a. f\u00fcr die Herstellung von Cr\u00e8me fra\u00eeche oder Schlagsahne verwenden.<\/p>\n<h3>Die Sauerrahm-Starterkultur ist ein mesophiler Starter<\/h3>\n<p>Bitte beachten Sie, dass es sich um eine mesophile Kultur handelt, die bei Zimmertemperatur hergestellt werden kann &#8211; ein Joghurtbereiter ist nicht erforderlich.<\/p>\n<h3>Inhalt Sauerrahm-Starterkultur<\/h3>\n<ul>\n<li>2 Gramm mesophile Trocken-Sauerrahm-Starterkultur von Heirloom<\/li>\n<li>Genug f\u00fcr den Rest Ihres Lebens, siehe Anleitung unten<\/li>\n<li>Hergestellt in Bulgarien<\/li>\n<li>Allergene: Milch<\/li>\n<li>Inhalt: Milch, Starterkulturen<\/li>\n<li>Enth\u00e4lt keine Konservierungsstoffe, k\u00fcnstliche Farbstoffe und Aromen. Frei von Gluten, Soja und GMO. Halal &amp; Koscher.<\/li>\n<\/ul>\n<h3>Mikroorganismen<\/h3>\n<p>Lebende Kulturen von Lactococcus lactis subsp. cremoris, Lactococcus lactis subsp. biovar diacetylactis und Streptococcus thermophilus.<\/p>\n<h3>Warum ein Trockenstarter?<\/h3>\n<ul>\n<li>getrocknete Starter haben eine lange Haltbarkeit<\/li>\n<li>leicht zu transportieren\/mitzunehmen, auch ins Ausland<\/li>\n<li>verschlechtert sich nicht durch den Transport<\/li>\n<li>geringes Gewicht (Transportkosten)<\/li>\n<li>Sie k\u00f6nnen einen Teil einsparen, falls die Qualit\u00e4t Ihres frischen Sauerrahms nachl\u00e4sst<\/li>\n<li>nach der Aktivierung ist die Wirkung von getrocknetem Sauerrahm als Starterkultur identisch mit frischem Sauerrahm<\/li>\n<\/ul>\n<h3>Hinweise zur Lagerung<\/h3>\n<p>Im K\u00fchlschrank oder Gefrierschrank. Bewahren Sie die getrocknete Sauerrahm-Starterkultur nach Gebrauch in einem Ziploc-Beutel oder vakuumversiegelt auf. Die Starterkultur ist sehr hydrophil &#8211; wenn Feuchtigkeit in die Verpackung gelangt, verschlechtert sich die Qualit\u00e4t. Im Gefrierschrank ist er mindestens ein Jahr haltbar, in der Realit\u00e4t aber wahrscheinlich l\u00e4nger.<\/p>\n<h3>Aktivieren Ihrer Quellrahm-Starterkultur<\/h3>\n<ul>\n<li>Lassen Sie einen Becher (200 ml) Sahne auf knapp \u00fcber Raumtemperatur (ca. 24 \u00b0C) erw\u00e4rmen.<\/li>\n<li>Geben Sie den Starter aus der Packung in die Sahne und r\u00fchren Sie, bis er sich aufl\u00f6st.<\/li>\n<li>Decken Sie das Glas mit einem Tuch ab, um die Sahne vor Staub und Luftpartikeln zu sch\u00fctzen.<\/li>\n<li>Lassen Sie die Creme etwa 24 Stunden lang stehen und pr\u00fcfen Sie dann, ob sie fest ist.<\/li>\n<li>Wenn sie nach 24 Stunden noch nicht fest ist, lassen Sie sie weiter stehen und \u00fcberpr\u00fcfen Sie sie alle 2-4 Stunden, bis sie fest ist. Einige mesophile Kulturen brauchen je nach Umgebungstemperatur und anderen Bedingungen bis zu 72 Stunden, um fest zu werden.<\/li>\n<li>Sie haben jetzt eine aktive mesophile Creme, die Sie im n\u00e4chsten Schritt als Starter verwenden werden.<\/li>\n<\/ul>\n<h3>Herstellung der sauren Sahne<\/h3>\n<ul>\n<li>F\u00fcgen Sie Ihren aktivierten Starter (den Becher Joghurt aus dem vorherigen Schritt) zu einem Liter Sahne hinzu. Tun Sie dies in einem einzigen Gef\u00e4\u00df, damit sich der tarter gleichm\u00e4\u00dfig mit der gesamten Sahne vermischen kann. Die Sahne kann Zimmertemperatur haben oder kalt sein, direkt aus dem K\u00fchlschrank.<\/li>\n<li>R\u00fchren Sie vorsichtig um, bis sich der aktive Starter aufl\u00f6st, und verteilen Sie dann die Sahne in die Anzuchtgef\u00e4\u00dfe.<\/li>\n<li>Verschlie\u00dfen Sie die Gl\u00e4ser auf die gleiche Weise wie beim Aktivierungsschritt und lassen Sie sie 12-48 Stunden bei Raumtemperatur stehen, bis die Creme fest geworden ist.<\/li>\n<li>Stellen Sie sie in den K\u00fchlschrank und bewahren Sie sie dort mindestens 2 Stunden lang auf, bevor Sie sie verzehren &#8211; durch das Abk\u00fchlen wird die Creme dicker und schmeckt besser.<\/li>\n<li>Sie k\u00f6nnen endlose Mengen an saurer Sahne herstellen, indem Sie die zuvor hergestellte saure Sahne wiederverwenden, um eine neue Menge anzusetzen, oder indem Sie Portionen einfrieren, die Sie als neue Starterkultur verwenden k\u00f6nnen.<\/li>\n<\/ul>\n","protected":false},"excerpt":{"rendered":"<p>Saure Sahne ist ein Milchprodukt, das durch die Fermentierung von  [&#8230;]<\/p>\n","protected":false},"featured_media":29709,"comment_status":"open","ping_status":"closed","template":"","meta":{"_acf_changed":false,"footnotes":""},"product_brand":[],"product_cat":[675,677,813],"product_tag":[],"class_list":{"0":"post-47634","1":"product","2":"type-product","3":"status-publish","4":"has-post-thumbnail","6":"product_cat-joghurt","7":"product_cat-starterkulturen-de","8":"product_cat-mesophile","9":"pa_ean-860006411428-de","11":"first","12":"instock","13":"taxable","14":"shipping-taxable","15":"purchasable","16":"product-type-simple"},"acf":[],"yoast_head":"<!-- This site is optimized with the Yoast SEO plugin v26.6 - https:\/\/yoast.com\/wordpress\/plugins\/seo\/ -->\n<title>Sauerrahm-Starterkultur | f\u00fcr selbstgemachten Sauerrahm - Startercultures.eu<\/title>\n<meta name=\"robots\" content=\"index, follow, max-snippet:-1, max-image-preview:large, max-video-preview:-1\" \/>\n<link rel=\"canonical\" href=\"https:\/\/startercultures.eu\/de\/product\/fermentation-de\/molkerei\/joghurt\/starterkulturen-de\/sauerrahm-starterkultur-fur-selbstgemachten-sauerrahm\/\" \/>\n<meta property=\"og:locale\" content=\"de_DE\" \/>\n<meta property=\"og:type\" content=\"article\" \/>\n<meta property=\"og:title\" content=\"Sauerrahm-Starterkultur | f\u00fcr selbstgemachten Sauerrahm - Startercultures.eu\" \/>\n<meta property=\"og:description\" content=\"Saure Sahne ist ein Milchprodukt, das durch die Fermentierung von [...]\" \/>\n<meta property=\"og:url\" content=\"https:\/\/startercultures.eu\/de\/product\/fermentation-de\/molkerei\/joghurt\/starterkulturen-de\/sauerrahm-starterkultur-fur-selbstgemachten-sauerrahm\/\" \/>\n<meta property=\"og:site_name\" content=\"Startercultures.eu\" \/>\n<meta property=\"article:publisher\" content=\"https:\/\/www.facebook.com\/startercultureseu\" \/>\n<meta property=\"article:modified_time\" content=\"2026-04-16T13:02:57+00:00\" \/>\n<meta property=\"og:image\" content=\"https:\/\/startercultures.eu\/wp-content\/uploads\/2022\/10\/sour-cream.jpg\" \/>\n\t<meta property=\"og:image:width\" content=\"1095\" \/>\n\t<meta property=\"og:image:height\" content=\"1250\" \/>\n\t<meta property=\"og:image:type\" content=\"image\/jpeg\" \/>\n<meta name=\"twitter:card\" content=\"summary_large_image\" \/>\n<meta name=\"twitter:label1\" content=\"Price\" \/>\n\t<meta name=\"twitter:data1\" content=\"9,99\" \/>\n\t<meta name=\"twitter:label2\" content=\"Availability\" \/>\n\t<meta name=\"twitter:data2\" content=\"Vorr\u00e4tig\" \/>\n<script type=\"application\/ld+json\" class=\"yoast-schema-graph\">{\"@context\":\"https:\/\/schema.org\",\"@graph\":[{\"@type\":\"WebPage\",\"@id\":\"https:\/\/startercultures.eu\/de\/product\/fermentation-de\/molkerei\/joghurt\/starterkulturen-de\/sauerrahm-starterkultur-fur-selbstgemachten-sauerrahm\/\",\"url\":\"https:\/\/startercultures.eu\/de\/product\/fermentation-de\/molkerei\/joghurt\/starterkulturen-de\/sauerrahm-starterkultur-fur-selbstgemachten-sauerrahm\/\",\"name\":\"Sauerrahm-Starterkultur | f\u00fcr selbstgemachten Sauerrahm - Startercultures.eu\",\"isPartOf\":{\"@id\":\"https:\/\/startercultures.eu\/de\/#website\"},\"primaryImageOfPage\":{\"@id\":\"https:\/\/startercultures.eu\/de\/product\/fermentation-de\/molkerei\/joghurt\/starterkulturen-de\/sauerrahm-starterkultur-fur-selbstgemachten-sauerrahm\/#primaryimage\"},\"image\":{\"@id\":\"https:\/\/startercultures.eu\/de\/product\/fermentation-de\/molkerei\/joghurt\/starterkulturen-de\/sauerrahm-starterkultur-fur-selbstgemachten-sauerrahm\/#primaryimage\"},\"thumbnailUrl\":\"https:\/\/startercultures.eu\/wp-content\/uploads\/2022\/10\/sour-cream.jpg\",\"datePublished\":\"2022-10-30T09:58:53+00:00\",\"dateModified\":\"2026-04-16T13:02:57+00:00\",\"breadcrumb\":{\"@id\":\"https:\/\/startercultures.eu\/de\/product\/fermentation-de\/molkerei\/joghurt\/starterkulturen-de\/sauerrahm-starterkultur-fur-selbstgemachten-sauerrahm\/#breadcrumb\"},\"inLanguage\":\"de-DE\",\"potentialAction\":[{\"@type\":\"ReadAction\",\"target\":[\"https:\/\/startercultures.eu\/de\/product\/fermentation-de\/molkerei\/joghurt\/starterkulturen-de\/sauerrahm-starterkultur-fur-selbstgemachten-sauerrahm\/\"]}]},{\"@type\":\"ImageObject\",\"inLanguage\":\"de-DE\",\"@id\":\"https:\/\/startercultures.eu\/de\/product\/fermentation-de\/molkerei\/joghurt\/starterkulturen-de\/sauerrahm-starterkultur-fur-selbstgemachten-sauerrahm\/#primaryimage\",\"url\":\"https:\/\/startercultures.eu\/wp-content\/uploads\/2022\/10\/sour-cream.jpg\",\"contentUrl\":\"https:\/\/startercultures.eu\/wp-content\/uploads\/2022\/10\/sour-cream.jpg\",\"width\":1095,\"height\":1250,\"caption\":\"sour cream starter culture\"},{\"@type\":\"BreadcrumbList\",\"@id\":\"https:\/\/startercultures.eu\/de\/product\/fermentation-de\/molkerei\/joghurt\/starterkulturen-de\/sauerrahm-starterkultur-fur-selbstgemachten-sauerrahm\/#breadcrumb\",\"itemListElement\":[{\"@type\":\"ListItem\",\"position\":1,\"name\":\"Home\",\"item\":\"https:\/\/startercultures.eu\/de\/\"},{\"@type\":\"ListItem\",\"position\":2,\"name\":\"Shop\",\"item\":\"https:\/\/startercultures.eu\/shop\/\"},{\"@type\":\"ListItem\",\"position\":3,\"name\":\"Sauerrahm-Starterkultur | f\u00fcr selbstgemachten Sauerrahm\"}]},{\"@type\":\"WebSite\",\"@id\":\"https:\/\/startercultures.eu\/de\/#website\",\"url\":\"https:\/\/startercultures.eu\/de\/\",\"name\":\"Startercultures.eu\",\"description\":\"Startercultures.eu\",\"publisher\":{\"@id\":\"https:\/\/startercultures.eu\/de\/#organization\"},\"potentialAction\":[{\"@type\":\"SearchAction\",\"target\":{\"@type\":\"EntryPoint\",\"urlTemplate\":\"https:\/\/startercultures.eu\/de\/?s={search_term_string}\"},\"query-input\":{\"@type\":\"PropertyValueSpecification\",\"valueRequired\":true,\"valueName\":\"search_term_string\"}}],\"inLanguage\":\"de-DE\"},{\"@type\":\"Organization\",\"@id\":\"https:\/\/startercultures.eu\/de\/#organization\",\"name\":\"Startercultures.eu\",\"url\":\"https:\/\/startercultures.eu\/de\/\",\"logo\":{\"@type\":\"ImageObject\",\"inLanguage\":\"de-DE\",\"@id\":\"https:\/\/startercultures.eu\/de\/#\/schema\/logo\/image\/\",\"url\":\"https:\/\/startercultures.eu\/wp-content\/uploads\/2020\/08\/startercultures-eu-nl-logo-rond-rgb.png\",\"contentUrl\":\"https:\/\/startercultures.eu\/wp-content\/uploads\/2020\/08\/startercultures-eu-nl-logo-rond-rgb.png\",\"width\":320,\"height\":320,\"caption\":\"Startercultures.eu\"},\"image\":{\"@id\":\"https:\/\/startercultures.eu\/de\/#\/schema\/logo\/image\/\"},\"sameAs\":[\"https:\/\/www.facebook.com\/startercultureseu\",\"https:\/\/www.instagram.com\/startercultures.eu\/\"]}]}<\/script>\n<meta property=\"product:price:amount\" content=\"9.99\" \/>\n<meta property=\"product:price:currency\" content=\"EUR\" \/>\n<meta property=\"og:availability\" content=\"instock\" \/>\n<meta property=\"product:availability\" content=\"instock\" \/>\n<meta property=\"product:retailer_item_id\" content=\"290\" \/>\n<meta property=\"product:condition\" content=\"new\" \/>\n<!-- \/ Yoast SEO plugin. -->","yoast_head_json":{"title":"Sauerrahm-Starterkultur | f\u00fcr selbstgemachten Sauerrahm - Startercultures.eu","robots":{"index":"index","follow":"follow","max-snippet":"max-snippet:-1","max-image-preview":"max-image-preview:large","max-video-preview":"max-video-preview:-1"},"canonical":"https:\/\/startercultures.eu\/de\/product\/fermentation-de\/molkerei\/joghurt\/starterkulturen-de\/sauerrahm-starterkultur-fur-selbstgemachten-sauerrahm\/","og_locale":"de_DE","og_type":"article","og_title":"Sauerrahm-Starterkultur | f\u00fcr selbstgemachten Sauerrahm - Startercultures.eu","og_description":"Saure Sahne ist ein Milchprodukt, das durch die Fermentierung von [...]","og_url":"https:\/\/startercultures.eu\/de\/product\/fermentation-de\/molkerei\/joghurt\/starterkulturen-de\/sauerrahm-starterkultur-fur-selbstgemachten-sauerrahm\/","og_site_name":"Startercultures.eu","article_publisher":"https:\/\/www.facebook.com\/startercultureseu","article_modified_time":"2026-04-16T13:02:57+00:00","og_image":[{"width":1095,"height":1250,"url":"https:\/\/startercultures.eu\/wp-content\/uploads\/2022\/10\/sour-cream.jpg","type":"image\/jpeg"}],"twitter_card":"summary_large_image","twitter_misc":{"Price":"9,99","Availability":"Vorr\u00e4tig"},"schema":{"@context":"https:\/\/schema.org","@graph":[{"@type":"WebPage","@id":"https:\/\/startercultures.eu\/de\/product\/fermentation-de\/molkerei\/joghurt\/starterkulturen-de\/sauerrahm-starterkultur-fur-selbstgemachten-sauerrahm\/","url":"https:\/\/startercultures.eu\/de\/product\/fermentation-de\/molkerei\/joghurt\/starterkulturen-de\/sauerrahm-starterkultur-fur-selbstgemachten-sauerrahm\/","name":"Sauerrahm-Starterkultur | f\u00fcr selbstgemachten Sauerrahm - Startercultures.eu","isPartOf":{"@id":"https:\/\/startercultures.eu\/de\/#website"},"primaryImageOfPage":{"@id":"https:\/\/startercultures.eu\/de\/product\/fermentation-de\/molkerei\/joghurt\/starterkulturen-de\/sauerrahm-starterkultur-fur-selbstgemachten-sauerrahm\/#primaryimage"},"image":{"@id":"https:\/\/startercultures.eu\/de\/product\/fermentation-de\/molkerei\/joghurt\/starterkulturen-de\/sauerrahm-starterkultur-fur-selbstgemachten-sauerrahm\/#primaryimage"},"thumbnailUrl":"https:\/\/startercultures.eu\/wp-content\/uploads\/2022\/10\/sour-cream.jpg","datePublished":"2022-10-30T09:58:53+00:00","dateModified":"2026-04-16T13:02:57+00:00","breadcrumb":{"@id":"https:\/\/startercultures.eu\/de\/product\/fermentation-de\/molkerei\/joghurt\/starterkulturen-de\/sauerrahm-starterkultur-fur-selbstgemachten-sauerrahm\/#breadcrumb"},"inLanguage":"de-DE","potentialAction":[{"@type":"ReadAction","target":["https:\/\/startercultures.eu\/de\/product\/fermentation-de\/molkerei\/joghurt\/starterkulturen-de\/sauerrahm-starterkultur-fur-selbstgemachten-sauerrahm\/"]}]},{"@type":"ImageObject","inLanguage":"de-DE","@id":"https:\/\/startercultures.eu\/de\/product\/fermentation-de\/molkerei\/joghurt\/starterkulturen-de\/sauerrahm-starterkultur-fur-selbstgemachten-sauerrahm\/#primaryimage","url":"https:\/\/startercultures.eu\/wp-content\/uploads\/2022\/10\/sour-cream.jpg","contentUrl":"https:\/\/startercultures.eu\/wp-content\/uploads\/2022\/10\/sour-cream.jpg","width":1095,"height":1250,"caption":"sour cream starter culture"},{"@type":"BreadcrumbList","@id":"https:\/\/startercultures.eu\/de\/product\/fermentation-de\/molkerei\/joghurt\/starterkulturen-de\/sauerrahm-starterkultur-fur-selbstgemachten-sauerrahm\/#breadcrumb","itemListElement":[{"@type":"ListItem","position":1,"name":"Home","item":"https:\/\/startercultures.eu\/de\/"},{"@type":"ListItem","position":2,"name":"Shop","item":"https:\/\/startercultures.eu\/shop\/"},{"@type":"ListItem","position":3,"name":"Sauerrahm-Starterkultur | f\u00fcr selbstgemachten Sauerrahm"}]},{"@type":"WebSite","@id":"https:\/\/startercultures.eu\/de\/#website","url":"https:\/\/startercultures.eu\/de\/","name":"Startercultures.eu","description":"Startercultures.eu","publisher":{"@id":"https:\/\/startercultures.eu\/de\/#organization"},"potentialAction":[{"@type":"SearchAction","target":{"@type":"EntryPoint","urlTemplate":"https:\/\/startercultures.eu\/de\/?s={search_term_string}"},"query-input":{"@type":"PropertyValueSpecification","valueRequired":true,"valueName":"search_term_string"}}],"inLanguage":"de-DE"},{"@type":"Organization","@id":"https:\/\/startercultures.eu\/de\/#organization","name":"Startercultures.eu","url":"https:\/\/startercultures.eu\/de\/","logo":{"@type":"ImageObject","inLanguage":"de-DE","@id":"https:\/\/startercultures.eu\/de\/#\/schema\/logo\/image\/","url":"https:\/\/startercultures.eu\/wp-content\/uploads\/2020\/08\/startercultures-eu-nl-logo-rond-rgb.png","contentUrl":"https:\/\/startercultures.eu\/wp-content\/uploads\/2020\/08\/startercultures-eu-nl-logo-rond-rgb.png","width":320,"height":320,"caption":"Startercultures.eu"},"image":{"@id":"https:\/\/startercultures.eu\/de\/#\/schema\/logo\/image\/"},"sameAs":["https:\/\/www.facebook.com\/startercultureseu","https:\/\/www.instagram.com\/startercultures.eu\/"]}]},"product_price_amount":"9.99","product_price_currency":"EUR","og_availability":"instock","product_availability":"instock","product_retailer_item_id":"290","product_condition":"new"},"_links":{"self":[{"href":"https:\/\/startercultures.eu\/de\/wp-json\/wp\/v2\/product\/47634","targetHints":{"allow":["GET"]}}],"collection":[{"href":"https:\/\/startercultures.eu\/de\/wp-json\/wp\/v2\/product"}],"about":[{"href":"https:\/\/startercultures.eu\/de\/wp-json\/wp\/v2\/types\/product"}],"replies":[{"embeddable":true,"href":"https:\/\/startercultures.eu\/de\/wp-json\/wp\/v2\/comments?post=47634"}],"version-history":[{"count":1,"href":"https:\/\/startercultures.eu\/de\/wp-json\/wp\/v2\/product\/47634\/revisions"}],"predecessor-version":[{"id":66834,"href":"https:\/\/startercultures.eu\/de\/wp-json\/wp\/v2\/product\/47634\/revisions\/66834"}],"wp:featuredmedia":[{"embeddable":true,"href":"https:\/\/startercultures.eu\/de\/wp-json\/wp\/v2\/media\/29709"}],"wp:attachment":[{"href":"https:\/\/startercultures.eu\/de\/wp-json\/wp\/v2\/media?parent=47634"}],"wp:term":[{"taxonomy":"product_brand","embeddable":true,"href":"https:\/\/startercultures.eu\/de\/wp-json\/wp\/v2\/product_brand?post=47634"},{"taxonomy":"product_cat","embeddable":true,"href":"https:\/\/startercultures.eu\/de\/wp-json\/wp\/v2\/product_cat?post=47634"},{"taxonomy":"product_tag","embeddable":true,"href":"https:\/\/startercultures.eu\/de\/wp-json\/wp\/v2\/product_tag?post=47634"}],"curies":[{"name":"wp","href":"https:\/\/api.w.org\/{rel}","templated":true}]}}