{"id":51811,"date":"2024-01-22T20:20:48","date_gmt":"2024-01-22T19:20:48","guid":{"rendered":"https:\/\/startercultures.eu\/?post_type=product&#038;p=51811"},"modified":"2026-04-09T00:04:18","modified_gmt":"2026-04-08T22:04:18","slug":"getrocknete-geschalte-gerstenkoji-korner","status":"publish","type":"product","link":"https:\/\/startercultures.eu\/de\/product\/fermentation-de\/koji-de\/getrocknete-geschalte-gerstenkoji-korner\/","title":{"rendered":"Getrocknete, gesch\u00e4lte Gerstenkoji-K\u00f6rner | gebrauchsfertig"},"content":{"rendered":"<p>Koji ist der Schimmelpilz, der alles kann: Miso, Sojasauce, Shoyu, Shio Koji, Amazake, Schwarzbohnensauce, Sake, Doungjun &#8211; sie alle verdanken ihre erstaunliche Textur und ihren Geschmack dem Pilz Aspergillus oryzae. Eine einfache M\u00f6glichkeit, Koji zu verwenden, sind getrocknete, gesch\u00e4lte Gerstenkoji-K\u00f6rner, ein gebrauchsfertiges Produkt. Sie m\u00fcssen keinen eigenen Koji anbauen!<\/p>\n<h3>Diese Koji-Variante: getrocknete, gesch\u00e4lte Gerstenkoji-K\u00f6rner &#8211; gebrauchsfertig<\/h3>\n<p data-start=\"721\" data-end=\"1167\">Auch ein Fan des <em data-start=\"738\" data-end=\"766\">Noma Guide to Fermentation<\/em>? Dort wird gerne mit Gerste gearbeitet \u2013 auf Japanisch <em data-start=\"822\" data-end=\"828\">Mugi<\/em>. Allerdings ist Gerste ein recht hartes Getreide, und normale Koji-Sporen haben Schwierigkeiten, darauf zu wachsen. Au\u00dferdem erfordert das Zeit und M\u00fche. Bei diesen getrockneten, gesch\u00e4lten Gersten-Koji-K\u00f6rnern musst du dir keine Sorgen machen \u2013 das Koji wurde bereits f\u00fcr dich gez\u00fcchtet. Es handelt sich um ein gebrauchsfertiges Produkt.<\/p>\n<p data-start=\"1169\" data-end=\"1440\">Koji harmoniert nicht nur hervorragend mit Bohnen und Getreide \u2013 zum Beispiel f\u00fcr die Herstellung von Miso oder Shoyu \u2013 sondern seine Enzyme k\u00f6nnen auch Proteine und Fette im Fleisch oder Kohlenhydrate im Gem\u00fcse in allerlei k\u00f6stliche Aromen und Geschmacksstoffe zerlegen.<\/p>\n<h3>Vorteile der Verwendung von getrockneten, gesch\u00e4lten Gerstenkoji-K\u00f6rnern<\/h3>\n<p data-start=\"744\" data-end=\"840\">Ein paar Vorteile der Verwendung unserer getrockneten Gersten-Koji-K\u00f6rner gegen\u00fcber Koji-Sporen:<\/p>\n<ul data-start=\"842\" data-end=\"1384\">\n<li data-start=\"842\" data-end=\"895\">\n<p data-start=\"844\" data-end=\"895\">Die Gerste muss nicht ged\u00e4mpft und beimpft werden<\/p>\n<\/li>\n<li data-start=\"896\" data-end=\"989\">\n<p data-start=\"898\" data-end=\"989\">Keine Gefahr unerw\u00fcnschter Sporenbildung \u2013 die K\u00f6rner wurden im perfekten Moment geerntet<\/p>\n<\/li>\n<li data-start=\"990\" data-end=\"1152\">\n<p data-start=\"992\" data-end=\"1152\">Keine Wartezeit: die Koji-Zucht dauert mindestens zwei Tage, diese getrockneten, gesch\u00e4lten Gersten-Koji-K\u00f6rner sind in weniger als einer Stunde einsatzbereit<\/p>\n<\/li>\n<li data-start=\"1153\" data-end=\"1243\">\n<p data-start=\"1155\" data-end=\"1243\">Keine komplizierten Ger\u00e4te zur Steuerung von Temperatur und Luftfeuchtigkeit notwendig<\/p>\n<\/li>\n<li data-start=\"1244\" data-end=\"1384\">\n<p data-start=\"1246\" data-end=\"1384\">Lass deiner Kreativit\u00e4t freien Lauf: Hast du eine spontane Koji-Idee? Du musst nicht tagelang warten, um sie umzusetzen \u2013 leg einfach los!<\/p>\n<\/li>\n<\/ul>\n<p data-start=\"1386\" data-end=\"1453\">Die K\u00f6rner nehmen etwa 100\u2013110\u202f% ihres Eigengewichts an Wasser auf.<\/p>\n<h3>Inhalt<\/h3>\n<ul>\n<li>Zutaten: getrocknete und gesch\u00e4lte Gerstenkoji-K\u00f6rner<\/li>\n<li>Sojafrei, laktosefrei, vegan, ohne Konservierungsstoffe<\/li>\n<li>Bio<\/li>\n<li>400 g (ausreichend f\u00fcr mehr als 800 g frischen Koji)<\/li>\n<li>Hergestellt in Italien<\/li>\n<\/ul>\n<h3>Einige Vorschl\u00e4ge f\u00fcr die Verwendung von getrockneten, gesch\u00e4lten Gerstenkoji-K\u00f6rnern<\/h3>\n<ul>\n<li>Miso, Sojasaucen, Garums, Aminosaucen und Aminopasten<\/li>\n<\/ul>\n<h3>Andere Varianten<\/h3>\n<p>Sehen Sie sich auch unseren gebrauchsfertigen <a href=\"https:\/\/startercultures.eu\/de\/product\/fermentation-de\/koji-de\/starterkulturen-de-3\/getrockneter-brauner-koji-reis-gebrauchsfertig\/\" target=\"_blank\" rel=\"noopener\">getrockneten braunen Koji-Reis an.<\/a><\/p>\n<h3>Englischsprachiger Online-Workshop &#8220;Miso selber machen&#8221;<img decoding=\"async\" class=\"lazyload  wp-image-10241 alignright\" src=\"https:\/\/startercultures.eu\/wp-content\/uploads\/2020\/12\/fermentation-450-300x300.png\" data-orig-src=\"https:\/\/startercultures.eu\/wp-content\/uploads\/2020\/12\/fermentation-450-300x300.png\" alt=\"Fermentation workshops\" width=\"135\" height=\"135\" srcset=\"data:image\/svg+xml,%3Csvg%20xmlns%3D%27http%3A%2F%2Fwww.w3.org%2F2000%2Fsvg%27%20width%3D%27135%27%20height%3D%27135%27%20viewBox%3D%270%200%20135%20135%27%3E%3Crect%20width%3D%27135%27%20height%3D%27135%27%20fill-opacity%3D%220%22%2F%3E%3C%2Fsvg%3E\" data-srcset=\"https:\/\/startercultures.eu\/wp-content\/uploads\/2020\/12\/fermentation-450-66x66.png 66w, https:\/\/startercultures.eu\/wp-content\/uploads\/2020\/12\/fermentation-450-70x70.png 70w, https:\/\/startercultures.eu\/wp-content\/uploads\/2020\/12\/fermentation-450-100x100.png 100w, https:\/\/startercultures.eu\/wp-content\/uploads\/2020\/12\/fermentation-450-150x150.png 150w, https:\/\/startercultures.eu\/wp-content\/uploads\/2020\/12\/fermentation-450-200x200.png 200w, https:\/\/startercultures.eu\/wp-content\/uploads\/2020\/12\/fermentation-450-300x300.png 300w, https:\/\/startercultures.eu\/wp-content\/uploads\/2020\/12\/fermentation-450-400x401.png 400w, https:\/\/startercultures.eu\/wp-content\/uploads\/2020\/12\/fermentation-450.png 450w\" data-sizes=\"auto\" data-orig-sizes=\"(max-width: 135px) 100vw, 135px\" \/><\/h3>\n<p>In<a href=\"https:\/\/startercultures.eu\/product\/workshops-2\/online-on-demand-workshop-how-to-make-your-own-miso\/\" target=\"_blank\" rel=\"noopener\"> diesem Online-Meisterkurs<\/a> zeigt Ihnen der niederl\u00e4ndische Foodwriter und Fermentationsexperte Meneer Wateetons, wie Sie Ihr eigenes <a href=\"https:\/\/en.wikipedia.org\/wiki\/Miso\" target=\"_blank\" rel=\"noopener\">Miso<\/a> herstellen k\u00f6nnen. Durch eine besondere Form der Fermentation entsteht aus zwei sehr bescheidenen und eher langweiligen Zutaten eine der sch\u00f6nsten und komplexesten Substanzen der Welt. Herr Wateetons erz\u00e4hlt Ihnen genau, wie die Fermentation funktioniert und was SIe daf\u00fcr brauchen, wie SIe von nun an Miso zu Hause herstellen k\u00f6nnen, wie SIe den Prozess der Miso-Herstellung beschleunigen, wie Sie diese beiden Grundzutaten endlos variieren und was f\u00fcr coole Sachen Sie mit Miso machen k\u00f6nnen. Klicken Sie <a href=\"https:\/\/startercultures.eu\/product\/workshops-2\/online-on-demand-workshop-how-to-make-your-own-miso\/\" target=\"_blank\" rel=\"noopener\">hier <\/a>f\u00fcr weitere Informationen.<\/p>\n","protected":false},"excerpt":{"rendered":"<p>Gerstenkoji verleiht dem Geschmack von Lebensmitteln Tiefe (umami). Eine einfache M\u00f6glichkeit, Koji zu verwenden, sind getrocknete, gesch\u00e4lte Gerstenkoji-K\u00f6rner.<\/p>\n","protected":false},"featured_media":72305,"comment_status":"open","ping_status":"closed","template":"","meta":{"_acf_changed":false,"footnotes":""},"product_brand":[],"product_cat":[681,692,703],"product_tag":[],"class_list":{"0":"post-51811","1":"product","2":"type-product","3":"status-publish","4":"has-post-thumbnail","6":"product_cat-koji-de","7":"product_cat-starterkulturen-de-3","8":"product_cat-zusatzstoffe","9":"product_shipping_class-klein-pakket-de","11":"first","12":"instock","13":"taxable","14":"shipping-taxable","15":"purchasable","16":"product-type-simple"},"acf":[],"yoast_head":"<!-- This site is optimized with the Yoast SEO plugin v26.6 - https:\/\/yoast.com\/wordpress\/plugins\/seo\/ -->\n<title>Getrocknete, gesch\u00e4lte Gerstenkoji-K\u00f6rner - Startercultures.eu<\/title>\n<meta name=\"description\" content=\"Gerstenkoji verleiht dem Geschmack von Lebensmitteln Tiefe (umami). Eine einfache M\u00f6glichkeit, Koji zu verwenden, sind getrocknete, gesch\u00e4lte Gerstenkoji-K\u00f6rner.\" \/>\n<meta name=\"robots\" content=\"index, follow, max-snippet:-1, max-image-preview:large, max-video-preview:-1\" \/>\n<link rel=\"canonical\" href=\"https:\/\/startercultures.eu\/de\/product\/fermentation-de\/koji-de\/getrocknete-geschalte-gerstenkoji-korner\/\" \/>\n<meta property=\"og:locale\" content=\"de_DE\" \/>\n<meta property=\"og:type\" content=\"article\" \/>\n<meta property=\"og:title\" content=\"Getrocknete, gesch\u00e4lte Gerstenkoji-K\u00f6rner - Startercultures.eu\" \/>\n<meta property=\"og:description\" content=\"Gerstenkoji verleiht dem Geschmack von Lebensmitteln Tiefe (umami). Eine einfache M\u00f6glichkeit, Koji zu verwenden, sind getrocknete, gesch\u00e4lte Gerstenkoji-K\u00f6rner.\" \/>\n<meta property=\"og:url\" content=\"https:\/\/startercultures.eu\/de\/product\/fermentation-de\/koji-de\/getrocknete-geschalte-gerstenkoji-korner\/\" \/>\n<meta property=\"og:site_name\" content=\"Startercultures.eu\" \/>\n<meta property=\"article:publisher\" content=\"https:\/\/www.facebook.com\/startercultureseu\" \/>\n<meta property=\"article:modified_time\" content=\"2026-04-08T22:04:18+00:00\" \/>\n<meta property=\"og:image\" content=\"https:\/\/startercultures.eu\/wp-content\/uploads\/2024\/01\/PXL_20250521_092507780.png\" \/>\n\t<meta property=\"og:image:width\" content=\"2000\" \/>\n\t<meta property=\"og:image:height\" content=\"2000\" \/>\n\t<meta property=\"og:image:type\" content=\"image\/png\" \/>\n<meta name=\"twitter:card\" content=\"summary_large_image\" \/>\n<meta name=\"twitter:label1\" content=\"Price\" \/>\n\t<meta name=\"twitter:data1\" content=\"19,99\" \/>\n\t<meta name=\"twitter:label2\" content=\"Availability\" \/>\n\t<meta name=\"twitter:data2\" content=\"Vorr\u00e4tig\" \/>\n<script type=\"application\/ld+json\" class=\"yoast-schema-graph\">{\"@context\":\"https:\/\/schema.org\",\"@graph\":[{\"@type\":\"WebPage\",\"@id\":\"https:\/\/startercultures.eu\/de\/product\/fermentation-de\/koji-de\/getrocknete-geschalte-gerstenkoji-korner\/\",\"url\":\"https:\/\/startercultures.eu\/de\/product\/fermentation-de\/koji-de\/getrocknete-geschalte-gerstenkoji-korner\/\",\"name\":\"Getrocknete, gesch\u00e4lte Gerstenkoji-K\u00f6rner - Startercultures.eu\",\"isPartOf\":{\"@id\":\"https:\/\/startercultures.eu\/de\/#website\"},\"primaryImageOfPage\":{\"@id\":\"https:\/\/startercultures.eu\/de\/product\/fermentation-de\/koji-de\/getrocknete-geschalte-gerstenkoji-korner\/#primaryimage\"},\"image\":{\"@id\":\"https:\/\/startercultures.eu\/de\/product\/fermentation-de\/koji-de\/getrocknete-geschalte-gerstenkoji-korner\/#primaryimage\"},\"thumbnailUrl\":\"https:\/\/startercultures.eu\/wp-content\/uploads\/2024\/01\/PXL_20250521_092507780.png\",\"datePublished\":\"2024-01-22T19:20:48+00:00\",\"dateModified\":\"2026-04-08T22:04:18+00:00\",\"description\":\"Gerstenkoji verleiht dem Geschmack von Lebensmitteln Tiefe (umami). Eine einfache M\u00f6glichkeit, Koji zu verwenden, sind getrocknete, gesch\u00e4lte Gerstenkoji-K\u00f6rner.\",\"breadcrumb\":{\"@id\":\"https:\/\/startercultures.eu\/de\/product\/fermentation-de\/koji-de\/getrocknete-geschalte-gerstenkoji-korner\/#breadcrumb\"},\"inLanguage\":\"de-DE\",\"potentialAction\":[{\"@type\":\"ReadAction\",\"target\":[\"https:\/\/startercultures.eu\/de\/product\/fermentation-de\/koji-de\/getrocknete-geschalte-gerstenkoji-korner\/\"]}]},{\"@type\":\"ImageObject\",\"inLanguage\":\"de-DE\",\"@id\":\"https:\/\/startercultures.eu\/de\/product\/fermentation-de\/koji-de\/getrocknete-geschalte-gerstenkoji-korner\/#primaryimage\",\"url\":\"https:\/\/startercultures.eu\/wp-content\/uploads\/2024\/01\/PXL_20250521_092507780.png\",\"contentUrl\":\"https:\/\/startercultures.eu\/wp-content\/uploads\/2024\/01\/PXL_20250521_092507780.png\",\"width\":2000,\"height\":2000},{\"@type\":\"BreadcrumbList\",\"@id\":\"https:\/\/startercultures.eu\/de\/product\/fermentation-de\/koji-de\/getrocknete-geschalte-gerstenkoji-korner\/#breadcrumb\",\"itemListElement\":[{\"@type\":\"ListItem\",\"position\":1,\"name\":\"Home\",\"item\":\"https:\/\/startercultures.eu\/de\/\"},{\"@type\":\"ListItem\",\"position\":2,\"name\":\"Shop\",\"item\":\"https:\/\/startercultures.eu\/shop\/\"},{\"@type\":\"ListItem\",\"position\":3,\"name\":\"Getrocknete, gesch\u00e4lte Gerstenkoji-K\u00f6rner | gebrauchsfertig\"}]},{\"@type\":\"WebSite\",\"@id\":\"https:\/\/startercultures.eu\/de\/#website\",\"url\":\"https:\/\/startercultures.eu\/de\/\",\"name\":\"Startercultures.eu\",\"description\":\"Startercultures.eu\",\"publisher\":{\"@id\":\"https:\/\/startercultures.eu\/de\/#organization\"},\"potentialAction\":[{\"@type\":\"SearchAction\",\"target\":{\"@type\":\"EntryPoint\",\"urlTemplate\":\"https:\/\/startercultures.eu\/de\/?s={search_term_string}\"},\"query-input\":{\"@type\":\"PropertyValueSpecification\",\"valueRequired\":true,\"valueName\":\"search_term_string\"}}],\"inLanguage\":\"de-DE\"},{\"@type\":\"Organization\",\"@id\":\"https:\/\/startercultures.eu\/de\/#organization\",\"name\":\"Startercultures.eu\",\"url\":\"https:\/\/startercultures.eu\/de\/\",\"logo\":{\"@type\":\"ImageObject\",\"inLanguage\":\"de-DE\",\"@id\":\"https:\/\/startercultures.eu\/de\/#\/schema\/logo\/image\/\",\"url\":\"https:\/\/startercultures.eu\/wp-content\/uploads\/2020\/08\/startercultures-eu-nl-logo-rond-rgb.png\",\"contentUrl\":\"https:\/\/startercultures.eu\/wp-content\/uploads\/2020\/08\/startercultures-eu-nl-logo-rond-rgb.png\",\"width\":320,\"height\":320,\"caption\":\"Startercultures.eu\"},\"image\":{\"@id\":\"https:\/\/startercultures.eu\/de\/#\/schema\/logo\/image\/\"},\"sameAs\":[\"https:\/\/www.facebook.com\/startercultureseu\",\"https:\/\/www.instagram.com\/startercultures.eu\/\"],\"hasMerchantReturnPolicy\":{\"@type\":\"MerchantReturnPolicy\",\"merchantReturnLink\":\"https:\/\/startercultures.eu\/return-policy\/\"}}]}<\/script>\n<meta property=\"product:price:amount\" content=\"19.99\" \/>\n<meta property=\"product:price:currency\" content=\"EUR\" \/>\n<meta property=\"og:availability\" content=\"instock\" \/>\n<meta property=\"product:availability\" content=\"instock\" \/>\n<meta property=\"product:retailer_item_id\" content=\"321\" \/>\n<meta property=\"product:condition\" content=\"new\" \/>\n<!-- \/ Yoast SEO plugin. -->","yoast_head_json":{"title":"Getrocknete, gesch\u00e4lte Gerstenkoji-K\u00f6rner - Startercultures.eu","description":"Gerstenkoji verleiht dem Geschmack von Lebensmitteln Tiefe (umami). Eine einfache M\u00f6glichkeit, Koji zu verwenden, sind getrocknete, gesch\u00e4lte Gerstenkoji-K\u00f6rner.","robots":{"index":"index","follow":"follow","max-snippet":"max-snippet:-1","max-image-preview":"max-image-preview:large","max-video-preview":"max-video-preview:-1"},"canonical":"https:\/\/startercultures.eu\/de\/product\/fermentation-de\/koji-de\/getrocknete-geschalte-gerstenkoji-korner\/","og_locale":"de_DE","og_type":"article","og_title":"Getrocknete, gesch\u00e4lte Gerstenkoji-K\u00f6rner - Startercultures.eu","og_description":"Gerstenkoji verleiht dem Geschmack von Lebensmitteln Tiefe (umami). Eine einfache M\u00f6glichkeit, Koji zu verwenden, sind getrocknete, gesch\u00e4lte Gerstenkoji-K\u00f6rner.","og_url":"https:\/\/startercultures.eu\/de\/product\/fermentation-de\/koji-de\/getrocknete-geschalte-gerstenkoji-korner\/","og_site_name":"Startercultures.eu","article_publisher":"https:\/\/www.facebook.com\/startercultureseu","article_modified_time":"2026-04-08T22:04:18+00:00","og_image":[{"width":2000,"height":2000,"url":"https:\/\/startercultures.eu\/wp-content\/uploads\/2024\/01\/PXL_20250521_092507780.png","type":"image\/png"}],"twitter_card":"summary_large_image","twitter_misc":{"Price":"19,99","Availability":"Vorr\u00e4tig"},"schema":{"@context":"https:\/\/schema.org","@graph":[{"@type":"WebPage","@id":"https:\/\/startercultures.eu\/de\/product\/fermentation-de\/koji-de\/getrocknete-geschalte-gerstenkoji-korner\/","url":"https:\/\/startercultures.eu\/de\/product\/fermentation-de\/koji-de\/getrocknete-geschalte-gerstenkoji-korner\/","name":"Getrocknete, gesch\u00e4lte Gerstenkoji-K\u00f6rner - Startercultures.eu","isPartOf":{"@id":"https:\/\/startercultures.eu\/de\/#website"},"primaryImageOfPage":{"@id":"https:\/\/startercultures.eu\/de\/product\/fermentation-de\/koji-de\/getrocknete-geschalte-gerstenkoji-korner\/#primaryimage"},"image":{"@id":"https:\/\/startercultures.eu\/de\/product\/fermentation-de\/koji-de\/getrocknete-geschalte-gerstenkoji-korner\/#primaryimage"},"thumbnailUrl":"https:\/\/startercultures.eu\/wp-content\/uploads\/2024\/01\/PXL_20250521_092507780.png","datePublished":"2024-01-22T19:20:48+00:00","dateModified":"2026-04-08T22:04:18+00:00","description":"Gerstenkoji verleiht dem Geschmack von Lebensmitteln Tiefe (umami). Eine einfache M\u00f6glichkeit, Koji zu verwenden, sind getrocknete, gesch\u00e4lte Gerstenkoji-K\u00f6rner.","breadcrumb":{"@id":"https:\/\/startercultures.eu\/de\/product\/fermentation-de\/koji-de\/getrocknete-geschalte-gerstenkoji-korner\/#breadcrumb"},"inLanguage":"de-DE","potentialAction":[{"@type":"ReadAction","target":["https:\/\/startercultures.eu\/de\/product\/fermentation-de\/koji-de\/getrocknete-geschalte-gerstenkoji-korner\/"]}]},{"@type":"ImageObject","inLanguage":"de-DE","@id":"https:\/\/startercultures.eu\/de\/product\/fermentation-de\/koji-de\/getrocknete-geschalte-gerstenkoji-korner\/#primaryimage","url":"https:\/\/startercultures.eu\/wp-content\/uploads\/2024\/01\/PXL_20250521_092507780.png","contentUrl":"https:\/\/startercultures.eu\/wp-content\/uploads\/2024\/01\/PXL_20250521_092507780.png","width":2000,"height":2000},{"@type":"BreadcrumbList","@id":"https:\/\/startercultures.eu\/de\/product\/fermentation-de\/koji-de\/getrocknete-geschalte-gerstenkoji-korner\/#breadcrumb","itemListElement":[{"@type":"ListItem","position":1,"name":"Home","item":"https:\/\/startercultures.eu\/de\/"},{"@type":"ListItem","position":2,"name":"Shop","item":"https:\/\/startercultures.eu\/shop\/"},{"@type":"ListItem","position":3,"name":"Getrocknete, gesch\u00e4lte Gerstenkoji-K\u00f6rner | gebrauchsfertig"}]},{"@type":"WebSite","@id":"https:\/\/startercultures.eu\/de\/#website","url":"https:\/\/startercultures.eu\/de\/","name":"Startercultures.eu","description":"Startercultures.eu","publisher":{"@id":"https:\/\/startercultures.eu\/de\/#organization"},"potentialAction":[{"@type":"SearchAction","target":{"@type":"EntryPoint","urlTemplate":"https:\/\/startercultures.eu\/de\/?s={search_term_string}"},"query-input":{"@type":"PropertyValueSpecification","valueRequired":true,"valueName":"search_term_string"}}],"inLanguage":"de-DE"},{"@type":"Organization","@id":"https:\/\/startercultures.eu\/de\/#organization","name":"Startercultures.eu","url":"https:\/\/startercultures.eu\/de\/","logo":{"@type":"ImageObject","inLanguage":"de-DE","@id":"https:\/\/startercultures.eu\/de\/#\/schema\/logo\/image\/","url":"https:\/\/startercultures.eu\/wp-content\/uploads\/2020\/08\/startercultures-eu-nl-logo-rond-rgb.png","contentUrl":"https:\/\/startercultures.eu\/wp-content\/uploads\/2020\/08\/startercultures-eu-nl-logo-rond-rgb.png","width":320,"height":320,"caption":"Startercultures.eu"},"image":{"@id":"https:\/\/startercultures.eu\/de\/#\/schema\/logo\/image\/"},"sameAs":["https:\/\/www.facebook.com\/startercultureseu","https:\/\/www.instagram.com\/startercultures.eu\/"],"hasMerchantReturnPolicy":{"@type":"MerchantReturnPolicy","merchantReturnLink":"https:\/\/startercultures.eu\/return-policy\/"}}]},"product_price_amount":"19.99","product_price_currency":"EUR","og_availability":"instock","product_availability":"instock","product_retailer_item_id":"321","product_condition":"new"},"_links":{"self":[{"href":"https:\/\/startercultures.eu\/de\/wp-json\/wp\/v2\/product\/51811","targetHints":{"allow":["GET"]}}],"collection":[{"href":"https:\/\/startercultures.eu\/de\/wp-json\/wp\/v2\/product"}],"about":[{"href":"https:\/\/startercultures.eu\/de\/wp-json\/wp\/v2\/types\/product"}],"replies":[{"embeddable":true,"href":"https:\/\/startercultures.eu\/de\/wp-json\/wp\/v2\/comments?post=51811"}],"version-history":[{"count":5,"href":"https:\/\/startercultures.eu\/de\/wp-json\/wp\/v2\/product\/51811\/revisions"}],"predecessor-version":[{"id":74766,"href":"https:\/\/startercultures.eu\/de\/wp-json\/wp\/v2\/product\/51811\/revisions\/74766"}],"wp:featuredmedia":[{"embeddable":true,"href":"https:\/\/startercultures.eu\/de\/wp-json\/wp\/v2\/media\/72305"}],"wp:attachment":[{"href":"https:\/\/startercultures.eu\/de\/wp-json\/wp\/v2\/media?parent=51811"}],"wp:term":[{"taxonomy":"product_brand","embeddable":true,"href":"https:\/\/startercultures.eu\/de\/wp-json\/wp\/v2\/product_brand?post=51811"},{"taxonomy":"product_cat","embeddable":true,"href":"https:\/\/startercultures.eu\/de\/wp-json\/wp\/v2\/product_cat?post=51811"},{"taxonomy":"product_tag","embeddable":true,"href":"https:\/\/startercultures.eu\/de\/wp-json\/wp\/v2\/product_tag?post=51811"}],"curies":[{"name":"wp","href":"https:\/\/api.w.org\/{rel}","templated":true}]}}