{"id":51825,"date":"2024-01-22T22:06:58","date_gmt":"2024-01-22T21:06:58","guid":{"rendered":"https:\/\/startercultures.eu\/?post_type=product&#038;p=51825"},"modified":"2024-08-12T17:22:58","modified_gmt":"2024-08-12T15:22:58","slug":"bierbrauset-fur-blondes-bier","status":"publish","type":"product","link":"https:\/\/startercultures.eu\/de\/product\/fermentation-de\/alkohol\/bierbrauset-fur-blondes-bier\/","title":{"rendered":"Komplettes Bierbrauset f\u00fcr blondes Bier | das perfekte Geschenk f\u00fcr Bierliebhaber"},"content":{"rendered":"<p>Das komplette Bierbrauset f\u00fcr blondes Bier enth\u00e4lt alles, was Sie brauchen, um Ihr eigenes blondes Bier zu Hause herzustellen! Jedes Brauset enth\u00e4lt ein Zutatenpaket mit frisch geschrotetem Malz, Hefe und Hopfen sowie alle ben\u00f6tigten Werkzeuge, damit Sie sofort loslegen k\u00f6nnen. Nat\u00fcrlich ist auch eine umfassende Anleitung in 4 Sprachen enthalten.<\/p>\n<h3>Was ist Blondes Bier und warum ist es das beste Bier f\u00fcr Anf\u00e4nger?<\/h3>\n<p>Blondes Bier ist ein Oberbegriff f\u00fcr mehrere Bierstile, die Anfang des 19. Jahrhunderts in Nordamerika entstanden sind. Jahrhundert in Nordamerika entstanden. Der Name leitet sich von der blonden Farbe ab, die von blassgelb bis tiefgold reicht. Blondes Bier lehnt sich an die jahrhundertealten Traditionen des Pale Ale und des K\u00f6lsch an, ist aber eine leichtere und feinere Variante.<\/p>\n<p>Blondes Bier ist ein oberg\u00e4riges Bier, dessen Alkoholgehalt variieren kann und h\u00e4ufig zwischen 5 und 7 % liegt. Bei oberg\u00e4rigem Bier schwimmt die Hefe auf der W\u00fcrze. Die G\u00e4rung findet bei einer relativ hohen Temperatur von 15 bis 25 C\u00b0 statt, so dass es f\u00fcr Heimbrauer einfach ist, Bier zu brauen, indem sie die G\u00e4rung beispielsweise in der K\u00fcche oder im Keller stattfinden lassen. Der Geschmack eines blonden Bieres ist im Allgemeinen mild. Die verwendeten hellen Malzsorten haben in der Regel keinen sehr ausgepr\u00e4gten Geschmack, so dass Hopfen und Hefe dominieren k\u00f6nnen, ohne jedoch \u00fcberm\u00e4chtig zu sein.<\/p>\n<p>Blondes Bier ist eine zug\u00e4ngliche und beliebte Biersorte, die auf der ganzen Welt gebraut und getrunken wird. Von Belgien bis Brasilien, von Frankreich bis zu den USA ist blondes Bier bei Bierliebhabern sehr beliebt.<\/p>\n<p>F\u00fcr Hobbybrauer, die mit dem Brauen beginnen, ist es die beste Wahl.<\/p>\n<h3>Warum das komplette Bierbrauset f\u00fcr blondes Bier kaufen?<\/h3>\n<p>Das komplette Bierbrauset f\u00fcr blondes Bier enth\u00e4lt alle Zutaten f\u00fcr die Bierherstellung, aber auch Hilfsmittel wie ein Eimermessglas, ein Ar\u00e4ometer, ein Kronkorkenger\u00e4t, einen Beutel mit 30 Kronkorken und ein Thermometer. Mit dem Messglas und dem Ar\u00e4ometer k\u00f6nnen Sie die anf\u00e4ngliche und endg\u00fcltige spezifische Schwerkraft Ihres selbst gebrauten Biers genau messen. So wissen Sie, wann das Bier fertig gegoren ist und k\u00f6nnen den Alkoholgehalt berechnen. Mit dem mitgelieferten Kronkorkenverschlie\u00dfer und dem Satz Kronkorken k\u00f6nnen Sie Ihr eigenes Bier abf\u00fcllen.<\/p>\n<p>Es ist auch authentisch, keine Sirupe oder Vormischungen, mit diesem Set brauen Sie wie in einer Brauerei, aber in Ihrer K\u00fcche.<\/p>\n<p>Es ist komplett und enth\u00e4lt alles, um sofort mit dem Brauen zu beginnen. Packen Sie es einfach ein und \u00fcberreichen Sie das beste Geschenk aller Zeiten an Ihre Oma, Ihren Schwiegersohn, Ihren Lieblings-Sanit\u00e4ter usw.<\/p>\n<h3>Der Inhalt des kompletten Bierbrauset f\u00fcr blondes Bier:<\/h3>\n<ul>\n<li>G\u00e4rk\u00fcbel<\/li>\n<li>Zapfhahn<\/li>\n<li>Luftschleuse<\/li>\n<li>Manuell<\/li>\n<li>Malz<\/li>\n<li>Hopfen<\/li>\n<li>Hefe<\/li>\n<li>Messglas<\/li>\n<li>Ar\u00e4ometer<\/li>\n<li>Kronkorkenzieher<\/li>\n<li>Satz mit 30 Kronkorken<\/li>\n<li>Thermometer<\/li>\n<li>Inklusive Handbuch in 4 Sprachen: Niederl\u00e4ndisch, Englisch, Deutsch und Franz\u00f6sisch<\/li>\n<li>Hergestellt in den Niederlanden<\/li>\n<\/ul>\n<h3>Was Sie selbst ben\u00f6tigen:<\/h3>\n<ul>\n<li>2 T\u00f6pfe mit einem Fassungsverm\u00f6gen von mindestens 7 Litern<\/li>\n<li>Sieb<\/li>\n<li>Kleine Waage<\/li>\n<li>15 leere Bierflaschen<\/li>\n<li>Zucker<\/li>\n<li>Eisw\u00fcrfel und\/oder K\u00fchlelemente<\/li>\n<\/ul>\n<h3>Wiederverwendbar<\/h3>\n<p>Du kannst das Complete Beer Brewing Kit for Blonde Beer endlos wiederverwenden und von nun an dein eigenes Bier f\u00fcr den Rest deines Lebens herstellen. Kaufen Sie einfach ein paar Zutaten und waschen Sie ein paar gebrauchte Bierflaschen ab, und schon k\u00f6nnen Sie ewig Bier brauen. Nicht nur blondes Bier, sondern jede Art von Bier.<\/p>\n<h3>Englischsprachiger Online-Workshop &#8220;Miso selber machen<img decoding=\"async\" class=\"lazyload  wp-image-23963 alignright\" src=\"https:\/\/startercultures.eu\/wp-content\/uploads\/2020\/12\/fermentation-450-300x300.png\" data-orig-src=\"https:\/\/startercultures.eu\/wp-content\/uploads\/2020\/12\/fermentation-450-300x300.png\" alt=\"Fermentation workshops\" width=\"135\" height=\"135\" srcset=\"data:image\/svg+xml,%3Csvg%20xmlns%3D%27http%3A%2F%2Fwww.w3.org%2F2000%2Fsvg%27%20width%3D%27135%27%20height%3D%27135%27%20viewBox%3D%270%200%20135%20135%27%3E%3Crect%20width%3D%27135%27%20height%3D%27135%27%20fill-opacity%3D%220%22%2F%3E%3C%2Fsvg%3E\" data-srcset=\"https:\/\/startercultures.eu\/wp-content\/uploads\/2020\/12\/fermentation-450-66x66.png 66w, https:\/\/startercultures.eu\/wp-content\/uploads\/2020\/12\/fermentation-450-70x70.png 70w, https:\/\/startercultures.eu\/wp-content\/uploads\/2020\/12\/fermentation-450-100x100.png 100w, https:\/\/startercultures.eu\/wp-content\/uploads\/2020\/12\/fermentation-450-150x150.png 150w, https:\/\/startercultures.eu\/wp-content\/uploads\/2020\/12\/fermentation-450-200x200.png 200w, https:\/\/startercultures.eu\/wp-content\/uploads\/2020\/12\/fermentation-450-300x300.png 300w, https:\/\/startercultures.eu\/wp-content\/uploads\/2020\/12\/fermentation-450-400x401.png 400w, https:\/\/startercultures.eu\/wp-content\/uploads\/2020\/12\/fermentation-450.png 450w\" data-sizes=\"auto\" data-orig-sizes=\"(max-width: 135px) 100vw, 135px\" \/><\/h3>\n<p>In<a href=\"https:\/\/startercultures.eu\/product\/workshops-2\/online-on-demand-workshop-how-to-make-your-own-miso\/\" target=\"_blank\" rel=\"noopener\"> diesem Online-Meisterkurs<\/a> zeigt Ihnen der niederl\u00e4ndische Foodwriter und Fermentationsexperte Meneer Wateetons, wie Sie Ihr eigenes <a href=\"https:\/\/en.wikipedia.org\/wiki\/Miso\" target=\"_blank\" rel=\"noopener\">Miso<\/a> herstellen k\u00f6nnen. Durch eine besondere Form der Fermentation entsteht aus zwei sehr bescheidenen und eher langweiligen Zutaten eine der sch\u00f6nsten und komplexesten Substanzen der Welt. Herr Wateetons erz\u00e4hlt Ihnen genau, wie die Fermentation funktioniert und was Sie daf\u00fcr brauchen, wie Sie von nun an Miso zu Hause herstellen, wie Sie den Prozess der Miso-Herstellung beschleunigen, wie Sie diese beiden Grundzutaten endlos variieren und was f\u00fcr coole Sachen Sie mit Miso machen k\u00f6nnen. Klicken Sie <a href=\"https:\/\/startercultures.eu\/product\/workshops-2\/online-on-demand-workshop-how-to-make-your-own-miso\/\" target=\"_blank\" rel=\"noopener\">hier <\/a>f\u00fcr weitere Informationen.<\/p>\n","protected":false},"excerpt":{"rendered":"<p>Mit dem Complete Bierbrauset f\u00fcr blondes Bier k\u00f6nnen Sie Ihr eigenes blondes Bier zu Hause in einem Eimer mit Zapfhahn und Wasserschloss g\u00e4ren lassen.<\/p>\n","protected":false},"featured_media":51904,"comment_status":"open","ping_status":"closed","template":"","meta":{"_acf_changed":false,"footnotes":""},"product_brand":[],"product_cat":[648,693,997],"product_tag":[],"class_list":{"0":"post-51825","1":"product","2":"type-product","3":"status-publish","4":"has-post-thumbnail","6":"product_cat-fermentieren","7":"product_cat-starterkits","8":"product_cat-alkohol","9":"product_shipping_class-klein-pakket-de","10":"pa_ean-8719326380568-de-2","12":"first","13":"outofstock","14":"taxable","15":"shipping-taxable","16":"purchasable","17":"product-type-simple"},"acf":[],"yoast_head":"<!-- This site is optimized with the Yoast SEO plugin v26.6 - https:\/\/yoast.com\/wordpress\/plugins\/seo\/ -->\n<title>Bierbrauset f\u00fcr blondes Bier- Startercultures.eu<\/title>\n<meta name=\"description\" content=\"Mit dem kompleten Bierbrauset f\u00fcr blondes Bier k\u00f6nnen Sie Ihr eigenes blondes Bier zu Hause in einem Eimer mit Zapfhahn und Wasserschloss g\u00e4ren lassen.\" \/>\n<meta name=\"robots\" content=\"index, follow, max-snippet:-1, max-image-preview:large, max-video-preview:-1\" \/>\n<link rel=\"canonical\" href=\"https:\/\/startercultures.eu\/de\/product\/fermentation-de\/alkohol\/bierbrauset-fur-blondes-bier\/\" \/>\n<meta property=\"og:locale\" content=\"de_DE\" \/>\n<meta property=\"og:type\" content=\"article\" \/>\n<meta property=\"og:title\" content=\"Bierbrauset f\u00fcr blondes Bier- Startercultures.eu\" \/>\n<meta property=\"og:description\" content=\"Mit dem kompleten Bierbrauset f\u00fcr blondes Bier k\u00f6nnen Sie Ihr eigenes blondes Bier zu Hause in einem Eimer mit Zapfhahn und Wasserschloss g\u00e4ren lassen.\" \/>\n<meta property=\"og:url\" content=\"https:\/\/startercultures.eu\/de\/product\/fermentation-de\/alkohol\/bierbrauset-fur-blondes-bier\/\" \/>\n<meta property=\"og:site_name\" content=\"Startercultures.eu\" \/>\n<meta property=\"article:publisher\" content=\"https:\/\/www.facebook.com\/startercultureseu\" \/>\n<meta property=\"article:modified_time\" content=\"2024-08-12T15:22:58+00:00\" \/>\n<meta property=\"og:image\" content=\"https:\/\/startercultures.eu\/wp-content\/uploads\/2024\/01\/complet-kit-for-blond-beer-1.png\" \/>\n\t<meta property=\"og:image:width\" content=\"1000\" \/>\n\t<meta property=\"og:image:height\" content=\"1000\" \/>\n\t<meta property=\"og:image:type\" content=\"image\/png\" \/>\n<meta name=\"twitter:card\" content=\"summary_large_image\" \/>\n<meta name=\"twitter:label1\" content=\"Price\" \/>\n\t<meta name=\"twitter:data1\" content=\"79,95\" \/>\n\t<meta name=\"twitter:label2\" content=\"Availability\" \/>\n\t<meta name=\"twitter:data2\" content=\"Nicht auf Lager\" \/>\n<script type=\"application\/ld+json\" class=\"yoast-schema-graph\">{\"@context\":\"https:\/\/schema.org\",\"@graph\":[{\"@type\":\"WebPage\",\"@id\":\"https:\/\/startercultures.eu\/de\/product\/fermentation-de\/alkohol\/bierbrauset-fur-blondes-bier\/\",\"url\":\"https:\/\/startercultures.eu\/de\/product\/fermentation-de\/alkohol\/bierbrauset-fur-blondes-bier\/\",\"name\":\"Bierbrauset f\u00fcr blondes Bier- Startercultures.eu\",\"isPartOf\":{\"@id\":\"https:\/\/startercultures.eu\/de\/#website\"},\"primaryImageOfPage\":{\"@id\":\"https:\/\/startercultures.eu\/de\/product\/fermentation-de\/alkohol\/bierbrauset-fur-blondes-bier\/#primaryimage\"},\"image\":{\"@id\":\"https:\/\/startercultures.eu\/de\/product\/fermentation-de\/alkohol\/bierbrauset-fur-blondes-bier\/#primaryimage\"},\"thumbnailUrl\":\"https:\/\/startercultures.eu\/wp-content\/uploads\/2024\/01\/complet-kit-for-blond-beer-1.png\",\"datePublished\":\"2024-01-22T21:06:58+00:00\",\"dateModified\":\"2024-08-12T15:22:58+00:00\",\"description\":\"Mit dem kompleten Bierbrauset f\u00fcr blondes Bier k\u00f6nnen Sie Ihr eigenes blondes Bier zu Hause in einem Eimer mit Zapfhahn und Wasserschloss g\u00e4ren lassen.\",\"breadcrumb\":{\"@id\":\"https:\/\/startercultures.eu\/de\/product\/fermentation-de\/alkohol\/bierbrauset-fur-blondes-bier\/#breadcrumb\"},\"inLanguage\":\"de-DE\",\"potentialAction\":[{\"@type\":\"ReadAction\",\"target\":[\"https:\/\/startercultures.eu\/de\/product\/fermentation-de\/alkohol\/bierbrauset-fur-blondes-bier\/\"]}]},{\"@type\":\"ImageObject\",\"inLanguage\":\"de-DE\",\"@id\":\"https:\/\/startercultures.eu\/de\/product\/fermentation-de\/alkohol\/bierbrauset-fur-blondes-bier\/#primaryimage\",\"url\":\"https:\/\/startercultures.eu\/wp-content\/uploads\/2024\/01\/complet-kit-for-blond-beer-1.png\",\"contentUrl\":\"https:\/\/startercultures.eu\/wp-content\/uploads\/2024\/01\/complet-kit-for-blond-beer-1.png\",\"width\":1000,\"height\":1000},{\"@type\":\"BreadcrumbList\",\"@id\":\"https:\/\/startercultures.eu\/de\/product\/fermentation-de\/alkohol\/bierbrauset-fur-blondes-bier\/#breadcrumb\",\"itemListElement\":[{\"@type\":\"ListItem\",\"position\":1,\"name\":\"Home\",\"item\":\"https:\/\/startercultures.eu\/de\/\"},{\"@type\":\"ListItem\",\"position\":2,\"name\":\"Shop\",\"item\":\"https:\/\/startercultures.eu\/shop\/\"},{\"@type\":\"ListItem\",\"position\":3,\"name\":\"Komplettes Bierbrauset f\u00fcr blondes Bier | das perfekte Geschenk f\u00fcr Bierliebhaber\"}]},{\"@type\":\"WebSite\",\"@id\":\"https:\/\/startercultures.eu\/de\/#website\",\"url\":\"https:\/\/startercultures.eu\/de\/\",\"name\":\"Startercultures.eu\",\"description\":\"Startercultures.eu\",\"publisher\":{\"@id\":\"https:\/\/startercultures.eu\/de\/#organization\"},\"potentialAction\":[{\"@type\":\"SearchAction\",\"target\":{\"@type\":\"EntryPoint\",\"urlTemplate\":\"https:\/\/startercultures.eu\/de\/?s={search_term_string}\"},\"query-input\":{\"@type\":\"PropertyValueSpecification\",\"valueRequired\":true,\"valueName\":\"search_term_string\"}}],\"inLanguage\":\"de-DE\"},{\"@type\":\"Organization\",\"@id\":\"https:\/\/startercultures.eu\/de\/#organization\",\"name\":\"Startercultures.eu\",\"url\":\"https:\/\/startercultures.eu\/de\/\",\"logo\":{\"@type\":\"ImageObject\",\"inLanguage\":\"de-DE\",\"@id\":\"https:\/\/startercultures.eu\/de\/#\/schema\/logo\/image\/\",\"url\":\"https:\/\/startercultures.eu\/wp-content\/uploads\/2020\/08\/startercultures-eu-nl-logo-rond-rgb.png\",\"contentUrl\":\"https:\/\/startercultures.eu\/wp-content\/uploads\/2020\/08\/startercultures-eu-nl-logo-rond-rgb.png\",\"width\":320,\"height\":320,\"caption\":\"Startercultures.eu\"},\"image\":{\"@id\":\"https:\/\/startercultures.eu\/de\/#\/schema\/logo\/image\/\"},\"sameAs\":[\"https:\/\/www.facebook.com\/startercultureseu\",\"https:\/\/www.instagram.com\/startercultures.eu\/\"],\"hasMerchantReturnPolicy\":{\"@type\":\"MerchantReturnPolicy\",\"merchantReturnLink\":\"https:\/\/startercultures.eu\/return-policy\/\"}}]}<\/script>\n<meta property=\"product:price:amount\" content=\"79.95\" \/>\n<meta property=\"product:price:currency\" content=\"EUR\" \/>\n<meta property=\"og:availability\" content=\"out of stock\" \/>\n<meta property=\"product:availability\" content=\"out of stock\" \/>\n<meta property=\"product:retailer_item_id\" content=\"322\" \/>\n<meta property=\"product:condition\" content=\"new\" \/>\n<!-- \/ Yoast SEO plugin. -->","yoast_head_json":{"title":"Bierbrauset f\u00fcr blondes Bier- Startercultures.eu","description":"Mit dem kompleten Bierbrauset f\u00fcr blondes Bier k\u00f6nnen Sie Ihr eigenes blondes Bier zu Hause in einem Eimer mit Zapfhahn und Wasserschloss g\u00e4ren lassen.","robots":{"index":"index","follow":"follow","max-snippet":"max-snippet:-1","max-image-preview":"max-image-preview:large","max-video-preview":"max-video-preview:-1"},"canonical":"https:\/\/startercultures.eu\/de\/product\/fermentation-de\/alkohol\/bierbrauset-fur-blondes-bier\/","og_locale":"de_DE","og_type":"article","og_title":"Bierbrauset f\u00fcr blondes Bier- Startercultures.eu","og_description":"Mit dem kompleten Bierbrauset f\u00fcr blondes Bier k\u00f6nnen Sie Ihr eigenes blondes Bier zu Hause in einem Eimer mit Zapfhahn und Wasserschloss g\u00e4ren lassen.","og_url":"https:\/\/startercultures.eu\/de\/product\/fermentation-de\/alkohol\/bierbrauset-fur-blondes-bier\/","og_site_name":"Startercultures.eu","article_publisher":"https:\/\/www.facebook.com\/startercultureseu","article_modified_time":"2024-08-12T15:22:58+00:00","og_image":[{"width":1000,"height":1000,"url":"https:\/\/startercultures.eu\/wp-content\/uploads\/2024\/01\/complet-kit-for-blond-beer-1.png","type":"image\/png"}],"twitter_card":"summary_large_image","twitter_misc":{"Price":"79,95","Availability":"Nicht auf Lager"},"schema":{"@context":"https:\/\/schema.org","@graph":[{"@type":"WebPage","@id":"https:\/\/startercultures.eu\/de\/product\/fermentation-de\/alkohol\/bierbrauset-fur-blondes-bier\/","url":"https:\/\/startercultures.eu\/de\/product\/fermentation-de\/alkohol\/bierbrauset-fur-blondes-bier\/","name":"Bierbrauset f\u00fcr blondes Bier- Startercultures.eu","isPartOf":{"@id":"https:\/\/startercultures.eu\/de\/#website"},"primaryImageOfPage":{"@id":"https:\/\/startercultures.eu\/de\/product\/fermentation-de\/alkohol\/bierbrauset-fur-blondes-bier\/#primaryimage"},"image":{"@id":"https:\/\/startercultures.eu\/de\/product\/fermentation-de\/alkohol\/bierbrauset-fur-blondes-bier\/#primaryimage"},"thumbnailUrl":"https:\/\/startercultures.eu\/wp-content\/uploads\/2024\/01\/complet-kit-for-blond-beer-1.png","datePublished":"2024-01-22T21:06:58+00:00","dateModified":"2024-08-12T15:22:58+00:00","description":"Mit dem kompleten Bierbrauset f\u00fcr blondes Bier k\u00f6nnen Sie Ihr eigenes blondes Bier zu Hause in einem Eimer mit Zapfhahn und Wasserschloss g\u00e4ren lassen.","breadcrumb":{"@id":"https:\/\/startercultures.eu\/de\/product\/fermentation-de\/alkohol\/bierbrauset-fur-blondes-bier\/#breadcrumb"},"inLanguage":"de-DE","potentialAction":[{"@type":"ReadAction","target":["https:\/\/startercultures.eu\/de\/product\/fermentation-de\/alkohol\/bierbrauset-fur-blondes-bier\/"]}]},{"@type":"ImageObject","inLanguage":"de-DE","@id":"https:\/\/startercultures.eu\/de\/product\/fermentation-de\/alkohol\/bierbrauset-fur-blondes-bier\/#primaryimage","url":"https:\/\/startercultures.eu\/wp-content\/uploads\/2024\/01\/complet-kit-for-blond-beer-1.png","contentUrl":"https:\/\/startercultures.eu\/wp-content\/uploads\/2024\/01\/complet-kit-for-blond-beer-1.png","width":1000,"height":1000},{"@type":"BreadcrumbList","@id":"https:\/\/startercultures.eu\/de\/product\/fermentation-de\/alkohol\/bierbrauset-fur-blondes-bier\/#breadcrumb","itemListElement":[{"@type":"ListItem","position":1,"name":"Home","item":"https:\/\/startercultures.eu\/de\/"},{"@type":"ListItem","position":2,"name":"Shop","item":"https:\/\/startercultures.eu\/shop\/"},{"@type":"ListItem","position":3,"name":"Komplettes Bierbrauset f\u00fcr blondes Bier | das perfekte Geschenk f\u00fcr Bierliebhaber"}]},{"@type":"WebSite","@id":"https:\/\/startercultures.eu\/de\/#website","url":"https:\/\/startercultures.eu\/de\/","name":"Startercultures.eu","description":"Startercultures.eu","publisher":{"@id":"https:\/\/startercultures.eu\/de\/#organization"},"potentialAction":[{"@type":"SearchAction","target":{"@type":"EntryPoint","urlTemplate":"https:\/\/startercultures.eu\/de\/?s={search_term_string}"},"query-input":{"@type":"PropertyValueSpecification","valueRequired":true,"valueName":"search_term_string"}}],"inLanguage":"de-DE"},{"@type":"Organization","@id":"https:\/\/startercultures.eu\/de\/#organization","name":"Startercultures.eu","url":"https:\/\/startercultures.eu\/de\/","logo":{"@type":"ImageObject","inLanguage":"de-DE","@id":"https:\/\/startercultures.eu\/de\/#\/schema\/logo\/image\/","url":"https:\/\/startercultures.eu\/wp-content\/uploads\/2020\/08\/startercultures-eu-nl-logo-rond-rgb.png","contentUrl":"https:\/\/startercultures.eu\/wp-content\/uploads\/2020\/08\/startercultures-eu-nl-logo-rond-rgb.png","width":320,"height":320,"caption":"Startercultures.eu"},"image":{"@id":"https:\/\/startercultures.eu\/de\/#\/schema\/logo\/image\/"},"sameAs":["https:\/\/www.facebook.com\/startercultureseu","https:\/\/www.instagram.com\/startercultures.eu\/"],"hasMerchantReturnPolicy":{"@type":"MerchantReturnPolicy","merchantReturnLink":"https:\/\/startercultures.eu\/return-policy\/"}}]},"product_price_amount":"79.95","product_price_currency":"EUR","og_availability":"out of stock","product_availability":"out of stock","product_retailer_item_id":"322","product_condition":"new"},"_links":{"self":[{"href":"https:\/\/startercultures.eu\/de\/wp-json\/wp\/v2\/product\/51825","targetHints":{"allow":["GET"]}}],"collection":[{"href":"https:\/\/startercultures.eu\/de\/wp-json\/wp\/v2\/product"}],"about":[{"href":"https:\/\/startercultures.eu\/de\/wp-json\/wp\/v2\/types\/product"}],"replies":[{"embeddable":true,"href":"https:\/\/startercultures.eu\/de\/wp-json\/wp\/v2\/comments?post=51825"}],"version-history":[{"count":0,"href":"https:\/\/startercultures.eu\/de\/wp-json\/wp\/v2\/product\/51825\/revisions"}],"wp:featuredmedia":[{"embeddable":true,"href":"https:\/\/startercultures.eu\/de\/wp-json\/wp\/v2\/media\/51904"}],"wp:attachment":[{"href":"https:\/\/startercultures.eu\/de\/wp-json\/wp\/v2\/media?parent=51825"}],"wp:term":[{"taxonomy":"product_brand","embeddable":true,"href":"https:\/\/startercultures.eu\/de\/wp-json\/wp\/v2\/product_brand?post=51825"},{"taxonomy":"product_cat","embeddable":true,"href":"https:\/\/startercultures.eu\/de\/wp-json\/wp\/v2\/product_cat?post=51825"},{"taxonomy":"product_tag","embeddable":true,"href":"https:\/\/startercultures.eu\/de\/wp-json\/wp\/v2\/product_tag?post=51825"}],"curies":[{"name":"wp","href":"https:\/\/api.w.org\/{rel}","templated":true}]}}