{"id":60578,"date":"2024-06-14T16:11:32","date_gmt":"2024-06-14T14:11:32","guid":{"rendered":"https:\/\/startercultures.eu\/product\/uncategorized\/glass-weights-for-a-safe-fermentation\/"},"modified":"2026-02-03T22:20:35","modified_gmt":"2026-02-03T21:20:35","slug":"glass-weights-for-a-safe-fermentation","status":"publish","type":"product","link":"https:\/\/startercultures.eu\/de\/product\/fermentation-de\/gemuse-de\/werkzeuge\/glass-weights-for-a-safe-fermentation\/","title":{"rendered":"Glasgewichte | 3 | f\u00fcr eine sichere Fermentation"},"content":{"rendered":"<p>Von Zwiebeln bis zu Bohnen, von Kohl bis zu R\u00fcben &#8211; Sie k\u00f6nnen fast jedes Gem\u00fcse fermentieren. Alles, was du zum Fermentieren von Gem\u00fcse brauchst, ist ein wenig Salz. Und diese Glasgewichte, um all die Leckereien sicher in der Salzlake zu halten und sie vor Schimmel zu sch\u00fctzen.<\/p>\n<h3>Wie funktionieren diese Glasgewichte?<\/h3>\n<p>Die Herstellung von gesundem Sauerkraut, Essiggurken oder Kimchi ist eine uralte Zubereitungstechnik, bei der Bakterien nat\u00fcrlich vorkommende Zucker in milde S\u00e4uren umwandeln. Wie verhindern Sie, dass Ihre Produkte verderben? Indem Sie Ihr Sauerkraut oder anderes Gem\u00fcse unter einer Schutzschicht aus Salzlake aufbewahren, sch\u00fctzen Sie es vor Sauerstoff und verhindern, dass sich Schimmel bildet! Diese Glasgewichte sind die ideale, hygienische und dauerhafte L\u00f6sung f\u00fcr diese Aufgabe.<\/p>\n<h3>Warum brauchen Sie diese Glasgewichte?<\/h3>\n<ul>\n<li>Leicht zu reinigen: Dank der glatten, porenfreien Oberfl\u00e4che der Glasgewichte lassen sie sich leicht reinigen und desinfizieren, so dass die Reinheit Ihres Gr\u00fcnzeugs gew\u00e4hrleistet ist.<\/li>\n<li>Einfach zu handhaben: Die Rille an der Oberseite erleichtert das Anheben der Gewichte.<\/li>\n<li>Hervorragend als Geschenk geeignet: Sie sehen gut aus, haben eine sch\u00f6ne Verpackung und sind ein Geschenk, \u00fcber das jeder spricht.<\/li>\n<li>Gleichbleibende Ergebnisse: Wenn Sie Ihr Gem\u00fcse in die Lake eintauchen, erhalten Sie eine gleichm\u00e4\u00dfige G\u00e4rung und verhindern Schimmel und Verderb.<\/li>\n<li>Vielseitig einsetzbar: ideal f\u00fcr die Fermentierung einer Vielzahl von Gem\u00fcsesorten sowie f\u00fcr die Herstellung von Miso.<\/li>\n<li>Kein Mikroplastik: Durch die Verwendung unserer Glasgewichte vermeiden Sie das Risiko von Mikroplastik in Ihrem fermentierten Gem\u00fcse.<\/li>\n<\/ul>\n<h3>Hinweis: nicht f\u00fcr das D82-Glas<\/h3>\n<p>Passt nicht in ein <a href=\"https:\/\/startercultures.eu\/de\/product\/fermentation-de\/gemuse-de\/werkzeuge\/wasserschleuse-und-d82-deckel\/\" target=\"_blank\" rel=\"noopener\">D82-Glas<\/a>, das eine 6,80 cm breite \u00d6ffnung hat. Bitte pr\u00fcfen Sie die Breite des Glases vor der Bestellung.<\/p>\n<h3>Inhalt<\/h3>\n<p>3 Glasgewichte, Durchmesser 6,95 cm, H\u00f6he 2,7 cm, Gewicht je 205 gr.<\/p>\n<h3>Online-Workshop &#8220;Kimchi herstellen (und anderes Gem\u00fcse fermentieren)<img decoding=\"async\" class=\"lazyload  wp-image-23963 alignright\" src=\"https:\/\/startercultures.eu\/wp-content\/uploads\/2020\/12\/fermentation-450-300x300.png\" data-orig-src=\"https:\/\/startercultures.eu\/wp-content\/uploads\/2020\/12\/fermentation-450-300x300.png\" alt=\"Fermentation workshops\" width=\"131\" height=\"131\" srcset=\"data:image\/svg+xml,%3Csvg%20xmlns%3D%27http%3A%2F%2Fwww.w3.org%2F2000%2Fsvg%27%20width%3D%27131%27%20height%3D%27131%27%20viewBox%3D%270%200%20131%20131%27%3E%3Crect%20width%3D%27131%27%20height%3D%27131%27%20fill-opacity%3D%220%22%2F%3E%3C%2Fsvg%3E\" data-srcset=\"https:\/\/startercultures.eu\/wp-content\/uploads\/2020\/12\/fermentation-450-66x66.png 66w, https:\/\/startercultures.eu\/wp-content\/uploads\/2020\/12\/fermentation-450-70x70.png 70w, https:\/\/startercultures.eu\/wp-content\/uploads\/2020\/12\/fermentation-450-100x100.png 100w, https:\/\/startercultures.eu\/wp-content\/uploads\/2020\/12\/fermentation-450-150x150.png 150w, https:\/\/startercultures.eu\/wp-content\/uploads\/2020\/12\/fermentation-450-200x200.png 200w, https:\/\/startercultures.eu\/wp-content\/uploads\/2020\/12\/fermentation-450-300x300.png 300w, https:\/\/startercultures.eu\/wp-content\/uploads\/2020\/12\/fermentation-450-400x401.png 400w, https:\/\/startercultures.eu\/wp-content\/uploads\/2020\/12\/fermentation-450.png 450w\" data-sizes=\"auto\" data-orig-sizes=\"(max-width: 131px) 100vw, 131px\" \/><\/h3>\n<p>In diesem <a href=\"https:\/\/startercultures.eu\/de\/product\/workshops-de-3\/fermentieren-de\/online-workshop-wie-man-kimchi-und-fermentiert-anderes-gemuse-herstellt\/\" target=\"_blank\" rel=\"noopener\">englischsprachigen Workshop<\/a> erfahren Sie alles \u00fcber Kimchi, das beliebte fermentierte Gem\u00fcse. W\u00fcrzig, frisch und unglaublich lecker. Sie werden feststellen, dass dieses Aroma sehr vielseitig ist und dass die Bandbreite der Zubereitungen enorm ist. Es gibt sogar 7-up-Kimchi! In der Zwischenzeit werden Sie auch etwas \u00fcber die G\u00e4rung lernen. Von Foodwriter<a href=\"https:\/\/wateetons.com\/\" target=\"_blank\" rel=\"noopener\">&#8216;Meneer Wateetons&#8217;<\/a>, Autor mehrerer B\u00fccher \u00fcber Fermentation und alternative Lebensmittelzubereitungstechniken, Klicken Sie <a href=\"https:\/\/startercultures.eu\/de\/product\/workshops-de-3\/fermentieren-de\/online-workshop-wie-man-kimchi-und-fermentiert-anderes-gemuse-herstellt\/\" target=\"_blank\" rel=\"noopener\">hier<\/a> f\u00fcr weitere Informationen.<\/p>\n","protected":false},"excerpt":{"rendered":"<p>Mit diesen Glasgewichten k\u00f6nnen Sie Ihr Sauerkraut oder anderes Gem\u00fcse in Salzlake aufbewahren &#8211; die langlebige und schicke Art, Sauerkraut herzustellen.<\/p>\n","protected":false},"featured_media":60424,"comment_status":"open","ping_status":"closed","template":"","meta":{"_acf_changed":false,"footnotes":""},"product_brand":[],"product_cat":[716,644,663,876],"product_tag":[],"class_list":{"0":"post-60578","1":"product","2":"type-product","3":"status-publish","4":"has-post-thumbnail","6":"product_cat-gemuse-de","7":"product_cat-werkzeuge","8":"product_cat-werkzeuge-de-6","9":"product_cat-fermentation-de","10":"product_shipping_class-klein-pakket-de","11":"pa_ean-8720297621826-de-2","13":"first","14":"instock","15":"taxable","16":"shipping-taxable","17":"purchasable","18":"product-type-simple"},"acf":[],"yoast_head":"<!-- This site is optimized with the Yoast SEO plugin v26.6 - https:\/\/yoast.com\/wordpress\/plugins\/seo\/ -->\n<title>Glasgewichte- Startercultures.eu<\/title>\n<meta name=\"description\" content=\"Mit diese Glasgewichte k\u00f6nnen Sie Ihr Sauerkraut oder anderes Gem\u00fcse in Salzlake aufbewahren - die langlebige und schicke Art, Sauerkraut herzustellen.\" \/>\n<meta name=\"robots\" content=\"index, follow, max-snippet:-1, max-image-preview:large, max-video-preview:-1\" \/>\n<link rel=\"canonical\" href=\"https:\/\/startercultures.eu\/de\/product\/fermentation-de\/gemuse-de\/werkzeuge\/glass-weights-for-a-safe-fermentation\/\" \/>\n<meta property=\"og:locale\" content=\"de_DE\" \/>\n<meta property=\"og:type\" content=\"article\" \/>\n<meta property=\"og:title\" content=\"Glasgewichte- Startercultures.eu\" \/>\n<meta property=\"og:description\" content=\"Mit diese Glasgewichte k\u00f6nnen Sie Ihr Sauerkraut oder anderes Gem\u00fcse in Salzlake aufbewahren - die langlebige und schicke Art, Sauerkraut herzustellen.\" \/>\n<meta property=\"og:url\" content=\"https:\/\/startercultures.eu\/de\/product\/fermentation-de\/gemuse-de\/werkzeuge\/glass-weights-for-a-safe-fermentation\/\" \/>\n<meta property=\"og:site_name\" content=\"Startercultures.eu\" \/>\n<meta property=\"article:publisher\" content=\"https:\/\/www.facebook.com\/startercultureseu\" \/>\n<meta property=\"article:modified_time\" content=\"2026-02-03T21:20:35+00:00\" \/>\n<meta property=\"og:image\" content=\"https:\/\/startercultures.eu\/wp-content\/uploads\/2024\/06\/glass-weight.png\" \/>\n\t<meta property=\"og:image:width\" content=\"2000\" \/>\n\t<meta property=\"og:image:height\" content=\"2000\" \/>\n\t<meta property=\"og:image:type\" content=\"image\/png\" \/>\n<meta name=\"twitter:card\" content=\"summary_large_image\" \/>\n<meta name=\"twitter:label1\" content=\"Price\" \/>\n\t<meta name=\"twitter:data1\" content=\"24,99\" \/>\n\t<meta name=\"twitter:label2\" content=\"Availability\" \/>\n\t<meta name=\"twitter:data2\" content=\"Vorr\u00e4tig\" \/>\n<script type=\"application\/ld+json\" class=\"yoast-schema-graph\">{\"@context\":\"https:\/\/schema.org\",\"@graph\":[{\"@type\":\"WebPage\",\"@id\":\"https:\/\/startercultures.eu\/de\/product\/fermentation-de\/gemuse-de\/werkzeuge\/glass-weights-for-a-safe-fermentation\/\",\"url\":\"https:\/\/startercultures.eu\/de\/product\/fermentation-de\/gemuse-de\/werkzeuge\/glass-weights-for-a-safe-fermentation\/\",\"name\":\"Glasgewichte- Startercultures.eu\",\"isPartOf\":{\"@id\":\"https:\/\/startercultures.eu\/de\/#website\"},\"primaryImageOfPage\":{\"@id\":\"https:\/\/startercultures.eu\/de\/product\/fermentation-de\/gemuse-de\/werkzeuge\/glass-weights-for-a-safe-fermentation\/#primaryimage\"},\"image\":{\"@id\":\"https:\/\/startercultures.eu\/de\/product\/fermentation-de\/gemuse-de\/werkzeuge\/glass-weights-for-a-safe-fermentation\/#primaryimage\"},\"thumbnailUrl\":\"https:\/\/startercultures.eu\/wp-content\/uploads\/2024\/06\/glass-weight.png\",\"datePublished\":\"2024-06-14T14:11:32+00:00\",\"dateModified\":\"2026-02-03T21:20:35+00:00\",\"description\":\"Mit diese Glasgewichte k\u00f6nnen Sie Ihr Sauerkraut oder anderes Gem\u00fcse in Salzlake aufbewahren - die langlebige und schicke Art, Sauerkraut herzustellen.\",\"breadcrumb\":{\"@id\":\"https:\/\/startercultures.eu\/de\/product\/fermentation-de\/gemuse-de\/werkzeuge\/glass-weights-for-a-safe-fermentation\/#breadcrumb\"},\"inLanguage\":\"de-DE\",\"potentialAction\":[{\"@type\":\"ReadAction\",\"target\":[\"https:\/\/startercultures.eu\/de\/product\/fermentation-de\/gemuse-de\/werkzeuge\/glass-weights-for-a-safe-fermentation\/\"]}]},{\"@type\":\"ImageObject\",\"inLanguage\":\"de-DE\",\"@id\":\"https:\/\/startercultures.eu\/de\/product\/fermentation-de\/gemuse-de\/werkzeuge\/glass-weights-for-a-safe-fermentation\/#primaryimage\",\"url\":\"https:\/\/startercultures.eu\/wp-content\/uploads\/2024\/06\/glass-weight.png\",\"contentUrl\":\"https:\/\/startercultures.eu\/wp-content\/uploads\/2024\/06\/glass-weight.png\",\"width\":2000,\"height\":2000},{\"@type\":\"BreadcrumbList\",\"@id\":\"https:\/\/startercultures.eu\/de\/product\/fermentation-de\/gemuse-de\/werkzeuge\/glass-weights-for-a-safe-fermentation\/#breadcrumb\",\"itemListElement\":[{\"@type\":\"ListItem\",\"position\":1,\"name\":\"Home\",\"item\":\"https:\/\/startercultures.eu\/de\/\"},{\"@type\":\"ListItem\",\"position\":2,\"name\":\"Shop\",\"item\":\"https:\/\/startercultures.eu\/shop\/\"},{\"@type\":\"ListItem\",\"position\":3,\"name\":\"Glasgewichte | 3 | f\u00fcr eine sichere Fermentation\"}]},{\"@type\":\"WebSite\",\"@id\":\"https:\/\/startercultures.eu\/de\/#website\",\"url\":\"https:\/\/startercultures.eu\/de\/\",\"name\":\"Startercultures.eu\",\"description\":\"Startercultures.eu\",\"publisher\":{\"@id\":\"https:\/\/startercultures.eu\/de\/#organization\"},\"potentialAction\":[{\"@type\":\"SearchAction\",\"target\":{\"@type\":\"EntryPoint\",\"urlTemplate\":\"https:\/\/startercultures.eu\/de\/?s={search_term_string}\"},\"query-input\":{\"@type\":\"PropertyValueSpecification\",\"valueRequired\":true,\"valueName\":\"search_term_string\"}}],\"inLanguage\":\"de-DE\"},{\"@type\":\"Organization\",\"@id\":\"https:\/\/startercultures.eu\/de\/#organization\",\"name\":\"Startercultures.eu\",\"url\":\"https:\/\/startercultures.eu\/de\/\",\"logo\":{\"@type\":\"ImageObject\",\"inLanguage\":\"de-DE\",\"@id\":\"https:\/\/startercultures.eu\/de\/#\/schema\/logo\/image\/\",\"url\":\"https:\/\/startercultures.eu\/wp-content\/uploads\/2020\/08\/startercultures-eu-nl-logo-rond-rgb.png\",\"contentUrl\":\"https:\/\/startercultures.eu\/wp-content\/uploads\/2020\/08\/startercultures-eu-nl-logo-rond-rgb.png\",\"width\":320,\"height\":320,\"caption\":\"Startercultures.eu\"},\"image\":{\"@id\":\"https:\/\/startercultures.eu\/de\/#\/schema\/logo\/image\/\"},\"sameAs\":[\"https:\/\/www.facebook.com\/startercultureseu\",\"https:\/\/www.instagram.com\/startercultures.eu\/\"],\"hasMerchantReturnPolicy\":{\"@type\":\"MerchantReturnPolicy\",\"merchantReturnLink\":\"https:\/\/startercultures.eu\/return-policy\/\"}}]}<\/script>\n<meta property=\"product:price:amount\" content=\"24.99\" \/>\n<meta property=\"product:price:currency\" content=\"EUR\" \/>\n<meta property=\"og:availability\" content=\"instock\" \/>\n<meta property=\"product:availability\" content=\"instock\" \/>\n<meta property=\"product:retailer_item_id\" content=\"326\" \/>\n<meta property=\"product:condition\" content=\"new\" \/>\n<!-- \/ Yoast SEO plugin. -->","yoast_head_json":{"title":"Glasgewichte- Startercultures.eu","description":"Mit diese Glasgewichte k\u00f6nnen Sie Ihr Sauerkraut oder anderes Gem\u00fcse in Salzlake aufbewahren - die langlebige und schicke Art, Sauerkraut herzustellen.","robots":{"index":"index","follow":"follow","max-snippet":"max-snippet:-1","max-image-preview":"max-image-preview:large","max-video-preview":"max-video-preview:-1"},"canonical":"https:\/\/startercultures.eu\/de\/product\/fermentation-de\/gemuse-de\/werkzeuge\/glass-weights-for-a-safe-fermentation\/","og_locale":"de_DE","og_type":"article","og_title":"Glasgewichte- Startercultures.eu","og_description":"Mit diese Glasgewichte k\u00f6nnen Sie Ihr Sauerkraut oder anderes Gem\u00fcse in Salzlake aufbewahren - die langlebige und schicke Art, Sauerkraut herzustellen.","og_url":"https:\/\/startercultures.eu\/de\/product\/fermentation-de\/gemuse-de\/werkzeuge\/glass-weights-for-a-safe-fermentation\/","og_site_name":"Startercultures.eu","article_publisher":"https:\/\/www.facebook.com\/startercultureseu","article_modified_time":"2026-02-03T21:20:35+00:00","og_image":[{"width":2000,"height":2000,"url":"https:\/\/startercultures.eu\/wp-content\/uploads\/2024\/06\/glass-weight.png","type":"image\/png"}],"twitter_card":"summary_large_image","twitter_misc":{"Price":"24,99","Availability":"Vorr\u00e4tig"},"schema":{"@context":"https:\/\/schema.org","@graph":[{"@type":"WebPage","@id":"https:\/\/startercultures.eu\/de\/product\/fermentation-de\/gemuse-de\/werkzeuge\/glass-weights-for-a-safe-fermentation\/","url":"https:\/\/startercultures.eu\/de\/product\/fermentation-de\/gemuse-de\/werkzeuge\/glass-weights-for-a-safe-fermentation\/","name":"Glasgewichte- Startercultures.eu","isPartOf":{"@id":"https:\/\/startercultures.eu\/de\/#website"},"primaryImageOfPage":{"@id":"https:\/\/startercultures.eu\/de\/product\/fermentation-de\/gemuse-de\/werkzeuge\/glass-weights-for-a-safe-fermentation\/#primaryimage"},"image":{"@id":"https:\/\/startercultures.eu\/de\/product\/fermentation-de\/gemuse-de\/werkzeuge\/glass-weights-for-a-safe-fermentation\/#primaryimage"},"thumbnailUrl":"https:\/\/startercultures.eu\/wp-content\/uploads\/2024\/06\/glass-weight.png","datePublished":"2024-06-14T14:11:32+00:00","dateModified":"2026-02-03T21:20:35+00:00","description":"Mit diese Glasgewichte k\u00f6nnen Sie Ihr Sauerkraut oder anderes Gem\u00fcse in Salzlake aufbewahren - die langlebige und schicke Art, Sauerkraut herzustellen.","breadcrumb":{"@id":"https:\/\/startercultures.eu\/de\/product\/fermentation-de\/gemuse-de\/werkzeuge\/glass-weights-for-a-safe-fermentation\/#breadcrumb"},"inLanguage":"de-DE","potentialAction":[{"@type":"ReadAction","target":["https:\/\/startercultures.eu\/de\/product\/fermentation-de\/gemuse-de\/werkzeuge\/glass-weights-for-a-safe-fermentation\/"]}]},{"@type":"ImageObject","inLanguage":"de-DE","@id":"https:\/\/startercultures.eu\/de\/product\/fermentation-de\/gemuse-de\/werkzeuge\/glass-weights-for-a-safe-fermentation\/#primaryimage","url":"https:\/\/startercultures.eu\/wp-content\/uploads\/2024\/06\/glass-weight.png","contentUrl":"https:\/\/startercultures.eu\/wp-content\/uploads\/2024\/06\/glass-weight.png","width":2000,"height":2000},{"@type":"BreadcrumbList","@id":"https:\/\/startercultures.eu\/de\/product\/fermentation-de\/gemuse-de\/werkzeuge\/glass-weights-for-a-safe-fermentation\/#breadcrumb","itemListElement":[{"@type":"ListItem","position":1,"name":"Home","item":"https:\/\/startercultures.eu\/de\/"},{"@type":"ListItem","position":2,"name":"Shop","item":"https:\/\/startercultures.eu\/shop\/"},{"@type":"ListItem","position":3,"name":"Glasgewichte | 3 | f\u00fcr eine sichere Fermentation"}]},{"@type":"WebSite","@id":"https:\/\/startercultures.eu\/de\/#website","url":"https:\/\/startercultures.eu\/de\/","name":"Startercultures.eu","description":"Startercultures.eu","publisher":{"@id":"https:\/\/startercultures.eu\/de\/#organization"},"potentialAction":[{"@type":"SearchAction","target":{"@type":"EntryPoint","urlTemplate":"https:\/\/startercultures.eu\/de\/?s={search_term_string}"},"query-input":{"@type":"PropertyValueSpecification","valueRequired":true,"valueName":"search_term_string"}}],"inLanguage":"de-DE"},{"@type":"Organization","@id":"https:\/\/startercultures.eu\/de\/#organization","name":"Startercultures.eu","url":"https:\/\/startercultures.eu\/de\/","logo":{"@type":"ImageObject","inLanguage":"de-DE","@id":"https:\/\/startercultures.eu\/de\/#\/schema\/logo\/image\/","url":"https:\/\/startercultures.eu\/wp-content\/uploads\/2020\/08\/startercultures-eu-nl-logo-rond-rgb.png","contentUrl":"https:\/\/startercultures.eu\/wp-content\/uploads\/2020\/08\/startercultures-eu-nl-logo-rond-rgb.png","width":320,"height":320,"caption":"Startercultures.eu"},"image":{"@id":"https:\/\/startercultures.eu\/de\/#\/schema\/logo\/image\/"},"sameAs":["https:\/\/www.facebook.com\/startercultureseu","https:\/\/www.instagram.com\/startercultures.eu\/"],"hasMerchantReturnPolicy":{"@type":"MerchantReturnPolicy","merchantReturnLink":"https:\/\/startercultures.eu\/return-policy\/"}}]},"product_price_amount":"24.99","product_price_currency":"EUR","og_availability":"instock","product_availability":"instock","product_retailer_item_id":"326","product_condition":"new"},"_links":{"self":[{"href":"https:\/\/startercultures.eu\/de\/wp-json\/wp\/v2\/product\/60578","targetHints":{"allow":["GET"]}}],"collection":[{"href":"https:\/\/startercultures.eu\/de\/wp-json\/wp\/v2\/product"}],"about":[{"href":"https:\/\/startercultures.eu\/de\/wp-json\/wp\/v2\/types\/product"}],"replies":[{"embeddable":true,"href":"https:\/\/startercultures.eu\/de\/wp-json\/wp\/v2\/comments?post=60578"}],"version-history":[{"count":4,"href":"https:\/\/startercultures.eu\/de\/wp-json\/wp\/v2\/product\/60578\/revisions"}],"predecessor-version":[{"id":80151,"href":"https:\/\/startercultures.eu\/de\/wp-json\/wp\/v2\/product\/60578\/revisions\/80151"}],"wp:featuredmedia":[{"embeddable":true,"href":"https:\/\/startercultures.eu\/de\/wp-json\/wp\/v2\/media\/60424"}],"wp:attachment":[{"href":"https:\/\/startercultures.eu\/de\/wp-json\/wp\/v2\/media?parent=60578"}],"wp:term":[{"taxonomy":"product_brand","embeddable":true,"href":"https:\/\/startercultures.eu\/de\/wp-json\/wp\/v2\/product_brand?post=60578"},{"taxonomy":"product_cat","embeddable":true,"href":"https:\/\/startercultures.eu\/de\/wp-json\/wp\/v2\/product_cat?post=60578"},{"taxonomy":"product_tag","embeddable":true,"href":"https:\/\/startercultures.eu\/de\/wp-json\/wp\/v2\/product_tag?post=60578"}],"curies":[{"name":"wp","href":"https:\/\/api.w.org\/{rel}","templated":true}]}}