{"id":61012,"date":"2024-07-02T20:23:27","date_gmt":"2024-07-02T18:23:27","guid":{"rendered":"https:\/\/startercultures.eu\/?post_type=product&#038;p=61012"},"modified":"2025-09-02T21:02:36","modified_gmt":"2025-09-02T19:02:36","slug":"alles-in-einem-starter-set-zur-herstellung-von-veganem-blauschimmelkase","status":"publish","type":"product","link":"https:\/\/startercultures.eu\/de\/product\/fermentation-de\/molkerei\/veganer-kase\/starterkits-de-5\/alles-in-einem-starter-set-zur-herstellung-von-veganem-blauschimmelkase\/","title":{"rendered":"Alles in einem veganem Blauschimmelk\u00e4sekit"},"content":{"rendered":"<p>Machen Sie Ihren eigenen veganen Camembert und\/oder veganen Blauschimmelk\u00e4se mit unserem &#8220;All-in-One Make Your Own Vegan Camembert\/Blauschimmelk\u00e4se&#8221;-Starterkit. Genug, um viele Kilogramm echten veganen Camembert\/Brie und\/oder veganen Blauschimmelk\u00e4se herzustellen.<\/p>\n<p>Einfach Cashews hinzuf\u00fcgen.<\/p>\n<h3>Dieses veganem Blauschimmelk\u00e4sekit enth\u00e4lt:<\/h3>\n<ul>\n<li>Veganer <em>Penicillium roqueforti<\/em> (Blauschimmel). &#8211; Blauschimmelk\u00e4se<\/li>\n<li>Vegane Starterkultur<\/li>\n<li>Tranglutaminase (f\u00fcr optimale pflanzliche Eiwei\u00dfbindung)<\/li>\n<li>3 kleine K\u00e4seformen f\u00fcr 250-g-K\u00e4se<\/li>\n<li>1 Abtropfmatte<\/li>\n<li>5 K\u00e4set\u00fccher<\/li>\n<\/ul>\n<p>Optionale Zus\u00e4tze:<\/p>\n<ul>\n<li>Veganer <a href=\"https:\/\/startercultures.eu\/nl\/product\/fermentation-nl\/zuivel-ook-vegan-nl\/vegan-kaas-nl\/geotrichum-candidum-grijze-schimmel-ook-voor-vegan-nl\/\" target=\"_blank\" rel=\"noopener\"><em>Geotrichum candidum<\/em> <\/a>(ein weiterer wei\u00dfer Schimmelpilz, der h\u00e4ufig in echtem Camembert und Blauschimmelk\u00e4se aus der Normandie verwendet wird)<\/li>\n<li>Veganer <a href=\"https:\/\/startercultures.eu\/nl\/product\/fermentation-nl\/zuivel-ook-vegan-nl\/vegan-kaas-nl\/leuconostoc-mesenteroides-nl\/\" target=\"_blank\" rel=\"noopener\"><em>Leuconostoc<\/em> <\/a>(erh\u00f6ht den k\u00e4sigen Geschmack Ihres K\u00e4ses und hilft bei der Bildung von L\u00f6chern in Schimmelk\u00e4se)<\/li>\n<li><a href=\"https:\/\/startercultures.eu\/product-category\/dairy\/vegan-cheese\/\" target=\"_blank\" rel=\"noopener\">Hier<\/a> finden Sie unser komplettes Sortiment an <a href=\"https:\/\/startercultures.eu\/product-category\/dairy\/vegan-cheese\/\" target=\"{wpml_trans_unit_4_0_10_2_1_-1_1}\" rel=\"{wpml_trans_unit_4_0_10_2_1_-1_2} noopener\">veganen K\u00e4sewerkzeugen und Zutaten.<\/a><\/li>\n<\/ul>\n<h3 class=\"ng-star-inserted\"><span class=\"ng-star-inserted\">Wie man veganen K\u00e4se selber macht<\/span><\/h3>\n<p class=\"ng-star-inserted\"><span class=\"ng-star-inserted\">Erinnern Sie sich an diese traurigen, gummiartigen Bl\u00f6cke, die vor einem Jahrzehnt als veganer K\u00e4se durchgingen? Gott sei Dank liegen diese Zeiten hinter uns. Dank engagierter Pioniere und Fermentations-Enthusiasten k\u00f6nnen wir heute zu Hause vegane K\u00e4sesorten kreieren, die es sowohl geschmacklich als auch von der Textur her tats\u00e4chlich mit ihren milchbasierten Pendants aufnehmen k\u00f6nnen<a href=\"https:\/\/startercultures.eu\/how-to-make-actually-fermented-vegan-cheese-at-home\/\" target=\"_blank\" rel=\"noopener\">. In diesem\u00a0<\/a><\/span><span class=\"ng-star-inserted\">englischsprachigen<\/span><span class=\"ng-star-inserted\">\u00a0Blog zeigen wir Ihnen, wie das geht.<\/span><\/p>\n<h3>Online-Workshop &#8220;Veganen K\u00e4se zu Hause herstellen&#8221; (mit Untertiteln)<\/h3>\n<p>In <a href=\"https:\/\/startercultures.eu\/product\/vegan-main\/vegan-dairy\/online-english-subtitled-vegan-cheese-workshop\/\" target=\"_blank\" rel=\"noopener\">diesem Workshop mit englischen Untertiteln<\/a> lernen Sie die Theorie und Praxis der Herstellung von veganem K\u00e4se<img decoding=\"async\" class=\"lazyload  wp-image-24266 alignright\" src=\"https:\/\/startercultures.eu\/wp-content\/uploads\/2021\/06\/Vegan-cheese-starter-kit-300x222.png\" data-orig-src=\"https:\/\/startercultures.eu\/wp-content\/uploads\/2021\/06\/Vegan-cheese-starter-kit-300x222.png\" alt=\"Veganes Blauschimmelk\u00e4se Starterkultur Kit\" width=\"219\" height=\"162\" srcset=\"data:image\/svg+xml,%3Csvg%20xmlns%3D%27http%3A%2F%2Fwww.w3.org%2F2000%2Fsvg%27%20width%3D%27219%27%20height%3D%27162%27%20viewBox%3D%270%200%20219%20162%27%3E%3Crect%20width%3D%27219%27%20height%3D%27162%27%20fill-opacity%3D%220%22%2F%3E%3C%2Fsvg%3E\" data-srcset=\"https:\/\/startercultures.eu\/wp-content\/uploads\/2021\/06\/Vegan-cheese-starter-kit-200x148.png 200w, https:\/\/startercultures.eu\/wp-content\/uploads\/2021\/06\/Vegan-cheese-starter-kit-300x222.png 300w, https:\/\/startercultures.eu\/wp-content\/uploads\/2021\/06\/Vegan-cheese-starter-kit-400x296.png 400w, https:\/\/startercultures.eu\/wp-content\/uploads\/2021\/06\/Vegan-cheese-starter-kit-500x370.png 500w, https:\/\/startercultures.eu\/wp-content\/uploads\/2021\/06\/Vegan-cheese-starter-kit-600x445.png 600w, https:\/\/startercultures.eu\/wp-content\/uploads\/2021\/06\/Vegan-cheese-starter-kit-700x519.png 700w, https:\/\/startercultures.eu\/wp-content\/uploads\/2021\/06\/Vegan-cheese-starter-kit-768x569.png 768w, https:\/\/startercultures.eu\/wp-content\/uploads\/2021\/06\/Vegan-cheese-starter-kit-800x593.png 800w, https:\/\/startercultures.eu\/wp-content\/uploads\/2021\/06\/Vegan-cheese-starter-kit-1024x759.png 1024w, https:\/\/startercultures.eu\/wp-content\/uploads\/2021\/06\/Vegan-cheese-starter-kit.png 1200w\" data-sizes=\"auto\" data-orig-sizes=\"(max-width: 219px) 100vw, 219px\" \/>s zu Hause, mit dem Schwerpunkt auf veganem Camembert und veganem Blauschimmelk\u00e4se. Foodwriter<a href=\"https:\/\/wateetons.com\/\" target=\"_blank\" rel=\"noopener\">&#8216;Meneer Wateetons&#8217;<\/a>, Autor mehrerer B\u00fccher \u00fcber Fermentierung und alternative Lebensmittelzubereitungstechniken, wird Ihnen alles \u00fcber Fermentierung, P\u00f6kelsalze, Lebensmittelsicherheit, pH-Wert, Starterkulturen, Schimmelpilze und Trocknungsbedingungen beibringen. Klicken Sie <a href=\"https:\/\/startercultures.eu\/product\/vegan-main\/vegan-dairy\/online-english-subtitled-vegan-cheese-workshop\/\" target=\"_blank\" rel=\"noopener\">hier<\/a> f\u00fcr weitere Informationen.<\/p>\n","protected":false},"excerpt":{"rendered":"<p>Machen Sie Ihren eigenen veganen Blauschimmelk\u00e4se mit unserem veganem Blauschimmelk\u00e4sekit. Genug, um viele Kilogramm echten veganen Blauschimmelk\u00e4se herzustellen.<\/p>\n","protected":false},"featured_media":24266,"comment_status":"open","ping_status":"closed","template":"","meta":{"_acf_changed":false,"footnotes":""},"product_brand":[],"product_cat":[648,707],"product_tag":[],"class_list":{"0":"post-61012","1":"product","2":"type-product","3":"status-publish","4":"has-post-thumbnail","6":"product_cat-fermentieren","7":"product_cat-starterkits-de-5","8":"product_shipping_class-klein-pakket-de","10":"first","11":"instock","12":"sale","13":"taxable","14":"shipping-taxable","15":"purchasable","16":"product-type-woosb"},"acf":[],"yoast_head":"<!-- This site is optimized with the Yoast SEO plugin v26.6 - https:\/\/yoast.com\/wordpress\/plugins\/seo\/ -->\n<title>veganem Blauschimmelk\u00e4sekit - Startercultures.eu<\/title>\n<meta name=\"description\" content=\"Machen Sie Ihren Blauschimmelk\u00e4se mit unserem veganem Blauschimmelk\u00e4sekit. Genug, um viele Kilogramm echten veganen Blauschimmelk\u00e4se herzustellen.\u00a0\" \/>\n<meta name=\"robots\" content=\"index, follow, max-snippet:-1, max-image-preview:large, max-video-preview:-1\" \/>\n<link rel=\"canonical\" href=\"https:\/\/startercultures.eu\/de\/product\/fermentation-de\/molkerei\/veganer-kase\/starterkits-de-5\/alles-in-einem-starter-set-zur-herstellung-von-veganem-blauschimmelkase\/\" \/>\n<meta property=\"og:locale\" content=\"de_DE\" \/>\n<meta property=\"og:type\" content=\"article\" \/>\n<meta property=\"og:title\" content=\"veganem Blauschimmelk\u00e4sekit - Startercultures.eu\" \/>\n<meta property=\"og:description\" content=\"Machen Sie Ihren Blauschimmelk\u00e4se mit unserem veganem Blauschimmelk\u00e4sekit. Genug, um viele Kilogramm echten veganen Blauschimmelk\u00e4se herzustellen.\u00a0\" \/>\n<meta property=\"og:url\" content=\"https:\/\/startercultures.eu\/de\/product\/fermentation-de\/molkerei\/veganer-kase\/starterkits-de-5\/alles-in-einem-starter-set-zur-herstellung-von-veganem-blauschimmelkase\/\" \/>\n<meta property=\"og:site_name\" content=\"Startercultures.eu\" \/>\n<meta property=\"article:publisher\" content=\"https:\/\/www.facebook.com\/startercultureseu\" \/>\n<meta property=\"article:modified_time\" content=\"2025-09-02T19:02:36+00:00\" \/>\n<meta property=\"og:image\" content=\"https:\/\/startercultures.eu\/wp-content\/uploads\/2021\/06\/Vegan-cheese-starter-kit.png\" \/>\n\t<meta property=\"og:image:width\" content=\"1200\" \/>\n\t<meta property=\"og:image:height\" content=\"889\" \/>\n\t<meta property=\"og:image:type\" content=\"image\/png\" \/>\n<meta name=\"twitter:card\" content=\"summary_large_image\" \/>\n<meta name=\"twitter:label1\" content=\"Price\" \/>\n\t<meta name=\"twitter:data1\" content=\"102,53\" \/>\n\t<meta name=\"twitter:label2\" content=\"Availability\" \/>\n\t<meta name=\"twitter:data2\" content=\"Vorr\u00e4tig\" \/>\n<script type=\"application\/ld+json\" class=\"yoast-schema-graph\">{\"@context\":\"https:\/\/schema.org\",\"@graph\":[{\"@type\":\"WebPage\",\"@id\":\"https:\/\/startercultures.eu\/de\/product\/fermentation-de\/molkerei\/veganer-kase\/starterkits-de-5\/alles-in-einem-starter-set-zur-herstellung-von-veganem-blauschimmelkase\/\",\"url\":\"https:\/\/startercultures.eu\/de\/product\/fermentation-de\/molkerei\/veganer-kase\/starterkits-de-5\/alles-in-einem-starter-set-zur-herstellung-von-veganem-blauschimmelkase\/\",\"name\":\"veganem Blauschimmelk\u00e4sekit - Startercultures.eu\",\"isPartOf\":{\"@id\":\"https:\/\/startercultures.eu\/de\/#website\"},\"primaryImageOfPage\":{\"@id\":\"https:\/\/startercultures.eu\/de\/product\/fermentation-de\/molkerei\/veganer-kase\/starterkits-de-5\/alles-in-einem-starter-set-zur-herstellung-von-veganem-blauschimmelkase\/#primaryimage\"},\"image\":{\"@id\":\"https:\/\/startercultures.eu\/de\/product\/fermentation-de\/molkerei\/veganer-kase\/starterkits-de-5\/alles-in-einem-starter-set-zur-herstellung-von-veganem-blauschimmelkase\/#primaryimage\"},\"thumbnailUrl\":\"https:\/\/startercultures.eu\/wp-content\/uploads\/2021\/06\/Vegan-cheese-starter-kit.png\",\"datePublished\":\"2024-07-02T18:23:27+00:00\",\"dateModified\":\"2025-09-02T19:02:36+00:00\",\"description\":\"Machen Sie Ihren Blauschimmelk\u00e4se mit unserem veganem Blauschimmelk\u00e4sekit. Genug, um viele Kilogramm echten veganen Blauschimmelk\u00e4se herzustellen.\u00a0\",\"breadcrumb\":{\"@id\":\"https:\/\/startercultures.eu\/de\/product\/fermentation-de\/molkerei\/veganer-kase\/starterkits-de-5\/alles-in-einem-starter-set-zur-herstellung-von-veganem-blauschimmelkase\/#breadcrumb\"},\"inLanguage\":\"de-DE\",\"potentialAction\":[{\"@type\":\"ReadAction\",\"target\":[\"https:\/\/startercultures.eu\/de\/product\/fermentation-de\/molkerei\/veganer-kase\/starterkits-de-5\/alles-in-einem-starter-set-zur-herstellung-von-veganem-blauschimmelkase\/\"]}]},{\"@type\":\"ImageObject\",\"inLanguage\":\"de-DE\",\"@id\":\"https:\/\/startercultures.eu\/de\/product\/fermentation-de\/molkerei\/veganer-kase\/starterkits-de-5\/alles-in-einem-starter-set-zur-herstellung-von-veganem-blauschimmelkase\/#primaryimage\",\"url\":\"https:\/\/startercultures.eu\/wp-content\/uploads\/2021\/06\/Vegan-cheese-starter-kit.png\",\"contentUrl\":\"https:\/\/startercultures.eu\/wp-content\/uploads\/2021\/06\/Vegan-cheese-starter-kit.png\",\"width\":1200,\"height\":889,\"caption\":\"vegan camembert starterspakket\"},{\"@type\":\"BreadcrumbList\",\"@id\":\"https:\/\/startercultures.eu\/de\/product\/fermentation-de\/molkerei\/veganer-kase\/starterkits-de-5\/alles-in-einem-starter-set-zur-herstellung-von-veganem-blauschimmelkase\/#breadcrumb\",\"itemListElement\":[{\"@type\":\"ListItem\",\"position\":1,\"name\":\"Home\",\"item\":\"https:\/\/startercultures.eu\/de\/\"},{\"@type\":\"ListItem\",\"position\":2,\"name\":\"Shop\",\"item\":\"https:\/\/startercultures.eu\/shop\/\"},{\"@type\":\"ListItem\",\"position\":3,\"name\":\"Alles in einem veganem Blauschimmelk\u00e4sekit\"}]},{\"@type\":\"WebSite\",\"@id\":\"https:\/\/startercultures.eu\/de\/#website\",\"url\":\"https:\/\/startercultures.eu\/de\/\",\"name\":\"Startercultures.eu\",\"description\":\"Startercultures.eu\",\"publisher\":{\"@id\":\"https:\/\/startercultures.eu\/de\/#organization\"},\"potentialAction\":[{\"@type\":\"SearchAction\",\"target\":{\"@type\":\"EntryPoint\",\"urlTemplate\":\"https:\/\/startercultures.eu\/de\/?s={search_term_string}\"},\"query-input\":{\"@type\":\"PropertyValueSpecification\",\"valueRequired\":true,\"valueName\":\"search_term_string\"}}],\"inLanguage\":\"de-DE\"},{\"@type\":\"Organization\",\"@id\":\"https:\/\/startercultures.eu\/de\/#organization\",\"name\":\"Startercultures.eu\",\"url\":\"https:\/\/startercultures.eu\/de\/\",\"logo\":{\"@type\":\"ImageObject\",\"inLanguage\":\"de-DE\",\"@id\":\"https:\/\/startercultures.eu\/de\/#\/schema\/logo\/image\/\",\"url\":\"https:\/\/startercultures.eu\/wp-content\/uploads\/2020\/08\/startercultures-eu-nl-logo-rond-rgb.png\",\"contentUrl\":\"https:\/\/startercultures.eu\/wp-content\/uploads\/2020\/08\/startercultures-eu-nl-logo-rond-rgb.png\",\"width\":320,\"height\":320,\"caption\":\"Startercultures.eu\"},\"image\":{\"@id\":\"https:\/\/startercultures.eu\/de\/#\/schema\/logo\/image\/\"},\"sameAs\":[\"https:\/\/www.facebook.com\/startercultureseu\",\"https:\/\/www.instagram.com\/startercultures.eu\/\"],\"hasMerchantReturnPolicy\":{\"@type\":\"MerchantReturnPolicy\",\"merchantReturnLink\":\"https:\/\/startercultures.eu\/return-policy\/\"}}]}<\/script>\n<meta property=\"product:price:amount\" content=\"102.53\" \/>\n<meta property=\"product:price:currency\" content=\"EUR\" \/>\n<meta property=\"og:availability\" content=\"instock\" \/>\n<meta property=\"product:availability\" content=\"instock\" \/>\n<meta property=\"product:retailer_item_id\" content=\"369\" \/>\n<meta property=\"product:condition\" content=\"new\" \/>\n<!-- \/ Yoast SEO plugin. -->","yoast_head_json":{"title":"veganem Blauschimmelk\u00e4sekit - Startercultures.eu","description":"Machen Sie Ihren Blauschimmelk\u00e4se mit unserem veganem Blauschimmelk\u00e4sekit. Genug, um viele Kilogramm echten veganen Blauschimmelk\u00e4se herzustellen.\u00a0","robots":{"index":"index","follow":"follow","max-snippet":"max-snippet:-1","max-image-preview":"max-image-preview:large","max-video-preview":"max-video-preview:-1"},"canonical":"https:\/\/startercultures.eu\/de\/product\/fermentation-de\/molkerei\/veganer-kase\/starterkits-de-5\/alles-in-einem-starter-set-zur-herstellung-von-veganem-blauschimmelkase\/","og_locale":"de_DE","og_type":"article","og_title":"veganem Blauschimmelk\u00e4sekit - Startercultures.eu","og_description":"Machen Sie Ihren Blauschimmelk\u00e4se mit unserem veganem Blauschimmelk\u00e4sekit. Genug, um viele Kilogramm echten veganen Blauschimmelk\u00e4se herzustellen.\u00a0","og_url":"https:\/\/startercultures.eu\/de\/product\/fermentation-de\/molkerei\/veganer-kase\/starterkits-de-5\/alles-in-einem-starter-set-zur-herstellung-von-veganem-blauschimmelkase\/","og_site_name":"Startercultures.eu","article_publisher":"https:\/\/www.facebook.com\/startercultureseu","article_modified_time":"2025-09-02T19:02:36+00:00","og_image":[{"width":1200,"height":889,"url":"https:\/\/startercultures.eu\/wp-content\/uploads\/2021\/06\/Vegan-cheese-starter-kit.png","type":"image\/png"}],"twitter_card":"summary_large_image","twitter_misc":{"Price":"102,53","Availability":"Vorr\u00e4tig"},"schema":{"@context":"https:\/\/schema.org","@graph":[{"@type":"WebPage","@id":"https:\/\/startercultures.eu\/de\/product\/fermentation-de\/molkerei\/veganer-kase\/starterkits-de-5\/alles-in-einem-starter-set-zur-herstellung-von-veganem-blauschimmelkase\/","url":"https:\/\/startercultures.eu\/de\/product\/fermentation-de\/molkerei\/veganer-kase\/starterkits-de-5\/alles-in-einem-starter-set-zur-herstellung-von-veganem-blauschimmelkase\/","name":"veganem Blauschimmelk\u00e4sekit - Startercultures.eu","isPartOf":{"@id":"https:\/\/startercultures.eu\/de\/#website"},"primaryImageOfPage":{"@id":"https:\/\/startercultures.eu\/de\/product\/fermentation-de\/molkerei\/veganer-kase\/starterkits-de-5\/alles-in-einem-starter-set-zur-herstellung-von-veganem-blauschimmelkase\/#primaryimage"},"image":{"@id":"https:\/\/startercultures.eu\/de\/product\/fermentation-de\/molkerei\/veganer-kase\/starterkits-de-5\/alles-in-einem-starter-set-zur-herstellung-von-veganem-blauschimmelkase\/#primaryimage"},"thumbnailUrl":"https:\/\/startercultures.eu\/wp-content\/uploads\/2021\/06\/Vegan-cheese-starter-kit.png","datePublished":"2024-07-02T18:23:27+00:00","dateModified":"2025-09-02T19:02:36+00:00","description":"Machen Sie Ihren Blauschimmelk\u00e4se mit unserem veganem Blauschimmelk\u00e4sekit. Genug, um viele Kilogramm echten veganen Blauschimmelk\u00e4se herzustellen.\u00a0","breadcrumb":{"@id":"https:\/\/startercultures.eu\/de\/product\/fermentation-de\/molkerei\/veganer-kase\/starterkits-de-5\/alles-in-einem-starter-set-zur-herstellung-von-veganem-blauschimmelkase\/#breadcrumb"},"inLanguage":"de-DE","potentialAction":[{"@type":"ReadAction","target":["https:\/\/startercultures.eu\/de\/product\/fermentation-de\/molkerei\/veganer-kase\/starterkits-de-5\/alles-in-einem-starter-set-zur-herstellung-von-veganem-blauschimmelkase\/"]}]},{"@type":"ImageObject","inLanguage":"de-DE","@id":"https:\/\/startercultures.eu\/de\/product\/fermentation-de\/molkerei\/veganer-kase\/starterkits-de-5\/alles-in-einem-starter-set-zur-herstellung-von-veganem-blauschimmelkase\/#primaryimage","url":"https:\/\/startercultures.eu\/wp-content\/uploads\/2021\/06\/Vegan-cheese-starter-kit.png","contentUrl":"https:\/\/startercultures.eu\/wp-content\/uploads\/2021\/06\/Vegan-cheese-starter-kit.png","width":1200,"height":889,"caption":"vegan camembert starterspakket"},{"@type":"BreadcrumbList","@id":"https:\/\/startercultures.eu\/de\/product\/fermentation-de\/molkerei\/veganer-kase\/starterkits-de-5\/alles-in-einem-starter-set-zur-herstellung-von-veganem-blauschimmelkase\/#breadcrumb","itemListElement":[{"@type":"ListItem","position":1,"name":"Home","item":"https:\/\/startercultures.eu\/de\/"},{"@type":"ListItem","position":2,"name":"Shop","item":"https:\/\/startercultures.eu\/shop\/"},{"@type":"ListItem","position":3,"name":"Alles in einem veganem Blauschimmelk\u00e4sekit"}]},{"@type":"WebSite","@id":"https:\/\/startercultures.eu\/de\/#website","url":"https:\/\/startercultures.eu\/de\/","name":"Startercultures.eu","description":"Startercultures.eu","publisher":{"@id":"https:\/\/startercultures.eu\/de\/#organization"},"potentialAction":[{"@type":"SearchAction","target":{"@type":"EntryPoint","urlTemplate":"https:\/\/startercultures.eu\/de\/?s={search_term_string}"},"query-input":{"@type":"PropertyValueSpecification","valueRequired":true,"valueName":"search_term_string"}}],"inLanguage":"de-DE"},{"@type":"Organization","@id":"https:\/\/startercultures.eu\/de\/#organization","name":"Startercultures.eu","url":"https:\/\/startercultures.eu\/de\/","logo":{"@type":"ImageObject","inLanguage":"de-DE","@id":"https:\/\/startercultures.eu\/de\/#\/schema\/logo\/image\/","url":"https:\/\/startercultures.eu\/wp-content\/uploads\/2020\/08\/startercultures-eu-nl-logo-rond-rgb.png","contentUrl":"https:\/\/startercultures.eu\/wp-content\/uploads\/2020\/08\/startercultures-eu-nl-logo-rond-rgb.png","width":320,"height":320,"caption":"Startercultures.eu"},"image":{"@id":"https:\/\/startercultures.eu\/de\/#\/schema\/logo\/image\/"},"sameAs":["https:\/\/www.facebook.com\/startercultureseu","https:\/\/www.instagram.com\/startercultures.eu\/"],"hasMerchantReturnPolicy":{"@type":"MerchantReturnPolicy","merchantReturnLink":"https:\/\/startercultures.eu\/return-policy\/"}}]},"product_price_amount":"102.53","product_price_currency":"EUR","og_availability":"instock","product_availability":"instock","product_retailer_item_id":"369","product_condition":"new"},"_links":{"self":[{"href":"https:\/\/startercultures.eu\/de\/wp-json\/wp\/v2\/product\/61012","targetHints":{"allow":["GET"]}}],"collection":[{"href":"https:\/\/startercultures.eu\/de\/wp-json\/wp\/v2\/product"}],"about":[{"href":"https:\/\/startercultures.eu\/de\/wp-json\/wp\/v2\/types\/product"}],"replies":[{"embeddable":true,"href":"https:\/\/startercultures.eu\/de\/wp-json\/wp\/v2\/comments?post=61012"}],"version-history":[{"count":4,"href":"https:\/\/startercultures.eu\/de\/wp-json\/wp\/v2\/product\/61012\/revisions"}],"predecessor-version":[{"id":72514,"href":"https:\/\/startercultures.eu\/de\/wp-json\/wp\/v2\/product\/61012\/revisions\/72514"}],"wp:featuredmedia":[{"embeddable":true,"href":"https:\/\/startercultures.eu\/de\/wp-json\/wp\/v2\/media\/24266"}],"wp:attachment":[{"href":"https:\/\/startercultures.eu\/de\/wp-json\/wp\/v2\/media?parent=61012"}],"wp:term":[{"taxonomy":"product_brand","embeddable":true,"href":"https:\/\/startercultures.eu\/de\/wp-json\/wp\/v2\/product_brand?post=61012"},{"taxonomy":"product_cat","embeddable":true,"href":"https:\/\/startercultures.eu\/de\/wp-json\/wp\/v2\/product_cat?post=61012"},{"taxonomy":"product_tag","embeddable":true,"href":"https:\/\/startercultures.eu\/de\/wp-json\/wp\/v2\/product_tag?post=61012"}],"curies":[{"name":"wp","href":"https:\/\/api.w.org\/{rel}","templated":true}]}}