{"id":71951,"date":"2025-05-14T20:51:47","date_gmt":"2025-05-14T18:51:47","guid":{"rendered":"https:\/\/startercultures.eu\/?post_type=product&#038;p=71951"},"modified":"2026-04-17T05:00:26","modified_gmt":"2026-04-17T03:00:26","slug":"rayeb-raieb-raib-starter-culture-for-home-made-north-african-yoghurt","status":"publish","type":"product","link":"https:\/\/startercultures.eu\/de\/product\/fermentation-de\/molkerei\/joghurt\/rayeb-raieb-raib-starter-culture-for-home-made-north-african-yoghurt\/","title":{"rendered":"Rayeb, raieb, raib Starterkultur | f\u00fcr hausgemachten nordafrikanischen Joghurt"},"content":{"rendered":"<p>Rayeb (auch raieb, rayeb, raib oder elben raieb genannt) ist ein traditioneller Sauermilchjoghurt aus Nordafrika, der vor allem w\u00e4hrend des Ramadan h\u00e4ufig w\u00e4hrend und nach den Mahlzeiten genossen wird. Im Gegensatz zu Leben hat Rayeb eine dickere, l\u00f6ffelbare Konsistenz &#8211; \u00e4hnlich wie Frischk\u00e4se &#8211; und dennoch einen milden, erfrischenden Geschmack. Servieren Sie ihn pur oder mit Brot, Couscous oder sogar leicht ges\u00fc\u00dft. Stellen Sie ihn zu Hause mit unserer Rayeb-Starterkultur her.<\/p>\n<h3>Was ist Joghurt?<\/h3>\n<p>Joghurt, auch Joghurt, Joghurt oder Joghurt genannt, ist ein Lebensmittelprodukt, das durch bakterielle Fermentation von Milch hergestellt wird. Die Bakterien, die zur Herstellung von Joghurt verwendet werden, nennt man Joghurtkulturen. Bei der Fermentierung des Zuckers in der Milch durch diese Bakterien entsteht Milchs\u00e4ure, die auf das Milcheiwei\u00df einwirkt und dem Joghurt seine Konsistenz und seinen charakteristischen s\u00e4uerlichen Geschmack verleiht. Kuhmilch ist weltweit erh\u00e4ltlich und wird daher am h\u00e4ufigsten zur Herstellung von Joghurt verwendet. Auch Milch von Wasserb\u00fcffeln, Ziegen, Mutterschafen, Stuten, Kamelen, Yaks und Pflanzenmilch wird zur Herstellung von Joghurt verwendet. Die verwendete Milch kann homogenisiert sein oder nicht. Sie kann pasteurisiert oder roh sein. Jede Art von Milch und jeder Typ von Starterkulturen f\u00fchrt zu sehr unterschiedlichen Ergebnissen.<\/p>\n<h3>\u00dcber unsere Rayeb-Starterkultur<\/h3>\n<p>Diese Kultur wurde entwickelt, um die traditionelle Sauermilch nachzubilden, die im Maghreb, insbesondere in Marokko, Algerien und Tunesien, verbreitet ist. Die aktive Kultur &#8211; Streptococcus thermophilus &#8211; erzeugt ein dickeres, mild-s\u00e4uerliches Milchprodukt, das konsistenter ist als Elben und einen weicheren, weniger sauren Geschmack aufweist.<br \/>\nRayeb wird typischerweise als eigenst\u00e4ndiges Gericht genossen oder als schmackhafte Beilage zu Brot, Getreide oder Gem\u00fcse verwendet. Er ist sehr feuchtigkeitsspendend und nahrhaft und eignet sich besonders f\u00fcr hei\u00dfe Klimazonen und Fastenzeiten.<\/p>\n<h3>Andere Namen f\u00fcr Rayeb<\/h3>\n<ul>\n<li>Raieb<\/li>\n<li>Raib<\/li>\n<li>Elben Rayeb<\/li>\n<\/ul>\n<h3>M\u00f6gen Sie Joghurt?<\/h3>\n<p>Sehen Sie sich unsere <a href=\"https:\/\/startercultures.eu\/de\/produkt-kategorie\/molkerei\/joghurt\/starterkulturen-de\/\" target=\"_blank\" rel=\"noopener\">anderen Joghurt-Starterkulture<\/a>n an.<\/p>\n<h3>Die Joghurt-Starterkultur Rayeb ist ein thermophiler Joghurt<\/h3>\n<p>Bitte beachten Sie, dass es sich um einen thermophilen Joghurt handelt, der leicht erhitzt werden muss &#8211; idealerweise auf 40-42 \u00b0C. Es wird ein Joghurtbereiter oder ein Warmwasserbad empfohlen.<\/p>\n<h3>Inhalt Rayeb-Starterkultur<\/h3>\n<ul>\n<li>3 Gramm thermophile Trocken-Starterkultur<\/li>\n<li>Ausreichend f\u00fcr 5 Liter Milch<\/li>\n<li>Dies ist eine leistungsstarke und authentische Kultur &#8211; schwer zu finden au\u00dferhalb Nordafrikas<\/li>\n<li>Hergestellt in Frankreich<\/li>\n<li>Allergene: Milch<\/li>\n<li>Inhalt: Starterkulturen, Maltodextrin<\/li>\n<li>Enth\u00e4lt keine Konservierungsstoffe, k\u00fcnstliche Farb- und Aromastoffe. Frei von Gluten, Soja und GVO.<\/li>\n<\/ul>\n<h3>Mikroorganismen<\/h3>\n<p>Thermophile Kultur, bestehend aus St\u00e4mmen von Streptococcus thermophilus<\/p>\n<h3>Warum ein getrockneter Starter?<\/h3>\n<ul>\n<li>getrocknete Starter haben eine lange Haltbarkeit<\/li>\n<li>einfach zu versenden\/mitzunehmen, auch im Ausland<\/li>\n<li>verschlechtert sich nicht durch den Transport<\/li>\n<li>leichtes Gewicht (Versandkosten)<\/li>\n<\/ul>\n<h3>Lagerungshinweise Rayeb Starterkultur<\/h3>\n<p>Im K\u00fchlschrank oder Gefrierschrank. Die Haltbarkeit betr\u00e4gt 6 Monate im K\u00fchlschrank und bis zu 2 Jahre im Gefrierschrank.<\/p>\n<h3>So stellen Sie Rayeb-Joghurt selbst her<\/h3>\n<ol>\n<li>Verwenden Sie jede Art von Milch: Kuh-, Schafs-, Ziegenmilch, Magermilch, Vollmilch usw.<\/li>\n<li>Erhitzen Sie die Milch etwa 10 Minuten lang auf 90 \u00b0C und lassen Sie sie dann auf 40-42 \u00b0C abk\u00fchlen. Dieser Schritt tr\u00e4gt zur Verbesserung der Textur bei.<\/li>\n<li>Geben Sie den Starter bei 40-42 \u00b0C in die Milch.<\/li>\n<li>R\u00fchren Sie vorsichtig um, bis der aktive Starter vollst\u00e4ndig aufgel\u00f6st ist. Bitte nicht verquirlen, da dadurch Luftblasen in die Milch gelangen und die Inkubation verlangsamt wird.<\/li>\n<li>Verteilen Sie die Milch in Anzuchtbeh\u00e4lter.<\/li>\n<li>Bei 40-42 \u00b0C 6 bis 10 Stunden lang oder bis zum Absetzen g\u00e4ren lassen.<\/li>\n<li>Vor dem Verzehr mindestens 6 Stunden im K\u00fchlschrank abk\u00fchlen lassen.<\/li>\n<li>Sie k\u00f6nnen Rayeb so essen, wie er ist, ihn umr\u00fchren, um ihn geschmeidiger zu machen, oder ihn abtropfen lassen, um eine festere Textur wie bei einem Weichk\u00e4se zu erhalten.<\/li>\n<li>\u062d\u0644\u0648 \u0627\u0644\u0645\u0630\u0627\u0642!<\/li>\n<\/ol>\n<h3>Tipps und Variationen<\/h3>\n<ul>\n<li>In einigen Regionen wird Rayeb leicht ges\u00fc\u00dft mit Honig oder Datteln serviert.<\/li>\n<li>Probieren Sie ihn gek\u00fchlt mit Minze oder Kreuzk\u00fcmmel f\u00fcr eine schmackhafte Sommervariante.<\/li>\n<li>Perfekt zum Fastenbrechen im Ramadan oder mit warmem Brot zum Mittagessen.<\/li>\n<\/ul>\n","protected":false},"excerpt":{"rendered":"<p>Rayeb ist ein traditioneller Joghurt aus Nordafrika, der oft w\u00e4hrend und nach den Mahlzeiten genossen wird, z. B. w\u00e4hrend des Ramadan. Stellen Sie ihn zu Hause mit unserer Rayeb-Starterkultur her.<\/p>\n","protected":false},"featured_media":71987,"comment_status":"open","ping_status":"closed","template":"","meta":{"_acf_changed":false,"footnotes":""},"product_brand":[],"product_cat":[675,677,811],"product_tag":[],"class_list":{"0":"post-71951","1":"product","2":"type-product","3":"status-publish","4":"has-post-thumbnail","6":"product_cat-joghurt","7":"product_cat-starterkulturen-de","8":"product_cat-thermophile","9":"pa_ean-8720297621888-de-2","11":"first","12":"instock","13":"taxable","14":"shipping-taxable","15":"purchasable","16":"product-type-simple"},"acf":[],"yoast_head":"<!-- This site is optimized with the Yoast SEO plugin v26.6 - https:\/\/yoast.com\/wordpress\/plugins\/seo\/ -->\n<title>Rayeb Starterkultur- Startercultures.eu<\/title>\n<meta name=\"description\" content=\"Rayeb ist ein Joghurt aus Nordafrika, der oft w\u00e4hrend und nach den Mahlzeiten genossen wird. Stellen Sie ihn zu Hause mit unserer Rayeb-Starterkultur her.\" \/>\n<meta name=\"robots\" content=\"index, follow, max-snippet:-1, max-image-preview:large, max-video-preview:-1\" \/>\n<link rel=\"canonical\" href=\"https:\/\/startercultures.eu\/de\/product\/fermentation-de\/molkerei\/joghurt\/rayeb-raieb-raib-starter-culture-for-home-made-north-african-yoghurt\/\" \/>\n<meta property=\"og:locale\" content=\"de_DE\" \/>\n<meta property=\"og:type\" content=\"article\" \/>\n<meta property=\"og:title\" content=\"Rayeb Starterkultur- Startercultures.eu\" \/>\n<meta property=\"og:description\" content=\"Rayeb ist ein Joghurt aus Nordafrika, der oft w\u00e4hrend und nach den Mahlzeiten genossen wird. Stellen Sie ihn zu Hause mit unserer Rayeb-Starterkultur her.\" \/>\n<meta property=\"og:url\" content=\"https:\/\/startercultures.eu\/de\/product\/fermentation-de\/molkerei\/joghurt\/rayeb-raieb-raib-starter-culture-for-home-made-north-african-yoghurt\/\" \/>\n<meta property=\"og:site_name\" content=\"Startercultures.eu\" \/>\n<meta property=\"article:publisher\" content=\"https:\/\/www.facebook.com\/startercultureseu\" \/>\n<meta property=\"article:modified_time\" content=\"2026-04-17T03:00:26+00:00\" \/>\n<meta property=\"og:image\" content=\"https:\/\/startercultures.eu\/wp-content\/uploads\/2025\/05\/340_rayeb_culture-scaled.jpg\" \/>\n\t<meta property=\"og:image:width\" content=\"1360\" \/>\n\t<meta property=\"og:image:height\" content=\"1920\" \/>\n\t<meta property=\"og:image:type\" content=\"image\/jpeg\" \/>\n<meta name=\"twitter:card\" content=\"summary_large_image\" \/>\n<meta name=\"twitter:label1\" content=\"Price\" \/>\n\t<meta name=\"twitter:data1\" content=\"11,99\" \/>\n\t<meta name=\"twitter:label2\" content=\"Availability\" \/>\n\t<meta name=\"twitter:data2\" content=\"Vorr\u00e4tig\" \/>\n<script type=\"application\/ld+json\" class=\"yoast-schema-graph\">{\"@context\":\"https:\/\/schema.org\",\"@graph\":[{\"@type\":\"WebPage\",\"@id\":\"https:\/\/startercultures.eu\/de\/product\/fermentation-de\/molkerei\/joghurt\/rayeb-raieb-raib-starter-culture-for-home-made-north-african-yoghurt\/\",\"url\":\"https:\/\/startercultures.eu\/de\/product\/fermentation-de\/molkerei\/joghurt\/rayeb-raieb-raib-starter-culture-for-home-made-north-african-yoghurt\/\",\"name\":\"Rayeb Starterkultur- Startercultures.eu\",\"isPartOf\":{\"@id\":\"https:\/\/startercultures.eu\/de\/#website\"},\"primaryImageOfPage\":{\"@id\":\"https:\/\/startercultures.eu\/de\/product\/fermentation-de\/molkerei\/joghurt\/rayeb-raieb-raib-starter-culture-for-home-made-north-african-yoghurt\/#primaryimage\"},\"image\":{\"@id\":\"https:\/\/startercultures.eu\/de\/product\/fermentation-de\/molkerei\/joghurt\/rayeb-raieb-raib-starter-culture-for-home-made-north-african-yoghurt\/#primaryimage\"},\"thumbnailUrl\":\"https:\/\/startercultures.eu\/wp-content\/uploads\/2025\/05\/382_rayeb_mockup-scaled.jpg\",\"datePublished\":\"2025-05-14T18:51:47+00:00\",\"dateModified\":\"2026-04-17T03:00:26+00:00\",\"description\":\"Rayeb ist ein Joghurt aus Nordafrika, der oft w\u00e4hrend und nach den Mahlzeiten genossen wird. Stellen Sie ihn zu Hause mit unserer Rayeb-Starterkultur her.\",\"breadcrumb\":{\"@id\":\"https:\/\/startercultures.eu\/de\/product\/fermentation-de\/molkerei\/joghurt\/rayeb-raieb-raib-starter-culture-for-home-made-north-african-yoghurt\/#breadcrumb\"},\"inLanguage\":\"de-DE\",\"potentialAction\":[{\"@type\":\"ReadAction\",\"target\":[\"https:\/\/startercultures.eu\/de\/product\/fermentation-de\/molkerei\/joghurt\/rayeb-raieb-raib-starter-culture-for-home-made-north-african-yoghurt\/\"]}]},{\"@type\":\"ImageObject\",\"inLanguage\":\"de-DE\",\"@id\":\"https:\/\/startercultures.eu\/de\/product\/fermentation-de\/molkerei\/joghurt\/rayeb-raieb-raib-starter-culture-for-home-made-north-african-yoghurt\/#primaryimage\",\"url\":\"https:\/\/startercultures.eu\/wp-content\/uploads\/2025\/05\/382_rayeb_mockup-scaled.jpg\",\"contentUrl\":\"https:\/\/startercultures.eu\/wp-content\/uploads\/2025\/05\/382_rayeb_mockup-scaled.jpg\",\"width\":2560,\"height\":2560},{\"@type\":\"BreadcrumbList\",\"@id\":\"https:\/\/startercultures.eu\/de\/product\/fermentation-de\/molkerei\/joghurt\/rayeb-raieb-raib-starter-culture-for-home-made-north-african-yoghurt\/#breadcrumb\",\"itemListElement\":[{\"@type\":\"ListItem\",\"position\":1,\"name\":\"Home\",\"item\":\"https:\/\/startercultures.eu\/de\/\"},{\"@type\":\"ListItem\",\"position\":2,\"name\":\"Shop\",\"item\":\"https:\/\/startercultures.eu\/shop\/\"},{\"@type\":\"ListItem\",\"position\":3,\"name\":\"Rayeb, raieb, raib Starterkultur | f\u00fcr hausgemachten nordafrikanischen Joghurt\"}]},{\"@type\":\"WebSite\",\"@id\":\"https:\/\/startercultures.eu\/de\/#website\",\"url\":\"https:\/\/startercultures.eu\/de\/\",\"name\":\"Startercultures.eu\",\"description\":\"Startercultures.eu\",\"publisher\":{\"@id\":\"https:\/\/startercultures.eu\/de\/#organization\"},\"potentialAction\":[{\"@type\":\"SearchAction\",\"target\":{\"@type\":\"EntryPoint\",\"urlTemplate\":\"https:\/\/startercultures.eu\/de\/?s={search_term_string}\"},\"query-input\":{\"@type\":\"PropertyValueSpecification\",\"valueRequired\":true,\"valueName\":\"search_term_string\"}}],\"inLanguage\":\"de-DE\"},{\"@type\":\"Organization\",\"@id\":\"https:\/\/startercultures.eu\/de\/#organization\",\"name\":\"Startercultures.eu\",\"url\":\"https:\/\/startercultures.eu\/de\/\",\"logo\":{\"@type\":\"ImageObject\",\"inLanguage\":\"de-DE\",\"@id\":\"https:\/\/startercultures.eu\/de\/#\/schema\/logo\/image\/\",\"url\":\"https:\/\/startercultures.eu\/wp-content\/uploads\/2020\/08\/startercultures-eu-nl-logo-rond-rgb.png\",\"contentUrl\":\"https:\/\/startercultures.eu\/wp-content\/uploads\/2020\/08\/startercultures-eu-nl-logo-rond-rgb.png\",\"width\":320,\"height\":320,\"caption\":\"Startercultures.eu\"},\"image\":{\"@id\":\"https:\/\/startercultures.eu\/de\/#\/schema\/logo\/image\/\"},\"sameAs\":[\"https:\/\/www.facebook.com\/startercultureseu\",\"https:\/\/www.instagram.com\/startercultures.eu\/\"]}]}<\/script>\n<meta property=\"product:price:amount\" content=\"11.99\" \/>\n<meta property=\"product:price:currency\" content=\"EUR\" \/>\n<meta property=\"og:availability\" content=\"instock\" \/>\n<meta property=\"product:availability\" content=\"instock\" \/>\n<meta property=\"product:retailer_item_id\" content=\"382\" \/>\n<meta property=\"product:condition\" content=\"new\" \/>\n<!-- \/ Yoast SEO plugin. -->","yoast_head_json":{"title":"Rayeb Starterkultur- Startercultures.eu","description":"Rayeb ist ein Joghurt aus Nordafrika, der oft w\u00e4hrend und nach den Mahlzeiten genossen wird. Stellen Sie ihn zu Hause mit unserer Rayeb-Starterkultur her.","robots":{"index":"index","follow":"follow","max-snippet":"max-snippet:-1","max-image-preview":"max-image-preview:large","max-video-preview":"max-video-preview:-1"},"canonical":"https:\/\/startercultures.eu\/de\/product\/fermentation-de\/molkerei\/joghurt\/rayeb-raieb-raib-starter-culture-for-home-made-north-african-yoghurt\/","og_locale":"de_DE","og_type":"article","og_title":"Rayeb Starterkultur- Startercultures.eu","og_description":"Rayeb ist ein Joghurt aus Nordafrika, der oft w\u00e4hrend und nach den Mahlzeiten genossen wird. Stellen Sie ihn zu Hause mit unserer Rayeb-Starterkultur her.","og_url":"https:\/\/startercultures.eu\/de\/product\/fermentation-de\/molkerei\/joghurt\/rayeb-raieb-raib-starter-culture-for-home-made-north-african-yoghurt\/","og_site_name":"Startercultures.eu","article_publisher":"https:\/\/www.facebook.com\/startercultureseu","article_modified_time":"2026-04-17T03:00:26+00:00","og_image":[{"width":1360,"height":1920,"url":"https:\/\/startercultures.eu\/wp-content\/uploads\/2025\/05\/340_rayeb_culture-scaled.jpg","type":"image\/jpeg"}],"twitter_card":"summary_large_image","twitter_misc":{"Price":"11,99","Availability":"Vorr\u00e4tig"},"schema":{"@context":"https:\/\/schema.org","@graph":[{"@type":"WebPage","@id":"https:\/\/startercultures.eu\/de\/product\/fermentation-de\/molkerei\/joghurt\/rayeb-raieb-raib-starter-culture-for-home-made-north-african-yoghurt\/","url":"https:\/\/startercultures.eu\/de\/product\/fermentation-de\/molkerei\/joghurt\/rayeb-raieb-raib-starter-culture-for-home-made-north-african-yoghurt\/","name":"Rayeb Starterkultur- Startercultures.eu","isPartOf":{"@id":"https:\/\/startercultures.eu\/de\/#website"},"primaryImageOfPage":{"@id":"https:\/\/startercultures.eu\/de\/product\/fermentation-de\/molkerei\/joghurt\/rayeb-raieb-raib-starter-culture-for-home-made-north-african-yoghurt\/#primaryimage"},"image":{"@id":"https:\/\/startercultures.eu\/de\/product\/fermentation-de\/molkerei\/joghurt\/rayeb-raieb-raib-starter-culture-for-home-made-north-african-yoghurt\/#primaryimage"},"thumbnailUrl":"https:\/\/startercultures.eu\/wp-content\/uploads\/2025\/05\/382_rayeb_mockup-scaled.jpg","datePublished":"2025-05-14T18:51:47+00:00","dateModified":"2026-04-17T03:00:26+00:00","description":"Rayeb ist ein Joghurt aus Nordafrika, der oft w\u00e4hrend und nach den Mahlzeiten genossen wird. Stellen Sie ihn zu Hause mit unserer Rayeb-Starterkultur her.","breadcrumb":{"@id":"https:\/\/startercultures.eu\/de\/product\/fermentation-de\/molkerei\/joghurt\/rayeb-raieb-raib-starter-culture-for-home-made-north-african-yoghurt\/#breadcrumb"},"inLanguage":"de-DE","potentialAction":[{"@type":"ReadAction","target":["https:\/\/startercultures.eu\/de\/product\/fermentation-de\/molkerei\/joghurt\/rayeb-raieb-raib-starter-culture-for-home-made-north-african-yoghurt\/"]}]},{"@type":"ImageObject","inLanguage":"de-DE","@id":"https:\/\/startercultures.eu\/de\/product\/fermentation-de\/molkerei\/joghurt\/rayeb-raieb-raib-starter-culture-for-home-made-north-african-yoghurt\/#primaryimage","url":"https:\/\/startercultures.eu\/wp-content\/uploads\/2025\/05\/382_rayeb_mockup-scaled.jpg","contentUrl":"https:\/\/startercultures.eu\/wp-content\/uploads\/2025\/05\/382_rayeb_mockup-scaled.jpg","width":2560,"height":2560},{"@type":"BreadcrumbList","@id":"https:\/\/startercultures.eu\/de\/product\/fermentation-de\/molkerei\/joghurt\/rayeb-raieb-raib-starter-culture-for-home-made-north-african-yoghurt\/#breadcrumb","itemListElement":[{"@type":"ListItem","position":1,"name":"Home","item":"https:\/\/startercultures.eu\/de\/"},{"@type":"ListItem","position":2,"name":"Shop","item":"https:\/\/startercultures.eu\/shop\/"},{"@type":"ListItem","position":3,"name":"Rayeb, raieb, raib Starterkultur | f\u00fcr hausgemachten nordafrikanischen Joghurt"}]},{"@type":"WebSite","@id":"https:\/\/startercultures.eu\/de\/#website","url":"https:\/\/startercultures.eu\/de\/","name":"Startercultures.eu","description":"Startercultures.eu","publisher":{"@id":"https:\/\/startercultures.eu\/de\/#organization"},"potentialAction":[{"@type":"SearchAction","target":{"@type":"EntryPoint","urlTemplate":"https:\/\/startercultures.eu\/de\/?s={search_term_string}"},"query-input":{"@type":"PropertyValueSpecification","valueRequired":true,"valueName":"search_term_string"}}],"inLanguage":"de-DE"},{"@type":"Organization","@id":"https:\/\/startercultures.eu\/de\/#organization","name":"Startercultures.eu","url":"https:\/\/startercultures.eu\/de\/","logo":{"@type":"ImageObject","inLanguage":"de-DE","@id":"https:\/\/startercultures.eu\/de\/#\/schema\/logo\/image\/","url":"https:\/\/startercultures.eu\/wp-content\/uploads\/2020\/08\/startercultures-eu-nl-logo-rond-rgb.png","contentUrl":"https:\/\/startercultures.eu\/wp-content\/uploads\/2020\/08\/startercultures-eu-nl-logo-rond-rgb.png","width":320,"height":320,"caption":"Startercultures.eu"},"image":{"@id":"https:\/\/startercultures.eu\/de\/#\/schema\/logo\/image\/"},"sameAs":["https:\/\/www.facebook.com\/startercultureseu","https:\/\/www.instagram.com\/startercultures.eu\/"]}]},"product_price_amount":"11.99","product_price_currency":"EUR","og_availability":"instock","product_availability":"instock","product_retailer_item_id":"382","product_condition":"new"},"_links":{"self":[{"href":"https:\/\/startercultures.eu\/de\/wp-json\/wp\/v2\/product\/71951","targetHints":{"allow":["GET"]}}],"collection":[{"href":"https:\/\/startercultures.eu\/de\/wp-json\/wp\/v2\/product"}],"about":[{"href":"https:\/\/startercultures.eu\/de\/wp-json\/wp\/v2\/types\/product"}],"replies":[{"embeddable":true,"href":"https:\/\/startercultures.eu\/de\/wp-json\/wp\/v2\/comments?post=71951"}],"version-history":[{"count":6,"href":"https:\/\/startercultures.eu\/de\/wp-json\/wp\/v2\/product\/71951\/revisions"}],"predecessor-version":[{"id":71964,"href":"https:\/\/startercultures.eu\/de\/wp-json\/wp\/v2\/product\/71951\/revisions\/71964"}],"wp:featuredmedia":[{"embeddable":true,"href":"https:\/\/startercultures.eu\/de\/wp-json\/wp\/v2\/media\/71987"}],"wp:attachment":[{"href":"https:\/\/startercultures.eu\/de\/wp-json\/wp\/v2\/media?parent=71951"}],"wp:term":[{"taxonomy":"product_brand","embeddable":true,"href":"https:\/\/startercultures.eu\/de\/wp-json\/wp\/v2\/product_brand?post=71951"},{"taxonomy":"product_cat","embeddable":true,"href":"https:\/\/startercultures.eu\/de\/wp-json\/wp\/v2\/product_cat?post=71951"},{"taxonomy":"product_tag","embeddable":true,"href":"https:\/\/startercultures.eu\/de\/wp-json\/wp\/v2\/product_tag?post=71951"}],"curies":[{"name":"wp","href":"https:\/\/api.w.org\/{rel}","templated":true}]}}