{"id":72256,"date":"2025-05-21T21:28:39","date_gmt":"2025-05-21T19:28:39","guid":{"rendered":"https:\/\/startercultures.eu\/?post_type=product&#038;p=72256"},"modified":"2026-03-26T17:39:38","modified_gmt":"2026-03-26T16:39:38","slug":"dried-emmer-koji-grains-ready-to-use","status":"publish","type":"product","link":"https:\/\/startercultures.eu\/de\/product\/fermentation-de\/koji-de\/dried-emmer-koji-grains-ready-to-use\/","title":{"rendered":"Emmer-Koji-K\u00f6rner | gebrauchsfertiges"},"content":{"rendered":"<p>Koji ist der Schimmelpilz, der alles kann: Miso, Sojasauce, Shoyu, Shio Koji, Amazake, schwarze Bohnensauce, Sake, Doenjang- sie alle verdanken ihre erstaunliche Textur und ihren Geschmack dem Pilz Aspergillus oryzae. Eine einfache M\u00f6glichkeit, Koji zu verwenden, sind getrocknete Emmer-Koji-K\u00f6rner, ein gebrauchsfertiges Produkt. Sie m\u00fcssen keinen eigenen Koji anbauen!<\/p>\n<h3>Diese Koji-Variante: getrocknete Emmer-Weizen-Koji-K\u00f6rner &#8211; gebrauchsfertig<\/h3>\n<p>Wenn Sie bereit sind, \u00fcber die Grundlagen hinauszugehen, ist Emmer Ihr Getreide. Emmerweizen &#8211; ein alter Vorfahre des modernen Weizens &#8211; wird f\u00fcr seinen reichen, nussigen Geschmack und seine komplexe Struktur gesch\u00e4tzt. Emmer ist reich an Ballaststoffen und Proteinen und bietet ein anderes Enzymprofil als Gerste oder Reis, was ihn ideal f\u00fcr K\u00f6che und Fermentationsfreaks macht, die Miso, Aminosaucen oder Shoyu-\u00e4hnliche Fermente mit einem ausgepr\u00e4gteren, vielschichtigen Geschmack herstellen m\u00f6chten.<\/p>\n<p>Von Spitzenrestaurants und experimentierfreudigen K\u00f6chen gleicherma\u00dfen genutzt, wird Emmer-Koji sogar verwendet, um schokoladen\u00e4hnliche Geschmackserlebnisse in Desserts zu schaffen \u2013 ganz ohne Kakao. Eine clevere, lokale und ethische Alternative zu einer Zutat, die oft aus fernen und fragw\u00fcrdigen Quellen stammt.<\/p>\n<h3>Vorteile der Verwendung getrockneter Emmer-Koji-K\u00f6rner<\/h3>\n<p>Dies sind nur einige der wichtigsten Vorteile der Verwendung unserer Emmer-Koji-K\u00f6rner:<\/p>\n<ul>\n<li>Die K\u00f6rner m\u00fcssen nicht selbst ged\u00e4mpft und beimpft werden<\/li>\n<li>Keine Gefahr einer unerw\u00fcnschten \u00dcbersporung (oder: \u00fcberm\u00e4\u00dfigen Sporenbildung), da es genau zum richtigen Zeitpunkt geerntet wird<\/li>\n<li>Keine Wartezeit: Die Herstellung von Koji dauert mindestens zwei Tage. Getrockneter Emmer-Koji kann sofort verwendet werden<\/li>\n<li>Funktioniert sehr schnell<\/li>\n<li>Keine speziellen Werkzeuge erforderlich<\/li>\n<li>Inspiration im Moment einfangen: keine Verz\u00f6gerung bei der Fermentationsvorbereitung<\/li>\n<li>Erwarten Sie, dass die Emmerk\u00f6rner etwa 100 % ihres Gewichts an Wasser aufnehmen<\/li>\n<\/ul>\n<h3>Inhalt<\/h3>\n<ul>\n<li>Zutaten: getrocknete Emmer-Koji-K\u00f6rner<\/li>\n<li>Sojafrei, laktosefrei, vegan, ohne Konservierungsstoffe<\/li>\n<li>Bio<\/li>\n<li>Nettoinhalt: 350 g (ergibt 700 g frischen Koji)<\/li>\n<li>Made in Italy<\/li>\n<li>Lagerung: k\u00fchl oder gek\u00fchlt<\/li>\n<\/ul>\n<h3>Einige Vorschl\u00e4ge f\u00fcr die Verwendung von getrockneten Emmer-Koji-K\u00f6rnern<\/h3>\n<ul>\n<li>einzigartige Miso, Shoyus, Shio Koji, Amazake oder Aminosaucen<\/li>\n<li>fermentierte Marinaden f\u00fcr Gem\u00fcse und Fleisch<\/li>\n<li>fermentierte Basis f\u00fcr herzhafte oder sogar Anwendungen f\u00fcr Desserts<\/li>\n<\/ul>\n<h3>Andere Varianten<\/h3>\n<p>Probieren Sie auch auch unsere gebrauchsfertigen <a href=\"https:\/\/startercultures.eu\/de\/product\/fermentation-de\/koji-de\/getrocknete-geschalte-gerstenkoji-korner\/\" target=\"_blank\" rel=\"noopener\">Getrocknete, gesch\u00e4lte Gerstenkoji-K\u00f6rner<\/a> und <a href=\"https:\/\/startercultures.eu\/de\/product\/fermentation-de\/koji-de\/starterkulturen-de-3\/getrockneter-brauner-koji-reis-gebrauchsfertig\/\" target=\"_blank\" rel=\"noopener\">Getrockneter brauner Koji-Reis<\/a> an.<\/p>\n<p class=\"ng-star-inserted\">\n","protected":false},"excerpt":{"rendered":"<p>Der einfachste Weg, Koji zu verwenden, sind unsere getrockneten Emmer-Koji-K\u00f6rner, ein gebrauchsfertiges Produkt. Sie m\u00fcssen keinen eigenen Koji anbauen!<\/p>\n","protected":false},"featured_media":72251,"comment_status":"open","ping_status":"closed","template":"","meta":{"_acf_changed":false,"footnotes":""},"product_brand":[],"product_cat":[706,681,876],"product_tag":[],"class_list":{"0":"post-72256","1":"product","2":"type-product","3":"status-publish","4":"has-post-thumbnail","6":"product_cat-asiatisch","7":"product_cat-koji-de","8":"product_cat-fermentation-de","9":"product_shipping_class-klein-pakket-de","10":"pa_ean-8720297621918-de-2","12":"first","13":"instock","14":"taxable","15":"shipping-taxable","16":"purchasable","17":"product-type-simple"},"acf":[],"yoast_head":"<!-- This site is optimized with the Yoast SEO plugin v26.6 - https:\/\/yoast.com\/wordpress\/plugins\/seo\/ -->\n<title>Emmer-Koji-K\u00f6rner - Startercultures.eu<\/title>\n<meta name=\"description\" content=\"Der einfachste Weg, Koji zu verwenden, sind unsere getrockneten Emmer-Koji-K\u00f6rner, ein gebrauchsfertiges Produkt. Sie m\u00fcssen keinen eigenen Koji anbauen!\" \/>\n<meta name=\"robots\" content=\"index, follow, max-snippet:-1, max-image-preview:large, max-video-preview:-1\" \/>\n<link rel=\"canonical\" href=\"https:\/\/startercultures.eu\/de\/product\/fermentation-de\/koji-de\/dried-emmer-koji-grains-ready-to-use\/\" \/>\n<meta property=\"og:locale\" content=\"de_DE\" \/>\n<meta property=\"og:type\" content=\"article\" \/>\n<meta property=\"og:title\" content=\"Emmer-Koji-K\u00f6rner - Startercultures.eu\" \/>\n<meta property=\"og:description\" content=\"Der einfachste Weg, Koji zu verwenden, sind unsere getrockneten Emmer-Koji-K\u00f6rner, ein gebrauchsfertiges Produkt. Sie m\u00fcssen keinen eigenen Koji anbauen!\" \/>\n<meta property=\"og:url\" content=\"https:\/\/startercultures.eu\/de\/product\/fermentation-de\/koji-de\/dried-emmer-koji-grains-ready-to-use\/\" \/>\n<meta property=\"og:site_name\" content=\"Startercultures.eu\" \/>\n<meta property=\"article:publisher\" content=\"https:\/\/www.facebook.com\/startercultureseu\" \/>\n<meta property=\"article:modified_time\" content=\"2026-03-26T16:39:38+00:00\" \/>\n<meta property=\"og:image\" content=\"https:\/\/startercultures.eu\/wp-content\/uploads\/2025\/05\/PXL_20250514_164656781.MP_.png\" \/>\n\t<meta property=\"og:image:width\" content=\"2000\" \/>\n\t<meta property=\"og:image:height\" content=\"2000\" \/>\n\t<meta property=\"og:image:type\" content=\"image\/png\" \/>\n<meta name=\"twitter:card\" content=\"summary_large_image\" \/>\n<meta name=\"twitter:label1\" content=\"Price\" \/>\n\t<meta name=\"twitter:data1\" content=\"21,49\" \/>\n\t<meta name=\"twitter:label2\" content=\"Availability\" \/>\n\t<meta name=\"twitter:data2\" content=\"Vorr\u00e4tig\" \/>\n<script type=\"application\/ld+json\" class=\"yoast-schema-graph\">{\"@context\":\"https:\/\/schema.org\",\"@graph\":[{\"@type\":\"WebPage\",\"@id\":\"https:\/\/startercultures.eu\/de\/product\/fermentation-de\/koji-de\/dried-emmer-koji-grains-ready-to-use\/\",\"url\":\"https:\/\/startercultures.eu\/de\/product\/fermentation-de\/koji-de\/dried-emmer-koji-grains-ready-to-use\/\",\"name\":\"Emmer-Koji-K\u00f6rner - Startercultures.eu\",\"isPartOf\":{\"@id\":\"https:\/\/startercultures.eu\/de\/#website\"},\"primaryImageOfPage\":{\"@id\":\"https:\/\/startercultures.eu\/de\/product\/fermentation-de\/koji-de\/dried-emmer-koji-grains-ready-to-use\/#primaryimage\"},\"image\":{\"@id\":\"https:\/\/startercultures.eu\/de\/product\/fermentation-de\/koji-de\/dried-emmer-koji-grains-ready-to-use\/#primaryimage\"},\"thumbnailUrl\":\"https:\/\/startercultures.eu\/wp-content\/uploads\/2025\/05\/PXL_20250514_164656781.MP_.png\",\"datePublished\":\"2025-05-21T19:28:39+00:00\",\"dateModified\":\"2026-03-26T16:39:38+00:00\",\"description\":\"Der einfachste Weg, Koji zu verwenden, sind unsere getrockneten Emmer-Koji-K\u00f6rner, ein gebrauchsfertiges Produkt. Sie m\u00fcssen keinen eigenen Koji anbauen!\",\"breadcrumb\":{\"@id\":\"https:\/\/startercultures.eu\/de\/product\/fermentation-de\/koji-de\/dried-emmer-koji-grains-ready-to-use\/#breadcrumb\"},\"inLanguage\":\"de-DE\",\"potentialAction\":[{\"@type\":\"ReadAction\",\"target\":[\"https:\/\/startercultures.eu\/de\/product\/fermentation-de\/koji-de\/dried-emmer-koji-grains-ready-to-use\/\"]}]},{\"@type\":\"ImageObject\",\"inLanguage\":\"de-DE\",\"@id\":\"https:\/\/startercultures.eu\/de\/product\/fermentation-de\/koji-de\/dried-emmer-koji-grains-ready-to-use\/#primaryimage\",\"url\":\"https:\/\/startercultures.eu\/wp-content\/uploads\/2025\/05\/PXL_20250514_164656781.MP_.png\",\"contentUrl\":\"https:\/\/startercultures.eu\/wp-content\/uploads\/2025\/05\/PXL_20250514_164656781.MP_.png\",\"width\":2000,\"height\":2000,\"caption\":\"Dried emmer koji grains\"},{\"@type\":\"BreadcrumbList\",\"@id\":\"https:\/\/startercultures.eu\/de\/product\/fermentation-de\/koji-de\/dried-emmer-koji-grains-ready-to-use\/#breadcrumb\",\"itemListElement\":[{\"@type\":\"ListItem\",\"position\":1,\"name\":\"Home\",\"item\":\"https:\/\/startercultures.eu\/de\/\"},{\"@type\":\"ListItem\",\"position\":2,\"name\":\"Shop\",\"item\":\"https:\/\/startercultures.eu\/shop\/\"},{\"@type\":\"ListItem\",\"position\":3,\"name\":\"Emmer-Koji-K\u00f6rner | gebrauchsfertiges\"}]},{\"@type\":\"WebSite\",\"@id\":\"https:\/\/startercultures.eu\/de\/#website\",\"url\":\"https:\/\/startercultures.eu\/de\/\",\"name\":\"Startercultures.eu\",\"description\":\"Startercultures.eu\",\"publisher\":{\"@id\":\"https:\/\/startercultures.eu\/de\/#organization\"},\"potentialAction\":[{\"@type\":\"SearchAction\",\"target\":{\"@type\":\"EntryPoint\",\"urlTemplate\":\"https:\/\/startercultures.eu\/de\/?s={search_term_string}\"},\"query-input\":{\"@type\":\"PropertyValueSpecification\",\"valueRequired\":true,\"valueName\":\"search_term_string\"}}],\"inLanguage\":\"de-DE\"},{\"@type\":\"Organization\",\"@id\":\"https:\/\/startercultures.eu\/de\/#organization\",\"name\":\"Startercultures.eu\",\"url\":\"https:\/\/startercultures.eu\/de\/\",\"logo\":{\"@type\":\"ImageObject\",\"inLanguage\":\"de-DE\",\"@id\":\"https:\/\/startercultures.eu\/de\/#\/schema\/logo\/image\/\",\"url\":\"https:\/\/startercultures.eu\/wp-content\/uploads\/2020\/08\/startercultures-eu-nl-logo-rond-rgb.png\",\"contentUrl\":\"https:\/\/startercultures.eu\/wp-content\/uploads\/2020\/08\/startercultures-eu-nl-logo-rond-rgb.png\",\"width\":320,\"height\":320,\"caption\":\"Startercultures.eu\"},\"image\":{\"@id\":\"https:\/\/startercultures.eu\/de\/#\/schema\/logo\/image\/\"},\"sameAs\":[\"https:\/\/www.facebook.com\/startercultureseu\",\"https:\/\/www.instagram.com\/startercultures.eu\/\"]}]}<\/script>\n<meta property=\"product:price:amount\" content=\"21.49\" \/>\n<meta property=\"product:price:currency\" content=\"EUR\" \/>\n<meta property=\"og:availability\" content=\"instock\" \/>\n<meta property=\"product:availability\" content=\"instock\" \/>\n<meta property=\"product:retailer_item_id\" content=\"386\" \/>\n<meta property=\"product:condition\" content=\"new\" \/>\n<!-- \/ Yoast SEO plugin. -->","yoast_head_json":{"title":"Emmer-Koji-K\u00f6rner - Startercultures.eu","description":"Der einfachste Weg, Koji zu verwenden, sind unsere getrockneten Emmer-Koji-K\u00f6rner, ein gebrauchsfertiges Produkt. Sie m\u00fcssen keinen eigenen Koji anbauen!","robots":{"index":"index","follow":"follow","max-snippet":"max-snippet:-1","max-image-preview":"max-image-preview:large","max-video-preview":"max-video-preview:-1"},"canonical":"https:\/\/startercultures.eu\/de\/product\/fermentation-de\/koji-de\/dried-emmer-koji-grains-ready-to-use\/","og_locale":"de_DE","og_type":"article","og_title":"Emmer-Koji-K\u00f6rner - Startercultures.eu","og_description":"Der einfachste Weg, Koji zu verwenden, sind unsere getrockneten Emmer-Koji-K\u00f6rner, ein gebrauchsfertiges Produkt. Sie m\u00fcssen keinen eigenen Koji anbauen!","og_url":"https:\/\/startercultures.eu\/de\/product\/fermentation-de\/koji-de\/dried-emmer-koji-grains-ready-to-use\/","og_site_name":"Startercultures.eu","article_publisher":"https:\/\/www.facebook.com\/startercultureseu","article_modified_time":"2026-03-26T16:39:38+00:00","og_image":[{"width":2000,"height":2000,"url":"https:\/\/startercultures.eu\/wp-content\/uploads\/2025\/05\/PXL_20250514_164656781.MP_.png","type":"image\/png"}],"twitter_card":"summary_large_image","twitter_misc":{"Price":"21,49","Availability":"Vorr\u00e4tig"},"schema":{"@context":"https:\/\/schema.org","@graph":[{"@type":"WebPage","@id":"https:\/\/startercultures.eu\/de\/product\/fermentation-de\/koji-de\/dried-emmer-koji-grains-ready-to-use\/","url":"https:\/\/startercultures.eu\/de\/product\/fermentation-de\/koji-de\/dried-emmer-koji-grains-ready-to-use\/","name":"Emmer-Koji-K\u00f6rner - Startercultures.eu","isPartOf":{"@id":"https:\/\/startercultures.eu\/de\/#website"},"primaryImageOfPage":{"@id":"https:\/\/startercultures.eu\/de\/product\/fermentation-de\/koji-de\/dried-emmer-koji-grains-ready-to-use\/#primaryimage"},"image":{"@id":"https:\/\/startercultures.eu\/de\/product\/fermentation-de\/koji-de\/dried-emmer-koji-grains-ready-to-use\/#primaryimage"},"thumbnailUrl":"https:\/\/startercultures.eu\/wp-content\/uploads\/2025\/05\/PXL_20250514_164656781.MP_.png","datePublished":"2025-05-21T19:28:39+00:00","dateModified":"2026-03-26T16:39:38+00:00","description":"Der einfachste Weg, Koji zu verwenden, sind unsere getrockneten Emmer-Koji-K\u00f6rner, ein gebrauchsfertiges Produkt. Sie m\u00fcssen keinen eigenen Koji anbauen!","breadcrumb":{"@id":"https:\/\/startercultures.eu\/de\/product\/fermentation-de\/koji-de\/dried-emmer-koji-grains-ready-to-use\/#breadcrumb"},"inLanguage":"de-DE","potentialAction":[{"@type":"ReadAction","target":["https:\/\/startercultures.eu\/de\/product\/fermentation-de\/koji-de\/dried-emmer-koji-grains-ready-to-use\/"]}]},{"@type":"ImageObject","inLanguage":"de-DE","@id":"https:\/\/startercultures.eu\/de\/product\/fermentation-de\/koji-de\/dried-emmer-koji-grains-ready-to-use\/#primaryimage","url":"https:\/\/startercultures.eu\/wp-content\/uploads\/2025\/05\/PXL_20250514_164656781.MP_.png","contentUrl":"https:\/\/startercultures.eu\/wp-content\/uploads\/2025\/05\/PXL_20250514_164656781.MP_.png","width":2000,"height":2000,"caption":"Dried emmer koji grains"},{"@type":"BreadcrumbList","@id":"https:\/\/startercultures.eu\/de\/product\/fermentation-de\/koji-de\/dried-emmer-koji-grains-ready-to-use\/#breadcrumb","itemListElement":[{"@type":"ListItem","position":1,"name":"Home","item":"https:\/\/startercultures.eu\/de\/"},{"@type":"ListItem","position":2,"name":"Shop","item":"https:\/\/startercultures.eu\/shop\/"},{"@type":"ListItem","position":3,"name":"Emmer-Koji-K\u00f6rner | gebrauchsfertiges"}]},{"@type":"WebSite","@id":"https:\/\/startercultures.eu\/de\/#website","url":"https:\/\/startercultures.eu\/de\/","name":"Startercultures.eu","description":"Startercultures.eu","publisher":{"@id":"https:\/\/startercultures.eu\/de\/#organization"},"potentialAction":[{"@type":"SearchAction","target":{"@type":"EntryPoint","urlTemplate":"https:\/\/startercultures.eu\/de\/?s={search_term_string}"},"query-input":{"@type":"PropertyValueSpecification","valueRequired":true,"valueName":"search_term_string"}}],"inLanguage":"de-DE"},{"@type":"Organization","@id":"https:\/\/startercultures.eu\/de\/#organization","name":"Startercultures.eu","url":"https:\/\/startercultures.eu\/de\/","logo":{"@type":"ImageObject","inLanguage":"de-DE","@id":"https:\/\/startercultures.eu\/de\/#\/schema\/logo\/image\/","url":"https:\/\/startercultures.eu\/wp-content\/uploads\/2020\/08\/startercultures-eu-nl-logo-rond-rgb.png","contentUrl":"https:\/\/startercultures.eu\/wp-content\/uploads\/2020\/08\/startercultures-eu-nl-logo-rond-rgb.png","width":320,"height":320,"caption":"Startercultures.eu"},"image":{"@id":"https:\/\/startercultures.eu\/de\/#\/schema\/logo\/image\/"},"sameAs":["https:\/\/www.facebook.com\/startercultureseu","https:\/\/www.instagram.com\/startercultures.eu\/"]}]},"product_price_amount":"21.49","product_price_currency":"EUR","og_availability":"instock","product_availability":"instock","product_retailer_item_id":"386","product_condition":"new"},"_links":{"self":[{"href":"https:\/\/startercultures.eu\/de\/wp-json\/wp\/v2\/product\/72256","targetHints":{"allow":["GET"]}}],"collection":[{"href":"https:\/\/startercultures.eu\/de\/wp-json\/wp\/v2\/product"}],"about":[{"href":"https:\/\/startercultures.eu\/de\/wp-json\/wp\/v2\/types\/product"}],"replies":[{"embeddable":true,"href":"https:\/\/startercultures.eu\/de\/wp-json\/wp\/v2\/comments?post=72256"}],"version-history":[{"count":4,"href":"https:\/\/startercultures.eu\/de\/wp-json\/wp\/v2\/product\/72256\/revisions"}],"predecessor-version":[{"id":84166,"href":"https:\/\/startercultures.eu\/de\/wp-json\/wp\/v2\/product\/72256\/revisions\/84166"}],"wp:featuredmedia":[{"embeddable":true,"href":"https:\/\/startercultures.eu\/de\/wp-json\/wp\/v2\/media\/72251"}],"wp:attachment":[{"href":"https:\/\/startercultures.eu\/de\/wp-json\/wp\/v2\/media?parent=72256"}],"wp:term":[{"taxonomy":"product_brand","embeddable":true,"href":"https:\/\/startercultures.eu\/de\/wp-json\/wp\/v2\/product_brand?post=72256"},{"taxonomy":"product_cat","embeddable":true,"href":"https:\/\/startercultures.eu\/de\/wp-json\/wp\/v2\/product_cat?post=72256"},{"taxonomy":"product_tag","embeddable":true,"href":"https:\/\/startercultures.eu\/de\/wp-json\/wp\/v2\/product_tag?post=72256"}],"curies":[{"name":"wp","href":"https:\/\/api.w.org\/{rel}","templated":true}]}}