{"id":78316,"date":"2021-04-19T06:57:06","date_gmt":"2021-04-19T06:57:06","guid":{"rendered":"https:\/\/startercultures.eu\/product\/uncategorized\/machen-sie-ihren-eigenen-milchke%ef%ac%81r-starterpaket\/"},"modified":"2026-04-09T00:03:40","modified_gmt":"2026-04-08T22:03:40","slug":"machen-sie-ihren-eigenen-milchke%ef%ac%81r-starterpaket","status":"publish","type":"product","link":"https:\/\/startercultures.eu\/de\/product\/starterkits\/fermentieren\/machen-sie-ihren-eigenen-milchke%ef%ac%81r-starterpaket\/","title":{"rendered":"\u201eMachen Sie Ihren eigenen Milchke\ufb01r\u201c \u2013 Starterpaket"},"content":{"rendered":"<p>Milch als Festtagsprodukt, damit k\u00f6nnen Sie punkten! Dieser frische, leicht prickelnde Ke\ufb01r wird oft mit dem ber\u00fchmten Getr\u00e4nk aus Epernay verwechselt und hat daher den festlichen Beinamen \u201eMilchchampagner\u201c. Der <a href=\"https:\/\/www.huffingtonpost.ca\/2016\/04\/13\/what-is-kefir_n_9563362.html\" target=\"_blank\" rel=\"noopener\">\u00dcberlieferung<\/a> nach war es der Prophet Mohammed selbst, der Ke\ufb01r an Hirten im Kaukasus verschenkte. Bis dahin lief alles gut, aber die Hirten dort h\u00e4ngten den Ke\ufb01r in einem Beutel irgendwo in ihrer H\u00fctte auf. Das k\u00f6nnen wir besser: Mit diesem Milchke\ufb01r-Starterpaket kombinieren wir unsere Milchke\ufb01rkulturen mit unserem wundersch\u00f6nen Ke\ufb01rtopf, sodass Sie alles auf einmal im Haus haben, um Ihren eigenen Milchke\ufb01r herzustellen. Ein originelles und komplettes Geschenk!<\/p>\r\n<h3>Was ist Milchke\ufb01r?<\/h3>\r\n<p>Milchke\ufb01r ist ein frisches, leicht prickelndes, probiotisches Milchgetr\u00e4nk. Ke\ufb01r <a href=\"https:\/\/translate.google.com.br\/?sl=tr&amp;tl=nl&amp;text=keyif&amp;op=translate\" target=\"_blank\" rel=\"noopener\">stammt<\/a> von dem t\u00fcrkischen Wort \u201ekeyif\u201c ab, das ein Gef\u00fchl des Vergn\u00fcgens ausdr\u00fcckt. Das Besondere an unseren Ke\ufb01rkulturen ist, dass sie weiterwachsen, sodass Sie einen unendlichen Vorrat haben. Der Trinkjoghurt ist einfach selbst zuzubereiten. Er ist voll von Vitaminen und Mineralien wie Vitamin B1 (Thiamin), B2, B6, B12, C, D, H (Biotin) und K. Er enth\u00e4lt auch Mineralien und essentielle Aminos\u00e4uren. Dar\u00fcber hinaus ist Milchke\ufb01r durch eine gro\u00dfe Menge rechtsdrehender Milchs\u00e4urebakterien leicht verdaulich. Da viele der Milchzucker umgewandelt werden, wird Ke\ufb01r von Menschen mit Laktoseemp\ufb01ndlichkeit oft besser vertragen als Milch. Die Konsistenz liegt irgendwo zwischen Joghurt und Buttermilch. Der Geschmack ist etwas reifer (k\u00e4siger, wenn man so will) und er enth\u00e4lt im Gegensatz zu seinen braveren Joghurtbr\u00fcdern sowohl Kohlens\u00e4ure als auch Alkohol. Nun sollte man sich bez\u00fcglich des Intoxikationspotenzials nicht allzu viel vorstellen. Der Alkoholgehalt liegt zwischen 0,1 und 2 %, und das Letztere nur in Ausnahmef\u00e4llen. Ke\ufb01r fermentiert sowohl bei Raumtemperatur als auch im K\u00fchlschrank und arbeitet mit der gleichen Liebe mit roher, magerer, Vollmilch von Kuh-, Schaf- oder Ziegenmilch.<\/p>\r\n<h3>Unser ausgekl\u00fcgelter und kompletter Ke\ufb01rko-Ke\ufb01rtopf<\/h3>\r\n<p>Der dazugeh\u00f6rige Ke\ufb01rtopf ist sehr ausgekl\u00fcgelt aufgebaut. Durch Drehen des transparenten Deckels k\u00f6nnen Sie die Luftzufuhr erh\u00f6hen und verringern. Der darunter liegende Siebdeckel kann so gedreht werden, dass er sowohl fein als auch grob siebt und sich daher eignet, um sowohl feineren Wasserkefir als auch gr\u00f6\u00dfere Milchkefirk\u00f6rner zur\u00fcckzuhalten, den dickeren Milchkefir aber durchzulassen. Zum Lieferumfang geh\u00f6ren au\u00dferdem eine Zitruspresse, ein praktischer Sch\u00f6pfer\/R\u00fchrer und ein Schaber zum Mischen der Kefirk\u00f6rner w\u00e4hrend des Ausgie\u00dfens, so dass sie leicht vom Kefir getrennt werden k\u00f6nnen. Der Ke\ufb01rtopf kann auch verwendet werden, um selbst Gem\u00fcse zu keimen, Kombucha, Essig oder Ingwerbier herzustellen<\/p>\r\n<h3>Inhalt dieses Milchke\ufb01r-Starterpakets \u201eFesttagspaket\u201c<\/h3>\r\n<ul>\r\n<li>1 fr\u00f6hlich gr\u00fcner <a href=\"https:\/\/startercultures.eu\/wp-content\/uploads\/2021\/03\/kefirko-instructies-starterculturen.nl_.pdf\" target=\"_blank\" rel=\"noopener\">Ke\ufb01rtopf<\/a> mit Siebdeckel, R\u00fchrstab, Schaber und Zitruspresse in einer eleganten Geschenkverpackung<\/li>\r\n<li>1 Beutel mit 1 Gramm dehydrierten Milchke\ufb01rkulturen<\/li>\r\n<\/ul>\r\n<h3 data-fontsize=\"21\" data-lineheight=\"27.3px\">Milchke\ufb01r-Starterpaket kaufen?<\/h3>\r\n<p>Sie bestellen das Milchke\ufb01r-Starterpaket bei starterculturen.nl, dem Webshop f\u00fcr all Ihre Tempeh, Koji und Tofu. Von Mister Wateetons, dem Autor der Standardwerke <a href=\"https:\/\/www.starterculturen.nl\/a-52122580\/boeken\/over-rot-2015-het-handboek-fermenteren\/\" target=\"_blank\" rel=\"noopener noreferrer\">About Rot (2015<\/a> ) und<a href=\"https:\/\/startercultures.eu\/nl\/product\/boeken\/over-inpakken-2020-nl\/\" target=\"_blank\" rel=\"noopener\"> About Packing (2020<\/a>). An Werktagen vor 15:00 Uhr bestellt, am selben Tag versandt. Fragen zur Verwendung des <span data-sheets-value=\"{\" data-sheets-userformat=\"{\">Milchke\ufb01r-Starterpakets<\/span>? Fragen Sie sie \u00fcber die Chatfunktion. Wir kommen da immer wieder raus.<\/p>\r\n<p><!-- \/wp:post-content --><\/p>\r\n<p><!-- wp:paragraph --><\/p>","protected":false},"excerpt":{"rendered":"<p>Dieser frische, leicht prickelnde Ke\ufb01r hat den festlichen Beinamen \u201eMilchchampagner\u201c. In diesem Starterpaket kombinieren wir unsere Milchke\ufb01rkulturen mit unserem wundersch\u00f6nen Ke\ufb01rtopf, sodass Sie alles auf einmal im Haus haben, um Ihren eigenen Milchke\ufb01r herzustellen. Milch als Festtagsprodukt, damit k\u00f6nnen Sie punkten!<\/p>\n","protected":false},"featured_media":24159,"comment_status":"open","ping_status":"closed","template":"","meta":{"_acf_changed":false,"footnotes":""},"product_brand":[],"product_cat":[648,645,726,740,667,686,688],"product_tag":[],"class_list":{"0":"post-78316","1":"product","2":"type-product","3":"status-publish","4":"has-post-thumbnail","6":"product_cat-fermentieren","7":"product_cat-molkerei","8":"product_cat-sodas","9":"product_cat-starterkits-de-6","10":"product_cat-starterkits-de","11":"product_cat-starterkits-de-2","12":"product_cat-starterkulturen-de-2","13":"product_shipping_class-klein-pakket-de","15":"first","16":"outofstock","17":"sale","18":"taxable","19":"shipping-taxable","20":"purchasable","21":"product-type-woosb"},"acf":[],"yoast_head":"<!-- This site is optimized with the Yoast SEO plugin v26.6 - https:\/\/yoast.com\/wordpress\/plugins\/seo\/ -->\n<title>Komplettes Milchke\ufb01r-Starterpaket | starterculturen.nl<\/title>\n<meta name=\"description\" content=\"Milchke\ufb01r-Starterpaket hier kaufen: inkl. Kulturen Topf f\u00fcr die eigene Herstellung.\" \/>\n<meta name=\"robots\" content=\"index, follow, max-snippet:-1, max-image-preview:large, max-video-preview:-1\" \/>\n<link rel=\"canonical\" href=\"https:\/\/startercultures.eu\/de\/product\/starterkits\/fermentieren\/machen-sie-ihren-eigenen-milchke%ef%ac%81r-starterpaket\/\" \/>\n<meta property=\"og:locale\" content=\"de_DE\" \/>\n<meta property=\"og:type\" content=\"article\" \/>\n<meta property=\"og:title\" content=\"Komplettes Milchke\ufb01r-Starterpaket | starterculturen.nl\" \/>\n<meta property=\"og:description\" content=\"Milchke\ufb01r-Starterpaket hier kaufen: inkl. Kulturen Topf f\u00fcr die eigene Herstellung.\" \/>\n<meta property=\"og:url\" content=\"https:\/\/startercultures.eu\/de\/product\/starterkits\/fermentieren\/machen-sie-ihren-eigenen-milchke%ef%ac%81r-starterpaket\/\" \/>\n<meta property=\"og:site_name\" content=\"Startercultures.eu\" \/>\n<meta property=\"article:publisher\" content=\"https:\/\/www.facebook.com\/startercultureseu\" \/>\n<meta property=\"article:modified_time\" content=\"2026-04-08T22:03:40+00:00\" \/>\n<meta property=\"og:image\" content=\"https:\/\/startercultures.eu\/wp-content\/uploads\/2021\/04\/Melkkefir-starterspakket.png\" \/>\n\t<meta property=\"og:image:width\" content=\"400\" \/>\n\t<meta property=\"og:image:height\" content=\"300\" \/>\n\t<meta property=\"og:image:type\" content=\"image\/png\" \/>\n<meta name=\"twitter:card\" content=\"summary_large_image\" \/>\n<meta name=\"twitter:label1\" content=\"Price\" \/>\n\t<meta name=\"twitter:data1\" content=\"43,64\" \/>\n\t<meta name=\"twitter:label2\" content=\"Availability\" \/>\n\t<meta name=\"twitter:data2\" content=\"Nicht auf Lager\" \/>\n<script type=\"application\/ld+json\" class=\"yoast-schema-graph\">{\"@context\":\"https:\/\/schema.org\",\"@graph\":[{\"@type\":\"WebPage\",\"@id\":\"https:\/\/startercultures.eu\/de\/product\/starterkits\/fermentieren\/machen-sie-ihren-eigenen-milchke%ef%ac%81r-starterpaket\/\",\"url\":\"https:\/\/startercultures.eu\/de\/product\/starterkits\/fermentieren\/machen-sie-ihren-eigenen-milchke%ef%ac%81r-starterpaket\/\",\"name\":\"Komplettes Milchke\ufb01r-Starterpaket | starterculturen.nl\",\"isPartOf\":{\"@id\":\"https:\/\/startercultures.eu\/de\/#website\"},\"primaryImageOfPage\":{\"@id\":\"https:\/\/startercultures.eu\/de\/product\/starterkits\/fermentieren\/machen-sie-ihren-eigenen-milchke%ef%ac%81r-starterpaket\/#primaryimage\"},\"image\":{\"@id\":\"https:\/\/startercultures.eu\/de\/product\/starterkits\/fermentieren\/machen-sie-ihren-eigenen-milchke%ef%ac%81r-starterpaket\/#primaryimage\"},\"thumbnailUrl\":\"https:\/\/startercultures.eu\/wp-content\/uploads\/2021\/04\/Melkkefir-starterspakket.png\",\"datePublished\":\"2021-04-19T06:57:06+00:00\",\"dateModified\":\"2026-04-08T22:03:40+00:00\",\"description\":\"Milchke\ufb01r-Starterpaket hier kaufen: inkl. Kulturen Topf f\u00fcr die eigene Herstellung.\",\"breadcrumb\":{\"@id\":\"https:\/\/startercultures.eu\/de\/product\/starterkits\/fermentieren\/machen-sie-ihren-eigenen-milchke%ef%ac%81r-starterpaket\/#breadcrumb\"},\"inLanguage\":\"de-DE\",\"potentialAction\":[{\"@type\":\"ReadAction\",\"target\":[\"https:\/\/startercultures.eu\/de\/product\/starterkits\/fermentieren\/machen-sie-ihren-eigenen-milchke%ef%ac%81r-starterpaket\/\"]}]},{\"@type\":\"ImageObject\",\"inLanguage\":\"de-DE\",\"@id\":\"https:\/\/startercultures.eu\/de\/product\/starterkits\/fermentieren\/machen-sie-ihren-eigenen-milchke%ef%ac%81r-starterpaket\/#primaryimage\",\"url\":\"https:\/\/startercultures.eu\/wp-content\/uploads\/2021\/04\/Melkkefir-starterspakket.png\",\"contentUrl\":\"https:\/\/startercultures.eu\/wp-content\/uploads\/2021\/04\/Melkkefir-starterspakket.png\",\"width\":400,\"height\":300},{\"@type\":\"BreadcrumbList\",\"@id\":\"https:\/\/startercultures.eu\/de\/product\/starterkits\/fermentieren\/machen-sie-ihren-eigenen-milchke%ef%ac%81r-starterpaket\/#breadcrumb\",\"itemListElement\":[{\"@type\":\"ListItem\",\"position\":1,\"name\":\"Home\",\"item\":\"https:\/\/startercultures.eu\/de\/\"},{\"@type\":\"ListItem\",\"position\":2,\"name\":\"Shop\",\"item\":\"https:\/\/startercultures.eu\/shop\/\"},{\"@type\":\"ListItem\",\"position\":3,\"name\":\"\u201eMachen Sie Ihren eigenen Milchke\ufb01r\u201c \u2013 Starterpaket\"}]},{\"@type\":\"WebSite\",\"@id\":\"https:\/\/startercultures.eu\/de\/#website\",\"url\":\"https:\/\/startercultures.eu\/de\/\",\"name\":\"Startercultures.eu\",\"description\":\"Startercultures.eu\",\"publisher\":{\"@id\":\"https:\/\/startercultures.eu\/de\/#organization\"},\"potentialAction\":[{\"@type\":\"SearchAction\",\"target\":{\"@type\":\"EntryPoint\",\"urlTemplate\":\"https:\/\/startercultures.eu\/de\/?s={search_term_string}\"},\"query-input\":{\"@type\":\"PropertyValueSpecification\",\"valueRequired\":true,\"valueName\":\"search_term_string\"}}],\"inLanguage\":\"de-DE\"},{\"@type\":\"Organization\",\"@id\":\"https:\/\/startercultures.eu\/de\/#organization\",\"name\":\"Startercultures.eu\",\"url\":\"https:\/\/startercultures.eu\/de\/\",\"logo\":{\"@type\":\"ImageObject\",\"inLanguage\":\"de-DE\",\"@id\":\"https:\/\/startercultures.eu\/de\/#\/schema\/logo\/image\/\",\"url\":\"https:\/\/startercultures.eu\/wp-content\/uploads\/2020\/08\/startercultures-eu-nl-logo-rond-rgb.png\",\"contentUrl\":\"https:\/\/startercultures.eu\/wp-content\/uploads\/2020\/08\/startercultures-eu-nl-logo-rond-rgb.png\",\"width\":320,\"height\":320,\"caption\":\"Startercultures.eu\"},\"image\":{\"@id\":\"https:\/\/startercultures.eu\/de\/#\/schema\/logo\/image\/\"},\"sameAs\":[\"https:\/\/www.facebook.com\/startercultureseu\",\"https:\/\/www.instagram.com\/startercultures.eu\/\"],\"hasMerchantReturnPolicy\":{\"@type\":\"MerchantReturnPolicy\",\"merchantReturnLink\":\"https:\/\/startercultures.eu\/return-policy\/\"}}]}<\/script>\n<meta property=\"product:price:amount\" content=\"43.64\" \/>\n<meta property=\"product:price:currency\" content=\"EUR\" \/>\n<meta property=\"og:availability\" content=\"out of stock\" \/>\n<meta property=\"product:availability\" content=\"out of stock\" \/>\n<meta property=\"product:retailer_item_id\" content=\"195\" \/>\n<meta property=\"product:condition\" content=\"new\" \/>\n<!-- \/ Yoast SEO plugin. -->","yoast_head_json":{"title":"Komplettes Milchke\ufb01r-Starterpaket | starterculturen.nl","description":"Milchke\ufb01r-Starterpaket hier kaufen: inkl. Kulturen Topf f\u00fcr die eigene Herstellung.","robots":{"index":"index","follow":"follow","max-snippet":"max-snippet:-1","max-image-preview":"max-image-preview:large","max-video-preview":"max-video-preview:-1"},"canonical":"https:\/\/startercultures.eu\/de\/product\/starterkits\/fermentieren\/machen-sie-ihren-eigenen-milchke%ef%ac%81r-starterpaket\/","og_locale":"de_DE","og_type":"article","og_title":"Komplettes Milchke\ufb01r-Starterpaket | starterculturen.nl","og_description":"Milchke\ufb01r-Starterpaket hier kaufen: inkl. Kulturen Topf f\u00fcr die eigene Herstellung.","og_url":"https:\/\/startercultures.eu\/de\/product\/starterkits\/fermentieren\/machen-sie-ihren-eigenen-milchke%ef%ac%81r-starterpaket\/","og_site_name":"Startercultures.eu","article_publisher":"https:\/\/www.facebook.com\/startercultureseu","article_modified_time":"2026-04-08T22:03:40+00:00","og_image":[{"width":400,"height":300,"url":"https:\/\/startercultures.eu\/wp-content\/uploads\/2021\/04\/Melkkefir-starterspakket.png","type":"image\/png"}],"twitter_card":"summary_large_image","twitter_misc":{"Price":"43,64","Availability":"Nicht auf Lager"},"schema":{"@context":"https:\/\/schema.org","@graph":[{"@type":"WebPage","@id":"https:\/\/startercultures.eu\/de\/product\/starterkits\/fermentieren\/machen-sie-ihren-eigenen-milchke%ef%ac%81r-starterpaket\/","url":"https:\/\/startercultures.eu\/de\/product\/starterkits\/fermentieren\/machen-sie-ihren-eigenen-milchke%ef%ac%81r-starterpaket\/","name":"Komplettes Milchke\ufb01r-Starterpaket | starterculturen.nl","isPartOf":{"@id":"https:\/\/startercultures.eu\/de\/#website"},"primaryImageOfPage":{"@id":"https:\/\/startercultures.eu\/de\/product\/starterkits\/fermentieren\/machen-sie-ihren-eigenen-milchke%ef%ac%81r-starterpaket\/#primaryimage"},"image":{"@id":"https:\/\/startercultures.eu\/de\/product\/starterkits\/fermentieren\/machen-sie-ihren-eigenen-milchke%ef%ac%81r-starterpaket\/#primaryimage"},"thumbnailUrl":"https:\/\/startercultures.eu\/wp-content\/uploads\/2021\/04\/Melkkefir-starterspakket.png","datePublished":"2021-04-19T06:57:06+00:00","dateModified":"2026-04-08T22:03:40+00:00","description":"Milchke\ufb01r-Starterpaket hier kaufen: inkl. Kulturen Topf f\u00fcr die eigene Herstellung.","breadcrumb":{"@id":"https:\/\/startercultures.eu\/de\/product\/starterkits\/fermentieren\/machen-sie-ihren-eigenen-milchke%ef%ac%81r-starterpaket\/#breadcrumb"},"inLanguage":"de-DE","potentialAction":[{"@type":"ReadAction","target":["https:\/\/startercultures.eu\/de\/product\/starterkits\/fermentieren\/machen-sie-ihren-eigenen-milchke%ef%ac%81r-starterpaket\/"]}]},{"@type":"ImageObject","inLanguage":"de-DE","@id":"https:\/\/startercultures.eu\/de\/product\/starterkits\/fermentieren\/machen-sie-ihren-eigenen-milchke%ef%ac%81r-starterpaket\/#primaryimage","url":"https:\/\/startercultures.eu\/wp-content\/uploads\/2021\/04\/Melkkefir-starterspakket.png","contentUrl":"https:\/\/startercultures.eu\/wp-content\/uploads\/2021\/04\/Melkkefir-starterspakket.png","width":400,"height":300},{"@type":"BreadcrumbList","@id":"https:\/\/startercultures.eu\/de\/product\/starterkits\/fermentieren\/machen-sie-ihren-eigenen-milchke%ef%ac%81r-starterpaket\/#breadcrumb","itemListElement":[{"@type":"ListItem","position":1,"name":"Home","item":"https:\/\/startercultures.eu\/de\/"},{"@type":"ListItem","position":2,"name":"Shop","item":"https:\/\/startercultures.eu\/shop\/"},{"@type":"ListItem","position":3,"name":"\u201eMachen Sie Ihren eigenen Milchke\ufb01r\u201c \u2013 Starterpaket"}]},{"@type":"WebSite","@id":"https:\/\/startercultures.eu\/de\/#website","url":"https:\/\/startercultures.eu\/de\/","name":"Startercultures.eu","description":"Startercultures.eu","publisher":{"@id":"https:\/\/startercultures.eu\/de\/#organization"},"potentialAction":[{"@type":"SearchAction","target":{"@type":"EntryPoint","urlTemplate":"https:\/\/startercultures.eu\/de\/?s={search_term_string}"},"query-input":{"@type":"PropertyValueSpecification","valueRequired":true,"valueName":"search_term_string"}}],"inLanguage":"de-DE"},{"@type":"Organization","@id":"https:\/\/startercultures.eu\/de\/#organization","name":"Startercultures.eu","url":"https:\/\/startercultures.eu\/de\/","logo":{"@type":"ImageObject","inLanguage":"de-DE","@id":"https:\/\/startercultures.eu\/de\/#\/schema\/logo\/image\/","url":"https:\/\/startercultures.eu\/wp-content\/uploads\/2020\/08\/startercultures-eu-nl-logo-rond-rgb.png","contentUrl":"https:\/\/startercultures.eu\/wp-content\/uploads\/2020\/08\/startercultures-eu-nl-logo-rond-rgb.png","width":320,"height":320,"caption":"Startercultures.eu"},"image":{"@id":"https:\/\/startercultures.eu\/de\/#\/schema\/logo\/image\/"},"sameAs":["https:\/\/www.facebook.com\/startercultureseu","https:\/\/www.instagram.com\/startercultures.eu\/"],"hasMerchantReturnPolicy":{"@type":"MerchantReturnPolicy","merchantReturnLink":"https:\/\/startercultures.eu\/return-policy\/"}}]},"product_price_amount":"43.64","product_price_currency":"EUR","og_availability":"out of stock","product_availability":"out of stock","product_retailer_item_id":"195","product_condition":"new"},"_links":{"self":[{"href":"https:\/\/startercultures.eu\/de\/wp-json\/wp\/v2\/product\/78316","targetHints":{"allow":["GET"]}}],"collection":[{"href":"https:\/\/startercultures.eu\/de\/wp-json\/wp\/v2\/product"}],"about":[{"href":"https:\/\/startercultures.eu\/de\/wp-json\/wp\/v2\/types\/product"}],"replies":[{"embeddable":true,"href":"https:\/\/startercultures.eu\/de\/wp-json\/wp\/v2\/comments?post=78316"}],"version-history":[{"count":6,"href":"https:\/\/startercultures.eu\/de\/wp-json\/wp\/v2\/product\/78316\/revisions"}],"predecessor-version":[{"id":78862,"href":"https:\/\/startercultures.eu\/de\/wp-json\/wp\/v2\/product\/78316\/revisions\/78862"}],"wp:featuredmedia":[{"embeddable":true,"href":"https:\/\/startercultures.eu\/de\/wp-json\/wp\/v2\/media\/24159"}],"wp:attachment":[{"href":"https:\/\/startercultures.eu\/de\/wp-json\/wp\/v2\/media?parent=78316"}],"wp:term":[{"taxonomy":"product_brand","embeddable":true,"href":"https:\/\/startercultures.eu\/de\/wp-json\/wp\/v2\/product_brand?post=78316"},{"taxonomy":"product_cat","embeddable":true,"href":"https:\/\/startercultures.eu\/de\/wp-json\/wp\/v2\/product_cat?post=78316"},{"taxonomy":"product_tag","embeddable":true,"href":"https:\/\/startercultures.eu\/de\/wp-json\/wp\/v2\/product_tag?post=78316"}],"curies":[{"name":"wp","href":"https:\/\/api.w.org\/{rel}","templated":true}]}}