{"id":78508,"date":"2021-04-17T07:10:47","date_gmt":"2021-04-17T07:10:47","guid":{"rendered":"https:\/\/startercultures.eu\/product\/uncategorized\/stellen-sie-ihren-eigenen-wasserkefir-her-starterpaket\/"},"modified":"2026-02-03T22:20:34","modified_gmt":"2026-02-03T21:20:34","slug":"stellen-sie-ihren-eigenen-wasserkefir-her-starterpaket","status":"publish","type":"product","link":"https:\/\/startercultures.eu\/de\/product\/fermentation-de\/sodas\/starterkits-de-6\/stellen-sie-ihren-eigenen-wasserkefir-her-starterpaket\/","title":{"rendered":"\u201eStellen Sie Ihren eigenen Wasserkefir her\u201c \u2013 Starterpaket"},"content":{"rendered":"<p>Stellen Sie Ihr eigenes probiotisches, sprudelndes, fermentiertes Erfrischungsgetr\u00e4nk mit unseren echten Wasserkefirk\u00f6rnern her! In diesem Wasserkefir Starterpaket kombinieren wir unsere Wasserkefirk\u00f6rner mit unserem wundersch\u00f6nen Kefirglas, damit Sie alles auf einmal zu Hause haben, um Ihren eigenen Wasserkefir herzustellen. Ein originelles und komplettes Geschenk!<\/p>\n<h3>Was ist Wasserkefir?<\/h3>\n<p>Wasserkefir ist ein k\u00f6stliches, hausgemachtes und gesundes fermentiertes Erfrischungsgetr\u00e4nk. Wasserkefir selbst herzustellen ist erstaunlich einfach, prickelnd frisch, unglaublich lecker und sehr befriedigend. Kefir <a href=\"https:\/\/translate.google.com.br\/?sl=tr&amp;tl=nl&amp;text=keyif&amp;op=translate\" target=\"_blank\" rel=\"noopener\">stammt <\/a>vom t\u00fcrkischen Wort &#8216;keyif&#8217;, was ein Gef\u00fchl der Freude ausdr\u00fcckt. Das Besondere an <a href=\"https:\/\/startercultures.eu\/nl\/?post_type=product&amp;p=13039&amp;preview=true\" target=\"_blank\" rel=\"noopener\">unseren Kefirk\u00f6rnern<\/a> ist, dass sie weiterwachsen, wodurch Sie einen unendlichen Vorrat haben.<\/p>\n<p>Das Wasserkefir Starterpaket besteht aus dem Kefirglas, unserem Starter, Wasser, Zucker und Aromen nach Wahl. Oft handelt es sich um (Zitrus-)Fr\u00fcchte, getrocknet oder nicht, aber die Variationsm\u00f6glichkeiten sind endlos. Fruchts\u00e4fte, Kr\u00e4uter, Gew\u00fcrze, Ingwer, einfach alles. Anders als bei Milchkefir oder Kombucha ist der Geschmack, den die Mikroorganismen selbst abgeben, ziemlich neutral. Die Blasen sind zentral. Eigentlich ist es eine gute M\u00f6glichkeit, Ihre gew\u00f6hnliche hausgemachte Limonade in wenigen Tagen in Limonade zu verwandeln. Die DIY-Champagner enthalten etwa ein halbes Prozent Alkohol. Die Grundlage des Wasserkefir Starterpakets.<\/p>\n<h3>Unser ausgekl\u00fcgelter und kompletter Ke\ufb01rko-Ke\ufb01rtopf<\/h3>\n<p>De bijbehorende <a href=\"https:\/\/startercultures.eu\/de\/product\/vegan-de\/vegane-limonaden\/kefir-kefir-topf-fur-milch-kefir-und-gemuse-sprossen\/\" target=\"_blank\" rel=\"noopener\">kefirpot<\/a> zit heel ingenieus in elkaar. Durch Drehen des transparenten Deckels k\u00f6nnen Sie die Luftzufuhr erh\u00f6hen und verringern. Der Siebdeckel darunter kann so gedreht werden, dass er fein oder grob siebt. Zum Lieferumfang geh\u00f6ren au\u00dferdem eine Zitruspresse, ein praktischer Sch\u00f6pfer\/R\u00fchrer und ein Schaber zum Mischen der Kefirk\u00f6rner w\u00e4hrend des Ausgie\u00dfens, so dass sie leicht vom Kefir getrennt werden k\u00f6nnen. Der Ke\ufb01rtopf kann auch verwendet werden, um selbst Gem\u00fcse zu keimen, Kombucha, Essig oder Ingwerbier herzustellen<\/p>\n<h3>Inhalt dieses Party-Wasserkefir-Starterpakets<\/h3>\n<ul>\n<li style=\"list-style-type: none;\">\n<ul>\n<li>1 fr\u00f6hlich gr\u00fcner <a href=\"https:\/\/startercultures.eu\/wp-content\/uploads\/2021\/03\/kefirko-instructies-starterculturen.nl_.pdf\" target=\"_blank\" rel=\"noopener\">Ke\ufb01rtopf<\/a> mit Siebdeckel, R\u00fchrstab, Schaber und Zitruspresse in einer eleganten Geschenkverpackung<\/li>\n<li>5 gram <a href=\"https:\/\/startercultures.eu\/de\/product\/fermentation-de\/sodas\/wasser-kefir-korner\/\" target=\"_blank\" rel=\"noopener\">wasserkefirk\u00f6rner<\/a><\/li>\n<\/ul>\n<\/li>\n<\/ul>\n<p>&nbsp;<\/p>\n","protected":false},"excerpt":{"rendered":"<p>Stellen Sie Ihr eigenes probiotisches, sprudelndes, fermentiertes Erfrischungsgetr\u00e4nk mit unseren echten Wasserkefirk\u00f6rnern her! In diesem Wasserkefir Starterpaket kombinieren wir unsere Wasserkefirk\u00f6rner mit unserem wundersch\u00f6nen Kefirglas, damit Sie alles auf einmal zu Hause haben, um Ihren eigenen Wasserkefir herzustellen. Ein originelles und komplettes Geschenk!<\/p>\n<p><strong>Dieses Paket besteht aus 2 Teilen<\/strong><\/p>\n","protected":false},"featured_media":24160,"comment_status":"open","ping_status":"closed","template":"","meta":{"_acf_changed":false,"footnotes":""},"product_brand":[],"product_cat":[648,1733,726,693,740],"product_tag":[],"class_list":{"0":"post-78508","1":"product","2":"type-product","3":"status-publish","4":"has-post-thumbnail","6":"product_cat-fermentieren","7":"product_cat-fermentieren-de-2","8":"product_cat-sodas","9":"product_cat-starterkits","10":"product_cat-starterkits-de-6","12":"first","13":"instock","14":"sale","15":"taxable","16":"shipping-taxable","17":"purchasable","18":"product-type-woosb"},"acf":[],"yoast_head":"<!-- This site is optimized with the Yoast SEO plugin v26.6 - https:\/\/yoast.com\/wordpress\/plugins\/seo\/ -->\n<title>Wasserkefir Starterpaket | starterculturen.nl<\/title>\n<meta name=\"description\" content=\"Kaufen Sie Ihr Wasserkefir-Starterpaket mit Kefirk\u00f6rnern und Glas zur sofortigen Herstellung.\" \/>\n<meta name=\"robots\" content=\"index, follow, max-snippet:-1, max-image-preview:large, max-video-preview:-1\" \/>\n<link rel=\"canonical\" href=\"https:\/\/startercultures.eu\/de\/product\/fermentation-de\/sodas\/starterkits-de-6\/stellen-sie-ihren-eigenen-wasserkefir-her-starterpaket\/\" \/>\n<meta property=\"og:locale\" content=\"de_DE\" \/>\n<meta property=\"og:type\" content=\"article\" \/>\n<meta property=\"og:title\" content=\"Wasserkefir Starterpaket | starterculturen.nl\" \/>\n<meta property=\"og:description\" content=\"Kaufen Sie Ihr Wasserkefir-Starterpaket mit Kefirk\u00f6rnern und Glas zur sofortigen Herstellung.\" \/>\n<meta property=\"og:url\" content=\"https:\/\/startercultures.eu\/de\/product\/fermentation-de\/sodas\/starterkits-de-6\/stellen-sie-ihren-eigenen-wasserkefir-her-starterpaket\/\" \/>\n<meta property=\"og:site_name\" content=\"Startercultures.eu\" \/>\n<meta property=\"article:publisher\" content=\"https:\/\/www.facebook.com\/startercultureseu\" \/>\n<meta property=\"article:modified_time\" content=\"2026-02-03T21:20:34+00:00\" \/>\n<meta property=\"og:image\" content=\"https:\/\/startercultures.eu\/wp-content\/uploads\/2021\/04\/Waterkefir-starterspakket.png\" \/>\n\t<meta property=\"og:image:width\" content=\"400\" \/>\n\t<meta property=\"og:image:height\" content=\"300\" \/>\n\t<meta property=\"og:image:type\" content=\"image\/png\" \/>\n<meta name=\"twitter:card\" content=\"summary_large_image\" \/>\n<meta name=\"twitter:label1\" content=\"Price\" \/>\n\t<meta name=\"twitter:data1\" content=\"45,44\" \/>\n\t<meta name=\"twitter:label2\" content=\"Availability\" \/>\n\t<meta name=\"twitter:data2\" content=\"Vorr\u00e4tig\" \/>\n<script type=\"application\/ld+json\" class=\"yoast-schema-graph\">{\"@context\":\"https:\/\/schema.org\",\"@graph\":[{\"@type\":\"WebPage\",\"@id\":\"https:\/\/startercultures.eu\/de\/product\/fermentation-de\/sodas\/starterkits-de-6\/stellen-sie-ihren-eigenen-wasserkefir-her-starterpaket\/\",\"url\":\"https:\/\/startercultures.eu\/de\/product\/fermentation-de\/sodas\/starterkits-de-6\/stellen-sie-ihren-eigenen-wasserkefir-her-starterpaket\/\",\"name\":\"Wasserkefir Starterpaket | starterculturen.nl\",\"isPartOf\":{\"@id\":\"https:\/\/startercultures.eu\/de\/#website\"},\"primaryImageOfPage\":{\"@id\":\"https:\/\/startercultures.eu\/de\/product\/fermentation-de\/sodas\/starterkits-de-6\/stellen-sie-ihren-eigenen-wasserkefir-her-starterpaket\/#primaryimage\"},\"image\":{\"@id\":\"https:\/\/startercultures.eu\/de\/product\/fermentation-de\/sodas\/starterkits-de-6\/stellen-sie-ihren-eigenen-wasserkefir-her-starterpaket\/#primaryimage\"},\"thumbnailUrl\":\"https:\/\/startercultures.eu\/wp-content\/uploads\/2021\/04\/Waterkefir-starterspakket.png\",\"datePublished\":\"2021-04-17T07:10:47+00:00\",\"dateModified\":\"2026-02-03T21:20:34+00:00\",\"description\":\"Kaufen Sie Ihr Wasserkefir-Starterpaket mit Kefirk\u00f6rnern und Glas zur sofortigen Herstellung.\",\"breadcrumb\":{\"@id\":\"https:\/\/startercultures.eu\/de\/product\/fermentation-de\/sodas\/starterkits-de-6\/stellen-sie-ihren-eigenen-wasserkefir-her-starterpaket\/#breadcrumb\"},\"inLanguage\":\"de-DE\",\"potentialAction\":[{\"@type\":\"ReadAction\",\"target\":[\"https:\/\/startercultures.eu\/de\/product\/fermentation-de\/sodas\/starterkits-de-6\/stellen-sie-ihren-eigenen-wasserkefir-her-starterpaket\/\"]}]},{\"@type\":\"ImageObject\",\"inLanguage\":\"de-DE\",\"@id\":\"https:\/\/startercultures.eu\/de\/product\/fermentation-de\/sodas\/starterkits-de-6\/stellen-sie-ihren-eigenen-wasserkefir-her-starterpaket\/#primaryimage\",\"url\":\"https:\/\/startercultures.eu\/wp-content\/uploads\/2021\/04\/Waterkefir-starterspakket.png\",\"contentUrl\":\"https:\/\/startercultures.eu\/wp-content\/uploads\/2021\/04\/Waterkefir-starterspakket.png\",\"width\":400,\"height\":300,\"caption\":\"Waterkefir starterspakket\"},{\"@type\":\"BreadcrumbList\",\"@id\":\"https:\/\/startercultures.eu\/de\/product\/fermentation-de\/sodas\/starterkits-de-6\/stellen-sie-ihren-eigenen-wasserkefir-her-starterpaket\/#breadcrumb\",\"itemListElement\":[{\"@type\":\"ListItem\",\"position\":1,\"name\":\"Home\",\"item\":\"https:\/\/startercultures.eu\/de\/\"},{\"@type\":\"ListItem\",\"position\":2,\"name\":\"Shop\",\"item\":\"https:\/\/startercultures.eu\/shop\/\"},{\"@type\":\"ListItem\",\"position\":3,\"name\":\"\u201eStellen Sie Ihren eigenen Wasserkefir her\u201c \u2013 Starterpaket\"}]},{\"@type\":\"WebSite\",\"@id\":\"https:\/\/startercultures.eu\/de\/#website\",\"url\":\"https:\/\/startercultures.eu\/de\/\",\"name\":\"Startercultures.eu\",\"description\":\"Startercultures.eu\",\"publisher\":{\"@id\":\"https:\/\/startercultures.eu\/de\/#organization\"},\"potentialAction\":[{\"@type\":\"SearchAction\",\"target\":{\"@type\":\"EntryPoint\",\"urlTemplate\":\"https:\/\/startercultures.eu\/de\/?s={search_term_string}\"},\"query-input\":{\"@type\":\"PropertyValueSpecification\",\"valueRequired\":true,\"valueName\":\"search_term_string\"}}],\"inLanguage\":\"de-DE\"},{\"@type\":\"Organization\",\"@id\":\"https:\/\/startercultures.eu\/de\/#organization\",\"name\":\"Startercultures.eu\",\"url\":\"https:\/\/startercultures.eu\/de\/\",\"logo\":{\"@type\":\"ImageObject\",\"inLanguage\":\"de-DE\",\"@id\":\"https:\/\/startercultures.eu\/de\/#\/schema\/logo\/image\/\",\"url\":\"https:\/\/startercultures.eu\/wp-content\/uploads\/2020\/08\/startercultures-eu-nl-logo-rond-rgb.png\",\"contentUrl\":\"https:\/\/startercultures.eu\/wp-content\/uploads\/2020\/08\/startercultures-eu-nl-logo-rond-rgb.png\",\"width\":320,\"height\":320,\"caption\":\"Startercultures.eu\"},\"image\":{\"@id\":\"https:\/\/startercultures.eu\/de\/#\/schema\/logo\/image\/\"},\"sameAs\":[\"https:\/\/www.facebook.com\/startercultureseu\",\"https:\/\/www.instagram.com\/startercultures.eu\/\"]}]}<\/script>\n<meta property=\"product:price:amount\" content=\"45.44\" \/>\n<meta property=\"product:price:currency\" content=\"EUR\" \/>\n<meta property=\"og:availability\" content=\"instock\" \/>\n<meta property=\"product:availability\" content=\"instock\" \/>\n<meta property=\"product:retailer_item_id\" content=\"196\" \/>\n<meta property=\"product:condition\" content=\"new\" \/>\n<!-- \/ Yoast SEO plugin. -->","yoast_head_json":{"title":"Wasserkefir Starterpaket | starterculturen.nl","description":"Kaufen Sie Ihr Wasserkefir-Starterpaket mit Kefirk\u00f6rnern und Glas zur sofortigen Herstellung.","robots":{"index":"index","follow":"follow","max-snippet":"max-snippet:-1","max-image-preview":"max-image-preview:large","max-video-preview":"max-video-preview:-1"},"canonical":"https:\/\/startercultures.eu\/de\/product\/fermentation-de\/sodas\/starterkits-de-6\/stellen-sie-ihren-eigenen-wasserkefir-her-starterpaket\/","og_locale":"de_DE","og_type":"article","og_title":"Wasserkefir Starterpaket | starterculturen.nl","og_description":"Kaufen Sie Ihr Wasserkefir-Starterpaket mit Kefirk\u00f6rnern und Glas zur sofortigen Herstellung.","og_url":"https:\/\/startercultures.eu\/de\/product\/fermentation-de\/sodas\/starterkits-de-6\/stellen-sie-ihren-eigenen-wasserkefir-her-starterpaket\/","og_site_name":"Startercultures.eu","article_publisher":"https:\/\/www.facebook.com\/startercultureseu","article_modified_time":"2026-02-03T21:20:34+00:00","og_image":[{"width":400,"height":300,"url":"https:\/\/startercultures.eu\/wp-content\/uploads\/2021\/04\/Waterkefir-starterspakket.png","type":"image\/png"}],"twitter_card":"summary_large_image","twitter_misc":{"Price":"45,44","Availability":"Vorr\u00e4tig"},"schema":{"@context":"https:\/\/schema.org","@graph":[{"@type":"WebPage","@id":"https:\/\/startercultures.eu\/de\/product\/fermentation-de\/sodas\/starterkits-de-6\/stellen-sie-ihren-eigenen-wasserkefir-her-starterpaket\/","url":"https:\/\/startercultures.eu\/de\/product\/fermentation-de\/sodas\/starterkits-de-6\/stellen-sie-ihren-eigenen-wasserkefir-her-starterpaket\/","name":"Wasserkefir Starterpaket | starterculturen.nl","isPartOf":{"@id":"https:\/\/startercultures.eu\/de\/#website"},"primaryImageOfPage":{"@id":"https:\/\/startercultures.eu\/de\/product\/fermentation-de\/sodas\/starterkits-de-6\/stellen-sie-ihren-eigenen-wasserkefir-her-starterpaket\/#primaryimage"},"image":{"@id":"https:\/\/startercultures.eu\/de\/product\/fermentation-de\/sodas\/starterkits-de-6\/stellen-sie-ihren-eigenen-wasserkefir-her-starterpaket\/#primaryimage"},"thumbnailUrl":"https:\/\/startercultures.eu\/wp-content\/uploads\/2021\/04\/Waterkefir-starterspakket.png","datePublished":"2021-04-17T07:10:47+00:00","dateModified":"2026-02-03T21:20:34+00:00","description":"Kaufen Sie Ihr Wasserkefir-Starterpaket mit Kefirk\u00f6rnern und Glas zur sofortigen Herstellung.","breadcrumb":{"@id":"https:\/\/startercultures.eu\/de\/product\/fermentation-de\/sodas\/starterkits-de-6\/stellen-sie-ihren-eigenen-wasserkefir-her-starterpaket\/#breadcrumb"},"inLanguage":"de-DE","potentialAction":[{"@type":"ReadAction","target":["https:\/\/startercultures.eu\/de\/product\/fermentation-de\/sodas\/starterkits-de-6\/stellen-sie-ihren-eigenen-wasserkefir-her-starterpaket\/"]}]},{"@type":"ImageObject","inLanguage":"de-DE","@id":"https:\/\/startercultures.eu\/de\/product\/fermentation-de\/sodas\/starterkits-de-6\/stellen-sie-ihren-eigenen-wasserkefir-her-starterpaket\/#primaryimage","url":"https:\/\/startercultures.eu\/wp-content\/uploads\/2021\/04\/Waterkefir-starterspakket.png","contentUrl":"https:\/\/startercultures.eu\/wp-content\/uploads\/2021\/04\/Waterkefir-starterspakket.png","width":400,"height":300,"caption":"Waterkefir starterspakket"},{"@type":"BreadcrumbList","@id":"https:\/\/startercultures.eu\/de\/product\/fermentation-de\/sodas\/starterkits-de-6\/stellen-sie-ihren-eigenen-wasserkefir-her-starterpaket\/#breadcrumb","itemListElement":[{"@type":"ListItem","position":1,"name":"Home","item":"https:\/\/startercultures.eu\/de\/"},{"@type":"ListItem","position":2,"name":"Shop","item":"https:\/\/startercultures.eu\/shop\/"},{"@type":"ListItem","position":3,"name":"\u201eStellen Sie Ihren eigenen Wasserkefir her\u201c \u2013 Starterpaket"}]},{"@type":"WebSite","@id":"https:\/\/startercultures.eu\/de\/#website","url":"https:\/\/startercultures.eu\/de\/","name":"Startercultures.eu","description":"Startercultures.eu","publisher":{"@id":"https:\/\/startercultures.eu\/de\/#organization"},"potentialAction":[{"@type":"SearchAction","target":{"@type":"EntryPoint","urlTemplate":"https:\/\/startercultures.eu\/de\/?s={search_term_string}"},"query-input":{"@type":"PropertyValueSpecification","valueRequired":true,"valueName":"search_term_string"}}],"inLanguage":"de-DE"},{"@type":"Organization","@id":"https:\/\/startercultures.eu\/de\/#organization","name":"Startercultures.eu","url":"https:\/\/startercultures.eu\/de\/","logo":{"@type":"ImageObject","inLanguage":"de-DE","@id":"https:\/\/startercultures.eu\/de\/#\/schema\/logo\/image\/","url":"https:\/\/startercultures.eu\/wp-content\/uploads\/2020\/08\/startercultures-eu-nl-logo-rond-rgb.png","contentUrl":"https:\/\/startercultures.eu\/wp-content\/uploads\/2020\/08\/startercultures-eu-nl-logo-rond-rgb.png","width":320,"height":320,"caption":"Startercultures.eu"},"image":{"@id":"https:\/\/startercultures.eu\/de\/#\/schema\/logo\/image\/"},"sameAs":["https:\/\/www.facebook.com\/startercultureseu","https:\/\/www.instagram.com\/startercultures.eu\/"]}]},"product_price_amount":"45.44","product_price_currency":"EUR","og_availability":"instock","product_availability":"instock","product_retailer_item_id":"196","product_condition":"new"},"_links":{"self":[{"href":"https:\/\/startercultures.eu\/de\/wp-json\/wp\/v2\/product\/78508","targetHints":{"allow":["GET"]}}],"collection":[{"href":"https:\/\/startercultures.eu\/de\/wp-json\/wp\/v2\/product"}],"about":[{"href":"https:\/\/startercultures.eu\/de\/wp-json\/wp\/v2\/types\/product"}],"replies":[{"embeddable":true,"href":"https:\/\/startercultures.eu\/de\/wp-json\/wp\/v2\/comments?post=78508"}],"version-history":[{"count":3,"href":"https:\/\/startercultures.eu\/de\/wp-json\/wp\/v2\/product\/78508\/revisions"}],"predecessor-version":[{"id":78861,"href":"https:\/\/startercultures.eu\/de\/wp-json\/wp\/v2\/product\/78508\/revisions\/78861"}],"wp:featuredmedia":[{"embeddable":true,"href":"https:\/\/startercultures.eu\/de\/wp-json\/wp\/v2\/media\/24160"}],"wp:attachment":[{"href":"https:\/\/startercultures.eu\/de\/wp-json\/wp\/v2\/media?parent=78508"}],"wp:term":[{"taxonomy":"product_brand","embeddable":true,"href":"https:\/\/startercultures.eu\/de\/wp-json\/wp\/v2\/product_brand?post=78508"},{"taxonomy":"product_cat","embeddable":true,"href":"https:\/\/startercultures.eu\/de\/wp-json\/wp\/v2\/product_cat?post=78508"},{"taxonomy":"product_tag","embeddable":true,"href":"https:\/\/startercultures.eu\/de\/wp-json\/wp\/v2\/product_tag?post=78508"}],"curies":[{"name":"wp","href":"https:\/\/api.w.org\/{rel}","templated":true}]}}