{"id":80883,"date":"2023-02-23T13:58:57","date_gmt":"2023-02-23T12:58:57","guid":{"rendered":"https:\/\/startercultures.eu\/product\/uncategorized\/kefirko-kombucha-fermenter-mit-staender-und-zapfhahn\/"},"modified":"2025-12-15T21:59:43","modified_gmt":"2025-12-15T20:59:43","slug":"kefirko-kombucha-fermenter-mit-staender-und-zapfhahn","status":"publish","type":"product","link":"https:\/\/startercultures.eu\/de\/product\/fermentation-de\/sodas\/werkzeuge-de-2\/kefirko-kombucha-fermenter-mit-staender-und-zapfhahn\/","title":{"rendered":"Kefirko Kombucha Fermenter | mit St\u00e4nder und Zapfhahn"},"content":{"rendered":"<p>In diesem raffinierten und stilvollen Kombucha-Fermenter k\u00f6nnen Sie ganz einfach Ihren eigenen Kombucha herstellen!<\/p>\n<h3>Woher kommt Kombucha?<\/h3>\n<p>Kombucha ist ein fermentiertes, lebendiges Getr\u00e4nk. Der genaue Ursprung des alten Getr\u00e4nks hat sich im Laufe der Zeit verloren, wird aber vermutlich im Fernen Osten entstanden sein. Die erste registrierte Verwendung von Kombucha stammt aus China im Jahr 221 v. Chr. w\u00e4hrend der Tsin-Dynastie. Kombucha wird auch seit Jahrhunderten in Osteuropa, Russland und Japan verwendet. Es wird angenommen, dass der Name Kombucha im Jahr 415 n. Chr. aus Japan kam, wo ein koreanischer Arzt namens \u201eKombu\u201c den japanischen Kaiser Inyko mit dem fermentierten Tee behandelte und von da an seinen Namen \u201eKombu\u201c und \u201eCha\u201c annahm, was Tee bedeutet.    <\/p>\n<h3>\u00dcber diesen raffinierten Kombucha-Fermenter<\/h3>\n<p>Bereiten Sie schwarzen oder gr\u00fcnen Kombucha-Tee oder Jun mit diesem kompletten Kombucha-Fermenter von h\u00f6chster Qualit\u00e4t in stilvoller Ausf\u00fchrung zu. Der Fermenter ist aus handgefertigtem, mundgeblasenem Glas von bester Qualit\u00e4t und hat einen Silikondeckel mit Filter f\u00fcr eine sichere Kombucha-Fermentation. Dieser Deckel sorgt f\u00fcr eine Interaktion w\u00e4hrend der Fermentation zwischen der Welt und Ihrem Kombucha, von Anfang an, und der Kohlefilter neutralisiert die Ger\u00fcche. Mit der mitgelieferten Fermentationsuhr stellen Sie den ersten Tag der Fermentation ein, sodass Sie genau wissen, wie lange die Fermentation dauert und wann es Zeit ist, sie zu beenden.   <\/p>\n<p>Die luxuri\u00f6se Ausf\u00fchrung mit einem \u00f6kologisch verantwortungsvollen Holzst\u00e4nder aus nachhaltiger Forstwirtschaft f\u00fcr den Glastopf und einem Zapfhahn aus Edelstahl macht diesen Kombucha-Fermenter zu einem echten Hingucker. So sch\u00f6n, dass ich sie lieber nicht verkaufe, aber f\u00fcr Sie mache ich eine Ausnahme. Auch ein sehr sch\u00f6nes Geschenk. Also, wenn Sie mich \u00fcberraschen wollen?   <\/p>\n<h3>Inhalt dieses Kombucha-Fermenters<\/h3>\n<ul>\n<li>1 Kombucha-Fermenter aus Glas, Inhalt 4 l.<\/li>\n<li>1 Silikondeckel mit Kohlefilter und Fermentationsuhr<\/li>\n<li>1 Holzst\u00e4nder<\/li>\n<li>1 Zapfhahn aus Edelstahl<\/li>\n<li>1 Fermentations-Zeituhr<\/li>\n<li>2 Ersatz-Kohlefilter<\/li>\n<li>1 B\u00fcrste zur Reinigung des Hahns<\/li>\n<\/ul>\n<h3>F\u00fcgen Sie es selbst hinzu<\/h3>\n<ul>\n<li><a href=\"https:\/\/startercultures.eu\/de\/product\/fermentation-de\/sodas\/bio-garantiert-sicher-kombucha-scoby\/\" target=\"_blank\" rel=\"noopener\">Kombucha SCOBY<\/a> oder<\/li>\n<li><a href=\"https:\/\/startercultures.eu\/de\/product\/fermentation-de\/sodas\/bio-garantiert-sicher-jun-scoby\/\" target=\"_blank\" rel=\"noopener\">Jun SCOBY<\/a><\/li>\n<\/ul>\n<h3>Kombucha Fermenter kaufen?<\/h3>\n<p>Sie bestellen den Fermenter bei starterculturen.nl, dem Webshop f\u00fcr all Ihre Tempeh, Koji und Tofu. Von Mister Wateetons, dem Autor der Standardwerke <a href=\"https:\/\/www.starterculturen.nl\/a-52122580\/boeken\/over-rot-2015-het-handboek-fermenteren\/\" target=\"_blank\" rel=\"noopener noreferrer\">About Rot (2015<\/a> ) und<a href=\"https:\/\/startercultures.eu\/nl\/product\/boeken\/over-inpakken-2020-nl\/\" target=\"_blank\" rel=\"noopener\"> About Packing (2020<\/a>). An Werktagen vor 15:00 Uhr bestellt, am selben Tag versandt. Fragen zur Verwendung des <span data-sheets-value=\"{\"1\":2,\"2\":\"kefirpot\"}\" data-sheets-userformat=\"{\"2\":15359,\"3\":{\"1\":0},\"4\":{\"1\":2,\"2\":3700253},\"5\":{\"1\":[{\"1\":2,\"2\":0,\"5\":{\"1\":2,\"2\":0}},{\"1\":0,\"2\":0,\"3\":3},{\"1\":1,\"2\":0,\"4\":1}]},\"6\":{\"1\":[{\"1\":2,\"2\":0,\"5\":{\"1\":2,\"2\":0}},{\"1\":0,\"2\":0,\"3\":3},{\"1\":1,\"2\":0,\"4\":1}]},\"7\":{\"1\":[{\"1\":2,\"2\":0,\"5\":{\"1\":2,\"2\":0}},{\"1\":0,\"2\":0,\"3\":3},{\"1\":1,\"2\":0,\"4\":1}]},\"8\":{\"1\":[{\"1\":2,\"2\":0,\"5\":{\"1\":2,\"2\":0}},{\"1\":0,\"2\":0,\"3\":3},{\"1\":1,\"2\":0,\"4\":1}]},\"9\":0,\"10\":0,\"11\":4,\"12\":0,\"14\":{\"1\":3,\"3\":1},\"15\":\"Arial\",\"16\":9}\">Kefirkessels<\/span>? Fragen Sie sie \u00fcber die Chatfunktion. Wir kommen da immer wieder raus.<\/p>\n<h3>Online-Kurs \u201eMachen Sie Ihren eigenen Kombucha\u201c<\/h3>\n<h3><a href=\"https:\/\/startercultures.eu\/nl\/product\/fermentation-nl\/frisdrank-nl\/online-on-demand-workshop-maak-je-eigen-kombucha\/\" target=\"_blank\" rel=\"noopener\"><img decoding=\"async\" class=\"lazyload wp-image-75552 alignright\" style=\"font-size: 16px;\" src=\"https:\/\/startercultures.eu\/wp-content\/uploads\/2021\/01\/KOMBUCHA-300x300.png\" data-orig-src=\"https:\/\/startercultures.eu\/wp-content\/uploads\/2021\/01\/KOMBUCHA-300x300.png\" alt=\"\" width=\"88\" height=\"88\" srcset=\"data:image\/svg+xml,%3Csvg%20xmlns%3D%27http%3A%2F%2Fwww.w3.org%2F2000%2Fsvg%27%20width%3D%2788%27%20height%3D%2788%27%20viewBox%3D%270%200%2088%2088%27%3E%3Crect%20width%3D%2788%27%20height%3D%2788%27%20fill-opacity%3D%220%22%2F%3E%3C%2Fsvg%3E\" data-srcset=\"https:\/\/startercultures.eu\/wp-content\/uploads\/2021\/01\/KOMBUCHA-66x66.png 66w, https:\/\/startercultures.eu\/wp-content\/uploads\/2021\/01\/KOMBUCHA-100x100.png 100w, https:\/\/startercultures.eu\/wp-content\/uploads\/2021\/01\/KOMBUCHA-150x150.png 150w, https:\/\/startercultures.eu\/wp-content\/uploads\/2021\/01\/KOMBUCHA-200x200.png 200w, https:\/\/startercultures.eu\/wp-content\/uploads\/2021\/01\/KOMBUCHA-300x300.png 300w, https:\/\/startercultures.eu\/wp-content\/uploads\/2021\/01\/KOMBUCHA-400x400.png 400w, https:\/\/startercultures.eu\/wp-content\/uploads\/2021\/01\/KOMBUCHA-500x500.png 500w, https:\/\/startercultures.eu\/wp-content\/uploads\/2021\/01\/KOMBUCHA-600x600.png 600w, https:\/\/startercultures.eu\/wp-content\/uploads\/2021\/01\/KOMBUCHA-700x700.png 700w, https:\/\/startercultures.eu\/wp-content\/uploads\/2021\/01\/KOMBUCHA-768x768.png 768w, https:\/\/startercultures.eu\/wp-content\/uploads\/2021\/01\/KOMBUCHA-800x800.png 800w, https:\/\/startercultures.eu\/wp-content\/uploads\/2021\/01\/KOMBUCHA.png 1000w\" data-sizes=\"auto\" data-orig-sizes=\"(max-width: 88px) 100vw, 88px\" \/><\/a><\/h3>\n<p>W\u00e4hrend dieses <a href=\"https:\/\/startercultures.eu\/nl\/product\/fermentation-nl\/frisdrank-nl\/online-on-demand-workshop-maak-je-eigen-kombucha\/\" target=\"_blank\" rel=\"noopener\">Online-On-Demand-Workshops<\/a> lernen Sie von der Foodwriterin und Fermentationsexpertin alles \u00fcber die Herstellung von Kombucha. Dieses fermentierte Getr\u00e4nk ist lecker, frisch und prickelnd, gesund und super angesagt. Super toll ist, dass Sie es selbst herstellen k\u00f6nnen, dass Sie endlos damit variieren k\u00f6nnen und dass Sie es f\u00fcr den Rest Ihres Lebens herstellen k\u00f6nnen, sobald Sie einen Starter im Haus haben. W\u00e4hrend unserer Masterclass wird sich zeigen, dass die Kombucha-Herstellung nicht schwierig ist und dass Sie keine besonderen Materialien oder Umst\u00e4nde daf\u00fcr ben\u00f6tigen.   <\/p>\n","protected":false},"excerpt":{"rendered":"<p>Bereiten Sie schwarzen oder gr\u00fcnen Kombucha-Tee oder Jun mit diesem handgefertigten Kombucha-Fermenter von hoher Qualit\u00e4t und stilvoller Verarbeitung zu, komplett mit Deckel mit Fermentationsuhr, Kohlefilter, St\u00e4nder und Zapfhahn.<\/p>\n","protected":false},"featured_media":33183,"comment_status":"open","ping_status":"closed","template":"","meta":{"_acf_changed":false,"footnotes":""},"product_brand":[],"product_cat":[1733,726,658],"product_tag":[],"class_list":{"0":"post-80883","1":"product","2":"type-product","3":"status-publish","4":"has-post-thumbnail","6":"product_cat-fermentieren-de-2","7":"product_cat-sodas","8":"product_cat-werkzeuge-de-2","9":"product_shipping_class-sperrig","10":"pa_ean-3830063020830-de","12":"first","13":"instock","14":"taxable","15":"shipping-taxable","16":"purchasable","17":"product-type-simple"},"acf":[],"yoast_head":"<!-- This site is optimized with the Yoast SEO plugin v26.6 - https:\/\/yoast.com\/wordpress\/plugins\/seo\/ -->\n<title>Kombucha Fermenter - Startercultures.eu<\/title>\n<meta name=\"description\" content=\"Bereiten Sie schwarzen oder gr\u00fcnen Kombucha-Tee oder Jun mit diesem kompletten Kombucha-Fermenter von hoher Qualit\u00e4t und stilvoller Verarbeitung zu.\" \/>\n<meta name=\"robots\" content=\"index, follow, max-snippet:-1, max-image-preview:large, max-video-preview:-1\" \/>\n<link rel=\"canonical\" href=\"https:\/\/startercultures.eu\/de\/product\/fermentation-de\/sodas\/werkzeuge-de-2\/kefirko-kombucha-fermenter-mit-staender-und-zapfhahn\/\" \/>\n<meta property=\"og:locale\" content=\"de_DE\" \/>\n<meta property=\"og:type\" content=\"article\" \/>\n<meta property=\"og:title\" content=\"Kombucha Fermenter - Startercultures.eu\" \/>\n<meta property=\"og:description\" content=\"Bereiten Sie schwarzen oder gr\u00fcnen Kombucha-Tee oder Jun mit diesem kompletten Kombucha-Fermenter von hoher Qualit\u00e4t und stilvoller Verarbeitung zu.\" \/>\n<meta property=\"og:url\" content=\"https:\/\/startercultures.eu\/de\/product\/fermentation-de\/sodas\/werkzeuge-de-2\/kefirko-kombucha-fermenter-mit-staender-und-zapfhahn\/\" \/>\n<meta property=\"og:site_name\" content=\"Startercultures.eu\" \/>\n<meta property=\"article:publisher\" content=\"https:\/\/www.facebook.com\/startercultureseu\" \/>\n<meta property=\"article:modified_time\" content=\"2025-12-15T20:59:43+00:00\" \/>\n<meta property=\"og:image\" content=\"https:\/\/startercultures.eu\/wp-content\/uploads\/2023\/02\/kombucha-fermenter.png\" \/>\n\t<meta property=\"og:image:width\" content=\"938\" \/>\n\t<meta property=\"og:image:height\" content=\"1250\" \/>\n\t<meta property=\"og:image:type\" content=\"image\/png\" \/>\n<meta name=\"twitter:card\" content=\"summary_large_image\" \/>\n<meta name=\"twitter:label1\" content=\"Price\" \/>\n\t<meta name=\"twitter:data1\" content=\"79,99\" \/>\n\t<meta name=\"twitter:label2\" content=\"Availability\" \/>\n\t<meta name=\"twitter:data2\" content=\"Vorr\u00e4tig\" \/>\n<script type=\"application\/ld+json\" class=\"yoast-schema-graph\">{\"@context\":\"https:\/\/schema.org\",\"@graph\":[{\"@type\":\"WebPage\",\"@id\":\"https:\/\/startercultures.eu\/de\/product\/fermentation-de\/sodas\/werkzeuge-de-2\/kefirko-kombucha-fermenter-mit-staender-und-zapfhahn\/\",\"url\":\"https:\/\/startercultures.eu\/de\/product\/fermentation-de\/sodas\/werkzeuge-de-2\/kefirko-kombucha-fermenter-mit-staender-und-zapfhahn\/\",\"name\":\"Kombucha Fermenter - Startercultures.eu\",\"isPartOf\":{\"@id\":\"https:\/\/startercultures.eu\/de\/#website\"},\"primaryImageOfPage\":{\"@id\":\"https:\/\/startercultures.eu\/de\/product\/fermentation-de\/sodas\/werkzeuge-de-2\/kefirko-kombucha-fermenter-mit-staender-und-zapfhahn\/#primaryimage\"},\"image\":{\"@id\":\"https:\/\/startercultures.eu\/de\/product\/fermentation-de\/sodas\/werkzeuge-de-2\/kefirko-kombucha-fermenter-mit-staender-und-zapfhahn\/#primaryimage\"},\"thumbnailUrl\":\"https:\/\/startercultures.eu\/wp-content\/uploads\/2023\/02\/kombucha-fermenter.png\",\"datePublished\":\"2023-02-23T12:58:57+00:00\",\"dateModified\":\"2025-12-15T20:59:43+00:00\",\"description\":\"Bereiten Sie schwarzen oder gr\u00fcnen Kombucha-Tee oder Jun mit diesem kompletten Kombucha-Fermenter von hoher Qualit\u00e4t und stilvoller Verarbeitung zu.\",\"breadcrumb\":{\"@id\":\"https:\/\/startercultures.eu\/de\/product\/fermentation-de\/sodas\/werkzeuge-de-2\/kefirko-kombucha-fermenter-mit-staender-und-zapfhahn\/#breadcrumb\"},\"inLanguage\":\"de-DE\",\"potentialAction\":[{\"@type\":\"ReadAction\",\"target\":[\"https:\/\/startercultures.eu\/de\/product\/fermentation-de\/sodas\/werkzeuge-de-2\/kefirko-kombucha-fermenter-mit-staender-und-zapfhahn\/\"]}]},{\"@type\":\"ImageObject\",\"inLanguage\":\"de-DE\",\"@id\":\"https:\/\/startercultures.eu\/de\/product\/fermentation-de\/sodas\/werkzeuge-de-2\/kefirko-kombucha-fermenter-mit-staender-und-zapfhahn\/#primaryimage\",\"url\":\"https:\/\/startercultures.eu\/wp-content\/uploads\/2023\/02\/kombucha-fermenter.png\",\"contentUrl\":\"https:\/\/startercultures.eu\/wp-content\/uploads\/2023\/02\/kombucha-fermenter.png\",\"width\":938,\"height\":1250,\"caption\":\"kombucha fermenter\"},{\"@type\":\"BreadcrumbList\",\"@id\":\"https:\/\/startercultures.eu\/de\/product\/fermentation-de\/sodas\/werkzeuge-de-2\/kefirko-kombucha-fermenter-mit-staender-und-zapfhahn\/#breadcrumb\",\"itemListElement\":[{\"@type\":\"ListItem\",\"position\":1,\"name\":\"Home\",\"item\":\"https:\/\/startercultures.eu\/de\/\"},{\"@type\":\"ListItem\",\"position\":2,\"name\":\"Shop\",\"item\":\"https:\/\/startercultures.eu\/shop\/\"},{\"@type\":\"ListItem\",\"position\":3,\"name\":\"Kefirko Kombucha Fermenter | mit St\u00e4nder und Zapfhahn\"}]},{\"@type\":\"WebSite\",\"@id\":\"https:\/\/startercultures.eu\/de\/#website\",\"url\":\"https:\/\/startercultures.eu\/de\/\",\"name\":\"Startercultures.eu\",\"description\":\"Startercultures.eu\",\"publisher\":{\"@id\":\"https:\/\/startercultures.eu\/de\/#organization\"},\"potentialAction\":[{\"@type\":\"SearchAction\",\"target\":{\"@type\":\"EntryPoint\",\"urlTemplate\":\"https:\/\/startercultures.eu\/de\/?s={search_term_string}\"},\"query-input\":{\"@type\":\"PropertyValueSpecification\",\"valueRequired\":true,\"valueName\":\"search_term_string\"}}],\"inLanguage\":\"de-DE\"},{\"@type\":\"Organization\",\"@id\":\"https:\/\/startercultures.eu\/de\/#organization\",\"name\":\"Startercultures.eu\",\"url\":\"https:\/\/startercultures.eu\/de\/\",\"logo\":{\"@type\":\"ImageObject\",\"inLanguage\":\"de-DE\",\"@id\":\"https:\/\/startercultures.eu\/de\/#\/schema\/logo\/image\/\",\"url\":\"https:\/\/startercultures.eu\/wp-content\/uploads\/2020\/08\/startercultures-eu-nl-logo-rond-rgb.png\",\"contentUrl\":\"https:\/\/startercultures.eu\/wp-content\/uploads\/2020\/08\/startercultures-eu-nl-logo-rond-rgb.png\",\"width\":320,\"height\":320,\"caption\":\"Startercultures.eu\"},\"image\":{\"@id\":\"https:\/\/startercultures.eu\/de\/#\/schema\/logo\/image\/\"},\"sameAs\":[\"https:\/\/www.facebook.com\/startercultureseu\",\"https:\/\/www.instagram.com\/startercultures.eu\/\"],\"hasMerchantReturnPolicy\":{\"@type\":\"MerchantReturnPolicy\",\"merchantReturnLink\":\"https:\/\/startercultures.eu\/return-policy\/\"}}]}<\/script>\n<meta property=\"product:price:amount\" content=\"79.99\" \/>\n<meta property=\"product:price:currency\" content=\"EUR\" \/>\n<meta property=\"og:availability\" content=\"instock\" \/>\n<meta property=\"product:availability\" content=\"instock\" \/>\n<meta property=\"product:retailer_item_id\" content=\"296\" \/>\n<meta property=\"product:condition\" content=\"new\" \/>\n<!-- \/ Yoast SEO plugin. -->","yoast_head_json":{"title":"Kombucha Fermenter - Startercultures.eu","description":"Bereiten Sie schwarzen oder gr\u00fcnen Kombucha-Tee oder Jun mit diesem kompletten Kombucha-Fermenter von hoher Qualit\u00e4t und stilvoller Verarbeitung zu.","robots":{"index":"index","follow":"follow","max-snippet":"max-snippet:-1","max-image-preview":"max-image-preview:large","max-video-preview":"max-video-preview:-1"},"canonical":"https:\/\/startercultures.eu\/de\/product\/fermentation-de\/sodas\/werkzeuge-de-2\/kefirko-kombucha-fermenter-mit-staender-und-zapfhahn\/","og_locale":"de_DE","og_type":"article","og_title":"Kombucha Fermenter - Startercultures.eu","og_description":"Bereiten Sie schwarzen oder gr\u00fcnen Kombucha-Tee oder Jun mit diesem kompletten Kombucha-Fermenter von hoher Qualit\u00e4t und stilvoller Verarbeitung zu.","og_url":"https:\/\/startercultures.eu\/de\/product\/fermentation-de\/sodas\/werkzeuge-de-2\/kefirko-kombucha-fermenter-mit-staender-und-zapfhahn\/","og_site_name":"Startercultures.eu","article_publisher":"https:\/\/www.facebook.com\/startercultureseu","article_modified_time":"2025-12-15T20:59:43+00:00","og_image":[{"width":938,"height":1250,"url":"https:\/\/startercultures.eu\/wp-content\/uploads\/2023\/02\/kombucha-fermenter.png","type":"image\/png"}],"twitter_card":"summary_large_image","twitter_misc":{"Price":"79,99","Availability":"Vorr\u00e4tig"},"schema":{"@context":"https:\/\/schema.org","@graph":[{"@type":"WebPage","@id":"https:\/\/startercultures.eu\/de\/product\/fermentation-de\/sodas\/werkzeuge-de-2\/kefirko-kombucha-fermenter-mit-staender-und-zapfhahn\/","url":"https:\/\/startercultures.eu\/de\/product\/fermentation-de\/sodas\/werkzeuge-de-2\/kefirko-kombucha-fermenter-mit-staender-und-zapfhahn\/","name":"Kombucha Fermenter - Startercultures.eu","isPartOf":{"@id":"https:\/\/startercultures.eu\/de\/#website"},"primaryImageOfPage":{"@id":"https:\/\/startercultures.eu\/de\/product\/fermentation-de\/sodas\/werkzeuge-de-2\/kefirko-kombucha-fermenter-mit-staender-und-zapfhahn\/#primaryimage"},"image":{"@id":"https:\/\/startercultures.eu\/de\/product\/fermentation-de\/sodas\/werkzeuge-de-2\/kefirko-kombucha-fermenter-mit-staender-und-zapfhahn\/#primaryimage"},"thumbnailUrl":"https:\/\/startercultures.eu\/wp-content\/uploads\/2023\/02\/kombucha-fermenter.png","datePublished":"2023-02-23T12:58:57+00:00","dateModified":"2025-12-15T20:59:43+00:00","description":"Bereiten Sie schwarzen oder gr\u00fcnen Kombucha-Tee oder Jun mit diesem kompletten Kombucha-Fermenter von hoher Qualit\u00e4t und stilvoller Verarbeitung zu.","breadcrumb":{"@id":"https:\/\/startercultures.eu\/de\/product\/fermentation-de\/sodas\/werkzeuge-de-2\/kefirko-kombucha-fermenter-mit-staender-und-zapfhahn\/#breadcrumb"},"inLanguage":"de-DE","potentialAction":[{"@type":"ReadAction","target":["https:\/\/startercultures.eu\/de\/product\/fermentation-de\/sodas\/werkzeuge-de-2\/kefirko-kombucha-fermenter-mit-staender-und-zapfhahn\/"]}]},{"@type":"ImageObject","inLanguage":"de-DE","@id":"https:\/\/startercultures.eu\/de\/product\/fermentation-de\/sodas\/werkzeuge-de-2\/kefirko-kombucha-fermenter-mit-staender-und-zapfhahn\/#primaryimage","url":"https:\/\/startercultures.eu\/wp-content\/uploads\/2023\/02\/kombucha-fermenter.png","contentUrl":"https:\/\/startercultures.eu\/wp-content\/uploads\/2023\/02\/kombucha-fermenter.png","width":938,"height":1250,"caption":"kombucha fermenter"},{"@type":"BreadcrumbList","@id":"https:\/\/startercultures.eu\/de\/product\/fermentation-de\/sodas\/werkzeuge-de-2\/kefirko-kombucha-fermenter-mit-staender-und-zapfhahn\/#breadcrumb","itemListElement":[{"@type":"ListItem","position":1,"name":"Home","item":"https:\/\/startercultures.eu\/de\/"},{"@type":"ListItem","position":2,"name":"Shop","item":"https:\/\/startercultures.eu\/shop\/"},{"@type":"ListItem","position":3,"name":"Kefirko Kombucha Fermenter | mit St\u00e4nder und Zapfhahn"}]},{"@type":"WebSite","@id":"https:\/\/startercultures.eu\/de\/#website","url":"https:\/\/startercultures.eu\/de\/","name":"Startercultures.eu","description":"Startercultures.eu","publisher":{"@id":"https:\/\/startercultures.eu\/de\/#organization"},"potentialAction":[{"@type":"SearchAction","target":{"@type":"EntryPoint","urlTemplate":"https:\/\/startercultures.eu\/de\/?s={search_term_string}"},"query-input":{"@type":"PropertyValueSpecification","valueRequired":true,"valueName":"search_term_string"}}],"inLanguage":"de-DE"},{"@type":"Organization","@id":"https:\/\/startercultures.eu\/de\/#organization","name":"Startercultures.eu","url":"https:\/\/startercultures.eu\/de\/","logo":{"@type":"ImageObject","inLanguage":"de-DE","@id":"https:\/\/startercultures.eu\/de\/#\/schema\/logo\/image\/","url":"https:\/\/startercultures.eu\/wp-content\/uploads\/2020\/08\/startercultures-eu-nl-logo-rond-rgb.png","contentUrl":"https:\/\/startercultures.eu\/wp-content\/uploads\/2020\/08\/startercultures-eu-nl-logo-rond-rgb.png","width":320,"height":320,"caption":"Startercultures.eu"},"image":{"@id":"https:\/\/startercultures.eu\/de\/#\/schema\/logo\/image\/"},"sameAs":["https:\/\/www.facebook.com\/startercultureseu","https:\/\/www.instagram.com\/startercultures.eu\/"],"hasMerchantReturnPolicy":{"@type":"MerchantReturnPolicy","merchantReturnLink":"https:\/\/startercultures.eu\/return-policy\/"}}]},"product_price_amount":"79.99","product_price_currency":"EUR","og_availability":"instock","product_availability":"instock","product_retailer_item_id":"296","product_condition":"new"},"_links":{"self":[{"href":"https:\/\/startercultures.eu\/de\/wp-json\/wp\/v2\/product\/80883","targetHints":{"allow":["GET"]}}],"collection":[{"href":"https:\/\/startercultures.eu\/de\/wp-json\/wp\/v2\/product"}],"about":[{"href":"https:\/\/startercultures.eu\/de\/wp-json\/wp\/v2\/types\/product"}],"replies":[{"embeddable":true,"href":"https:\/\/startercultures.eu\/de\/wp-json\/wp\/v2\/comments?post=80883"}],"version-history":[{"count":0,"href":"https:\/\/startercultures.eu\/de\/wp-json\/wp\/v2\/product\/80883\/revisions"}],"wp:featuredmedia":[{"embeddable":true,"href":"https:\/\/startercultures.eu\/de\/wp-json\/wp\/v2\/media\/33183"}],"wp:attachment":[{"href":"https:\/\/startercultures.eu\/de\/wp-json\/wp\/v2\/media?parent=80883"}],"wp:term":[{"taxonomy":"product_brand","embeddable":true,"href":"https:\/\/startercultures.eu\/de\/wp-json\/wp\/v2\/product_brand?post=80883"},{"taxonomy":"product_cat","embeddable":true,"href":"https:\/\/startercultures.eu\/de\/wp-json\/wp\/v2\/product_cat?post=80883"},{"taxonomy":"product_tag","embeddable":true,"href":"https:\/\/startercultures.eu\/de\/wp-json\/wp\/v2\/product_tag?post=80883"}],"curies":[{"name":"wp","href":"https:\/\/api.w.org\/{rel}","templated":true}]}}