{"id":82216,"date":"2026-01-26T20:37:03","date_gmt":"2026-01-26T19:37:03","guid":{"rendered":"https:\/\/startercultures.eu\/product\/uncategorized\/rotpot-kraut-all-in-one-sauerkraut-starter-set\/"},"modified":"2026-01-26T20:37:03","modified_gmt":"2026-01-26T19:37:03","slug":"rotpot-kraut-all-in-one-sauerkraut-starter-set","status":"publish","type":"product","link":"https:\/\/startercultures.eu\/de\/product\/fermentation-de\/gemuse-de\/starterkits-de-7\/rotpot-kraut-all-in-one-sauerkraut-starter-set\/","title":{"rendered":"RotPot Kraut | All-in-one-Sauerkraut-Starter-Set"},"content":{"rendered":"<p>Das All-in-one-Sauerkraut-Starter-Set ist ein komplettes Do-it-yourself-Fermentationsset f\u00fcr die eigene Sauerkraut-Herstellung. Alles, was Sie brauchen, ist in der Box enthalten \u2013 Sie geben nur das frische Gem\u00fcse selbst hinzu. Sauerkraut hat noch nie so gut geschmeckt!  <\/p>\n<h3>Was ist das RotPot \u2013 All-in-one-Sauerkraut-Starter-Set?<\/h3>\n<h4 data-start=\"563\" data-end=\"592\">Fermentieren Sie Ihr eigenes Kraut<\/h4>\n<p data-start=\"593\" data-end=\"836\">Fermentation ist eine uralte Konservierungstechnik, bei der Hefen und Bakterien nat\u00fcrlich vorkommende Zucker in milde S\u00e4uren umwandeln. So wird aus Wei\u00dfkohl Sauerkraut \u2013 aber knackiger, frischer und mit mehr Charakter. <\/p>\n<p data-start=\"838\" data-end=\"1042\">Sobald Sie die Fermentation beherrschen, k\u00f6nnen Sie mit einem der Add-ons oder verschiedenen Kr\u00e4utern und Gem\u00fcsesorten experimentieren. Denken Sie an fermentierte Karotten, Blumenkohlr\u00f6schen oder eine Mischung aus verschiedenen Gem\u00fcsesorten (Resten). <\/p>\n<p data-start=\"1044\" data-end=\"1137\">Alle Materialien k\u00f6nnen mit warmem Seifenwasser gewaschen werden (nicht kochen!) und sind endlos wiederverwendbar.<\/p>\n<h3>Inhalt dieses Sauerkraut-Starter-Sets<\/h3>\n<ul>\n<li data-start=\"1169\" data-end=\"1203\">Glas-Fermentationsgef\u00e4\u00df (1000 ml)<\/li>\n<li data-start=\"1169\" data-end=\"1203\">Wasserschloss<\/li>\n<li data-start=\"1169\" data-end=\"1203\">Zwei Deckel<\/li>\n<li data-start=\"1169\" data-end=\"1203\">Gebrauchsfertiges Gew\u00fcrzsalz<\/li>\n<li>Zutaten \u2013 Authentische Kraut-Mischung: Meersalz, Senfsaat, schwarzer Pfeffer, Wacholderbeere und Lorbeerblatt.<\/li>\n<li><strong data-start=\"1373\" data-end=\"1398\">Allergenhinweis:<\/strong> enth\u00e4lt <strong data-start=\"1408\" data-end=\"1419\">SENF<\/strong>.<\/li>\n<\/ul>\n","protected":false},"excerpt":{"rendered":"<p>Unser All-in-one-Sauerkraut-Starter-Set ist ein komplettes Do-it-yourself-Fermentationsset f\u00fcr die eigene Sauerkraut-Herstellung. Alles, was Sie brauchen, ist in der Box enthalten \u2013 Sie geben nur das frische Gem\u00fcse selbst hinzu. Sauerkraut hat noch nie so gut geschmeckt!  <\/p>\n","protected":false},"featured_media":81971,"comment_status":"open","ping_status":"closed","template":"","meta":{"_acf_changed":false,"footnotes":""},"product_brand":[],"product_cat":[716,744,876],"product_tag":[],"class_list":{"0":"post-82216","1":"product","2":"type-product","3":"status-publish","4":"has-post-thumbnail","6":"product_cat-gemuse-de","7":"product_cat-starterkits-de-7","8":"product_cat-fermentation-de","9":"product_shipping_class-sperrig","11":"first","12":"instock","13":"taxable","14":"shipping-taxable","15":"purchasable","16":"product-type-simple"},"acf":[],"yoast_head":"<!-- This site is optimized with the Yoast SEO plugin v26.6 - https:\/\/yoast.com\/wordpress\/plugins\/seo\/ -->\n<title>All-in-one-Sauerkraut-Starter-Set - Startercultures.eu<\/title>\n<meta name=\"description\" content=\"Unser All-in-one-Sauerkraut-Starter-Set ist ein komplettes Do-it-yourself-Fermentationsset f\u00fcr die eigene Sauerkraut-Herstellung. Sauerkraut hat noch nie so gut geschmeckt!\" \/>\n<meta name=\"robots\" content=\"index, follow, max-snippet:-1, max-image-preview:large, max-video-preview:-1\" \/>\n<link rel=\"canonical\" href=\"https:\/\/startercultures.eu\/de\/product\/fermentation-de\/gemuse-de\/starterkits-de-7\/rotpot-kraut-all-in-one-sauerkraut-starter-set\/\" \/>\n<meta property=\"og:locale\" content=\"de_DE\" \/>\n<meta property=\"og:type\" content=\"article\" \/>\n<meta property=\"og:title\" content=\"All-in-one-Sauerkraut-Starter-Set - Startercultures.eu\" \/>\n<meta property=\"og:description\" content=\"Unser All-in-one-Sauerkraut-Starter-Set ist ein komplettes Do-it-yourself-Fermentationsset f\u00fcr die eigene Sauerkraut-Herstellung. Sauerkraut hat noch nie so gut geschmeckt!\" \/>\n<meta property=\"og:url\" content=\"https:\/\/startercultures.eu\/de\/product\/fermentation-de\/gemuse-de\/starterkits-de-7\/rotpot-kraut-all-in-one-sauerkraut-starter-set\/\" \/>\n<meta property=\"og:site_name\" content=\"Startercultures.eu\" \/>\n<meta property=\"article:publisher\" content=\"https:\/\/www.facebook.com\/startercultureseu\" \/>\n<meta property=\"og:image\" content=\"https:\/\/startercultures.eu\/wp-content\/uploads\/2026\/01\/RotPot-Kit-Kraut.jpg.webp\" \/>\n\t<meta property=\"og:image:width\" content=\"1080\" \/>\n\t<meta property=\"og:image:height\" content=\"1080\" \/>\n\t<meta property=\"og:image:type\" content=\"image\/webp\" \/>\n<meta name=\"twitter:card\" content=\"summary_large_image\" \/>\n<meta name=\"twitter:label1\" content=\"Price\" \/>\n\t<meta name=\"twitter:data1\" content=\"26,99\" \/>\n\t<meta name=\"twitter:label2\" content=\"Availability\" \/>\n\t<meta name=\"twitter:data2\" content=\"Vorr\u00e4tig\" \/>\n<script type=\"application\/ld+json\" class=\"yoast-schema-graph\">{\"@context\":\"https:\/\/schema.org\",\"@graph\":[{\"@type\":\"WebPage\",\"@id\":\"https:\/\/startercultures.eu\/de\/product\/fermentation-de\/gemuse-de\/starterkits-de-7\/rotpot-kraut-all-in-one-sauerkraut-starter-set\/\",\"url\":\"https:\/\/startercultures.eu\/de\/product\/fermentation-de\/gemuse-de\/starterkits-de-7\/rotpot-kraut-all-in-one-sauerkraut-starter-set\/\",\"name\":\"All-in-one-Sauerkraut-Starter-Set - Startercultures.eu\",\"isPartOf\":{\"@id\":\"https:\/\/startercultures.eu\/de\/#website\"},\"primaryImageOfPage\":{\"@id\":\"https:\/\/startercultures.eu\/de\/product\/fermentation-de\/gemuse-de\/starterkits-de-7\/rotpot-kraut-all-in-one-sauerkraut-starter-set\/#primaryimage\"},\"image\":{\"@id\":\"https:\/\/startercultures.eu\/de\/product\/fermentation-de\/gemuse-de\/starterkits-de-7\/rotpot-kraut-all-in-one-sauerkraut-starter-set\/#primaryimage\"},\"thumbnailUrl\":\"https:\/\/startercultures.eu\/wp-content\/uploads\/2026\/01\/RotPot-Kit-Kraut.jpg.webp\",\"datePublished\":\"2026-01-26T19:37:03+00:00\",\"description\":\"Unser All-in-one-Sauerkraut-Starter-Set ist ein komplettes Do-it-yourself-Fermentationsset f\u00fcr die eigene Sauerkraut-Herstellung. Sauerkraut hat noch nie so gut geschmeckt!\",\"breadcrumb\":{\"@id\":\"https:\/\/startercultures.eu\/de\/product\/fermentation-de\/gemuse-de\/starterkits-de-7\/rotpot-kraut-all-in-one-sauerkraut-starter-set\/#breadcrumb\"},\"inLanguage\":\"de-DE\",\"potentialAction\":[{\"@type\":\"ReadAction\",\"target\":[\"https:\/\/startercultures.eu\/de\/product\/fermentation-de\/gemuse-de\/starterkits-de-7\/rotpot-kraut-all-in-one-sauerkraut-starter-set\/\"]}]},{\"@type\":\"ImageObject\",\"inLanguage\":\"de-DE\",\"@id\":\"https:\/\/startercultures.eu\/de\/product\/fermentation-de\/gemuse-de\/starterkits-de-7\/rotpot-kraut-all-in-one-sauerkraut-starter-set\/#primaryimage\",\"url\":\"https:\/\/startercultures.eu\/wp-content\/uploads\/2026\/01\/RotPot-Kit-Kraut.jpg.webp\",\"contentUrl\":\"https:\/\/startercultures.eu\/wp-content\/uploads\/2026\/01\/RotPot-Kit-Kraut.jpg.webp\",\"width\":1080,\"height\":1080,\"caption\":\"RotPot Kraut\"},{\"@type\":\"BreadcrumbList\",\"@id\":\"https:\/\/startercultures.eu\/de\/product\/fermentation-de\/gemuse-de\/starterkits-de-7\/rotpot-kraut-all-in-one-sauerkraut-starter-set\/#breadcrumb\",\"itemListElement\":[{\"@type\":\"ListItem\",\"position\":1,\"name\":\"Home\",\"item\":\"https:\/\/startercultures.eu\/de\/\"},{\"@type\":\"ListItem\",\"position\":2,\"name\":\"Shop\",\"item\":\"https:\/\/startercultures.eu\/shop\/\"},{\"@type\":\"ListItem\",\"position\":3,\"name\":\"RotPot Kraut | All-in-one-Sauerkraut-Starter-Set\"}]},{\"@type\":\"WebSite\",\"@id\":\"https:\/\/startercultures.eu\/de\/#website\",\"url\":\"https:\/\/startercultures.eu\/de\/\",\"name\":\"Startercultures.eu\",\"description\":\"Startercultures.eu\",\"publisher\":{\"@id\":\"https:\/\/startercultures.eu\/de\/#organization\"},\"potentialAction\":[{\"@type\":\"SearchAction\",\"target\":{\"@type\":\"EntryPoint\",\"urlTemplate\":\"https:\/\/startercultures.eu\/de\/?s={search_term_string}\"},\"query-input\":{\"@type\":\"PropertyValueSpecification\",\"valueRequired\":true,\"valueName\":\"search_term_string\"}}],\"inLanguage\":\"de-DE\"},{\"@type\":\"Organization\",\"@id\":\"https:\/\/startercultures.eu\/de\/#organization\",\"name\":\"Startercultures.eu\",\"url\":\"https:\/\/startercultures.eu\/de\/\",\"logo\":{\"@type\":\"ImageObject\",\"inLanguage\":\"de-DE\",\"@id\":\"https:\/\/startercultures.eu\/de\/#\/schema\/logo\/image\/\",\"url\":\"https:\/\/startercultures.eu\/wp-content\/uploads\/2020\/08\/startercultures-eu-nl-logo-rond-rgb.png\",\"contentUrl\":\"https:\/\/startercultures.eu\/wp-content\/uploads\/2020\/08\/startercultures-eu-nl-logo-rond-rgb.png\",\"width\":320,\"height\":320,\"caption\":\"Startercultures.eu\"},\"image\":{\"@id\":\"https:\/\/startercultures.eu\/de\/#\/schema\/logo\/image\/\"},\"sameAs\":[\"https:\/\/www.facebook.com\/startercultureseu\",\"https:\/\/www.instagram.com\/startercultures.eu\/\"]}]}<\/script>\n<meta property=\"product:price:amount\" content=\"26.99\" \/>\n<meta property=\"product:price:currency\" content=\"EUR\" \/>\n<meta property=\"og:availability\" content=\"instock\" \/>\n<meta property=\"product:availability\" content=\"instock\" \/>\n<meta property=\"product:retailer_item_id\" content=\"398\" \/>\n<meta property=\"product:condition\" content=\"new\" \/>\n<!-- \/ Yoast SEO plugin. -->","yoast_head_json":{"title":"All-in-one-Sauerkraut-Starter-Set - Startercultures.eu","description":"Unser All-in-one-Sauerkraut-Starter-Set ist ein komplettes Do-it-yourself-Fermentationsset f\u00fcr die eigene Sauerkraut-Herstellung. Sauerkraut hat noch nie so gut geschmeckt!","robots":{"index":"index","follow":"follow","max-snippet":"max-snippet:-1","max-image-preview":"max-image-preview:large","max-video-preview":"max-video-preview:-1"},"canonical":"https:\/\/startercultures.eu\/de\/product\/fermentation-de\/gemuse-de\/starterkits-de-7\/rotpot-kraut-all-in-one-sauerkraut-starter-set\/","og_locale":"de_DE","og_type":"article","og_title":"All-in-one-Sauerkraut-Starter-Set - Startercultures.eu","og_description":"Unser All-in-one-Sauerkraut-Starter-Set ist ein komplettes Do-it-yourself-Fermentationsset f\u00fcr die eigene Sauerkraut-Herstellung. Sauerkraut hat noch nie so gut geschmeckt!","og_url":"https:\/\/startercultures.eu\/de\/product\/fermentation-de\/gemuse-de\/starterkits-de-7\/rotpot-kraut-all-in-one-sauerkraut-starter-set\/","og_site_name":"Startercultures.eu","article_publisher":"https:\/\/www.facebook.com\/startercultureseu","og_image":[{"width":1080,"height":1080,"url":"https:\/\/startercultures.eu\/wp-content\/uploads\/2026\/01\/RotPot-Kit-Kraut.jpg.webp","type":"image\/webp"}],"twitter_card":"summary_large_image","twitter_misc":{"Price":"26,99","Availability":"Vorr\u00e4tig"},"schema":{"@context":"https:\/\/schema.org","@graph":[{"@type":"WebPage","@id":"https:\/\/startercultures.eu\/de\/product\/fermentation-de\/gemuse-de\/starterkits-de-7\/rotpot-kraut-all-in-one-sauerkraut-starter-set\/","url":"https:\/\/startercultures.eu\/de\/product\/fermentation-de\/gemuse-de\/starterkits-de-7\/rotpot-kraut-all-in-one-sauerkraut-starter-set\/","name":"All-in-one-Sauerkraut-Starter-Set - Startercultures.eu","isPartOf":{"@id":"https:\/\/startercultures.eu\/de\/#website"},"primaryImageOfPage":{"@id":"https:\/\/startercultures.eu\/de\/product\/fermentation-de\/gemuse-de\/starterkits-de-7\/rotpot-kraut-all-in-one-sauerkraut-starter-set\/#primaryimage"},"image":{"@id":"https:\/\/startercultures.eu\/de\/product\/fermentation-de\/gemuse-de\/starterkits-de-7\/rotpot-kraut-all-in-one-sauerkraut-starter-set\/#primaryimage"},"thumbnailUrl":"https:\/\/startercultures.eu\/wp-content\/uploads\/2026\/01\/RotPot-Kit-Kraut.jpg.webp","datePublished":"2026-01-26T19:37:03+00:00","description":"Unser All-in-one-Sauerkraut-Starter-Set ist ein komplettes Do-it-yourself-Fermentationsset f\u00fcr die eigene Sauerkraut-Herstellung. Sauerkraut hat noch nie so gut geschmeckt!","breadcrumb":{"@id":"https:\/\/startercultures.eu\/de\/product\/fermentation-de\/gemuse-de\/starterkits-de-7\/rotpot-kraut-all-in-one-sauerkraut-starter-set\/#breadcrumb"},"inLanguage":"de-DE","potentialAction":[{"@type":"ReadAction","target":["https:\/\/startercultures.eu\/de\/product\/fermentation-de\/gemuse-de\/starterkits-de-7\/rotpot-kraut-all-in-one-sauerkraut-starter-set\/"]}]},{"@type":"ImageObject","inLanguage":"de-DE","@id":"https:\/\/startercultures.eu\/de\/product\/fermentation-de\/gemuse-de\/starterkits-de-7\/rotpot-kraut-all-in-one-sauerkraut-starter-set\/#primaryimage","url":"https:\/\/startercultures.eu\/wp-content\/uploads\/2026\/01\/RotPot-Kit-Kraut.jpg.webp","contentUrl":"https:\/\/startercultures.eu\/wp-content\/uploads\/2026\/01\/RotPot-Kit-Kraut.jpg.webp","width":1080,"height":1080,"caption":"RotPot Kraut"},{"@type":"BreadcrumbList","@id":"https:\/\/startercultures.eu\/de\/product\/fermentation-de\/gemuse-de\/starterkits-de-7\/rotpot-kraut-all-in-one-sauerkraut-starter-set\/#breadcrumb","itemListElement":[{"@type":"ListItem","position":1,"name":"Home","item":"https:\/\/startercultures.eu\/de\/"},{"@type":"ListItem","position":2,"name":"Shop","item":"https:\/\/startercultures.eu\/shop\/"},{"@type":"ListItem","position":3,"name":"RotPot Kraut | All-in-one-Sauerkraut-Starter-Set"}]},{"@type":"WebSite","@id":"https:\/\/startercultures.eu\/de\/#website","url":"https:\/\/startercultures.eu\/de\/","name":"Startercultures.eu","description":"Startercultures.eu","publisher":{"@id":"https:\/\/startercultures.eu\/de\/#organization"},"potentialAction":[{"@type":"SearchAction","target":{"@type":"EntryPoint","urlTemplate":"https:\/\/startercultures.eu\/de\/?s={search_term_string}"},"query-input":{"@type":"PropertyValueSpecification","valueRequired":true,"valueName":"search_term_string"}}],"inLanguage":"de-DE"},{"@type":"Organization","@id":"https:\/\/startercultures.eu\/de\/#organization","name":"Startercultures.eu","url":"https:\/\/startercultures.eu\/de\/","logo":{"@type":"ImageObject","inLanguage":"de-DE","@id":"https:\/\/startercultures.eu\/de\/#\/schema\/logo\/image\/","url":"https:\/\/startercultures.eu\/wp-content\/uploads\/2020\/08\/startercultures-eu-nl-logo-rond-rgb.png","contentUrl":"https:\/\/startercultures.eu\/wp-content\/uploads\/2020\/08\/startercultures-eu-nl-logo-rond-rgb.png","width":320,"height":320,"caption":"Startercultures.eu"},"image":{"@id":"https:\/\/startercultures.eu\/de\/#\/schema\/logo\/image\/"},"sameAs":["https:\/\/www.facebook.com\/startercultureseu","https:\/\/www.instagram.com\/startercultures.eu\/"]}]},"product_price_amount":"26.99","product_price_currency":"EUR","og_availability":"instock","product_availability":"instock","product_retailer_item_id":"398","product_condition":"new"},"_links":{"self":[{"href":"https:\/\/startercultures.eu\/de\/wp-json\/wp\/v2\/product\/82216","targetHints":{"allow":["GET"]}}],"collection":[{"href":"https:\/\/startercultures.eu\/de\/wp-json\/wp\/v2\/product"}],"about":[{"href":"https:\/\/startercultures.eu\/de\/wp-json\/wp\/v2\/types\/product"}],"replies":[{"embeddable":true,"href":"https:\/\/startercultures.eu\/de\/wp-json\/wp\/v2\/comments?post=82216"}],"version-history":[{"count":0,"href":"https:\/\/startercultures.eu\/de\/wp-json\/wp\/v2\/product\/82216\/revisions"}],"wp:featuredmedia":[{"embeddable":true,"href":"https:\/\/startercultures.eu\/de\/wp-json\/wp\/v2\/media\/81971"}],"wp:attachment":[{"href":"https:\/\/startercultures.eu\/de\/wp-json\/wp\/v2\/media?parent=82216"}],"wp:term":[{"taxonomy":"product_brand","embeddable":true,"href":"https:\/\/startercultures.eu\/de\/wp-json\/wp\/v2\/product_brand?post=82216"},{"taxonomy":"product_cat","embeddable":true,"href":"https:\/\/startercultures.eu\/de\/wp-json\/wp\/v2\/product_cat?post=82216"},{"taxonomy":"product_tag","embeddable":true,"href":"https:\/\/startercultures.eu\/de\/wp-json\/wp\/v2\/product_tag?post=82216"}],"curies":[{"name":"wp","href":"https:\/\/api.w.org\/{rel}","templated":true}]}}