{"id":82625,"date":"2026-02-06T11:38:36","date_gmt":"2026-02-06T10:38:36","guid":{"rendered":"https:\/\/startercultures.eu\/product\/uncategorized\/gemuesefermentationsstarter-fuer-selbstgemachtes-fermentiertes-gemuese\/"},"modified":"2026-04-17T21:20:38","modified_gmt":"2026-04-17T19:20:38","slug":"gemuesefermentationsstarter-fuer-selbstgemachtes-fermentiertes-gemuese","status":"publish","type":"product","link":"https:\/\/startercultures.eu\/de\/product\/fermentation-de\/gemuesefermentationsstarter-fuer-selbstgemachtes-fermentiertes-gemuese\/","title":{"rendered":"Gem\u00fcsefermentationsstarter | F\u00fcr selbstgemachtes fermentiertes Gem\u00fcse"},"content":{"rendered":"<p>Mit dieser Starterkultur erzielen Sie schnellere, zuverl\u00e4ssigere Gem\u00fcsefermentationen. Die pr\u00e4zise Zusammensetzung der Milchs\u00e4urebakterien in diesem Starter beschleunigt den nat\u00fcrlichen Prozess und sorgt f\u00fcr konsistente Ergebnisse, sichere S\u00e4uerung und ein gutes Gleichgewicht zwischen S\u00e4ure, Textur und Geschmack.<\/p>\n<p>Geeignet f\u00fcr Anf\u00e4nger und Fortgeschrittene. Der Starter verhindert unerw\u00fcnschte Geschm\u00e4cker und Ger\u00fcche, w\u00e4hrend Sie probiotikareiches fermentiertes Gem\u00fcse mit dem gew\u00fcnschten Geschmack erhalten.<\/p>\n<h3>Was ist eine Starterkultur f\u00fcr Gem\u00fcse?<\/h3>\n<p>Dieser Starter enth\u00e4lt ausgew\u00e4hlte Milchs\u00e4urebakterien in den richtigen Arten, Mengen und Verh\u00e4ltnissen f\u00fcr eine zuverl\u00e4ssige Gem\u00fcsefermentation. Im Vergleich zu Sauerkrautsaft oder Molke erhalten Sie ein breiteres Spektrum an n\u00fctzlichen Bakterien \u2013 besser f\u00fcr Geschmack, Textur und Lebensmittelsicherheit.<\/p>\n<h3>Warum einen Starter verwenden?<\/h3>\n<p>Gem\u00fcse fermentiert hervorragend von selbst, aber ein Starter ist n\u00fctzlich f\u00fcr:<\/p>\n<ul>\n<li>Konsistente, wiederholbare Ergebnisse (zu Hause, Gastronomie oder Kleinproduktion)<\/li>\n<li>Fermentation von gekochtem Gem\u00fcse (Ketchup, Saucen)<\/li>\n<li>Fermentation mit weniger Salz<\/li>\n<li>Schnellere Fermentation<\/li>\n<li>Zus\u00e4tzliche Sicherheit<\/li>\n<li>Besserer Geschmack, Aroma und Biss<\/li>\n<li>Experimente mit eingelegtem Gem\u00fcse, Kimchi, Fermentationsessigen, scharfen Saucen und anderen Fermentationen<\/li>\n<\/ul>\n<h3>Mikroorganismen<\/h3>\n<p><em>Lactobacillus plantarum, Lactobacillus fermentum, Lactobacillus brevis, Leuconostoc mesenteroides<\/em><\/p>\n<p>Aktivit\u00e4t und St\u00e4rke: Der Starter enth\u00e4lt mehr als 12\u00d710\u2079 KBE\/Gramm Milchs\u00e4urebakterien.<\/p>\n<h3>Inhalt und Lagerung<\/h3>\n<ul>\n<li>Inhalt: 2 Gramm, ausreichend f\u00fcr ca. 50 Liter Salzlake oder 50 kg Gem\u00fcse<\/li>\n<li>Lagerung: im Gefrierschrank<\/li>\n<li>Haltbarkeit: ca. 2 Jahre (siehe Datum auf der Verpackung)<\/li>\n<li>Vollkommen nat\u00fcrlich und biologisch. Keine Konservierungsstoffe, Zusatzstoffe, k\u00fcnstliche Farb- oder Geschmacksstoffe. Keine GVO-Zutaten. Frei von Soja, N\u00fcssen und Gluten. Halal und Koscher. Der Starter enth\u00e4lt ausgew\u00e4hlte lebende Milchs\u00e4urekulturen, isoliert aus nat\u00fcrlichen Quellen in \u00f6kologisch gesch\u00fctzten Gebieten Bulgariens.<\/li>\n<li><strong>Achtung:<\/strong> <em>nicht vegan oder laktosefrei<\/em>. Der Starter enth\u00e4lt die Bakterienst\u00e4mme plus eine minimale Menge biologisches Magermilchpulver als Wachstumsmedium. Eine Spur davon befindet sich in der Verpackung. W\u00e4hrend der Fermentation verbrauchen die Bakterien dieses Milchpulver vollst\u00e4ndig, sodass nichts davon im Endprodukt zur\u00fcckbleibt.<\/li>\n<\/ul>\n<h3>Gebrauchsanweisung<\/h3>\n<h4>Methode 1: Trockensalzen (Sauerkrautmethode)<\/h4>\n<p>Geeignet f\u00fcr Kohl, Blattgem\u00fcse und fein geschnittenes Gem\u00fcse, das eigenes Wasser abgibt.<\/p>\n<ol>\n<li>Wiegen Sie Ihr Gem\u00fcse und berechnen Sie 2% Salz (20 Gramm pro Kilo).<\/li>\n<li>Fein schneiden oder hobeln, Salz und eventuelle Gew\u00fcrze hinzuf\u00fcgen.<\/li>\n<li>Kneten und stampfen Sie kr\u00e4ftig, bis reichlich Fl\u00fcssigkeit austritt.<\/li>\n<li>F\u00fcgen Sie den aufgel\u00f6sten Starter hinzu, mischen Sie gut und stampfen Sie alles fest in ein Glas, sodass die Fl\u00fcssigkeit \u00fcber dem Gem\u00fcse steht.<\/li>\n<li>Verschlie\u00dfen Sie es und lassen Sie es 1-2 Wochen bei Raumtemperatur fermentieren.<\/li>\n<\/ol>\n<h4>Methode 2: Salzlake (Gurkenmethode)<\/h4>\n<p>Geeignet f\u00fcr ganze oder grob geschnittene Gem\u00fcse, die nicht gen\u00fcgend eigene Fl\u00fcssigkeit abgeben: Gurken, Karotten, Blumenkohl, Paprika, gr\u00fcne Bohnen.<\/p>\n<ol>\n<li>Geben Sie das Gem\u00fcse und die Gew\u00fcrze in ein Glas.<\/li>\n<li>F\u00fcgen Sie Wasser hinzu, bis alles bedeckt ist.<\/li>\n<li>Wiegen Sie den gesamten Inhalt (Gem\u00fcse + Wasser) und f\u00fcgen Sie 2% Salz (20 Gramm pro Kilo Gesamtgewicht) plus den aufgel\u00f6sten Starter hinzu.<\/li>\n<li>Vorsichtig umr\u00fchren und das Gem\u00fcse mit einem Gewicht unter Wasser halten.<\/li>\n<li>Verschlie\u00dfen Sie es und lassen Sie es 1-2 Wochen bei Raumtemperatur fermentieren.<\/li>\n<\/ol>\n<h4>Nachsorge<\/h4>\n<p>Messen Sie gegebenenfalls den pH-Wert \u2013 dieser sollte unter 4,6 liegen.<\/p>\n<h3>Online-Kurs &#8216;Fermentieren Sie Ihr eigenes Gem\u00fcse&#8217;<br \/>\n<a href=\"https:\/\/startercultures.eu\/nl\/product\/fermentation-nl\/groente-nl\/online-on-demand-workshop-fermenteer-je-eigen-groente\/\" target=\"_blank\" rel=\"noopener\"><img decoding=\"async\" class=\"lazyload wp-image-75374 alignright\" src=\"https:\/\/startercultures.eu\/wp-content\/uploads\/2021\/01\/GROENTE-300x300.png\" data-orig-src=\"https:\/\/startercultures.eu\/wp-content\/uploads\/2021\/01\/GROENTE-300x300.png\" alt=\"\" width=\"105\" height=\"105\" srcset=\"data:image\/svg+xml,%3Csvg%20xmlns%3D%27http%3A%2F%2Fwww.w3.org%2F2000%2Fsvg%27%20width%3D%27105%27%20height%3D%27105%27%20viewBox%3D%270%200%20105%20105%27%3E%3Crect%20width%3D%27105%27%20height%3D%27105%27%20fill-opacity%3D%220%22%2F%3E%3C%2Fsvg%3E\" data-srcset=\"https:\/\/startercultures.eu\/wp-content\/uploads\/2021\/01\/GROENTE-66x66.png 66w, https:\/\/startercultures.eu\/wp-content\/uploads\/2021\/01\/GROENTE-100x100.png 100w, https:\/\/startercultures.eu\/wp-content\/uploads\/2021\/01\/GROENTE-150x150.png 150w, https:\/\/startercultures.eu\/wp-content\/uploads\/2021\/01\/GROENTE-200x200.png 200w, https:\/\/startercultures.eu\/wp-content\/uploads\/2021\/01\/GROENTE-300x300.png 300w, https:\/\/startercultures.eu\/wp-content\/uploads\/2021\/01\/GROENTE-400x400.png 400w, https:\/\/startercultures.eu\/wp-content\/uploads\/2021\/01\/GROENTE-500x500.png 500w, https:\/\/startercultures.eu\/wp-content\/uploads\/2021\/01\/GROENTE-600x600.png 600w, https:\/\/startercultures.eu\/wp-content\/uploads\/2021\/01\/GROENTE-700x700.png 700w, https:\/\/startercultures.eu\/wp-content\/uploads\/2021\/01\/GROENTE-768x768.png 768w, https:\/\/startercultures.eu\/wp-content\/uploads\/2021\/01\/GROENTE-800x800.png 800w, https:\/\/startercultures.eu\/wp-content\/uploads\/2021\/01\/GROENTE.png 1000w\" data-sizes=\"auto\" data-orig-sizes=\"(max-width: 105px) 100vw, 105px\" \/><\/a><\/h3>\n<p data-path-to-node=\"2\">Fermentieren \u2013 du hast in letzter Zeit sicher schon viel dar\u00fcber geh\u00f6rt. Aber was genau ist das eigentlich? Wie unterscheidet es sich vom Einmachen, Einkochen, Einlegen in Essig und anderen Konservierungstechniken? Wie macht man es sicher? Woran erkennt man, ob etwas schiefgelaufen ist? Ist es so gesund, wie alle sagen?<\/p>\n<p data-path-to-node=\"3\">All diese Fragen werden in diesem <a href=\"https:\/\/startercultures.eu\/how-to-ferment-vegetables-2\/\" target=\"_blank\" rel=\"noopener\">Online-Kurs<\/a> von Meneer Wateetons beantwortet, dem Autor des ma\u00dfgeblichen Fermentations-Handbuchs <i data-path-to-node=\"3\" data-index-in-node=\"131\">Over Rot<\/i>. Er bringt dir genau bei, wie du dein eigenes Sauerkraut, deine eigenen Gurken und dein eigenes Kimchi herstellst. Nach diesem <a href=\"https:\/\/startercultures.eu\/how-to-ferment-vegetables-2\/\" target=\"_blank\" rel=\"noopener\">Kurs<\/a> kannst du <i data-path-to-node=\"3\" data-index-in-node=\"282\">jedes<\/i> Gem\u00fcse selbst fermentieren, weil du die Technik verstehst!<\/p>\n","protected":false},"excerpt":{"rendered":"<p>Fermentieren Sie Ihr Gem\u00fcse schneller und konsistenter mit dieser Starterkultur. Sorgt f\u00fcr schnelle S\u00e4uerung und ein gutes Gleichgewicht zwischen S\u00e4ure, Biss und Geschmack.<\/p>\n","protected":false},"featured_media":82621,"comment_status":"open","ping_status":"closed","template":"","meta":{"_acf_changed":false,"footnotes":""},"product_brand":[],"product_cat":[716,709,876],"product_tag":[],"class_list":{"0":"post-82625","1":"product","2":"type-product","3":"status-publish","4":"has-post-thumbnail","6":"product_cat-gemuse-de","7":"product_cat-starterkulturen-de-4","8":"product_cat-fermentation-de","9":"pa_ean-1740","11":"first","12":"instock","13":"taxable","14":"shipping-taxable","15":"purchasable","16":"product-type-simple"},"acf":[],"yoast_head":"<!-- This site is optimized with the Yoast SEO plugin v26.6 - https:\/\/yoast.com\/wordpress\/plugins\/seo\/ -->\n<title>Gem\u00fcsefermentationsstarter | F\u00fcr selbstgemachtes fermentiertes Gem\u00fcse - Startercultures.eu<\/title>\n<meta name=\"description\" content=\"Bringen Sie Ihre Gem\u00fcsefermentationen mit diesem Fermentations-Starter auf die n\u00e4chste Stufe und sichern Sie sich jedes Mal konsistente Ergebnisse und einen perfekten Geschmack.\" \/>\n<meta name=\"robots\" content=\"index, follow, max-snippet:-1, max-image-preview:large, max-video-preview:-1\" \/>\n<link rel=\"canonical\" href=\"https:\/\/startercultures.eu\/de\/product\/fermentation-de\/gemuesefermentationsstarter-fuer-selbstgemachtes-fermentiertes-gemuese\/\" \/>\n<meta property=\"og:locale\" content=\"de_DE\" \/>\n<meta property=\"og:type\" content=\"article\" \/>\n<meta property=\"og:title\" content=\"Gem\u00fcsefermentationsstarter | F\u00fcr selbstgemachtes fermentiertes Gem\u00fcse - Startercultures.eu\" \/>\n<meta property=\"og:description\" content=\"Bringen Sie Ihre Gem\u00fcsefermentationen mit diesem Fermentations-Starter auf die n\u00e4chste Stufe und sichern Sie sich jedes Mal konsistente Ergebnisse und einen perfekten Geschmack.\" \/>\n<meta property=\"og:url\" content=\"https:\/\/startercultures.eu\/de\/product\/fermentation-de\/gemuesefermentationsstarter-fuer-selbstgemachtes-fermentiertes-gemuese\/\" \/>\n<meta property=\"og:site_name\" content=\"Startercultures.eu\" \/>\n<meta property=\"article:publisher\" content=\"https:\/\/www.facebook.com\/startercultureseu\" \/>\n<meta property=\"article:modified_time\" content=\"2026-04-17T19:20:38+00:00\" \/>\n<meta property=\"og:image\" content=\"https:\/\/startercultures.eu\/wp-content\/uploads\/2026\/01\/veggies-pack-new.jpg\" \/>\n\t<meta property=\"og:image:width\" content=\"701\" \/>\n\t<meta property=\"og:image:height\" content=\"800\" \/>\n\t<meta property=\"og:image:type\" content=\"image\/jpeg\" \/>\n<meta name=\"twitter:card\" content=\"summary_large_image\" \/>\n<meta name=\"twitter:label1\" content=\"Price\" \/>\n\t<meta name=\"twitter:data1\" content=\"14,99\" \/>\n\t<meta name=\"twitter:label2\" content=\"Availability\" \/>\n\t<meta name=\"twitter:data2\" content=\"Vorr\u00e4tig\" \/>\n<script type=\"application\/ld+json\" class=\"yoast-schema-graph\">{\"@context\":\"https:\/\/schema.org\",\"@graph\":[{\"@type\":\"WebPage\",\"@id\":\"https:\/\/startercultures.eu\/de\/product\/fermentation-de\/gemuesefermentationsstarter-fuer-selbstgemachtes-fermentiertes-gemuese\/\",\"url\":\"https:\/\/startercultures.eu\/de\/product\/fermentation-de\/gemuesefermentationsstarter-fuer-selbstgemachtes-fermentiertes-gemuese\/\",\"name\":\"Gem\u00fcsefermentationsstarter | F\u00fcr selbstgemachtes fermentiertes Gem\u00fcse - Startercultures.eu\",\"isPartOf\":{\"@id\":\"https:\/\/startercultures.eu\/de\/#website\"},\"primaryImageOfPage\":{\"@id\":\"https:\/\/startercultures.eu\/de\/product\/fermentation-de\/gemuesefermentationsstarter-fuer-selbstgemachtes-fermentiertes-gemuese\/#primaryimage\"},\"image\":{\"@id\":\"https:\/\/startercultures.eu\/de\/product\/fermentation-de\/gemuesefermentationsstarter-fuer-selbstgemachtes-fermentiertes-gemuese\/#primaryimage\"},\"thumbnailUrl\":\"https:\/\/startercultures.eu\/wp-content\/uploads\/2026\/01\/veggies-pack-new.jpg\",\"datePublished\":\"2026-02-06T10:38:36+00:00\",\"dateModified\":\"2026-04-17T19:20:38+00:00\",\"description\":\"Bringen Sie Ihre Gem\u00fcsefermentationen mit diesem Fermentations-Starter auf die n\u00e4chste Stufe und sichern Sie sich jedes Mal konsistente Ergebnisse und einen perfekten Geschmack.\",\"breadcrumb\":{\"@id\":\"https:\/\/startercultures.eu\/de\/product\/fermentation-de\/gemuesefermentationsstarter-fuer-selbstgemachtes-fermentiertes-gemuese\/#breadcrumb\"},\"inLanguage\":\"de-DE\",\"potentialAction\":[{\"@type\":\"ReadAction\",\"target\":[\"https:\/\/startercultures.eu\/de\/product\/fermentation-de\/gemuesefermentationsstarter-fuer-selbstgemachtes-fermentiertes-gemuese\/\"]}]},{\"@type\":\"ImageObject\",\"inLanguage\":\"de-DE\",\"@id\":\"https:\/\/startercultures.eu\/de\/product\/fermentation-de\/gemuesefermentationsstarter-fuer-selbstgemachtes-fermentiertes-gemuese\/#primaryimage\",\"url\":\"https:\/\/startercultures.eu\/wp-content\/uploads\/2026\/01\/veggies-pack-new.jpg\",\"contentUrl\":\"https:\/\/startercultures.eu\/wp-content\/uploads\/2026\/01\/veggies-pack-new.jpg\",\"width\":701,\"height\":800},{\"@type\":\"BreadcrumbList\",\"@id\":\"https:\/\/startercultures.eu\/de\/product\/fermentation-de\/gemuesefermentationsstarter-fuer-selbstgemachtes-fermentiertes-gemuese\/#breadcrumb\",\"itemListElement\":[{\"@type\":\"ListItem\",\"position\":1,\"name\":\"Home\",\"item\":\"https:\/\/startercultures.eu\/de\/\"},{\"@type\":\"ListItem\",\"position\":2,\"name\":\"Shop\",\"item\":\"https:\/\/startercultures.eu\/shop\/\"},{\"@type\":\"ListItem\",\"position\":3,\"name\":\"Gem\u00fcsefermentationsstarter | F\u00fcr selbstgemachtes fermentiertes Gem\u00fcse\"}]},{\"@type\":\"WebSite\",\"@id\":\"https:\/\/startercultures.eu\/de\/#website\",\"url\":\"https:\/\/startercultures.eu\/de\/\",\"name\":\"Startercultures.eu\",\"description\":\"Startercultures.eu\",\"publisher\":{\"@id\":\"https:\/\/startercultures.eu\/de\/#organization\"},\"potentialAction\":[{\"@type\":\"SearchAction\",\"target\":{\"@type\":\"EntryPoint\",\"urlTemplate\":\"https:\/\/startercultures.eu\/de\/?s={search_term_string}\"},\"query-input\":{\"@type\":\"PropertyValueSpecification\",\"valueRequired\":true,\"valueName\":\"search_term_string\"}}],\"inLanguage\":\"de-DE\"},{\"@type\":\"Organization\",\"@id\":\"https:\/\/startercultures.eu\/de\/#organization\",\"name\":\"Startercultures.eu\",\"url\":\"https:\/\/startercultures.eu\/de\/\",\"logo\":{\"@type\":\"ImageObject\",\"inLanguage\":\"de-DE\",\"@id\":\"https:\/\/startercultures.eu\/de\/#\/schema\/logo\/image\/\",\"url\":\"https:\/\/startercultures.eu\/wp-content\/uploads\/2020\/08\/startercultures-eu-nl-logo-rond-rgb.png\",\"contentUrl\":\"https:\/\/startercultures.eu\/wp-content\/uploads\/2020\/08\/startercultures-eu-nl-logo-rond-rgb.png\",\"width\":320,\"height\":320,\"caption\":\"Startercultures.eu\"},\"image\":{\"@id\":\"https:\/\/startercultures.eu\/de\/#\/schema\/logo\/image\/\"},\"sameAs\":[\"https:\/\/www.facebook.com\/startercultureseu\",\"https:\/\/www.instagram.com\/startercultures.eu\/\"]}]}<\/script>\n<meta property=\"product:price:amount\" content=\"14.99\" \/>\n<meta property=\"product:price:currency\" content=\"EUR\" \/>\n<meta property=\"og:availability\" content=\"instock\" \/>\n<meta property=\"product:availability\" content=\"instock\" \/>\n<meta property=\"product:retailer_item_id\" content=\"400\" \/>\n<meta property=\"product:condition\" content=\"new\" \/>\n<!-- \/ Yoast SEO plugin. -->","yoast_head_json":{"title":"Gem\u00fcsefermentationsstarter | F\u00fcr selbstgemachtes fermentiertes Gem\u00fcse - Startercultures.eu","description":"Bringen Sie Ihre Gem\u00fcsefermentationen mit diesem Fermentations-Starter auf die n\u00e4chste Stufe und sichern Sie sich jedes Mal konsistente Ergebnisse und einen perfekten Geschmack.","robots":{"index":"index","follow":"follow","max-snippet":"max-snippet:-1","max-image-preview":"max-image-preview:large","max-video-preview":"max-video-preview:-1"},"canonical":"https:\/\/startercultures.eu\/de\/product\/fermentation-de\/gemuesefermentationsstarter-fuer-selbstgemachtes-fermentiertes-gemuese\/","og_locale":"de_DE","og_type":"article","og_title":"Gem\u00fcsefermentationsstarter | F\u00fcr selbstgemachtes fermentiertes Gem\u00fcse - Startercultures.eu","og_description":"Bringen Sie Ihre Gem\u00fcsefermentationen mit diesem Fermentations-Starter auf die n\u00e4chste Stufe und sichern Sie sich jedes Mal konsistente Ergebnisse und einen perfekten Geschmack.","og_url":"https:\/\/startercultures.eu\/de\/product\/fermentation-de\/gemuesefermentationsstarter-fuer-selbstgemachtes-fermentiertes-gemuese\/","og_site_name":"Startercultures.eu","article_publisher":"https:\/\/www.facebook.com\/startercultureseu","article_modified_time":"2026-04-17T19:20:38+00:00","og_image":[{"width":701,"height":800,"url":"https:\/\/startercultures.eu\/wp-content\/uploads\/2026\/01\/veggies-pack-new.jpg","type":"image\/jpeg"}],"twitter_card":"summary_large_image","twitter_misc":{"Price":"14,99","Availability":"Vorr\u00e4tig"},"schema":{"@context":"https:\/\/schema.org","@graph":[{"@type":"WebPage","@id":"https:\/\/startercultures.eu\/de\/product\/fermentation-de\/gemuesefermentationsstarter-fuer-selbstgemachtes-fermentiertes-gemuese\/","url":"https:\/\/startercultures.eu\/de\/product\/fermentation-de\/gemuesefermentationsstarter-fuer-selbstgemachtes-fermentiertes-gemuese\/","name":"Gem\u00fcsefermentationsstarter | F\u00fcr selbstgemachtes fermentiertes Gem\u00fcse - Startercultures.eu","isPartOf":{"@id":"https:\/\/startercultures.eu\/de\/#website"},"primaryImageOfPage":{"@id":"https:\/\/startercultures.eu\/de\/product\/fermentation-de\/gemuesefermentationsstarter-fuer-selbstgemachtes-fermentiertes-gemuese\/#primaryimage"},"image":{"@id":"https:\/\/startercultures.eu\/de\/product\/fermentation-de\/gemuesefermentationsstarter-fuer-selbstgemachtes-fermentiertes-gemuese\/#primaryimage"},"thumbnailUrl":"https:\/\/startercultures.eu\/wp-content\/uploads\/2026\/01\/veggies-pack-new.jpg","datePublished":"2026-02-06T10:38:36+00:00","dateModified":"2026-04-17T19:20:38+00:00","description":"Bringen Sie Ihre Gem\u00fcsefermentationen mit diesem Fermentations-Starter auf die n\u00e4chste Stufe und sichern Sie sich jedes Mal konsistente Ergebnisse und einen perfekten Geschmack.","breadcrumb":{"@id":"https:\/\/startercultures.eu\/de\/product\/fermentation-de\/gemuesefermentationsstarter-fuer-selbstgemachtes-fermentiertes-gemuese\/#breadcrumb"},"inLanguage":"de-DE","potentialAction":[{"@type":"ReadAction","target":["https:\/\/startercultures.eu\/de\/product\/fermentation-de\/gemuesefermentationsstarter-fuer-selbstgemachtes-fermentiertes-gemuese\/"]}]},{"@type":"ImageObject","inLanguage":"de-DE","@id":"https:\/\/startercultures.eu\/de\/product\/fermentation-de\/gemuesefermentationsstarter-fuer-selbstgemachtes-fermentiertes-gemuese\/#primaryimage","url":"https:\/\/startercultures.eu\/wp-content\/uploads\/2026\/01\/veggies-pack-new.jpg","contentUrl":"https:\/\/startercultures.eu\/wp-content\/uploads\/2026\/01\/veggies-pack-new.jpg","width":701,"height":800},{"@type":"BreadcrumbList","@id":"https:\/\/startercultures.eu\/de\/product\/fermentation-de\/gemuesefermentationsstarter-fuer-selbstgemachtes-fermentiertes-gemuese\/#breadcrumb","itemListElement":[{"@type":"ListItem","position":1,"name":"Home","item":"https:\/\/startercultures.eu\/de\/"},{"@type":"ListItem","position":2,"name":"Shop","item":"https:\/\/startercultures.eu\/shop\/"},{"@type":"ListItem","position":3,"name":"Gem\u00fcsefermentationsstarter | F\u00fcr selbstgemachtes fermentiertes Gem\u00fcse"}]},{"@type":"WebSite","@id":"https:\/\/startercultures.eu\/de\/#website","url":"https:\/\/startercultures.eu\/de\/","name":"Startercultures.eu","description":"Startercultures.eu","publisher":{"@id":"https:\/\/startercultures.eu\/de\/#organization"},"potentialAction":[{"@type":"SearchAction","target":{"@type":"EntryPoint","urlTemplate":"https:\/\/startercultures.eu\/de\/?s={search_term_string}"},"query-input":{"@type":"PropertyValueSpecification","valueRequired":true,"valueName":"search_term_string"}}],"inLanguage":"de-DE"},{"@type":"Organization","@id":"https:\/\/startercultures.eu\/de\/#organization","name":"Startercultures.eu","url":"https:\/\/startercultures.eu\/de\/","logo":{"@type":"ImageObject","inLanguage":"de-DE","@id":"https:\/\/startercultures.eu\/de\/#\/schema\/logo\/image\/","url":"https:\/\/startercultures.eu\/wp-content\/uploads\/2020\/08\/startercultures-eu-nl-logo-rond-rgb.png","contentUrl":"https:\/\/startercultures.eu\/wp-content\/uploads\/2020\/08\/startercultures-eu-nl-logo-rond-rgb.png","width":320,"height":320,"caption":"Startercultures.eu"},"image":{"@id":"https:\/\/startercultures.eu\/de\/#\/schema\/logo\/image\/"},"sameAs":["https:\/\/www.facebook.com\/startercultureseu","https:\/\/www.instagram.com\/startercultures.eu\/"]}]},"product_price_amount":"14.99","product_price_currency":"EUR","og_availability":"instock","product_availability":"instock","product_retailer_item_id":"400","product_condition":"new"},"_links":{"self":[{"href":"https:\/\/startercultures.eu\/de\/wp-json\/wp\/v2\/product\/82625","targetHints":{"allow":["GET"]}}],"collection":[{"href":"https:\/\/startercultures.eu\/de\/wp-json\/wp\/v2\/product"}],"about":[{"href":"https:\/\/startercultures.eu\/de\/wp-json\/wp\/v2\/types\/product"}],"replies":[{"embeddable":true,"href":"https:\/\/startercultures.eu\/de\/wp-json\/wp\/v2\/comments?post=82625"}],"version-history":[{"count":3,"href":"https:\/\/startercultures.eu\/de\/wp-json\/wp\/v2\/product\/82625\/revisions"}],"predecessor-version":[{"id":82628,"href":"https:\/\/startercultures.eu\/de\/wp-json\/wp\/v2\/product\/82625\/revisions\/82628"}],"wp:featuredmedia":[{"embeddable":true,"href":"https:\/\/startercultures.eu\/de\/wp-json\/wp\/v2\/media\/82621"}],"wp:attachment":[{"href":"https:\/\/startercultures.eu\/de\/wp-json\/wp\/v2\/media?parent=82625"}],"wp:term":[{"taxonomy":"product_brand","embeddable":true,"href":"https:\/\/startercultures.eu\/de\/wp-json\/wp\/v2\/product_brand?post=82625"},{"taxonomy":"product_cat","embeddable":true,"href":"https:\/\/startercultures.eu\/de\/wp-json\/wp\/v2\/product_cat?post=82625"},{"taxonomy":"product_tag","embeddable":true,"href":"https:\/\/startercultures.eu\/de\/wp-json\/wp\/v2\/product_tag?post=82625"}],"curies":[{"name":"wp","href":"https:\/\/api.w.org\/{rel}","templated":true}]}}