{"id":83685,"date":"2026-03-06T15:53:56","date_gmt":"2026-03-06T14:53:56","guid":{"rendered":"https:\/\/startercultures.eu\/product\/uncategorized\/yoba-probiotischer-joghurt-eine-joghurtkultur-mit-einer-geschichte\/"},"modified":"2026-03-10T17:55:53","modified_gmt":"2026-03-10T16:55:53","slug":"yoba-probiotischer-joghurt-eine-joghurtkultur-mit-einer-geschichte","status":"publish","type":"product","link":"https:\/\/startercultures.eu\/de\/product\/fermentieren-de-2\/yoba-probiotischer-joghurt-eine-joghurtkultur-mit-einer-geschichte\/","title":{"rendered":"Yoba probiotischer Joghurt \u2013 eine Joghurtkultur mit einer Geschichte"},"content":{"rendered":"<h3 data-start=\"252\" data-end=\"297\">Probiotische Joghurtkultur \u2013 Yoba for Life<\/h3>\n<p data-start=\"299\" data-end=\"330\">Eine Joghurtkultur mit einer Geschichte. Mit Yoba probiotischem Joghurt fermentieren Sie Milch zu probiotischem Joghurt zu Hause. Die Kultur wurde urspr\u00fcnglich nicht nur entwickelt, um Joghurt herzustellen, sondern auch um die Ern\u00e4hrung zu verbessern und kleine lokale Joghurtunternehmen in Teilen Afrikas zu schaffen.<\/p>\n<h3 data-start=\"3735\" data-end=\"3761\">Unterst\u00fctzung des Projekts<\/h3>\n<p data-start=\"3763\" data-end=\"3859\">Alle Gewinne aus dem Verkauf dieser Starterkultur werden an das Yoba for Life-Projekt zur\u00fcckgespendet.<\/p>\n<h3 data-start=\"771\" data-end=\"791\">Was ist Joghurt?<\/h3>\n<p data-start=\"793\" data-end=\"983\">Joghurt ist ein fermentiertes Milchprodukt, das durch Bakterien entsteht, die Laktose (Milchzucker) in Milchs\u00e4ure umwandeln. Diese S\u00e4ure dickt die Milch ein und verleiht dem Joghurt seinen frischen, leicht s\u00e4uerlichen Geschmack. Die meisten Joghurts werden aus Kuhmilch hergestellt, aber auch Ziegen-, Schafs- oder B\u00fcffelmilch funktionieren gut. Jede Milchsorte erzeugt leicht unterschiedliche Texturen und Geschmacksrichtungen. Verschiedene Starterkulturen erzeugen unterschiedliche Joghurtstile.<\/p>\n<h3 data-start=\"1202\" data-end=\"1238\">\u00dcber die Yoba probiotische Starterkultur<\/h3>\n<p data-start=\"1240\" data-end=\"1356\">Die Yoba Starterkultur wurde als probiotische Joghurtkultur entwickelt, die \u00fcberall auf der Welt einfach verwendet werden kann. Sie enth\u00e4lt ausgew\u00e4hlte Milchs\u00e4urebakterien, die Milch fermentieren und ein gesundes Darmmikrobiom unterst\u00fctzen.<\/p>\n<h3 data-start=\"1606\" data-end=\"1617\">Inhalt<\/h3>\n<ul>\n<li data-start=\"1619\" data-end=\"1697\">1 Gramm probiotische Joghurtkultur<\/li>\n<li data-start=\"1619\" data-end=\"1697\">Ausreichend f\u00fcr bis zu 100 Liter Milch<\/li>\n<\/ul>\n<h3>Warum eine getrocknete Starterkultur?<\/h3>\n<ul>\n<li>getrocknete Starterkulturen sind lange haltbar<\/li>\n<li>einfach zu versenden\/mitzunehmen, auch ins Ausland<\/li>\n<li>Verschlechtern sich durch den Transport nicht<\/li>\n<li>geringes Gewicht (Transportkosten)<\/li>\n<li>Sie k\u00f6nnen die Starterkultur auch dann kaufen, wenn Sie nicht beabsichtigen, sofort Joghurt herzustellen.<\/li>\n<li>Sie k\u00f6nnen einen Teil aufheben, falls die Qualit\u00e4t Ihres frischen Joghurts nachl\u00e4sst.<\/li>\n<li>nach der Aktivierung ist die Wirkung von getrocknetem Joghurt als Starterkultur identisch mit der von frischem Joghurt<\/li>\n<\/ul>\n<h3>Anweisungen zur Lagerung<\/h3>\n<p>Im Gefrierschrank. Bewahren Sie die getrocknete Joghurtkultur nach Gebrauch in einem Gefrierbeutel oder vakuumversiegelt auf. Die Starterkultur ist stark hydrophil &#8211; wenn Feuchtigkeit in die Verpackung gelangt, verschlechtert sich die Qualit\u00e4t. Im Gefrierschrank sind sie mindestens ein Jahr haltbar, wahrscheinlich aber l\u00e4nger.<\/p>\n<h3>Aktivierung Ihrer Yoba Joghurtkultur<\/h3>\n<ol>\n<li>Bringen Sie 1 Liter Milch bei etwa 90 \u00b0C zum sanften Kochen. Achten Sie darauf, die Milch nicht anzubrennen, sonst bekommt der Joghurt einen verbrannten Geschmack. Dieser Schritt ist notwendig, um vorhandene Bakterien in der Milch abzut\u00f6ten, die mit der Starterkultur reagieren k\u00f6nnten. Das Erhitzen der Milch denaturiert auch die Proteine und die Fettmolek\u00fcle werden neu angeordnet, sodass ein besserer Joghurt entsteht.<\/li>\n<li>Erhitzen Sie zehn Minuten lang unter R\u00fchren. Dies sorgt sp\u00e4ter f\u00fcr einen besonders festen Joghurt. Wenn Sie sterilisierte (UHT-)Milch verwenden, ist dies nicht erforderlich.<\/li>\n<li>Lassen Sie sie auf die gew\u00fcnschte Temperatur (ca. 42\u201343 \u00b0C) abk\u00fchlen<\/li>\n<li>F\u00fcgen Sie die Starterkultur hinzu. R\u00fchren Sie die Milch sanft um, ohne zu schlagen, da das Schlagen Luftblasen in die Milch einbringt, was die Inkubation verlangsamt.<\/li>\n<li>Lassen Sie sie \u00fcber Nacht (ca. 12 Stunden) in Ihrem Joghurtbereiter bei 42\u201343 \u00b0C stehen. Pr\u00fcfen Sie, ob der Joghurt fest ist. Falls nicht, lassen Sie ihn l\u00e4nger stehen und pr\u00fcfen Sie alle paar Stunden. Sobald der Joghurt fest ist, schalten Sie den Joghurtbereiter aus und lassen Sie den Joghurt 2 Stunden abk\u00fchlen.<\/li>\n<li>K\u00fchlen Sie den Joghurt mindestens 6 Stunden im K\u00fchlschrank. Das K\u00fchlen macht den Joghurt dicker und schmackhafter. Viel Spa\u00df!<\/li>\n<li>F\u00fcr dickeren griechischen Joghurt lassen Sie den Joghurt mehrere Stunden in einem <a href=\"https:\/\/startercultures.eu\/de\/product\/fermentation-de\/molkerei\/kase\/kaseherstellung-kasetuch-5\/\" target=\"_blank\" rel=\"noopener\">K\u00e4setuch<\/a> und Sieb abtropfen.<\/li>\n<\/ol>\n<h3 data-start=\"2561\" data-end=\"2595\">Die Geschichte hinter Yoba for Life<\/h3>\n<p data-start=\"0\" data-end=\"359\">In vielen Teilen Subsahara-Afrikas bleiben Durchfallerkrankungen eine der Haupttodesursachen bei Kleinkindern. Begrenzter Zugang zu sauberem Trinkwasser, unzureichende Sanit\u00e4rversorgung und eingeschr\u00e4nkte Gesundheitsdienste erschweren Pr\u00e4vention und Behandlung. Gleichzeitig schw\u00e4cht Mangelern\u00e4hrung die Widerstandsf\u00e4higkeit der Kinder gegen Infektionen und schafft einen Teufelskreis.<\/p>\n<p data-start=\"361\" data-end=\"749\">Wissenschaftliche Forschung zeigt, dass bestimmte Milchs\u00e4urebakterien die Darmbarriere st\u00e4rken, ein gesundes Darmmikrobiom unterst\u00fctzen und sowohl die Schwere als auch die Dauer von Durchfallepisoden reduzieren k\u00f6nnen. Fermentierte Milchprodukte wie Joghurt sind eine zug\u00e4ngliche und kulturell akzeptierte M\u00f6glichkeit, diese n\u00fctzlichen Bakterien zu liefern und gleichzeitig hochwertiges Protein und essentielle N\u00e4hrstoffe bereitzustellen.<\/p>\n<p data-start=\"751\" data-end=\"1200\">Der Mikrobiologe Remco Kort von der Vrije Universiteit Amsterdam wollte dieses Wissen in praktische Wirkung umsetzen. Zusammen mit Wilbert Sybesma gr\u00fcndete er die gemeinn\u00fctzige Initiative Yoba for Life. Ihr Ansatz war bewusst nachhaltig: Anstatt Nahrungsmittelhilfe zu verteilen, konzentrierten sie sich auf Wissenstransfer und die Bereitstellung einer lokal produzierbaren probiotischen Starterkultur. Gemeinden konnten dann ihren eigenen nahrhaften Joghurt herstellen.<\/p>\n<p data-start=\"1202\" data-end=\"1554\">Das Projekt begann in einem Dorf in der N\u00e4he des Victoriasees in Uganda. Von dort aus expandierte es stetig. Heute sind etwa 300 kleine Joghurtunternehmen in mehreren afrikanischen L\u00e4ndern t\u00e4tig, darunter Kenia, Uganda, \u00c4thiopien und Tansania. Diese Kleinstunternehmen verwenden die Yoba Starterkultur, um erschwinglichen probiotischen Joghurt f\u00fcr lokale M\u00e4rkte herzustellen.<\/p>\n<p data-start=\"1556\" data-end=\"1973\" data-is-last-node=\"\" data-is-only-node=\"\">Die Wirkung ist zweifach. Erstens erhalten Gemeinden Zugang zu einem nahrhaften, probiotischen Lebensmittel, das die Darmgesundheit und die allgemeine Ern\u00e4hrung unterst\u00fctzt. Zweitens generieren lokale Unternehmer nachhaltiges Einkommen und st\u00e4rken die wirtschaftliche Widerstandsf\u00e4higkeit. Durch die Kombination von mikrobiologischer Forschung mit lokalem Unternehmertum zeigt Yoba for Life, wie wissenschaftlich fundierte L\u00f6sungen Herausforderungen im Bereich der \u00f6ffentlichen Gesundheit auf praktische und skalierbare Weise angehen k\u00f6nnen.<\/p>\n<h3>Online-Joghurt-Herstellungskurs<br \/>\n<a href=\"https:\/\/startercultures.eu\/how-to-make-yoghurt-and-other-fermented-dairy-2\/\" target=\"_blank\" rel=\"noopener\"><img decoding=\"async\" class=\"lazyload wp-image-76444 alignright\" src=\"https:\/\/startercultures.eu\/wp-content\/uploads\/2020\/07\/YOGHURT-COURSE-300x300.png\" data-orig-src=\"https:\/\/startercultures.eu\/wp-content\/uploads\/2020\/07\/YOGHURT-COURSE-300x300.png\" alt=\"\" width=\"112\" height=\"112\" srcset=\"data:image\/svg+xml,%3Csvg%20xmlns%3D%27http%3A%2F%2Fwww.w3.org%2F2000%2Fsvg%27%20width%3D%27112%27%20height%3D%27112%27%20viewBox%3D%270%200%20112%20112%27%3E%3Crect%20width%3D%27112%27%20height%3D%27112%27%20fill-opacity%3D%220%22%2F%3E%3C%2Fsvg%3E\" data-srcset=\"https:\/\/startercultures.eu\/wp-content\/uploads\/2020\/07\/YOGHURT-COURSE-66x66.png 66w, https:\/\/startercultures.eu\/wp-content\/uploads\/2020\/07\/YOGHURT-COURSE-100x100.png 100w, https:\/\/startercultures.eu\/wp-content\/uploads\/2020\/07\/YOGHURT-COURSE-150x150.png 150w, https:\/\/startercultures.eu\/wp-content\/uploads\/2020\/07\/YOGHURT-COURSE-200x200.png 200w, https:\/\/startercultures.eu\/wp-content\/uploads\/2020\/07\/YOGHURT-COURSE-300x300.png 300w, https:\/\/startercultures.eu\/wp-content\/uploads\/2020\/07\/YOGHURT-COURSE-400x400.png 400w, https:\/\/startercultures.eu\/wp-content\/uploads\/2020\/07\/YOGHURT-COURSE-500x500.png 500w, https:\/\/startercultures.eu\/wp-content\/uploads\/2020\/07\/YOGHURT-COURSE-600x600.png 600w, https:\/\/startercultures.eu\/wp-content\/uploads\/2020\/07\/YOGHURT-COURSE-700x700.png 700w, https:\/\/startercultures.eu\/wp-content\/uploads\/2020\/07\/YOGHURT-COURSE-768x768.png 768w, https:\/\/startercultures.eu\/wp-content\/uploads\/2020\/07\/YOGHURT-COURSE-800x800.png 800w, https:\/\/startercultures.eu\/wp-content\/uploads\/2020\/07\/YOGHURT-COURSE.png 1000w\" data-sizes=\"auto\" data-orig-sizes=\"(max-width: 112px) 100vw, 112px\" \/><\/a><\/h3>\n<p>In <a href=\"https:\/\/startercultures.eu\/how-to-make-yoghurt-and-other-fermented-dairy-2\/\" target=\"_blank\" rel=\"noopener\">diesem englischsprachigen Online-Kurs<\/a> des Gr\u00fcnders von startercultures.eu erfahren Sie alles \u00fcber die Herstellung von Joghurt (und anderen fermentierten Milchprodukten) zu Hause, ohne dass Sie spezielle Werkzeuge ben\u00f6tigen. Sie lernen, jeden Joghurt zu fermentieren, Ihre Probiotika zu f\u00f6rdern und Geld zu sparen, indem Sie nie wieder Joghurt kaufen m\u00fcssen!<\/p>\n","protected":false},"excerpt":{"rendered":"<p>Stelle bis zu <strong data-start=\"802\" data-end=\"849\">100 Liter probiotischen Joghurt mit 1 Gramm<\/strong> her. Unterst\u00fctzt die Darmgesundheit und finanziert lokale Joghurtunternehmen in Afrika.<\/p>\n","protected":false},"featured_media":83430,"comment_status":"open","ping_status":"closed","template":"","meta":{"_acf_changed":false,"footnotes":""},"product_brand":[],"product_cat":[1733,675,645,677,811],"product_tag":[],"class_list":{"0":"post-83685","1":"product","2":"type-product","3":"status-publish","4":"has-post-thumbnail","6":"product_cat-fermentieren-de-2","7":"product_cat-joghurt","8":"product_cat-molkerei","9":"product_cat-starterkulturen-de","10":"product_cat-thermophile","11":"pa_ean-1745","13":"first","14":"instock","15":"taxable","16":"shipping-taxable","17":"purchasable","18":"product-type-simple"},"acf":[],"yoast_head":"<!-- This site is optimized with the Yoast SEO plugin v26.6 - https:\/\/yoast.com\/wordpress\/plugins\/seo\/ -->\n<title>Yoba probiotischer Joghurt \u2013 eine Joghurtkultur mit einer Geschichte - Startercultures.eu<\/title>\n<meta name=\"description\" content=\"Yoba probiotische Joghurtkultur. Stellen Sie bis zu 100 Liter probiotischen Joghurt mit 1 Gramm her. Unterst\u00fctzt die Darmgesundheit und finanziert lokale Joghurtunternehmen in Afrika.\" \/>\n<meta name=\"robots\" content=\"index, follow, max-snippet:-1, max-image-preview:large, max-video-preview:-1\" \/>\n<link rel=\"canonical\" href=\"https:\/\/startercultures.eu\/de\/product\/fermentieren-de-2\/yoba-probiotischer-joghurt-eine-joghurtkultur-mit-einer-geschichte\/\" \/>\n<meta property=\"og:locale\" content=\"de_DE\" \/>\n<meta property=\"og:type\" content=\"article\" \/>\n<meta property=\"og:title\" content=\"Yoba probiotischer Joghurt \u2013 eine Joghurtkultur mit einer Geschichte - Startercultures.eu\" \/>\n<meta property=\"og:description\" content=\"Yoba probiotische Joghurtkultur. Stellen Sie bis zu 100 Liter probiotischen Joghurt mit 1 Gramm her. Unterst\u00fctzt die Darmgesundheit und finanziert lokale Joghurtunternehmen in Afrika.\" \/>\n<meta property=\"og:url\" content=\"https:\/\/startercultures.eu\/de\/product\/fermentieren-de-2\/yoba-probiotischer-joghurt-eine-joghurtkultur-mit-einer-geschichte\/\" \/>\n<meta property=\"og:site_name\" content=\"Startercultures.eu\" \/>\n<meta property=\"article:publisher\" content=\"https:\/\/www.facebook.com\/startercultureseu\" \/>\n<meta property=\"article:modified_time\" content=\"2026-03-10T16:55:53+00:00\" \/>\n<meta property=\"og:image\" content=\"https:\/\/startercultures.eu\/wp-content\/uploads\/2026\/03\/Yoba-probiotic-yogurt-22.png\" \/>\n\t<meta property=\"og:image:width\" content=\"1024\" \/>\n\t<meta property=\"og:image:height\" content=\"1536\" \/>\n\t<meta property=\"og:image:type\" content=\"image\/png\" \/>\n<meta name=\"twitter:card\" content=\"summary_large_image\" \/>\n<meta name=\"twitter:label1\" content=\"Price\" \/>\n\t<meta name=\"twitter:data1\" content=\"9,99\" \/>\n\t<meta name=\"twitter:label2\" content=\"Availability\" \/>\n\t<meta name=\"twitter:data2\" content=\"Vorr\u00e4tig\" \/>\n<script type=\"application\/ld+json\" class=\"yoast-schema-graph\">{\"@context\":\"https:\/\/schema.org\",\"@graph\":[{\"@type\":\"WebPage\",\"@id\":\"https:\/\/startercultures.eu\/de\/product\/fermentieren-de-2\/yoba-probiotischer-joghurt-eine-joghurtkultur-mit-einer-geschichte\/\",\"url\":\"https:\/\/startercultures.eu\/de\/product\/fermentieren-de-2\/yoba-probiotischer-joghurt-eine-joghurtkultur-mit-einer-geschichte\/\",\"name\":\"Yoba probiotischer Joghurt \u2013 eine Joghurtkultur mit einer Geschichte - Startercultures.eu\",\"isPartOf\":{\"@id\":\"https:\/\/startercultures.eu\/de\/#website\"},\"primaryImageOfPage\":{\"@id\":\"https:\/\/startercultures.eu\/de\/product\/fermentieren-de-2\/yoba-probiotischer-joghurt-eine-joghurtkultur-mit-einer-geschichte\/#primaryimage\"},\"image\":{\"@id\":\"https:\/\/startercultures.eu\/de\/product\/fermentieren-de-2\/yoba-probiotischer-joghurt-eine-joghurtkultur-mit-einer-geschichte\/#primaryimage\"},\"thumbnailUrl\":\"https:\/\/startercultures.eu\/wp-content\/uploads\/2026\/03\/Yoba-probiotic-yogurt-22.png\",\"datePublished\":\"2026-03-06T14:53:56+00:00\",\"dateModified\":\"2026-03-10T16:55:53+00:00\",\"description\":\"Yoba probiotische Joghurtkultur. Stellen Sie bis zu 100 Liter probiotischen Joghurt mit 1 Gramm her. Unterst\u00fctzt die Darmgesundheit und finanziert lokale Joghurtunternehmen in Afrika.\",\"breadcrumb\":{\"@id\":\"https:\/\/startercultures.eu\/de\/product\/fermentieren-de-2\/yoba-probiotischer-joghurt-eine-joghurtkultur-mit-einer-geschichte\/#breadcrumb\"},\"inLanguage\":\"de-DE\",\"potentialAction\":[{\"@type\":\"ReadAction\",\"target\":[\"https:\/\/startercultures.eu\/de\/product\/fermentieren-de-2\/yoba-probiotischer-joghurt-eine-joghurtkultur-mit-einer-geschichte\/\"]}]},{\"@type\":\"ImageObject\",\"inLanguage\":\"de-DE\",\"@id\":\"https:\/\/startercultures.eu\/de\/product\/fermentieren-de-2\/yoba-probiotischer-joghurt-eine-joghurtkultur-mit-einer-geschichte\/#primaryimage\",\"url\":\"https:\/\/startercultures.eu\/wp-content\/uploads\/2026\/03\/Yoba-probiotic-yogurt-22.png\",\"contentUrl\":\"https:\/\/startercultures.eu\/wp-content\/uploads\/2026\/03\/Yoba-probiotic-yogurt-22.png\",\"width\":1024,\"height\":1536},{\"@type\":\"BreadcrumbList\",\"@id\":\"https:\/\/startercultures.eu\/de\/product\/fermentieren-de-2\/yoba-probiotischer-joghurt-eine-joghurtkultur-mit-einer-geschichte\/#breadcrumb\",\"itemListElement\":[{\"@type\":\"ListItem\",\"position\":1,\"name\":\"Home\",\"item\":\"https:\/\/startercultures.eu\/de\/\"},{\"@type\":\"ListItem\",\"position\":2,\"name\":\"Shop\",\"item\":\"https:\/\/startercultures.eu\/shop\/\"},{\"@type\":\"ListItem\",\"position\":3,\"name\":\"Yoba probiotischer Joghurt \u2013 eine Joghurtkultur mit einer Geschichte\"}]},{\"@type\":\"WebSite\",\"@id\":\"https:\/\/startercultures.eu\/de\/#website\",\"url\":\"https:\/\/startercultures.eu\/de\/\",\"name\":\"Startercultures.eu\",\"description\":\"Startercultures.eu\",\"publisher\":{\"@id\":\"https:\/\/startercultures.eu\/de\/#organization\"},\"potentialAction\":[{\"@type\":\"SearchAction\",\"target\":{\"@type\":\"EntryPoint\",\"urlTemplate\":\"https:\/\/startercultures.eu\/de\/?s={search_term_string}\"},\"query-input\":{\"@type\":\"PropertyValueSpecification\",\"valueRequired\":true,\"valueName\":\"search_term_string\"}}],\"inLanguage\":\"de-DE\"},{\"@type\":\"Organization\",\"@id\":\"https:\/\/startercultures.eu\/de\/#organization\",\"name\":\"Startercultures.eu\",\"url\":\"https:\/\/startercultures.eu\/de\/\",\"logo\":{\"@type\":\"ImageObject\",\"inLanguage\":\"de-DE\",\"@id\":\"https:\/\/startercultures.eu\/de\/#\/schema\/logo\/image\/\",\"url\":\"https:\/\/startercultures.eu\/wp-content\/uploads\/2020\/08\/startercultures-eu-nl-logo-rond-rgb.png\",\"contentUrl\":\"https:\/\/startercultures.eu\/wp-content\/uploads\/2020\/08\/startercultures-eu-nl-logo-rond-rgb.png\",\"width\":320,\"height\":320,\"caption\":\"Startercultures.eu\"},\"image\":{\"@id\":\"https:\/\/startercultures.eu\/de\/#\/schema\/logo\/image\/\"},\"sameAs\":[\"https:\/\/www.facebook.com\/startercultureseu\",\"https:\/\/www.instagram.com\/startercultures.eu\/\"]}]}<\/script>\n<meta property=\"product:price:amount\" content=\"9.99\" \/>\n<meta property=\"product:price:currency\" content=\"EUR\" \/>\n<meta property=\"og:availability\" content=\"instock\" \/>\n<meta property=\"product:availability\" content=\"instock\" \/>\n<meta property=\"product:retailer_item_id\" content=\"406\" \/>\n<meta property=\"product:condition\" content=\"new\" \/>\n<!-- \/ Yoast SEO plugin. -->","yoast_head_json":{"title":"Yoba probiotischer Joghurt \u2013 eine Joghurtkultur mit einer Geschichte - Startercultures.eu","description":"Yoba probiotische Joghurtkultur. Stellen Sie bis zu 100 Liter probiotischen Joghurt mit 1 Gramm her. Unterst\u00fctzt die Darmgesundheit und finanziert lokale Joghurtunternehmen in Afrika.","robots":{"index":"index","follow":"follow","max-snippet":"max-snippet:-1","max-image-preview":"max-image-preview:large","max-video-preview":"max-video-preview:-1"},"canonical":"https:\/\/startercultures.eu\/de\/product\/fermentieren-de-2\/yoba-probiotischer-joghurt-eine-joghurtkultur-mit-einer-geschichte\/","og_locale":"de_DE","og_type":"article","og_title":"Yoba probiotischer Joghurt \u2013 eine Joghurtkultur mit einer Geschichte - Startercultures.eu","og_description":"Yoba probiotische Joghurtkultur. Stellen Sie bis zu 100 Liter probiotischen Joghurt mit 1 Gramm her. Unterst\u00fctzt die Darmgesundheit und finanziert lokale Joghurtunternehmen in Afrika.","og_url":"https:\/\/startercultures.eu\/de\/product\/fermentieren-de-2\/yoba-probiotischer-joghurt-eine-joghurtkultur-mit-einer-geschichte\/","og_site_name":"Startercultures.eu","article_publisher":"https:\/\/www.facebook.com\/startercultureseu","article_modified_time":"2026-03-10T16:55:53+00:00","og_image":[{"width":1024,"height":1536,"url":"https:\/\/startercultures.eu\/wp-content\/uploads\/2026\/03\/Yoba-probiotic-yogurt-22.png","type":"image\/png"}],"twitter_card":"summary_large_image","twitter_misc":{"Price":"9,99","Availability":"Vorr\u00e4tig"},"schema":{"@context":"https:\/\/schema.org","@graph":[{"@type":"WebPage","@id":"https:\/\/startercultures.eu\/de\/product\/fermentieren-de-2\/yoba-probiotischer-joghurt-eine-joghurtkultur-mit-einer-geschichte\/","url":"https:\/\/startercultures.eu\/de\/product\/fermentieren-de-2\/yoba-probiotischer-joghurt-eine-joghurtkultur-mit-einer-geschichte\/","name":"Yoba probiotischer Joghurt \u2013 eine Joghurtkultur mit einer Geschichte - Startercultures.eu","isPartOf":{"@id":"https:\/\/startercultures.eu\/de\/#website"},"primaryImageOfPage":{"@id":"https:\/\/startercultures.eu\/de\/product\/fermentieren-de-2\/yoba-probiotischer-joghurt-eine-joghurtkultur-mit-einer-geschichte\/#primaryimage"},"image":{"@id":"https:\/\/startercultures.eu\/de\/product\/fermentieren-de-2\/yoba-probiotischer-joghurt-eine-joghurtkultur-mit-einer-geschichte\/#primaryimage"},"thumbnailUrl":"https:\/\/startercultures.eu\/wp-content\/uploads\/2026\/03\/Yoba-probiotic-yogurt-22.png","datePublished":"2026-03-06T14:53:56+00:00","dateModified":"2026-03-10T16:55:53+00:00","description":"Yoba probiotische Joghurtkultur. Stellen Sie bis zu 100 Liter probiotischen Joghurt mit 1 Gramm her. Unterst\u00fctzt die Darmgesundheit und finanziert lokale Joghurtunternehmen in Afrika.","breadcrumb":{"@id":"https:\/\/startercultures.eu\/de\/product\/fermentieren-de-2\/yoba-probiotischer-joghurt-eine-joghurtkultur-mit-einer-geschichte\/#breadcrumb"},"inLanguage":"de-DE","potentialAction":[{"@type":"ReadAction","target":["https:\/\/startercultures.eu\/de\/product\/fermentieren-de-2\/yoba-probiotischer-joghurt-eine-joghurtkultur-mit-einer-geschichte\/"]}]},{"@type":"ImageObject","inLanguage":"de-DE","@id":"https:\/\/startercultures.eu\/de\/product\/fermentieren-de-2\/yoba-probiotischer-joghurt-eine-joghurtkultur-mit-einer-geschichte\/#primaryimage","url":"https:\/\/startercultures.eu\/wp-content\/uploads\/2026\/03\/Yoba-probiotic-yogurt-22.png","contentUrl":"https:\/\/startercultures.eu\/wp-content\/uploads\/2026\/03\/Yoba-probiotic-yogurt-22.png","width":1024,"height":1536},{"@type":"BreadcrumbList","@id":"https:\/\/startercultures.eu\/de\/product\/fermentieren-de-2\/yoba-probiotischer-joghurt-eine-joghurtkultur-mit-einer-geschichte\/#breadcrumb","itemListElement":[{"@type":"ListItem","position":1,"name":"Home","item":"https:\/\/startercultures.eu\/de\/"},{"@type":"ListItem","position":2,"name":"Shop","item":"https:\/\/startercultures.eu\/shop\/"},{"@type":"ListItem","position":3,"name":"Yoba probiotischer Joghurt \u2013 eine Joghurtkultur mit einer Geschichte"}]},{"@type":"WebSite","@id":"https:\/\/startercultures.eu\/de\/#website","url":"https:\/\/startercultures.eu\/de\/","name":"Startercultures.eu","description":"Startercultures.eu","publisher":{"@id":"https:\/\/startercultures.eu\/de\/#organization"},"potentialAction":[{"@type":"SearchAction","target":{"@type":"EntryPoint","urlTemplate":"https:\/\/startercultures.eu\/de\/?s={search_term_string}"},"query-input":{"@type":"PropertyValueSpecification","valueRequired":true,"valueName":"search_term_string"}}],"inLanguage":"de-DE"},{"@type":"Organization","@id":"https:\/\/startercultures.eu\/de\/#organization","name":"Startercultures.eu","url":"https:\/\/startercultures.eu\/de\/","logo":{"@type":"ImageObject","inLanguage":"de-DE","@id":"https:\/\/startercultures.eu\/de\/#\/schema\/logo\/image\/","url":"https:\/\/startercultures.eu\/wp-content\/uploads\/2020\/08\/startercultures-eu-nl-logo-rond-rgb.png","contentUrl":"https:\/\/startercultures.eu\/wp-content\/uploads\/2020\/08\/startercultures-eu-nl-logo-rond-rgb.png","width":320,"height":320,"caption":"Startercultures.eu"},"image":{"@id":"https:\/\/startercultures.eu\/de\/#\/schema\/logo\/image\/"},"sameAs":["https:\/\/www.facebook.com\/startercultureseu","https:\/\/www.instagram.com\/startercultures.eu\/"]}]},"product_price_amount":"9.99","product_price_currency":"EUR","og_availability":"instock","product_availability":"instock","product_retailer_item_id":"406","product_condition":"new"},"_links":{"self":[{"href":"https:\/\/startercultures.eu\/de\/wp-json\/wp\/v2\/product\/83685","targetHints":{"allow":["GET"]}}],"collection":[{"href":"https:\/\/startercultures.eu\/de\/wp-json\/wp\/v2\/product"}],"about":[{"href":"https:\/\/startercultures.eu\/de\/wp-json\/wp\/v2\/types\/product"}],"replies":[{"embeddable":true,"href":"https:\/\/startercultures.eu\/de\/wp-json\/wp\/v2\/comments?post=83685"}],"version-history":[{"count":1,"href":"https:\/\/startercultures.eu\/de\/wp-json\/wp\/v2\/product\/83685\/revisions"}],"predecessor-version":[{"id":83689,"href":"https:\/\/startercultures.eu\/de\/wp-json\/wp\/v2\/product\/83685\/revisions\/83689"}],"wp:featuredmedia":[{"embeddable":true,"href":"https:\/\/startercultures.eu\/de\/wp-json\/wp\/v2\/media\/83430"}],"wp:attachment":[{"href":"https:\/\/startercultures.eu\/de\/wp-json\/wp\/v2\/media?parent=83685"}],"wp:term":[{"taxonomy":"product_brand","embeddable":true,"href":"https:\/\/startercultures.eu\/de\/wp-json\/wp\/v2\/product_brand?post=83685"},{"taxonomy":"product_cat","embeddable":true,"href":"https:\/\/startercultures.eu\/de\/wp-json\/wp\/v2\/product_cat?post=83685"},{"taxonomy":"product_tag","embeddable":true,"href":"https:\/\/startercultures.eu\/de\/wp-json\/wp\/v2\/product_tag?post=83685"}],"curies":[{"name":"wp","href":"https:\/\/api.w.org\/{rel}","templated":true}]}}