{"id":34342,"date":"2023-02-22T12:42:36","date_gmt":"2023-02-22T11:42:36","guid":{"rendered":"https:\/\/startercultures.eu\/over-starterculturen-nl\/"},"modified":"2024-06-14T08:08:37","modified_gmt":"2024-06-14T06:08:37","slug":"over-starterculturen-nl","status":"publish","type":"page","link":"https:\/\/startercultures.eu\/nl\/over-starterculturen-nl\/","title":{"rendered":"Over starterculturen.nl"},"content":{"rendered":"\r\n<p>Starterculturen.nl werd in 2018 opgericht door de Nederlandse foodwriter &#8216;Meneer Wateetons&#8217;.<\/p>\r\n\r\n\r\n\r\n<p>Hij had toen al verschillende boeken over worstbereiding en fermentatie geschreven. Een van de meest gestelde vragen die hij van lezers kreeg was:<em>&#8220;ik vind de boeken geweldig, maar waar kan ik die starterculturen vinden die nodig zijn voor het maken van droge worsten\/tempeh\/miso etc&#8221;<\/em>. Nadat hij zijn lezers jarenlang te hebben gewezen op hun slager, of webwinkels in Japan, China of Indonesi\u00eb met krankzinnige verzendtijden en kosten, besloot hij deze producten zelf te gaan aanbieden.<\/p>\r\n\r\n\r\n\r\n<p>Een webshop was geboren.<\/p>\r\n\r\n\r\n\r\n<p>De shop begon in het Nederlands en verkocht alleen starterculturen voor vlees, pekelzouten en darmen, maar breidde al snel uit met andere soorten fermentaties. Sinds enkele jaren is starterculturen ook beschikbaar in het Engels en sinds 2023 ook in het Duits. Momenteel biedt starterculturen.nl ongeveer 200 fermentatiegerelateerde producten aan.<\/p>\r\n\r\n\r\n\r\n<h2 class=\"wp-block-heading\">Klantenservice<\/h2>\r\n\r\n\r\n\r\n<p>Fermenteren is niet altijd gemakkelijk. Het werken met onzichtbare microben kan een behoorlijke uitdaging zijn. Gelukkig verkopen we niet alleen starterculturen en andere ingredi\u00ebnten, we gebruiken ze ook zelf en weten &#8211; doordat we er uitgebreid over geschreven hebben &#8211; heel wat over het gebruik ervan en de valkuilen.<\/p>\r\n\r\n\r\n\r\n<p>Dus we begrijpen dat je soms vragen hebt en klantenondersteuning is daarom belangrijk voor ons. Gebruik gerust onze chatfunctie om al je vragen te stellen. Als we niet onmiddellijk reageren (we zijn een klein team), nemen we per e-mail contact met je op. We spreken Engels en Nederlands.<\/p>\r\n\r\n\r\n\r\n<h2 class=\"wp-block-heading\">Het team<\/h2>\r\n\r\n\r\n\r\n<p>Starterculturen.nl wordt nog steeds gerund door Meneer Wateetons, maar hij wordt bijgestaan door Joost (klantenservice en algemeen management), Arianne (verkoop, financi\u00ebn) en freelancer Luuk (alle technische zaken). Opslag, orderpicking en verzending wordt gedaan door het team van PostNL E-comm services en het verpakken en labelen door onze vrienden van ProVerpakken.<\/p>\r\n\r\n\r\n\r\n<div class=\"wp-block-media-text is-stacked-on-mobile is-image-fill\">\r\n<figure class=\"wp-block-media-text__media\" style=\"background-image: url('https:\/\/startercultures.eu\/wp-content\/uploads\/2023\/02\/Fernus-0376-2-Middel-1024x683.jpg'); background-position: 54% 0%;\"><img decoding=\"async\" width=\"1024\" height=\"683\" class=\"lazyload wp-image-33130 size-full\" src=\"https:\/\/startercultures.eu\/wp-content\/uploads\/2023\/02\/Fernus-0376-2-Middel-1024x683.jpg\" data-orig-src=\"https:\/\/startercultures.eu\/wp-content\/uploads\/2023\/02\/Fernus-0376-2-Middel-1024x683.jpg\" alt=\"\" srcset=\"data:image\/svg+xml,%3Csvg%20xmlns%3D%27http%3A%2F%2Fwww.w3.org%2F2000%2Fsvg%27%20width%3D%271024%27%20height%3D%27683%27%20viewBox%3D%270%200%201024%20683%27%3E%3Crect%20width%3D%271024%27%20height%3D%27683%27%20fill-opacity%3D%220%22%2F%3E%3C%2Fsvg%3E\" data-srcset=\"https:\/\/startercultures.eu\/wp-content\/uploads\/2023\/02\/Fernus-0376-2-Middel-200x133.jpg 200w, https:\/\/startercultures.eu\/wp-content\/uploads\/2023\/02\/Fernus-0376-2-Middel-300x200.jpg 300w, https:\/\/startercultures.eu\/wp-content\/uploads\/2023\/02\/Fernus-0376-2-Middel-400x267.jpg 400w, https:\/\/startercultures.eu\/wp-content\/uploads\/2023\/02\/Fernus-0376-2-Middel-500x333.jpg 500w, https:\/\/startercultures.eu\/wp-content\/uploads\/2023\/02\/Fernus-0376-2-Middel-600x400.jpg 600w, https:\/\/startercultures.eu\/wp-content\/uploads\/2023\/02\/Fernus-0376-2-Middel-700x467.jpg 700w, https:\/\/startercultures.eu\/wp-content\/uploads\/2023\/02\/Fernus-0376-2-Middel-768x512.jpg 768w, https:\/\/startercultures.eu\/wp-content\/uploads\/2023\/02\/Fernus-0376-2-Middel-800x533.jpg 800w, https:\/\/startercultures.eu\/wp-content\/uploads\/2023\/02\/Fernus-0376-2-Middel-1024x683.jpg 1024w, https:\/\/startercultures.eu\/wp-content\/uploads\/2023\/02\/Fernus-0376-2-Middel.jpg 1152w\" data-sizes=\"auto\" data-orig-sizes=\"(max-width: 1024px) 100vw, 1024px\" \/><\/figure>\r\n<div class=\"wp-block-media-text__content\">\r\n<h2 class=\"wp-block-heading\">Meneer Wateetons<\/h2>\r\n\r\n\r\n\r\n<p><strong>Oprichter, hoofd fermentatie goeroe<\/strong><\/p>\r\n\r\n\r\n\r\n<p>Een pseudoniem. Lang verhaal, laat maar.<\/p>\r\n\r\n\r\n\r\n<p>Oprichter van starterculturen.nl, wetenschapper, kok en auteur van negen kookboeken over fermenteren, worst en vleeswaren maken, roken, alcohol maken en frituren.<\/p>\r\n\r\n\r\n\r\n<p>In zijn vrije tijd gaat hij gewoon w\u00e9\u00e9r koken.<\/p>\r\n\r\n\r\n\r\n<p>Favoriete soort fermentatie: miso.<\/p>\r\n<\/div>\r\n<\/div>\r\n\r\n\r\n\r\n<div class=\"wp-block-spacer\" style=\"height: 51px;\" aria-hidden=\"true\">\u00a0<\/div>\r\n\r\n\r\n\r\n<div class=\"wp-block-media-text is-stacked-on-mobile is-image-fill\">\r\n<figure class=\"wp-block-media-text__media\" style=\"background-image: url('https:\/\/startercultures.eu\/wp-content\/uploads\/2023\/02\/DSC01969-683x1024.jpg'); background-position: 56.00000000000001% 68%;\"><img decoding=\"async\" width=\"683\" height=\"1024\" class=\"lazyload wp-image-33127 size-full\" src=\"https:\/\/startercultures.eu\/wp-content\/uploads\/2023\/02\/DSC01969-683x1024.jpg\" data-orig-src=\"https:\/\/startercultures.eu\/wp-content\/uploads\/2023\/02\/DSC01969-683x1024.jpg\" alt=\"\" srcset=\"data:image\/svg+xml,%3Csvg%20xmlns%3D%27http%3A%2F%2Fwww.w3.org%2F2000%2Fsvg%27%20width%3D%27683%27%20height%3D%271024%27%20viewBox%3D%270%200%20683%201024%27%3E%3Crect%20width%3D%27683%27%20height%3D%271024%27%20fill-opacity%3D%220%22%2F%3E%3C%2Fsvg%3E\" data-srcset=\"https:\/\/startercultures.eu\/wp-content\/uploads\/2023\/02\/DSC01969-200x300.jpg 200w, https:\/\/startercultures.eu\/wp-content\/uploads\/2023\/02\/DSC01969-400x600.jpg 400w, https:\/\/startercultures.eu\/wp-content\/uploads\/2023\/02\/DSC01969-500x750.jpg 500w, https:\/\/startercultures.eu\/wp-content\/uploads\/2023\/02\/DSC01969-600x900.jpg 600w, https:\/\/startercultures.eu\/wp-content\/uploads\/2023\/02\/DSC01969-683x1024.jpg 683w, https:\/\/startercultures.eu\/wp-content\/uploads\/2023\/02\/DSC01969-700x1050.jpg 700w, https:\/\/startercultures.eu\/wp-content\/uploads\/2023\/02\/DSC01969-768x1152.jpg 768w, https:\/\/startercultures.eu\/wp-content\/uploads\/2023\/02\/DSC01969-800x1200.jpg 800w, https:\/\/startercultures.eu\/wp-content\/uploads\/2023\/02\/DSC01969.jpg 907w\" data-sizes=\"auto\" data-orig-sizes=\"(max-width: 683px) 100vw, 683px\" \/><\/figure>\r\n<div class=\"wp-block-media-text__content\">\r\n<h2 class=\"wp-block-heading\">Arianne Streefkerk<\/h2>\r\n\r\n\r\n\r\n<p><strong>Advertenties, sales, financi\u00ebn<\/strong><\/p>\r\n\r\n\r\n\r\n<p>Arianne is verantwoordelijk voor advertenties en alles wat met geld te maken heeft. Ze houdt van reizen, vooral van &#8216;vanlife&#8217; en koken.<\/p>\r\n\r\n\r\n\r\n<p>Als <a href=\"https:\/\/dimayin.nl\/\" target=\"_blank\" rel=\"noreferrer noopener\">Dimayin<\/a> biedt ze Facebook- en Instagram-advertentiediensten en coaching aan.<\/p>\r\n\r\n\r\n\r\n<p>Ze is ook smoorverliefd op meneer. En hij op haar.<\/p>\r\n\r\n\r\n\r\n<p>Favoriete type fermentatie: Tokaj wijnen (dubbel gegist!)<\/p>\r\n<\/div>\r\n<\/div>\r\n\r\n\r\n\r\n<div class=\"wp-block-spacer\" style=\"height: 51px;\" aria-hidden=\"true\">\u00a0<\/div>\r\n\r\n\r\n\r\n<div class=\"wp-block-media-text is-stacked-on-mobile is-image-fill\">\r\n<figure class=\"wp-block-media-text__media\" style=\"background-image: url('https:\/\/startercultures.eu\/wp-content\/uploads\/2023\/03\/Joosr.jpg'); background-position: 50% 50%;\"><img decoding=\"async\" width=\"726\" height=\"705\" class=\"lazyload wp-image-34332 size-full\" src=\"https:\/\/startercultures.eu\/wp-content\/uploads\/2023\/03\/Joosr.jpg\" data-orig-src=\"https:\/\/startercultures.eu\/wp-content\/uploads\/2023\/03\/Joosr.jpg\" alt=\"\" srcset=\"data:image\/svg+xml,%3Csvg%20xmlns%3D%27http%3A%2F%2Fwww.w3.org%2F2000%2Fsvg%27%20width%3D%27726%27%20height%3D%27705%27%20viewBox%3D%270%200%20726%20705%27%3E%3Crect%20width%3D%27726%27%20height%3D%27705%27%20fill-opacity%3D%220%22%2F%3E%3C%2Fsvg%3E\" data-srcset=\"https:\/\/startercultures.eu\/wp-content\/uploads\/2023\/03\/Joosr-200x194.jpg 200w, https:\/\/startercultures.eu\/wp-content\/uploads\/2023\/03\/Joosr-300x291.jpg 300w, https:\/\/startercultures.eu\/wp-content\/uploads\/2023\/03\/Joosr-400x388.jpg 400w, https:\/\/startercultures.eu\/wp-content\/uploads\/2023\/03\/Joosr-500x486.jpg 500w, https:\/\/startercultures.eu\/wp-content\/uploads\/2023\/03\/Joosr-600x583.jpg 600w, https:\/\/startercultures.eu\/wp-content\/uploads\/2023\/03\/Joosr-700x680.jpg 700w, https:\/\/startercultures.eu\/wp-content\/uploads\/2023\/03\/Joosr.jpg 726w\" data-sizes=\"auto\" data-orig-sizes=\"(max-width: 726px) 100vw, 726px\" \/><\/figure>\r\n<div class=\"wp-block-media-text__content\">\r\n<h2 class=\"wp-block-heading\">Joost<\/h2>\r\n\r\n\r\n\r\n<p><strong>Klantenondersteuning, backend<\/strong><\/p>\r\n\r\n\r\n\r\n<p>Je vindt Joost in de chat, en hij beantwoordt de meeste e-mails over je bestelling. Ooit een beroemde jockey, totdat een zware val tijdens een concours in Normandi\u00eb hem dwong een andere carri\u00e8re te kiezen. Van Nederlandse afkomst, maar woont momenteel in het zonnige Brazili\u00eb.<\/p>\r\n\r\n\r\n\r\n<p>Joost is ge\u00efnteresseerd in eenvoudige fermentaties en worsten, vooral als ze goed samengaan met Churrasco. Houdt van spectaculaire braadworst en hete saus, afkomstig van lokale ingredi\u00ebnten.<\/p>\r\n<\/div>\r\n<\/div>\r\n\r\n\r\n\r\n<div class=\"wp-block-spacer\" style=\"height: 51px;\" aria-hidden=\"true\">\u00a0<\/div>\r\n\r\n\r\n\r\n<div class=\"wp-block-media-text is-stacked-on-mobile is-image-fill\">\r\n<figure class=\"wp-block-media-text__media\" style=\"background-image: url('https:\/\/startercultures.eu\/wp-content\/uploads\/2023\/04\/Luuk2-1024x683.jpg'); background-position: 50% 50%;\"><img decoding=\"async\" width=\"1024\" height=\"683\" class=\"lazyload wp-image-34884 size-full\" src=\"https:\/\/startercultures.eu\/wp-content\/uploads\/2023\/04\/Luuk2-1024x683.jpg\" data-orig-src=\"https:\/\/startercultures.eu\/wp-content\/uploads\/2023\/04\/Luuk2-1024x683.jpg\" alt=\"\" srcset=\"data:image\/svg+xml,%3Csvg%20xmlns%3D%27http%3A%2F%2Fwww.w3.org%2F2000%2Fsvg%27%20width%3D%271024%27%20height%3D%27683%27%20viewBox%3D%270%200%201024%20683%27%3E%3Crect%20width%3D%271024%27%20height%3D%27683%27%20fill-opacity%3D%220%22%2F%3E%3C%2Fsvg%3E\" data-srcset=\"https:\/\/startercultures.eu\/wp-content\/uploads\/2023\/04\/Luuk2-200x133.jpg 200w, https:\/\/startercultures.eu\/wp-content\/uploads\/2023\/04\/Luuk2-300x200.jpg 300w, https:\/\/startercultures.eu\/wp-content\/uploads\/2023\/04\/Luuk2-400x267.jpg 400w, https:\/\/startercultures.eu\/wp-content\/uploads\/2023\/04\/Luuk2-500x333.jpg 500w, https:\/\/startercultures.eu\/wp-content\/uploads\/2023\/04\/Luuk2-600x400.jpg 600w, https:\/\/startercultures.eu\/wp-content\/uploads\/2023\/04\/Luuk2-700x467.jpg 700w, https:\/\/startercultures.eu\/wp-content\/uploads\/2023\/04\/Luuk2-768x512.jpg 768w, https:\/\/startercultures.eu\/wp-content\/uploads\/2023\/04\/Luuk2-800x533.jpg 800w, https:\/\/startercultures.eu\/wp-content\/uploads\/2023\/04\/Luuk2-1024x683.jpg 1024w, https:\/\/startercultures.eu\/wp-content\/uploads\/2023\/04\/Luuk2.jpg 1050w\" data-sizes=\"auto\" data-orig-sizes=\"(max-width: 1024px) 100vw, 1024px\" \/><\/figure>\r\n<div class=\"wp-block-media-text__content\">\r\n<h2 class=\"wp-block-heading\">Luuk<\/h2>\r\n\r\n\r\n\r\n<p><strong>Alle dingen technisch<\/strong><\/p>\r\n\r\n\r\n\r\n<p>Luuk, als vaste freelancer verbonden met starterculturen.nl lost elk technisch probleem op. Tegenwerkende plugins, custom programmeerwerk, Luuk regelt het.<\/p>\r\n\r\n\r\n\r\n<p>Luuk is te vinden op <a href=\"https:\/\/luukthe.dev\/\" target=\"_blank\" rel=\"noreferrer noopener\">https:\/\/luukthe.dev\/<\/a><\/p>\r\n\r\n\r\n\r\n<p>Achter zijn laptop komt hij vandaan om te reizen, te sporten (triatlons) en kaas te eten.<\/p>\r\n\r\n\r\n\r\n<p>Favoriete fermentatie: kaas. Alle soorten kaas.<\/p>\r\n<\/div>\r\n<\/div>\r\n","protected":false},"excerpt":{"rendered":"<p>Starterculturen.nl werd in 2018 opgericht door de Nederlandse foodwriter &#8216;Meneer  [&#8230;]<\/p>\n","protected":false},"author":1,"featured_media":0,"parent":0,"menu_order":0,"comment_status":"closed","ping_status":"closed","template":"100-width.php","meta":{"_acf_changed":false,"footnotes":""},"class_list":["post-34342","page","type-page","status-publish","hentry"],"acf":[],"yoast_head":"<!-- This site is optimized with the Yoast SEO plugin v26.6 - https:\/\/yoast.com\/wordpress\/plugins\/seo\/ -->\n<title>Over starterculturen.nl - Startercultures.eu<\/title>\n<meta name=\"robots\" content=\"index, follow, max-snippet:-1, max-image-preview:large, max-video-preview:-1\" \/>\n<link rel=\"canonical\" href=\"https:\/\/startercultures.eu\/nl\/over-starterculturen-nl\/\" \/>\n<meta property=\"og:locale\" content=\"nl_NL\" \/>\n<meta property=\"og:type\" content=\"article\" \/>\n<meta property=\"og:title\" content=\"Over starterculturen.nl - Startercultures.eu\" \/>\n<meta property=\"og:description\" content=\"Starterculturen.nl werd in 2018 opgericht door de Nederlandse foodwriter &#8216;Meneer [...]\" \/>\n<meta property=\"og:url\" content=\"https:\/\/startercultures.eu\/nl\/over-starterculturen-nl\/\" \/>\n<meta property=\"og:site_name\" content=\"Startercultures.eu\" \/>\n<meta property=\"article:publisher\" content=\"https:\/\/www.facebook.com\/startercultureseu\" \/>\n<meta property=\"article:modified_time\" content=\"2024-06-14T06:08:37+00:00\" \/>\n<meta property=\"og:image\" content=\"https:\/\/startercultures.eu\/wp-content\/uploads\/2023\/02\/Fernus-0376-2-Middel-1024x683.jpg\" \/>\n<meta name=\"twitter:card\" content=\"summary_large_image\" \/>\n<meta name=\"twitter:label1\" content=\"Est. reading time\" \/>\n\t<meta name=\"twitter:data1\" content=\"4 minutes\" \/>\n<script type=\"application\/ld+json\" class=\"yoast-schema-graph\">{\"@context\":\"https:\/\/schema.org\",\"@graph\":[{\"@type\":\"WebPage\",\"@id\":\"https:\/\/startercultures.eu\/nl\/over-starterculturen-nl\/\",\"url\":\"https:\/\/startercultures.eu\/nl\/over-starterculturen-nl\/\",\"name\":\"Over starterculturen.nl - Startercultures.eu\",\"isPartOf\":{\"@id\":\"https:\/\/startercultures.eu\/nl\/#website\"},\"primaryImageOfPage\":{\"@id\":\"https:\/\/startercultures.eu\/nl\/over-starterculturen-nl\/#primaryimage\"},\"image\":{\"@id\":\"https:\/\/startercultures.eu\/nl\/over-starterculturen-nl\/#primaryimage\"},\"thumbnailUrl\":\"https:\/\/startercultures.eu\/wp-content\/uploads\/2023\/02\/Fernus-0376-2-Middel-1024x683.jpg\",\"datePublished\":\"2023-02-22T11:42:36+00:00\",\"dateModified\":\"2024-06-14T06:08:37+00:00\",\"breadcrumb\":{\"@id\":\"https:\/\/startercultures.eu\/nl\/over-starterculturen-nl\/#breadcrumb\"},\"inLanguage\":\"nl-NL\",\"potentialAction\":[{\"@type\":\"ReadAction\",\"target\":[\"https:\/\/startercultures.eu\/nl\/over-starterculturen-nl\/\"]}]},{\"@type\":\"ImageObject\",\"inLanguage\":\"nl-NL\",\"@id\":\"https:\/\/startercultures.eu\/nl\/over-starterculturen-nl\/#primaryimage\",\"url\":\"https:\/\/startercultures.eu\/wp-content\/uploads\/2023\/02\/Fernus-0376-2-Middel-1024x683.jpg\",\"contentUrl\":\"https:\/\/startercultures.eu\/wp-content\/uploads\/2023\/02\/Fernus-0376-2-Middel-1024x683.jpg\"},{\"@type\":\"BreadcrumbList\",\"@id\":\"https:\/\/startercultures.eu\/nl\/over-starterculturen-nl\/#breadcrumb\",\"itemListElement\":[{\"@type\":\"ListItem\",\"position\":1,\"name\":\"Home\",\"item\":\"https:\/\/startercultures.eu\/nl\/\"},{\"@type\":\"ListItem\",\"position\":2,\"name\":\"Over starterculturen.nl\"}]},{\"@type\":\"WebSite\",\"@id\":\"https:\/\/startercultures.eu\/nl\/#website\",\"url\":\"https:\/\/startercultures.eu\/nl\/\",\"name\":\"Startercultures.eu\",\"description\":\"Startercultures.eu\",\"publisher\":{\"@id\":\"https:\/\/startercultures.eu\/nl\/#organization\"},\"potentialAction\":[{\"@type\":\"SearchAction\",\"target\":{\"@type\":\"EntryPoint\",\"urlTemplate\":\"https:\/\/startercultures.eu\/nl\/?s={search_term_string}\"},\"query-input\":{\"@type\":\"PropertyValueSpecification\",\"valueRequired\":true,\"valueName\":\"search_term_string\"}}],\"inLanguage\":\"nl-NL\"},{\"@type\":\"Organization\",\"@id\":\"https:\/\/startercultures.eu\/nl\/#organization\",\"name\":\"Startercultures.eu\",\"url\":\"https:\/\/startercultures.eu\/nl\/\",\"logo\":{\"@type\":\"ImageObject\",\"inLanguage\":\"nl-NL\",\"@id\":\"https:\/\/startercultures.eu\/nl\/#\/schema\/logo\/image\/\",\"url\":\"https:\/\/startercultures.eu\/wp-content\/uploads\/2020\/08\/startercultures-eu-nl-logo-rond-rgb.png\",\"contentUrl\":\"https:\/\/startercultures.eu\/wp-content\/uploads\/2020\/08\/startercultures-eu-nl-logo-rond-rgb.png\",\"width\":320,\"height\":320,\"caption\":\"Startercultures.eu\"},\"image\":{\"@id\":\"https:\/\/startercultures.eu\/nl\/#\/schema\/logo\/image\/\"},\"sameAs\":[\"https:\/\/www.facebook.com\/startercultureseu\",\"https:\/\/www.instagram.com\/startercultures.eu\/\"]}]}<\/script>\n<!-- \/ Yoast SEO plugin. -->","yoast_head_json":{"title":"Over starterculturen.nl - Startercultures.eu","robots":{"index":"index","follow":"follow","max-snippet":"max-snippet:-1","max-image-preview":"max-image-preview:large","max-video-preview":"max-video-preview:-1"},"canonical":"https:\/\/startercultures.eu\/nl\/over-starterculturen-nl\/","og_locale":"nl_NL","og_type":"article","og_title":"Over starterculturen.nl - Startercultures.eu","og_description":"Starterculturen.nl werd in 2018 opgericht door de Nederlandse foodwriter &#8216;Meneer [...]","og_url":"https:\/\/startercultures.eu\/nl\/over-starterculturen-nl\/","og_site_name":"Startercultures.eu","article_publisher":"https:\/\/www.facebook.com\/startercultureseu","article_modified_time":"2024-06-14T06:08:37+00:00","og_image":[{"url":"https:\/\/startercultures.eu\/wp-content\/uploads\/2023\/02\/Fernus-0376-2-Middel-1024x683.jpg","type":"","width":"","height":""}],"twitter_card":"summary_large_image","twitter_misc":{"Est. reading time":"4 minutes"},"schema":{"@context":"https:\/\/schema.org","@graph":[{"@type":"WebPage","@id":"https:\/\/startercultures.eu\/nl\/over-starterculturen-nl\/","url":"https:\/\/startercultures.eu\/nl\/over-starterculturen-nl\/","name":"Over starterculturen.nl - Startercultures.eu","isPartOf":{"@id":"https:\/\/startercultures.eu\/nl\/#website"},"primaryImageOfPage":{"@id":"https:\/\/startercultures.eu\/nl\/over-starterculturen-nl\/#primaryimage"},"image":{"@id":"https:\/\/startercultures.eu\/nl\/over-starterculturen-nl\/#primaryimage"},"thumbnailUrl":"https:\/\/startercultures.eu\/wp-content\/uploads\/2023\/02\/Fernus-0376-2-Middel-1024x683.jpg","datePublished":"2023-02-22T11:42:36+00:00","dateModified":"2024-06-14T06:08:37+00:00","breadcrumb":{"@id":"https:\/\/startercultures.eu\/nl\/over-starterculturen-nl\/#breadcrumb"},"inLanguage":"nl-NL","potentialAction":[{"@type":"ReadAction","target":["https:\/\/startercultures.eu\/nl\/over-starterculturen-nl\/"]}]},{"@type":"ImageObject","inLanguage":"nl-NL","@id":"https:\/\/startercultures.eu\/nl\/over-starterculturen-nl\/#primaryimage","url":"https:\/\/startercultures.eu\/wp-content\/uploads\/2023\/02\/Fernus-0376-2-Middel-1024x683.jpg","contentUrl":"https:\/\/startercultures.eu\/wp-content\/uploads\/2023\/02\/Fernus-0376-2-Middel-1024x683.jpg"},{"@type":"BreadcrumbList","@id":"https:\/\/startercultures.eu\/nl\/over-starterculturen-nl\/#breadcrumb","itemListElement":[{"@type":"ListItem","position":1,"name":"Home","item":"https:\/\/startercultures.eu\/nl\/"},{"@type":"ListItem","position":2,"name":"Over starterculturen.nl"}]},{"@type":"WebSite","@id":"https:\/\/startercultures.eu\/nl\/#website","url":"https:\/\/startercultures.eu\/nl\/","name":"Startercultures.eu","description":"Startercultures.eu","publisher":{"@id":"https:\/\/startercultures.eu\/nl\/#organization"},"potentialAction":[{"@type":"SearchAction","target":{"@type":"EntryPoint","urlTemplate":"https:\/\/startercultures.eu\/nl\/?s={search_term_string}"},"query-input":{"@type":"PropertyValueSpecification","valueRequired":true,"valueName":"search_term_string"}}],"inLanguage":"nl-NL"},{"@type":"Organization","@id":"https:\/\/startercultures.eu\/nl\/#organization","name":"Startercultures.eu","url":"https:\/\/startercultures.eu\/nl\/","logo":{"@type":"ImageObject","inLanguage":"nl-NL","@id":"https:\/\/startercultures.eu\/nl\/#\/schema\/logo\/image\/","url":"https:\/\/startercultures.eu\/wp-content\/uploads\/2020\/08\/startercultures-eu-nl-logo-rond-rgb.png","contentUrl":"https:\/\/startercultures.eu\/wp-content\/uploads\/2020\/08\/startercultures-eu-nl-logo-rond-rgb.png","width":320,"height":320,"caption":"Startercultures.eu"},"image":{"@id":"https:\/\/startercultures.eu\/nl\/#\/schema\/logo\/image\/"},"sameAs":["https:\/\/www.facebook.com\/startercultureseu","https:\/\/www.instagram.com\/startercultures.eu\/"]}]}},"_links":{"self":[{"href":"https:\/\/startercultures.eu\/nl\/wp-json\/wp\/v2\/pages\/34342","targetHints":{"allow":["GET"]}}],"collection":[{"href":"https:\/\/startercultures.eu\/nl\/wp-json\/wp\/v2\/pages"}],"about":[{"href":"https:\/\/startercultures.eu\/nl\/wp-json\/wp\/v2\/types\/page"}],"author":[{"embeddable":true,"href":"https:\/\/startercultures.eu\/nl\/wp-json\/wp\/v2\/users\/1"}],"replies":[{"embeddable":true,"href":"https:\/\/startercultures.eu\/nl\/wp-json\/wp\/v2\/comments?post=34342"}],"version-history":[{"count":2,"href":"https:\/\/startercultures.eu\/nl\/wp-json\/wp\/v2\/pages\/34342\/revisions"}],"predecessor-version":[{"id":60414,"href":"https:\/\/startercultures.eu\/nl\/wp-json\/wp\/v2\/pages\/34342\/revisions\/60414"}],"wp:attachment":[{"href":"https:\/\/startercultures.eu\/nl\/wp-json\/wp\/v2\/media?parent=34342"}],"curies":[{"name":"wp","href":"https:\/\/api.w.org\/{rel}","templated":true}]}}