{"id":11047,"date":"2021-01-17T08:06:15","date_gmt":"2021-01-17T08:06:15","guid":{"rendered":"https:\/\/startercultures.eu\/product\/niet-gecategoriseerd\/transglutaminase-nl\/"},"modified":"2026-04-16T13:42:27","modified_gmt":"2026-04-16T11:42:27","slug":"transglutaminase","status":"publish","type":"product","link":"https:\/\/startercultures.eu\/nl\/product\/worst-en-vleeswaren-nl\/hulpstoffen-nl\/transglutaminase\/","title":{"rendered":"Transglutaminase | vegan eiwitlijm"},"content":{"rendered":"<p>De binding van dierlijke en plantaardige eiwitten door transglutaminase geeft verbazingwekkende culinaire mogelijkheden die koks nog maar net beginnen te begrijpen.<\/p>\n<h3>Wat is transglutaminase<\/h3>\n<p>Transglutaminase, Vzyme of Activa (merknaam), is een natuurlijk enzym dat voorkomt bij mensen, dieren en planten. In de levensmiddelenproductie wordt het vaak gebruikt als voedselingredi\u00ebnt om eiwitten te binden, de textuur van levensmiddelen te verbeteren of nieuwe producten te cre\u00ebren. De bindingskwaliteit van transglutaminase maakt het tot een nuttig ingredi\u00ebnt voor levensmiddelenproducenten, zowel industrieel als in de huishoudelijke of professionele keuken. Transglutaminase wordt soms &#8220;vleeslijm&#8221; genoemd, hoewel het kan worden gebruikt om elk soort eiwit, zowel dierlijk als plantaardig, op natuurlijke wijze te lijmen. De banden die het cre\u00ebert zijn uitzonderlijk sterk.<\/p>\n<h3>Andere namen voor transglutaminase<\/h3>\n<p>Transglutaminase wordt ook wel Activa (merknaam) of Vzyme (door voormalige vegan kaas webshop Cashewbert) genoemd.<\/p>\n<h3>Mogelijke toepassingen van transglutaminase in vlees<\/h3>\n<p>De mogelijkheden van transglutaminase zijn eindeloos, zowel voor vlees als voor plantaardige toepassingen. Het kan worden gebruikt om een perfecte binding te cre\u00ebren in worsten en andere gereconstrueerde producten. Het wordt vaak gebruikt om stukken vlees om te vormen tot een nieuw product, maar het kan ook worden gebruikt om verschillende soorten vlees, van verschillende dieren, te combineren tot \u00e9\u00e9n product, evenals innovatieve producten zoals het toevoegen van kippenhuid aan een mager stuk varkensvlees. Je zou eaven creaties kunnen maken die vis, vlees en groenten in \u00e9\u00e9n product combineren.<\/p>\n<h3>Mogelijke toepassingen van transglutaminase voor veganistische kaas en andere plantaardige producten<\/h3>\n<p>Transglutaminase kan worden gebruikt bij de productie van veganistische kazen en yoghurts, om eiwitten in (bijvoorbeeld) cashewnoten of soja aan elkaar te binden, of om bonen- of <a href=\"https:\/\/www.chefsteps.com\/activities\/hi-tech-mushroom-burger\" target=\"_blank\" rel=\"noopener\">paddenstoelenburgers<\/a> te maken met een verbazingwekkende textuur. Bovendien wordt het aan bakwaren toegevoegd om de stabiliteit, de elasticiteit en het volume van het deeg te verbeteren en het vermogen om water te absorberen.<\/p>\n<h3>Onze transglutaminase is volledig veganistisch.<\/h3>\n<p>Onze transglutaminase wordt gemaakt door gecontroleerde fermentatie van geselecteerde stammen van de <em>Streptoverticillium mobaraense<\/em>. In tegenstelling tot veel andere merken transglutaminase, worden bij ons noch in het product zelf, noch bij de productie ervan dierlijke producten gebruikt. Dus het is volledig veganistisch. Het is ook niet genetisch gemodificeerd.<\/p>\n<h3>Inhoud<\/h3>\n<ul>\n<li>Transglutaminase (enzymeiwit)<\/li>\n<li>Drager: maltodextrine (afkomstig van ma\u00efs)<\/li>\n<li>100 gram<\/li>\n<li>Allergenen: geen<\/li>\n<li>Non-GMO<\/li>\n<li>Veganistisch<\/li>\n<\/ul>\n<h3>Opslag<\/h3>\n<p>Geopende verpakking kan bij omgevingstemperatuur worden bewaard. Geopende verpakking moet na gedeeltelijk gebruik goed worden afgesloten om de toegang tot zuurstof te beperken. Geopende verpakkingen moeten zo snel mogelijk worden gebruikt. Zuurstoftoegang vermindert de activiteit van het enzym.<\/p>\n<h3>Gebruik<\/h3>\n<p>De optimale pH ligt tussen 4 en 9.<\/p>\n<p>De optimale (snelste) bindingstemperatuur ligt tussen 45 en 60 graden Celsius.<\/p>\n<p>Toepassingstips:<\/p>\n<p>a) Voeg 0,15 &#8211; 1,2% (op basis van het totale gewicht) transglutaminase toe aan vlees of plantaardige pasta.<br \/>\nb) Meng of hak om gelijkmatig te verdelen<br \/>\nc) Vullen\/vormen<br \/>\nd) Wordt hard bij kamertemperatuur, maar sneller bij kooktemperatuur.<br \/>\nKoken: drogen bij 60oC gedurende 25 minuten, optioneel roken bij 60oC gedurende 10 minuten, en optioneel stomen bij 80oC gedurende 15 minuten &#8211; afhankelijk van de diameter van de worst.<br \/>\ne) Koeling en verpakking<\/p>\n<p>Als alternatief kunt u de transglutamines met een fijne zeef over de verschillende lagen van uw bereiding halen en deze vervolgens ten minste 18 uur onder druk laten rusten.<\/p>\n<h3>Waarschuwing<\/h3>\n<p>Transglutaminase bindt elk eiwit, ook dat in uw ogen of longen. Wees voorzichtig bij het toedienen om geen stofwolken te cre\u00ebren die u kunt inademen. Bij inademing of als u het in uw ogen krijgt onmiddellijk een arts raadplegen.<\/p>\n<h3 data-fontsize=\"21\" data-lineheight=\"27.3px\"><span data-sheets-value=\"{\" data-sheets-userformat=\"{\">Transglutaminase<\/span> kopen?<\/h3>\n<p>Bestel uw <span data-sheets-value=\"{\" data-sheets-userformat=\"{\">transglutaminase <\/span>bij startercultures.eu, de Europese webshop voor al uw fermentatie-, worst- en vleeswarenbehoeften. Door Meneer Wateetons, vermaard Nederlands fermentatie- en vleesexpert en auteur. Bestel op werkdagen voor 15:00 uur en we verzenden dezelfde dag nog. Vragen over het gebruik ? Vraag ze in onze chat, we zullen er zijn om te helpen!<\/p>\n<h3>Online cursus \u2018maak je eigen vegan kaas\u2019<a href=\"https:\/\/startercultures.eu\/nl\/product\/vegan-nl\/vegan-zuivel-nl\/online-cursus-vegan-kaas-maken\/\" target=\"_blank\" rel=\"noopener\"><img decoding=\"async\" class=\"lazyload wp-image-75356  alignright\" src=\"https:\/\/startercultures.eu\/wp-content\/uploads\/2021\/09\/VEGAN-KAAS-300x300.png\" data-orig-src=\"https:\/\/startercultures.eu\/wp-content\/uploads\/2021\/09\/VEGAN-KAAS-300x300.png\" alt=\"\" width=\"107\" height=\"107\" srcset=\"data:image\/svg+xml,%3Csvg%20xmlns%3D%27http%3A%2F%2Fwww.w3.org%2F2000%2Fsvg%27%20width%3D%27107%27%20height%3D%27107%27%20viewBox%3D%270%200%20107%20107%27%3E%3Crect%20width%3D%27107%27%20height%3D%27107%27%20fill-opacity%3D%220%22%2F%3E%3C%2Fsvg%3E\" data-srcset=\"https:\/\/startercultures.eu\/wp-content\/uploads\/2021\/09\/VEGAN-KAAS-66x66.png 66w, https:\/\/startercultures.eu\/wp-content\/uploads\/2021\/09\/VEGAN-KAAS-100x100.png 100w, https:\/\/startercultures.eu\/wp-content\/uploads\/2021\/09\/VEGAN-KAAS-150x150.png 150w, https:\/\/startercultures.eu\/wp-content\/uploads\/2021\/09\/VEGAN-KAAS-200x200.png 200w, https:\/\/startercultures.eu\/wp-content\/uploads\/2021\/09\/VEGAN-KAAS-300x300.png 300w, https:\/\/startercultures.eu\/wp-content\/uploads\/2021\/09\/VEGAN-KAAS-400x400.png 400w, https:\/\/startercultures.eu\/wp-content\/uploads\/2021\/09\/VEGAN-KAAS-500x500.png 500w, https:\/\/startercultures.eu\/wp-content\/uploads\/2021\/09\/VEGAN-KAAS-600x600.png 600w, https:\/\/startercultures.eu\/wp-content\/uploads\/2021\/09\/VEGAN-KAAS-700x700.png 700w, https:\/\/startercultures.eu\/wp-content\/uploads\/2021\/09\/VEGAN-KAAS-768x768.png 768w, https:\/\/startercultures.eu\/wp-content\/uploads\/2021\/09\/VEGAN-KAAS-800x800.png 800w, https:\/\/startercultures.eu\/wp-content\/uploads\/2021\/09\/VEGAN-KAAS.png 1000w\" data-sizes=\"auto\" data-orig-sizes=\"(max-width: 107px) 100vw, 107px\" \/><\/a><\/h3>\n<p>Tijdens deze <a href=\"https:\/\/startercultures.eu\/nl\/product\/vegan-nl\/vegan-zuivel-nl\/online-cursus-vegan-kaas-maken\/\" target=\"_blank\" rel=\"noopener\">online cursus vegan kaas maken<\/a> leer je de theorie en praktijk van het thuis maken van vegan kazen, met een focus op vegan camembert en vegan blauwschimmelkaas. Fermentatie-expert \u2018Meneer Wateetons\u2019, auteur van\u00a0<a href=\"https:\/\/startercultures.eu\/nl\/product\/boeken\/over-rot-2-0-2019-het-geactualiseerde-handboek-fermenteren-nl\/\" target=\"_blank\" rel=\"noopener\">Over Rot<\/a>\u00a0en expert in alternatieve voedselbereidingstechnieken, zal je alles leren over ingredi\u00ebnten, fermentatie, voedselveiligheid, pH, starterculturen, schimmels en rijpingsomstandigheden<\/p>\n<p>&nbsp;<\/p>\n","protected":false},"excerpt":{"rendered":"<p>Transglutaminase (Activa of Vzyme) is een natuurlijk enzym. Het wordt gebruikt om dierlijke en plantaardige eiwitten te binden, de textuur van levensmiddelen te verbeteren of nieuwe producten te cre\u00ebren. De binding van dierlijke en plantaardige eiwitten door transglutaminase geeft verbazingwekkende culinaire mogelijkheden die koks nog maar net beginnen te begrijpen. Het kan worden gebruikt in veganistische producten.<\/p>\n","protected":false},"featured_media":37462,"comment_status":"open","ping_status":"closed","template":"","meta":{"_acf_changed":false,"footnotes":""},"product_brand":[],"product_cat":[24,96,526,48,80,82,86],"product_tag":[],"class_list":{"0":"post-11047","1":"product","2":"type-product","3":"status-publish","4":"has-post-thumbnail","6":"product_cat-bonen-granen-rijst-nl","7":"product_cat-granen-bonen-rijst-nl","8":"product_cat-hulpstoffen","9":"product_cat-hulpstoffen-nl","10":"product_cat-vegan-kaas-nl","11":"product_cat-yoghurt-vegan-nl","12":"product_cat-vegan-zuivel-nl","13":"pa_ean-8720297621062-nl","15":"first","16":"instock","17":"taxable","18":"shipping-taxable","19":"purchasable","20":"product-type-simple"},"acf":[],"yoast_head":"<!-- This site is optimized with the Yoast SEO plugin v26.6 - https:\/\/yoast.com\/wordpress\/plugins\/seo\/ -->\n<title>Transglutaminase | Startercultures.eu<\/title>\n<meta name=\"description\" content=\"Transglutaminase (Activa of Vzyme) is een natuurlijk enzym. Het wordt gebruikt om dierlijke en plantaardige eiwitten te binden.\" \/>\n<meta name=\"robots\" content=\"index, follow, max-snippet:-1, max-image-preview:large, max-video-preview:-1\" \/>\n<link rel=\"canonical\" href=\"https:\/\/startercultures.eu\/nl\/product\/worst-en-vleeswaren-nl\/hulpstoffen-nl\/transglutaminase\/\" \/>\n<meta property=\"og:locale\" content=\"nl_NL\" \/>\n<meta property=\"og:type\" content=\"article\" \/>\n<meta property=\"og:title\" content=\"Transglutaminase | Startercultures.eu\" \/>\n<meta property=\"og:description\" content=\"Transglutaminase (Activa of Vzyme) is een natuurlijk enzym. Het wordt gebruikt om dierlijke en plantaardige eiwitten te binden.\" \/>\n<meta property=\"og:url\" content=\"https:\/\/startercultures.eu\/nl\/product\/worst-en-vleeswaren-nl\/hulpstoffen-nl\/transglutaminase\/\" \/>\n<meta property=\"og:site_name\" content=\"Startercultures.eu\" \/>\n<meta property=\"article:publisher\" content=\"https:\/\/www.facebook.com\/startercultureseu\" \/>\n<meta property=\"article:modified_time\" content=\"2026-04-16T11:42:27+00:00\" \/>\n<meta property=\"og:image\" content=\"https:\/\/startercultures.eu\/wp-content\/uploads\/2021\/01\/164-transglutaminase-mu.png\" \/>\n\t<meta property=\"og:image:width\" content=\"1250\" \/>\n\t<meta property=\"og:image:height\" content=\"1250\" \/>\n\t<meta property=\"og:image:type\" content=\"image\/png\" \/>\n<meta name=\"twitter:card\" content=\"summary_large_image\" \/>\n<meta name=\"twitter:label1\" content=\"Price\" \/>\n\t<meta name=\"twitter:data1\" content=\"&euro;14,99\" \/>\n\t<meta name=\"twitter:label2\" content=\"Availability\" \/>\n\t<meta name=\"twitter:data2\" content=\"Op voorraad\" \/>\n<script type=\"application\/ld+json\" class=\"yoast-schema-graph\">{\"@context\":\"https:\/\/schema.org\",\"@graph\":[{\"@type\":\"WebPage\",\"@id\":\"https:\/\/startercultures.eu\/nl\/product\/worst-en-vleeswaren-nl\/hulpstoffen-nl\/transglutaminase\/\",\"url\":\"https:\/\/startercultures.eu\/nl\/product\/worst-en-vleeswaren-nl\/hulpstoffen-nl\/transglutaminase\/\",\"name\":\"Transglutaminase | Startercultures.eu\",\"isPartOf\":{\"@id\":\"https:\/\/startercultures.eu\/nl\/#website\"},\"primaryImageOfPage\":{\"@id\":\"https:\/\/startercultures.eu\/nl\/product\/worst-en-vleeswaren-nl\/hulpstoffen-nl\/transglutaminase\/#primaryimage\"},\"image\":{\"@id\":\"https:\/\/startercultures.eu\/nl\/product\/worst-en-vleeswaren-nl\/hulpstoffen-nl\/transglutaminase\/#primaryimage\"},\"thumbnailUrl\":\"https:\/\/startercultures.eu\/wp-content\/uploads\/2021\/01\/164-transglutaminase-mu.png\",\"datePublished\":\"2021-01-17T08:06:15+00:00\",\"dateModified\":\"2026-04-16T11:42:27+00:00\",\"description\":\"Transglutaminase (Activa of Vzyme) is een natuurlijk enzym. Het wordt gebruikt om dierlijke en plantaardige eiwitten te binden.\",\"breadcrumb\":{\"@id\":\"https:\/\/startercultures.eu\/nl\/product\/worst-en-vleeswaren-nl\/hulpstoffen-nl\/transglutaminase\/#breadcrumb\"},\"inLanguage\":\"nl-NL\",\"potentialAction\":[{\"@type\":\"ReadAction\",\"target\":[\"https:\/\/startercultures.eu\/nl\/product\/worst-en-vleeswaren-nl\/hulpstoffen-nl\/transglutaminase\/\"]}]},{\"@type\":\"ImageObject\",\"inLanguage\":\"nl-NL\",\"@id\":\"https:\/\/startercultures.eu\/nl\/product\/worst-en-vleeswaren-nl\/hulpstoffen-nl\/transglutaminase\/#primaryimage\",\"url\":\"https:\/\/startercultures.eu\/wp-content\/uploads\/2021\/01\/164-transglutaminase-mu.png\",\"contentUrl\":\"https:\/\/startercultures.eu\/wp-content\/uploads\/2021\/01\/164-transglutaminase-mu.png\",\"width\":1250,\"height\":1250,\"caption\":\"transglutaminase\"},{\"@type\":\"BreadcrumbList\",\"@id\":\"https:\/\/startercultures.eu\/nl\/product\/worst-en-vleeswaren-nl\/hulpstoffen-nl\/transglutaminase\/#breadcrumb\",\"itemListElement\":[{\"@type\":\"ListItem\",\"position\":1,\"name\":\"Home\",\"item\":\"https:\/\/startercultures.eu\/nl\/\"},{\"@type\":\"ListItem\",\"position\":2,\"name\":\"Winkel\",\"item\":\"https:\/\/startercultures.eu\/nl\/winkel\/\"},{\"@type\":\"ListItem\",\"position\":3,\"name\":\"Transglutaminase | vegan eiwitlijm\"}]},{\"@type\":\"WebSite\",\"@id\":\"https:\/\/startercultures.eu\/nl\/#website\",\"url\":\"https:\/\/startercultures.eu\/nl\/\",\"name\":\"Startercultures.eu\",\"description\":\"Startercultures.eu\",\"publisher\":{\"@id\":\"https:\/\/startercultures.eu\/nl\/#organization\"},\"potentialAction\":[{\"@type\":\"SearchAction\",\"target\":{\"@type\":\"EntryPoint\",\"urlTemplate\":\"https:\/\/startercultures.eu\/nl\/?s={search_term_string}\"},\"query-input\":{\"@type\":\"PropertyValueSpecification\",\"valueRequired\":true,\"valueName\":\"search_term_string\"}}],\"inLanguage\":\"nl-NL\"},{\"@type\":\"Organization\",\"@id\":\"https:\/\/startercultures.eu\/nl\/#organization\",\"name\":\"Startercultures.eu\",\"url\":\"https:\/\/startercultures.eu\/nl\/\",\"logo\":{\"@type\":\"ImageObject\",\"inLanguage\":\"nl-NL\",\"@id\":\"https:\/\/startercultures.eu\/nl\/#\/schema\/logo\/image\/\",\"url\":\"https:\/\/startercultures.eu\/wp-content\/uploads\/2020\/08\/startercultures-eu-nl-logo-rond-rgb.png\",\"contentUrl\":\"https:\/\/startercultures.eu\/wp-content\/uploads\/2020\/08\/startercultures-eu-nl-logo-rond-rgb.png\",\"width\":320,\"height\":320,\"caption\":\"Startercultures.eu\"},\"image\":{\"@id\":\"https:\/\/startercultures.eu\/nl\/#\/schema\/logo\/image\/\"},\"sameAs\":[\"https:\/\/www.facebook.com\/startercultureseu\",\"https:\/\/www.instagram.com\/startercultures.eu\/\"]}]}<\/script>\n<meta property=\"product:price:amount\" content=\"14.99\" \/>\n<meta property=\"product:price:currency\" content=\"EUR\" \/>\n<meta property=\"og:availability\" content=\"instock\" \/>\n<meta property=\"product:availability\" content=\"instock\" \/>\n<meta property=\"product:retailer_item_id\" content=\"164\" \/>\n<meta property=\"product:condition\" content=\"new\" \/>\n<!-- \/ Yoast SEO plugin. -->","yoast_head_json":{"title":"Transglutaminase | Startercultures.eu","description":"Transglutaminase (Activa of Vzyme) is een natuurlijk enzym. Het wordt gebruikt om dierlijke en plantaardige eiwitten te binden.","robots":{"index":"index","follow":"follow","max-snippet":"max-snippet:-1","max-image-preview":"max-image-preview:large","max-video-preview":"max-video-preview:-1"},"canonical":"https:\/\/startercultures.eu\/nl\/product\/worst-en-vleeswaren-nl\/hulpstoffen-nl\/transglutaminase\/","og_locale":"nl_NL","og_type":"article","og_title":"Transglutaminase | Startercultures.eu","og_description":"Transglutaminase (Activa of Vzyme) is een natuurlijk enzym. Het wordt gebruikt om dierlijke en plantaardige eiwitten te binden.","og_url":"https:\/\/startercultures.eu\/nl\/product\/worst-en-vleeswaren-nl\/hulpstoffen-nl\/transglutaminase\/","og_site_name":"Startercultures.eu","article_publisher":"https:\/\/www.facebook.com\/startercultureseu","article_modified_time":"2026-04-16T11:42:27+00:00","og_image":[{"width":1250,"height":1250,"url":"https:\/\/startercultures.eu\/wp-content\/uploads\/2021\/01\/164-transglutaminase-mu.png","type":"image\/png"}],"twitter_card":"summary_large_image","twitter_misc":{"Price":"&euro;14,99","Availability":"Op voorraad"},"schema":{"@context":"https:\/\/schema.org","@graph":[{"@type":"WebPage","@id":"https:\/\/startercultures.eu\/nl\/product\/worst-en-vleeswaren-nl\/hulpstoffen-nl\/transglutaminase\/","url":"https:\/\/startercultures.eu\/nl\/product\/worst-en-vleeswaren-nl\/hulpstoffen-nl\/transglutaminase\/","name":"Transglutaminase | Startercultures.eu","isPartOf":{"@id":"https:\/\/startercultures.eu\/nl\/#website"},"primaryImageOfPage":{"@id":"https:\/\/startercultures.eu\/nl\/product\/worst-en-vleeswaren-nl\/hulpstoffen-nl\/transglutaminase\/#primaryimage"},"image":{"@id":"https:\/\/startercultures.eu\/nl\/product\/worst-en-vleeswaren-nl\/hulpstoffen-nl\/transglutaminase\/#primaryimage"},"thumbnailUrl":"https:\/\/startercultures.eu\/wp-content\/uploads\/2021\/01\/164-transglutaminase-mu.png","datePublished":"2021-01-17T08:06:15+00:00","dateModified":"2026-04-16T11:42:27+00:00","description":"Transglutaminase (Activa of Vzyme) is een natuurlijk enzym. Het wordt gebruikt om dierlijke en plantaardige eiwitten te binden.","breadcrumb":{"@id":"https:\/\/startercultures.eu\/nl\/product\/worst-en-vleeswaren-nl\/hulpstoffen-nl\/transglutaminase\/#breadcrumb"},"inLanguage":"nl-NL","potentialAction":[{"@type":"ReadAction","target":["https:\/\/startercultures.eu\/nl\/product\/worst-en-vleeswaren-nl\/hulpstoffen-nl\/transglutaminase\/"]}]},{"@type":"ImageObject","inLanguage":"nl-NL","@id":"https:\/\/startercultures.eu\/nl\/product\/worst-en-vleeswaren-nl\/hulpstoffen-nl\/transglutaminase\/#primaryimage","url":"https:\/\/startercultures.eu\/wp-content\/uploads\/2021\/01\/164-transglutaminase-mu.png","contentUrl":"https:\/\/startercultures.eu\/wp-content\/uploads\/2021\/01\/164-transglutaminase-mu.png","width":1250,"height":1250,"caption":"transglutaminase"},{"@type":"BreadcrumbList","@id":"https:\/\/startercultures.eu\/nl\/product\/worst-en-vleeswaren-nl\/hulpstoffen-nl\/transglutaminase\/#breadcrumb","itemListElement":[{"@type":"ListItem","position":1,"name":"Home","item":"https:\/\/startercultures.eu\/nl\/"},{"@type":"ListItem","position":2,"name":"Winkel","item":"https:\/\/startercultures.eu\/nl\/winkel\/"},{"@type":"ListItem","position":3,"name":"Transglutaminase | vegan eiwitlijm"}]},{"@type":"WebSite","@id":"https:\/\/startercultures.eu\/nl\/#website","url":"https:\/\/startercultures.eu\/nl\/","name":"Startercultures.eu","description":"Startercultures.eu","publisher":{"@id":"https:\/\/startercultures.eu\/nl\/#organization"},"potentialAction":[{"@type":"SearchAction","target":{"@type":"EntryPoint","urlTemplate":"https:\/\/startercultures.eu\/nl\/?s={search_term_string}"},"query-input":{"@type":"PropertyValueSpecification","valueRequired":true,"valueName":"search_term_string"}}],"inLanguage":"nl-NL"},{"@type":"Organization","@id":"https:\/\/startercultures.eu\/nl\/#organization","name":"Startercultures.eu","url":"https:\/\/startercultures.eu\/nl\/","logo":{"@type":"ImageObject","inLanguage":"nl-NL","@id":"https:\/\/startercultures.eu\/nl\/#\/schema\/logo\/image\/","url":"https:\/\/startercultures.eu\/wp-content\/uploads\/2020\/08\/startercultures-eu-nl-logo-rond-rgb.png","contentUrl":"https:\/\/startercultures.eu\/wp-content\/uploads\/2020\/08\/startercultures-eu-nl-logo-rond-rgb.png","width":320,"height":320,"caption":"Startercultures.eu"},"image":{"@id":"https:\/\/startercultures.eu\/nl\/#\/schema\/logo\/image\/"},"sameAs":["https:\/\/www.facebook.com\/startercultureseu","https:\/\/www.instagram.com\/startercultures.eu\/"]}]},"product_price_amount":"14.99","product_price_currency":"EUR","og_availability":"instock","product_availability":"instock","product_retailer_item_id":"164","product_condition":"new"},"_links":{"self":[{"href":"https:\/\/startercultures.eu\/nl\/wp-json\/wp\/v2\/product\/11047","targetHints":{"allow":["GET"]}}],"collection":[{"href":"https:\/\/startercultures.eu\/nl\/wp-json\/wp\/v2\/product"}],"about":[{"href":"https:\/\/startercultures.eu\/nl\/wp-json\/wp\/v2\/types\/product"}],"replies":[{"embeddable":true,"href":"https:\/\/startercultures.eu\/nl\/wp-json\/wp\/v2\/comments?post=11047"}],"version-history":[{"count":4,"href":"https:\/\/startercultures.eu\/nl\/wp-json\/wp\/v2\/product\/11047\/revisions"}],"predecessor-version":[{"id":76390,"href":"https:\/\/startercultures.eu\/nl\/wp-json\/wp\/v2\/product\/11047\/revisions\/76390"}],"wp:featuredmedia":[{"embeddable":true,"href":"https:\/\/startercultures.eu\/nl\/wp-json\/wp\/v2\/media\/37462"}],"wp:attachment":[{"href":"https:\/\/startercultures.eu\/nl\/wp-json\/wp\/v2\/media?parent=11047"}],"wp:term":[{"taxonomy":"product_brand","embeddable":true,"href":"https:\/\/startercultures.eu\/nl\/wp-json\/wp\/v2\/product_brand?post=11047"},{"taxonomy":"product_cat","embeddable":true,"href":"https:\/\/startercultures.eu\/nl\/wp-json\/wp\/v2\/product_cat?post=11047"},{"taxonomy":"product_tag","embeddable":true,"href":"https:\/\/startercultures.eu\/nl\/wp-json\/wp\/v2\/product_tag?post=11047"}],"curies":[{"name":"wp","href":"https:\/\/api.w.org\/{rel}","templated":true}]}}