{"id":11059,"date":"2021-01-17T14:02:52","date_gmt":"2021-01-17T14:02:52","guid":{"rendered":"https:\/\/startercultures.eu\/product\/niet-gecategoriseerd\/multifunctionele-kaasvorm-voor-zachte-en-harde-kazen-nl\/"},"modified":"2025-12-07T08:05:35","modified_gmt":"2025-12-07T07:05:35","slug":"multifunctionele-kaasvorm-voor-zachte-en-harde-kazen-nl","status":"publish","type":"product","link":"https:\/\/startercultures.eu\/nl\/product\/fermentation-nl\/zuivel-ook-vegan-nl\/kaas-nl\/tools-kaas-nl\/multifunctionele-kaasvorm-voor-zachte-en-harde-kazen-nl\/","title":{"rendered":"Multifunctionele kaasvorm | voor zachte en harde kazen"},"content":{"rendered":"<p>Dit is een veelzijdige multifunctionele kaasvorm die je kunt gebruiken voor zowel zachte als harde kazen.<\/p>\n<h3>Toepassingen voor deze multifunctionele kaasvorm<\/h3>\n<p>\u2705 Zachte geitenkaas, camembert-achtige witschimmelkazen, zachte blauwschimmelkazen, zachte roodschimmelkaas en zachte vegan kazen<br \/>\n\u2705 Harde kazen zoals Gouda, Emmenthaler, Comt\u00e9, Parmaggiano, harde geitenkaas en nog veel meer<br \/>\n\u2705 Elke andere kaas die je maar kunt bedenken<\/p>\n<h3>Inhoud<\/h3>\n<ul>\n<li>550 gram kaasvorm<\/li>\n<li>Volger voor persen<\/li>\n<li>Afmeting: lengte 9,4 cm, hoogte 11,5 cm, breedte 11,5 cm<\/li>\n<\/ul>\n<h3 class=\"fusion-responsive-typography-calculated\" data-fontsize=\"21\" data-lineheight=\"27.3px\">Meer leren?<\/h3>\n<p>Check\u00a0<a href=\"https:\/\/wateetons.com\/?s=kaas+maken\" target=\"_blank\" rel=\"noopener noreferrer\">alle posts van Meneer Wateetons over kaas maken op www.wateetons.com<\/a>. Of koop\u00a0<a href=\"https:\/\/startercultures.eu\/nl\/product\/boeken\/over-rot-2-0-2019-het-geactualiseerde-handboek-fermenteren-nl\/\" target=\"_blank\" rel=\"noopener noreferrer\">Over Rot<\/a>, met een uitgebreide sectie over kaas maken.<\/p>\n<h3 data-fontsize=\"21\" data-lineheight=\"27.3px\">Multifunctionele kaasvorm kopen?<\/h3>\n<p>Je bestelt de kaasvorm bij starterculturen.nl, d\u00e9 webwinkel voor al je charcuterie-, pat\u00e9- en worstingredi\u00ebnten. Van Meneer Wateetons de auteur van de standaardwerken <a href=\"https:\/\/startercultures.eu\/nl\/product-category\/boeken\/\" target=\"_blank\" rel=\"noopener noreferrer\">De Worstbijbel (2018) en Over Charcuterie (2019)<\/a>. Op werkdagen voor 15:00 besteld, dezelfde dag verzonden.\u00a0 Vragen over het gebruik van de kaasvorm? Stel ze via de chatfunctie. We komen er altijd uit.<\/p>\n<h3>Online on demand workshop \u2018maak je eigen Goudse kaas\u2019<\/h3>\n<p><img decoding=\"async\" class=\"lazyload wp-image-19382 alignright\" src=\"https:\/\/startercultures.eu\/wp-content\/uploads\/2022\/01\/maak-je-eigen-Goudse-kaas-300x300.png\" data-orig-src=\"https:\/\/startercultures.eu\/wp-content\/uploads\/2022\/01\/maak-je-eigen-Goudse-kaas-300x300.png\" alt=\"maak je eigen Goudse kaas\" width=\"116\" height=\"116\" srcset=\"data:image\/svg+xml,%3Csvg%20xmlns%3D%27http%3A%2F%2Fwww.w3.org%2F2000%2Fsvg%27%20width%3D%27116%27%20height%3D%27116%27%20viewBox%3D%270%200%20116%20116%27%3E%3Crect%20width%3D%27116%27%20height%3D%27116%27%20fill-opacity%3D%220%22%2F%3E%3C%2Fsvg%3E\" data-srcset=\"https:\/\/startercultures.eu\/wp-content\/uploads\/2022\/01\/maak-je-eigen-Goudse-kaas-66x66.png 66w, https:\/\/startercultures.eu\/wp-content\/uploads\/2022\/01\/maak-je-eigen-Goudse-kaas-100x100.png 100w, https:\/\/startercultures.eu\/wp-content\/uploads\/2022\/01\/maak-je-eigen-Goudse-kaas-150x150.png 150w, https:\/\/startercultures.eu\/wp-content\/uploads\/2022\/01\/maak-je-eigen-Goudse-kaas-200x200.png 200w, https:\/\/startercultures.eu\/wp-content\/uploads\/2022\/01\/maak-je-eigen-Goudse-kaas-300x300.png 300w, https:\/\/startercultures.eu\/wp-content\/uploads\/2022\/01\/maak-je-eigen-Goudse-kaas-400x400.png 400w, https:\/\/startercultures.eu\/wp-content\/uploads\/2022\/01\/maak-je-eigen-Goudse-kaas.png 450w\" data-sizes=\"auto\" data-orig-sizes=\"(max-width: 116px) 100vw, 116px\" \/><\/p>\n<p>Leer alles over zelf Goudse kaas maken in deze <em>culicollab <\/em> <a href=\"https:\/\/startercultures.eu\/nl\/product\/zuivel-ook-vegan-nl\/kaas-nl\/workshops-kaas-nl\/online-on-demand-workshop-maak-je-eigen-goudse-kaas\/\" target=\"_blank\" rel=\"noopener\">online workshop<\/a> van fermentatie-expert en auteur van\u00a0<a class=\"ek-link\" href=\"https:\/\/startercultures.eu\/nl\/product\/boeken\/over-rot-2-0-2019-het-geactualiseerde-handboek-fermenteren-nl\/\" target=\"_blank\" rel=\"noreferrer noopener\" aria-label=\"Over Rot (opens in a new tab)\">Over Rot<\/a> Meneer Wateetons, samen met auteur van h\u00e9t Nederlands zelf-maak-kaasboek &#8216;<a class=\"ek-link\" href=\"https:\/\/www.zeewierkaas.nl\/product\/kaas-uit-eigen-keuken\/\" target=\"_blank\" rel=\"noreferrer noopener\" aria-label=\"Kaas uit Eigen Keuken (opens in a new tab)\">Kaas uit Eigen Keuken<\/a>&#8216; Nils Koster.\u00a0 Je zult de theorie en praktijk leren van het maken van kazen, met een focus op Goudse kaas. Wat maakt van Goudse kaas die wereldberoemde lekkernij? Samen leren we je alles, van de tools die je nodig hebt en alle stappen: van het verzuren, stremmen, koken, persen, en rijpen.<\/p>\n","protected":false},"excerpt":{"rendered":"<p>Dit is een veelzijdige multifunctionele kaasvorm die gebruikt kan worden voor zowel zachte als geperste kazen.<\/p>\n","protected":false},"featured_media":14298,"comment_status":"open","ping_status":"closed","template":"","meta":{"_acf_changed":false,"footnotes":""},"product_brand":[],"product_cat":[76,392,529,80,86,608],"product_tag":[],"class_list":{"0":"post-11059","1":"product","2":"type-product","3":"status-publish","4":"has-post-thumbnail","6":"product_cat-kaas-nl","7":"product_cat-tools-kaas-nl","8":"product_cat-tools-vegan-kaas-nl","9":"product_cat-vegan-kaas-nl","10":"product_cat-vegan-zuivel-nl","11":"product_cat-vormen","12":"product_shipping_class-klein-pakket-nl","13":"pa_ean-5420069842284-nl","15":"first","16":"outofstock","17":"taxable","18":"shipping-taxable","19":"purchasable","20":"product-type-simple"},"acf":[],"yoast_head":"<!-- This site is optimized with the Yoast SEO plugin v26.6 - https:\/\/yoast.com\/wordpress\/plugins\/seo\/ -->\n<title>Multifunctionele kaasvorm voor zelf kaas maken | starterculturen.nl<\/title>\n<meta name=\"description\" content=\"Dit is een veelzijdige multifunctionele kaasvorm die je kunt gebruiken voor zowel zachte als harde kazen. Camembert, Gouds of vegan.\" \/>\n<meta name=\"robots\" content=\"index, follow, max-snippet:-1, max-image-preview:large, max-video-preview:-1\" \/>\n<link rel=\"canonical\" href=\"https:\/\/startercultures.eu\/nl\/product\/fermentation-nl\/zuivel-ook-vegan-nl\/kaas-nl\/tools-kaas-nl\/multifunctionele-kaasvorm-voor-zachte-en-harde-kazen-nl\/\" \/>\n<meta property=\"og:locale\" content=\"nl_NL\" \/>\n<meta property=\"og:type\" content=\"article\" \/>\n<meta property=\"og:title\" content=\"Multifunctionele kaasvorm voor zelf kaas maken | starterculturen.nl\" \/>\n<meta property=\"og:description\" content=\"Dit is een veelzijdige multifunctionele kaasvorm die je kunt gebruiken voor zowel zachte als harde kazen. Camembert, Gouds of vegan.\" \/>\n<meta property=\"og:url\" content=\"https:\/\/startercultures.eu\/nl\/product\/fermentation-nl\/zuivel-ook-vegan-nl\/kaas-nl\/tools-kaas-nl\/multifunctionele-kaasvorm-voor-zachte-en-harde-kazen-nl\/\" \/>\n<meta property=\"og:site_name\" content=\"Startercultures.eu\" \/>\n<meta property=\"article:publisher\" content=\"https:\/\/www.facebook.com\/startercultureseu\" \/>\n<meta property=\"article:modified_time\" content=\"2025-12-07T07:05:35+00:00\" \/>\n<meta property=\"og:image\" content=\"https:\/\/startercultures.eu\/wp-content\/uploads\/2021\/01\/kaasvorm-harde-kazen-550-g-volger.jpg\" \/>\n\t<meta property=\"og:image:width\" content=\"592\" \/>\n\t<meta property=\"og:image:height\" content=\"592\" \/>\n\t<meta property=\"og:image:type\" content=\"image\/jpeg\" \/>\n<meta name=\"twitter:card\" content=\"summary_large_image\" \/>\n<meta name=\"twitter:label1\" content=\"Price\" \/>\n\t<meta name=\"twitter:data1\" content=\"&euro;28,99\" \/>\n\t<meta name=\"twitter:label2\" content=\"Availability\" \/>\n\t<meta name=\"twitter:data2\" content=\"tijdelijk uitverkocht\" \/>\n<script type=\"application\/ld+json\" class=\"yoast-schema-graph\">{\"@context\":\"https:\/\/schema.org\",\"@graph\":[{\"@type\":\"WebPage\",\"@id\":\"https:\/\/startercultures.eu\/nl\/product\/fermentation-nl\/zuivel-ook-vegan-nl\/kaas-nl\/tools-kaas-nl\/multifunctionele-kaasvorm-voor-zachte-en-harde-kazen-nl\/\",\"url\":\"https:\/\/startercultures.eu\/nl\/product\/fermentation-nl\/zuivel-ook-vegan-nl\/kaas-nl\/tools-kaas-nl\/multifunctionele-kaasvorm-voor-zachte-en-harde-kazen-nl\/\",\"name\":\"Multifunctionele kaasvorm voor zelf kaas maken | starterculturen.nl\",\"isPartOf\":{\"@id\":\"https:\/\/startercultures.eu\/nl\/#website\"},\"primaryImageOfPage\":{\"@id\":\"https:\/\/startercultures.eu\/nl\/product\/fermentation-nl\/zuivel-ook-vegan-nl\/kaas-nl\/tools-kaas-nl\/multifunctionele-kaasvorm-voor-zachte-en-harde-kazen-nl\/#primaryimage\"},\"image\":{\"@id\":\"https:\/\/startercultures.eu\/nl\/product\/fermentation-nl\/zuivel-ook-vegan-nl\/kaas-nl\/tools-kaas-nl\/multifunctionele-kaasvorm-voor-zachte-en-harde-kazen-nl\/#primaryimage\"},\"thumbnailUrl\":\"https:\/\/startercultures.eu\/wp-content\/uploads\/2021\/01\/kaasvorm-harde-kazen-550-g-volger.jpg\",\"datePublished\":\"2021-01-17T14:02:52+00:00\",\"dateModified\":\"2025-12-07T07:05:35+00:00\",\"description\":\"Dit is een veelzijdige multifunctionele kaasvorm die je kunt gebruiken voor zowel zachte als harde kazen. Camembert, Gouds of vegan.\",\"breadcrumb\":{\"@id\":\"https:\/\/startercultures.eu\/nl\/product\/fermentation-nl\/zuivel-ook-vegan-nl\/kaas-nl\/tools-kaas-nl\/multifunctionele-kaasvorm-voor-zachte-en-harde-kazen-nl\/#breadcrumb\"},\"inLanguage\":\"nl-NL\",\"potentialAction\":[{\"@type\":\"ReadAction\",\"target\":[\"https:\/\/startercultures.eu\/nl\/product\/fermentation-nl\/zuivel-ook-vegan-nl\/kaas-nl\/tools-kaas-nl\/multifunctionele-kaasvorm-voor-zachte-en-harde-kazen-nl\/\"]}]},{\"@type\":\"ImageObject\",\"inLanguage\":\"nl-NL\",\"@id\":\"https:\/\/startercultures.eu\/nl\/product\/fermentation-nl\/zuivel-ook-vegan-nl\/kaas-nl\/tools-kaas-nl\/multifunctionele-kaasvorm-voor-zachte-en-harde-kazen-nl\/#primaryimage\",\"url\":\"https:\/\/startercultures.eu\/wp-content\/uploads\/2021\/01\/kaasvorm-harde-kazen-550-g-volger.jpg\",\"contentUrl\":\"https:\/\/startercultures.eu\/wp-content\/uploads\/2021\/01\/kaasvorm-harde-kazen-550-g-volger.jpg\",\"width\":592,\"height\":592,\"caption\":\"multi functional cheese mould 550-g-+ follower\"},{\"@type\":\"BreadcrumbList\",\"@id\":\"https:\/\/startercultures.eu\/nl\/product\/fermentation-nl\/zuivel-ook-vegan-nl\/kaas-nl\/tools-kaas-nl\/multifunctionele-kaasvorm-voor-zachte-en-harde-kazen-nl\/#breadcrumb\",\"itemListElement\":[{\"@type\":\"ListItem\",\"position\":1,\"name\":\"Home\",\"item\":\"https:\/\/startercultures.eu\/nl\/\"},{\"@type\":\"ListItem\",\"position\":2,\"name\":\"Winkel\",\"item\":\"https:\/\/startercultures.eu\/nl\/winkel\/\"},{\"@type\":\"ListItem\",\"position\":3,\"name\":\"Multifunctionele kaasvorm | voor zachte en harde kazen\"}]},{\"@type\":\"WebSite\",\"@id\":\"https:\/\/startercultures.eu\/nl\/#website\",\"url\":\"https:\/\/startercultures.eu\/nl\/\",\"name\":\"Startercultures.eu\",\"description\":\"Startercultures.eu\",\"publisher\":{\"@id\":\"https:\/\/startercultures.eu\/nl\/#organization\"},\"potentialAction\":[{\"@type\":\"SearchAction\",\"target\":{\"@type\":\"EntryPoint\",\"urlTemplate\":\"https:\/\/startercultures.eu\/nl\/?s={search_term_string}\"},\"query-input\":{\"@type\":\"PropertyValueSpecification\",\"valueRequired\":true,\"valueName\":\"search_term_string\"}}],\"inLanguage\":\"nl-NL\"},{\"@type\":\"Organization\",\"@id\":\"https:\/\/startercultures.eu\/nl\/#organization\",\"name\":\"Startercultures.eu\",\"url\":\"https:\/\/startercultures.eu\/nl\/\",\"logo\":{\"@type\":\"ImageObject\",\"inLanguage\":\"nl-NL\",\"@id\":\"https:\/\/startercultures.eu\/nl\/#\/schema\/logo\/image\/\",\"url\":\"https:\/\/startercultures.eu\/wp-content\/uploads\/2020\/08\/startercultures-eu-nl-logo-rond-rgb.png\",\"contentUrl\":\"https:\/\/startercultures.eu\/wp-content\/uploads\/2020\/08\/startercultures-eu-nl-logo-rond-rgb.png\",\"width\":320,\"height\":320,\"caption\":\"Startercultures.eu\"},\"image\":{\"@id\":\"https:\/\/startercultures.eu\/nl\/#\/schema\/logo\/image\/\"},\"sameAs\":[\"https:\/\/www.facebook.com\/startercultureseu\",\"https:\/\/www.instagram.com\/startercultures.eu\/\"]}]}<\/script>\n<meta property=\"product:price:amount\" content=\"28.99\" \/>\n<meta property=\"product:price:currency\" content=\"EUR\" \/>\n<meta property=\"og:availability\" content=\"out of stock\" \/>\n<meta property=\"product:availability\" content=\"out of stock\" \/>\n<meta property=\"product:retailer_item_id\" content=\"166\" \/>\n<meta property=\"product:condition\" content=\"new\" \/>\n<!-- \/ Yoast SEO plugin. -->","yoast_head_json":{"title":"Multifunctionele kaasvorm voor zelf kaas maken | starterculturen.nl","description":"Dit is een veelzijdige multifunctionele kaasvorm die je kunt gebruiken voor zowel zachte als harde kazen. Camembert, Gouds of vegan.","robots":{"index":"index","follow":"follow","max-snippet":"max-snippet:-1","max-image-preview":"max-image-preview:large","max-video-preview":"max-video-preview:-1"},"canonical":"https:\/\/startercultures.eu\/nl\/product\/fermentation-nl\/zuivel-ook-vegan-nl\/kaas-nl\/tools-kaas-nl\/multifunctionele-kaasvorm-voor-zachte-en-harde-kazen-nl\/","og_locale":"nl_NL","og_type":"article","og_title":"Multifunctionele kaasvorm voor zelf kaas maken | starterculturen.nl","og_description":"Dit is een veelzijdige multifunctionele kaasvorm die je kunt gebruiken voor zowel zachte als harde kazen. Camembert, Gouds of vegan.","og_url":"https:\/\/startercultures.eu\/nl\/product\/fermentation-nl\/zuivel-ook-vegan-nl\/kaas-nl\/tools-kaas-nl\/multifunctionele-kaasvorm-voor-zachte-en-harde-kazen-nl\/","og_site_name":"Startercultures.eu","article_publisher":"https:\/\/www.facebook.com\/startercultureseu","article_modified_time":"2025-12-07T07:05:35+00:00","og_image":[{"width":592,"height":592,"url":"https:\/\/startercultures.eu\/wp-content\/uploads\/2021\/01\/kaasvorm-harde-kazen-550-g-volger.jpg","type":"image\/jpeg"}],"twitter_card":"summary_large_image","twitter_misc":{"Price":"&euro;28,99","Availability":"tijdelijk uitverkocht"},"schema":{"@context":"https:\/\/schema.org","@graph":[{"@type":"WebPage","@id":"https:\/\/startercultures.eu\/nl\/product\/fermentation-nl\/zuivel-ook-vegan-nl\/kaas-nl\/tools-kaas-nl\/multifunctionele-kaasvorm-voor-zachte-en-harde-kazen-nl\/","url":"https:\/\/startercultures.eu\/nl\/product\/fermentation-nl\/zuivel-ook-vegan-nl\/kaas-nl\/tools-kaas-nl\/multifunctionele-kaasvorm-voor-zachte-en-harde-kazen-nl\/","name":"Multifunctionele kaasvorm voor zelf kaas maken | starterculturen.nl","isPartOf":{"@id":"https:\/\/startercultures.eu\/nl\/#website"},"primaryImageOfPage":{"@id":"https:\/\/startercultures.eu\/nl\/product\/fermentation-nl\/zuivel-ook-vegan-nl\/kaas-nl\/tools-kaas-nl\/multifunctionele-kaasvorm-voor-zachte-en-harde-kazen-nl\/#primaryimage"},"image":{"@id":"https:\/\/startercultures.eu\/nl\/product\/fermentation-nl\/zuivel-ook-vegan-nl\/kaas-nl\/tools-kaas-nl\/multifunctionele-kaasvorm-voor-zachte-en-harde-kazen-nl\/#primaryimage"},"thumbnailUrl":"https:\/\/startercultures.eu\/wp-content\/uploads\/2021\/01\/kaasvorm-harde-kazen-550-g-volger.jpg","datePublished":"2021-01-17T14:02:52+00:00","dateModified":"2025-12-07T07:05:35+00:00","description":"Dit is een veelzijdige multifunctionele kaasvorm die je kunt gebruiken voor zowel zachte als harde kazen. Camembert, Gouds of vegan.","breadcrumb":{"@id":"https:\/\/startercultures.eu\/nl\/product\/fermentation-nl\/zuivel-ook-vegan-nl\/kaas-nl\/tools-kaas-nl\/multifunctionele-kaasvorm-voor-zachte-en-harde-kazen-nl\/#breadcrumb"},"inLanguage":"nl-NL","potentialAction":[{"@type":"ReadAction","target":["https:\/\/startercultures.eu\/nl\/product\/fermentation-nl\/zuivel-ook-vegan-nl\/kaas-nl\/tools-kaas-nl\/multifunctionele-kaasvorm-voor-zachte-en-harde-kazen-nl\/"]}]},{"@type":"ImageObject","inLanguage":"nl-NL","@id":"https:\/\/startercultures.eu\/nl\/product\/fermentation-nl\/zuivel-ook-vegan-nl\/kaas-nl\/tools-kaas-nl\/multifunctionele-kaasvorm-voor-zachte-en-harde-kazen-nl\/#primaryimage","url":"https:\/\/startercultures.eu\/wp-content\/uploads\/2021\/01\/kaasvorm-harde-kazen-550-g-volger.jpg","contentUrl":"https:\/\/startercultures.eu\/wp-content\/uploads\/2021\/01\/kaasvorm-harde-kazen-550-g-volger.jpg","width":592,"height":592,"caption":"multi functional cheese mould 550-g-+ follower"},{"@type":"BreadcrumbList","@id":"https:\/\/startercultures.eu\/nl\/product\/fermentation-nl\/zuivel-ook-vegan-nl\/kaas-nl\/tools-kaas-nl\/multifunctionele-kaasvorm-voor-zachte-en-harde-kazen-nl\/#breadcrumb","itemListElement":[{"@type":"ListItem","position":1,"name":"Home","item":"https:\/\/startercultures.eu\/nl\/"},{"@type":"ListItem","position":2,"name":"Winkel","item":"https:\/\/startercultures.eu\/nl\/winkel\/"},{"@type":"ListItem","position":3,"name":"Multifunctionele kaasvorm | voor zachte en harde kazen"}]},{"@type":"WebSite","@id":"https:\/\/startercultures.eu\/nl\/#website","url":"https:\/\/startercultures.eu\/nl\/","name":"Startercultures.eu","description":"Startercultures.eu","publisher":{"@id":"https:\/\/startercultures.eu\/nl\/#organization"},"potentialAction":[{"@type":"SearchAction","target":{"@type":"EntryPoint","urlTemplate":"https:\/\/startercultures.eu\/nl\/?s={search_term_string}"},"query-input":{"@type":"PropertyValueSpecification","valueRequired":true,"valueName":"search_term_string"}}],"inLanguage":"nl-NL"},{"@type":"Organization","@id":"https:\/\/startercultures.eu\/nl\/#organization","name":"Startercultures.eu","url":"https:\/\/startercultures.eu\/nl\/","logo":{"@type":"ImageObject","inLanguage":"nl-NL","@id":"https:\/\/startercultures.eu\/nl\/#\/schema\/logo\/image\/","url":"https:\/\/startercultures.eu\/wp-content\/uploads\/2020\/08\/startercultures-eu-nl-logo-rond-rgb.png","contentUrl":"https:\/\/startercultures.eu\/wp-content\/uploads\/2020\/08\/startercultures-eu-nl-logo-rond-rgb.png","width":320,"height":320,"caption":"Startercultures.eu"},"image":{"@id":"https:\/\/startercultures.eu\/nl\/#\/schema\/logo\/image\/"},"sameAs":["https:\/\/www.facebook.com\/startercultureseu","https:\/\/www.instagram.com\/startercultures.eu\/"]}]},"product_price_amount":"28.99","product_price_currency":"EUR","og_availability":"out of stock","product_availability":"out of stock","product_retailer_item_id":"166","product_condition":"new"},"_links":{"self":[{"href":"https:\/\/startercultures.eu\/nl\/wp-json\/wp\/v2\/product\/11059","targetHints":{"allow":["GET"]}}],"collection":[{"href":"https:\/\/startercultures.eu\/nl\/wp-json\/wp\/v2\/product"}],"about":[{"href":"https:\/\/startercultures.eu\/nl\/wp-json\/wp\/v2\/types\/product"}],"replies":[{"embeddable":true,"href":"https:\/\/startercultures.eu\/nl\/wp-json\/wp\/v2\/comments?post=11059"}],"version-history":[{"count":0,"href":"https:\/\/startercultures.eu\/nl\/wp-json\/wp\/v2\/product\/11059\/revisions"}],"wp:featuredmedia":[{"embeddable":true,"href":"https:\/\/startercultures.eu\/nl\/wp-json\/wp\/v2\/media\/14298"}],"wp:attachment":[{"href":"https:\/\/startercultures.eu\/nl\/wp-json\/wp\/v2\/media?parent=11059"}],"wp:term":[{"taxonomy":"product_brand","embeddable":true,"href":"https:\/\/startercultures.eu\/nl\/wp-json\/wp\/v2\/product_brand?post=11059"},{"taxonomy":"product_cat","embeddable":true,"href":"https:\/\/startercultures.eu\/nl\/wp-json\/wp\/v2\/product_cat?post=11059"},{"taxonomy":"product_tag","embeddable":true,"href":"https:\/\/startercultures.eu\/nl\/wp-json\/wp\/v2\/product_tag?post=11059"}],"curies":[{"name":"wp","href":"https:\/\/api.w.org\/{rel}","templated":true}]}}