{"id":11095,"date":"2021-01-18T19:41:51","date_gmt":"2021-01-18T19:41:51","guid":{"rendered":"https:\/\/startercultures.eu\/product\/niet-gecategoriseerd\/pickle-pounder-voor-het-fermenteren-van-groente-nl\/"},"modified":"2026-04-12T17:58:15","modified_gmt":"2026-04-12T15:58:15","slug":"pickle-pounder-voor-het-fermenteren-van-groente-nl","status":"publish","type":"product","link":"https:\/\/startercultures.eu\/nl\/product\/vegan-nl\/vegan-vegetables-nl\/pickle-pounder-voor-het-fermenteren-van-groente-nl\/","title":{"rendered":"&#8216;Pickle pounder&#8217; zuurkoolstamper | voor het maken van zuurkool"},"content":{"rendered":"<p>&#8216;Pound&#8217; je te fermenteren groenten snel, veilig en effectief met de <em>Pickle Pounder <\/em>zuurkoolstamper.<\/p>\n<h3>Waarom moet je groenten kneden voor fermentatie?<\/h3>\n<p>Het kneden, stampen of &#8216;mishandelen&#8217; van je groenten is erg belangrijk voor de fermentatie, omdat er water bij vrij komt dat nodig is voor de bacteri\u00ebn om hun werk te doen en om je groenten te beschermen tegen zuurstof. Het kneden kan met de hand, maar deze Pickle Pounder is er het perfecte hulpmiddel voor.<\/p>\n<h3>Voordelen van het gebruik van de zuurkoolstamper om je groenten te stampen<\/h3>\n<p>\u2705 Minder zwaar dan met de hand<br \/>\n\u2705 Minder risico op besmetting van je groenten met ongewenste microben an je handen<br \/>\n\u2705 Hoe beter aangestapt, des te minder zuurstof er tussen de groente zit.<br \/>\n\u2705 Geen verkleuring meer van je handen door groenten als bieten of rode kool<br \/>\n\u2705 Stamp direct in de pot, dus minder afwas<br \/>\n\u2705 Past in elke pot<br \/>\n\u2705 Laten we eerlijk zijn: stampen met de Pickle Pounder\u00a0 is gewoon leuk!<\/p>\n<h3>Inhoud<\/h3>\n<ul>\n<li>1 beuken (ha!) Pickle Pounder<\/li>\n<li>lengte: 30 cm, max breedte 5 cm<\/li>\n<li>Puur natuurlijk beukenhout, dus voedselveilig<\/li>\n<\/ul>\n<h3 data-fontsize=\"21\" data-lineheight=\"27.3px\">Zuurkoolstamper kopen?<\/h3>\n<p>Je bestelt de zuurkoolstamper bij starterculturen.nl, d\u00e9 webwinkel voor al je charcuterie-, pat\u00e9- en worstingredi\u00ebnten. Van Meneer Wateetons de auteur van de standaardwerken <a href=\"https:\/\/startercultures.eu\/nl\/product-category\/boeken\/\" target=\"_blank\" rel=\"noopener noreferrer\">De Worstbijbel (2018) en Over Charcuterie (2019)<\/a>. Op werkdagen voor 15:00 besteld, dezelfde dag verzonden.\u00a0 Vragen over het gebruik van de zuurkoolstamper? Stel ze via de chatfunctie. We komen er altijd uit.<\/p>\n<h3>Online on demand workshops &#8216;gefermenteerde hotsauce&#8217; en &#8216;gefermenteerde groentes&#8217;<\/h3>\n<p>Tijdens de online workshop <a href=\"https:\/\/startercultures.eu\/nl\/product\/groente-nl\/workshops-vegetables-nl\/online-on-demand-workshop-maak-je-eigen-gefermenteerde-hotsauces\/\" target=\"_blank\" rel=\"noopener\">\u2018maak je eigen gefermenteerde hotsauces\u2019<\/a> leert fermentatie-expert <a href=\"https:\/\/wateetons.com\/\" target=\"_blank\" rel=\"noopener\">Meneer Wateetons<\/a> en auteur van\u00a0<a class=\"ek-link\" href=\"https:\/\/startercultures.eu\/nl\/product\/boeken\/over-rot-2-0-2019-het-geactualiseerde-handboek-fermenteren-nl\/\" target=\"_blank\" rel=\"noreferrer noopener\" aria-label=\"Over Rot (opens in a new tab)\">Over Rot<\/a>\u00a0je over gefermenteerde ketchups, sambals en hotsauces! Het zal blijken dat je met weinig middelen thuis al heerlijke en volledig unieke\u00a0<em>sauces<\/em>\u00a0maakt waarmee je elke gerecht naar een hoger plan tilt.<\/p>\n<p>Ook niet te versmaden is de workshop over \u2018<a href=\"https:\/\/startercultures.eu\/nl\/product\/online-workshops-nl\/online-on-demand-workshop-fermenteer-je-eigen-groente\/\" target=\"_blank\" rel=\"noopener\">fermenteer je eigen groente\u2019<\/a>, waarin je leert precies hoe je precies je eigen zuurkool maakt, je eigen augurkjes en je eigen kimchi. Na deze workshop kun je \u00e9lke groente zelf fermenteren omdat je de techniek snapt!<\/p>\n","protected":false},"excerpt":{"rendered":"<p>Het kneden, stampen of &#8216;mishandelen&#8217; van je groenten is erg belangrijk als je wilt fermenteren, omdat er water bij vrij komt dat nodig is om bacteri\u00ebn hun werk te laten doen en om je groenten te beschermen tegen zuurstof. Het kneden kan met de hand, maar deze Pickle Pounder is er het perfecte hulpmiddel voor.<\/p>\n","protected":false},"featured_media":17420,"comment_status":"open","ping_status":"closed","template":"","meta":{"_acf_changed":false,"footnotes":""},"product_brand":[],"product_cat":[88,409],"product_tag":[],"class_list":{"0":"post-11095","1":"product","2":"type-product","3":"status-publish","4":"has-post-thumbnail","6":"product_cat-vegan-vegetables-nl","7":"product_cat-vegetable-tools-nl","8":"product_shipping_class-klein-pakket-nl","9":"pa_ean-8720297621079-nl","11":"first","12":"instock","13":"taxable","14":"shipping-taxable","15":"purchasable","16":"product-type-simple"},"acf":[],"yoast_head":"<!-- This site is optimized with the Yoast SEO plugin v26.6 - https:\/\/yoast.com\/wordpress\/plugins\/seo\/ -->\n<title>Zuurkoolstamper voor het \u00e9chte stampwerk | starterculturen.nl<\/title>\n<meta name=\"description\" content=\"Het kneden en stampen van groenten met onze zuurkoolstamper is belangrijk voor de fermentatie, voor vocht en tegen zuurstof. Je koopt m hier!\" \/>\n<meta name=\"robots\" content=\"index, follow, max-snippet:-1, max-image-preview:large, max-video-preview:-1\" \/>\n<link rel=\"canonical\" href=\"https:\/\/startercultures.eu\/nl\/product\/vegan-nl\/vegan-vegetables-nl\/pickle-pounder-voor-het-fermenteren-van-groente-nl\/\" \/>\n<meta property=\"og:locale\" content=\"nl_NL\" \/>\n<meta property=\"og:type\" content=\"article\" \/>\n<meta property=\"og:title\" content=\"Zuurkoolstamper voor het \u00e9chte stampwerk | starterculturen.nl\" \/>\n<meta property=\"og:description\" content=\"Het kneden en stampen van groenten met onze zuurkoolstamper is belangrijk voor de fermentatie, voor vocht en tegen zuurstof. Je koopt m hier!\" \/>\n<meta property=\"og:url\" content=\"https:\/\/startercultures.eu\/nl\/product\/vegan-nl\/vegan-vegetables-nl\/pickle-pounder-voor-het-fermenteren-van-groente-nl\/\" \/>\n<meta property=\"og:site_name\" content=\"Startercultures.eu\" \/>\n<meta property=\"article:publisher\" content=\"https:\/\/www.facebook.com\/startercultureseu\" \/>\n<meta property=\"article:modified_time\" content=\"2026-04-12T15:58:15+00:00\" \/>\n<meta property=\"og:image\" content=\"https:\/\/startercultures.eu\/wp-content\/uploads\/2021\/01\/pickle-pounder-1.png\" \/>\n\t<meta property=\"og:image:width\" content=\"450\" \/>\n\t<meta property=\"og:image:height\" content=\"450\" \/>\n\t<meta property=\"og:image:type\" content=\"image\/png\" \/>\n<meta name=\"twitter:card\" content=\"summary_large_image\" \/>\n<meta name=\"twitter:label1\" content=\"Price\" \/>\n\t<meta name=\"twitter:data1\" content=\"&euro;14,99\" \/>\n\t<meta name=\"twitter:label2\" content=\"Availability\" \/>\n\t<meta name=\"twitter:data2\" content=\"Op voorraad\" \/>\n<script type=\"application\/ld+json\" class=\"yoast-schema-graph\">{\"@context\":\"https:\/\/schema.org\",\"@graph\":[{\"@type\":\"WebPage\",\"@id\":\"https:\/\/startercultures.eu\/nl\/product\/vegan-nl\/vegan-vegetables-nl\/pickle-pounder-voor-het-fermenteren-van-groente-nl\/\",\"url\":\"https:\/\/startercultures.eu\/nl\/product\/vegan-nl\/vegan-vegetables-nl\/pickle-pounder-voor-het-fermenteren-van-groente-nl\/\",\"name\":\"Zuurkoolstamper voor het \u00e9chte stampwerk | starterculturen.nl\",\"isPartOf\":{\"@id\":\"https:\/\/startercultures.eu\/nl\/#website\"},\"primaryImageOfPage\":{\"@id\":\"https:\/\/startercultures.eu\/nl\/product\/vegan-nl\/vegan-vegetables-nl\/pickle-pounder-voor-het-fermenteren-van-groente-nl\/#primaryimage\"},\"image\":{\"@id\":\"https:\/\/startercultures.eu\/nl\/product\/vegan-nl\/vegan-vegetables-nl\/pickle-pounder-voor-het-fermenteren-van-groente-nl\/#primaryimage\"},\"thumbnailUrl\":\"https:\/\/startercultures.eu\/wp-content\/uploads\/2021\/01\/pickle-pounder-1.png\",\"datePublished\":\"2021-01-18T19:41:51+00:00\",\"dateModified\":\"2026-04-12T15:58:15+00:00\",\"description\":\"Het kneden en stampen van groenten met onze zuurkoolstamper is belangrijk voor de fermentatie, voor vocht en tegen zuurstof. Je koopt m hier!\",\"breadcrumb\":{\"@id\":\"https:\/\/startercultures.eu\/nl\/product\/vegan-nl\/vegan-vegetables-nl\/pickle-pounder-voor-het-fermenteren-van-groente-nl\/#breadcrumb\"},\"inLanguage\":\"nl-NL\",\"potentialAction\":[{\"@type\":\"ReadAction\",\"target\":[\"https:\/\/startercultures.eu\/nl\/product\/vegan-nl\/vegan-vegetables-nl\/pickle-pounder-voor-het-fermenteren-van-groente-nl\/\"]}]},{\"@type\":\"ImageObject\",\"inLanguage\":\"nl-NL\",\"@id\":\"https:\/\/startercultures.eu\/nl\/product\/vegan-nl\/vegan-vegetables-nl\/pickle-pounder-voor-het-fermenteren-van-groente-nl\/#primaryimage\",\"url\":\"https:\/\/startercultures.eu\/wp-content\/uploads\/2021\/01\/pickle-pounder-1.png\",\"contentUrl\":\"https:\/\/startercultures.eu\/wp-content\/uploads\/2021\/01\/pickle-pounder-1.png\",\"width\":450,\"height\":450,\"caption\":\"pickle pounder\"},{\"@type\":\"BreadcrumbList\",\"@id\":\"https:\/\/startercultures.eu\/nl\/product\/vegan-nl\/vegan-vegetables-nl\/pickle-pounder-voor-het-fermenteren-van-groente-nl\/#breadcrumb\",\"itemListElement\":[{\"@type\":\"ListItem\",\"position\":1,\"name\":\"Home\",\"item\":\"https:\/\/startercultures.eu\/nl\/\"},{\"@type\":\"ListItem\",\"position\":2,\"name\":\"Winkel\",\"item\":\"https:\/\/startercultures.eu\/nl\/winkel\/\"},{\"@type\":\"ListItem\",\"position\":3,\"name\":\"&#8216;Pickle pounder&#8217; zuurkoolstamper | voor het maken van zuurkool\"}]},{\"@type\":\"WebSite\",\"@id\":\"https:\/\/startercultures.eu\/nl\/#website\",\"url\":\"https:\/\/startercultures.eu\/nl\/\",\"name\":\"Startercultures.eu\",\"description\":\"Startercultures.eu\",\"publisher\":{\"@id\":\"https:\/\/startercultures.eu\/nl\/#organization\"},\"potentialAction\":[{\"@type\":\"SearchAction\",\"target\":{\"@type\":\"EntryPoint\",\"urlTemplate\":\"https:\/\/startercultures.eu\/nl\/?s={search_term_string}\"},\"query-input\":{\"@type\":\"PropertyValueSpecification\",\"valueRequired\":true,\"valueName\":\"search_term_string\"}}],\"inLanguage\":\"nl-NL\"},{\"@type\":\"Organization\",\"@id\":\"https:\/\/startercultures.eu\/nl\/#organization\",\"name\":\"Startercultures.eu\",\"url\":\"https:\/\/startercultures.eu\/nl\/\",\"logo\":{\"@type\":\"ImageObject\",\"inLanguage\":\"nl-NL\",\"@id\":\"https:\/\/startercultures.eu\/nl\/#\/schema\/logo\/image\/\",\"url\":\"https:\/\/startercultures.eu\/wp-content\/uploads\/2020\/08\/startercultures-eu-nl-logo-rond-rgb.png\",\"contentUrl\":\"https:\/\/startercultures.eu\/wp-content\/uploads\/2020\/08\/startercultures-eu-nl-logo-rond-rgb.png\",\"width\":320,\"height\":320,\"caption\":\"Startercultures.eu\"},\"image\":{\"@id\":\"https:\/\/startercultures.eu\/nl\/#\/schema\/logo\/image\/\"},\"sameAs\":[\"https:\/\/www.facebook.com\/startercultureseu\",\"https:\/\/www.instagram.com\/startercultures.eu\/\"]}]}<\/script>\n<meta property=\"product:price:amount\" content=\"14.99\" \/>\n<meta property=\"product:price:currency\" content=\"EUR\" \/>\n<meta property=\"og:availability\" content=\"instock\" \/>\n<meta property=\"product:availability\" content=\"instock\" \/>\n<meta property=\"product:retailer_item_id\" content=\"165\" \/>\n<meta property=\"product:condition\" content=\"new\" \/>\n<!-- \/ Yoast SEO plugin. -->","yoast_head_json":{"title":"Zuurkoolstamper voor het \u00e9chte stampwerk | starterculturen.nl","description":"Het kneden en stampen van groenten met onze zuurkoolstamper is belangrijk voor de fermentatie, voor vocht en tegen zuurstof. Je koopt m hier!","robots":{"index":"index","follow":"follow","max-snippet":"max-snippet:-1","max-image-preview":"max-image-preview:large","max-video-preview":"max-video-preview:-1"},"canonical":"https:\/\/startercultures.eu\/nl\/product\/vegan-nl\/vegan-vegetables-nl\/pickle-pounder-voor-het-fermenteren-van-groente-nl\/","og_locale":"nl_NL","og_type":"article","og_title":"Zuurkoolstamper voor het \u00e9chte stampwerk | starterculturen.nl","og_description":"Het kneden en stampen van groenten met onze zuurkoolstamper is belangrijk voor de fermentatie, voor vocht en tegen zuurstof. Je koopt m hier!","og_url":"https:\/\/startercultures.eu\/nl\/product\/vegan-nl\/vegan-vegetables-nl\/pickle-pounder-voor-het-fermenteren-van-groente-nl\/","og_site_name":"Startercultures.eu","article_publisher":"https:\/\/www.facebook.com\/startercultureseu","article_modified_time":"2026-04-12T15:58:15+00:00","og_image":[{"width":450,"height":450,"url":"https:\/\/startercultures.eu\/wp-content\/uploads\/2021\/01\/pickle-pounder-1.png","type":"image\/png"}],"twitter_card":"summary_large_image","twitter_misc":{"Price":"&euro;14,99","Availability":"Op voorraad"},"schema":{"@context":"https:\/\/schema.org","@graph":[{"@type":"WebPage","@id":"https:\/\/startercultures.eu\/nl\/product\/vegan-nl\/vegan-vegetables-nl\/pickle-pounder-voor-het-fermenteren-van-groente-nl\/","url":"https:\/\/startercultures.eu\/nl\/product\/vegan-nl\/vegan-vegetables-nl\/pickle-pounder-voor-het-fermenteren-van-groente-nl\/","name":"Zuurkoolstamper voor het \u00e9chte stampwerk | starterculturen.nl","isPartOf":{"@id":"https:\/\/startercultures.eu\/nl\/#website"},"primaryImageOfPage":{"@id":"https:\/\/startercultures.eu\/nl\/product\/vegan-nl\/vegan-vegetables-nl\/pickle-pounder-voor-het-fermenteren-van-groente-nl\/#primaryimage"},"image":{"@id":"https:\/\/startercultures.eu\/nl\/product\/vegan-nl\/vegan-vegetables-nl\/pickle-pounder-voor-het-fermenteren-van-groente-nl\/#primaryimage"},"thumbnailUrl":"https:\/\/startercultures.eu\/wp-content\/uploads\/2021\/01\/pickle-pounder-1.png","datePublished":"2021-01-18T19:41:51+00:00","dateModified":"2026-04-12T15:58:15+00:00","description":"Het kneden en stampen van groenten met onze zuurkoolstamper is belangrijk voor de fermentatie, voor vocht en tegen zuurstof. Je koopt m hier!","breadcrumb":{"@id":"https:\/\/startercultures.eu\/nl\/product\/vegan-nl\/vegan-vegetables-nl\/pickle-pounder-voor-het-fermenteren-van-groente-nl\/#breadcrumb"},"inLanguage":"nl-NL","potentialAction":[{"@type":"ReadAction","target":["https:\/\/startercultures.eu\/nl\/product\/vegan-nl\/vegan-vegetables-nl\/pickle-pounder-voor-het-fermenteren-van-groente-nl\/"]}]},{"@type":"ImageObject","inLanguage":"nl-NL","@id":"https:\/\/startercultures.eu\/nl\/product\/vegan-nl\/vegan-vegetables-nl\/pickle-pounder-voor-het-fermenteren-van-groente-nl\/#primaryimage","url":"https:\/\/startercultures.eu\/wp-content\/uploads\/2021\/01\/pickle-pounder-1.png","contentUrl":"https:\/\/startercultures.eu\/wp-content\/uploads\/2021\/01\/pickle-pounder-1.png","width":450,"height":450,"caption":"pickle pounder"},{"@type":"BreadcrumbList","@id":"https:\/\/startercultures.eu\/nl\/product\/vegan-nl\/vegan-vegetables-nl\/pickle-pounder-voor-het-fermenteren-van-groente-nl\/#breadcrumb","itemListElement":[{"@type":"ListItem","position":1,"name":"Home","item":"https:\/\/startercultures.eu\/nl\/"},{"@type":"ListItem","position":2,"name":"Winkel","item":"https:\/\/startercultures.eu\/nl\/winkel\/"},{"@type":"ListItem","position":3,"name":"&#8216;Pickle pounder&#8217; zuurkoolstamper | voor het maken van zuurkool"}]},{"@type":"WebSite","@id":"https:\/\/startercultures.eu\/nl\/#website","url":"https:\/\/startercultures.eu\/nl\/","name":"Startercultures.eu","description":"Startercultures.eu","publisher":{"@id":"https:\/\/startercultures.eu\/nl\/#organization"},"potentialAction":[{"@type":"SearchAction","target":{"@type":"EntryPoint","urlTemplate":"https:\/\/startercultures.eu\/nl\/?s={search_term_string}"},"query-input":{"@type":"PropertyValueSpecification","valueRequired":true,"valueName":"search_term_string"}}],"inLanguage":"nl-NL"},{"@type":"Organization","@id":"https:\/\/startercultures.eu\/nl\/#organization","name":"Startercultures.eu","url":"https:\/\/startercultures.eu\/nl\/","logo":{"@type":"ImageObject","inLanguage":"nl-NL","@id":"https:\/\/startercultures.eu\/nl\/#\/schema\/logo\/image\/","url":"https:\/\/startercultures.eu\/wp-content\/uploads\/2020\/08\/startercultures-eu-nl-logo-rond-rgb.png","contentUrl":"https:\/\/startercultures.eu\/wp-content\/uploads\/2020\/08\/startercultures-eu-nl-logo-rond-rgb.png","width":320,"height":320,"caption":"Startercultures.eu"},"image":{"@id":"https:\/\/startercultures.eu\/nl\/#\/schema\/logo\/image\/"},"sameAs":["https:\/\/www.facebook.com\/startercultureseu","https:\/\/www.instagram.com\/startercultures.eu\/"]}]},"product_price_amount":"14.99","product_price_currency":"EUR","og_availability":"instock","product_availability":"instock","product_retailer_item_id":"165","product_condition":"new"},"_links":{"self":[{"href":"https:\/\/startercultures.eu\/nl\/wp-json\/wp\/v2\/product\/11095","targetHints":{"allow":["GET"]}}],"collection":[{"href":"https:\/\/startercultures.eu\/nl\/wp-json\/wp\/v2\/product"}],"about":[{"href":"https:\/\/startercultures.eu\/nl\/wp-json\/wp\/v2\/types\/product"}],"replies":[{"embeddable":true,"href":"https:\/\/startercultures.eu\/nl\/wp-json\/wp\/v2\/comments?post=11095"}],"version-history":[{"count":1,"href":"https:\/\/startercultures.eu\/nl\/wp-json\/wp\/v2\/product\/11095\/revisions"}],"predecessor-version":[{"id":65350,"href":"https:\/\/startercultures.eu\/nl\/wp-json\/wp\/v2\/product\/11095\/revisions\/65350"}],"wp:featuredmedia":[{"embeddable":true,"href":"https:\/\/startercultures.eu\/nl\/wp-json\/wp\/v2\/media\/17420"}],"wp:attachment":[{"href":"https:\/\/startercultures.eu\/nl\/wp-json\/wp\/v2\/media?parent=11095"}],"wp:term":[{"taxonomy":"product_brand","embeddable":true,"href":"https:\/\/startercultures.eu\/nl\/wp-json\/wp\/v2\/product_brand?post=11095"},{"taxonomy":"product_cat","embeddable":true,"href":"https:\/\/startercultures.eu\/nl\/wp-json\/wp\/v2\/product_cat?post=11095"},{"taxonomy":"product_tag","embeddable":true,"href":"https:\/\/startercultures.eu\/nl\/wp-json\/wp\/v2\/product_tag?post=11095"}],"curies":[{"name":"wp","href":"https:\/\/api.w.org\/{rel}","templated":true}]}}