{"id":11653,"date":"2021-02-11T17:12:49","date_gmt":"2021-02-11T16:12:49","guid":{"rendered":"https:\/\/startercultures.eu\/product\/niet-gecategoriseerd\/pekel-en-marinade-injectiespuit-voor-vlees\/"},"modified":"2026-04-17T10:08:43","modified_gmt":"2026-04-17T08:08:43","slug":"pekel-en-marinade-injectiespuit-voor-vlees","status":"publish","type":"product","link":"https:\/\/startercultures.eu\/nl\/product\/worst-en-vleeswaren-nl\/hulpmiddelen-nl\/pekel-en-marinade-injectiespuit-voor-vlees\/","title":{"rendered":"Pekel- en marinade injector | voor vlees"},"content":{"rendered":"<p>Deze pekel- en marinade injector helpt je bij het marineren en pekelen van je vlees, voor extra smaak en sappigheid. Met zijn kleine formaat is de vlees injectiespuit perfect voor hobbyslagers, BBQ-ers en andere hobbyisten. Het wordt geleverd met 3 naalden bedoeld voor pekelen, marineren en marineren met een dikke marinade.<\/p>\n<h3 class=\"LC20lb DKV0Md\">Is There a Doctor in the House?<\/h3>\n<p>Jazeker! Neem deze vlees injectiepuit overal mee naar toe; met ontzag en ja, angst, zul je beschouwd worden. Een ontzag dat opgelucht overgaat in respect en bewondering als je verteld dat je de marinade injector gebruikt voor het marineren en pekelen van vlees. Dat vat ongeveer het gevoel samen als je werkt met een spuit met een giga naald.<\/p>\n<p>Met de vlees injectiespuit kun je veel sneller vlees pekelen en marineren omdat je rechtstreeks in de kern van het product marineert. Daarna moet het zich nog een beetje verspreiden maar dat duurt hooguit een dag. Evt. steek je nog een paar keer toe als je ad-hoc diagnose dat dicteert. Het pekelen van een ham van 5kg gaat net zo snel als een hammetje van een pond.<\/p>\n<p>Voor de pekel gebruik je een verhouding van\u00a0 1 liter water, met 150 gr <a href=\"https:\/\/startercultures.eu\/nl\/product\/worst-en-vleeswaren-nl\/hulpstoffen-nl\/nitrietpekelzout-colorozozout\/\" target=\"_blank\" rel=\"noopener\">nitriekpekelzout <\/a>en 20 gr <a href=\"https:\/\/startercultures.eu\/nl\/product\/worst-en-vleeswaren-nl\/hulpstoffen-nl\/dextrose-nl\/\" target=\"_blank\" rel=\"noopener\">dextrose<\/a>. De rest van het recept en een gedetailleerde uitleg over de toepassing vind je in <a href=\"https:\/\/startercultures.eu\/nl\/product\/worst-en-vleeswaren-nl\/hulpmiddelen-nl\/charcuterie-nl\/over-charcuterie-2019-nl\/\" target=\"_blank\" rel=\"noopener\">Over Charcuterie<\/a>, of in de workshop ham maken.<\/p>\n<h3 data-fontsize=\"21\" data-lineheight=\"27.3px\"><span data-sheets-value=\"{&quot;1&quot;:2,&quot;2&quot;:&quot;marinade injector&quot;}\" data-sheets-userformat=\"{&quot;2&quot;:15359,&quot;3&quot;:{&quot;1&quot;:0},&quot;4&quot;:{&quot;1&quot;:2,&quot;2&quot;:11447211},&quot;5&quot;:{&quot;1&quot;:[{&quot;1&quot;:2,&quot;2&quot;:0,&quot;5&quot;:{&quot;1&quot;:2,&quot;2&quot;:0}},{&quot;1&quot;:0,&quot;2&quot;:0,&quot;3&quot;:3},{&quot;1&quot;:1,&quot;2&quot;:0,&quot;4&quot;:1}]},&quot;6&quot;:{&quot;1&quot;:[{&quot;1&quot;:2,&quot;2&quot;:0,&quot;5&quot;:{&quot;1&quot;:2,&quot;2&quot;:0}},{&quot;1&quot;:0,&quot;2&quot;:0,&quot;3&quot;:3},{&quot;1&quot;:1,&quot;2&quot;:0,&quot;4&quot;:1}]},&quot;7&quot;:{&quot;1&quot;:[{&quot;1&quot;:2,&quot;2&quot;:0,&quot;5&quot;:{&quot;1&quot;:2,&quot;2&quot;:0}},{&quot;1&quot;:0,&quot;2&quot;:0,&quot;3&quot;:3},{&quot;1&quot;:1,&quot;2&quot;:0,&quot;4&quot;:1}]},&quot;8&quot;:{&quot;1&quot;:[{&quot;1&quot;:2,&quot;2&quot;:0,&quot;5&quot;:{&quot;1&quot;:2,&quot;2&quot;:0}},{&quot;1&quot;:0,&quot;2&quot;:0,&quot;3&quot;:3},{&quot;1&quot;:1,&quot;2&quot;:0,&quot;4&quot;:1}]},&quot;9&quot;:0,&quot;10&quot;:0,&quot;11&quot;:4,&quot;12&quot;:0,&quot;14&quot;:{&quot;1&quot;:3,&quot;3&quot;:1},&quot;15&quot;:&quot;Arial&quot;,&quot;16&quot;:9}\">Marinade injector<\/span> kopen?<\/h3>\n<p>Je bestelt de <span data-sheets-value=\"{&quot;1&quot;:2,&quot;2&quot;:&quot;marinade injector&quot;}\" data-sheets-userformat=\"{&quot;2&quot;:15359,&quot;3&quot;:{&quot;1&quot;:0},&quot;4&quot;:{&quot;1&quot;:2,&quot;2&quot;:11447211},&quot;5&quot;:{&quot;1&quot;:[{&quot;1&quot;:2,&quot;2&quot;:0,&quot;5&quot;:{&quot;1&quot;:2,&quot;2&quot;:0}},{&quot;1&quot;:0,&quot;2&quot;:0,&quot;3&quot;:3},{&quot;1&quot;:1,&quot;2&quot;:0,&quot;4&quot;:1}]},&quot;6&quot;:{&quot;1&quot;:[{&quot;1&quot;:2,&quot;2&quot;:0,&quot;5&quot;:{&quot;1&quot;:2,&quot;2&quot;:0}},{&quot;1&quot;:0,&quot;2&quot;:0,&quot;3&quot;:3},{&quot;1&quot;:1,&quot;2&quot;:0,&quot;4&quot;:1}]},&quot;7&quot;:{&quot;1&quot;:[{&quot;1&quot;:2,&quot;2&quot;:0,&quot;5&quot;:{&quot;1&quot;:2,&quot;2&quot;:0}},{&quot;1&quot;:0,&quot;2&quot;:0,&quot;3&quot;:3},{&quot;1&quot;:1,&quot;2&quot;:0,&quot;4&quot;:1}]},&quot;8&quot;:{&quot;1&quot;:[{&quot;1&quot;:2,&quot;2&quot;:0,&quot;5&quot;:{&quot;1&quot;:2,&quot;2&quot;:0}},{&quot;1&quot;:0,&quot;2&quot;:0,&quot;3&quot;:3},{&quot;1&quot;:1,&quot;2&quot;:0,&quot;4&quot;:1}]},&quot;9&quot;:0,&quot;10&quot;:0,&quot;11&quot;:4,&quot;12&quot;:0,&quot;14&quot;:{&quot;1&quot;:3,&quot;3&quot;:1},&quot;15&quot;:&quot;Arial&quot;,&quot;16&quot;:9}\">marinade injector <\/span>bij starterculturen.nl, d\u00e9 webwinkel voor al je charcuterie-, pat\u00e9- en worstingredi\u00ebnten. Van Meneer Wateetons de auteur van de standaardwerken <a href=\"https:\/\/startercultures.eu\/nl\/product-category\/boeken\/\" target=\"_blank\" rel=\"noopener noreferrer\">De Worstbijbel (2018) en Over Charcuterie (2019)<\/a>. Op werkdagen voor 15:00 besteld, dezelfde dag verzonden.\u00a0 Vragen over het gebruik van de marinade injector? Stel ze via de chatfunctie. We komen er altijd uit.<\/p>\n<h3>Online cursus &#8216;charcuterie maken&#8217;<img decoding=\"async\" class=\"lazyload wp-image-27417 alignright\" src=\"https:\/\/startercultures.eu\/wp-content\/uploads\/2020\/12\/116-Workshop-how-to-make-your-own-charcuterie-by-meneer-Wateetons-YouTube-8-19-2022-9-54-07-AM-300x166.jpg\" data-orig-src=\"https:\/\/startercultures.eu\/wp-content\/uploads\/2020\/12\/116-Workshop-how-to-make-your-own-charcuterie-by-meneer-Wateetons-YouTube-8-19-2022-9-54-07-AM-300x166.jpg\" alt=\"cursus 'charcuterie maken'\" width=\"230\" height=\"127\" srcset=\"data:image\/svg+xml,%3Csvg%20xmlns%3D%27http%3A%2F%2Fwww.w3.org%2F2000%2Fsvg%27%20width%3D%27230%27%20height%3D%27127%27%20viewBox%3D%270%200%20230%20127%27%3E%3Crect%20width%3D%27230%27%20height%3D%27127%27%20fill-opacity%3D%220%22%2F%3E%3C%2Fsvg%3E\" data-srcset=\"https:\/\/startercultures.eu\/wp-content\/uploads\/2020\/12\/116-Workshop-how-to-make-your-own-charcuterie-by-meneer-Wateetons-YouTube-8-19-2022-9-54-07-AM-200x111.jpg 200w, https:\/\/startercultures.eu\/wp-content\/uploads\/2020\/12\/116-Workshop-how-to-make-your-own-charcuterie-by-meneer-Wateetons-YouTube-8-19-2022-9-54-07-AM-300x166.jpg 300w, https:\/\/startercultures.eu\/wp-content\/uploads\/2020\/12\/116-Workshop-how-to-make-your-own-charcuterie-by-meneer-Wateetons-YouTube-8-19-2022-9-54-07-AM-400x222.jpg 400w, https:\/\/startercultures.eu\/wp-content\/uploads\/2020\/12\/116-Workshop-how-to-make-your-own-charcuterie-by-meneer-Wateetons-YouTube-8-19-2022-9-54-07-AM-500x277.jpg 500w, https:\/\/startercultures.eu\/wp-content\/uploads\/2020\/12\/116-Workshop-how-to-make-your-own-charcuterie-by-meneer-Wateetons-YouTube-8-19-2022-9-54-07-AM-600x333.jpg 600w, https:\/\/startercultures.eu\/wp-content\/uploads\/2020\/12\/116-Workshop-how-to-make-your-own-charcuterie-by-meneer-Wateetons-YouTube-8-19-2022-9-54-07-AM-700x388.jpg 700w, https:\/\/startercultures.eu\/wp-content\/uploads\/2020\/12\/116-Workshop-how-to-make-your-own-charcuterie-by-meneer-Wateetons-YouTube-8-19-2022-9-54-07-AM-768x426.jpg 768w, https:\/\/startercultures.eu\/wp-content\/uploads\/2020\/12\/116-Workshop-how-to-make-your-own-charcuterie-by-meneer-Wateetons-YouTube-8-19-2022-9-54-07-AM-800x443.jpg 800w, https:\/\/startercultures.eu\/wp-content\/uploads\/2020\/12\/116-Workshop-how-to-make-your-own-charcuterie-by-meneer-Wateetons-YouTube-8-19-2022-9-54-07-AM.jpg 938w\" data-sizes=\"auto\" data-orig-sizes=\"(max-width: 230px) 100vw, 230px\" \/><\/h3>\n<p>Leer je eigen charcuterie maken van Meneer Wateetons, de auteur van h\u00e9t Nederlandse standaardwerk op dit gebied:\u00a0<a class=\"ek-link\" href=\"https:\/\/startercultures.eu\/nl\/product\/boeken\/over-charcuterie-2019-nl\/\" target=\"_blank\" rel=\"noreferrer noopener\" aria-label=\" (opens in a new tab)\">Over Charcuterie<\/a>. Droge ham, pancetta, guanciale, lardo, coppa en meer heerlijke Zuid-europese gedroogde vleeswaar. Na deze workshop in 19 korte duidelijke lessen maak je die voortaan zelf.Kijk <a href=\"https:\/\/startercultures.eu\/nl\/product\/online-workshops-nl\/online-workshop-worst-en-charcuterie\/online-cursus-charcuterie-maken\/\" target=\"_blank\" rel=\"noopener\">hier<\/a> voor meer info.<\/p>\n","protected":false},"excerpt":{"rendered":"<p>Deze pekel- en marinade-injector helpt je bij het marineren en pekelen van je vlees, voor extra smaak en sappigheid.<\/p>\n","protected":false},"featured_media":11652,"comment_status":"open","ping_status":"closed","template":"","meta":{"_acf_changed":false,"footnotes":""},"product_brand":[],"product_cat":[62,588],"product_tag":[],"class_list":{"0":"post-11653","1":"product","2":"type-product","3":"status-publish","4":"has-post-thumbnail","6":"product_cat-hulpmiddelen-nl","7":"product_cat-vullers","8":"product_shipping_class-klein-pakket-nl","9":"pa_ean-8720297621116-nl","11":"first","12":"instock","13":"taxable","14":"shipping-taxable","15":"purchasable","16":"product-type-simple"},"acf":[],"yoast_head":"<!-- This site is optimized with the Yoast SEO plugin v26.6 - https:\/\/yoast.com\/wordpress\/plugins\/seo\/ -->\n<title>Marinade injector voor marineren en pekelen | starterculturen.nl<\/title>\n<meta name=\"description\" content=\"Koop hier de marinade injector voor makkelijk marineren en pekelen van je vlees. Voor 15h besteld, morgen in huis. Sappig en smakelijk!\" \/>\n<meta name=\"robots\" content=\"index, follow, max-snippet:-1, max-image-preview:large, max-video-preview:-1\" \/>\n<link rel=\"canonical\" href=\"https:\/\/startercultures.eu\/nl\/product\/worst-en-vleeswaren-nl\/hulpmiddelen-nl\/pekel-en-marinade-injectiespuit-voor-vlees\/\" \/>\n<meta property=\"og:locale\" content=\"nl_NL\" \/>\n<meta property=\"og:type\" content=\"article\" \/>\n<meta property=\"og:title\" content=\"Marinade injector voor marineren en pekelen | starterculturen.nl\" \/>\n<meta property=\"og:description\" content=\"Koop hier de marinade injector voor makkelijk marineren en pekelen van je vlees. Voor 15h besteld, morgen in huis. Sappig en smakelijk!\" \/>\n<meta property=\"og:url\" content=\"https:\/\/startercultures.eu\/nl\/product\/worst-en-vleeswaren-nl\/hulpmiddelen-nl\/pekel-en-marinade-injectiespuit-voor-vlees\/\" \/>\n<meta property=\"og:site_name\" content=\"Startercultures.eu\" \/>\n<meta property=\"article:publisher\" content=\"https:\/\/www.facebook.com\/startercultureseu\" \/>\n<meta property=\"article:modified_time\" content=\"2026-04-17T08:08:43+00:00\" \/>\n<meta property=\"og:image\" content=\"https:\/\/startercultures.eu\/wp-content\/uploads\/2021\/02\/brine-injector-30-ml-1.png\" \/>\n\t<meta property=\"og:image:width\" content=\"450\" \/>\n\t<meta property=\"og:image:height\" content=\"380\" \/>\n\t<meta property=\"og:image:type\" content=\"image\/png\" \/>\n<meta name=\"twitter:card\" content=\"summary_large_image\" \/>\n<meta name=\"twitter:label1\" content=\"Price\" \/>\n\t<meta name=\"twitter:data1\" content=\"&euro;15,99\" \/>\n\t<meta name=\"twitter:label2\" content=\"Availability\" \/>\n\t<meta name=\"twitter:data2\" content=\"Op voorraad\" \/>\n<script type=\"application\/ld+json\" class=\"yoast-schema-graph\">{\"@context\":\"https:\/\/schema.org\",\"@graph\":[{\"@type\":\"WebPage\",\"@id\":\"https:\/\/startercultures.eu\/nl\/product\/worst-en-vleeswaren-nl\/hulpmiddelen-nl\/pekel-en-marinade-injectiespuit-voor-vlees\/\",\"url\":\"https:\/\/startercultures.eu\/nl\/product\/worst-en-vleeswaren-nl\/hulpmiddelen-nl\/pekel-en-marinade-injectiespuit-voor-vlees\/\",\"name\":\"Marinade injector voor marineren en pekelen | starterculturen.nl\",\"isPartOf\":{\"@id\":\"https:\/\/startercultures.eu\/nl\/#website\"},\"primaryImageOfPage\":{\"@id\":\"https:\/\/startercultures.eu\/nl\/product\/worst-en-vleeswaren-nl\/hulpmiddelen-nl\/pekel-en-marinade-injectiespuit-voor-vlees\/#primaryimage\"},\"image\":{\"@id\":\"https:\/\/startercultures.eu\/nl\/product\/worst-en-vleeswaren-nl\/hulpmiddelen-nl\/pekel-en-marinade-injectiespuit-voor-vlees\/#primaryimage\"},\"thumbnailUrl\":\"https:\/\/startercultures.eu\/wp-content\/uploads\/2021\/02\/brine-injector-30-ml-1.png\",\"datePublished\":\"2021-02-11T16:12:49+00:00\",\"dateModified\":\"2026-04-17T08:08:43+00:00\",\"description\":\"Koop hier de marinade injector voor makkelijk marineren en pekelen van je vlees. Voor 15h besteld, morgen in huis. Sappig en smakelijk!\",\"breadcrumb\":{\"@id\":\"https:\/\/startercultures.eu\/nl\/product\/worst-en-vleeswaren-nl\/hulpmiddelen-nl\/pekel-en-marinade-injectiespuit-voor-vlees\/#breadcrumb\"},\"inLanguage\":\"nl-NL\",\"potentialAction\":[{\"@type\":\"ReadAction\",\"target\":[\"https:\/\/startercultures.eu\/nl\/product\/worst-en-vleeswaren-nl\/hulpmiddelen-nl\/pekel-en-marinade-injectiespuit-voor-vlees\/\"]}]},{\"@type\":\"ImageObject\",\"inLanguage\":\"nl-NL\",\"@id\":\"https:\/\/startercultures.eu\/nl\/product\/worst-en-vleeswaren-nl\/hulpmiddelen-nl\/pekel-en-marinade-injectiespuit-voor-vlees\/#primaryimage\",\"url\":\"https:\/\/startercultures.eu\/wp-content\/uploads\/2021\/02\/brine-injector-30-ml-1.png\",\"contentUrl\":\"https:\/\/startercultures.eu\/wp-content\/uploads\/2021\/02\/brine-injector-30-ml-1.png\",\"width\":450,\"height\":380,\"caption\":\"Pekel- en marinade injectiespuit voor vlees\"},{\"@type\":\"BreadcrumbList\",\"@id\":\"https:\/\/startercultures.eu\/nl\/product\/worst-en-vleeswaren-nl\/hulpmiddelen-nl\/pekel-en-marinade-injectiespuit-voor-vlees\/#breadcrumb\",\"itemListElement\":[{\"@type\":\"ListItem\",\"position\":1,\"name\":\"Home\",\"item\":\"https:\/\/startercultures.eu\/nl\/\"},{\"@type\":\"ListItem\",\"position\":2,\"name\":\"Winkel\",\"item\":\"https:\/\/startercultures.eu\/nl\/winkel\/\"},{\"@type\":\"ListItem\",\"position\":3,\"name\":\"Pekel- en marinade injector | voor vlees\"}]},{\"@type\":\"WebSite\",\"@id\":\"https:\/\/startercultures.eu\/nl\/#website\",\"url\":\"https:\/\/startercultures.eu\/nl\/\",\"name\":\"Startercultures.eu\",\"description\":\"Startercultures.eu\",\"publisher\":{\"@id\":\"https:\/\/startercultures.eu\/nl\/#organization\"},\"potentialAction\":[{\"@type\":\"SearchAction\",\"target\":{\"@type\":\"EntryPoint\",\"urlTemplate\":\"https:\/\/startercultures.eu\/nl\/?s={search_term_string}\"},\"query-input\":{\"@type\":\"PropertyValueSpecification\",\"valueRequired\":true,\"valueName\":\"search_term_string\"}}],\"inLanguage\":\"nl-NL\"},{\"@type\":\"Organization\",\"@id\":\"https:\/\/startercultures.eu\/nl\/#organization\",\"name\":\"Startercultures.eu\",\"url\":\"https:\/\/startercultures.eu\/nl\/\",\"logo\":{\"@type\":\"ImageObject\",\"inLanguage\":\"nl-NL\",\"@id\":\"https:\/\/startercultures.eu\/nl\/#\/schema\/logo\/image\/\",\"url\":\"https:\/\/startercultures.eu\/wp-content\/uploads\/2020\/08\/startercultures-eu-nl-logo-rond-rgb.png\",\"contentUrl\":\"https:\/\/startercultures.eu\/wp-content\/uploads\/2020\/08\/startercultures-eu-nl-logo-rond-rgb.png\",\"width\":320,\"height\":320,\"caption\":\"Startercultures.eu\"},\"image\":{\"@id\":\"https:\/\/startercultures.eu\/nl\/#\/schema\/logo\/image\/\"},\"sameAs\":[\"https:\/\/www.facebook.com\/startercultureseu\",\"https:\/\/www.instagram.com\/startercultures.eu\/\"],\"hasMerchantReturnPolicy\":{\"@type\":\"MerchantReturnPolicy\",\"merchantReturnLink\":\"https:\/\/startercultures.eu\/return-policy\/\"}}]}<\/script>\n<meta property=\"product:price:amount\" content=\"15.99\" \/>\n<meta property=\"product:price:currency\" content=\"EUR\" \/>\n<meta property=\"og:availability\" content=\"instock\" \/>\n<meta property=\"product:availability\" content=\"instock\" \/>\n<meta property=\"product:retailer_item_id\" content=\"171\" \/>\n<meta property=\"product:condition\" content=\"new\" \/>\n<!-- \/ Yoast SEO plugin. -->","yoast_head_json":{"title":"Marinade injector voor marineren en pekelen | starterculturen.nl","description":"Koop hier de marinade injector voor makkelijk marineren en pekelen van je vlees. Voor 15h besteld, morgen in huis. Sappig en smakelijk!","robots":{"index":"index","follow":"follow","max-snippet":"max-snippet:-1","max-image-preview":"max-image-preview:large","max-video-preview":"max-video-preview:-1"},"canonical":"https:\/\/startercultures.eu\/nl\/product\/worst-en-vleeswaren-nl\/hulpmiddelen-nl\/pekel-en-marinade-injectiespuit-voor-vlees\/","og_locale":"nl_NL","og_type":"article","og_title":"Marinade injector voor marineren en pekelen | starterculturen.nl","og_description":"Koop hier de marinade injector voor makkelijk marineren en pekelen van je vlees. Voor 15h besteld, morgen in huis. Sappig en smakelijk!","og_url":"https:\/\/startercultures.eu\/nl\/product\/worst-en-vleeswaren-nl\/hulpmiddelen-nl\/pekel-en-marinade-injectiespuit-voor-vlees\/","og_site_name":"Startercultures.eu","article_publisher":"https:\/\/www.facebook.com\/startercultureseu","article_modified_time":"2026-04-17T08:08:43+00:00","og_image":[{"width":450,"height":380,"url":"https:\/\/startercultures.eu\/wp-content\/uploads\/2021\/02\/brine-injector-30-ml-1.png","type":"image\/png"}],"twitter_card":"summary_large_image","twitter_misc":{"Price":"&euro;15,99","Availability":"Op voorraad"},"schema":{"@context":"https:\/\/schema.org","@graph":[{"@type":"WebPage","@id":"https:\/\/startercultures.eu\/nl\/product\/worst-en-vleeswaren-nl\/hulpmiddelen-nl\/pekel-en-marinade-injectiespuit-voor-vlees\/","url":"https:\/\/startercultures.eu\/nl\/product\/worst-en-vleeswaren-nl\/hulpmiddelen-nl\/pekel-en-marinade-injectiespuit-voor-vlees\/","name":"Marinade injector voor marineren en pekelen | starterculturen.nl","isPartOf":{"@id":"https:\/\/startercultures.eu\/nl\/#website"},"primaryImageOfPage":{"@id":"https:\/\/startercultures.eu\/nl\/product\/worst-en-vleeswaren-nl\/hulpmiddelen-nl\/pekel-en-marinade-injectiespuit-voor-vlees\/#primaryimage"},"image":{"@id":"https:\/\/startercultures.eu\/nl\/product\/worst-en-vleeswaren-nl\/hulpmiddelen-nl\/pekel-en-marinade-injectiespuit-voor-vlees\/#primaryimage"},"thumbnailUrl":"https:\/\/startercultures.eu\/wp-content\/uploads\/2021\/02\/brine-injector-30-ml-1.png","datePublished":"2021-02-11T16:12:49+00:00","dateModified":"2026-04-17T08:08:43+00:00","description":"Koop hier de marinade injector voor makkelijk marineren en pekelen van je vlees. Voor 15h besteld, morgen in huis. Sappig en smakelijk!","breadcrumb":{"@id":"https:\/\/startercultures.eu\/nl\/product\/worst-en-vleeswaren-nl\/hulpmiddelen-nl\/pekel-en-marinade-injectiespuit-voor-vlees\/#breadcrumb"},"inLanguage":"nl-NL","potentialAction":[{"@type":"ReadAction","target":["https:\/\/startercultures.eu\/nl\/product\/worst-en-vleeswaren-nl\/hulpmiddelen-nl\/pekel-en-marinade-injectiespuit-voor-vlees\/"]}]},{"@type":"ImageObject","inLanguage":"nl-NL","@id":"https:\/\/startercultures.eu\/nl\/product\/worst-en-vleeswaren-nl\/hulpmiddelen-nl\/pekel-en-marinade-injectiespuit-voor-vlees\/#primaryimage","url":"https:\/\/startercultures.eu\/wp-content\/uploads\/2021\/02\/brine-injector-30-ml-1.png","contentUrl":"https:\/\/startercultures.eu\/wp-content\/uploads\/2021\/02\/brine-injector-30-ml-1.png","width":450,"height":380,"caption":"Pekel- en marinade injectiespuit voor vlees"},{"@type":"BreadcrumbList","@id":"https:\/\/startercultures.eu\/nl\/product\/worst-en-vleeswaren-nl\/hulpmiddelen-nl\/pekel-en-marinade-injectiespuit-voor-vlees\/#breadcrumb","itemListElement":[{"@type":"ListItem","position":1,"name":"Home","item":"https:\/\/startercultures.eu\/nl\/"},{"@type":"ListItem","position":2,"name":"Winkel","item":"https:\/\/startercultures.eu\/nl\/winkel\/"},{"@type":"ListItem","position":3,"name":"Pekel- en marinade injector | voor vlees"}]},{"@type":"WebSite","@id":"https:\/\/startercultures.eu\/nl\/#website","url":"https:\/\/startercultures.eu\/nl\/","name":"Startercultures.eu","description":"Startercultures.eu","publisher":{"@id":"https:\/\/startercultures.eu\/nl\/#organization"},"potentialAction":[{"@type":"SearchAction","target":{"@type":"EntryPoint","urlTemplate":"https:\/\/startercultures.eu\/nl\/?s={search_term_string}"},"query-input":{"@type":"PropertyValueSpecification","valueRequired":true,"valueName":"search_term_string"}}],"inLanguage":"nl-NL"},{"@type":"Organization","@id":"https:\/\/startercultures.eu\/nl\/#organization","name":"Startercultures.eu","url":"https:\/\/startercultures.eu\/nl\/","logo":{"@type":"ImageObject","inLanguage":"nl-NL","@id":"https:\/\/startercultures.eu\/nl\/#\/schema\/logo\/image\/","url":"https:\/\/startercultures.eu\/wp-content\/uploads\/2020\/08\/startercultures-eu-nl-logo-rond-rgb.png","contentUrl":"https:\/\/startercultures.eu\/wp-content\/uploads\/2020\/08\/startercultures-eu-nl-logo-rond-rgb.png","width":320,"height":320,"caption":"Startercultures.eu"},"image":{"@id":"https:\/\/startercultures.eu\/nl\/#\/schema\/logo\/image\/"},"sameAs":["https:\/\/www.facebook.com\/startercultureseu","https:\/\/www.instagram.com\/startercultures.eu\/"],"hasMerchantReturnPolicy":{"@type":"MerchantReturnPolicy","merchantReturnLink":"https:\/\/startercultures.eu\/return-policy\/"}}]},"product_price_amount":"15.99","product_price_currency":"EUR","og_availability":"instock","product_availability":"instock","product_retailer_item_id":"171","product_condition":"new"},"_links":{"self":[{"href":"https:\/\/startercultures.eu\/nl\/wp-json\/wp\/v2\/product\/11653","targetHints":{"allow":["GET"]}}],"collection":[{"href":"https:\/\/startercultures.eu\/nl\/wp-json\/wp\/v2\/product"}],"about":[{"href":"https:\/\/startercultures.eu\/nl\/wp-json\/wp\/v2\/types\/product"}],"replies":[{"embeddable":true,"href":"https:\/\/startercultures.eu\/nl\/wp-json\/wp\/v2\/comments?post=11653"}],"version-history":[{"count":0,"href":"https:\/\/startercultures.eu\/nl\/wp-json\/wp\/v2\/product\/11653\/revisions"}],"wp:featuredmedia":[{"embeddable":true,"href":"https:\/\/startercultures.eu\/nl\/wp-json\/wp\/v2\/media\/11652"}],"wp:attachment":[{"href":"https:\/\/startercultures.eu\/nl\/wp-json\/wp\/v2\/media?parent=11653"}],"wp:term":[{"taxonomy":"product_brand","embeddable":true,"href":"https:\/\/startercultures.eu\/nl\/wp-json\/wp\/v2\/product_brand?post=11653"},{"taxonomy":"product_cat","embeddable":true,"href":"https:\/\/startercultures.eu\/nl\/wp-json\/wp\/v2\/product_cat?post=11653"},{"taxonomy":"product_tag","embeddable":true,"href":"https:\/\/startercultures.eu\/nl\/wp-json\/wp\/v2\/product_tag?post=11653"}],"curies":[{"name":"wp","href":"https:\/\/api.w.org\/{rel}","templated":true}]}}