{"id":11655,"date":"2021-02-11T17:26:11","date_gmt":"2021-02-11T17:26:11","guid":{"rendered":"https:\/\/startercultures.eu\/product\/niet-gecategoriseerd\/alles-in-een-maak-je-eigen-gekookte-ham-starterkit\/"},"modified":"2026-02-03T22:20:36","modified_gmt":"2026-02-03T21:20:36","slug":"alles-in-een-maak-je-eigen-gekookte-ham-starterkit","status":"publish","type":"product","link":"https:\/\/startercultures.eu\/nl\/product\/worst-en-vleeswaren-nl\/complete-pakketten-nl\/alles-in-een-maak-je-eigen-gekookte-ham-starterkit\/","title":{"rendered":"Alles-in-\u00e9\u00e9n &#8216;maak je eigen gekookte ham&#8217; starterspakket."},"content":{"rendered":"<p>Maak je eigen hammen met dit ham maken starterspakket.<\/p>\n<h3>Inhoud ham maken starterspakket<\/h3>\n<ul>\n<li>Nitrietpekelzout. Colorozozout is h\u00e9t ideale zout voor het zelf maken van worst en vleeswaren. Het voorkomt bacteriegroei en geeft een aantrekkelijke verse roze kleur aan je worst of vleeswaren. Het is ook geschikt voor het maken van je eigen charcuterie. Het zorgt ervoor dat kookworsten, leverworsten en pat\u00e9s mooi roze worden en niet verkleuren. Voor droge worsten is het zelfs een onmisbaar ingredi\u00ebnt ter voorkoming van botulisme.<\/li>\n<li>Dextrose. Dextrose is krachtvoer voor melkzuurbacteri\u00ebn uit de <a href=\"https:\/\/www.starterculturen.nl\/c-4266228\/starterculturen\/\">starterculturen<\/a> die je nodig hebt om je eigen droge worst te maken. Aan droge worst voeg je dus altijd wat dextrose toe. In kookworsten en leverworsten draagt het &#8211; samen met nitrietpekelzout &#8211; bij aan een mooie kleur.<\/li>\n<li><a href=\"https:\/\/nl.wikipedia.org\/wiki\/Transglutaminase\" target=\"_blank\" rel=\"noopener\">Transglutaminase<\/a> (vleeslijm, om je ham aan elkaar te plakken)<\/li>\n<li>Fosfaat (voor extra sappigheid)<\/li>\n<li>Pekelinjector (voor snelle pekelinjectie)<\/li>\n<li>Rolladetouw (voor het vastbinden van je hammen)<\/li>\n<\/ul>\n<h3 data-fontsize=\"21\" data-lineheight=\"27.3px\">Ham maken starterspakket kopen?<\/h3>\n<p>Je bestelt het &#8216;maak je eigen gekookte ham&#8217; starterspakket bij starterculturen.nl, d\u00e9 webwinkel voor al je charcuterie-, pat\u00e9- en worstingredi\u00ebnten. Van Meneer Wateetons de auteur van de standaardwerken <a href=\"https:\/\/startercultures.eu\/nl\/product-category\/boeken\/\" target=\"_blank\" rel=\"noopener noreferrer\">De Worstbijbel (2018) en Over Charcuterie (2019)<\/a>. Op werkdagen voor 15:00 besteld, dezelfde dag verzonden.\u00a0 Vragen over het gebruik van het ham maken starterspakket? Stel ze via de chatfunctie. We komen er altijd uit.<\/p>\n<h3><a href=\"https:\/\/startercultures.eu\/nl\/product\/online-workshops-nl\/online-cursus-ham-maken\/\" target=\"_blank\" rel=\"noopener\"><img decoding=\"async\" class=\"lazyload wp-image-75341  alignright\" src=\"https:\/\/startercultures.eu\/wp-content\/uploads\/2023\/10\/HAM-300x300.png\" data-orig-src=\"https:\/\/startercultures.eu\/wp-content\/uploads\/2023\/10\/HAM-300x300.png\" alt=\"\" width=\"135\" height=\"135\" srcset=\"data:image\/svg+xml,%3Csvg%20xmlns%3D%27http%3A%2F%2Fwww.w3.org%2F2000%2Fsvg%27%20width%3D%27135%27%20height%3D%27135%27%20viewBox%3D%270%200%20135%20135%27%3E%3Crect%20width%3D%27135%27%20height%3D%27135%27%20fill-opacity%3D%220%22%2F%3E%3C%2Fsvg%3E\" data-srcset=\"https:\/\/startercultures.eu\/wp-content\/uploads\/2023\/10\/HAM-66x66.png 66w, https:\/\/startercultures.eu\/wp-content\/uploads\/2023\/10\/HAM-100x100.png 100w, https:\/\/startercultures.eu\/wp-content\/uploads\/2023\/10\/HAM-150x150.png 150w, https:\/\/startercultures.eu\/wp-content\/uploads\/2023\/10\/HAM-200x200.png 200w, https:\/\/startercultures.eu\/wp-content\/uploads\/2023\/10\/HAM-300x300.png 300w, https:\/\/startercultures.eu\/wp-content\/uploads\/2023\/10\/HAM-400x400.png 400w, https:\/\/startercultures.eu\/wp-content\/uploads\/2023\/10\/HAM-500x500.png 500w, https:\/\/startercultures.eu\/wp-content\/uploads\/2023\/10\/HAM-600x600.png 600w, https:\/\/startercultures.eu\/wp-content\/uploads\/2023\/10\/HAM-700x700.png 700w, https:\/\/startercultures.eu\/wp-content\/uploads\/2023\/10\/HAM-768x768.png 768w, https:\/\/startercultures.eu\/wp-content\/uploads\/2023\/10\/HAM-800x800.png 800w, https:\/\/startercultures.eu\/wp-content\/uploads\/2023\/10\/HAM.png 1000w\" data-sizes=\"auto\" data-orig-sizes=\"(max-width: 135px) 100vw, 135px\" \/><\/a>Online cursus \u2018maak je eigen ham\u2019<\/h3>\n<p>Leer je eigen ham maken van de auteur van\u00a0<a href=\"https:\/\/startercultures.eu\/nl\/product\/boeken\/over-charcuterie-2019-nl\/\" target=\"_blank\" rel=\"noopener\">Over Charcuterie<\/a>, h\u00e9t handboek vleeswaren maken. Tijdens <a href=\"https:\/\/startercultures.eu\/nl\/product\/online-workshops-nl\/online-cursus-ham-maken\/\" target=\"_blank\" rel=\"noopener\">deze online cursus ham maken<\/a> leer je de theorie en praktijk van het maken van je eigen hammen. Van achterham tot schouderham, van grillham tot kinnebakham.<\/p>\n","protected":false},"excerpt":{"rendered":"<p>Maak je eigen hammen met deze alles-in-\u00e9\u00e9n &#8216;maak je eigen gekookte ham&#8217; &#8211; starterkit. Dit ham maken starterspakket is ideaal voor het zelf maken van gekookte hammetjes; makkelijk en lekker.<\/p>\n","protected":false},"featured_media":7327,"comment_status":"open","ping_status":"closed","template":"","meta":{"_acf_changed":false,"footnotes":""},"product_brand":[],"product_cat":[60,34,377],"product_tag":[],"class_list":{"0":"post-11655","1":"product","2":"type-product","3":"status-publish","4":"has-post-thumbnail","6":"product_cat-complete-pakketten-nl","7":"product_cat-starterkits-nl","8":"product_cat-worst-en-charcuterie-sterterkits-nl","9":"product_shipping_class-klein-pakket-nl","11":"first","12":"instock","13":"sale","14":"taxable","15":"shipping-taxable","16":"purchasable","17":"product-type-woosb"},"acf":[],"yoast_head":"<!-- This site is optimized with the Yoast SEO plugin v26.6 - https:\/\/yoast.com\/wordpress\/plugins\/seo\/ -->\n<title>Ham maken starterspakket voor zelf ham maken | starterculturen.nl<\/title>\n<meta name=\"description\" content=\"Dit ham maken starterspakket is ideaal voor het zelf maken van gekookte hammetjes; makkelijk en lekker. Voor 15h besteld, morgen in huis!\" \/>\n<meta name=\"robots\" content=\"index, follow, max-snippet:-1, max-image-preview:large, max-video-preview:-1\" \/>\n<link rel=\"canonical\" href=\"https:\/\/startercultures.eu\/nl\/product\/worst-en-vleeswaren-nl\/complete-pakketten-nl\/alles-in-een-maak-je-eigen-gekookte-ham-starterkit\/\" \/>\n<meta property=\"og:locale\" content=\"nl_NL\" \/>\n<meta property=\"og:type\" content=\"article\" \/>\n<meta property=\"og:title\" content=\"Ham maken starterspakket voor zelf ham maken | starterculturen.nl\" \/>\n<meta property=\"og:description\" content=\"Dit ham maken starterspakket is ideaal voor het zelf maken van gekookte hammetjes; makkelijk en lekker. Voor 15h besteld, morgen in huis!\" \/>\n<meta property=\"og:url\" content=\"https:\/\/startercultures.eu\/nl\/product\/worst-en-vleeswaren-nl\/complete-pakketten-nl\/alles-in-een-maak-je-eigen-gekookte-ham-starterkit\/\" \/>\n<meta property=\"og:site_name\" content=\"Startercultures.eu\" \/>\n<meta property=\"article:publisher\" content=\"https:\/\/www.facebook.com\/startercultureseu\" \/>\n<meta property=\"article:modified_time\" content=\"2026-02-03T21:20:36+00:00\" \/>\n<meta property=\"og:image\" content=\"https:\/\/startercultures.eu\/wp-content\/uploads\/2020\/08\/uitsnede-voor-webshop-easy.png\" \/>\n\t<meta property=\"og:image:width\" content=\"450\" \/>\n\t<meta property=\"og:image:height\" content=\"450\" \/>\n\t<meta property=\"og:image:type\" content=\"image\/png\" \/>\n<meta name=\"twitter:card\" content=\"summary_large_image\" \/>\n<meta name=\"twitter:label1\" content=\"Price\" \/>\n\t<meta name=\"twitter:data1\" content=\"&euro;63,85\" \/>\n\t<meta name=\"twitter:label2\" content=\"Availability\" \/>\n\t<meta name=\"twitter:data2\" content=\"Op voorraad\" \/>\n<script type=\"application\/ld+json\" class=\"yoast-schema-graph\">{\"@context\":\"https:\/\/schema.org\",\"@graph\":[{\"@type\":\"WebPage\",\"@id\":\"https:\/\/startercultures.eu\/nl\/product\/worst-en-vleeswaren-nl\/complete-pakketten-nl\/alles-in-een-maak-je-eigen-gekookte-ham-starterkit\/\",\"url\":\"https:\/\/startercultures.eu\/nl\/product\/worst-en-vleeswaren-nl\/complete-pakketten-nl\/alles-in-een-maak-je-eigen-gekookte-ham-starterkit\/\",\"name\":\"Ham maken starterspakket voor zelf ham maken | starterculturen.nl\",\"isPartOf\":{\"@id\":\"https:\/\/startercultures.eu\/nl\/#website\"},\"primaryImageOfPage\":{\"@id\":\"https:\/\/startercultures.eu\/nl\/product\/worst-en-vleeswaren-nl\/complete-pakketten-nl\/alles-in-een-maak-je-eigen-gekookte-ham-starterkit\/#primaryimage\"},\"image\":{\"@id\":\"https:\/\/startercultures.eu\/nl\/product\/worst-en-vleeswaren-nl\/complete-pakketten-nl\/alles-in-een-maak-je-eigen-gekookte-ham-starterkit\/#primaryimage\"},\"thumbnailUrl\":\"https:\/\/startercultures.eu\/wp-content\/uploads\/2020\/08\/uitsnede-voor-webshop-easy.png\",\"datePublished\":\"2021-02-11T17:26:11+00:00\",\"dateModified\":\"2026-02-03T21:20:36+00:00\",\"description\":\"Dit ham maken starterspakket is ideaal voor het zelf maken van gekookte hammetjes; makkelijk en lekker. Voor 15h besteld, morgen in huis!\",\"breadcrumb\":{\"@id\":\"https:\/\/startercultures.eu\/nl\/product\/worst-en-vleeswaren-nl\/complete-pakketten-nl\/alles-in-een-maak-je-eigen-gekookte-ham-starterkit\/#breadcrumb\"},\"inLanguage\":\"nl-NL\",\"potentialAction\":[{\"@type\":\"ReadAction\",\"target\":[\"https:\/\/startercultures.eu\/nl\/product\/worst-en-vleeswaren-nl\/complete-pakketten-nl\/alles-in-een-maak-je-eigen-gekookte-ham-starterkit\/\"]}]},{\"@type\":\"ImageObject\",\"inLanguage\":\"nl-NL\",\"@id\":\"https:\/\/startercultures.eu\/nl\/product\/worst-en-vleeswaren-nl\/complete-pakketten-nl\/alles-in-een-maak-je-eigen-gekookte-ham-starterkit\/#primaryimage\",\"url\":\"https:\/\/startercultures.eu\/wp-content\/uploads\/2020\/08\/uitsnede-voor-webshop-easy.png\",\"contentUrl\":\"https:\/\/startercultures.eu\/wp-content\/uploads\/2020\/08\/uitsnede-voor-webshop-easy.png\",\"width\":450,\"height\":450,\"caption\":\"ham maken starterspakket\"},{\"@type\":\"BreadcrumbList\",\"@id\":\"https:\/\/startercultures.eu\/nl\/product\/worst-en-vleeswaren-nl\/complete-pakketten-nl\/alles-in-een-maak-je-eigen-gekookte-ham-starterkit\/#breadcrumb\",\"itemListElement\":[{\"@type\":\"ListItem\",\"position\":1,\"name\":\"Home\",\"item\":\"https:\/\/startercultures.eu\/nl\/\"},{\"@type\":\"ListItem\",\"position\":2,\"name\":\"Winkel\",\"item\":\"https:\/\/startercultures.eu\/nl\/winkel\/\"},{\"@type\":\"ListItem\",\"position\":3,\"name\":\"Alles-in-\u00e9\u00e9n &#8216;maak je eigen gekookte ham&#8217; starterspakket.\"}]},{\"@type\":\"WebSite\",\"@id\":\"https:\/\/startercultures.eu\/nl\/#website\",\"url\":\"https:\/\/startercultures.eu\/nl\/\",\"name\":\"Startercultures.eu\",\"description\":\"Startercultures.eu\",\"publisher\":{\"@id\":\"https:\/\/startercultures.eu\/nl\/#organization\"},\"potentialAction\":[{\"@type\":\"SearchAction\",\"target\":{\"@type\":\"EntryPoint\",\"urlTemplate\":\"https:\/\/startercultures.eu\/nl\/?s={search_term_string}\"},\"query-input\":{\"@type\":\"PropertyValueSpecification\",\"valueRequired\":true,\"valueName\":\"search_term_string\"}}],\"inLanguage\":\"nl-NL\"},{\"@type\":\"Organization\",\"@id\":\"https:\/\/startercultures.eu\/nl\/#organization\",\"name\":\"Startercultures.eu\",\"url\":\"https:\/\/startercultures.eu\/nl\/\",\"logo\":{\"@type\":\"ImageObject\",\"inLanguage\":\"nl-NL\",\"@id\":\"https:\/\/startercultures.eu\/nl\/#\/schema\/logo\/image\/\",\"url\":\"https:\/\/startercultures.eu\/wp-content\/uploads\/2020\/08\/startercultures-eu-nl-logo-rond-rgb.png\",\"contentUrl\":\"https:\/\/startercultures.eu\/wp-content\/uploads\/2020\/08\/startercultures-eu-nl-logo-rond-rgb.png\",\"width\":320,\"height\":320,\"caption\":\"Startercultures.eu\"},\"image\":{\"@id\":\"https:\/\/startercultures.eu\/nl\/#\/schema\/logo\/image\/\"},\"sameAs\":[\"https:\/\/www.facebook.com\/startercultureseu\",\"https:\/\/www.instagram.com\/startercultures.eu\/\"]}]}<\/script>\n<meta property=\"product:price:amount\" content=\"63.85\" \/>\n<meta property=\"product:price:currency\" content=\"EUR\" \/>\n<meta property=\"og:availability\" content=\"instock\" \/>\n<meta property=\"product:availability\" content=\"instock\" \/>\n<meta property=\"product:retailer_item_id\" content=\"173\" \/>\n<meta property=\"product:condition\" content=\"new\" \/>\n<!-- \/ Yoast SEO plugin. -->","yoast_head_json":{"title":"Ham maken starterspakket voor zelf ham maken | starterculturen.nl","description":"Dit ham maken starterspakket is ideaal voor het zelf maken van gekookte hammetjes; makkelijk en lekker. Voor 15h besteld, morgen in huis!","robots":{"index":"index","follow":"follow","max-snippet":"max-snippet:-1","max-image-preview":"max-image-preview:large","max-video-preview":"max-video-preview:-1"},"canonical":"https:\/\/startercultures.eu\/nl\/product\/worst-en-vleeswaren-nl\/complete-pakketten-nl\/alles-in-een-maak-je-eigen-gekookte-ham-starterkit\/","og_locale":"nl_NL","og_type":"article","og_title":"Ham maken starterspakket voor zelf ham maken | starterculturen.nl","og_description":"Dit ham maken starterspakket is ideaal voor het zelf maken van gekookte hammetjes; makkelijk en lekker. Voor 15h besteld, morgen in huis!","og_url":"https:\/\/startercultures.eu\/nl\/product\/worst-en-vleeswaren-nl\/complete-pakketten-nl\/alles-in-een-maak-je-eigen-gekookte-ham-starterkit\/","og_site_name":"Startercultures.eu","article_publisher":"https:\/\/www.facebook.com\/startercultureseu","article_modified_time":"2026-02-03T21:20:36+00:00","og_image":[{"width":450,"height":450,"url":"https:\/\/startercultures.eu\/wp-content\/uploads\/2020\/08\/uitsnede-voor-webshop-easy.png","type":"image\/png"}],"twitter_card":"summary_large_image","twitter_misc":{"Price":"&euro;63,85","Availability":"Op voorraad"},"schema":{"@context":"https:\/\/schema.org","@graph":[{"@type":"WebPage","@id":"https:\/\/startercultures.eu\/nl\/product\/worst-en-vleeswaren-nl\/complete-pakketten-nl\/alles-in-een-maak-je-eigen-gekookte-ham-starterkit\/","url":"https:\/\/startercultures.eu\/nl\/product\/worst-en-vleeswaren-nl\/complete-pakketten-nl\/alles-in-een-maak-je-eigen-gekookte-ham-starterkit\/","name":"Ham maken starterspakket voor zelf ham maken | starterculturen.nl","isPartOf":{"@id":"https:\/\/startercultures.eu\/nl\/#website"},"primaryImageOfPage":{"@id":"https:\/\/startercultures.eu\/nl\/product\/worst-en-vleeswaren-nl\/complete-pakketten-nl\/alles-in-een-maak-je-eigen-gekookte-ham-starterkit\/#primaryimage"},"image":{"@id":"https:\/\/startercultures.eu\/nl\/product\/worst-en-vleeswaren-nl\/complete-pakketten-nl\/alles-in-een-maak-je-eigen-gekookte-ham-starterkit\/#primaryimage"},"thumbnailUrl":"https:\/\/startercultures.eu\/wp-content\/uploads\/2020\/08\/uitsnede-voor-webshop-easy.png","datePublished":"2021-02-11T17:26:11+00:00","dateModified":"2026-02-03T21:20:36+00:00","description":"Dit ham maken starterspakket is ideaal voor het zelf maken van gekookte hammetjes; makkelijk en lekker. Voor 15h besteld, morgen in huis!","breadcrumb":{"@id":"https:\/\/startercultures.eu\/nl\/product\/worst-en-vleeswaren-nl\/complete-pakketten-nl\/alles-in-een-maak-je-eigen-gekookte-ham-starterkit\/#breadcrumb"},"inLanguage":"nl-NL","potentialAction":[{"@type":"ReadAction","target":["https:\/\/startercultures.eu\/nl\/product\/worst-en-vleeswaren-nl\/complete-pakketten-nl\/alles-in-een-maak-je-eigen-gekookte-ham-starterkit\/"]}]},{"@type":"ImageObject","inLanguage":"nl-NL","@id":"https:\/\/startercultures.eu\/nl\/product\/worst-en-vleeswaren-nl\/complete-pakketten-nl\/alles-in-een-maak-je-eigen-gekookte-ham-starterkit\/#primaryimage","url":"https:\/\/startercultures.eu\/wp-content\/uploads\/2020\/08\/uitsnede-voor-webshop-easy.png","contentUrl":"https:\/\/startercultures.eu\/wp-content\/uploads\/2020\/08\/uitsnede-voor-webshop-easy.png","width":450,"height":450,"caption":"ham maken starterspakket"},{"@type":"BreadcrumbList","@id":"https:\/\/startercultures.eu\/nl\/product\/worst-en-vleeswaren-nl\/complete-pakketten-nl\/alles-in-een-maak-je-eigen-gekookte-ham-starterkit\/#breadcrumb","itemListElement":[{"@type":"ListItem","position":1,"name":"Home","item":"https:\/\/startercultures.eu\/nl\/"},{"@type":"ListItem","position":2,"name":"Winkel","item":"https:\/\/startercultures.eu\/nl\/winkel\/"},{"@type":"ListItem","position":3,"name":"Alles-in-\u00e9\u00e9n &#8216;maak je eigen gekookte ham&#8217; starterspakket."}]},{"@type":"WebSite","@id":"https:\/\/startercultures.eu\/nl\/#website","url":"https:\/\/startercultures.eu\/nl\/","name":"Startercultures.eu","description":"Startercultures.eu","publisher":{"@id":"https:\/\/startercultures.eu\/nl\/#organization"},"potentialAction":[{"@type":"SearchAction","target":{"@type":"EntryPoint","urlTemplate":"https:\/\/startercultures.eu\/nl\/?s={search_term_string}"},"query-input":{"@type":"PropertyValueSpecification","valueRequired":true,"valueName":"search_term_string"}}],"inLanguage":"nl-NL"},{"@type":"Organization","@id":"https:\/\/startercultures.eu\/nl\/#organization","name":"Startercultures.eu","url":"https:\/\/startercultures.eu\/nl\/","logo":{"@type":"ImageObject","inLanguage":"nl-NL","@id":"https:\/\/startercultures.eu\/nl\/#\/schema\/logo\/image\/","url":"https:\/\/startercultures.eu\/wp-content\/uploads\/2020\/08\/startercultures-eu-nl-logo-rond-rgb.png","contentUrl":"https:\/\/startercultures.eu\/wp-content\/uploads\/2020\/08\/startercultures-eu-nl-logo-rond-rgb.png","width":320,"height":320,"caption":"Startercultures.eu"},"image":{"@id":"https:\/\/startercultures.eu\/nl\/#\/schema\/logo\/image\/"},"sameAs":["https:\/\/www.facebook.com\/startercultureseu","https:\/\/www.instagram.com\/startercultures.eu\/"]}]},"product_price_amount":"63.85","product_price_currency":"EUR","og_availability":"instock","product_availability":"instock","product_retailer_item_id":"173","product_condition":"new"},"_links":{"self":[{"href":"https:\/\/startercultures.eu\/nl\/wp-json\/wp\/v2\/product\/11655","targetHints":{"allow":["GET"]}}],"collection":[{"href":"https:\/\/startercultures.eu\/nl\/wp-json\/wp\/v2\/product"}],"about":[{"href":"https:\/\/startercultures.eu\/nl\/wp-json\/wp\/v2\/types\/product"}],"replies":[{"embeddable":true,"href":"https:\/\/startercultures.eu\/nl\/wp-json\/wp\/v2\/comments?post=11655"}],"version-history":[{"count":3,"href":"https:\/\/startercultures.eu\/nl\/wp-json\/wp\/v2\/product\/11655\/revisions"}],"predecessor-version":[{"id":76560,"href":"https:\/\/startercultures.eu\/nl\/wp-json\/wp\/v2\/product\/11655\/revisions\/76560"}],"wp:featuredmedia":[{"embeddable":true,"href":"https:\/\/startercultures.eu\/nl\/wp-json\/wp\/v2\/media\/7327"}],"wp:attachment":[{"href":"https:\/\/startercultures.eu\/nl\/wp-json\/wp\/v2\/media?parent=11655"}],"wp:term":[{"taxonomy":"product_brand","embeddable":true,"href":"https:\/\/startercultures.eu\/nl\/wp-json\/wp\/v2\/product_brand?post=11655"},{"taxonomy":"product_cat","embeddable":true,"href":"https:\/\/startercultures.eu\/nl\/wp-json\/wp\/v2\/product_cat?post=11655"},{"taxonomy":"product_tag","embeddable":true,"href":"https:\/\/startercultures.eu\/nl\/wp-json\/wp\/v2\/product_tag?post=11655"}],"curies":[{"name":"wp","href":"https:\/\/api.w.org\/{rel}","templated":true}]}}