{"id":12533,"date":"2021-03-18T10:06:40","date_gmt":"2021-03-18T10:06:40","guid":{"rendered":"https:\/\/startercultures.eu\/product\/niet-gecategoriseerd\/alles-in-een-zelf-camembert-maken-starterspakket\/"},"modified":"2025-12-07T08:05:38","modified_gmt":"2025-12-07T07:05:38","slug":"alles-in-een-zelf-camembert-maken-starterspakket","status":"publish","type":"product","link":"https:\/\/startercultures.eu\/nl\/product\/starterkits-nl\/fermentatie-starterkits-nl\/alles-in-een-zelf-camembert-maken-starterspakket\/","title":{"rendered":"Alles in \u00e9\u00e9n &#8216;zelf camembert maken&#8217; &#8211; starterspakket"},"content":{"rendered":"<p>Maak je eigen camembert of andere witschimmelkaas met ons camembert starterspakket. Voor minimaal 10 kg kaas.<\/p>\n<p>Nu <strong>inclusief<\/strong> gratis online workshop \u2018maak je eigen Goudse kaas\u2019, met Meneer Wateetons en Nils Koster! (link ontvang je na aanschaf).<\/p>\n<h3>Inhoud van het camembert starterspakket<\/h3>\n<ul>\n<li>Kaasstartcultuur voor zachte kazen MST<\/li>\n<li>Penicillium candidum &#8211; witte kaasschimmel<\/li>\n<li>Stremsel<\/li>\n<li>Calciumchloride (nodig voor gepasteuriseerde melk)<\/li>\n<li>3 camembert kaasvormen (350 g)<\/li>\n<li>Kaasmatje<\/li>\n<li>Optioneel: 5 set kaasdoek<\/li>\n<li>Optioneel:\u00a0Geotrichum candidium &#8211; witte kaasschimmel, vaak gebruikt in echte Normandische camemberts<\/li>\n<li>Optioneel: B. linens<\/li>\n<li>Optioneel:K. lactis (gist)<\/li>\n<\/ul>\n<h3>Hoe maak je zelf camembert met ons camembert starterspakket?<\/h3>\n<p>Er zijn best wel wat online recepten te vinden om zelf blauwe kaas te maken, waaronder de geweldige recepten van <a href=\"https:\/\/cheesemaking.com\/collections\/recipes?_=pf&amp;pf_t_category=mold%20ripened\" target=\"_blank\" rel=\"noopener\">cheesemaking.com<\/a>.\u00a0Ook in\u00a0<a href=\"https:\/\/startercultures.eu\/nl\/product\/boeken\/over-rot-2-0-2019-het-geactualiseerde-handboek-fermenteren-nl\/\" target=\"_blank\" rel=\"noopener\">Over Rot<\/a>\u00a0en het boek\u00a0<a href=\"https:\/\/partner.bol.com\/click\/click?p=2&amp;t=url&amp;s=1923&amp;f=TXL&amp;url=https%3A%2F%2Fwww.bol.com%2Fnl%2Fp%2Fkaas-uit-eigen-keuken%2F9200000101809475%2F&amp;name=Kaas%20uit%20eigen%20keuken%2C%20Nils%20Koster\" target=\"_blank\" rel=\"noopener\">Kaas uit Eigen Keuken<\/a> vind je veel goede recepten. Of volg de workshop (zie hieronder).<\/p>\n<h3 data-fontsize=\"21\" data-lineheight=\"27.3px\"><span data-sheets-value=\"{&quot;1&quot;:2,&quot;2&quot;:&quot;camembert starterspakket&quot;}\" data-sheets-userformat=\"{&quot;2&quot;:15359,&quot;3&quot;:{&quot;1&quot;:0},&quot;4&quot;:{&quot;1&quot;:2,&quot;2&quot;:16750848},&quot;5&quot;:{&quot;1&quot;:[{&quot;1&quot;:2,&quot;2&quot;:0,&quot;5&quot;:{&quot;1&quot;:2,&quot;2&quot;:0}},{&quot;1&quot;:0,&quot;2&quot;:0,&quot;3&quot;:3},{&quot;1&quot;:1,&quot;2&quot;:0,&quot;4&quot;:1}]},&quot;6&quot;:{&quot;1&quot;:[{&quot;1&quot;:2,&quot;2&quot;:0,&quot;5&quot;:{&quot;1&quot;:2,&quot;2&quot;:0}},{&quot;1&quot;:0,&quot;2&quot;:0,&quot;3&quot;:3},{&quot;1&quot;:1,&quot;2&quot;:0,&quot;4&quot;:1}]},&quot;7&quot;:{&quot;1&quot;:[{&quot;1&quot;:2,&quot;2&quot;:0,&quot;5&quot;:{&quot;1&quot;:2,&quot;2&quot;:0}},{&quot;1&quot;:0,&quot;2&quot;:0,&quot;3&quot;:3},{&quot;1&quot;:1,&quot;2&quot;:0,&quot;4&quot;:1}]},&quot;8&quot;:{&quot;1&quot;:[{&quot;1&quot;:2,&quot;2&quot;:0,&quot;5&quot;:{&quot;1&quot;:2,&quot;2&quot;:0}},{&quot;1&quot;:0,&quot;2&quot;:0,&quot;3&quot;:3},{&quot;1&quot;:1,&quot;2&quot;:0,&quot;4&quot;:1}]},&quot;9&quot;:0,&quot;10&quot;:0,&quot;11&quot;:4,&quot;12&quot;:0,&quot;14&quot;:{&quot;1&quot;:3,&quot;3&quot;:1},&quot;15&quot;:&quot;Arial&quot;,&quot;16&quot;:9}\">Camembert starterspakket<\/span>\u00a0kopen?<\/h3>\n<p>Je bestelt het starterspakket bij starterculturen.nl, d\u00e9 webwinkel voor al je tempeh, koji en tofu. Van Meneer Wateetons de auteur van de standaardwerken <a href=\"https:\/\/www.starterculturen.nl\/a-52122580\/boeken\/over-rot-2015-het-handboek-fermenteren\/\" target=\"_blank\" rel=\"noopener noreferrer\">Over Rot (2015)<\/a> en<a href=\"https:\/\/startercultures.eu\/nl\/product\/boeken\/over-inpakken-2020-nl\/\" target=\"_blank\" rel=\"noopener\"> Over Inpakken (2020)<\/a>. Op werkdagen voor 15:00 besteld, dezelfde dag verzonden.\u00a0 Vragen over het gebruik van het starterspakket? Stel ze via de chatfunctie. We komen er altijd uit.<\/p>\n<h3>Online on demand workshop \u2018maak je eigen witschimmelkaas\u2019<\/h3>\n<p><img decoding=\"async\" class=\"lazyload wp-image-19382 alignright\" src=\"https:\/\/startercultures.eu\/wp-content\/uploads\/2022\/01\/maak-je-eigen-Goudse-kaas-300x300.png\" data-orig-src=\"https:\/\/startercultures.eu\/wp-content\/uploads\/2022\/01\/maak-je-eigen-Goudse-kaas-300x300.png\" alt=\"maak je eigen Goudse kaas\" width=\"116\" height=\"116\" srcset=\"data:image\/svg+xml,%3Csvg%20xmlns%3D%27http%3A%2F%2Fwww.w3.org%2F2000%2Fsvg%27%20width%3D%27116%27%20height%3D%27116%27%20viewBox%3D%270%200%20116%20116%27%3E%3Crect%20width%3D%27116%27%20height%3D%27116%27%20fill-opacity%3D%220%22%2F%3E%3C%2Fsvg%3E\" data-srcset=\"https:\/\/startercultures.eu\/wp-content\/uploads\/2022\/01\/maak-je-eigen-Goudse-kaas-66x66.png 66w, https:\/\/startercultures.eu\/wp-content\/uploads\/2022\/01\/maak-je-eigen-Goudse-kaas-100x100.png 100w, https:\/\/startercultures.eu\/wp-content\/uploads\/2022\/01\/maak-je-eigen-Goudse-kaas-150x150.png 150w, https:\/\/startercultures.eu\/wp-content\/uploads\/2022\/01\/maak-je-eigen-Goudse-kaas-200x200.png 200w, https:\/\/startercultures.eu\/wp-content\/uploads\/2022\/01\/maak-je-eigen-Goudse-kaas-300x300.png 300w, https:\/\/startercultures.eu\/wp-content\/uploads\/2022\/01\/maak-je-eigen-Goudse-kaas-400x400.png 400w, https:\/\/startercultures.eu\/wp-content\/uploads\/2022\/01\/maak-je-eigen-Goudse-kaas.png 450w\" data-sizes=\"auto\" data-orig-sizes=\"(max-width: 116px) 100vw, 116px\" \/><\/p>\n<p>Na het grote succes van de <a href=\"https:\/\/startercultures.eu\/nl\/product\/zuivel-ook-vegan-nl\/kaas-nl\/workshops-kaas-nl\/online-on-demand-workshop-maak-je-eigen-blauwschimmelkaas\/\" target=\"_blank\" rel=\"noopener\">workshop blauwschimmel kaas maken<\/a> schuift de auteur van h\u00e9t Nederlands zelf-maak-kaasboek &#8216;<a href=\"https:\/\/www.vlielanderkaasbunker.nl\/epages\/83367101.sf\/nl_NL\/?ObjectPath=\/Shops\/83367101\/Products\/206\" target=\"_blank\" rel=\"noreferrer noopener\">Kaas uit Eigen Keuken<\/a>&#8216; Nils Koster opnieuw aan in de Wateetons workshop keuken voor een serie \u00a0kaasworkshops. Nils Koster en Meneer Wateetons leren je in hun kaasworkshops alles over het thuis maken van kaas. In deze<a href=\"https:\/\/startercultures.eu\/nl\/product\/zuivel-ook-vegan-nl\/kaas-nl\/workshops-kaas-nl\/online-on-demand-workshop-maak-je-eigen-witschimmelkaas\/\" target=\"_blank\" rel=\"noopener\"> online workshop staat het maken van witschimmelkaas centraal. Van camembert tot brie.<\/a> Samen leren ze je alles: van de tools die je nodig hebt en alle stappen: van het verzuren en stremmen tot het koken, rijpen en beschimmelen. Koop de ingredi\u00ebnten in het passende camembert starterspakket. Gezellig en leerzaam!<\/p>\n","protected":false},"excerpt":{"rendered":"<p>Maak je eigen camembert of andere witschimmelkaas met onze alles-in-\u00e9\u00e9n starterspakket. Voor minimaal 10 kg kaas. Volg de bijbehorende workshop en het stappenplan, leuk \u00e9n gemakkelijk! Nu <strong>inclusief<\/strong> gratis online workshop \u2018maak je eigen witschimmelkaas\u2019, met Meneer Wateetons en Nils Koster!<\/p>\n","protected":false},"featured_media":14957,"comment_status":"open","ping_status":"closed","template":"","meta":{"_acf_changed":false,"footnotes":""},"product_brand":[],"product_cat":[376,532],"product_tag":[],"class_list":{"0":"post-12533","1":"product","2":"type-product","3":"status-publish","4":"has-post-thumbnail","6":"product_cat-fermentatie-starterkits-nl","7":"product_cat-starterspakketten","8":"product_shipping_class-klein-pakket-nl","10":"first","11":"instock","12":"sale","13":"taxable","14":"shipping-taxable","15":"purchasable","16":"product-type-woosb"},"acf":[],"yoast_head":"<!-- This site is optimized with the Yoast SEO plugin v26.6 - https:\/\/yoast.com\/wordpress\/plugins\/seo\/ -->\n<title>Camembert starterspakket om thuis te maken | starterculturen.nl<\/title>\n<meta name=\"description\" content=\"Maak je eigen brie, camembert of andere witschimmelkaas met onze alles-in-\u00e9\u00e9n camembert starterspakket. Leuk \u00e9n gemakkelijk!\" \/>\n<meta name=\"robots\" content=\"index, follow, max-snippet:-1, max-image-preview:large, max-video-preview:-1\" \/>\n<link rel=\"canonical\" href=\"https:\/\/startercultures.eu\/nl\/product\/starterkits-nl\/fermentatie-starterkits-nl\/alles-in-een-zelf-camembert-maken-starterspakket\/\" \/>\n<meta property=\"og:locale\" content=\"nl_NL\" \/>\n<meta property=\"og:type\" content=\"article\" \/>\n<meta property=\"og:title\" content=\"Camembert starterspakket om thuis te maken | starterculturen.nl\" \/>\n<meta property=\"og:description\" content=\"Maak je eigen brie, camembert of andere witschimmelkaas met onze alles-in-\u00e9\u00e9n camembert starterspakket. Leuk \u00e9n gemakkelijk!\" \/>\n<meta property=\"og:url\" content=\"https:\/\/startercultures.eu\/nl\/product\/starterkits-nl\/fermentatie-starterkits-nl\/alles-in-een-zelf-camembert-maken-starterspakket\/\" \/>\n<meta property=\"og:site_name\" content=\"Startercultures.eu\" \/>\n<meta property=\"article:publisher\" content=\"https:\/\/www.facebook.com\/startercultureseu\" \/>\n<meta property=\"article:modified_time\" content=\"2025-12-07T07:05:38+00:00\" \/>\n<meta property=\"og:image\" content=\"https:\/\/startercultures.eu\/wp-content\/uploads\/2021\/03\/Camembert-starter-pakket.png\" \/>\n\t<meta property=\"og:image:width\" content=\"1200\" \/>\n\t<meta property=\"og:image:height\" content=\"889\" \/>\n\t<meta property=\"og:image:type\" content=\"image\/png\" \/>\n<meta name=\"twitter:card\" content=\"summary_large_image\" \/>\n<meta name=\"twitter:label1\" content=\"Price\" \/>\n\t<meta name=\"twitter:data1\" content=\"&euro;95,33\" \/>\n\t<meta name=\"twitter:label2\" content=\"Availability\" \/>\n\t<meta name=\"twitter:data2\" content=\"Op voorraad\" \/>\n<script type=\"application\/ld+json\" class=\"yoast-schema-graph\">{\"@context\":\"https:\/\/schema.org\",\"@graph\":[{\"@type\":\"WebPage\",\"@id\":\"https:\/\/startercultures.eu\/nl\/product\/starterkits-nl\/fermentatie-starterkits-nl\/alles-in-een-zelf-camembert-maken-starterspakket\/\",\"url\":\"https:\/\/startercultures.eu\/nl\/product\/starterkits-nl\/fermentatie-starterkits-nl\/alles-in-een-zelf-camembert-maken-starterspakket\/\",\"name\":\"Camembert starterspakket om thuis te maken | starterculturen.nl\",\"isPartOf\":{\"@id\":\"https:\/\/startercultures.eu\/nl\/#website\"},\"primaryImageOfPage\":{\"@id\":\"https:\/\/startercultures.eu\/nl\/product\/starterkits-nl\/fermentatie-starterkits-nl\/alles-in-een-zelf-camembert-maken-starterspakket\/#primaryimage\"},\"image\":{\"@id\":\"https:\/\/startercultures.eu\/nl\/product\/starterkits-nl\/fermentatie-starterkits-nl\/alles-in-een-zelf-camembert-maken-starterspakket\/#primaryimage\"},\"thumbnailUrl\":\"https:\/\/startercultures.eu\/wp-content\/uploads\/2021\/03\/Camembert-starter-pakket.png\",\"datePublished\":\"2021-03-18T10:06:40+00:00\",\"dateModified\":\"2025-12-07T07:05:38+00:00\",\"description\":\"Maak je eigen brie, camembert of andere witschimmelkaas met onze alles-in-\u00e9\u00e9n camembert starterspakket. Leuk \u00e9n gemakkelijk!\",\"breadcrumb\":{\"@id\":\"https:\/\/startercultures.eu\/nl\/product\/starterkits-nl\/fermentatie-starterkits-nl\/alles-in-een-zelf-camembert-maken-starterspakket\/#breadcrumb\"},\"inLanguage\":\"nl-NL\",\"potentialAction\":[{\"@type\":\"ReadAction\",\"target\":[\"https:\/\/startercultures.eu\/nl\/product\/starterkits-nl\/fermentatie-starterkits-nl\/alles-in-een-zelf-camembert-maken-starterspakket\/\"]}]},{\"@type\":\"ImageObject\",\"inLanguage\":\"nl-NL\",\"@id\":\"https:\/\/startercultures.eu\/nl\/product\/starterkits-nl\/fermentatie-starterkits-nl\/alles-in-een-zelf-camembert-maken-starterspakket\/#primaryimage\",\"url\":\"https:\/\/startercultures.eu\/wp-content\/uploads\/2021\/03\/Camembert-starter-pakket.png\",\"contentUrl\":\"https:\/\/startercultures.eu\/wp-content\/uploads\/2021\/03\/Camembert-starter-pakket.png\",\"width\":1200,\"height\":889,\"caption\":\"Camembert starter kit\"},{\"@type\":\"BreadcrumbList\",\"@id\":\"https:\/\/startercultures.eu\/nl\/product\/starterkits-nl\/fermentatie-starterkits-nl\/alles-in-een-zelf-camembert-maken-starterspakket\/#breadcrumb\",\"itemListElement\":[{\"@type\":\"ListItem\",\"position\":1,\"name\":\"Home\",\"item\":\"https:\/\/startercultures.eu\/nl\/\"},{\"@type\":\"ListItem\",\"position\":2,\"name\":\"Winkel\",\"item\":\"https:\/\/startercultures.eu\/nl\/winkel\/\"},{\"@type\":\"ListItem\",\"position\":3,\"name\":\"Alles in \u00e9\u00e9n &#8216;zelf camembert maken&#8217; &#8211; starterspakket\"}]},{\"@type\":\"WebSite\",\"@id\":\"https:\/\/startercultures.eu\/nl\/#website\",\"url\":\"https:\/\/startercultures.eu\/nl\/\",\"name\":\"Startercultures.eu\",\"description\":\"Startercultures.eu\",\"publisher\":{\"@id\":\"https:\/\/startercultures.eu\/nl\/#organization\"},\"potentialAction\":[{\"@type\":\"SearchAction\",\"target\":{\"@type\":\"EntryPoint\",\"urlTemplate\":\"https:\/\/startercultures.eu\/nl\/?s={search_term_string}\"},\"query-input\":{\"@type\":\"PropertyValueSpecification\",\"valueRequired\":true,\"valueName\":\"search_term_string\"}}],\"inLanguage\":\"nl-NL\"},{\"@type\":\"Organization\",\"@id\":\"https:\/\/startercultures.eu\/nl\/#organization\",\"name\":\"Startercultures.eu\",\"url\":\"https:\/\/startercultures.eu\/nl\/\",\"logo\":{\"@type\":\"ImageObject\",\"inLanguage\":\"nl-NL\",\"@id\":\"https:\/\/startercultures.eu\/nl\/#\/schema\/logo\/image\/\",\"url\":\"https:\/\/startercultures.eu\/wp-content\/uploads\/2020\/08\/startercultures-eu-nl-logo-rond-rgb.png\",\"contentUrl\":\"https:\/\/startercultures.eu\/wp-content\/uploads\/2020\/08\/startercultures-eu-nl-logo-rond-rgb.png\",\"width\":320,\"height\":320,\"caption\":\"Startercultures.eu\"},\"image\":{\"@id\":\"https:\/\/startercultures.eu\/nl\/#\/schema\/logo\/image\/\"},\"sameAs\":[\"https:\/\/www.facebook.com\/startercultureseu\",\"https:\/\/www.instagram.com\/startercultures.eu\/\"]}]}<\/script>\n<meta property=\"product:price:amount\" content=\"95.33\" \/>\n<meta property=\"product:price:currency\" content=\"EUR\" \/>\n<meta property=\"og:availability\" content=\"instock\" \/>\n<meta property=\"product:availability\" content=\"instock\" \/>\n<meta property=\"product:retailer_item_id\" content=\"191\" \/>\n<meta property=\"product:condition\" content=\"new\" \/>\n<!-- \/ Yoast SEO plugin. -->","yoast_head_json":{"title":"Camembert starterspakket om thuis te maken | starterculturen.nl","description":"Maak je eigen brie, camembert of andere witschimmelkaas met onze alles-in-\u00e9\u00e9n camembert starterspakket. Leuk \u00e9n gemakkelijk!","robots":{"index":"index","follow":"follow","max-snippet":"max-snippet:-1","max-image-preview":"max-image-preview:large","max-video-preview":"max-video-preview:-1"},"canonical":"https:\/\/startercultures.eu\/nl\/product\/starterkits-nl\/fermentatie-starterkits-nl\/alles-in-een-zelf-camembert-maken-starterspakket\/","og_locale":"nl_NL","og_type":"article","og_title":"Camembert starterspakket om thuis te maken | starterculturen.nl","og_description":"Maak je eigen brie, camembert of andere witschimmelkaas met onze alles-in-\u00e9\u00e9n camembert starterspakket. Leuk \u00e9n gemakkelijk!","og_url":"https:\/\/startercultures.eu\/nl\/product\/starterkits-nl\/fermentatie-starterkits-nl\/alles-in-een-zelf-camembert-maken-starterspakket\/","og_site_name":"Startercultures.eu","article_publisher":"https:\/\/www.facebook.com\/startercultureseu","article_modified_time":"2025-12-07T07:05:38+00:00","og_image":[{"width":1200,"height":889,"url":"https:\/\/startercultures.eu\/wp-content\/uploads\/2021\/03\/Camembert-starter-pakket.png","type":"image\/png"}],"twitter_card":"summary_large_image","twitter_misc":{"Price":"&euro;95,33","Availability":"Op voorraad"},"schema":{"@context":"https:\/\/schema.org","@graph":[{"@type":"WebPage","@id":"https:\/\/startercultures.eu\/nl\/product\/starterkits-nl\/fermentatie-starterkits-nl\/alles-in-een-zelf-camembert-maken-starterspakket\/","url":"https:\/\/startercultures.eu\/nl\/product\/starterkits-nl\/fermentatie-starterkits-nl\/alles-in-een-zelf-camembert-maken-starterspakket\/","name":"Camembert starterspakket om thuis te maken | starterculturen.nl","isPartOf":{"@id":"https:\/\/startercultures.eu\/nl\/#website"},"primaryImageOfPage":{"@id":"https:\/\/startercultures.eu\/nl\/product\/starterkits-nl\/fermentatie-starterkits-nl\/alles-in-een-zelf-camembert-maken-starterspakket\/#primaryimage"},"image":{"@id":"https:\/\/startercultures.eu\/nl\/product\/starterkits-nl\/fermentatie-starterkits-nl\/alles-in-een-zelf-camembert-maken-starterspakket\/#primaryimage"},"thumbnailUrl":"https:\/\/startercultures.eu\/wp-content\/uploads\/2021\/03\/Camembert-starter-pakket.png","datePublished":"2021-03-18T10:06:40+00:00","dateModified":"2025-12-07T07:05:38+00:00","description":"Maak je eigen brie, camembert of andere witschimmelkaas met onze alles-in-\u00e9\u00e9n camembert starterspakket. Leuk \u00e9n gemakkelijk!","breadcrumb":{"@id":"https:\/\/startercultures.eu\/nl\/product\/starterkits-nl\/fermentatie-starterkits-nl\/alles-in-een-zelf-camembert-maken-starterspakket\/#breadcrumb"},"inLanguage":"nl-NL","potentialAction":[{"@type":"ReadAction","target":["https:\/\/startercultures.eu\/nl\/product\/starterkits-nl\/fermentatie-starterkits-nl\/alles-in-een-zelf-camembert-maken-starterspakket\/"]}]},{"@type":"ImageObject","inLanguage":"nl-NL","@id":"https:\/\/startercultures.eu\/nl\/product\/starterkits-nl\/fermentatie-starterkits-nl\/alles-in-een-zelf-camembert-maken-starterspakket\/#primaryimage","url":"https:\/\/startercultures.eu\/wp-content\/uploads\/2021\/03\/Camembert-starter-pakket.png","contentUrl":"https:\/\/startercultures.eu\/wp-content\/uploads\/2021\/03\/Camembert-starter-pakket.png","width":1200,"height":889,"caption":"Camembert starter kit"},{"@type":"BreadcrumbList","@id":"https:\/\/startercultures.eu\/nl\/product\/starterkits-nl\/fermentatie-starterkits-nl\/alles-in-een-zelf-camembert-maken-starterspakket\/#breadcrumb","itemListElement":[{"@type":"ListItem","position":1,"name":"Home","item":"https:\/\/startercultures.eu\/nl\/"},{"@type":"ListItem","position":2,"name":"Winkel","item":"https:\/\/startercultures.eu\/nl\/winkel\/"},{"@type":"ListItem","position":3,"name":"Alles in \u00e9\u00e9n &#8216;zelf camembert maken&#8217; &#8211; starterspakket"}]},{"@type":"WebSite","@id":"https:\/\/startercultures.eu\/nl\/#website","url":"https:\/\/startercultures.eu\/nl\/","name":"Startercultures.eu","description":"Startercultures.eu","publisher":{"@id":"https:\/\/startercultures.eu\/nl\/#organization"},"potentialAction":[{"@type":"SearchAction","target":{"@type":"EntryPoint","urlTemplate":"https:\/\/startercultures.eu\/nl\/?s={search_term_string}"},"query-input":{"@type":"PropertyValueSpecification","valueRequired":true,"valueName":"search_term_string"}}],"inLanguage":"nl-NL"},{"@type":"Organization","@id":"https:\/\/startercultures.eu\/nl\/#organization","name":"Startercultures.eu","url":"https:\/\/startercultures.eu\/nl\/","logo":{"@type":"ImageObject","inLanguage":"nl-NL","@id":"https:\/\/startercultures.eu\/nl\/#\/schema\/logo\/image\/","url":"https:\/\/startercultures.eu\/wp-content\/uploads\/2020\/08\/startercultures-eu-nl-logo-rond-rgb.png","contentUrl":"https:\/\/startercultures.eu\/wp-content\/uploads\/2020\/08\/startercultures-eu-nl-logo-rond-rgb.png","width":320,"height":320,"caption":"Startercultures.eu"},"image":{"@id":"https:\/\/startercultures.eu\/nl\/#\/schema\/logo\/image\/"},"sameAs":["https:\/\/www.facebook.com\/startercultureseu","https:\/\/www.instagram.com\/startercultures.eu\/"]}]},"product_price_amount":"95.33","product_price_currency":"EUR","og_availability":"instock","product_availability":"instock","product_retailer_item_id":"191","product_condition":"new"},"_links":{"self":[{"href":"https:\/\/startercultures.eu\/nl\/wp-json\/wp\/v2\/product\/12533","targetHints":{"allow":["GET"]}}],"collection":[{"href":"https:\/\/startercultures.eu\/nl\/wp-json\/wp\/v2\/product"}],"about":[{"href":"https:\/\/startercultures.eu\/nl\/wp-json\/wp\/v2\/types\/product"}],"replies":[{"embeddable":true,"href":"https:\/\/startercultures.eu\/nl\/wp-json\/wp\/v2\/comments?post=12533"}],"version-history":[{"count":1,"href":"https:\/\/startercultures.eu\/nl\/wp-json\/wp\/v2\/product\/12533\/revisions"}],"predecessor-version":[{"id":68711,"href":"https:\/\/startercultures.eu\/nl\/wp-json\/wp\/v2\/product\/12533\/revisions\/68711"}],"wp:featuredmedia":[{"embeddable":true,"href":"https:\/\/startercultures.eu\/nl\/wp-json\/wp\/v2\/media\/14957"}],"wp:attachment":[{"href":"https:\/\/startercultures.eu\/nl\/wp-json\/wp\/v2\/media?parent=12533"}],"wp:term":[{"taxonomy":"product_brand","embeddable":true,"href":"https:\/\/startercultures.eu\/nl\/wp-json\/wp\/v2\/product_brand?post=12533"},{"taxonomy":"product_cat","embeddable":true,"href":"https:\/\/startercultures.eu\/nl\/wp-json\/wp\/v2\/product_cat?post=12533"},{"taxonomy":"product_tag","embeddable":true,"href":"https:\/\/startercultures.eu\/nl\/wp-json\/wp\/v2\/product_tag?post=12533"}],"curies":[{"name":"wp","href":"https:\/\/api.w.org\/{rel}","templated":true}]}}