{"id":12536,"date":"2021-03-18T10:30:26","date_gmt":"2021-03-18T10:30:26","guid":{"rendered":"https:\/\/startercultures.eu\/product\/niet-gecategoriseerd\/compleet-alles-in-een-kaas-maak-starterspakket\/"},"modified":"2025-12-07T08:05:38","modified_gmt":"2025-12-07T07:05:38","slug":"compleet-alles-in-een-kaas-maak-starterspakket","status":"publish","type":"product","link":"https:\/\/startercultures.eu\/nl\/product\/fermentation-nl\/zuivel-ook-vegan-nl\/kaas-nl\/starterspakketten\/compleet-alles-in-een-kaas-maak-starterspakket\/","title":{"rendered":"Meest complete zelf kaas maken starterspakket (met gratis kaasworkshop!)"},"content":{"rendered":"<p>Met deze complete kaasmaakset maak je thuis de lekkerste kaas ! Nu met gratis online kaasworkshop naar keuze!<\/p>\n<p>De <em>Cheese-inator, <\/em>onze meest complete zelf kaasmaak set bevat alle ingredi\u00ebnten die je nodig hebt om nagenoeg \u00e1lle verschillende soorten kaas te maken, waaronder blauw, wit, geperst en roodflora&#8230; Van zacht tot hard, van koe tot geit, met deze supercomplete zelf kaas maken starterset maak je ze allemaal. Het enige wat je nog nodig hebt is melk en een beetje geduld.<\/p>\n<p>Genoeg voor honderden kilo&#8217;s kaas.<\/p>\n<p>Nu <strong>inclusief<\/strong> gratis online kaasworkshop naar keuze! (Code ontvang je na aanschaf en dan kun je zelf een keuze maken).<\/p>\n<p>Zelf kaas maken is eenvoudig en leuk om te doen. Met dit zelf kaas maken pakket kun je eindeloos experimenteren verschillende smaken en texturen, en je creativiteit de vrije loop laten. Maak een smeu\u00efge brie voor op toast, een romige camembert om te dippen, of een oude Goudse om te raspen over je favoriete gerechten. Het enige wat je hoeft te doen is deze <em>Cheesinator<\/em> kaas maken set bestellen en je bent klaar om jouw kaasliefde naar een hoger niveau te tillen!<\/p>\n<p>Bovendien is deze zelf kaas maken set ook een fantastisch cadeau voor vrienden en familie die van kaas houden. Het is een geweldige manier om samen plezier te hebben en nieuwe dingen te ontdekken. En het beste van alles: je hebt altijd verse, zelfgemaakte kaas in huis om van te genieten!<\/p>\n<h3>Inhoud van dit alles in \u00e9\u00e9n kaas maken starterspakket<\/h3>\n<ul>\n<li>Primaire startercultuur voor zachte en harde kazen<\/li>\n<li>Penicillium candidum &#8211; witte kaasschimmel<\/li>\n<li>Geotrichum candidium &#8211; witte kaasschimmel<\/li>\n<li>Brevibacterium Linens &#8211; voor rode gewassen korstkazen<\/li>\n<li>Penicillium roqueforti &#8211; voor blauwe kazen<\/li>\n<li>Calciumchloride (nodig voor gepasteuriseerde melk)<\/li>\n<li>2 kleine zachte kaasvormpjes<\/li>\n<li>2 grote multifunctionele mallen<\/li>\n<li>Kaascoating<\/li>\n<li>Borstel voor kaascoating<\/li>\n<li>5 set kaasdoeken<\/li>\n<li>2 kaasmatjes<\/li>\n<\/ul>\n<h3>Hoe maak je zelf kaas?<\/h3>\n<p>Omdat je na het kopen van deze complete\u00a0<em>Cheesinator<\/em> starterset kaas maken \u00e1lle kazen kunt maken, is het onmogelijk om je hier \u00e9\u00e9n recept te geven. Daarom krijg je bij dit zelf kaas maken starterpakket een <strong>gratis<\/strong> kaasmaak workshop naar keuze. Maar er zijn uitstekende bronnen online, zoals de recepten van <a href=\"https:\/\/cheesemaking.com\/collections\/recipes\" target=\"_blank\" rel=\"noopener\">Cheesemaking.com<\/a>. Ook in <a href=\"https:\/\/startercultures.eu\/nl\/product\/boeken\/over-rot-2-0-2019-het-geactualiseerde-handboek-fermenteren-nl\/\" target=\"_blank\" rel=\"noopener\">Over Rot<\/a> en het boek <a href=\"https:\/\/partner.bol.com\/click\/click?p=2&amp;t=url&amp;s=1923&amp;f=TXL&amp;url=https%3A%2F%2Fwww.bol.com%2Fnl%2Fp%2Fkaas-uit-eigen-keuken%2F9200000101809475%2F&amp;name=Kaas%20uit%20eigen%20keuken%2C%20Nils%20Koster\" target=\"_blank\" rel=\"noopener\">Kaas uit Eigen Keuken<\/a> vind je veel goede recepten.<\/p>\n<h3 data-fontsize=\"21\" data-lineheight=\"27.3px\">Kaas maken starterspakket kopen?<\/h3>\n<p>Je bestelt het <span data-sheets-value=\"{&quot;1&quot;:2,&quot;2&quot;:&quot;kaas maken starterspakket&quot;}\" data-sheets-userformat=\"{&quot;2&quot;:44029,&quot;3&quot;:{&quot;1&quot;:0},&quot;5&quot;:{&quot;1&quot;:[{&quot;1&quot;:2,&quot;2&quot;:0,&quot;5&quot;:{&quot;1&quot;:2,&quot;2&quot;:0}},{&quot;1&quot;:0,&quot;2&quot;:0,&quot;3&quot;:3},{&quot;1&quot;:1,&quot;2&quot;:0,&quot;4&quot;:1}]},&quot;6&quot;:{&quot;1&quot;:[{&quot;1&quot;:2,&quot;2&quot;:0,&quot;5&quot;:{&quot;1&quot;:2,&quot;2&quot;:0}},{&quot;1&quot;:0,&quot;2&quot;:0,&quot;3&quot;:3},{&quot;1&quot;:1,&quot;2&quot;:0,&quot;4&quot;:1}]},&quot;7&quot;:{&quot;1&quot;:[{&quot;1&quot;:2,&quot;2&quot;:0,&quot;5&quot;:{&quot;1&quot;:2,&quot;2&quot;:0}},{&quot;1&quot;:0,&quot;2&quot;:0,&quot;3&quot;:3},{&quot;1&quot;:1,&quot;2&quot;:0,&quot;4&quot;:1}]},&quot;8&quot;:{&quot;1&quot;:[{&quot;1&quot;:2,&quot;2&quot;:0,&quot;5&quot;:{&quot;1&quot;:2,&quot;2&quot;:0}},{&quot;1&quot;:0,&quot;2&quot;:0,&quot;3&quot;:3},{&quot;1&quot;:1,&quot;2&quot;:0,&quot;4&quot;:1}]},&quot;9&quot;:0,&quot;10&quot;:0,&quot;11&quot;:4,&quot;12&quot;:0,&quot;14&quot;:{&quot;1&quot;:3,&quot;3&quot;:1},&quot;16&quot;:9,&quot;18&quot;:1}\">kaas maken starterspakket<\/span> bij starterculturen.nl, d\u00e9 webwinkel voor al je tempeh, koji en tofu. Van Meneer Wateetons de auteur van de standaardwerken <a href=\"https:\/\/www.starterculturen.nl\/a-52122580\/boeken\/over-rot-2015-het-handboek-fermenteren\/\" target=\"_blank\" rel=\"noopener noreferrer\">Over Rot (2015)<\/a> en<a href=\"https:\/\/startercultures.eu\/nl\/product\/boeken\/over-inpakken-2020-nl\/\" target=\"_blank\" rel=\"noopener\"> Over Inpakken (2020)<\/a>. Op werkdagen voor 15:00 besteld, dezelfde dag verzonden.\u00a0 Vragen over het gebruik van het <span data-sheets-value=\"{&quot;1&quot;:2,&quot;2&quot;:&quot;kaas maken starterspakket&quot;}\" data-sheets-userformat=\"{&quot;2&quot;:44029,&quot;3&quot;:{&quot;1&quot;:0},&quot;5&quot;:{&quot;1&quot;:[{&quot;1&quot;:2,&quot;2&quot;:0,&quot;5&quot;:{&quot;1&quot;:2,&quot;2&quot;:0}},{&quot;1&quot;:0,&quot;2&quot;:0,&quot;3&quot;:3},{&quot;1&quot;:1,&quot;2&quot;:0,&quot;4&quot;:1}]},&quot;6&quot;:{&quot;1&quot;:[{&quot;1&quot;:2,&quot;2&quot;:0,&quot;5&quot;:{&quot;1&quot;:2,&quot;2&quot;:0}},{&quot;1&quot;:0,&quot;2&quot;:0,&quot;3&quot;:3},{&quot;1&quot;:1,&quot;2&quot;:0,&quot;4&quot;:1}]},&quot;7&quot;:{&quot;1&quot;:[{&quot;1&quot;:2,&quot;2&quot;:0,&quot;5&quot;:{&quot;1&quot;:2,&quot;2&quot;:0}},{&quot;1&quot;:0,&quot;2&quot;:0,&quot;3&quot;:3},{&quot;1&quot;:1,&quot;2&quot;:0,&quot;4&quot;:1}]},&quot;8&quot;:{&quot;1&quot;:[{&quot;1&quot;:2,&quot;2&quot;:0,&quot;5&quot;:{&quot;1&quot;:2,&quot;2&quot;:0}},{&quot;1&quot;:0,&quot;2&quot;:0,&quot;3&quot;:3},{&quot;1&quot;:1,&quot;2&quot;:0,&quot;4&quot;:1}]},&quot;9&quot;:0,&quot;10&quot;:0,&quot;11&quot;:4,&quot;12&quot;:0,&quot;14&quot;:{&quot;1&quot;:3,&quot;3&quot;:1},&quot;16&quot;:9,&quot;18&quot;:1}\">kaas maken starterspakket<\/span>? Stel ze via de chatfunctie. We komen er altijd uit.<\/p>\n<h3>Nu met gratis kaas workshop naar keuze<\/h3>\n<p><img decoding=\"async\" class=\"lazyload wp-image-19382 alignright\" src=\"https:\/\/startercultures.eu\/wp-content\/uploads\/2022\/01\/maak-je-eigen-Goudse-kaas-300x300.png\" data-orig-src=\"https:\/\/startercultures.eu\/wp-content\/uploads\/2022\/01\/maak-je-eigen-Goudse-kaas-300x300.png\" alt=\"maak je eigen Goudse kaas\" width=\"116\" height=\"116\" srcset=\"data:image\/svg+xml,%3Csvg%20xmlns%3D%27http%3A%2F%2Fwww.w3.org%2F2000%2Fsvg%27%20width%3D%27116%27%20height%3D%27116%27%20viewBox%3D%270%200%20116%20116%27%3E%3Crect%20width%3D%27116%27%20height%3D%27116%27%20fill-opacity%3D%220%22%2F%3E%3C%2Fsvg%3E\" data-srcset=\"https:\/\/startercultures.eu\/wp-content\/uploads\/2022\/01\/maak-je-eigen-Goudse-kaas-66x66.png 66w, https:\/\/startercultures.eu\/wp-content\/uploads\/2022\/01\/maak-je-eigen-Goudse-kaas-100x100.png 100w, https:\/\/startercultures.eu\/wp-content\/uploads\/2022\/01\/maak-je-eigen-Goudse-kaas-150x150.png 150w, https:\/\/startercultures.eu\/wp-content\/uploads\/2022\/01\/maak-je-eigen-Goudse-kaas-200x200.png 200w, https:\/\/startercultures.eu\/wp-content\/uploads\/2022\/01\/maak-je-eigen-Goudse-kaas-300x300.png 300w, https:\/\/startercultures.eu\/wp-content\/uploads\/2022\/01\/maak-je-eigen-Goudse-kaas-400x400.png 400w, https:\/\/startercultures.eu\/wp-content\/uploads\/2022\/01\/maak-je-eigen-Goudse-kaas.png 450w\" data-sizes=\"auto\" data-orig-sizes=\"(max-width: 116px) 100vw, 116px\" \/><\/p>\n<p>Leer alles over zelf kaas maken met een van de kaasworkshops van fermentatie-expert en auteur van\u00a0<a class=\"ek-link\" href=\"https:\/\/startercultures.eu\/nl\/product\/boeken\/over-rot-2-0-2019-het-geactualiseerde-handboek-fermenteren-nl\/\" target=\"_blank\" rel=\"noreferrer noopener\" aria-label=\"Over Rot (opens in a new tab)\">Over Rot<\/a> Meneer Wateetons, samen met auteur van h\u00e9t Nederlands zelf-maak-kaasboek &#8216;<a class=\"ek-link\" href=\"https:\/\/www.zeewierkaas.nl\/product\/kaas-uit-eigen-keuken\/\" target=\"_blank\" rel=\"noreferrer noopener\" aria-label=\"Kaas uit Eigen Keuken (opens in a new tab)\">Kaas uit Eigen Keuken<\/a>&#8216; Nils Koster.\u00a0 Je kunt kiezen uit een workshop Goudse kaas, blauwschimmelkaas, witschimmelkaas of roodflorakaas. De link naar de workshop naar keuze ontvang je in de mail na aanschaf.<\/p>\n","protected":false},"excerpt":{"rendered":"<p>Maak elke kaas! <strong>Nu met gratis online kaasworkshop naar keuze!<\/strong> Blauw, wit, geperst en roodflora&#8230; Je maakt ze allemaal met The Cheese-inator, ons meest complete alles-in-\u00e9\u00e9n zelf kaas maken starterspakket. Genoeg voor tientallen kilo&#8217;s kaas.<\/p>\n","protected":false},"featured_media":19515,"comment_status":"open","ping_status":"closed","template":"","meta":{"_acf_changed":false,"footnotes":""},"product_brand":[],"product_cat":[376,532],"product_tag":[],"class_list":{"0":"post-12536","1":"product","2":"type-product","3":"status-publish","4":"has-post-thumbnail","6":"product_cat-fermentatie-starterkits-nl","7":"product_cat-starterspakketten","8":"product_shipping_class-klein-pakket-nl","10":"first","11":"instock","12":"sale","13":"taxable","14":"shipping-taxable","15":"purchasable","16":"product-type-woosb"},"acf":[],"yoast_head":"<!-- This site is optimized with the Yoast SEO plugin v26.6 - https:\/\/yoast.com\/wordpress\/plugins\/seo\/ -->\n<title>Zelf kaas maken pakket + gratis kaasworkshop | Starterculturen<\/title>\n<meta name=\"description\" content=\"In dit complete kaaspakket van Startercultures zitten alle hulpmiddelen om zelf je kaas te maken. Nu met gratis online kaasworkshop naar keuze.\" \/>\n<meta name=\"robots\" content=\"index, follow, max-snippet:-1, max-image-preview:large, max-video-preview:-1\" \/>\n<link rel=\"canonical\" href=\"https:\/\/startercultures.eu\/nl\/product\/fermentation-nl\/zuivel-ook-vegan-nl\/kaas-nl\/starterspakketten\/compleet-alles-in-een-kaas-maak-starterspakket\/\" \/>\n<meta property=\"og:locale\" content=\"nl_NL\" \/>\n<meta property=\"og:type\" content=\"article\" \/>\n<meta property=\"og:title\" content=\"Zelf kaas maken pakket + gratis kaasworkshop | Starterculturen\" \/>\n<meta property=\"og:description\" content=\"In dit complete kaaspakket van Startercultures zitten alle hulpmiddelen om zelf je kaas te maken. Nu met gratis online kaasworkshop naar keuze.\" \/>\n<meta property=\"og:url\" content=\"https:\/\/startercultures.eu\/nl\/product\/fermentation-nl\/zuivel-ook-vegan-nl\/kaas-nl\/starterspakketten\/compleet-alles-in-een-kaas-maak-starterspakket\/\" \/>\n<meta property=\"og:site_name\" content=\"Startercultures.eu\" \/>\n<meta property=\"article:publisher\" content=\"https:\/\/www.facebook.com\/startercultureseu\" \/>\n<meta property=\"article:modified_time\" content=\"2025-12-07T07:05:38+00:00\" \/>\n<meta property=\"og:image\" content=\"https:\/\/startercultures.eu\/wp-content\/uploads\/2021\/03\/cheesinator.png\" \/>\n\t<meta property=\"og:image:width\" content=\"524\" \/>\n\t<meta property=\"og:image:height\" content=\"476\" \/>\n\t<meta property=\"og:image:type\" content=\"image\/png\" \/>\n<meta name=\"twitter:card\" content=\"summary_large_image\" \/>\n<meta name=\"twitter:label1\" content=\"Price\" \/>\n\t<meta name=\"twitter:data1\" content=\"&euro;204,17\" \/>\n\t<meta name=\"twitter:label2\" content=\"Availability\" \/>\n\t<meta name=\"twitter:data2\" content=\"Op voorraad\" \/>\n<script type=\"application\/ld+json\" class=\"yoast-schema-graph\">{\"@context\":\"https:\/\/schema.org\",\"@graph\":[{\"@type\":\"WebPage\",\"@id\":\"https:\/\/startercultures.eu\/nl\/product\/fermentation-nl\/zuivel-ook-vegan-nl\/kaas-nl\/starterspakketten\/compleet-alles-in-een-kaas-maak-starterspakket\/\",\"url\":\"https:\/\/startercultures.eu\/nl\/product\/fermentation-nl\/zuivel-ook-vegan-nl\/kaas-nl\/starterspakketten\/compleet-alles-in-een-kaas-maak-starterspakket\/\",\"name\":\"Zelf kaas maken pakket + gratis kaasworkshop | Starterculturen\",\"isPartOf\":{\"@id\":\"https:\/\/startercultures.eu\/nl\/#website\"},\"primaryImageOfPage\":{\"@id\":\"https:\/\/startercultures.eu\/nl\/product\/fermentation-nl\/zuivel-ook-vegan-nl\/kaas-nl\/starterspakketten\/compleet-alles-in-een-kaas-maak-starterspakket\/#primaryimage\"},\"image\":{\"@id\":\"https:\/\/startercultures.eu\/nl\/product\/fermentation-nl\/zuivel-ook-vegan-nl\/kaas-nl\/starterspakketten\/compleet-alles-in-een-kaas-maak-starterspakket\/#primaryimage\"},\"thumbnailUrl\":\"https:\/\/startercultures.eu\/wp-content\/uploads\/2021\/03\/cheesinator.png\",\"datePublished\":\"2021-03-18T10:30:26+00:00\",\"dateModified\":\"2025-12-07T07:05:38+00:00\",\"description\":\"In dit complete kaaspakket van Startercultures zitten alle hulpmiddelen om zelf je kaas te maken. Nu met gratis online kaasworkshop naar keuze.\",\"breadcrumb\":{\"@id\":\"https:\/\/startercultures.eu\/nl\/product\/fermentation-nl\/zuivel-ook-vegan-nl\/kaas-nl\/starterspakketten\/compleet-alles-in-een-kaas-maak-starterspakket\/#breadcrumb\"},\"inLanguage\":\"nl-NL\",\"potentialAction\":[{\"@type\":\"ReadAction\",\"target\":[\"https:\/\/startercultures.eu\/nl\/product\/fermentation-nl\/zuivel-ook-vegan-nl\/kaas-nl\/starterspakketten\/compleet-alles-in-een-kaas-maak-starterspakket\/\"]}]},{\"@type\":\"ImageObject\",\"inLanguage\":\"nl-NL\",\"@id\":\"https:\/\/startercultures.eu\/nl\/product\/fermentation-nl\/zuivel-ook-vegan-nl\/kaas-nl\/starterspakketten\/compleet-alles-in-een-kaas-maak-starterspakket\/#primaryimage\",\"url\":\"https:\/\/startercultures.eu\/wp-content\/uploads\/2021\/03\/cheesinator.png\",\"contentUrl\":\"https:\/\/startercultures.eu\/wp-content\/uploads\/2021\/03\/cheesinator.png\",\"width\":524,\"height\":476,\"caption\":\"kaas maken starterspakket\"},{\"@type\":\"BreadcrumbList\",\"@id\":\"https:\/\/startercultures.eu\/nl\/product\/fermentation-nl\/zuivel-ook-vegan-nl\/kaas-nl\/starterspakketten\/compleet-alles-in-een-kaas-maak-starterspakket\/#breadcrumb\",\"itemListElement\":[{\"@type\":\"ListItem\",\"position\":1,\"name\":\"Home\",\"item\":\"https:\/\/startercultures.eu\/nl\/\"},{\"@type\":\"ListItem\",\"position\":2,\"name\":\"Winkel\",\"item\":\"https:\/\/startercultures.eu\/nl\/winkel\/\"},{\"@type\":\"ListItem\",\"position\":3,\"name\":\"Meest complete zelf kaas maken starterspakket (met gratis kaasworkshop!)\"}]},{\"@type\":\"WebSite\",\"@id\":\"https:\/\/startercultures.eu\/nl\/#website\",\"url\":\"https:\/\/startercultures.eu\/nl\/\",\"name\":\"Startercultures.eu\",\"description\":\"Startercultures.eu\",\"publisher\":{\"@id\":\"https:\/\/startercultures.eu\/nl\/#organization\"},\"potentialAction\":[{\"@type\":\"SearchAction\",\"target\":{\"@type\":\"EntryPoint\",\"urlTemplate\":\"https:\/\/startercultures.eu\/nl\/?s={search_term_string}\"},\"query-input\":{\"@type\":\"PropertyValueSpecification\",\"valueRequired\":true,\"valueName\":\"search_term_string\"}}],\"inLanguage\":\"nl-NL\"},{\"@type\":\"Organization\",\"@id\":\"https:\/\/startercultures.eu\/nl\/#organization\",\"name\":\"Startercultures.eu\",\"url\":\"https:\/\/startercultures.eu\/nl\/\",\"logo\":{\"@type\":\"ImageObject\",\"inLanguage\":\"nl-NL\",\"@id\":\"https:\/\/startercultures.eu\/nl\/#\/schema\/logo\/image\/\",\"url\":\"https:\/\/startercultures.eu\/wp-content\/uploads\/2020\/08\/startercultures-eu-nl-logo-rond-rgb.png\",\"contentUrl\":\"https:\/\/startercultures.eu\/wp-content\/uploads\/2020\/08\/startercultures-eu-nl-logo-rond-rgb.png\",\"width\":320,\"height\":320,\"caption\":\"Startercultures.eu\"},\"image\":{\"@id\":\"https:\/\/startercultures.eu\/nl\/#\/schema\/logo\/image\/\"},\"sameAs\":[\"https:\/\/www.facebook.com\/startercultureseu\",\"https:\/\/www.instagram.com\/startercultures.eu\/\"]}]}<\/script>\n<meta property=\"product:price:amount\" content=\"204.17\" \/>\n<meta property=\"product:price:currency\" content=\"EUR\" \/>\n<meta property=\"og:availability\" content=\"instock\" \/>\n<meta property=\"product:availability\" content=\"instock\" \/>\n<meta property=\"product:retailer_item_id\" content=\"211\" \/>\n<meta property=\"product:condition\" content=\"new\" \/>\n<!-- \/ Yoast SEO plugin. -->","yoast_head_json":{"title":"Zelf kaas maken pakket + gratis kaasworkshop | Starterculturen","description":"In dit complete kaaspakket van Startercultures zitten alle hulpmiddelen om zelf je kaas te maken. Nu met gratis online kaasworkshop naar keuze.","robots":{"index":"index","follow":"follow","max-snippet":"max-snippet:-1","max-image-preview":"max-image-preview:large","max-video-preview":"max-video-preview:-1"},"canonical":"https:\/\/startercultures.eu\/nl\/product\/fermentation-nl\/zuivel-ook-vegan-nl\/kaas-nl\/starterspakketten\/compleet-alles-in-een-kaas-maak-starterspakket\/","og_locale":"nl_NL","og_type":"article","og_title":"Zelf kaas maken pakket + gratis kaasworkshop | Starterculturen","og_description":"In dit complete kaaspakket van Startercultures zitten alle hulpmiddelen om zelf je kaas te maken. Nu met gratis online kaasworkshop naar keuze.","og_url":"https:\/\/startercultures.eu\/nl\/product\/fermentation-nl\/zuivel-ook-vegan-nl\/kaas-nl\/starterspakketten\/compleet-alles-in-een-kaas-maak-starterspakket\/","og_site_name":"Startercultures.eu","article_publisher":"https:\/\/www.facebook.com\/startercultureseu","article_modified_time":"2025-12-07T07:05:38+00:00","og_image":[{"width":524,"height":476,"url":"https:\/\/startercultures.eu\/wp-content\/uploads\/2021\/03\/cheesinator.png","type":"image\/png"}],"twitter_card":"summary_large_image","twitter_misc":{"Price":"&euro;204,17","Availability":"Op voorraad"},"schema":{"@context":"https:\/\/schema.org","@graph":[{"@type":"WebPage","@id":"https:\/\/startercultures.eu\/nl\/product\/fermentation-nl\/zuivel-ook-vegan-nl\/kaas-nl\/starterspakketten\/compleet-alles-in-een-kaas-maak-starterspakket\/","url":"https:\/\/startercultures.eu\/nl\/product\/fermentation-nl\/zuivel-ook-vegan-nl\/kaas-nl\/starterspakketten\/compleet-alles-in-een-kaas-maak-starterspakket\/","name":"Zelf kaas maken pakket + gratis kaasworkshop | Starterculturen","isPartOf":{"@id":"https:\/\/startercultures.eu\/nl\/#website"},"primaryImageOfPage":{"@id":"https:\/\/startercultures.eu\/nl\/product\/fermentation-nl\/zuivel-ook-vegan-nl\/kaas-nl\/starterspakketten\/compleet-alles-in-een-kaas-maak-starterspakket\/#primaryimage"},"image":{"@id":"https:\/\/startercultures.eu\/nl\/product\/fermentation-nl\/zuivel-ook-vegan-nl\/kaas-nl\/starterspakketten\/compleet-alles-in-een-kaas-maak-starterspakket\/#primaryimage"},"thumbnailUrl":"https:\/\/startercultures.eu\/wp-content\/uploads\/2021\/03\/cheesinator.png","datePublished":"2021-03-18T10:30:26+00:00","dateModified":"2025-12-07T07:05:38+00:00","description":"In dit complete kaaspakket van Startercultures zitten alle hulpmiddelen om zelf je kaas te maken. Nu met gratis online kaasworkshop naar keuze.","breadcrumb":{"@id":"https:\/\/startercultures.eu\/nl\/product\/fermentation-nl\/zuivel-ook-vegan-nl\/kaas-nl\/starterspakketten\/compleet-alles-in-een-kaas-maak-starterspakket\/#breadcrumb"},"inLanguage":"nl-NL","potentialAction":[{"@type":"ReadAction","target":["https:\/\/startercultures.eu\/nl\/product\/fermentation-nl\/zuivel-ook-vegan-nl\/kaas-nl\/starterspakketten\/compleet-alles-in-een-kaas-maak-starterspakket\/"]}]},{"@type":"ImageObject","inLanguage":"nl-NL","@id":"https:\/\/startercultures.eu\/nl\/product\/fermentation-nl\/zuivel-ook-vegan-nl\/kaas-nl\/starterspakketten\/compleet-alles-in-een-kaas-maak-starterspakket\/#primaryimage","url":"https:\/\/startercultures.eu\/wp-content\/uploads\/2021\/03\/cheesinator.png","contentUrl":"https:\/\/startercultures.eu\/wp-content\/uploads\/2021\/03\/cheesinator.png","width":524,"height":476,"caption":"kaas maken starterspakket"},{"@type":"BreadcrumbList","@id":"https:\/\/startercultures.eu\/nl\/product\/fermentation-nl\/zuivel-ook-vegan-nl\/kaas-nl\/starterspakketten\/compleet-alles-in-een-kaas-maak-starterspakket\/#breadcrumb","itemListElement":[{"@type":"ListItem","position":1,"name":"Home","item":"https:\/\/startercultures.eu\/nl\/"},{"@type":"ListItem","position":2,"name":"Winkel","item":"https:\/\/startercultures.eu\/nl\/winkel\/"},{"@type":"ListItem","position":3,"name":"Meest complete zelf kaas maken starterspakket (met gratis kaasworkshop!)"}]},{"@type":"WebSite","@id":"https:\/\/startercultures.eu\/nl\/#website","url":"https:\/\/startercultures.eu\/nl\/","name":"Startercultures.eu","description":"Startercultures.eu","publisher":{"@id":"https:\/\/startercultures.eu\/nl\/#organization"},"potentialAction":[{"@type":"SearchAction","target":{"@type":"EntryPoint","urlTemplate":"https:\/\/startercultures.eu\/nl\/?s={search_term_string}"},"query-input":{"@type":"PropertyValueSpecification","valueRequired":true,"valueName":"search_term_string"}}],"inLanguage":"nl-NL"},{"@type":"Organization","@id":"https:\/\/startercultures.eu\/nl\/#organization","name":"Startercultures.eu","url":"https:\/\/startercultures.eu\/nl\/","logo":{"@type":"ImageObject","inLanguage":"nl-NL","@id":"https:\/\/startercultures.eu\/nl\/#\/schema\/logo\/image\/","url":"https:\/\/startercultures.eu\/wp-content\/uploads\/2020\/08\/startercultures-eu-nl-logo-rond-rgb.png","contentUrl":"https:\/\/startercultures.eu\/wp-content\/uploads\/2020\/08\/startercultures-eu-nl-logo-rond-rgb.png","width":320,"height":320,"caption":"Startercultures.eu"},"image":{"@id":"https:\/\/startercultures.eu\/nl\/#\/schema\/logo\/image\/"},"sameAs":["https:\/\/www.facebook.com\/startercultureseu","https:\/\/www.instagram.com\/startercultures.eu\/"]}]},"product_price_amount":"204.17","product_price_currency":"EUR","og_availability":"instock","product_availability":"instock","product_retailer_item_id":"211","product_condition":"new"},"_links":{"self":[{"href":"https:\/\/startercultures.eu\/nl\/wp-json\/wp\/v2\/product\/12536","targetHints":{"allow":["GET"]}}],"collection":[{"href":"https:\/\/startercultures.eu\/nl\/wp-json\/wp\/v2\/product"}],"about":[{"href":"https:\/\/startercultures.eu\/nl\/wp-json\/wp\/v2\/types\/product"}],"replies":[{"embeddable":true,"href":"https:\/\/startercultures.eu\/nl\/wp-json\/wp\/v2\/comments?post=12536"}],"version-history":[{"count":0,"href":"https:\/\/startercultures.eu\/nl\/wp-json\/wp\/v2\/product\/12536\/revisions"}],"wp:featuredmedia":[{"embeddable":true,"href":"https:\/\/startercultures.eu\/nl\/wp-json\/wp\/v2\/media\/19515"}],"wp:attachment":[{"href":"https:\/\/startercultures.eu\/nl\/wp-json\/wp\/v2\/media?parent=12536"}],"wp:term":[{"taxonomy":"product_brand","embeddable":true,"href":"https:\/\/startercultures.eu\/nl\/wp-json\/wp\/v2\/product_brand?post=12536"},{"taxonomy":"product_cat","embeddable":true,"href":"https:\/\/startercultures.eu\/nl\/wp-json\/wp\/v2\/product_cat?post=12536"},{"taxonomy":"product_tag","embeddable":true,"href":"https:\/\/startercultures.eu\/nl\/wp-json\/wp\/v2\/product_tag?post=12536"}],"curies":[{"name":"wp","href":"https:\/\/api.w.org\/{rel}","templated":true}]}}