{"id":13240,"date":"2021-04-30T17:12:19","date_gmt":"2021-04-30T17:12:19","guid":{"rendered":"https:\/\/startercultures.eu\/?post_type=product&#038;p=13240"},"modified":"2026-02-17T09:53:04","modified_gmt":"2026-02-17T08:53:04","slug":"alpine-cheese-starter-culture-en","status":"publish","type":"product","link":"https:\/\/startercultures.eu\/nl\/product\/fermentation-nl\/zuivel-ook-vegan-nl\/kaas-nl\/kaas-starters-nl\/alpine-cheese-starter-culture-en\/","title":{"rendered":"Alpenkaas startercultuur &#8211; EM | voor zelf Alpenkazen maken"},"content":{"rendered":"<p>Deze <span data-sheets-value=\"{&quot;1&quot;:2,&quot;2&quot;:&quot;Alpenkaas startercultuur&quot;}\" data-sheets-userformat=\"{&quot;2&quot;:15359,&quot;3&quot;:{&quot;1&quot;:0},&quot;4&quot;:{&quot;1&quot;:2,&quot;2&quot;:16750848},&quot;5&quot;:{&quot;1&quot;:[{&quot;1&quot;:2,&quot;2&quot;:0,&quot;5&quot;:{&quot;1&quot;:2,&quot;2&quot;:0}},{&quot;1&quot;:0,&quot;2&quot;:0,&quot;3&quot;:3},{&quot;1&quot;:1,&quot;2&quot;:0,&quot;4&quot;:1}]},&quot;6&quot;:{&quot;1&quot;:[{&quot;1&quot;:2,&quot;2&quot;:0,&quot;5&quot;:{&quot;1&quot;:2,&quot;2&quot;:0}},{&quot;1&quot;:0,&quot;2&quot;:0,&quot;3&quot;:3},{&quot;1&quot;:1,&quot;2&quot;:0,&quot;4&quot;:1}]},&quot;7&quot;:{&quot;1&quot;:[{&quot;1&quot;:2,&quot;2&quot;:0,&quot;5&quot;:{&quot;1&quot;:2,&quot;2&quot;:0}},{&quot;1&quot;:0,&quot;2&quot;:0,&quot;3&quot;:3},{&quot;1&quot;:1,&quot;2&quot;:0,&quot;4&quot;:1}]},&quot;8&quot;:{&quot;1&quot;:[{&quot;1&quot;:2,&quot;2&quot;:0,&quot;5&quot;:{&quot;1&quot;:2,&quot;2&quot;:0}},{&quot;1&quot;:0,&quot;2&quot;:0,&quot;3&quot;:3},{&quot;1&quot;:1,&quot;2&quot;:0,&quot;4&quot;:1}]},&quot;9&quot;:0,&quot;10&quot;:0,&quot;11&quot;:4,&quot;12&quot;:0,&quot;14&quot;:{&quot;1&quot;:3,&quot;3&quot;:1},&quot;15&quot;:&quot;Arial&quot;,&quot;16&quot;:9}\">Alpenkaas startercultuur <\/span>is bijzonder geschikt voor alpenkazen. Alpen kazen zijn (half) harde kazen met een uitgesproken karakter uit de Alpen. Hun onderscheidende karakter vindt haar oorsprong in de eeuwenoude cultuur van <a href=\"https:\/\/nl.wikipedia.org\/wiki\/Transhumance_in_de_Alpen\" target=\"_blank\" rel=\"noopener\">alpentranshumance<\/a> waarbij men het vee laat grazen op de hoge weides gedurende de zomer, en waarvan de kaas vervolgens met de koeien in de winter naar de valleien wordt vervoerd.<\/p>\n<p>Originele Alpenkazen zijn Emmentaler, Gruy\u00e8re en Appenzeller, evenals de Franse Beaufort en Comt\u00e9 (uit het Juragebergte, vlakbij de Alpen). Alpenkazen worden overal nagemaakt, zo zijn Leerdammer en Maasdammer Nederlandse varianten van Alpenkazen, en gecombineerd met onze <a href=\"https:\/\/startercultures.eu\/nl\/product\/zuivel-ook-vegan-nl\/kaas-nl\/kaas-starters-nl\/gasvormende-startercultuur-propionibacterium-shermanii\/\" target=\"_blank\" rel=\"noopener\">Propionibacterium shermanii<\/a> krijg je de typische gatenkaas. De populariteit van Zwitserse kazen zoals Gruy\u00e8re is niet van gisteren: de Romeinse keizer <a href=\"https:\/\/nl.wikipedia.org\/wiki\/Antoninus_Pius\" target=\"_blank\" rel=\"noopener\">Antonius Pius<\/a> stierf door er te veel van te eten: &#8220;<em>cum Alpinum caseum in cena edisset avidius<\/em>&#8220;.<\/p>\n<h3>Wat is een startercultuur voor kaas?<\/h3>\n<p>Voor een goede fermentatie (verzuring en smaakvorming) heb je een kaasstartercultuur of zuursel nodig.<\/p>\n<p>Kaasculturen worden voornamelijk gemaakt van melkzuurbacteri\u00ebn, hoewel er ook andere bacteri\u00ebn en gisten bij betrokken kunnen zijn. Bij het zelf maken van kaas is de belangrijkste rol van starterculturen de productie van melkzuur uit lactose met een voorspelbare en gecontroleerde snelheid. Het is de daaruit voortvloeiende verlaging van de pH die vervolgens een aantal aspecten van het kaasmaakproces en uiteindelijk de smaak en -kwaliteit be\u00efnvloedt.<\/p>\n<p>Een startercultuur of zuursel produceert zelf geen blauwe of witte schimmel. Lees meer over kaasmaken op het <a href=\"https:\/\/zelfkaasmaken.forum2go.nl\/\" target=\"_blank\" rel=\"noopener\">zelf kaas maken forum<\/a>.<\/p>\n<h3>Onze Alpenkaas startercultuur<\/h3>\n<p>Geconcentreerde, gevriesdroogde startercultuur met melkzuurbacteri\u00ebn die je direct aan melk toevoegd, ideaal voor het maken van kazen van koeien- en geitenmelk, zoals Emmentaler, Gruy\u00e8re, Leerdammer &amp; Grev\u00e9<strong>.<\/strong><\/p>\n<h3>Inhoud<\/h3>\n<ul>\n<li>10 gram starterculturen, genoeg voor ongeveer 100L melk<\/li>\n<li>De startercultuur is volledig natuurlijk zonder conserveermiddelen, toevoegingen, kunstmatige kleur- of smaakstoffen. Het bevat geen GMO-ingredi\u00ebnten en is glutenvrij.<\/li>\n<li>Geproduceerd in Polen<\/li>\n<li>Inhoud: kaas starterculturen (zuursel)<\/li>\n<li>Allergenen: melk<\/li>\n<li>Niet geschikt voor vegan kaas, maar bekijk onze <a href=\"https:\/\/startercultures.eu\/nl\/product-category\/zuivel-ook-vegan-nl\/vegan-kaas-nl\/\" target=\"_blank\" rel=\"noopener\">grote selectie vegan culturen<\/a>.<\/li>\n<\/ul>\n<h3>Micro-organismen in deze Alpenkaas startercultuur<\/h3>\n<p><em>Lactococcus lactis subsp. lactis<\/em><br \/>\n<em>Lactococcus lactis subsp. cremoris<\/em><br \/>\n<em>Streptococcus salivarius subsp. thermophilus<\/em><br \/>\n<em>Lactobacillus helveticus<\/em><br \/>\n<em>Lactobacillus delbrueckii subsp. lactis<\/em><\/p>\n<h3>Kenmerken<\/h3>\n<ul>\n<li>Optimale temperatuur voor groei: 32 &#8211; 35 \u00b0C<\/li>\n<li>Maximale verwarmingstemperatuur: 44 \u00b0 C<\/li>\n<li>Gasproductie: &#8211;<\/li>\n<li>Proteolytische activiteit: ++++<\/li>\n<li>Fermenterende activiteit: +++<\/li>\n<\/ul>\n<h3>Combineer deze kaasstartcultuur met:<\/h3>\n<p>Deze cultuur kan op zichzelf worden gebruikt. Gecombineerd met onze <a href=\"https:\/\/startercultures.eu\/nl\/product\/zuivel-ook-vegan-nl\/kaas-nl\/kaas-starters-nl\/gasvormende-startercultuur-propionibacterium-shermanii\/\" target=\"_blank\" rel=\"noopener\">Propionibacterium shermanii <\/a>krijg je de grote gaten in de kaas.<\/p>\n<h3>Op zoek naar veganistische kaasculturen?<\/h3>\n<p>Deze vorm bevat melk. Als je veganistische kaas wilt maken, bekijk dan onze grote selectie <a href=\"https:\/\/startercultures.eu\/nl\/product-category\/zuivel-ook-vegan-nl\/vegan-kaas-nl\/\" target=\"_blank\" rel=\"noopener\">veganistische kaasculturen<\/a>.<\/p>\n<h3>Bewaarinstructies Alpenkaas startercultuur<\/h3>\n<p>In de koelkast of vriezer. De houdbaarheid is ongeveer 1,5 jaar in de vriezer of 12 maanden bij + 5\u00baC.<\/p>\n<h3>Hoe gebruik je deze cultuur?<\/h3>\n<p>Deze cultuur kan direct aan de melk worden toegevoegd.<\/p>\n<h3 data-fontsize=\"21\" data-lineheight=\"27.3px\">Alpenkaas startercultuur kopen?<\/h3>\n<p>Je bestelt de Alpenkaas startercultuur bij starterculturen.nl, d\u00e9 webwinkel voor al je tempeh, koji en tofu. Van Meneer Wateetons de auteur van de standaardwerken <a href=\"https:\/\/www.starterculturen.nl\/a-52122580\/boeken\/over-rot-2015-het-handboek-fermenteren\/\" target=\"_blank\" rel=\"noopener noreferrer\">Over Rot (2015)<\/a> en<a href=\"https:\/\/startercultures.eu\/nl\/product\/boeken\/over-inpakken-2020-nl\/\" target=\"_blank\" rel=\"noopener\"> Over Inpakken (2020)<\/a>. Op werkdagen voor 15:00 besteld, dezelfde dag verzonden.\u00a0 Vragen over het gebruik van de Alpenkaas startercultuur? Stel ze via de chatfunctie. We komen er altijd uit.<\/p>\n<h3>Online on demand workshop \u2018maak je eigen yoghurt en andere gefermenteerde zuivel\u2019<\/h3>\n<p>Leer alles over zelf yoghurt en andere gefermenteerde zuivel maken in deze <a href=\"https:\/\/startercultures.eu\/nl\/product\/online-workshops-nl\/on-demand-workshop-maak-je-eigen-yoghurt-en-andere-gefermenteerde-zuivel\/\" target=\"_blank\" rel=\"noopener\">live online workshop<\/a> van fermentatie-expert en auteur van\u00a0<a class=\"ek-link\" href=\"https:\/\/startercultures.eu\/nl\/product\/boeken\/over-rot-2-0-2019-het-geactualiseerde-handboek-fermenteren-nl\/\" target=\"_blank\" rel=\"noreferrer noopener\" aria-label=\"Over Rot (opens in a new tab)\">Over Rot<\/a> Meneer Wateetons. Kijk <a href=\"https:\/\/startercultures.eu\/nl\/product\/online-workshops-nl\/on-demand-workshop-maak-je-eigen-yoghurt-en-andere-gefermenteerde-zuivel\/\" target=\"_blank\" rel=\"noopener\">hier<\/a> voor meer info.<\/p>\n","protected":false},"excerpt":{"rendered":"<p>Deze alpenkaas startercultuur is geschikt voor halfharde en harde kazen. Deze Zwitserse kazen zijn (half) harde kazen met een uitgesproken karakter, zoals Emmentaler, Gruy\u00e8re en Appenzeller, maar ook de Franse Beaufort en Comt\u00e9 (uit het Juragebergte, vlakbij de Alpen). Leerdammer of Maasdammer zijn Nederlandse varianten van Alpenkazen, en gecombineerd met onze Propionibacterium shermanii krijg je de grote gaten in de kazen.<\/p>\n<p>&nbsp;<\/p>\n","protected":false},"featured_media":14918,"comment_status":"open","ping_status":"closed","template":"","meta":{"_acf_changed":false,"footnotes":""},"product_brand":[],"product_cat":[436],"product_tag":[],"class_list":{"0":"post-13240","1":"product","2":"type-product","3":"status-publish","4":"has-post-thumbnail","6":"product_cat-kaas-starters-nl","7":"pa_ean-8720297621246-nl-2","9":"first","10":"instock","11":"taxable","12":"shipping-taxable","13":"purchasable","14":"product-type-simple"},"acf":[],"yoast_head":"<!-- This site is optimized with the Yoast SEO plugin v26.6 - https:\/\/yoast.com\/wordpress\/plugins\/seo\/ -->\n<title>Alpenkaas startercultuur voor zelf Alpenkaas maken | starterculturen.nl<\/title>\n<meta name=\"description\" content=\"Deze Alpenkaas startercultuur is geschikt voor halfharde en harde kazen. Maak je eigen Emmental, Gruy\u00e8re of Appenzeller! Snel en gemakkelijk!\" \/>\n<meta name=\"robots\" content=\"index, follow, max-snippet:-1, max-image-preview:large, max-video-preview:-1\" \/>\n<link rel=\"canonical\" href=\"https:\/\/startercultures.eu\/nl\/product\/fermentation-nl\/zuivel-ook-vegan-nl\/kaas-nl\/kaas-starters-nl\/alpine-cheese-starter-culture-en\/\" \/>\n<meta property=\"og:locale\" content=\"nl_NL\" \/>\n<meta property=\"og:type\" content=\"article\" \/>\n<meta property=\"og:title\" content=\"Alpenkaas startercultuur voor zelf Alpenkaas maken | starterculturen.nl\" \/>\n<meta property=\"og:description\" content=\"Deze Alpenkaas startercultuur is geschikt voor halfharde en harde kazen. Maak je eigen Emmental, Gruy\u00e8re of Appenzeller! Snel en gemakkelijk!\" \/>\n<meta property=\"og:url\" content=\"https:\/\/startercultures.eu\/nl\/product\/fermentation-nl\/zuivel-ook-vegan-nl\/kaas-nl\/kaas-starters-nl\/alpine-cheese-starter-culture-en\/\" \/>\n<meta property=\"og:site_name\" content=\"Startercultures.eu\" \/>\n<meta property=\"article:publisher\" content=\"https:\/\/www.facebook.com\/startercultureseu\" \/>\n<meta property=\"article:modified_time\" content=\"2026-02-17T08:53:04+00:00\" \/>\n<meta property=\"og:image\" content=\"https:\/\/startercultures.eu\/wp-content\/uploads\/2021\/04\/Cheese-starter-culture-EM.png\" \/>\n\t<meta property=\"og:image:width\" content=\"1296\" \/>\n\t<meta property=\"og:image:height\" content=\"1303\" \/>\n\t<meta property=\"og:image:type\" content=\"image\/png\" \/>\n<meta name=\"twitter:card\" content=\"summary_large_image\" \/>\n<meta name=\"twitter:label1\" content=\"Price\" \/>\n\t<meta name=\"twitter:data1\" content=\"&euro;12,99\" \/>\n\t<meta name=\"twitter:label2\" content=\"Availability\" \/>\n\t<meta name=\"twitter:data2\" content=\"Op voorraad\" \/>\n<script type=\"application\/ld+json\" class=\"yoast-schema-graph\">{\"@context\":\"https:\/\/schema.org\",\"@graph\":[{\"@type\":\"WebPage\",\"@id\":\"https:\/\/startercultures.eu\/nl\/product\/fermentation-nl\/zuivel-ook-vegan-nl\/kaas-nl\/kaas-starters-nl\/alpine-cheese-starter-culture-en\/\",\"url\":\"https:\/\/startercultures.eu\/nl\/product\/fermentation-nl\/zuivel-ook-vegan-nl\/kaas-nl\/kaas-starters-nl\/alpine-cheese-starter-culture-en\/\",\"name\":\"Alpenkaas startercultuur voor zelf Alpenkaas maken | starterculturen.nl\",\"isPartOf\":{\"@id\":\"https:\/\/startercultures.eu\/nl\/#website\"},\"primaryImageOfPage\":{\"@id\":\"https:\/\/startercultures.eu\/nl\/product\/fermentation-nl\/zuivel-ook-vegan-nl\/kaas-nl\/kaas-starters-nl\/alpine-cheese-starter-culture-en\/#primaryimage\"},\"image\":{\"@id\":\"https:\/\/startercultures.eu\/nl\/product\/fermentation-nl\/zuivel-ook-vegan-nl\/kaas-nl\/kaas-starters-nl\/alpine-cheese-starter-culture-en\/#primaryimage\"},\"thumbnailUrl\":\"https:\/\/startercultures.eu\/wp-content\/uploads\/2021\/04\/Cheese-starter-culture-EM.png\",\"datePublished\":\"2021-04-30T17:12:19+00:00\",\"dateModified\":\"2026-02-17T08:53:04+00:00\",\"description\":\"Deze Alpenkaas startercultuur is geschikt voor halfharde en harde kazen. Maak je eigen Emmental, Gruy\u00e8re of Appenzeller! Snel en gemakkelijk!\",\"breadcrumb\":{\"@id\":\"https:\/\/startercultures.eu\/nl\/product\/fermentation-nl\/zuivel-ook-vegan-nl\/kaas-nl\/kaas-starters-nl\/alpine-cheese-starter-culture-en\/#breadcrumb\"},\"inLanguage\":\"nl-NL\",\"potentialAction\":[{\"@type\":\"ReadAction\",\"target\":[\"https:\/\/startercultures.eu\/nl\/product\/fermentation-nl\/zuivel-ook-vegan-nl\/kaas-nl\/kaas-starters-nl\/alpine-cheese-starter-culture-en\/\"]}]},{\"@type\":\"ImageObject\",\"inLanguage\":\"nl-NL\",\"@id\":\"https:\/\/startercultures.eu\/nl\/product\/fermentation-nl\/zuivel-ook-vegan-nl\/kaas-nl\/kaas-starters-nl\/alpine-cheese-starter-culture-en\/#primaryimage\",\"url\":\"https:\/\/startercultures.eu\/wp-content\/uploads\/2021\/04\/Cheese-starter-culture-EM.png\",\"contentUrl\":\"https:\/\/startercultures.eu\/wp-content\/uploads\/2021\/04\/Cheese-starter-culture-EM.png\",\"width\":1296,\"height\":1303,\"caption\":\"Alpine Cheese starter culture EM\"},{\"@type\":\"BreadcrumbList\",\"@id\":\"https:\/\/startercultures.eu\/nl\/product\/fermentation-nl\/zuivel-ook-vegan-nl\/kaas-nl\/kaas-starters-nl\/alpine-cheese-starter-culture-en\/#breadcrumb\",\"itemListElement\":[{\"@type\":\"ListItem\",\"position\":1,\"name\":\"Home\",\"item\":\"https:\/\/startercultures.eu\/nl\/\"},{\"@type\":\"ListItem\",\"position\":2,\"name\":\"Winkel\",\"item\":\"https:\/\/startercultures.eu\/nl\/winkel\/\"},{\"@type\":\"ListItem\",\"position\":3,\"name\":\"Alpenkaas startercultuur &#8211; EM | voor zelf Alpenkazen maken\"}]},{\"@type\":\"WebSite\",\"@id\":\"https:\/\/startercultures.eu\/nl\/#website\",\"url\":\"https:\/\/startercultures.eu\/nl\/\",\"name\":\"Startercultures.eu\",\"description\":\"Startercultures.eu\",\"publisher\":{\"@id\":\"https:\/\/startercultures.eu\/nl\/#organization\"},\"potentialAction\":[{\"@type\":\"SearchAction\",\"target\":{\"@type\":\"EntryPoint\",\"urlTemplate\":\"https:\/\/startercultures.eu\/nl\/?s={search_term_string}\"},\"query-input\":{\"@type\":\"PropertyValueSpecification\",\"valueRequired\":true,\"valueName\":\"search_term_string\"}}],\"inLanguage\":\"nl-NL\"},{\"@type\":\"Organization\",\"@id\":\"https:\/\/startercultures.eu\/nl\/#organization\",\"name\":\"Startercultures.eu\",\"url\":\"https:\/\/startercultures.eu\/nl\/\",\"logo\":{\"@type\":\"ImageObject\",\"inLanguage\":\"nl-NL\",\"@id\":\"https:\/\/startercultures.eu\/nl\/#\/schema\/logo\/image\/\",\"url\":\"https:\/\/startercultures.eu\/wp-content\/uploads\/2020\/08\/startercultures-eu-nl-logo-rond-rgb.png\",\"contentUrl\":\"https:\/\/startercultures.eu\/wp-content\/uploads\/2020\/08\/startercultures-eu-nl-logo-rond-rgb.png\",\"width\":320,\"height\":320,\"caption\":\"Startercultures.eu\"},\"image\":{\"@id\":\"https:\/\/startercultures.eu\/nl\/#\/schema\/logo\/image\/\"},\"sameAs\":[\"https:\/\/www.facebook.com\/startercultureseu\",\"https:\/\/www.instagram.com\/startercultures.eu\/\"]}]}<\/script>\n<meta property=\"product:price:amount\" content=\"12.99\" \/>\n<meta property=\"product:price:currency\" content=\"EUR\" \/>\n<meta property=\"og:availability\" content=\"instock\" \/>\n<meta property=\"product:availability\" content=\"instock\" \/>\n<meta property=\"product:retailer_item_id\" content=\"197\" \/>\n<meta property=\"product:condition\" content=\"new\" \/>\n<!-- \/ Yoast SEO plugin. -->","yoast_head_json":{"title":"Alpenkaas startercultuur voor zelf Alpenkaas maken | starterculturen.nl","description":"Deze Alpenkaas startercultuur is geschikt voor halfharde en harde kazen. Maak je eigen Emmental, Gruy\u00e8re of Appenzeller! Snel en gemakkelijk!","robots":{"index":"index","follow":"follow","max-snippet":"max-snippet:-1","max-image-preview":"max-image-preview:large","max-video-preview":"max-video-preview:-1"},"canonical":"https:\/\/startercultures.eu\/nl\/product\/fermentation-nl\/zuivel-ook-vegan-nl\/kaas-nl\/kaas-starters-nl\/alpine-cheese-starter-culture-en\/","og_locale":"nl_NL","og_type":"article","og_title":"Alpenkaas startercultuur voor zelf Alpenkaas maken | starterculturen.nl","og_description":"Deze Alpenkaas startercultuur is geschikt voor halfharde en harde kazen. Maak je eigen Emmental, Gruy\u00e8re of Appenzeller! Snel en gemakkelijk!","og_url":"https:\/\/startercultures.eu\/nl\/product\/fermentation-nl\/zuivel-ook-vegan-nl\/kaas-nl\/kaas-starters-nl\/alpine-cheese-starter-culture-en\/","og_site_name":"Startercultures.eu","article_publisher":"https:\/\/www.facebook.com\/startercultureseu","article_modified_time":"2026-02-17T08:53:04+00:00","og_image":[{"width":1296,"height":1303,"url":"https:\/\/startercultures.eu\/wp-content\/uploads\/2021\/04\/Cheese-starter-culture-EM.png","type":"image\/png"}],"twitter_card":"summary_large_image","twitter_misc":{"Price":"&euro;12,99","Availability":"Op voorraad"},"schema":{"@context":"https:\/\/schema.org","@graph":[{"@type":"WebPage","@id":"https:\/\/startercultures.eu\/nl\/product\/fermentation-nl\/zuivel-ook-vegan-nl\/kaas-nl\/kaas-starters-nl\/alpine-cheese-starter-culture-en\/","url":"https:\/\/startercultures.eu\/nl\/product\/fermentation-nl\/zuivel-ook-vegan-nl\/kaas-nl\/kaas-starters-nl\/alpine-cheese-starter-culture-en\/","name":"Alpenkaas startercultuur voor zelf Alpenkaas maken | starterculturen.nl","isPartOf":{"@id":"https:\/\/startercultures.eu\/nl\/#website"},"primaryImageOfPage":{"@id":"https:\/\/startercultures.eu\/nl\/product\/fermentation-nl\/zuivel-ook-vegan-nl\/kaas-nl\/kaas-starters-nl\/alpine-cheese-starter-culture-en\/#primaryimage"},"image":{"@id":"https:\/\/startercultures.eu\/nl\/product\/fermentation-nl\/zuivel-ook-vegan-nl\/kaas-nl\/kaas-starters-nl\/alpine-cheese-starter-culture-en\/#primaryimage"},"thumbnailUrl":"https:\/\/startercultures.eu\/wp-content\/uploads\/2021\/04\/Cheese-starter-culture-EM.png","datePublished":"2021-04-30T17:12:19+00:00","dateModified":"2026-02-17T08:53:04+00:00","description":"Deze Alpenkaas startercultuur is geschikt voor halfharde en harde kazen. Maak je eigen Emmental, Gruy\u00e8re of Appenzeller! Snel en gemakkelijk!","breadcrumb":{"@id":"https:\/\/startercultures.eu\/nl\/product\/fermentation-nl\/zuivel-ook-vegan-nl\/kaas-nl\/kaas-starters-nl\/alpine-cheese-starter-culture-en\/#breadcrumb"},"inLanguage":"nl-NL","potentialAction":[{"@type":"ReadAction","target":["https:\/\/startercultures.eu\/nl\/product\/fermentation-nl\/zuivel-ook-vegan-nl\/kaas-nl\/kaas-starters-nl\/alpine-cheese-starter-culture-en\/"]}]},{"@type":"ImageObject","inLanguage":"nl-NL","@id":"https:\/\/startercultures.eu\/nl\/product\/fermentation-nl\/zuivel-ook-vegan-nl\/kaas-nl\/kaas-starters-nl\/alpine-cheese-starter-culture-en\/#primaryimage","url":"https:\/\/startercultures.eu\/wp-content\/uploads\/2021\/04\/Cheese-starter-culture-EM.png","contentUrl":"https:\/\/startercultures.eu\/wp-content\/uploads\/2021\/04\/Cheese-starter-culture-EM.png","width":1296,"height":1303,"caption":"Alpine Cheese starter culture EM"},{"@type":"BreadcrumbList","@id":"https:\/\/startercultures.eu\/nl\/product\/fermentation-nl\/zuivel-ook-vegan-nl\/kaas-nl\/kaas-starters-nl\/alpine-cheese-starter-culture-en\/#breadcrumb","itemListElement":[{"@type":"ListItem","position":1,"name":"Home","item":"https:\/\/startercultures.eu\/nl\/"},{"@type":"ListItem","position":2,"name":"Winkel","item":"https:\/\/startercultures.eu\/nl\/winkel\/"},{"@type":"ListItem","position":3,"name":"Alpenkaas startercultuur &#8211; EM | voor zelf Alpenkazen maken"}]},{"@type":"WebSite","@id":"https:\/\/startercultures.eu\/nl\/#website","url":"https:\/\/startercultures.eu\/nl\/","name":"Startercultures.eu","description":"Startercultures.eu","publisher":{"@id":"https:\/\/startercultures.eu\/nl\/#organization"},"potentialAction":[{"@type":"SearchAction","target":{"@type":"EntryPoint","urlTemplate":"https:\/\/startercultures.eu\/nl\/?s={search_term_string}"},"query-input":{"@type":"PropertyValueSpecification","valueRequired":true,"valueName":"search_term_string"}}],"inLanguage":"nl-NL"},{"@type":"Organization","@id":"https:\/\/startercultures.eu\/nl\/#organization","name":"Startercultures.eu","url":"https:\/\/startercultures.eu\/nl\/","logo":{"@type":"ImageObject","inLanguage":"nl-NL","@id":"https:\/\/startercultures.eu\/nl\/#\/schema\/logo\/image\/","url":"https:\/\/startercultures.eu\/wp-content\/uploads\/2020\/08\/startercultures-eu-nl-logo-rond-rgb.png","contentUrl":"https:\/\/startercultures.eu\/wp-content\/uploads\/2020\/08\/startercultures-eu-nl-logo-rond-rgb.png","width":320,"height":320,"caption":"Startercultures.eu"},"image":{"@id":"https:\/\/startercultures.eu\/nl\/#\/schema\/logo\/image\/"},"sameAs":["https:\/\/www.facebook.com\/startercultureseu","https:\/\/www.instagram.com\/startercultures.eu\/"]}]},"product_price_amount":"12.99","product_price_currency":"EUR","og_availability":"instock","product_availability":"instock","product_retailer_item_id":"197","product_condition":"new"},"_links":{"self":[{"href":"https:\/\/startercultures.eu\/nl\/wp-json\/wp\/v2\/product\/13240","targetHints":{"allow":["GET"]}}],"collection":[{"href":"https:\/\/startercultures.eu\/nl\/wp-json\/wp\/v2\/product"}],"about":[{"href":"https:\/\/startercultures.eu\/nl\/wp-json\/wp\/v2\/types\/product"}],"replies":[{"embeddable":true,"href":"https:\/\/startercultures.eu\/nl\/wp-json\/wp\/v2\/comments?post=13240"}],"version-history":[{"count":1,"href":"https:\/\/startercultures.eu\/nl\/wp-json\/wp\/v2\/product\/13240\/revisions"}],"predecessor-version":[{"id":47749,"href":"https:\/\/startercultures.eu\/nl\/wp-json\/wp\/v2\/product\/13240\/revisions\/47749"}],"wp:featuredmedia":[{"embeddable":true,"href":"https:\/\/startercultures.eu\/nl\/wp-json\/wp\/v2\/media\/14918"}],"wp:attachment":[{"href":"https:\/\/startercultures.eu\/nl\/wp-json\/wp\/v2\/media?parent=13240"}],"wp:term":[{"taxonomy":"product_brand","embeddable":true,"href":"https:\/\/startercultures.eu\/nl\/wp-json\/wp\/v2\/product_brand?post=13240"},{"taxonomy":"product_cat","embeddable":true,"href":"https:\/\/startercultures.eu\/nl\/wp-json\/wp\/v2\/product_cat?post=13240"},{"taxonomy":"product_tag","embeddable":true,"href":"https:\/\/startercultures.eu\/nl\/wp-json\/wp\/v2\/product_tag?post=13240"}],"curies":[{"name":"wp","href":"https:\/\/api.w.org\/{rel}","templated":true}]}}