{"id":13392,"date":"2021-05-08T07:43:40","date_gmt":"2021-05-08T07:43:40","guid":{"rendered":"https:\/\/startercultures.eu\/?post_type=product&#038;p=13392"},"modified":"2026-04-18T04:54:51","modified_gmt":"2026-04-18T02:54:51","slug":"bactoferm-safepro-flora-italia-lc-voor-droge-worst","status":"publish","type":"product","link":"https:\/\/startercultures.eu\/nl\/product\/worst-en-vleeswaren-nl\/starterculturen-n\/bioprotectieve-starterculturen-nl\/bactoferm-safepro-flora-italia-lc-voor-droge-worst\/","title":{"rendered":"Flora Italia | the &#8216;Flavor of Italy&#8217;"},"content":{"rendered":"<p>Flora Italia LC (&#8216;Flavor of Italy&#8217;) geeft de kenmerkende milde en zachte smaak van Italiaanse salami, maar met de extra voordelen van snelle verzuring \u00e9n toegevoegde bescherming tegen <em>Listeria<\/em> voor extra veiligheid en stabiliteit.<\/p>\n<h3>Wat zijn starterculturen voor droge worsten?<\/h3>\n<p>Starterculturen zijn gevriesdroogde bacteri\u00ebn die je gebruikt om je eigen droge worsten te maken, zoals chorizo, fuet, salami en talloze andere droge worsten. Ze bieden veiligheid door je vlees aan te zuren (d.w.z. de pH te verlagen) en ze geven je worsten hun kenmerkende gerijpte smaak. Je gebruikt ze altijd samen met nitrietzout, dextrose en soms nitraten. Ze zijn er grofweg in 3 varianten: snel, gemiddeld snel en langzaam. Bactoferm Safepro Flora Italia LC wordt aanbevolen voor de productie van\u00a0 gefermenteerde worsten met een snelle pH daling met behoud van typische Italiaanse &#8216;trage fermentatie&#8217; smaak.<\/p>\n<h3>Wat zijn bioprotectieve culturen<\/h3>\n<p>Bioprotectieve culturen zorgen voor extra veiligheid omdat ze micro-organismen bevatten die, naast het fermenteren van je worsten, krachtig werken tegen ziekteverwekkers. Deze culturen zijn van bijzonder handig voor de hobbymatige worstmaker die geen toegang heeft tot tools om de pH te meten of andere laboratoriumapparatuur.<\/p>\n<h3>Over Bactoferm Safepro Flora Italia LC<\/h3>\n<p>Flora Italia LC (in de VS ook wel &#8216;Flavor of Italy&#8217; genoemd) zorgt voor een snelle verzuring en een stabiele kleur met een kenmerkende mediterrane smaak. Deze cultuur geeft een zachte smaak van Italiaanse salami, maar heeft de extra voordelen van snelle verzuring voor extra veiligheid en stabiliteit. De bacteri\u00ebn in deze starter maken &#8216;bacteriocines&#8217; aan, die je kunt zien als als &#8216;antibiotica&#8217; die gevaarlijke concurrenten zoals <em>Listeria monocytogenes<\/em> aanvallen.<\/p>\n<p>Waar de meeste starters &#8216;snel&#8217; met een &#8216;platte&#8217; smaak combineren, weet Flora Italia LC &#8216;snel&#8217; met rond en vol te combineren. Een snelle pH daling betekent een snelle verzuring en dus veiligheid.<\/p>\n<h3>Microben in Bactoferm Safepro Flora Italia LC<\/h3>\n<ul>\n<li><em>Pediococcus acidilactici, Lactobacillus curvatus, Staphylococcus xylosus<\/em><\/li>\n<li>Een nieuwe <em>L. sakei<\/em> -stam die een zoetere en minder scherpe smaak geeft, typerend voor de fijne smaak van Italiaanse producten<\/li>\n<\/ul>\n<h3>Inhoud<\/h3>\n<p>25 gram<br \/>\ngeschikt voor 100 kg vlees<\/p>\n<h3>Hoe gebruik je\u00a0 Bactoferm Safepro Flora Italia LC<\/h3>\n<ul>\n<li>dosering: ca. 0,25-0,5 gram per kilo (graag een beetje overdoseren, zodat je voldoende bacteri\u00ebn hebt)<\/li>\n<li>Let op: bewaar in de vriezer, maar korte onderbrekingen van de koelcyclus hebben geen invloed op de kwaliteit. Houdbaarheid tot 18 maanden in de vriezer en 6 weken bij koelkasttemperatuur.<\/li>\n<li>Fermentatie instructie: zowel toepasbaar voor snelle fermentaties als trage fermentaties<\/li>\n<li>Reken op een snelle pH daling naar &lt;5.3 binnen 12-24 uur bij 24 graden.<\/li>\n<li>Inhoud: sucrose, startercultuur, mangaansulfaat<\/li>\n<li>Allergenen: geen<\/li>\n<\/ul>\n<h3 data-fontsize=\"21\" data-lineheight=\"27.3px\">Flora Italia kopen?<\/h3>\n<p>Je bestelt Flora Italia bij starterculturen.nl, d\u00e9 webwinkel voor al je charcuterie-, pat\u00e9- en worstingredi\u00ebnten. Van Meneer Wateetons de auteur van de standaardwerken <a href=\"https:\/\/startercultures.eu\/nl\/product-category\/boeken\/\" target=\"_blank\" rel=\"noopener noreferrer\">De Worstbijbel (2018) en Over Charcuterie (2019)<\/a>. Op werkdagen voor 15:00 besteld, dezelfde dag verzonden.\u00a0 Vragen over het gebruik van Flora Italia? Stel ze via de chatfunctie. We komen er altijd uit.<\/p>\n<h3 class=\"fusion-responsive-typography-calculated\" data-fontsize=\"21\" data-lineheight=\"27.3px\">Meer leren?<\/h3>\n<p>Lees voor je je eigen droge worst of charcuterie gaat maken <a href=\"https:\/\/startercultures.eu\/nl\/product-category\/boeken\/\" target=\"_blank\" rel=\"noopener noreferrer\">De Worstbijbel (2018) of Over Charcuterie (2019).<\/a><\/p>\n<h3>Thuis droge worsten maken: stap voor stap<\/h3>\n<p>Iedereen houdt van droge worst. Een pittige chorizo, een mooie salami of harde Drentse kosterworst, allemaal zijn ze verrukkelijk. Droge worst maken is een klassieke vlees conserveringstechniek die gebruik maakt van zout, kruiden, fermentatie en tijd om heerlijke \u00e9n lang houdbare worsten te maken die barsten van de intense smaken. <a href=\"https:\/\/startercultures.eu\/nl\/thuis-droge-worsten-maken-stap-voor-stap\/\" target=\"_blank\" rel=\"noopener\">In dit stappenplan<\/a> nemen we je mee in het proces om zelf thuis droge worst te maken. Stappen, ingredi\u00ebnten, veiligheidsmaatregelen. Alles komt langs. Inclusief een recept voor onze favoriete droge venkelworst!<\/p>\n<h3><a href=\"https:\/\/startercultures.eu\/nl\/product\/worst-en-vleeswaren-nl\/online-on-demand-workshop-maak-je-eigen-droge-worst\/\" target=\"_blank\" rel=\"noopener\"><img decoding=\"async\" class=\"lazyload wp-image-76194 alignright\" src=\"https:\/\/startercultures.eu\/wp-content\/uploads\/2020\/12\/DROGE-WORST-300x300.png\" data-orig-src=\"https:\/\/startercultures.eu\/wp-content\/uploads\/2020\/12\/DROGE-WORST-300x300.png\" alt=\"\" width=\"109\" height=\"109\" srcset=\"data:image\/svg+xml,%3Csvg%20xmlns%3D%27http%3A%2F%2Fwww.w3.org%2F2000%2Fsvg%27%20width%3D%27109%27%20height%3D%27109%27%20viewBox%3D%270%200%20109%20109%27%3E%3Crect%20width%3D%27109%27%20height%3D%27109%27%20fill-opacity%3D%220%22%2F%3E%3C%2Fsvg%3E\" data-srcset=\"https:\/\/startercultures.eu\/wp-content\/uploads\/2020\/12\/DROGE-WORST-66x66.png 66w, https:\/\/startercultures.eu\/wp-content\/uploads\/2020\/12\/DROGE-WORST-100x100.png 100w, https:\/\/startercultures.eu\/wp-content\/uploads\/2020\/12\/DROGE-WORST-150x150.png 150w, https:\/\/startercultures.eu\/wp-content\/uploads\/2020\/12\/DROGE-WORST-200x200.png 200w, https:\/\/startercultures.eu\/wp-content\/uploads\/2020\/12\/DROGE-WORST-300x300.png 300w, https:\/\/startercultures.eu\/wp-content\/uploads\/2020\/12\/DROGE-WORST-400x400.png 400w, https:\/\/startercultures.eu\/wp-content\/uploads\/2020\/12\/DROGE-WORST-500x500.png 500w, https:\/\/startercultures.eu\/wp-content\/uploads\/2020\/12\/DROGE-WORST-600x600.png 600w, https:\/\/startercultures.eu\/wp-content\/uploads\/2020\/12\/DROGE-WORST-700x700.png 700w, https:\/\/startercultures.eu\/wp-content\/uploads\/2020\/12\/DROGE-WORST-768x768.png 768w, https:\/\/startercultures.eu\/wp-content\/uploads\/2020\/12\/DROGE-WORST-800x800.png 800w, https:\/\/startercultures.eu\/wp-content\/uploads\/2020\/12\/DROGE-WORST.png 1000w\" data-sizes=\"auto\" data-orig-sizes=\"(max-width: 109px) 100vw, 109px\" \/><\/a>Online cursus &#8216;maak je eigen droge worst&#8217;<\/h3>\n<p>Verse worst maken is leuk, maar de ware uitdaging van het worstmakersvak is het cre\u00ebren van je eigen droge worst. Wat deze worsten onderscheidt van de verse braadworst is dat ze gefermenteerd\/gerijpt en in de meeste gevallen gedroogd zijn. Dat kun je in \u00e9\u00e9n avond en ook uitstekend <a href=\"https:\/\/startercultures.eu\/nl\/product\/worst-en-vleeswaren-nl\/online-on-demand-workshop-maak-je-eigen-droge-worst\/\" target=\"_blank\" rel=\"noopener\">online leren<\/a> van d\u00e9 expert op dit gebied: Meneer Wateetons, auteur van de Worstbijbel (2018). Kijk <a href=\"https:\/\/startercultures.eu\/nl\/product\/worst-en-vleeswaren-nl\/online-on-demand-workshop-maak-je-eigen-droge-worst\/\" target=\"_blank\" rel=\"noopener\">hier<\/a> voor meer info.<\/p>\n","protected":false},"excerpt":{"rendered":"<p>Flora Italia LC (&#8216;Flavor of Italy&#8217;) geeft de kenmerkende milde en zachte smaak van Italiaanse salami, maar met de extra voordelen van snelle verzuring \u00e9n toegevoegde bescherming tegen <em>Listeria<\/em> voor extra veiligheid en stabiliteit.<\/p>\n","protected":false},"featured_media":31576,"comment_status":"open","ping_status":"closed","template":"","meta":{"_acf_changed":false,"footnotes":""},"product_brand":[],"product_cat":[84,54,58],"product_tag":[],"class_list":{"0":"post-13392","1":"product","2":"type-product","3":"status-publish","4":"has-post-thumbnail","6":"product_cat-bioprotectieve-starterculturen-nl","7":"product_cat-snelle-culturen-nl","8":"product_cat-trage-culturen-nl","9":"pa_ean-8720297621253-nl","11":"first","12":"instock","13":"taxable","14":"shipping-taxable","15":"purchasable","16":"product-type-simple"},"acf":[],"yoast_head":"<!-- This site is optimized with the Yoast SEO plugin v26.6 - https:\/\/yoast.com\/wordpress\/plugins\/seo\/ -->\n<title>Flora Italia LC voor Italiaanse droge worst | Starterculturen.nl<\/title>\n<meta name=\"description\" content=\"De Flora Italia LC geeft je worst een milde en zachte smaak \u2705zorgt voor extra veiligheid en stabiliteit \u2705Vandaag besteld is dezelfde dag verzonden\" \/>\n<meta name=\"robots\" content=\"index, follow, max-snippet:-1, max-image-preview:large, max-video-preview:-1\" \/>\n<link rel=\"canonical\" href=\"https:\/\/startercultures.eu\/nl\/product\/worst-en-vleeswaren-nl\/starterculturen-n\/bioprotectieve-starterculturen-nl\/bactoferm-safepro-flora-italia-lc-voor-droge-worst\/\" \/>\n<meta property=\"og:locale\" content=\"nl_NL\" \/>\n<meta property=\"og:type\" content=\"article\" \/>\n<meta property=\"og:title\" content=\"Flora Italia LC voor Italiaanse droge worst | Starterculturen.nl\" \/>\n<meta property=\"og:description\" content=\"De Flora Italia LC geeft je worst een milde en zachte smaak \u2705zorgt voor extra veiligheid en stabiliteit \u2705Vandaag besteld is dezelfde dag verzonden\" \/>\n<meta property=\"og:url\" content=\"https:\/\/startercultures.eu\/nl\/product\/worst-en-vleeswaren-nl\/starterculturen-n\/bioprotectieve-starterculturen-nl\/bactoferm-safepro-flora-italia-lc-voor-droge-worst\/\" \/>\n<meta property=\"og:site_name\" content=\"Startercultures.eu\" \/>\n<meta property=\"article:publisher\" content=\"https:\/\/www.facebook.com\/startercultureseu\" \/>\n<meta property=\"article:modified_time\" content=\"2026-04-18T02:54:51+00:00\" \/>\n<meta property=\"og:image\" content=\"https:\/\/startercultures.eu\/wp-content\/uploads\/2021\/05\/Flora-Italia-LC.png\" \/>\n\t<meta property=\"og:image:width\" content=\"1360\" \/>\n\t<meta property=\"og:image:height\" content=\"1360\" \/>\n\t<meta property=\"og:image:type\" content=\"image\/png\" \/>\n<meta name=\"twitter:card\" content=\"summary_large_image\" \/>\n<meta name=\"twitter:label1\" content=\"Price\" \/>\n\t<meta name=\"twitter:data1\" content=\"&euro;21,99\" \/>\n\t<meta name=\"twitter:label2\" content=\"Availability\" \/>\n\t<meta name=\"twitter:data2\" content=\"Op voorraad\" \/>\n<script type=\"application\/ld+json\" class=\"yoast-schema-graph\">{\"@context\":\"https:\/\/schema.org\",\"@graph\":[{\"@type\":\"WebPage\",\"@id\":\"https:\/\/startercultures.eu\/nl\/product\/worst-en-vleeswaren-nl\/starterculturen-n\/bioprotectieve-starterculturen-nl\/bactoferm-safepro-flora-italia-lc-voor-droge-worst\/\",\"url\":\"https:\/\/startercultures.eu\/nl\/product\/worst-en-vleeswaren-nl\/starterculturen-n\/bioprotectieve-starterculturen-nl\/bactoferm-safepro-flora-italia-lc-voor-droge-worst\/\",\"name\":\"Flora Italia LC voor Italiaanse droge worst | Starterculturen.nl\",\"isPartOf\":{\"@id\":\"https:\/\/startercultures.eu\/nl\/#website\"},\"primaryImageOfPage\":{\"@id\":\"https:\/\/startercultures.eu\/nl\/product\/worst-en-vleeswaren-nl\/starterculturen-n\/bioprotectieve-starterculturen-nl\/bactoferm-safepro-flora-italia-lc-voor-droge-worst\/#primaryimage\"},\"image\":{\"@id\":\"https:\/\/startercultures.eu\/nl\/product\/worst-en-vleeswaren-nl\/starterculturen-n\/bioprotectieve-starterculturen-nl\/bactoferm-safepro-flora-italia-lc-voor-droge-worst\/#primaryimage\"},\"thumbnailUrl\":\"https:\/\/startercultures.eu\/wp-content\/uploads\/2021\/05\/Flora-Italia-LC.png\",\"datePublished\":\"2021-05-08T07:43:40+00:00\",\"dateModified\":\"2026-04-18T02:54:51+00:00\",\"description\":\"De Flora Italia LC geeft je worst een milde en zachte smaak \u2705zorgt voor extra veiligheid en stabiliteit \u2705Vandaag besteld is dezelfde dag verzonden\",\"breadcrumb\":{\"@id\":\"https:\/\/startercultures.eu\/nl\/product\/worst-en-vleeswaren-nl\/starterculturen-n\/bioprotectieve-starterculturen-nl\/bactoferm-safepro-flora-italia-lc-voor-droge-worst\/#breadcrumb\"},\"inLanguage\":\"nl-NL\",\"potentialAction\":[{\"@type\":\"ReadAction\",\"target\":[\"https:\/\/startercultures.eu\/nl\/product\/worst-en-vleeswaren-nl\/starterculturen-n\/bioprotectieve-starterculturen-nl\/bactoferm-safepro-flora-italia-lc-voor-droge-worst\/\"]}]},{\"@type\":\"ImageObject\",\"inLanguage\":\"nl-NL\",\"@id\":\"https:\/\/startercultures.eu\/nl\/product\/worst-en-vleeswaren-nl\/starterculturen-n\/bioprotectieve-starterculturen-nl\/bactoferm-safepro-flora-italia-lc-voor-droge-worst\/#primaryimage\",\"url\":\"https:\/\/startercultures.eu\/wp-content\/uploads\/2021\/05\/Flora-Italia-LC.png\",\"contentUrl\":\"https:\/\/startercultures.eu\/wp-content\/uploads\/2021\/05\/Flora-Italia-LC.png\",\"width\":1360,\"height\":1360,\"caption\":\"Flora Italia LC\"},{\"@type\":\"BreadcrumbList\",\"@id\":\"https:\/\/startercultures.eu\/nl\/product\/worst-en-vleeswaren-nl\/starterculturen-n\/bioprotectieve-starterculturen-nl\/bactoferm-safepro-flora-italia-lc-voor-droge-worst\/#breadcrumb\",\"itemListElement\":[{\"@type\":\"ListItem\",\"position\":1,\"name\":\"Home\",\"item\":\"https:\/\/startercultures.eu\/nl\/\"},{\"@type\":\"ListItem\",\"position\":2,\"name\":\"Winkel\",\"item\":\"https:\/\/startercultures.eu\/nl\/winkel\/\"},{\"@type\":\"ListItem\",\"position\":3,\"name\":\"Flora Italia | the &#8216;Flavor of Italy&#8217;\"}]},{\"@type\":\"WebSite\",\"@id\":\"https:\/\/startercultures.eu\/nl\/#website\",\"url\":\"https:\/\/startercultures.eu\/nl\/\",\"name\":\"Startercultures.eu\",\"description\":\"Startercultures.eu\",\"publisher\":{\"@id\":\"https:\/\/startercultures.eu\/nl\/#organization\"},\"potentialAction\":[{\"@type\":\"SearchAction\",\"target\":{\"@type\":\"EntryPoint\",\"urlTemplate\":\"https:\/\/startercultures.eu\/nl\/?s={search_term_string}\"},\"query-input\":{\"@type\":\"PropertyValueSpecification\",\"valueRequired\":true,\"valueName\":\"search_term_string\"}}],\"inLanguage\":\"nl-NL\"},{\"@type\":\"Organization\",\"@id\":\"https:\/\/startercultures.eu\/nl\/#organization\",\"name\":\"Startercultures.eu\",\"url\":\"https:\/\/startercultures.eu\/nl\/\",\"logo\":{\"@type\":\"ImageObject\",\"inLanguage\":\"nl-NL\",\"@id\":\"https:\/\/startercultures.eu\/nl\/#\/schema\/logo\/image\/\",\"url\":\"https:\/\/startercultures.eu\/wp-content\/uploads\/2020\/08\/startercultures-eu-nl-logo-rond-rgb.png\",\"contentUrl\":\"https:\/\/startercultures.eu\/wp-content\/uploads\/2020\/08\/startercultures-eu-nl-logo-rond-rgb.png\",\"width\":320,\"height\":320,\"caption\":\"Startercultures.eu\"},\"image\":{\"@id\":\"https:\/\/startercultures.eu\/nl\/#\/schema\/logo\/image\/\"},\"sameAs\":[\"https:\/\/www.facebook.com\/startercultureseu\",\"https:\/\/www.instagram.com\/startercultures.eu\/\"]}]}<\/script>\n<meta property=\"product:price:amount\" content=\"21.99\" \/>\n<meta property=\"product:price:currency\" content=\"EUR\" \/>\n<meta property=\"og:availability\" content=\"instock\" \/>\n<meta property=\"product:availability\" content=\"instock\" \/>\n<meta property=\"product:retailer_item_id\" content=\"199\" \/>\n<meta property=\"product:condition\" content=\"new\" \/>\n<!-- \/ Yoast SEO plugin. -->","yoast_head_json":{"title":"Flora Italia LC voor Italiaanse droge worst | Starterculturen.nl","description":"De Flora Italia LC geeft je worst een milde en zachte smaak \u2705zorgt voor extra veiligheid en stabiliteit \u2705Vandaag besteld is dezelfde dag verzonden","robots":{"index":"index","follow":"follow","max-snippet":"max-snippet:-1","max-image-preview":"max-image-preview:large","max-video-preview":"max-video-preview:-1"},"canonical":"https:\/\/startercultures.eu\/nl\/product\/worst-en-vleeswaren-nl\/starterculturen-n\/bioprotectieve-starterculturen-nl\/bactoferm-safepro-flora-italia-lc-voor-droge-worst\/","og_locale":"nl_NL","og_type":"article","og_title":"Flora Italia LC voor Italiaanse droge worst | Starterculturen.nl","og_description":"De Flora Italia LC geeft je worst een milde en zachte smaak \u2705zorgt voor extra veiligheid en stabiliteit \u2705Vandaag besteld is dezelfde dag verzonden","og_url":"https:\/\/startercultures.eu\/nl\/product\/worst-en-vleeswaren-nl\/starterculturen-n\/bioprotectieve-starterculturen-nl\/bactoferm-safepro-flora-italia-lc-voor-droge-worst\/","og_site_name":"Startercultures.eu","article_publisher":"https:\/\/www.facebook.com\/startercultureseu","article_modified_time":"2026-04-18T02:54:51+00:00","og_image":[{"width":1360,"height":1360,"url":"https:\/\/startercultures.eu\/wp-content\/uploads\/2021\/05\/Flora-Italia-LC.png","type":"image\/png"}],"twitter_card":"summary_large_image","twitter_misc":{"Price":"&euro;21,99","Availability":"Op voorraad"},"schema":{"@context":"https:\/\/schema.org","@graph":[{"@type":"WebPage","@id":"https:\/\/startercultures.eu\/nl\/product\/worst-en-vleeswaren-nl\/starterculturen-n\/bioprotectieve-starterculturen-nl\/bactoferm-safepro-flora-italia-lc-voor-droge-worst\/","url":"https:\/\/startercultures.eu\/nl\/product\/worst-en-vleeswaren-nl\/starterculturen-n\/bioprotectieve-starterculturen-nl\/bactoferm-safepro-flora-italia-lc-voor-droge-worst\/","name":"Flora Italia LC voor Italiaanse droge worst | Starterculturen.nl","isPartOf":{"@id":"https:\/\/startercultures.eu\/nl\/#website"},"primaryImageOfPage":{"@id":"https:\/\/startercultures.eu\/nl\/product\/worst-en-vleeswaren-nl\/starterculturen-n\/bioprotectieve-starterculturen-nl\/bactoferm-safepro-flora-italia-lc-voor-droge-worst\/#primaryimage"},"image":{"@id":"https:\/\/startercultures.eu\/nl\/product\/worst-en-vleeswaren-nl\/starterculturen-n\/bioprotectieve-starterculturen-nl\/bactoferm-safepro-flora-italia-lc-voor-droge-worst\/#primaryimage"},"thumbnailUrl":"https:\/\/startercultures.eu\/wp-content\/uploads\/2021\/05\/Flora-Italia-LC.png","datePublished":"2021-05-08T07:43:40+00:00","dateModified":"2026-04-18T02:54:51+00:00","description":"De Flora Italia LC geeft je worst een milde en zachte smaak \u2705zorgt voor extra veiligheid en stabiliteit \u2705Vandaag besteld is dezelfde dag verzonden","breadcrumb":{"@id":"https:\/\/startercultures.eu\/nl\/product\/worst-en-vleeswaren-nl\/starterculturen-n\/bioprotectieve-starterculturen-nl\/bactoferm-safepro-flora-italia-lc-voor-droge-worst\/#breadcrumb"},"inLanguage":"nl-NL","potentialAction":[{"@type":"ReadAction","target":["https:\/\/startercultures.eu\/nl\/product\/worst-en-vleeswaren-nl\/starterculturen-n\/bioprotectieve-starterculturen-nl\/bactoferm-safepro-flora-italia-lc-voor-droge-worst\/"]}]},{"@type":"ImageObject","inLanguage":"nl-NL","@id":"https:\/\/startercultures.eu\/nl\/product\/worst-en-vleeswaren-nl\/starterculturen-n\/bioprotectieve-starterculturen-nl\/bactoferm-safepro-flora-italia-lc-voor-droge-worst\/#primaryimage","url":"https:\/\/startercultures.eu\/wp-content\/uploads\/2021\/05\/Flora-Italia-LC.png","contentUrl":"https:\/\/startercultures.eu\/wp-content\/uploads\/2021\/05\/Flora-Italia-LC.png","width":1360,"height":1360,"caption":"Flora Italia LC"},{"@type":"BreadcrumbList","@id":"https:\/\/startercultures.eu\/nl\/product\/worst-en-vleeswaren-nl\/starterculturen-n\/bioprotectieve-starterculturen-nl\/bactoferm-safepro-flora-italia-lc-voor-droge-worst\/#breadcrumb","itemListElement":[{"@type":"ListItem","position":1,"name":"Home","item":"https:\/\/startercultures.eu\/nl\/"},{"@type":"ListItem","position":2,"name":"Winkel","item":"https:\/\/startercultures.eu\/nl\/winkel\/"},{"@type":"ListItem","position":3,"name":"Flora Italia | the &#8216;Flavor of Italy&#8217;"}]},{"@type":"WebSite","@id":"https:\/\/startercultures.eu\/nl\/#website","url":"https:\/\/startercultures.eu\/nl\/","name":"Startercultures.eu","description":"Startercultures.eu","publisher":{"@id":"https:\/\/startercultures.eu\/nl\/#organization"},"potentialAction":[{"@type":"SearchAction","target":{"@type":"EntryPoint","urlTemplate":"https:\/\/startercultures.eu\/nl\/?s={search_term_string}"},"query-input":{"@type":"PropertyValueSpecification","valueRequired":true,"valueName":"search_term_string"}}],"inLanguage":"nl-NL"},{"@type":"Organization","@id":"https:\/\/startercultures.eu\/nl\/#organization","name":"Startercultures.eu","url":"https:\/\/startercultures.eu\/nl\/","logo":{"@type":"ImageObject","inLanguage":"nl-NL","@id":"https:\/\/startercultures.eu\/nl\/#\/schema\/logo\/image\/","url":"https:\/\/startercultures.eu\/wp-content\/uploads\/2020\/08\/startercultures-eu-nl-logo-rond-rgb.png","contentUrl":"https:\/\/startercultures.eu\/wp-content\/uploads\/2020\/08\/startercultures-eu-nl-logo-rond-rgb.png","width":320,"height":320,"caption":"Startercultures.eu"},"image":{"@id":"https:\/\/startercultures.eu\/nl\/#\/schema\/logo\/image\/"},"sameAs":["https:\/\/www.facebook.com\/startercultureseu","https:\/\/www.instagram.com\/startercultures.eu\/"]}]},"product_price_amount":"21.99","product_price_currency":"EUR","og_availability":"instock","product_availability":"instock","product_retailer_item_id":"199","product_condition":"new"},"_links":{"self":[{"href":"https:\/\/startercultures.eu\/nl\/wp-json\/wp\/v2\/product\/13392","targetHints":{"allow":["GET"]}}],"collection":[{"href":"https:\/\/startercultures.eu\/nl\/wp-json\/wp\/v2\/product"}],"about":[{"href":"https:\/\/startercultures.eu\/nl\/wp-json\/wp\/v2\/types\/product"}],"replies":[{"embeddable":true,"href":"https:\/\/startercultures.eu\/nl\/wp-json\/wp\/v2\/comments?post=13392"}],"version-history":[{"count":5,"href":"https:\/\/startercultures.eu\/nl\/wp-json\/wp\/v2\/product\/13392\/revisions"}],"predecessor-version":[{"id":76216,"href":"https:\/\/startercultures.eu\/nl\/wp-json\/wp\/v2\/product\/13392\/revisions\/76216"}],"wp:featuredmedia":[{"embeddable":true,"href":"https:\/\/startercultures.eu\/nl\/wp-json\/wp\/v2\/media\/31576"}],"wp:attachment":[{"href":"https:\/\/startercultures.eu\/nl\/wp-json\/wp\/v2\/media?parent=13392"}],"wp:term":[{"taxonomy":"product_brand","embeddable":true,"href":"https:\/\/startercultures.eu\/nl\/wp-json\/wp\/v2\/product_brand?post=13392"},{"taxonomy":"product_cat","embeddable":true,"href":"https:\/\/startercultures.eu\/nl\/wp-json\/wp\/v2\/product_cat?post=13392"},{"taxonomy":"product_tag","embeddable":true,"href":"https:\/\/startercultures.eu\/nl\/wp-json\/wp\/v2\/product_tag?post=13392"}],"curies":[{"name":"wp","href":"https:\/\/api.w.org\/{rel}","templated":true}]}}