{"id":13975,"date":"2021-06-15T11:16:27","date_gmt":"2021-06-15T11:16:27","guid":{"rendered":"https:\/\/startercultures.eu\/?post_type=product&#038;p=13975"},"modified":"2026-04-09T00:03:40","modified_gmt":"2026-04-08T22:03:40","slug":"vegan-lactobacillus-acidophilus-startercultuur-voor-echte-vegan-yoghurt","status":"publish","type":"product","link":"https:\/\/startercultures.eu\/nl\/product\/fermentation-nl\/zuivel-ook-vegan-nl\/yoghurt-vegan-nl\/vegan-lactobacillus-acidophilus-startercultuur-voor-echte-vegan-yoghurt\/","title":{"rendered":"Vegan Lactobacillus acidophilus | starter cultuur voor vegan yoghurt en kaas"},"content":{"rendered":"<p>Onze vegan <em>Lactobacillus acidophilus <\/em>ofwel plantaardige yoghurt acidophilus\u00a0 startercultuur geeft extra probiotische en smaak karakteristieken aan plantaardige yoghurts en vegan kazen.<\/p>\n<p>Let op: hij wordt altijd gebruikt n\u00e1\u00e1st andere yoghurtculturen vanwege de additionele gezondheidseffecten. Hij is niet geschikt om als enige cultuur te gebruiken om yoghurt mee te maken.<\/p>\n<h3><strong>Wat is plantaardige yoghurt?<\/strong><\/h3>\n<p>Yoghurt wordt normaal gemaakt door de fermentatie van melk met behulp van twee soorten melkzuurbacteri\u00ebn die in symbiose werken: <em>Lactobacillus bulgaricus<\/em> en <em>Streptococcus thermophilus<\/em>. Hoewel het traditioneel wordt gemaakt van koemelk, kun je tegenwoordig ook steeds beter plantaardige yoghurt maken van alternatieve melksoorten zoals van amandelen, soja, kokosnoten, erwten of cashewnoten.<\/p>\n<p>Net als gewone yoghurt bevatten plantaardige yoghurts levende levende en actieve melkzuurbacteri\u00ebn, dit zijn <a href=\"https:\/\/nl.wikipedia.org\/wiki\/Probioticum\">probiotica<\/a> &#8211; of nuttige darmbacteri\u00ebn &#8211; die de spijsvertering ondersteunen. Vegan yoghurtfermentatie is het resultaat van een nauwgezette selectie van bacteri\u00ebn geproduceerd in plantaardige melk die het meest geschikt zijn om op een volledig natuurlijke manier een vegan yoghurt met een romige textuur en een traditionele smaak te verkrijgen.<\/p>\n<p>Plantaardige yoghurt bevat vezels, calcium en eiwitten, \u00e9n probiotica, die geweldig zijn voor een gezonde spijsvertering. Aangezien meer en meer consumenten zuivel links laten liggen, is het gemakkelijker dan ooit om geweldige veganistische opties te vinden bij je plaatselijke supermarkt. Maar thuis vers bereid met onze vegan yoghurt startercultuur heeft een onge\u00ebvenaarde smaak en bovendien toon je hoe gemakkelijk het is om niet-industri\u00eble plantaardige\u00a0 zuivel te produceren! Als je onze vegan yoghurt startercultuur eenmaal hebt geprobeerd, garanderen we dat je er heerlijk aan verslingerd raakt!<\/p>\n<h3><strong>Over onze plantaardige yoghurt acidophilus startercultuur<\/strong><\/h3>\n<p><em>Lactobacillus acidophilus<\/em> kan letterlijk vertaald worden als &#8216;<a href=\"https:\/\/en.wikipedia.org\/wiki\/Lactobacillus_acidophilus\" target=\"_blank\" rel=\"noopener\">zuurminnende melkbacterie<\/a>&#8216;. <i>Lactobacillus acidophilus<\/i>\u00a0wordt met\u00a0<i><a title=\"\" href=\"https:\/\/nl.wikipedia.org\/wiki\/Streptococcus_salivarius\">Streptococcus salivarius ssp thermophilus<\/a><\/i>\u00a0en\u00a0<i><a title=\"Lactobacillus delbrueckii\" href=\"https:\/\/nl.wikipedia.org\/wiki\/Lactobacillus_delbrueckii\">Lactobacillus delbrueckii ssp. bulgaricus<\/a><\/i> gebruikt bij de bereiding van sommige soorten\u00a0yoghurt. Yoghurt is, net als andere zure melkproducten, makkelijker te verteren dan andere melkproducten. Als de bacteri\u00ebn <em>lactobacillus acidophilus<\/em> en <em>bifidobacterium<\/em> eraan zijn toegevoegd, ontstaat rechtsdraaiend melkzuur. De smaak is daardoor wat zachter en de yoghurt is wat makkelijker verteerbaar.\u00a0<em>L. acidophilus<\/em> kan de cholesterol verlagen. De <em>L. acidophilus<\/em> beschermt ook tegen ongewenste groei van pathogenen: <em>L. acidophilus<\/em> gaat de groei tegen van<em> Escherichia coli, Salmonella typhimurium<\/em>, <em>Clostridium perfringens <\/em>en met name <em>Staphylococcus aureus<\/em>.<\/p>\n<p>Let op: hij wordt altijd gebruikt n\u00e1\u00e1st andere yoghurtculturen vanwege de additionele gezondheidseffecten. Hij is niet geschikt om als enige cultuur te gebruiken om yoghurt mee te maken.<\/p>\n<p>Smakelijk, goed voor de spijsvertering en lager cholesterol&#8230;.vegan acidophilus is een echte topper!<\/p>\n<p><strong>Meer vegan?<\/strong><\/p>\n<p>Bekijk onze selectie <a href=\"https:\/\/startercultures.eu\/nl\/product-category\/vegan-nl\/vegan-zuivel-nl\/\">veganistische zuivelstarterculturen<\/a> en apparatuur voor thuisfermentatie. Veganistische kaas, veganistische yoghurt, veganistische kefir en wat dies meer zij.<\/p>\n<h3><strong>Micro-organismen<\/strong><\/h3>\n<ul>\n<li><em>Lactobacillus acidophilus,<\/em>\u00a0geschikt voor veganisten.<\/li>\n<\/ul>\n<h3><strong>Inhoud<\/strong><\/h3>\n<ul>\n<li>1 zakje voor 3 kg substraat (maar meer lukt vaak ook wel)<\/li>\n<li>100% natuurlijke ingredi\u00ebnten.<\/li>\n<li>Bacteri\u00ebn geproduceerd in niet-zuivel medium<\/li>\n<li>Zonder verdikkingsmiddelen, conserveermiddelen of kleurstoffen<\/li>\n<li>Biologisch<\/li>\n<li>Hecho En Espa\u00f1a<\/li>\n<\/ul>\n<h3><strong>Waarom een \u200b\u200bgedroogde starter?<\/strong><\/h3>\n<ul>\n<li>gedroogde starters zijn lang houdbaar<\/li>\n<li>gemakkelijk te verzenden of mee te nemen, ook naar het buitenland<\/li>\n<li>verliest geen kwaliteit tijdens transport<\/li>\n<li>licht in gewicht (verzendkosten)<\/li>\n<li>je kunt dus ook alvast inkopen als je niet van plan bent meteen veganistische yoghurt te maken<\/li>\n<li>bewaar een beetje om nieuwe yoghurt mee te enten.<\/li>\n<\/ul>\n<h3><strong>Bewaarinstructies<\/strong><\/h3>\n<p>In de koelkast of vriezer. Bewaar de gedroogde yoghurtstarter na gebruik in een ziploc-zak of vacu\u00fcm afgesloten. De houdbaarheid in de vriezer is tenminste \u00e9\u00e9n jaar, maar waarschijnlijk langer.<\/p>\n<h3>Hoe gebruik je plantaardige yoghurt acidophilus?<\/h3>\n<p>Voeg deze startercultuur als extra cultuur toe aan je zelfgemaakte <a href=\"https:\/\/startercultures.eu\/nl\/product\/fermentation-nl\/zuivel-ook-vegan-nl\/yoghurt-vegan-nl\/vegan-yoghurt-starter-cultuur\/\" target=\"_blank\" rel=\"noopener\">plantaardige yoghurt,<\/a> <a href=\"https:\/\/startercultures.eu\/nl\/product\/fermentation-nl\/zuivel-ook-vegan-nl\/yoghurt-vegan-nl\/soja-yoghurt-starter-nl\/\" target=\"_blank\" rel=\"noopener\">sojayoghurt<\/a> of <a href=\"https:\/\/startercultures.eu\/nl\/product-category\/fermentation-nl\/zuivel-ook-vegan-nl\/vegan-kaas-nl\/\" target=\"_blank\" rel=\"noopener\">vegan kaas<\/a>. Het wordt meestal niet gebruikt als enige startercultuur voor het maken van veganistische yoghurt\/kaas.<\/p>\n<h3><strong>Tip<\/strong><\/h3>\n<p>In plantaardige dranken zoals soja is de textuur van de resulterende yoghurt romig, net als die van een traditionele yoghurt. In het geval van andere plantaardige melksoorten zoals havermout, rijst of amandelmelk heb je verdikkingsmiddelen zoals tapiocazetmeel nodig om de melk te verdikken voordat je deze fermenteert. Voeg al roerend ongeveer 1-2% tapiocazetmeel toe en breng aan de kook, laat afkoelen tot ongeveer 43 graden en voeg dan de startercultuur toe.<\/p>\n<h3>Hoe maak ik vegan kaas?<\/h3>\n<p>Wil je meer weten over zelf vegan kaas maken? Je krijgt bij onze vrienden van\u00a0 <a href=\"http:\/\/fullofplants.com\/\" target=\"_blank\" rel=\"nofollow noopener noreferrer\">fullofplants.com<\/a> een gratis E-boek met recepten als je je inschrijft voor hun nieuwsbrief.<\/p>\n<h3 data-fontsize=\"21\" data-lineheight=\"27.3px\">Plantaardige yoghurt acidophilus kopen?<\/h3>\n<p>Je bestelt de plantaardige yoghurt acidophilus starter bij starterculturen.nl, d\u00e9 webwinkel voor al je tempeh, koji en tofu. Van Meneer Wateetons de auteur van de standaardwerken <a href=\"https:\/\/www.starterculturen.nl\/a-52122580\/boeken\/over-rot-2015-het-handboek-fermenteren\/\" target=\"_blank\" rel=\"noopener noreferrer\">Over Rot (2015)<\/a> en<a href=\"https:\/\/startercultures.eu\/nl\/product\/boeken\/over-inpakken-2020-nl\/\" target=\"_blank\" rel=\"noopener\"> Over Inpakken (2020)<\/a>. Op werkdagen voor 15:00 besteld, dezelfde dag verzonden. Vragen over het gebruik van de vegan acidophilus yoghurt starter? Stel ze via de chatfunctie. We komen er altijd uit.<\/p>\n<h3>Online cursus \u2018maak je eigen vegan yoghurt\u2019 <a href=\"https:\/\/startercultures.eu\/nl\/product\/online-workshops-nl\/online-cursus-maak-je-eigen-vegan-yoghurt\/\" target=\"_blank\" rel=\"noopener\"><img decoding=\"async\" class=\"lazyload wp-image-75338 alignright\" src=\"https:\/\/startercultures.eu\/wp-content\/uploads\/2023\/10\/VEGAN-YOGHURT-300x300.png\" data-orig-src=\"https:\/\/startercultures.eu\/wp-content\/uploads\/2023\/10\/VEGAN-YOGHURT-300x300.png\" alt=\"\" width=\"104\" height=\"104\" srcset=\"data:image\/svg+xml,%3Csvg%20xmlns%3D%27http%3A%2F%2Fwww.w3.org%2F2000%2Fsvg%27%20width%3D%27104%27%20height%3D%27104%27%20viewBox%3D%270%200%20104%20104%27%3E%3Crect%20width%3D%27104%27%20height%3D%27104%27%20fill-opacity%3D%220%22%2F%3E%3C%2Fsvg%3E\" data-srcset=\"https:\/\/startercultures.eu\/wp-content\/uploads\/2023\/10\/VEGAN-YOGHURT-66x66.png 66w, https:\/\/startercultures.eu\/wp-content\/uploads\/2023\/10\/VEGAN-YOGHURT-100x100.png 100w, https:\/\/startercultures.eu\/wp-content\/uploads\/2023\/10\/VEGAN-YOGHURT-150x150.png 150w, https:\/\/startercultures.eu\/wp-content\/uploads\/2023\/10\/VEGAN-YOGHURT-200x200.png 200w, https:\/\/startercultures.eu\/wp-content\/uploads\/2023\/10\/VEGAN-YOGHURT-300x300.png 300w, https:\/\/startercultures.eu\/wp-content\/uploads\/2023\/10\/VEGAN-YOGHURT-400x400.png 400w, https:\/\/startercultures.eu\/wp-content\/uploads\/2023\/10\/VEGAN-YOGHURT-500x500.png 500w, https:\/\/startercultures.eu\/wp-content\/uploads\/2023\/10\/VEGAN-YOGHURT-600x600.png 600w, https:\/\/startercultures.eu\/wp-content\/uploads\/2023\/10\/VEGAN-YOGHURT-700x700.png 700w, https:\/\/startercultures.eu\/wp-content\/uploads\/2023\/10\/VEGAN-YOGHURT-768x768.png 768w, https:\/\/startercultures.eu\/wp-content\/uploads\/2023\/10\/VEGAN-YOGHURT-800x800.png 800w, https:\/\/startercultures.eu\/wp-content\/uploads\/2023\/10\/VEGAN-YOGHURT.png 1000w\" data-sizes=\"auto\" data-orig-sizes=\"(max-width: 104px) 100vw, 104px\" \/><\/a><\/h3>\n<p>Leer alles over het zelf maken van plantaardige yoghurt in deze <a href=\"https:\/\/startercultures.eu\/nl\/product\/online-workshops-nl\/online-cursus-maak-je-eigen-vegan-yoghurt\/\" target=\"_blank\" rel=\"noopener\">online cursus vegan yoghurt<\/a> maken van fermentatie-expert <a href=\"https:\/\/wateetons.com\/\" target=\"_blank\" rel=\"noopener\">&#8216;Meneer Wateetons&#8217;<\/a>, auteur van verschillende boeken over fermentatie zoals <a href=\"https:\/\/startercultures.eu\/nl\/product\/boeken\/over-rot-2-0-2019-het-geactualiseerde-handboek-fermenteren-nl\/\" target=\"_blank\" rel=\"noopener\">Over Rot<\/a> en alternatieve voedselbereidingstechnieken. Klik <a href=\"https:\/\/startercultures.eu\/nl\/product\/online-workshops-nl\/online-cursus-maak-je-eigen-vegan-yoghurt\/\" target=\"_blank\" rel=\"noopener\">hier <\/a>voor meer info.<\/p>\n","protected":false},"excerpt":{"rendered":"<p>Onze vegan lactobacillus acidophilus ofwel plantaardige yoghurt acidophilus startercultuur geeft extra probiotische en smaak karakteristieken aan vegan yoghurts en vegan kazen.<\/p>\n","protected":false},"featured_media":20092,"comment_status":"open","ping_status":"closed","template":"","meta":{"_acf_changed":false,"footnotes":""},"product_brand":[],"product_cat":[523,80,82],"product_tag":[],"class_list":{"0":"post-13975","1":"product","2":"type-product","3":"status-publish","4":"has-post-thumbnail","6":"product_cat-starters-schimmels-kaas-nl","7":"product_cat-vegan-kaas-nl","8":"product_cat-yoghurt-vegan-nl","9":"pa_ean-8720297621277-nl","11":"first","12":"instock","13":"taxable","14":"shipping-taxable","15":"purchasable","16":"product-type-simple"},"acf":[],"yoast_head":"<!-- This site is optimized with the Yoast SEO plugin v26.6 - https:\/\/yoast.com\/wordpress\/plugins\/seo\/ -->\n<title>Plantaardige acidophilus voor zelf yoghurt maken | starterculturen.nl<\/title>\n<meta name=\"description\" content=\"Deze plantaardige yoghurt acidophilus heeft het allemaal: smakelijk, goed voor de spijsvertering en laag cholesterol. Bestel je starter hier!\" \/>\n<meta name=\"robots\" content=\"index, follow, max-snippet:-1, max-image-preview:large, max-video-preview:-1\" \/>\n<link rel=\"canonical\" href=\"https:\/\/startercultures.eu\/nl\/product\/fermentation-nl\/zuivel-ook-vegan-nl\/yoghurt-vegan-nl\/vegan-lactobacillus-acidophilus-startercultuur-voor-echte-vegan-yoghurt\/\" \/>\n<meta property=\"og:locale\" content=\"nl_NL\" \/>\n<meta property=\"og:type\" content=\"article\" \/>\n<meta property=\"og:title\" content=\"Plantaardige acidophilus voor zelf yoghurt maken | starterculturen.nl\" \/>\n<meta property=\"og:description\" content=\"Deze plantaardige yoghurt acidophilus heeft het allemaal: smakelijk, goed voor de spijsvertering en laag cholesterol. Bestel je starter hier!\" \/>\n<meta property=\"og:url\" content=\"https:\/\/startercultures.eu\/nl\/product\/fermentation-nl\/zuivel-ook-vegan-nl\/yoghurt-vegan-nl\/vegan-lactobacillus-acidophilus-startercultuur-voor-echte-vegan-yoghurt\/\" \/>\n<meta property=\"og:site_name\" content=\"Startercultures.eu\" \/>\n<meta property=\"article:publisher\" content=\"https:\/\/www.facebook.com\/startercultureseu\" \/>\n<meta property=\"article:modified_time\" content=\"2026-04-08T22:03:40+00:00\" \/>\n<meta property=\"og:image\" content=\"https:\/\/startercultures.eu\/wp-content\/uploads\/2021\/06\/200mu-1.png\" \/>\n\t<meta property=\"og:image:width\" content=\"1250\" \/>\n\t<meta property=\"og:image:height\" content=\"1250\" \/>\n\t<meta property=\"og:image:type\" content=\"image\/png\" \/>\n<meta name=\"twitter:card\" content=\"summary_large_image\" \/>\n<meta name=\"twitter:label1\" content=\"Price\" \/>\n\t<meta name=\"twitter:data1\" content=\"&euro;12,99\" \/>\n\t<meta name=\"twitter:label2\" content=\"Availability\" \/>\n\t<meta name=\"twitter:data2\" content=\"Op voorraad\" \/>\n<script type=\"application\/ld+json\" class=\"yoast-schema-graph\">{\"@context\":\"https:\/\/schema.org\",\"@graph\":[{\"@type\":\"WebPage\",\"@id\":\"https:\/\/startercultures.eu\/nl\/product\/fermentation-nl\/zuivel-ook-vegan-nl\/yoghurt-vegan-nl\/vegan-lactobacillus-acidophilus-startercultuur-voor-echte-vegan-yoghurt\/\",\"url\":\"https:\/\/startercultures.eu\/nl\/product\/fermentation-nl\/zuivel-ook-vegan-nl\/yoghurt-vegan-nl\/vegan-lactobacillus-acidophilus-startercultuur-voor-echte-vegan-yoghurt\/\",\"name\":\"Plantaardige acidophilus voor zelf yoghurt maken | starterculturen.nl\",\"isPartOf\":{\"@id\":\"https:\/\/startercultures.eu\/nl\/#website\"},\"primaryImageOfPage\":{\"@id\":\"https:\/\/startercultures.eu\/nl\/product\/fermentation-nl\/zuivel-ook-vegan-nl\/yoghurt-vegan-nl\/vegan-lactobacillus-acidophilus-startercultuur-voor-echte-vegan-yoghurt\/#primaryimage\"},\"image\":{\"@id\":\"https:\/\/startercultures.eu\/nl\/product\/fermentation-nl\/zuivel-ook-vegan-nl\/yoghurt-vegan-nl\/vegan-lactobacillus-acidophilus-startercultuur-voor-echte-vegan-yoghurt\/#primaryimage\"},\"thumbnailUrl\":\"https:\/\/startercultures.eu\/wp-content\/uploads\/2021\/06\/200mu-1.png\",\"datePublished\":\"2021-06-15T11:16:27+00:00\",\"dateModified\":\"2026-04-08T22:03:40+00:00\",\"description\":\"Deze plantaardige yoghurt acidophilus heeft het allemaal: smakelijk, goed voor de spijsvertering en laag cholesterol. Bestel je starter hier!\",\"breadcrumb\":{\"@id\":\"https:\/\/startercultures.eu\/nl\/product\/fermentation-nl\/zuivel-ook-vegan-nl\/yoghurt-vegan-nl\/vegan-lactobacillus-acidophilus-startercultuur-voor-echte-vegan-yoghurt\/#breadcrumb\"},\"inLanguage\":\"nl-NL\",\"potentialAction\":[{\"@type\":\"ReadAction\",\"target\":[\"https:\/\/startercultures.eu\/nl\/product\/fermentation-nl\/zuivel-ook-vegan-nl\/yoghurt-vegan-nl\/vegan-lactobacillus-acidophilus-startercultuur-voor-echte-vegan-yoghurt\/\"]}]},{\"@type\":\"ImageObject\",\"inLanguage\":\"nl-NL\",\"@id\":\"https:\/\/startercultures.eu\/nl\/product\/fermentation-nl\/zuivel-ook-vegan-nl\/yoghurt-vegan-nl\/vegan-lactobacillus-acidophilus-startercultuur-voor-echte-vegan-yoghurt\/#primaryimage\",\"url\":\"https:\/\/startercultures.eu\/wp-content\/uploads\/2021\/06\/200mu-1.png\",\"contentUrl\":\"https:\/\/startercultures.eu\/wp-content\/uploads\/2021\/06\/200mu-1.png\",\"width\":1250,\"height\":1250,\"caption\":\"vegan acidophilus\"},{\"@type\":\"BreadcrumbList\",\"@id\":\"https:\/\/startercultures.eu\/nl\/product\/fermentation-nl\/zuivel-ook-vegan-nl\/yoghurt-vegan-nl\/vegan-lactobacillus-acidophilus-startercultuur-voor-echte-vegan-yoghurt\/#breadcrumb\",\"itemListElement\":[{\"@type\":\"ListItem\",\"position\":1,\"name\":\"Home\",\"item\":\"https:\/\/startercultures.eu\/nl\/\"},{\"@type\":\"ListItem\",\"position\":2,\"name\":\"Winkel\",\"item\":\"https:\/\/startercultures.eu\/nl\/winkel\/\"},{\"@type\":\"ListItem\",\"position\":3,\"name\":\"Vegan Lactobacillus acidophilus | starter cultuur voor vegan yoghurt en kaas\"}]},{\"@type\":\"WebSite\",\"@id\":\"https:\/\/startercultures.eu\/nl\/#website\",\"url\":\"https:\/\/startercultures.eu\/nl\/\",\"name\":\"Startercultures.eu\",\"description\":\"Startercultures.eu\",\"publisher\":{\"@id\":\"https:\/\/startercultures.eu\/nl\/#organization\"},\"potentialAction\":[{\"@type\":\"SearchAction\",\"target\":{\"@type\":\"EntryPoint\",\"urlTemplate\":\"https:\/\/startercultures.eu\/nl\/?s={search_term_string}\"},\"query-input\":{\"@type\":\"PropertyValueSpecification\",\"valueRequired\":true,\"valueName\":\"search_term_string\"}}],\"inLanguage\":\"nl-NL\"},{\"@type\":\"Organization\",\"@id\":\"https:\/\/startercultures.eu\/nl\/#organization\",\"name\":\"Startercultures.eu\",\"url\":\"https:\/\/startercultures.eu\/nl\/\",\"logo\":{\"@type\":\"ImageObject\",\"inLanguage\":\"nl-NL\",\"@id\":\"https:\/\/startercultures.eu\/nl\/#\/schema\/logo\/image\/\",\"url\":\"https:\/\/startercultures.eu\/wp-content\/uploads\/2020\/08\/startercultures-eu-nl-logo-rond-rgb.png\",\"contentUrl\":\"https:\/\/startercultures.eu\/wp-content\/uploads\/2020\/08\/startercultures-eu-nl-logo-rond-rgb.png\",\"width\":320,\"height\":320,\"caption\":\"Startercultures.eu\"},\"image\":{\"@id\":\"https:\/\/startercultures.eu\/nl\/#\/schema\/logo\/image\/\"},\"sameAs\":[\"https:\/\/www.facebook.com\/startercultureseu\",\"https:\/\/www.instagram.com\/startercultures.eu\/\"]}]}<\/script>\n<meta property=\"product:price:amount\" content=\"12.99\" \/>\n<meta property=\"product:price:currency\" content=\"EUR\" \/>\n<meta property=\"og:availability\" content=\"instock\" \/>\n<meta property=\"product:availability\" content=\"instock\" \/>\n<meta property=\"product:retailer_item_id\" content=\"200\" \/>\n<meta property=\"product:condition\" content=\"new\" \/>\n<!-- \/ Yoast SEO plugin. -->","yoast_head_json":{"title":"Plantaardige acidophilus voor zelf yoghurt maken | starterculturen.nl","description":"Deze plantaardige yoghurt acidophilus heeft het allemaal: smakelijk, goed voor de spijsvertering en laag cholesterol. Bestel je starter hier!","robots":{"index":"index","follow":"follow","max-snippet":"max-snippet:-1","max-image-preview":"max-image-preview:large","max-video-preview":"max-video-preview:-1"},"canonical":"https:\/\/startercultures.eu\/nl\/product\/fermentation-nl\/zuivel-ook-vegan-nl\/yoghurt-vegan-nl\/vegan-lactobacillus-acidophilus-startercultuur-voor-echte-vegan-yoghurt\/","og_locale":"nl_NL","og_type":"article","og_title":"Plantaardige acidophilus voor zelf yoghurt maken | starterculturen.nl","og_description":"Deze plantaardige yoghurt acidophilus heeft het allemaal: smakelijk, goed voor de spijsvertering en laag cholesterol. Bestel je starter hier!","og_url":"https:\/\/startercultures.eu\/nl\/product\/fermentation-nl\/zuivel-ook-vegan-nl\/yoghurt-vegan-nl\/vegan-lactobacillus-acidophilus-startercultuur-voor-echte-vegan-yoghurt\/","og_site_name":"Startercultures.eu","article_publisher":"https:\/\/www.facebook.com\/startercultureseu","article_modified_time":"2026-04-08T22:03:40+00:00","og_image":[{"width":1250,"height":1250,"url":"https:\/\/startercultures.eu\/wp-content\/uploads\/2021\/06\/200mu-1.png","type":"image\/png"}],"twitter_card":"summary_large_image","twitter_misc":{"Price":"&euro;12,99","Availability":"Op voorraad"},"schema":{"@context":"https:\/\/schema.org","@graph":[{"@type":"WebPage","@id":"https:\/\/startercultures.eu\/nl\/product\/fermentation-nl\/zuivel-ook-vegan-nl\/yoghurt-vegan-nl\/vegan-lactobacillus-acidophilus-startercultuur-voor-echte-vegan-yoghurt\/","url":"https:\/\/startercultures.eu\/nl\/product\/fermentation-nl\/zuivel-ook-vegan-nl\/yoghurt-vegan-nl\/vegan-lactobacillus-acidophilus-startercultuur-voor-echte-vegan-yoghurt\/","name":"Plantaardige acidophilus voor zelf yoghurt maken | starterculturen.nl","isPartOf":{"@id":"https:\/\/startercultures.eu\/nl\/#website"},"primaryImageOfPage":{"@id":"https:\/\/startercultures.eu\/nl\/product\/fermentation-nl\/zuivel-ook-vegan-nl\/yoghurt-vegan-nl\/vegan-lactobacillus-acidophilus-startercultuur-voor-echte-vegan-yoghurt\/#primaryimage"},"image":{"@id":"https:\/\/startercultures.eu\/nl\/product\/fermentation-nl\/zuivel-ook-vegan-nl\/yoghurt-vegan-nl\/vegan-lactobacillus-acidophilus-startercultuur-voor-echte-vegan-yoghurt\/#primaryimage"},"thumbnailUrl":"https:\/\/startercultures.eu\/wp-content\/uploads\/2021\/06\/200mu-1.png","datePublished":"2021-06-15T11:16:27+00:00","dateModified":"2026-04-08T22:03:40+00:00","description":"Deze plantaardige yoghurt acidophilus heeft het allemaal: smakelijk, goed voor de spijsvertering en laag cholesterol. Bestel je starter hier!","breadcrumb":{"@id":"https:\/\/startercultures.eu\/nl\/product\/fermentation-nl\/zuivel-ook-vegan-nl\/yoghurt-vegan-nl\/vegan-lactobacillus-acidophilus-startercultuur-voor-echte-vegan-yoghurt\/#breadcrumb"},"inLanguage":"nl-NL","potentialAction":[{"@type":"ReadAction","target":["https:\/\/startercultures.eu\/nl\/product\/fermentation-nl\/zuivel-ook-vegan-nl\/yoghurt-vegan-nl\/vegan-lactobacillus-acidophilus-startercultuur-voor-echte-vegan-yoghurt\/"]}]},{"@type":"ImageObject","inLanguage":"nl-NL","@id":"https:\/\/startercultures.eu\/nl\/product\/fermentation-nl\/zuivel-ook-vegan-nl\/yoghurt-vegan-nl\/vegan-lactobacillus-acidophilus-startercultuur-voor-echte-vegan-yoghurt\/#primaryimage","url":"https:\/\/startercultures.eu\/wp-content\/uploads\/2021\/06\/200mu-1.png","contentUrl":"https:\/\/startercultures.eu\/wp-content\/uploads\/2021\/06\/200mu-1.png","width":1250,"height":1250,"caption":"vegan acidophilus"},{"@type":"BreadcrumbList","@id":"https:\/\/startercultures.eu\/nl\/product\/fermentation-nl\/zuivel-ook-vegan-nl\/yoghurt-vegan-nl\/vegan-lactobacillus-acidophilus-startercultuur-voor-echte-vegan-yoghurt\/#breadcrumb","itemListElement":[{"@type":"ListItem","position":1,"name":"Home","item":"https:\/\/startercultures.eu\/nl\/"},{"@type":"ListItem","position":2,"name":"Winkel","item":"https:\/\/startercultures.eu\/nl\/winkel\/"},{"@type":"ListItem","position":3,"name":"Vegan Lactobacillus acidophilus | starter cultuur voor vegan yoghurt en kaas"}]},{"@type":"WebSite","@id":"https:\/\/startercultures.eu\/nl\/#website","url":"https:\/\/startercultures.eu\/nl\/","name":"Startercultures.eu","description":"Startercultures.eu","publisher":{"@id":"https:\/\/startercultures.eu\/nl\/#organization"},"potentialAction":[{"@type":"SearchAction","target":{"@type":"EntryPoint","urlTemplate":"https:\/\/startercultures.eu\/nl\/?s={search_term_string}"},"query-input":{"@type":"PropertyValueSpecification","valueRequired":true,"valueName":"search_term_string"}}],"inLanguage":"nl-NL"},{"@type":"Organization","@id":"https:\/\/startercultures.eu\/nl\/#organization","name":"Startercultures.eu","url":"https:\/\/startercultures.eu\/nl\/","logo":{"@type":"ImageObject","inLanguage":"nl-NL","@id":"https:\/\/startercultures.eu\/nl\/#\/schema\/logo\/image\/","url":"https:\/\/startercultures.eu\/wp-content\/uploads\/2020\/08\/startercultures-eu-nl-logo-rond-rgb.png","contentUrl":"https:\/\/startercultures.eu\/wp-content\/uploads\/2020\/08\/startercultures-eu-nl-logo-rond-rgb.png","width":320,"height":320,"caption":"Startercultures.eu"},"image":{"@id":"https:\/\/startercultures.eu\/nl\/#\/schema\/logo\/image\/"},"sameAs":["https:\/\/www.facebook.com\/startercultureseu","https:\/\/www.instagram.com\/startercultures.eu\/"]}]},"product_price_amount":"12.99","product_price_currency":"EUR","og_availability":"instock","product_availability":"instock","product_retailer_item_id":"200","product_condition":"new"},"_links":{"self":[{"href":"https:\/\/startercultures.eu\/nl\/wp-json\/wp\/v2\/product\/13975","targetHints":{"allow":["GET"]}}],"collection":[{"href":"https:\/\/startercultures.eu\/nl\/wp-json\/wp\/v2\/product"}],"about":[{"href":"https:\/\/startercultures.eu\/nl\/wp-json\/wp\/v2\/types\/product"}],"replies":[{"embeddable":true,"href":"https:\/\/startercultures.eu\/nl\/wp-json\/wp\/v2\/comments?post=13975"}],"version-history":[{"count":6,"href":"https:\/\/startercultures.eu\/nl\/wp-json\/wp\/v2\/product\/13975\/revisions"}],"predecessor-version":[{"id":76500,"href":"https:\/\/startercultures.eu\/nl\/wp-json\/wp\/v2\/product\/13975\/revisions\/76500"}],"wp:featuredmedia":[{"embeddable":true,"href":"https:\/\/startercultures.eu\/nl\/wp-json\/wp\/v2\/media\/20092"}],"wp:attachment":[{"href":"https:\/\/startercultures.eu\/nl\/wp-json\/wp\/v2\/media?parent=13975"}],"wp:term":[{"taxonomy":"product_brand","embeddable":true,"href":"https:\/\/startercultures.eu\/nl\/wp-json\/wp\/v2\/product_brand?post=13975"},{"taxonomy":"product_cat","embeddable":true,"href":"https:\/\/startercultures.eu\/nl\/wp-json\/wp\/v2\/product_cat?post=13975"},{"taxonomy":"product_tag","embeddable":true,"href":"https:\/\/startercultures.eu\/nl\/wp-json\/wp\/v2\/product_tag?post=13975"}],"curies":[{"name":"wp","href":"https:\/\/api.w.org\/{rel}","templated":true}]}}