{"id":17028,"date":"2021-10-13T11:48:19","date_gmt":"2021-10-13T11:48:19","guid":{"rendered":"https:\/\/startercultures.eu\/?post_type=product&#038;p=17028"},"modified":"2026-02-01T16:53:26","modified_gmt":"2026-02-01T15:53:26","slug":"goudse-kaas-starterspakket","status":"publish","type":"product","link":"https:\/\/startercultures.eu\/nl\/product\/fermentation-nl\/zuivel-ook-vegan-nl\/kaas-nl\/starterspakketten\/goudse-kaas-starterspakket\/","title":{"rendered":"Goudse kaas starterspakket"},"content":{"rendered":"<p>Dit alles-in-\u00e9\u00e9n Goudse kaas starterspakket bevat alle materialen en ingredi\u00ebnten voor het maken van alle soorten harde, geperste, kazen. Zoals Goudse kaas, Parmigiano, Grana Padano, Pecorino, Cheddar, Gruyere, of Emmental.<\/p>\n<p>Nu <strong>inclusief<\/strong> <strong>gratis online workshop<\/strong> \u2018maak je eigen Goudse kaas\u2019, met Meneer Wateetons en Nils Koster! (link ontvang je na aanschaf).<\/p>\n<h3>Inhoud van dit alles in \u00e9\u00e9n Goudse kaas maken starterspakket<\/h3>\n<ul>\n<li>Primaire startercultuur voor harde kazen MSE<\/li>\n<li>Calcium chloride (nodig voor gepasteuriseerde melk)<\/li>\n<li>Stremsel<\/li>\n<li>Kaascoating<\/li>\n<li>kwastje voor kaascoating<\/li>\n<li>5 set kaasdoeken<\/li>\n<li>of een 550 of een 1 kg kaasvorm<\/li>\n<\/ul>\n<h3>Hoe maak je zelf kaas?<\/h3>\n<p>Er zijn uitstekende bronnen online, zoals de recepten van <a href=\"https:\/\/cheesemaking.com\/collections\/recipes\" target=\"_blank\" rel=\"noopener\">Cheesemaking.com<\/a>. Ook in <a href=\"https:\/\/startercultures.eu\/nl\/product\/boeken\/over-rot-2-0-2019-het-geactualiseerde-handboek-fermenteren-nl\/\" target=\"_blank\" rel=\"noopener\">Over Rot<\/a> en het boek <a href=\"https:\/\/partner.bol.com\/click\/click?p=2&amp;t=url&amp;s=1923&amp;f=TXL&amp;url=https%3A%2F%2Fwww.bol.com%2Fnl%2Fp%2Fkaas-uit-eigen-keuken%2F9200000101809475%2F&amp;name=Kaas%20uit%20eigen%20keuken%2C%20Nils%20Koster\" target=\"_blank\" rel=\"noopener\">Kaas uit Eigen Keuken<\/a> vind je veel goede recepten.<\/p>\n<h3 data-fontsize=\"21\" data-lineheight=\"27.3px\">Kaas maken starterspakket kopen?<\/h3>\n<p>Je bestelt het <span data-sheets-value=\"{&quot;1&quot;:2,&quot;2&quot;:&quot;kaas maken starterspakket&quot;}\" data-sheets-userformat=\"{&quot;2&quot;:44029,&quot;3&quot;:{&quot;1&quot;:0},&quot;5&quot;:{&quot;1&quot;:[{&quot;1&quot;:2,&quot;2&quot;:0,&quot;5&quot;:{&quot;1&quot;:2,&quot;2&quot;:0}},{&quot;1&quot;:0,&quot;2&quot;:0,&quot;3&quot;:3},{&quot;1&quot;:1,&quot;2&quot;:0,&quot;4&quot;:1}]},&quot;6&quot;:{&quot;1&quot;:[{&quot;1&quot;:2,&quot;2&quot;:0,&quot;5&quot;:{&quot;1&quot;:2,&quot;2&quot;:0}},{&quot;1&quot;:0,&quot;2&quot;:0,&quot;3&quot;:3},{&quot;1&quot;:1,&quot;2&quot;:0,&quot;4&quot;:1}]},&quot;7&quot;:{&quot;1&quot;:[{&quot;1&quot;:2,&quot;2&quot;:0,&quot;5&quot;:{&quot;1&quot;:2,&quot;2&quot;:0}},{&quot;1&quot;:0,&quot;2&quot;:0,&quot;3&quot;:3},{&quot;1&quot;:1,&quot;2&quot;:0,&quot;4&quot;:1}]},&quot;8&quot;:{&quot;1&quot;:[{&quot;1&quot;:2,&quot;2&quot;:0,&quot;5&quot;:{&quot;1&quot;:2,&quot;2&quot;:0}},{&quot;1&quot;:0,&quot;2&quot;:0,&quot;3&quot;:3},{&quot;1&quot;:1,&quot;2&quot;:0,&quot;4&quot;:1}]},&quot;9&quot;:0,&quot;10&quot;:0,&quot;11&quot;:4,&quot;12&quot;:0,&quot;14&quot;:{&quot;1&quot;:3,&quot;3&quot;:1},&quot;16&quot;:9,&quot;18&quot;:1}\">kaas maken starterspakket<\/span> bij starterculturen.nl, d\u00e9 webwinkel voor al je tempeh, koji en tofu. Van Meneer Wateetons de auteur van de standaardwerken <a href=\"https:\/\/www.starterculturen.nl\/a-52122580\/boeken\/over-rot-2015-het-handboek-fermenteren\/\" target=\"_blank\" rel=\"noopener noreferrer\">Over Rot (2015)<\/a> en<a href=\"https:\/\/startercultures.eu\/nl\/product\/boeken\/over-inpakken-2020-nl\/\" target=\"_blank\" rel=\"noopener\"> Over Inpakken (2020)<\/a>. Op werkdagen voor 15:00 besteld, dezelfde dag verzonden.\u00a0 Vragen over het gebruik van het <span data-sheets-value=\"{&quot;1&quot;:2,&quot;2&quot;:&quot;kaas maken starterspakket&quot;}\" data-sheets-userformat=\"{&quot;2&quot;:44029,&quot;3&quot;:{&quot;1&quot;:0},&quot;5&quot;:{&quot;1&quot;:[{&quot;1&quot;:2,&quot;2&quot;:0,&quot;5&quot;:{&quot;1&quot;:2,&quot;2&quot;:0}},{&quot;1&quot;:0,&quot;2&quot;:0,&quot;3&quot;:3},{&quot;1&quot;:1,&quot;2&quot;:0,&quot;4&quot;:1}]},&quot;6&quot;:{&quot;1&quot;:[{&quot;1&quot;:2,&quot;2&quot;:0,&quot;5&quot;:{&quot;1&quot;:2,&quot;2&quot;:0}},{&quot;1&quot;:0,&quot;2&quot;:0,&quot;3&quot;:3},{&quot;1&quot;:1,&quot;2&quot;:0,&quot;4&quot;:1}]},&quot;7&quot;:{&quot;1&quot;:[{&quot;1&quot;:2,&quot;2&quot;:0,&quot;5&quot;:{&quot;1&quot;:2,&quot;2&quot;:0}},{&quot;1&quot;:0,&quot;2&quot;:0,&quot;3&quot;:3},{&quot;1&quot;:1,&quot;2&quot;:0,&quot;4&quot;:1}]},&quot;8&quot;:{&quot;1&quot;:[{&quot;1&quot;:2,&quot;2&quot;:0,&quot;5&quot;:{&quot;1&quot;:2,&quot;2&quot;:0}},{&quot;1&quot;:0,&quot;2&quot;:0,&quot;3&quot;:3},{&quot;1&quot;:1,&quot;2&quot;:0,&quot;4&quot;:1}]},&quot;9&quot;:0,&quot;10&quot;:0,&quot;11&quot;:4,&quot;12&quot;:0,&quot;14&quot;:{&quot;1&quot;:3,&quot;3&quot;:1},&quot;16&quot;:9,&quot;18&quot;:1}\">kaas maken starterspakket<\/span>? Stel ze via de chatfunctie. We komen er altijd uit.<\/p>\n<h3>NU GRATIS: on demand workshop \u2018maak je eigen Goudse kaas\u2019<\/h3>\n<p><img decoding=\"async\" class=\"lazyload wp-image-19382 alignright\" src=\"https:\/\/startercultures.eu\/wp-content\/uploads\/2022\/01\/maak-je-eigen-Goudse-kaas-300x300.png\" data-orig-src=\"https:\/\/startercultures.eu\/wp-content\/uploads\/2022\/01\/maak-je-eigen-Goudse-kaas-300x300.png\" alt=\"maak je eigen Goudse kaas\" width=\"116\" height=\"116\" srcset=\"data:image\/svg+xml,%3Csvg%20xmlns%3D%27http%3A%2F%2Fwww.w3.org%2F2000%2Fsvg%27%20width%3D%27116%27%20height%3D%27116%27%20viewBox%3D%270%200%20116%20116%27%3E%3Crect%20width%3D%27116%27%20height%3D%27116%27%20fill-opacity%3D%220%22%2F%3E%3C%2Fsvg%3E\" data-srcset=\"https:\/\/startercultures.eu\/wp-content\/uploads\/2022\/01\/maak-je-eigen-Goudse-kaas-66x66.png 66w, https:\/\/startercultures.eu\/wp-content\/uploads\/2022\/01\/maak-je-eigen-Goudse-kaas-100x100.png 100w, https:\/\/startercultures.eu\/wp-content\/uploads\/2022\/01\/maak-je-eigen-Goudse-kaas-150x150.png 150w, https:\/\/startercultures.eu\/wp-content\/uploads\/2022\/01\/maak-je-eigen-Goudse-kaas-200x200.png 200w, https:\/\/startercultures.eu\/wp-content\/uploads\/2022\/01\/maak-je-eigen-Goudse-kaas-300x300.png 300w, https:\/\/startercultures.eu\/wp-content\/uploads\/2022\/01\/maak-je-eigen-Goudse-kaas-400x400.png 400w, https:\/\/startercultures.eu\/wp-content\/uploads\/2022\/01\/maak-je-eigen-Goudse-kaas.png 450w\" data-sizes=\"auto\" data-orig-sizes=\"(max-width: 116px) 100vw, 116px\" \/><\/p>\n<p>Leer alles over zelf Goudse kaas maken in deze <em>culicollab <\/em> <a href=\"https:\/\/startercultures.eu\/nl\/product\/zuivel-ook-vegan-nl\/kaas-nl\/workshops-kaas-nl\/online-on-demand-workshop-maak-je-eigen-goudse-kaas\/\" target=\"_blank\" rel=\"noopener\">online workshop<\/a> van fermentatie-expert en auteur van\u00a0<a class=\"ek-link\" href=\"https:\/\/startercultures.eu\/nl\/product\/boeken\/over-rot-2-0-2019-het-geactualiseerde-handboek-fermenteren-nl\/\" target=\"_blank\" rel=\"noreferrer noopener\" aria-label=\"Over Rot (opens in a new tab)\">Over Rot<\/a> Meneer Wateetons, samen met auteur van h\u00e9t Nederlands zelf-maak-kaasboek &#8216;<a class=\"ek-link\" href=\"https:\/\/www.zeewierkaas.nl\/product\/kaas-uit-eigen-keuken\/\" target=\"_blank\" rel=\"noreferrer noopener\" aria-label=\"Kaas uit Eigen Keuken (opens in a new tab)\">Kaas uit Eigen Keuken<\/a>&#8216; Nils Koster.\u00a0 Je zult de theorie en praktijk leren van het maken van kazen, met een focus op Goudse kaas. Wat maakt van Goudse kaas die wereldberoemde lekkernij? Samen leren we je alles, van de tools die je nodig hebt en alle stappen: van het verzuren, stremmen, koken, persen, en rijpen.<\/p>\n","protected":false},"excerpt":{"rendered":"<p>Dit alles-in-\u00e9\u00e9n starterspakket bevat alle materialen en ingredi\u00ebnten voor het maken van alle soorten harde, geperste, kazen. Zoals Goudse kaas, Parmigiano, Grana Padano, Pecorino, Cheddar, Gruyere, of Emmental. Nu <strong>inclusief<\/strong> <strong>gratis online workshop<\/strong> \u2018maak je eigen Goudse kaas\u2019.<\/p>\n<p><strong>Let op, vergeet niet je vorm te kiezen.<\/strong><\/p>\n","protected":false},"featured_media":19513,"comment_status":"open","ping_status":"closed","template":"","meta":{"_acf_changed":false,"footnotes":""},"product_brand":[],"product_cat":[376,532],"product_tag":[],"class_list":{"0":"post-17028","1":"product","2":"type-product","3":"status-publish","4":"has-post-thumbnail","6":"product_cat-fermentatie-starterkits-nl","7":"product_cat-starterspakketten","8":"product_shipping_class-klein-pakket-nl","10":"first","11":"outofstock","12":"sale","13":"taxable","14":"shipping-taxable","15":"purchasable","16":"product-type-woosb"},"acf":[],"yoast_head":"<!-- This site is optimized with the Yoast SEO plugin v26.6 - https:\/\/yoast.com\/wordpress\/plugins\/seo\/ -->\n<title>zelf kaas maken pakket + gratis workshop | Starterculturen.nl<\/title>\n<meta name=\"description\" content=\"Bestel je zelf kaas maken pakket en ontvang een gratis workshop cadeau! \u2705 met o.a. stremsel en coating \u2705Vandaag besteld is dezelfde dag verzonden\" \/>\n<meta name=\"robots\" content=\"index, follow, max-snippet:-1, max-image-preview:large, max-video-preview:-1\" \/>\n<link rel=\"canonical\" href=\"https:\/\/startercultures.eu\/nl\/product\/fermentation-nl\/zuivel-ook-vegan-nl\/kaas-nl\/starterspakketten\/goudse-kaas-starterspakket\/\" \/>\n<meta property=\"og:locale\" content=\"nl_NL\" \/>\n<meta property=\"og:type\" content=\"article\" \/>\n<meta property=\"og:title\" content=\"zelf kaas maken pakket + gratis workshop | Starterculturen.nl\" \/>\n<meta property=\"og:description\" content=\"Bestel je zelf kaas maken pakket en ontvang een gratis workshop cadeau! \u2705 met o.a. stremsel en coating \u2705Vandaag besteld is dezelfde dag verzonden\" \/>\n<meta property=\"og:url\" content=\"https:\/\/startercultures.eu\/nl\/product\/fermentation-nl\/zuivel-ook-vegan-nl\/kaas-nl\/starterspakketten\/goudse-kaas-starterspakket\/\" \/>\n<meta property=\"og:site_name\" content=\"Startercultures.eu\" \/>\n<meta property=\"article:publisher\" content=\"https:\/\/www.facebook.com\/startercultureseu\" \/>\n<meta property=\"article:modified_time\" content=\"2026-02-01T15:53:26+00:00\" \/>\n<meta property=\"og:image\" content=\"https:\/\/startercultures.eu\/wp-content\/uploads\/2021\/10\/Gouda-cheese.png\" \/>\n\t<meta property=\"og:image:width\" content=\"612\" \/>\n\t<meta property=\"og:image:height\" content=\"408\" \/>\n\t<meta property=\"og:image:type\" content=\"image\/png\" \/>\n<meta name=\"twitter:card\" content=\"summary_large_image\" \/>\n<meta name=\"twitter:label1\" content=\"Price\" \/>\n\t<meta name=\"twitter:data1\" content=\"&euro;63,85\" \/>\n\t<meta name=\"twitter:label2\" content=\"Availability\" \/>\n\t<meta name=\"twitter:data2\" content=\"tijdelijk uitverkocht\" \/>\n<script type=\"application\/ld+json\" class=\"yoast-schema-graph\">{\"@context\":\"https:\/\/schema.org\",\"@graph\":[{\"@type\":\"WebPage\",\"@id\":\"https:\/\/startercultures.eu\/nl\/product\/fermentation-nl\/zuivel-ook-vegan-nl\/kaas-nl\/starterspakketten\/goudse-kaas-starterspakket\/\",\"url\":\"https:\/\/startercultures.eu\/nl\/product\/fermentation-nl\/zuivel-ook-vegan-nl\/kaas-nl\/starterspakketten\/goudse-kaas-starterspakket\/\",\"name\":\"zelf kaas maken pakket + gratis workshop | Starterculturen.nl\",\"isPartOf\":{\"@id\":\"https:\/\/startercultures.eu\/nl\/#website\"},\"primaryImageOfPage\":{\"@id\":\"https:\/\/startercultures.eu\/nl\/product\/fermentation-nl\/zuivel-ook-vegan-nl\/kaas-nl\/starterspakketten\/goudse-kaas-starterspakket\/#primaryimage\"},\"image\":{\"@id\":\"https:\/\/startercultures.eu\/nl\/product\/fermentation-nl\/zuivel-ook-vegan-nl\/kaas-nl\/starterspakketten\/goudse-kaas-starterspakket\/#primaryimage\"},\"thumbnailUrl\":\"https:\/\/startercultures.eu\/wp-content\/uploads\/2021\/10\/Gouda-cheese.png\",\"datePublished\":\"2021-10-13T11:48:19+00:00\",\"dateModified\":\"2026-02-01T15:53:26+00:00\",\"description\":\"Bestel je zelf kaas maken pakket en ontvang een gratis workshop cadeau! \u2705 met o.a. stremsel en coating \u2705Vandaag besteld is dezelfde dag verzonden\",\"breadcrumb\":{\"@id\":\"https:\/\/startercultures.eu\/nl\/product\/fermentation-nl\/zuivel-ook-vegan-nl\/kaas-nl\/starterspakketten\/goudse-kaas-starterspakket\/#breadcrumb\"},\"inLanguage\":\"nl-NL\",\"potentialAction\":[{\"@type\":\"ReadAction\",\"target\":[\"https:\/\/startercultures.eu\/nl\/product\/fermentation-nl\/zuivel-ook-vegan-nl\/kaas-nl\/starterspakketten\/goudse-kaas-starterspakket\/\"]}]},{\"@type\":\"ImageObject\",\"inLanguage\":\"nl-NL\",\"@id\":\"https:\/\/startercultures.eu\/nl\/product\/fermentation-nl\/zuivel-ook-vegan-nl\/kaas-nl\/starterspakketten\/goudse-kaas-starterspakket\/#primaryimage\",\"url\":\"https:\/\/startercultures.eu\/wp-content\/uploads\/2021\/10\/Gouda-cheese.png\",\"contentUrl\":\"https:\/\/startercultures.eu\/wp-content\/uploads\/2021\/10\/Gouda-cheese.png\",\"width\":612,\"height\":408},{\"@type\":\"BreadcrumbList\",\"@id\":\"https:\/\/startercultures.eu\/nl\/product\/fermentation-nl\/zuivel-ook-vegan-nl\/kaas-nl\/starterspakketten\/goudse-kaas-starterspakket\/#breadcrumb\",\"itemListElement\":[{\"@type\":\"ListItem\",\"position\":1,\"name\":\"Home\",\"item\":\"https:\/\/startercultures.eu\/nl\/\"},{\"@type\":\"ListItem\",\"position\":2,\"name\":\"Winkel\",\"item\":\"https:\/\/startercultures.eu\/nl\/winkel\/\"},{\"@type\":\"ListItem\",\"position\":3,\"name\":\"Goudse kaas starterspakket\"}]},{\"@type\":\"WebSite\",\"@id\":\"https:\/\/startercultures.eu\/nl\/#website\",\"url\":\"https:\/\/startercultures.eu\/nl\/\",\"name\":\"Startercultures.eu\",\"description\":\"Startercultures.eu\",\"publisher\":{\"@id\":\"https:\/\/startercultures.eu\/nl\/#organization\"},\"potentialAction\":[{\"@type\":\"SearchAction\",\"target\":{\"@type\":\"EntryPoint\",\"urlTemplate\":\"https:\/\/startercultures.eu\/nl\/?s={search_term_string}\"},\"query-input\":{\"@type\":\"PropertyValueSpecification\",\"valueRequired\":true,\"valueName\":\"search_term_string\"}}],\"inLanguage\":\"nl-NL\"},{\"@type\":\"Organization\",\"@id\":\"https:\/\/startercultures.eu\/nl\/#organization\",\"name\":\"Startercultures.eu\",\"url\":\"https:\/\/startercultures.eu\/nl\/\",\"logo\":{\"@type\":\"ImageObject\",\"inLanguage\":\"nl-NL\",\"@id\":\"https:\/\/startercultures.eu\/nl\/#\/schema\/logo\/image\/\",\"url\":\"https:\/\/startercultures.eu\/wp-content\/uploads\/2020\/08\/startercultures-eu-nl-logo-rond-rgb.png\",\"contentUrl\":\"https:\/\/startercultures.eu\/wp-content\/uploads\/2020\/08\/startercultures-eu-nl-logo-rond-rgb.png\",\"width\":320,\"height\":320,\"caption\":\"Startercultures.eu\"},\"image\":{\"@id\":\"https:\/\/startercultures.eu\/nl\/#\/schema\/logo\/image\/\"},\"sameAs\":[\"https:\/\/www.facebook.com\/startercultureseu\",\"https:\/\/www.instagram.com\/startercultures.eu\/\"],\"hasMerchantReturnPolicy\":{\"@type\":\"MerchantReturnPolicy\",\"merchantReturnLink\":\"https:\/\/startercultures.eu\/return-policy\/\"}}]}<\/script>\n<meta property=\"product:price:amount\" content=\"63.85\" \/>\n<meta property=\"product:price:currency\" content=\"EUR\" \/>\n<meta property=\"og:availability\" content=\"out of stock\" \/>\n<meta property=\"product:availability\" content=\"out of stock\" \/>\n<meta property=\"product:retailer_item_id\" content=\"228\" \/>\n<meta property=\"product:condition\" content=\"new\" \/>\n<!-- \/ Yoast SEO plugin. -->","yoast_head_json":{"title":"zelf kaas maken pakket + gratis workshop | Starterculturen.nl","description":"Bestel je zelf kaas maken pakket en ontvang een gratis workshop cadeau! \u2705 met o.a. stremsel en coating \u2705Vandaag besteld is dezelfde dag verzonden","robots":{"index":"index","follow":"follow","max-snippet":"max-snippet:-1","max-image-preview":"max-image-preview:large","max-video-preview":"max-video-preview:-1"},"canonical":"https:\/\/startercultures.eu\/nl\/product\/fermentation-nl\/zuivel-ook-vegan-nl\/kaas-nl\/starterspakketten\/goudse-kaas-starterspakket\/","og_locale":"nl_NL","og_type":"article","og_title":"zelf kaas maken pakket + gratis workshop | Starterculturen.nl","og_description":"Bestel je zelf kaas maken pakket en ontvang een gratis workshop cadeau! \u2705 met o.a. stremsel en coating \u2705Vandaag besteld is dezelfde dag verzonden","og_url":"https:\/\/startercultures.eu\/nl\/product\/fermentation-nl\/zuivel-ook-vegan-nl\/kaas-nl\/starterspakketten\/goudse-kaas-starterspakket\/","og_site_name":"Startercultures.eu","article_publisher":"https:\/\/www.facebook.com\/startercultureseu","article_modified_time":"2026-02-01T15:53:26+00:00","og_image":[{"width":612,"height":408,"url":"https:\/\/startercultures.eu\/wp-content\/uploads\/2021\/10\/Gouda-cheese.png","type":"image\/png"}],"twitter_card":"summary_large_image","twitter_misc":{"Price":"&euro;63,85","Availability":"tijdelijk uitverkocht"},"schema":{"@context":"https:\/\/schema.org","@graph":[{"@type":"WebPage","@id":"https:\/\/startercultures.eu\/nl\/product\/fermentation-nl\/zuivel-ook-vegan-nl\/kaas-nl\/starterspakketten\/goudse-kaas-starterspakket\/","url":"https:\/\/startercultures.eu\/nl\/product\/fermentation-nl\/zuivel-ook-vegan-nl\/kaas-nl\/starterspakketten\/goudse-kaas-starterspakket\/","name":"zelf kaas maken pakket + gratis workshop | Starterculturen.nl","isPartOf":{"@id":"https:\/\/startercultures.eu\/nl\/#website"},"primaryImageOfPage":{"@id":"https:\/\/startercultures.eu\/nl\/product\/fermentation-nl\/zuivel-ook-vegan-nl\/kaas-nl\/starterspakketten\/goudse-kaas-starterspakket\/#primaryimage"},"image":{"@id":"https:\/\/startercultures.eu\/nl\/product\/fermentation-nl\/zuivel-ook-vegan-nl\/kaas-nl\/starterspakketten\/goudse-kaas-starterspakket\/#primaryimage"},"thumbnailUrl":"https:\/\/startercultures.eu\/wp-content\/uploads\/2021\/10\/Gouda-cheese.png","datePublished":"2021-10-13T11:48:19+00:00","dateModified":"2026-02-01T15:53:26+00:00","description":"Bestel je zelf kaas maken pakket en ontvang een gratis workshop cadeau! \u2705 met o.a. stremsel en coating \u2705Vandaag besteld is dezelfde dag verzonden","breadcrumb":{"@id":"https:\/\/startercultures.eu\/nl\/product\/fermentation-nl\/zuivel-ook-vegan-nl\/kaas-nl\/starterspakketten\/goudse-kaas-starterspakket\/#breadcrumb"},"inLanguage":"nl-NL","potentialAction":[{"@type":"ReadAction","target":["https:\/\/startercultures.eu\/nl\/product\/fermentation-nl\/zuivel-ook-vegan-nl\/kaas-nl\/starterspakketten\/goudse-kaas-starterspakket\/"]}]},{"@type":"ImageObject","inLanguage":"nl-NL","@id":"https:\/\/startercultures.eu\/nl\/product\/fermentation-nl\/zuivel-ook-vegan-nl\/kaas-nl\/starterspakketten\/goudse-kaas-starterspakket\/#primaryimage","url":"https:\/\/startercultures.eu\/wp-content\/uploads\/2021\/10\/Gouda-cheese.png","contentUrl":"https:\/\/startercultures.eu\/wp-content\/uploads\/2021\/10\/Gouda-cheese.png","width":612,"height":408},{"@type":"BreadcrumbList","@id":"https:\/\/startercultures.eu\/nl\/product\/fermentation-nl\/zuivel-ook-vegan-nl\/kaas-nl\/starterspakketten\/goudse-kaas-starterspakket\/#breadcrumb","itemListElement":[{"@type":"ListItem","position":1,"name":"Home","item":"https:\/\/startercultures.eu\/nl\/"},{"@type":"ListItem","position":2,"name":"Winkel","item":"https:\/\/startercultures.eu\/nl\/winkel\/"},{"@type":"ListItem","position":3,"name":"Goudse kaas starterspakket"}]},{"@type":"WebSite","@id":"https:\/\/startercultures.eu\/nl\/#website","url":"https:\/\/startercultures.eu\/nl\/","name":"Startercultures.eu","description":"Startercultures.eu","publisher":{"@id":"https:\/\/startercultures.eu\/nl\/#organization"},"potentialAction":[{"@type":"SearchAction","target":{"@type":"EntryPoint","urlTemplate":"https:\/\/startercultures.eu\/nl\/?s={search_term_string}"},"query-input":{"@type":"PropertyValueSpecification","valueRequired":true,"valueName":"search_term_string"}}],"inLanguage":"nl-NL"},{"@type":"Organization","@id":"https:\/\/startercultures.eu\/nl\/#organization","name":"Startercultures.eu","url":"https:\/\/startercultures.eu\/nl\/","logo":{"@type":"ImageObject","inLanguage":"nl-NL","@id":"https:\/\/startercultures.eu\/nl\/#\/schema\/logo\/image\/","url":"https:\/\/startercultures.eu\/wp-content\/uploads\/2020\/08\/startercultures-eu-nl-logo-rond-rgb.png","contentUrl":"https:\/\/startercultures.eu\/wp-content\/uploads\/2020\/08\/startercultures-eu-nl-logo-rond-rgb.png","width":320,"height":320,"caption":"Startercultures.eu"},"image":{"@id":"https:\/\/startercultures.eu\/nl\/#\/schema\/logo\/image\/"},"sameAs":["https:\/\/www.facebook.com\/startercultureseu","https:\/\/www.instagram.com\/startercultures.eu\/"],"hasMerchantReturnPolicy":{"@type":"MerchantReturnPolicy","merchantReturnLink":"https:\/\/startercultures.eu\/return-policy\/"}}]},"product_price_amount":"63.85","product_price_currency":"EUR","og_availability":"out of stock","product_availability":"out of stock","product_retailer_item_id":"228","product_condition":"new"},"_links":{"self":[{"href":"https:\/\/startercultures.eu\/nl\/wp-json\/wp\/v2\/product\/17028","targetHints":{"allow":["GET"]}}],"collection":[{"href":"https:\/\/startercultures.eu\/nl\/wp-json\/wp\/v2\/product"}],"about":[{"href":"https:\/\/startercultures.eu\/nl\/wp-json\/wp\/v2\/types\/product"}],"replies":[{"embeddable":true,"href":"https:\/\/startercultures.eu\/nl\/wp-json\/wp\/v2\/comments?post=17028"}],"version-history":[{"count":1,"href":"https:\/\/startercultures.eu\/nl\/wp-json\/wp\/v2\/product\/17028\/revisions"}],"predecessor-version":[{"id":44648,"href":"https:\/\/startercultures.eu\/nl\/wp-json\/wp\/v2\/product\/17028\/revisions\/44648"}],"wp:featuredmedia":[{"embeddable":true,"href":"https:\/\/startercultures.eu\/nl\/wp-json\/wp\/v2\/media\/19513"}],"wp:attachment":[{"href":"https:\/\/startercultures.eu\/nl\/wp-json\/wp\/v2\/media?parent=17028"}],"wp:term":[{"taxonomy":"product_brand","embeddable":true,"href":"https:\/\/startercultures.eu\/nl\/wp-json\/wp\/v2\/product_brand?post=17028"},{"taxonomy":"product_cat","embeddable":true,"href":"https:\/\/startercultures.eu\/nl\/wp-json\/wp\/v2\/product_cat?post=17028"},{"taxonomy":"product_tag","embeddable":true,"href":"https:\/\/startercultures.eu\/nl\/wp-json\/wp\/v2\/product_tag?post=17028"}],"curies":[{"name":"wp","href":"https:\/\/api.w.org\/{rel}","templated":true}]}}