{"id":17294,"date":"2021-10-23T16:47:15","date_gmt":"2021-10-23T16:47:15","guid":{"rendered":"https:\/\/startercultures.eu\/?post_type=product&#038;p=17294"},"modified":"2025-12-07T08:05:41","modified_gmt":"2025-12-07T07:05:41","slug":"worstvuller","status":"publish","type":"product","link":"https:\/\/startercultures.eu\/nl\/product\/worst-en-vleeswaren-nl\/hulpmiddelen-nl\/worstvuller\/","title":{"rendered":"Worstvuller  | 3\/5\/7 L (wordt apart nageleverd)"},"content":{"rendered":"<h3>Wat is een worstvuller?<\/h3>\n<p>Een worstvuller is een hulpmiddel dat is ontworpen om (hobby)slagers te helpen bij het vullen van worsten. Hij wordt ook wel stopbus genoemd.<\/p>\n<h3>Waarom een worstvuller of stopbus?<\/h3>\n<p>Het is uiterst belangrijk om worstvlees goed te vullen, anders valt het bij het aansnijden uit elkaar, krijgt het een vreemde vorm, of bestaat tijdens het drogen de kans op bederf of afwijkende kleuren. Hoewel het vullen met een handmolen of met een vulhoorn kan worden gedaan, is een worstvuller een stuk effici\u00ebnter en sneller. Bovendien gaat je vlees maar een keer door de molen, wat te veel opwarming voorkomt.<\/p>\n<p>Als je thuis worst wilt maken, en zeker als je erachter komt dat het je nieuwe hobby gaat zijn, een worstvuller een onmisbaar instrument.<\/p>\n<h3>Hoe werkt deze worstvuller?<\/h3>\n<p>Worst wordt gemaakt door een mengsel van gemalen vlees en kruiden in een darm te stoppen die de worst stevig omsluit. Deze omhulsels werden traditioneel van <a href=\"https:\/\/startercultures.eu\/product\/sausages-and-charcuterie\/casings\/natural-casings\/hog-casing-32-34-mm\/\" target=\"_blank\" rel=\"noopener\">darmen<\/a> gemaakt, maar darmen kunnen nu ook van andere materialen gemaakt zijn &#8211; zelfs <a href=\"https:\/\/startercultures.eu\/product\/vegan-main\/vegan-casings\/edible-vegan-sausage-casings\/\" target=\"_blank\" rel=\"noopener\">eetbare veganistische darmen!<\/a><\/p>\n<p>Je laadt het vlees in de worstvuller en duwt het in de darm, die periodiek kan worden gedraaid om individuele worsten te maken, of in de vorm van een lange worst gelaten kan worden, afhankelijk van de stijl van de worst die je wilt maken.<\/p>\n<p>Deze duurzame food-grade roestvrijstalen worstvuller maakt het aanzienlijk eenvoudiger om een grote hoeveelheid worsten in \u00e9\u00e9n keer te verwerken, rekening houdend met verschillende eisen en verschillende soorten<a href=\"https:\/\/startercultures.eu\/nl\/product-category\/worst-en-vleeswaren-nl\/darmen-nl\/\" target=\"_blank\" rel=\"noopener\"> natuurlijke en niet natuurlijke darmen<\/a> met maar liefst 4 maten food-grade roestvrijstalen vulmondstukken (\u03a615 mm, \u03a621 mm, \u03a630 mm, \u03a637 mm).<\/p>\n<p>Met de ergonomische handgreep kunt u de stuffer handig en moeiteloos bedienen en de stuffer heeft 2 verschillende snelheden, voor snelheid versus controle.<\/p>\n<p>Voorzien van een dubbel ontluchtingsventiel: tijdens het vullen kan de lucht via de ventielen ontsnappen, zodat deze niet in je worsten terechtkomt.<\/p>\n<p>Perfect voor het maken van droge worsten, kookworsten, hotdogs, braadworsten, cajun hot links, etc. Ook geschikt voor commercieel gebruik, zoals in restaurants, supermarkten, slagerijen, enz. Als je worsten eenmaal gevuld zijn, kunnen ze gedroogd, gerookt of gekookt worden.<\/p>\n<h3>Inhoud<\/h3>\n<ul>\n<li>1 worstvuller<\/li>\n<li>Kies zelf de inhoud: 3\/5\/7 L.<\/li>\n<li>4 maten roestvrijstalen vulmonden (\u03a615 mm, \u03a621 mm, \u03a630 mm, \u03a637 mm)<\/li>\n<\/ul>\n<h3>Welke maat moet ik kiezen?<\/h3>\n<p>Wij adviseren 3 of 5 liter voor hobbyisten en 5-7 liter voor semiprofessionals.<\/p>\n<ul>\n<li>3 L: 43 x 21 x 22 cm &#8211; Gewicht: 9 kg<\/li>\n<li>5 L: 56 x 21 x 22 cm &#8211; Gewicht: 10,5 kg<\/li>\n<li>7 L: 69 x 21 x 22 cm &#8211; Gewicht: 12 kg<\/li>\n<\/ul>\n<h3><strong>Verzending<\/strong><\/h3>\n<p>Gelieve op 1 \u00e0 2 weken te rekenen voor levering. Als je meer dan 1 product uit onze winkel bestelt, houdt er dan rekening mee dat deze stopbus vanaf een andere locatie wordt verzonden en in een aparte zending komt. Bewaar\u00a0 je evt. samenbestelde starters ondertussen in de vriezer!<\/p>\n<p>* Kan niet worden geleverd in de VS, Canada, Zwitserland, Liechtenstein, Malta, Finland en Servi\u00eb.<\/p>\n<h3>Hoe onderhoud ik mijn stopbus?<\/h3>\n<p>Deze stopbus is eenvoudig te gebruiken, en er zit een gebruiksaanwijzing bij, voor het geval dat. Het belangrijkste aan het gebruik van een worstenvuller is het schoonmaken. Gehakt is bijzonder gevoelig voor besmetting, dus het is heel belangrijk dat je de worstenvuller goed schoonmaakt, zodat er geen ongewenste bacteri\u00ebn of andere organismen achterblijven op de vuller. Was hem niet in de afwasmachine, maar gebruik heet water en zeep en droog vervolgens alle onderdelen zeer goed af alvorens ze in elkaar te zetten of op te bergen. Extra drogen in een warme oven of licht invetten werkt ook goed voor het onderhoud.<\/p>\n<h3 data-fontsize=\"21\" data-lineheight=\"27.3px\">Worstvuller kopen?<\/h3>\n<p>Je bestelt de stopbus bij starterculturen.nl, d\u00e9 webwinkel voor al je charcuterie-, pat\u00e9- en worstingredi\u00ebnten. Van Meneer Wateetons de auteur van de standaardwerken <a href=\"https:\/\/startercultures.eu\/nl\/product-category\/boeken\/\" target=\"_blank\" rel=\"noopener noreferrer\">De Worstbijbel (2018) en Over Charcuterie (2019)<\/a>. Op werkdagen voor 15:00 besteld, dezelfde dag verzonden.\u00a0 Vragen over het gebruik van de stopbus? Stel ze via de chatfunctie. We komen er altijd uit.<\/p>\n<h3 class=\"fusion-responsive-typography-calculated\" data-fontsize=\"21\" data-lineheight=\"27.3px\">Meer leren?<\/h3>\n<p>Lees voor je je je eigen droge worst of charcuterie gaat maken\u00a0<a href=\"https:\/\/startercultures.eu\/nl\/product-category\/boeken\/\" target=\"_blank\" rel=\"noopener noreferrer\">De Worstbijbel (2018) of Over Charcuterie (2019).<\/a><\/p>\n<h3>Online on demand cursus &#8216;maak je eigen droge worst&#8217;<img decoding=\"async\" class=\"lazyload  wp-image-10646 alignright\" src=\"https:\/\/startercultures.eu\/wp-content\/uploads\/2021\/01\/workshop1-300x300.jpg\" data-orig-src=\"https:\/\/startercultures.eu\/wp-content\/uploads\/2021\/01\/workshop1-300x300.jpg\" alt=\"\" width=\"120\" height=\"120\" srcset=\"data:image\/svg+xml,%3Csvg%20xmlns%3D%27http%3A%2F%2Fwww.w3.org%2F2000%2Fsvg%27%20width%3D%27120%27%20height%3D%27120%27%20viewBox%3D%270%200%20120%20120%27%3E%3Crect%20width%3D%27120%27%20height%3D%27120%27%20fill-opacity%3D%220%22%2F%3E%3C%2Fsvg%3E\" data-srcset=\"https:\/\/startercultures.eu\/wp-content\/uploads\/2021\/01\/workshop1-66x66.jpg 66w, https:\/\/startercultures.eu\/wp-content\/uploads\/2021\/01\/workshop1-70x70.jpg 70w, https:\/\/startercultures.eu\/wp-content\/uploads\/2021\/01\/workshop1-100x100.jpg 100w, https:\/\/startercultures.eu\/wp-content\/uploads\/2021\/01\/workshop1-150x150.jpg 150w, https:\/\/startercultures.eu\/wp-content\/uploads\/2021\/01\/workshop1-200x200.jpg 200w, https:\/\/startercultures.eu\/wp-content\/uploads\/2021\/01\/workshop1-300x300.jpg 300w, https:\/\/startercultures.eu\/wp-content\/uploads\/2021\/01\/workshop1-400x400.jpg 400w, https:\/\/startercultures.eu\/wp-content\/uploads\/2021\/01\/workshop1-500x500.jpg 500w, https:\/\/startercultures.eu\/wp-content\/uploads\/2021\/01\/workshop1-600x600.jpg 600w, https:\/\/startercultures.eu\/wp-content\/uploads\/2021\/01\/workshop1-700x700.jpg 700w, https:\/\/startercultures.eu\/wp-content\/uploads\/2021\/01\/workshop1-768x768.jpg 768w, https:\/\/startercultures.eu\/wp-content\/uploads\/2021\/01\/workshop1-800x800.jpg 800w, https:\/\/startercultures.eu\/wp-content\/uploads\/2021\/01\/workshop1-1024x1024.jpg 1024w, https:\/\/startercultures.eu\/wp-content\/uploads\/2021\/01\/workshop1-1200x1200.jpg 1200w, https:\/\/startercultures.eu\/wp-content\/uploads\/2021\/01\/workshop1-1536x1536.jpg 1536w, https:\/\/startercultures.eu\/wp-content\/uploads\/2021\/01\/workshop1-scaled-scaled.jpg 1920w\" data-sizes=\"auto\" data-orig-sizes=\"(max-width: 120px) 100vw, 120px\" \/><\/h3>\n<p>Verse worst maken is leuk, maar de ware uitdaging van het worstmakersvak is het cre\u00ebren van je eigen droge worst. Wat deze worsten onderscheidt van de verse braadworst is dat ze gefermenteerd\/gerijpt en in de meeste gevallen gedroogd zijn. Dat kun je in \u00e9\u00e9n avond en ook uitstekend <a href=\"https:\/\/startercultures.eu\/nl\/product\/online-workshops-nl\/online-workshop-worst-en-charcuterie\/online-on-demand-workshop-maak-je-eigen-droge-worst\/\" target=\"_blank\" rel=\"noopener\">online leren<\/a> van d\u00e9 expert op dit gebied: Meneer Wateetons, auteur van de Worstbijbel (2018). Kijk <a href=\"https:\/\/startercultures.eu\/nl\/product\/online-workshops-nl\/online-workshop-worst-en-charcuterie\/online-on-demand-workshop-maak-je-eigen-droge-worst\/\" target=\"_blank\" rel=\"noopener\">hier<\/a> voor meer info.<\/p>\n","protected":false},"excerpt":{"rendered":"<p>Deze duurzame roestvrijstalen worstvuller is perfect voor het maken van worsten, hotdogs, braadworsten, cajun hot links, enz. Ook geschikt voor commercieel gebruik, zoals in restaurants, supermarkten, slagerijen, enz. Beschikbaar in 3 maten: 3L, 5L en 10L, met 4 maten vulmond. Levertijd: 2 weken: bewaar\u00a0 je evt. samenbestelde starters ondertussen in de vriezer!<\/p>\n","protected":false},"featured_media":49686,"comment_status":"open","ping_status":"closed","template":"","meta":{"_acf_changed":false,"footnotes":""},"product_brand":[],"product_cat":[62,588,22],"product_tag":[],"class_list":{"0":"post-17294","1":"product","2":"type-product","3":"status-publish","4":"has-post-thumbnail","6":"product_cat-hulpmiddelen-nl","7":"product_cat-vullers","8":"product_cat-worst-en-vleeswaren-nl","9":"pa_size-10l-nl","10":"pa_size-3l-nl","11":"pa_size-5l-nl","12":"pa_size-7l-nl","14":"first","15":"outofstock","16":"taxable","17":"shipping-taxable","18":"purchasable","19":"product-type-variable","20":"has-default-attributes"},"acf":[],"yoast_head":"<!-- This site is optimized with the Yoast SEO plugin v26.6 - https:\/\/yoast.com\/wordpress\/plugins\/seo\/ -->\n<title>Roestvrijstalen worstvuller voor al jouw worsten<\/title>\n<meta name=\"description\" content=\"De worstvuller van Startercultures heeft een capaciteit tot max. 10 liter. \u2713 Verkrijgbaar in 3 maten \u2713 Gratis verzending\" \/>\n<meta name=\"robots\" content=\"index, follow, max-snippet:-1, max-image-preview:large, max-video-preview:-1\" \/>\n<link rel=\"canonical\" href=\"https:\/\/startercultures.eu\/nl\/product\/worst-en-vleeswaren-nl\/hulpmiddelen-nl\/worstvuller\/\" \/>\n<meta property=\"og:locale\" content=\"nl_NL\" \/>\n<meta property=\"og:type\" content=\"article\" \/>\n<meta property=\"og:title\" content=\"Roestvrijstalen worstvuller voor al jouw worsten\" \/>\n<meta property=\"og:description\" content=\"De worstvuller van Startercultures heeft een capaciteit tot max. 10 liter. \u2713 Verkrijgbaar in 3 maten \u2713 Gratis verzending\" \/>\n<meta property=\"og:url\" content=\"https:\/\/startercultures.eu\/nl\/product\/worst-en-vleeswaren-nl\/hulpmiddelen-nl\/worstvuller\/\" \/>\n<meta property=\"og:site_name\" content=\"Startercultures.eu\" \/>\n<meta property=\"article:publisher\" content=\"https:\/\/www.facebook.com\/startercultureseu\" \/>\n<meta property=\"article:modified_time\" content=\"2025-12-07T07:05:41+00:00\" \/>\n<meta property=\"og:image\" content=\"https:\/\/startercultures.eu\/wp-content\/uploads\/2021\/10\/sausage-stuffer.png\" \/>\n\t<meta property=\"og:image:width\" content=\"1000\" \/>\n\t<meta property=\"og:image:height\" content=\"1000\" \/>\n\t<meta property=\"og:image:type\" content=\"image\/png\" \/>\n<meta name=\"twitter:card\" content=\"summary_large_image\" \/>\n<meta name=\"twitter:label1\" content=\"Availability\" \/>\n\t<meta name=\"twitter:data1\" content=\"tijdelijk uitverkocht\" \/>\n<script type=\"application\/ld+json\" class=\"yoast-schema-graph\">{\"@context\":\"https:\/\/schema.org\",\"@graph\":[{\"@type\":\"WebPage\",\"@id\":\"https:\/\/startercultures.eu\/nl\/product\/worst-en-vleeswaren-nl\/hulpmiddelen-nl\/worstvuller\/\",\"url\":\"https:\/\/startercultures.eu\/nl\/product\/worst-en-vleeswaren-nl\/hulpmiddelen-nl\/worstvuller\/\",\"name\":\"Roestvrijstalen worstvuller voor al jouw worsten\",\"isPartOf\":{\"@id\":\"https:\/\/startercultures.eu\/nl\/#website\"},\"primaryImageOfPage\":{\"@id\":\"https:\/\/startercultures.eu\/nl\/product\/worst-en-vleeswaren-nl\/hulpmiddelen-nl\/worstvuller\/#primaryimage\"},\"image\":{\"@id\":\"https:\/\/startercultures.eu\/nl\/product\/worst-en-vleeswaren-nl\/hulpmiddelen-nl\/worstvuller\/#primaryimage\"},\"thumbnailUrl\":\"https:\/\/startercultures.eu\/wp-content\/uploads\/2021\/10\/sausage-stuffer.png\",\"datePublished\":\"2021-10-23T16:47:15+00:00\",\"dateModified\":\"2025-12-07T07:05:41+00:00\",\"description\":\"De worstvuller van Startercultures heeft een capaciteit tot max. 10 liter. \u2713 Verkrijgbaar in 3 maten \u2713 Gratis verzending\",\"breadcrumb\":{\"@id\":\"https:\/\/startercultures.eu\/nl\/product\/worst-en-vleeswaren-nl\/hulpmiddelen-nl\/worstvuller\/#breadcrumb\"},\"inLanguage\":\"nl-NL\",\"potentialAction\":[{\"@type\":\"ReadAction\",\"target\":[\"https:\/\/startercultures.eu\/nl\/product\/worst-en-vleeswaren-nl\/hulpmiddelen-nl\/worstvuller\/\"]}]},{\"@type\":\"ImageObject\",\"inLanguage\":\"nl-NL\",\"@id\":\"https:\/\/startercultures.eu\/nl\/product\/worst-en-vleeswaren-nl\/hulpmiddelen-nl\/worstvuller\/#primaryimage\",\"url\":\"https:\/\/startercultures.eu\/wp-content\/uploads\/2021\/10\/sausage-stuffer.png\",\"contentUrl\":\"https:\/\/startercultures.eu\/wp-content\/uploads\/2021\/10\/sausage-stuffer.png\",\"width\":1000,\"height\":1000},{\"@type\":\"BreadcrumbList\",\"@id\":\"https:\/\/startercultures.eu\/nl\/product\/worst-en-vleeswaren-nl\/hulpmiddelen-nl\/worstvuller\/#breadcrumb\",\"itemListElement\":[{\"@type\":\"ListItem\",\"position\":1,\"name\":\"Home\",\"item\":\"https:\/\/startercultures.eu\/nl\/\"},{\"@type\":\"ListItem\",\"position\":2,\"name\":\"Winkel\",\"item\":\"https:\/\/startercultures.eu\/nl\/winkel\/\"},{\"@type\":\"ListItem\",\"position\":3,\"name\":\"Worstvuller | 3\/5\/7 L (wordt apart nageleverd)\"}]},{\"@type\":\"WebSite\",\"@id\":\"https:\/\/startercultures.eu\/nl\/#website\",\"url\":\"https:\/\/startercultures.eu\/nl\/\",\"name\":\"Startercultures.eu\",\"description\":\"Startercultures.eu\",\"publisher\":{\"@id\":\"https:\/\/startercultures.eu\/nl\/#organization\"},\"potentialAction\":[{\"@type\":\"SearchAction\",\"target\":{\"@type\":\"EntryPoint\",\"urlTemplate\":\"https:\/\/startercultures.eu\/nl\/?s={search_term_string}\"},\"query-input\":{\"@type\":\"PropertyValueSpecification\",\"valueRequired\":true,\"valueName\":\"search_term_string\"}}],\"inLanguage\":\"nl-NL\"},{\"@type\":\"Organization\",\"@id\":\"https:\/\/startercultures.eu\/nl\/#organization\",\"name\":\"Startercultures.eu\",\"url\":\"https:\/\/startercultures.eu\/nl\/\",\"logo\":{\"@type\":\"ImageObject\",\"inLanguage\":\"nl-NL\",\"@id\":\"https:\/\/startercultures.eu\/nl\/#\/schema\/logo\/image\/\",\"url\":\"https:\/\/startercultures.eu\/wp-content\/uploads\/2020\/08\/startercultures-eu-nl-logo-rond-rgb.png\",\"contentUrl\":\"https:\/\/startercultures.eu\/wp-content\/uploads\/2020\/08\/startercultures-eu-nl-logo-rond-rgb.png\",\"width\":320,\"height\":320,\"caption\":\"Startercultures.eu\"},\"image\":{\"@id\":\"https:\/\/startercultures.eu\/nl\/#\/schema\/logo\/image\/\"},\"sameAs\":[\"https:\/\/www.facebook.com\/startercultureseu\",\"https:\/\/www.instagram.com\/startercultures.eu\/\"]}]}<\/script>\n<meta property=\"og:availability\" content=\"out of stock\" \/>\n<meta property=\"product:availability\" content=\"out of stock\" \/>\n<meta property=\"product:retailer_item_id\" content=\"229\" \/>\n<meta property=\"product:condition\" content=\"new\" \/>\n<!-- \/ Yoast SEO plugin. -->","yoast_head_json":{"title":"Roestvrijstalen worstvuller voor al jouw worsten","description":"De worstvuller van Startercultures heeft een capaciteit tot max. 10 liter. \u2713 Verkrijgbaar in 3 maten \u2713 Gratis verzending","robots":{"index":"index","follow":"follow","max-snippet":"max-snippet:-1","max-image-preview":"max-image-preview:large","max-video-preview":"max-video-preview:-1"},"canonical":"https:\/\/startercultures.eu\/nl\/product\/worst-en-vleeswaren-nl\/hulpmiddelen-nl\/worstvuller\/","og_locale":"nl_NL","og_type":"article","og_title":"Roestvrijstalen worstvuller voor al jouw worsten","og_description":"De worstvuller van Startercultures heeft een capaciteit tot max. 10 liter. \u2713 Verkrijgbaar in 3 maten \u2713 Gratis verzending","og_url":"https:\/\/startercultures.eu\/nl\/product\/worst-en-vleeswaren-nl\/hulpmiddelen-nl\/worstvuller\/","og_site_name":"Startercultures.eu","article_publisher":"https:\/\/www.facebook.com\/startercultureseu","article_modified_time":"2025-12-07T07:05:41+00:00","og_image":[{"width":1000,"height":1000,"url":"https:\/\/startercultures.eu\/wp-content\/uploads\/2021\/10\/sausage-stuffer.png","type":"image\/png"}],"twitter_card":"summary_large_image","twitter_misc":{"Availability":"tijdelijk uitverkocht"},"schema":{"@context":"https:\/\/schema.org","@graph":[{"@type":"WebPage","@id":"https:\/\/startercultures.eu\/nl\/product\/worst-en-vleeswaren-nl\/hulpmiddelen-nl\/worstvuller\/","url":"https:\/\/startercultures.eu\/nl\/product\/worst-en-vleeswaren-nl\/hulpmiddelen-nl\/worstvuller\/","name":"Roestvrijstalen worstvuller voor al jouw worsten","isPartOf":{"@id":"https:\/\/startercultures.eu\/nl\/#website"},"primaryImageOfPage":{"@id":"https:\/\/startercultures.eu\/nl\/product\/worst-en-vleeswaren-nl\/hulpmiddelen-nl\/worstvuller\/#primaryimage"},"image":{"@id":"https:\/\/startercultures.eu\/nl\/product\/worst-en-vleeswaren-nl\/hulpmiddelen-nl\/worstvuller\/#primaryimage"},"thumbnailUrl":"https:\/\/startercultures.eu\/wp-content\/uploads\/2021\/10\/sausage-stuffer.png","datePublished":"2021-10-23T16:47:15+00:00","dateModified":"2025-12-07T07:05:41+00:00","description":"De worstvuller van Startercultures heeft een capaciteit tot max. 10 liter. \u2713 Verkrijgbaar in 3 maten \u2713 Gratis verzending","breadcrumb":{"@id":"https:\/\/startercultures.eu\/nl\/product\/worst-en-vleeswaren-nl\/hulpmiddelen-nl\/worstvuller\/#breadcrumb"},"inLanguage":"nl-NL","potentialAction":[{"@type":"ReadAction","target":["https:\/\/startercultures.eu\/nl\/product\/worst-en-vleeswaren-nl\/hulpmiddelen-nl\/worstvuller\/"]}]},{"@type":"ImageObject","inLanguage":"nl-NL","@id":"https:\/\/startercultures.eu\/nl\/product\/worst-en-vleeswaren-nl\/hulpmiddelen-nl\/worstvuller\/#primaryimage","url":"https:\/\/startercultures.eu\/wp-content\/uploads\/2021\/10\/sausage-stuffer.png","contentUrl":"https:\/\/startercultures.eu\/wp-content\/uploads\/2021\/10\/sausage-stuffer.png","width":1000,"height":1000},{"@type":"BreadcrumbList","@id":"https:\/\/startercultures.eu\/nl\/product\/worst-en-vleeswaren-nl\/hulpmiddelen-nl\/worstvuller\/#breadcrumb","itemListElement":[{"@type":"ListItem","position":1,"name":"Home","item":"https:\/\/startercultures.eu\/nl\/"},{"@type":"ListItem","position":2,"name":"Winkel","item":"https:\/\/startercultures.eu\/nl\/winkel\/"},{"@type":"ListItem","position":3,"name":"Worstvuller | 3\/5\/7 L (wordt apart nageleverd)"}]},{"@type":"WebSite","@id":"https:\/\/startercultures.eu\/nl\/#website","url":"https:\/\/startercultures.eu\/nl\/","name":"Startercultures.eu","description":"Startercultures.eu","publisher":{"@id":"https:\/\/startercultures.eu\/nl\/#organization"},"potentialAction":[{"@type":"SearchAction","target":{"@type":"EntryPoint","urlTemplate":"https:\/\/startercultures.eu\/nl\/?s={search_term_string}"},"query-input":{"@type":"PropertyValueSpecification","valueRequired":true,"valueName":"search_term_string"}}],"inLanguage":"nl-NL"},{"@type":"Organization","@id":"https:\/\/startercultures.eu\/nl\/#organization","name":"Startercultures.eu","url":"https:\/\/startercultures.eu\/nl\/","logo":{"@type":"ImageObject","inLanguage":"nl-NL","@id":"https:\/\/startercultures.eu\/nl\/#\/schema\/logo\/image\/","url":"https:\/\/startercultures.eu\/wp-content\/uploads\/2020\/08\/startercultures-eu-nl-logo-rond-rgb.png","contentUrl":"https:\/\/startercultures.eu\/wp-content\/uploads\/2020\/08\/startercultures-eu-nl-logo-rond-rgb.png","width":320,"height":320,"caption":"Startercultures.eu"},"image":{"@id":"https:\/\/startercultures.eu\/nl\/#\/schema\/logo\/image\/"},"sameAs":["https:\/\/www.facebook.com\/startercultureseu","https:\/\/www.instagram.com\/startercultures.eu\/"]}]},"og_availability":"out of stock","product_availability":"out of stock","product_retailer_item_id":"229","product_condition":"new"},"_links":{"self":[{"href":"https:\/\/startercultures.eu\/nl\/wp-json\/wp\/v2\/product\/17294","targetHints":{"allow":["GET"]}}],"collection":[{"href":"https:\/\/startercultures.eu\/nl\/wp-json\/wp\/v2\/product"}],"about":[{"href":"https:\/\/startercultures.eu\/nl\/wp-json\/wp\/v2\/types\/product"}],"replies":[{"embeddable":true,"href":"https:\/\/startercultures.eu\/nl\/wp-json\/wp\/v2\/comments?post=17294"}],"version-history":[{"count":1,"href":"https:\/\/startercultures.eu\/nl\/wp-json\/wp\/v2\/product\/17294\/revisions"}],"predecessor-version":[{"id":49707,"href":"https:\/\/startercultures.eu\/nl\/wp-json\/wp\/v2\/product\/17294\/revisions\/49707"}],"wp:featuredmedia":[{"embeddable":true,"href":"https:\/\/startercultures.eu\/nl\/wp-json\/wp\/v2\/media\/49686"}],"wp:attachment":[{"href":"https:\/\/startercultures.eu\/nl\/wp-json\/wp\/v2\/media?parent=17294"}],"wp:term":[{"taxonomy":"product_brand","embeddable":true,"href":"https:\/\/startercultures.eu\/nl\/wp-json\/wp\/v2\/product_brand?post=17294"},{"taxonomy":"product_cat","embeddable":true,"href":"https:\/\/startercultures.eu\/nl\/wp-json\/wp\/v2\/product_cat?post=17294"},{"taxonomy":"product_tag","embeddable":true,"href":"https:\/\/startercultures.eu\/nl\/wp-json\/wp\/v2\/product_tag?post=17294"}],"curies":[{"name":"wp","href":"https:\/\/api.w.org\/{rel}","templated":true}]}}