{"id":17345,"date":"2021-10-26T08:14:57","date_gmt":"2021-10-26T08:14:57","guid":{"rendered":"https:\/\/startercultures.eu\/?post_type=product&#038;p=17345"},"modified":"2026-03-05T15:47:09","modified_gmt":"2026-03-05T14:47:09","slug":"runderblaas-voor-en-vessie-koken","status":"publish","type":"product","link":"https:\/\/startercultures.eu\/nl\/product\/worst-en-vleeswaren-nl\/darmen-nl\/natuurdarmen-nl\/runderblaas-voor-en-vessie-koken\/","title":{"rendered":"Runderblaas | voor &#8220;en vessie&#8221; koken of culatello | XL en XXL"},"content":{"rendered":"<p>De vroegste beschrijving van het gebruik van de blaas bij het koken komt uit Griekenland in Aristophanes&#8217; <em>De wolken<\/em> (\u039d\u03b5\u03c6\u03ad\u03bb\u03b1\u03b9- 423 v. Chr.) waarin wordt beschreven hoe voedsel dat in de blaas van een schaap werd gestopt om te roosteren, eruit liep toen de blaas scheurde. Waarschijnlijk gebeurde dit omdat de oude Grieken een te kleine blaas gebruikten. Geen risico dat dit gebeurt met deze enorme runderblaas!<\/p>\n<h3>Wat is een runderblaas?<\/h3>\n<p>Een runderblaas is een schoongemaakte en gedroogde blaas van een koe.<\/p>\n<h3>Chefambities? Waar gebruik je een runderblaas voor?<\/h3>\n<p><strong>&#8220;En vessie&#8221;<\/strong> verwijst naar een kookmethode waarbij vlees of een ander gerecht in een blaas wordt gekookt. De bekendste toepassing is de Bresse-kip: <em>Poularde de Bresse en vessie<\/em>; een kip die gevuld wordt met bijvoorbeeld foie gras en truffels, vervolgens in de blaas wordt gestopt en gedurende 60 minuten in kippenbouillon wordt gepocheerd. Het voordeel van deze methode is dat het vlees niet in contact komt met het kookvocht en dat de sappen van de kip allemaal in de kip blijven. De beroemde Franse chef-kok Paul Bocuse was 40 jaar lang houder van 3 Michelin-sterren, en dit was een van zijn beroemdste uitvindingen. Je kunt nog steeds genieten van deze beroemdste kip in zijn <em>Collonges-au-Mont-d&#8217;Or<\/em> in de buurt van Lyon voor \u20ac 500 voor 2, maar als het je aan de tijd ontbreekt.. waarom maak je dit dan niet zelf thuis? De enorme omvang van deze blaas maakt hem geschikt voor de grootste kippen.<\/p>\n<p><strong>Culatello<\/strong> &#8211; een runderblaas is groot genoeg voor een een culatello, de beroemde Italiaanse ham<\/p>\n<h3>Inhoud<\/h3>\n<ul>\n<li>E\u00e9n gedroogde koeienblaas, kies je maat: XL of XXL<\/li>\n<li>Herkomst: Frankrijk<\/li>\n<li>Let op: een gedroogde blaas rekt minder dan een verse blaas.<\/li>\n<li>Inhoud: ca 6 liter (XL) en 6-10 liter (XXL)<\/li>\n<\/ul>\n<h3>Instructie<\/h3>\n<ul>\n<li>Laat de blaas een nacht weken in water in de koelkast<\/li>\n<li>Maak de opening indien nodig wijder met een mes<\/li>\n<li>Vul de blaas herhaaldelijk met lauw water om hem steeds verder uit te rekken<\/li>\n<li>Keer de blaas voor gebruik binnenstebuiten<\/li>\n<li>Gebruik<a href=\"https:\/\/www.youtube.com\/watch?v=QTjDik8L10Y\" target=\"_blank\" rel=\"noopener\"> dit recept<\/a> van Chef Gilles Reinhardt<\/li>\n<\/ul>\n<p>We hebben ook de kleinere maten voor beginnende chefs: de <a href=\"https:\/\/startercultures.eu\/product\/sausages-and-charcuterie\/casings\/natural-casings\/pig-s-bladder\/\" target=\"_blank\" rel=\"noopener\">varkensblaas<\/a> en de <a href=\"https:\/\/startercultures.eu\/product\/sausages-and-charcuterie\/casings\/natural-casings\/sows-bladder\/\" target=\"_blank\" rel=\"noopener\">zeugenblaas<\/a>.<\/p>\n<p>&nbsp;<\/p>\n<div class=\"video-shortcode\"><iframe title=\"Chicken in Pork Bladder by Patrick Henriroux\" width=\"1100\" height=\"825\" src=\"https:\/\/www.youtube.com\/embed\/Wdj4GkGEerA?feature=oembed\" frameborder=\"0\" allow=\"accelerometer; autoplay; clipboard-write; encrypted-media; gyroscope; picture-in-picture; web-share\" referrerpolicy=\"strict-origin-when-cross-origin\" allowfullscreen><\/iframe><\/div>\n<div class=\"video-shortcode\"><iframe title=\"Rigatoni Cacio e Pepe en Vessie - Lido 84 (ENGLISH SUB)\" width=\"1100\" height=\"619\" src=\"https:\/\/www.youtube.com\/embed\/3Ak8jmRthI0?feature=oembed\" frameborder=\"0\" allow=\"accelerometer; autoplay; clipboard-write; encrypted-media; gyroscope; picture-in-picture; web-share\" referrerpolicy=\"strict-origin-when-cross-origin\" allowfullscreen><\/iframe><\/div>\n<h3 data-fontsize=\"21\" data-lineheight=\"27.3px\">Runderblaas kopen?<\/h3>\n<p>Je bestelt de runderblaas bij starterculturen.nl, d\u00e9 webwinkel voor al je charcuterie-, pat\u00e9- en worstingredi\u00ebnten. Van Meneer Wateetons de auteur van de standaardwerken <a href=\"https:\/\/startercultures.eu\/nl\/product-category\/boeken\/\" target=\"_blank\" rel=\"noopener noreferrer\">De Worstbijbel (2018) en Over Charcuterie (2019)<\/a>. Op werkdagen voor 15:00 besteld, dezelfde dag verzonden.\u00a0 Vragen over het gebruik van de stopbus? Stel ze via de chatfunctie. We komen er altijd uit.<\/p>\n<h3>Online on demand workshop &#8216;maak je eigen droge worst&#8217;<img decoding=\"async\" class=\"lazyload  wp-image-10646 alignright\" src=\"https:\/\/startercultures.eu\/wp-content\/uploads\/2021\/01\/workshop1-300x300.jpg\" data-orig-src=\"https:\/\/startercultures.eu\/wp-content\/uploads\/2021\/01\/workshop1-300x300.jpg\" alt=\"\" width=\"120\" height=\"120\" srcset=\"data:image\/svg+xml,%3Csvg%20xmlns%3D%27http%3A%2F%2Fwww.w3.org%2F2000%2Fsvg%27%20width%3D%27120%27%20height%3D%27120%27%20viewBox%3D%270%200%20120%20120%27%3E%3Crect%20width%3D%27120%27%20height%3D%27120%27%20fill-opacity%3D%220%22%2F%3E%3C%2Fsvg%3E\" data-srcset=\"https:\/\/startercultures.eu\/wp-content\/uploads\/2021\/01\/workshop1-66x66.jpg 66w, https:\/\/startercultures.eu\/wp-content\/uploads\/2021\/01\/workshop1-70x70.jpg 70w, https:\/\/startercultures.eu\/wp-content\/uploads\/2021\/01\/workshop1-100x100.jpg 100w, https:\/\/startercultures.eu\/wp-content\/uploads\/2021\/01\/workshop1-150x150.jpg 150w, https:\/\/startercultures.eu\/wp-content\/uploads\/2021\/01\/workshop1-200x200.jpg 200w, https:\/\/startercultures.eu\/wp-content\/uploads\/2021\/01\/workshop1-300x300.jpg 300w, https:\/\/startercultures.eu\/wp-content\/uploads\/2021\/01\/workshop1-400x400.jpg 400w, https:\/\/startercultures.eu\/wp-content\/uploads\/2021\/01\/workshop1-500x500.jpg 500w, https:\/\/startercultures.eu\/wp-content\/uploads\/2021\/01\/workshop1-600x600.jpg 600w, https:\/\/startercultures.eu\/wp-content\/uploads\/2021\/01\/workshop1-700x700.jpg 700w, https:\/\/startercultures.eu\/wp-content\/uploads\/2021\/01\/workshop1-768x768.jpg 768w, https:\/\/startercultures.eu\/wp-content\/uploads\/2021\/01\/workshop1-800x800.jpg 800w, https:\/\/startercultures.eu\/wp-content\/uploads\/2021\/01\/workshop1-1024x1024.jpg 1024w, https:\/\/startercultures.eu\/wp-content\/uploads\/2021\/01\/workshop1-1200x1200.jpg 1200w, https:\/\/startercultures.eu\/wp-content\/uploads\/2021\/01\/workshop1-1536x1536.jpg 1536w, https:\/\/startercultures.eu\/wp-content\/uploads\/2021\/01\/workshop1-scaled-scaled.jpg 1920w\" data-sizes=\"auto\" data-orig-sizes=\"(max-width: 120px) 100vw, 120px\" \/><\/h3>\n<p>Verse worst maken is leuk, maar de ware uitdaging van het worstmakersvak is het cre\u00ebren van je eigen droge worst. Wat deze worsten onderscheidt van de verse braadworst is dat ze gefermenteerd\/gerijpt en in de meeste gevallen gedroogd zijn. Dat kun je in \u00e9\u00e9n avond en ook uitstekend <a href=\"https:\/\/startercultures.eu\/nl\/product\/online-workshops-nl\/online-workshop-worst-en-charcuterie\/online-on-demand-workshop-maak-je-eigen-droge-worst\/\" target=\"_blank\" rel=\"noopener\">online leren<\/a> van d\u00e9 expert op dit gebied: Meneer Wateetons, auteur van de Worstbijbel (2018). Kijk <a href=\"https:\/\/startercultures.eu\/nl\/product\/online-workshops-nl\/online-workshop-worst-en-charcuterie\/online-on-demand-workshop-maak-je-eigen-droge-worst\/\" target=\"_blank\" rel=\"noopener\">hier<\/a> voor meer info.<\/p>\n","protected":false},"excerpt":{"rendered":"<p>Maak je eigen 3-sterren kip met deze runderblaas. De enorme maat van deze blaas maakt hem geschikt voor de grootste kippen of voor het zelf maken van een culatello.<\/p>\n","protected":false},"featured_media":17394,"comment_status":"open","ping_status":"closed","template":"","meta":{"_acf_changed":false,"footnotes":""},"product_brand":[],"product_cat":[52,46],"product_tag":[],"class_list":{"0":"post-17345","1":"product","2":"type-product","3":"status-publish","4":"has-post-thumbnail","6":"product_cat-natuurdarmen-nl","7":"product_cat-darmen-nl","8":"pa_ean-8720297621369-nl","9":"pa_ean-8720297621437-nl","10":"pa_size-xl-nl","11":"pa_size-xxl-nl","13":"first","14":"instock","15":"taxable","16":"shipping-taxable","17":"purchasable","18":"product-type-variable","19":"has-default-attributes"},"acf":[],"yoast_head":"<!-- This site is optimized with the Yoast SEO plugin v26.6 - https:\/\/yoast.com\/wordpress\/plugins\/seo\/ -->\n<title>runderblaas |Startercultures.eu<\/title>\n<meta name=\"description\" content=\"Maak je eigen 3-sterren kip met deze runderblaas. De enorme maat van deze blaas maakt hem geschikt voor de grootste kippen.\" \/>\n<meta name=\"robots\" content=\"index, follow, max-snippet:-1, max-image-preview:large, max-video-preview:-1\" \/>\n<link rel=\"canonical\" href=\"https:\/\/startercultures.eu\/nl\/product\/worst-en-vleeswaren-nl\/darmen-nl\/natuurdarmen-nl\/runderblaas-voor-en-vessie-koken\/\" \/>\n<meta property=\"og:locale\" content=\"nl_NL\" \/>\n<meta property=\"og:type\" content=\"article\" \/>\n<meta property=\"og:title\" content=\"runderblaas |Startercultures.eu\" \/>\n<meta property=\"og:description\" content=\"Maak je eigen 3-sterren kip met deze runderblaas. De enorme maat van deze blaas maakt hem geschikt voor de grootste kippen.\" \/>\n<meta property=\"og:url\" content=\"https:\/\/startercultures.eu\/nl\/product\/worst-en-vleeswaren-nl\/darmen-nl\/natuurdarmen-nl\/runderblaas-voor-en-vessie-koken\/\" \/>\n<meta property=\"og:site_name\" content=\"Startercultures.eu\" \/>\n<meta property=\"article:publisher\" content=\"https:\/\/www.facebook.com\/startercultureseu\" \/>\n<meta property=\"article:modified_time\" content=\"2026-03-05T14:47:09+00:00\" \/>\n<meta property=\"og:image\" content=\"https:\/\/startercultures.eu\/wp-content\/uploads\/2021\/10\/216-runder-blaas-mu.png\" \/>\n\t<meta property=\"og:image:width\" content=\"1250\" \/>\n\t<meta property=\"og:image:height\" content=\"1250\" \/>\n\t<meta property=\"og:image:type\" content=\"image\/png\" \/>\n<meta name=\"twitter:card\" content=\"summary_large_image\" \/>\n<meta name=\"twitter:label1\" content=\"Availability\" \/>\n\t<meta name=\"twitter:data1\" content=\"Op voorraad\" \/>\n<script type=\"application\/ld+json\" class=\"yoast-schema-graph\">{\"@context\":\"https:\/\/schema.org\",\"@graph\":[{\"@type\":\"WebPage\",\"@id\":\"https:\/\/startercultures.eu\/nl\/product\/worst-en-vleeswaren-nl\/darmen-nl\/natuurdarmen-nl\/runderblaas-voor-en-vessie-koken\/\",\"url\":\"https:\/\/startercultures.eu\/nl\/product\/worst-en-vleeswaren-nl\/darmen-nl\/natuurdarmen-nl\/runderblaas-voor-en-vessie-koken\/\",\"name\":\"runderblaas |Startercultures.eu\",\"isPartOf\":{\"@id\":\"https:\/\/startercultures.eu\/nl\/#website\"},\"primaryImageOfPage\":{\"@id\":\"https:\/\/startercultures.eu\/nl\/product\/worst-en-vleeswaren-nl\/darmen-nl\/natuurdarmen-nl\/runderblaas-voor-en-vessie-koken\/#primaryimage\"},\"image\":{\"@id\":\"https:\/\/startercultures.eu\/nl\/product\/worst-en-vleeswaren-nl\/darmen-nl\/natuurdarmen-nl\/runderblaas-voor-en-vessie-koken\/#primaryimage\"},\"thumbnailUrl\":\"https:\/\/startercultures.eu\/wp-content\/uploads\/2021\/10\/beef-bladder-e1635273580214.png\",\"datePublished\":\"2021-10-26T08:14:57+00:00\",\"dateModified\":\"2026-03-05T14:47:09+00:00\",\"description\":\"Maak je eigen 3-sterren kip met deze runderblaas. De enorme maat van deze blaas maakt hem geschikt voor de grootste kippen.\",\"breadcrumb\":{\"@id\":\"https:\/\/startercultures.eu\/nl\/product\/worst-en-vleeswaren-nl\/darmen-nl\/natuurdarmen-nl\/runderblaas-voor-en-vessie-koken\/#breadcrumb\"},\"inLanguage\":\"nl-NL\",\"potentialAction\":[{\"@type\":\"ReadAction\",\"target\":[\"https:\/\/startercultures.eu\/nl\/product\/worst-en-vleeswaren-nl\/darmen-nl\/natuurdarmen-nl\/runderblaas-voor-en-vessie-koken\/\"]}]},{\"@type\":\"ImageObject\",\"inLanguage\":\"nl-NL\",\"@id\":\"https:\/\/startercultures.eu\/nl\/product\/worst-en-vleeswaren-nl\/darmen-nl\/natuurdarmen-nl\/runderblaas-voor-en-vessie-koken\/#primaryimage\",\"url\":\"https:\/\/startercultures.eu\/wp-content\/uploads\/2021\/10\/beef-bladder-e1635273580214.png\",\"contentUrl\":\"https:\/\/startercultures.eu\/wp-content\/uploads\/2021\/10\/beef-bladder-e1635273580214.png\",\"width\":575,\"height\":450,\"caption\":\"runderblaas\"},{\"@type\":\"BreadcrumbList\",\"@id\":\"https:\/\/startercultures.eu\/nl\/product\/worst-en-vleeswaren-nl\/darmen-nl\/natuurdarmen-nl\/runderblaas-voor-en-vessie-koken\/#breadcrumb\",\"itemListElement\":[{\"@type\":\"ListItem\",\"position\":1,\"name\":\"Home\",\"item\":\"https:\/\/startercultures.eu\/nl\/\"},{\"@type\":\"ListItem\",\"position\":2,\"name\":\"Winkel\",\"item\":\"https:\/\/startercultures.eu\/nl\/winkel\/\"},{\"@type\":\"ListItem\",\"position\":3,\"name\":\"Runderblaas | voor &#8220;en vessie&#8221; koken of culatello | XL en XXL\"}]},{\"@type\":\"WebSite\",\"@id\":\"https:\/\/startercultures.eu\/nl\/#website\",\"url\":\"https:\/\/startercultures.eu\/nl\/\",\"name\":\"Startercultures.eu\",\"description\":\"Startercultures.eu\",\"publisher\":{\"@id\":\"https:\/\/startercultures.eu\/nl\/#organization\"},\"potentialAction\":[{\"@type\":\"SearchAction\",\"target\":{\"@type\":\"EntryPoint\",\"urlTemplate\":\"https:\/\/startercultures.eu\/nl\/?s={search_term_string}\"},\"query-input\":{\"@type\":\"PropertyValueSpecification\",\"valueRequired\":true,\"valueName\":\"search_term_string\"}}],\"inLanguage\":\"nl-NL\"},{\"@type\":\"Organization\",\"@id\":\"https:\/\/startercultures.eu\/nl\/#organization\",\"name\":\"Startercultures.eu\",\"url\":\"https:\/\/startercultures.eu\/nl\/\",\"logo\":{\"@type\":\"ImageObject\",\"inLanguage\":\"nl-NL\",\"@id\":\"https:\/\/startercultures.eu\/nl\/#\/schema\/logo\/image\/\",\"url\":\"https:\/\/startercultures.eu\/wp-content\/uploads\/2020\/08\/startercultures-eu-nl-logo-rond-rgb.png\",\"contentUrl\":\"https:\/\/startercultures.eu\/wp-content\/uploads\/2020\/08\/startercultures-eu-nl-logo-rond-rgb.png\",\"width\":320,\"height\":320,\"caption\":\"Startercultures.eu\"},\"image\":{\"@id\":\"https:\/\/startercultures.eu\/nl\/#\/schema\/logo\/image\/\"},\"sameAs\":[\"https:\/\/www.facebook.com\/startercultureseu\",\"https:\/\/www.instagram.com\/startercultures.eu\/\"],\"hasMerchantReturnPolicy\":{\"@type\":\"MerchantReturnPolicy\",\"merchantReturnLink\":\"https:\/\/startercultures.eu\/return-policy\/\"}}]}<\/script>\n<meta property=\"og:availability\" content=\"instock\" \/>\n<meta property=\"product:availability\" content=\"instock\" \/>\n<meta property=\"product:retailer_item_id\" content=\"236\" \/>\n<meta property=\"product:condition\" content=\"new\" \/>\n<!-- \/ Yoast SEO plugin. -->","yoast_head_json":{"title":"runderblaas |Startercultures.eu","description":"Maak je eigen 3-sterren kip met deze runderblaas. De enorme maat van deze blaas maakt hem geschikt voor de grootste kippen.","robots":{"index":"index","follow":"follow","max-snippet":"max-snippet:-1","max-image-preview":"max-image-preview:large","max-video-preview":"max-video-preview:-1"},"canonical":"https:\/\/startercultures.eu\/nl\/product\/worst-en-vleeswaren-nl\/darmen-nl\/natuurdarmen-nl\/runderblaas-voor-en-vessie-koken\/","og_locale":"nl_NL","og_type":"article","og_title":"runderblaas |Startercultures.eu","og_description":"Maak je eigen 3-sterren kip met deze runderblaas. De enorme maat van deze blaas maakt hem geschikt voor de grootste kippen.","og_url":"https:\/\/startercultures.eu\/nl\/product\/worst-en-vleeswaren-nl\/darmen-nl\/natuurdarmen-nl\/runderblaas-voor-en-vessie-koken\/","og_site_name":"Startercultures.eu","article_publisher":"https:\/\/www.facebook.com\/startercultureseu","article_modified_time":"2026-03-05T14:47:09+00:00","og_image":[{"width":1250,"height":1250,"url":"https:\/\/startercultures.eu\/wp-content\/uploads\/2021\/10\/216-runder-blaas-mu.png","type":"image\/png"}],"twitter_card":"summary_large_image","twitter_misc":{"Availability":"Op voorraad"},"schema":{"@context":"https:\/\/schema.org","@graph":[{"@type":"WebPage","@id":"https:\/\/startercultures.eu\/nl\/product\/worst-en-vleeswaren-nl\/darmen-nl\/natuurdarmen-nl\/runderblaas-voor-en-vessie-koken\/","url":"https:\/\/startercultures.eu\/nl\/product\/worst-en-vleeswaren-nl\/darmen-nl\/natuurdarmen-nl\/runderblaas-voor-en-vessie-koken\/","name":"runderblaas |Startercultures.eu","isPartOf":{"@id":"https:\/\/startercultures.eu\/nl\/#website"},"primaryImageOfPage":{"@id":"https:\/\/startercultures.eu\/nl\/product\/worst-en-vleeswaren-nl\/darmen-nl\/natuurdarmen-nl\/runderblaas-voor-en-vessie-koken\/#primaryimage"},"image":{"@id":"https:\/\/startercultures.eu\/nl\/product\/worst-en-vleeswaren-nl\/darmen-nl\/natuurdarmen-nl\/runderblaas-voor-en-vessie-koken\/#primaryimage"},"thumbnailUrl":"https:\/\/startercultures.eu\/wp-content\/uploads\/2021\/10\/beef-bladder-e1635273580214.png","datePublished":"2021-10-26T08:14:57+00:00","dateModified":"2026-03-05T14:47:09+00:00","description":"Maak je eigen 3-sterren kip met deze runderblaas. De enorme maat van deze blaas maakt hem geschikt voor de grootste kippen.","breadcrumb":{"@id":"https:\/\/startercultures.eu\/nl\/product\/worst-en-vleeswaren-nl\/darmen-nl\/natuurdarmen-nl\/runderblaas-voor-en-vessie-koken\/#breadcrumb"},"inLanguage":"nl-NL","potentialAction":[{"@type":"ReadAction","target":["https:\/\/startercultures.eu\/nl\/product\/worst-en-vleeswaren-nl\/darmen-nl\/natuurdarmen-nl\/runderblaas-voor-en-vessie-koken\/"]}]},{"@type":"ImageObject","inLanguage":"nl-NL","@id":"https:\/\/startercultures.eu\/nl\/product\/worst-en-vleeswaren-nl\/darmen-nl\/natuurdarmen-nl\/runderblaas-voor-en-vessie-koken\/#primaryimage","url":"https:\/\/startercultures.eu\/wp-content\/uploads\/2021\/10\/beef-bladder-e1635273580214.png","contentUrl":"https:\/\/startercultures.eu\/wp-content\/uploads\/2021\/10\/beef-bladder-e1635273580214.png","width":575,"height":450,"caption":"runderblaas"},{"@type":"BreadcrumbList","@id":"https:\/\/startercultures.eu\/nl\/product\/worst-en-vleeswaren-nl\/darmen-nl\/natuurdarmen-nl\/runderblaas-voor-en-vessie-koken\/#breadcrumb","itemListElement":[{"@type":"ListItem","position":1,"name":"Home","item":"https:\/\/startercultures.eu\/nl\/"},{"@type":"ListItem","position":2,"name":"Winkel","item":"https:\/\/startercultures.eu\/nl\/winkel\/"},{"@type":"ListItem","position":3,"name":"Runderblaas | voor &#8220;en vessie&#8221; koken of culatello | XL en XXL"}]},{"@type":"WebSite","@id":"https:\/\/startercultures.eu\/nl\/#website","url":"https:\/\/startercultures.eu\/nl\/","name":"Startercultures.eu","description":"Startercultures.eu","publisher":{"@id":"https:\/\/startercultures.eu\/nl\/#organization"},"potentialAction":[{"@type":"SearchAction","target":{"@type":"EntryPoint","urlTemplate":"https:\/\/startercultures.eu\/nl\/?s={search_term_string}"},"query-input":{"@type":"PropertyValueSpecification","valueRequired":true,"valueName":"search_term_string"}}],"inLanguage":"nl-NL"},{"@type":"Organization","@id":"https:\/\/startercultures.eu\/nl\/#organization","name":"Startercultures.eu","url":"https:\/\/startercultures.eu\/nl\/","logo":{"@type":"ImageObject","inLanguage":"nl-NL","@id":"https:\/\/startercultures.eu\/nl\/#\/schema\/logo\/image\/","url":"https:\/\/startercultures.eu\/wp-content\/uploads\/2020\/08\/startercultures-eu-nl-logo-rond-rgb.png","contentUrl":"https:\/\/startercultures.eu\/wp-content\/uploads\/2020\/08\/startercultures-eu-nl-logo-rond-rgb.png","width":320,"height":320,"caption":"Startercultures.eu"},"image":{"@id":"https:\/\/startercultures.eu\/nl\/#\/schema\/logo\/image\/"},"sameAs":["https:\/\/www.facebook.com\/startercultureseu","https:\/\/www.instagram.com\/startercultures.eu\/"],"hasMerchantReturnPolicy":{"@type":"MerchantReturnPolicy","merchantReturnLink":"https:\/\/startercultures.eu\/return-policy\/"}}]},"og_availability":"instock","product_availability":"instock","product_retailer_item_id":"236","product_condition":"new"},"_links":{"self":[{"href":"https:\/\/startercultures.eu\/nl\/wp-json\/wp\/v2\/product\/17345","targetHints":{"allow":["GET"]}}],"collection":[{"href":"https:\/\/startercultures.eu\/nl\/wp-json\/wp\/v2\/product"}],"about":[{"href":"https:\/\/startercultures.eu\/nl\/wp-json\/wp\/v2\/types\/product"}],"replies":[{"embeddable":true,"href":"https:\/\/startercultures.eu\/nl\/wp-json\/wp\/v2\/comments?post=17345"}],"version-history":[{"count":1,"href":"https:\/\/startercultures.eu\/nl\/wp-json\/wp\/v2\/product\/17345\/revisions"}],"predecessor-version":[{"id":63455,"href":"https:\/\/startercultures.eu\/nl\/wp-json\/wp\/v2\/product\/17345\/revisions\/63455"}],"wp:featuredmedia":[{"embeddable":true,"href":"https:\/\/startercultures.eu\/nl\/wp-json\/wp\/v2\/media\/17394"}],"wp:attachment":[{"href":"https:\/\/startercultures.eu\/nl\/wp-json\/wp\/v2\/media?parent=17345"}],"wp:term":[{"taxonomy":"product_brand","embeddable":true,"href":"https:\/\/startercultures.eu\/nl\/wp-json\/wp\/v2\/product_brand?post=17345"},{"taxonomy":"product_cat","embeddable":true,"href":"https:\/\/startercultures.eu\/nl\/wp-json\/wp\/v2\/product_cat?post=17345"},{"taxonomy":"product_tag","embeddable":true,"href":"https:\/\/startercultures.eu\/nl\/wp-json\/wp\/v2\/product_tag?post=17345"}],"curies":[{"name":"wp","href":"https:\/\/api.w.org\/{rel}","templated":true}]}}