{"id":17630,"date":"2021-11-04T16:34:46","date_gmt":"2021-11-04T16:34:46","guid":{"rendered":"https:\/\/startercultures.eu\/?post_type=product&#038;p=17630"},"modified":"2025-12-07T08:05:41","modified_gmt":"2025-12-07T07:05:41","slug":"alles-in-een-ossenworst-pakket","status":"publish","type":"product","link":"https:\/\/startercultures.eu\/nl\/product\/worst-en-vleeswaren-nl\/complete-pakketten-nl\/alles-in-een-ossenworst-pakket\/","title":{"rendered":"Alles in \u00e9\u00e9n \u2018maak je eigen ossenworst\u2019-starterspakket"},"content":{"rendered":"<p>Maak je eigen ossenworst, of andere zachte rauwe verduurzaamde worsten zoals theeworst of metworst met ons alles in een ossenworst pakket.<\/p>\n<p><strong>Alles in een ossenworst pakket bevat:<\/strong><\/p>\n<ul>\n<li>Nitrietpekelzout<\/li>\n<li>Dextrose<\/li>\n<li>Worsttouw<\/li>\n<li>Een prikker<\/li>\n<li>Jouw keuze uit\n<ul>\n<li>een runder natuurdarm<\/li>\n<li>een cellulose rookdoorlatende darm<\/li>\n<li>een potdichte plastic darm<\/li>\n<\/ul>\n<\/li>\n<li>Optioneel: maak indruk met je gereedschap! Bijvoorbeeld met <em>le<\/em> Porkert, wereldwijd bekend als \u2018de Ferrari onder de vleesmolens\u2019. Completeer deze oerdegelijke Tsjechische klassieker met vulhoorn en aanstamper.<\/li>\n<\/ul>\n<h3 data-fontsize=\"21\" data-lineheight=\"27.3px\">Alles in een ossenworst starterpakket kopen?<\/h3>\n<p>Je bestelt het \u00a0pakket bij starterculturen.nl, d\u00e9 webwinkel voor al je charcuterie-, pat\u00e9- en worstingredi\u00ebnten. Van Meneer Wateetons de auteur van de standaardwerken <a href=\"https:\/\/startercultures.eu\/nl\/product-category\/boeken\/\" target=\"_blank\" rel=\"noopener noreferrer\">De Worstbijbel (2018) en Over Charcuterie (2019)<\/a>. Op werkdagen voor 15:00 besteld, dezelfde dag verzonden.\u00a0 Vragen over het gebruik? Stel ze via de chatfunctie. We komen er altijd uit.<\/p>\n<h3 class=\"fusion-responsive-typography-calculated\" data-fontsize=\"21\" data-lineheight=\"27.3px\">Meer leren?<\/h3>\n<p>Lees voor je je je eigen droge worst of charcuterie gaat maken\u00a0<a href=\"https:\/\/startercultures.eu\/nl\/product-category\/boeken\/\" target=\"_blank\" rel=\"noopener noreferrer\">De Worstbijbel (2018) of Over Charcuterie (2019).<\/a><\/p>\n<h3>Online on demand workshop &#8216;maak je eigen ossenworst&#8217;<a href=\"https:\/\/startercultures.eu\/nl\/product\/online-workshops-nl\/online-workshop-worst-en-charcuterie\/online-cursus-maak-je-eigen-ossenworst\/\" target=\"_blank\" rel=\"noopener\"><img decoding=\"async\" class=\"lazyload wp-image-75344 alignright\" src=\"https:\/\/startercultures.eu\/wp-content\/uploads\/2023\/10\/OSSENWORST-300x300.png\" data-orig-src=\"https:\/\/startercultures.eu\/wp-content\/uploads\/2023\/10\/OSSENWORST-300x300.png\" alt=\"\" width=\"118\" height=\"118\" srcset=\"data:image\/svg+xml,%3Csvg%20xmlns%3D%27http%3A%2F%2Fwww.w3.org%2F2000%2Fsvg%27%20width%3D%27118%27%20height%3D%27118%27%20viewBox%3D%270%200%20118%20118%27%3E%3Crect%20width%3D%27118%27%20height%3D%27118%27%20fill-opacity%3D%220%22%2F%3E%3C%2Fsvg%3E\" data-srcset=\"https:\/\/startercultures.eu\/wp-content\/uploads\/2023\/10\/OSSENWORST-66x66.png 66w, https:\/\/startercultures.eu\/wp-content\/uploads\/2023\/10\/OSSENWORST-100x100.png 100w, https:\/\/startercultures.eu\/wp-content\/uploads\/2023\/10\/OSSENWORST-150x150.png 150w, https:\/\/startercultures.eu\/wp-content\/uploads\/2023\/10\/OSSENWORST-200x200.png 200w, https:\/\/startercultures.eu\/wp-content\/uploads\/2023\/10\/OSSENWORST-300x300.png 300w, https:\/\/startercultures.eu\/wp-content\/uploads\/2023\/10\/OSSENWORST-400x400.png 400w, https:\/\/startercultures.eu\/wp-content\/uploads\/2023\/10\/OSSENWORST-500x500.png 500w, https:\/\/startercultures.eu\/wp-content\/uploads\/2023\/10\/OSSENWORST-600x600.png 600w, https:\/\/startercultures.eu\/wp-content\/uploads\/2023\/10\/OSSENWORST-700x700.png 700w, https:\/\/startercultures.eu\/wp-content\/uploads\/2023\/10\/OSSENWORST-768x768.png 768w, https:\/\/startercultures.eu\/wp-content\/uploads\/2023\/10\/OSSENWORST-800x800.png 800w, https:\/\/startercultures.eu\/wp-content\/uploads\/2023\/10\/OSSENWORST.png 1000w\" data-sizes=\"auto\" data-orig-sizes=\"(max-width: 118px) 100vw, 118px\" \/><\/a><\/h3>\n<p>Leer zelf je eigen ossenworst maken tijdens deze workshop van Meneer Wateetons, de auteur van de\u00a0<a href=\"https:\/\/wateetons.com\/winkel\/worstbijbel\/\" target=\"_blank\" rel=\"noreferrer noopener\" data-rich-text-format-boundary=\"true\">Worstbijbel<\/a>. Na afloop van de workshop ben je voortaan in staat je eigen ossenworsten te maken!Kijk <a href=\"https:\/\/startercultures.eu\/nl\/product\/online-workshops-nl\/online-workshop-worst-en-charcuterie\/online-on-demand-workshop-maak-je-eigen-ossenworst\/\" target=\"_blank\" rel=\"noopener\">hier<\/a> voor meer info.<\/p>\n","protected":false},"excerpt":{"rendered":"<p>Maak je eigen ossenworst, of andere zachte rauwe verduurzaamde worsten zoals theeworst of metworst met ons alles in een ossenworst pakket.<\/p>\n","protected":false},"featured_media":7132,"comment_status":"open","ping_status":"closed","template":"","meta":{"_acf_changed":false,"footnotes":""},"product_brand":[],"product_cat":[60,377],"product_tag":[],"class_list":{"0":"post-17630","1":"product","2":"type-product","3":"status-publish","4":"has-post-thumbnail","6":"product_cat-complete-pakketten-nl","7":"product_cat-worst-en-charcuterie-sterterkits-nl","8":"product_shipping_class-klein-pakket-nl","10":"first","11":"instock","12":"sale","13":"taxable","14":"shipping-taxable","15":"purchasable","16":"product-type-woosb"},"acf":[],"yoast_head":"<!-- This site is optimized with the Yoast SEO plugin v26.6 - https:\/\/yoast.com\/wordpress\/plugins\/seo\/ -->\n<title>Alles in \u00e9\u00e9n \u2018maak je eigen ossenworst\u2019-starterspakket - Startercultures.eu<\/title>\n<meta name=\"description\" content=\"Maak je eigen ossenworst, of andere zachte rauwe verduurzaamde worsten zoals theeworst of metworst met ons alles in een ossenworst pakket\" \/>\n<meta name=\"robots\" content=\"index, follow, max-snippet:-1, max-image-preview:large, max-video-preview:-1\" \/>\n<link rel=\"canonical\" href=\"https:\/\/startercultures.eu\/nl\/product\/worst-en-vleeswaren-nl\/complete-pakketten-nl\/alles-in-een-ossenworst-pakket\/\" \/>\n<meta property=\"og:locale\" content=\"nl_NL\" \/>\n<meta property=\"og:type\" content=\"article\" \/>\n<meta property=\"og:title\" content=\"Alles in \u00e9\u00e9n \u2018maak je eigen ossenworst\u2019-starterspakket - Startercultures.eu\" \/>\n<meta property=\"og:description\" content=\"Maak je eigen ossenworst, of andere zachte rauwe verduurzaamde worsten zoals theeworst of metworst met ons alles in een ossenworst pakket\" \/>\n<meta property=\"og:url\" content=\"https:\/\/startercultures.eu\/nl\/product\/worst-en-vleeswaren-nl\/complete-pakketten-nl\/alles-in-een-ossenworst-pakket\/\" \/>\n<meta property=\"og:site_name\" content=\"Startercultures.eu\" \/>\n<meta property=\"article:publisher\" content=\"https:\/\/www.facebook.com\/startercultureseu\" \/>\n<meta property=\"article:modified_time\" content=\"2025-12-07T07:05:41+00:00\" \/>\n<meta property=\"og:image\" content=\"https:\/\/startercultures.eu\/wp-content\/uploads\/2020\/08\/unnamed-1.jpg\" \/>\n\t<meta property=\"og:image:width\" content=\"270\" \/>\n\t<meta property=\"og:image:height\" content=\"270\" \/>\n\t<meta property=\"og:image:type\" content=\"image\/jpeg\" \/>\n<meta name=\"twitter:card\" content=\"summary_large_image\" \/>\n<meta name=\"twitter:label1\" content=\"Price\" \/>\n\t<meta name=\"twitter:data1\" content=\"&euro;37,76\" \/>\n\t<meta name=\"twitter:label2\" content=\"Availability\" \/>\n\t<meta name=\"twitter:data2\" content=\"Op voorraad\" \/>\n<script type=\"application\/ld+json\" class=\"yoast-schema-graph\">{\"@context\":\"https:\/\/schema.org\",\"@graph\":[{\"@type\":\"WebPage\",\"@id\":\"https:\/\/startercultures.eu\/nl\/product\/worst-en-vleeswaren-nl\/complete-pakketten-nl\/alles-in-een-ossenworst-pakket\/\",\"url\":\"https:\/\/startercultures.eu\/nl\/product\/worst-en-vleeswaren-nl\/complete-pakketten-nl\/alles-in-een-ossenworst-pakket\/\",\"name\":\"Alles in \u00e9\u00e9n \u2018maak je eigen ossenworst\u2019-starterspakket - Startercultures.eu\",\"isPartOf\":{\"@id\":\"https:\/\/startercultures.eu\/nl\/#website\"},\"primaryImageOfPage\":{\"@id\":\"https:\/\/startercultures.eu\/nl\/product\/worst-en-vleeswaren-nl\/complete-pakketten-nl\/alles-in-een-ossenworst-pakket\/#primaryimage\"},\"image\":{\"@id\":\"https:\/\/startercultures.eu\/nl\/product\/worst-en-vleeswaren-nl\/complete-pakketten-nl\/alles-in-een-ossenworst-pakket\/#primaryimage\"},\"thumbnailUrl\":\"https:\/\/startercultures.eu\/wp-content\/uploads\/2020\/08\/unnamed-1.jpg\",\"datePublished\":\"2021-11-04T16:34:46+00:00\",\"dateModified\":\"2025-12-07T07:05:41+00:00\",\"description\":\"Maak je eigen ossenworst, of andere zachte rauwe verduurzaamde worsten zoals theeworst of metworst met ons alles in een ossenworst pakket\",\"breadcrumb\":{\"@id\":\"https:\/\/startercultures.eu\/nl\/product\/worst-en-vleeswaren-nl\/complete-pakketten-nl\/alles-in-een-ossenworst-pakket\/#breadcrumb\"},\"inLanguage\":\"nl-NL\",\"potentialAction\":[{\"@type\":\"ReadAction\",\"target\":[\"https:\/\/startercultures.eu\/nl\/product\/worst-en-vleeswaren-nl\/complete-pakketten-nl\/alles-in-een-ossenworst-pakket\/\"]}]},{\"@type\":\"ImageObject\",\"inLanguage\":\"nl-NL\",\"@id\":\"https:\/\/startercultures.eu\/nl\/product\/worst-en-vleeswaren-nl\/complete-pakketten-nl\/alles-in-een-ossenworst-pakket\/#primaryimage\",\"url\":\"https:\/\/startercultures.eu\/wp-content\/uploads\/2020\/08\/unnamed-1.jpg\",\"contentUrl\":\"https:\/\/startercultures.eu\/wp-content\/uploads\/2020\/08\/unnamed-1.jpg\",\"width\":270,\"height\":270,\"caption\":\"Alles in een ossenworst pakket\"},{\"@type\":\"BreadcrumbList\",\"@id\":\"https:\/\/startercultures.eu\/nl\/product\/worst-en-vleeswaren-nl\/complete-pakketten-nl\/alles-in-een-ossenworst-pakket\/#breadcrumb\",\"itemListElement\":[{\"@type\":\"ListItem\",\"position\":1,\"name\":\"Home\",\"item\":\"https:\/\/startercultures.eu\/nl\/\"},{\"@type\":\"ListItem\",\"position\":2,\"name\":\"Winkel\",\"item\":\"https:\/\/startercultures.eu\/nl\/winkel\/\"},{\"@type\":\"ListItem\",\"position\":3,\"name\":\"Alles in \u00e9\u00e9n \u2018maak je eigen ossenworst\u2019-starterspakket\"}]},{\"@type\":\"WebSite\",\"@id\":\"https:\/\/startercultures.eu\/nl\/#website\",\"url\":\"https:\/\/startercultures.eu\/nl\/\",\"name\":\"Startercultures.eu\",\"description\":\"Startercultures.eu\",\"publisher\":{\"@id\":\"https:\/\/startercultures.eu\/nl\/#organization\"},\"potentialAction\":[{\"@type\":\"SearchAction\",\"target\":{\"@type\":\"EntryPoint\",\"urlTemplate\":\"https:\/\/startercultures.eu\/nl\/?s={search_term_string}\"},\"query-input\":{\"@type\":\"PropertyValueSpecification\",\"valueRequired\":true,\"valueName\":\"search_term_string\"}}],\"inLanguage\":\"nl-NL\"},{\"@type\":\"Organization\",\"@id\":\"https:\/\/startercultures.eu\/nl\/#organization\",\"name\":\"Startercultures.eu\",\"url\":\"https:\/\/startercultures.eu\/nl\/\",\"logo\":{\"@type\":\"ImageObject\",\"inLanguage\":\"nl-NL\",\"@id\":\"https:\/\/startercultures.eu\/nl\/#\/schema\/logo\/image\/\",\"url\":\"https:\/\/startercultures.eu\/wp-content\/uploads\/2020\/08\/startercultures-eu-nl-logo-rond-rgb.png\",\"contentUrl\":\"https:\/\/startercultures.eu\/wp-content\/uploads\/2020\/08\/startercultures-eu-nl-logo-rond-rgb.png\",\"width\":320,\"height\":320,\"caption\":\"Startercultures.eu\"},\"image\":{\"@id\":\"https:\/\/startercultures.eu\/nl\/#\/schema\/logo\/image\/\"},\"sameAs\":[\"https:\/\/www.facebook.com\/startercultureseu\",\"https:\/\/www.instagram.com\/startercultures.eu\/\"]}]}<\/script>\n<meta property=\"product:price:amount\" content=\"37.76\" \/>\n<meta property=\"product:price:currency\" content=\"EUR\" \/>\n<meta property=\"og:availability\" content=\"instock\" \/>\n<meta property=\"product:availability\" content=\"instock\" \/>\n<meta property=\"product:retailer_item_id\" content=\"286\" \/>\n<meta property=\"product:condition\" content=\"new\" \/>\n<!-- \/ Yoast SEO plugin. -->","yoast_head_json":{"title":"Alles in \u00e9\u00e9n \u2018maak je eigen ossenworst\u2019-starterspakket - Startercultures.eu","description":"Maak je eigen ossenworst, of andere zachte rauwe verduurzaamde worsten zoals theeworst of metworst met ons alles in een ossenworst pakket","robots":{"index":"index","follow":"follow","max-snippet":"max-snippet:-1","max-image-preview":"max-image-preview:large","max-video-preview":"max-video-preview:-1"},"canonical":"https:\/\/startercultures.eu\/nl\/product\/worst-en-vleeswaren-nl\/complete-pakketten-nl\/alles-in-een-ossenworst-pakket\/","og_locale":"nl_NL","og_type":"article","og_title":"Alles in \u00e9\u00e9n \u2018maak je eigen ossenworst\u2019-starterspakket - Startercultures.eu","og_description":"Maak je eigen ossenworst, of andere zachte rauwe verduurzaamde worsten zoals theeworst of metworst met ons alles in een ossenworst pakket","og_url":"https:\/\/startercultures.eu\/nl\/product\/worst-en-vleeswaren-nl\/complete-pakketten-nl\/alles-in-een-ossenworst-pakket\/","og_site_name":"Startercultures.eu","article_publisher":"https:\/\/www.facebook.com\/startercultureseu","article_modified_time":"2025-12-07T07:05:41+00:00","og_image":[{"width":270,"height":270,"url":"https:\/\/startercultures.eu\/wp-content\/uploads\/2020\/08\/unnamed-1.jpg","type":"image\/jpeg"}],"twitter_card":"summary_large_image","twitter_misc":{"Price":"&euro;37,76","Availability":"Op voorraad"},"schema":{"@context":"https:\/\/schema.org","@graph":[{"@type":"WebPage","@id":"https:\/\/startercultures.eu\/nl\/product\/worst-en-vleeswaren-nl\/complete-pakketten-nl\/alles-in-een-ossenworst-pakket\/","url":"https:\/\/startercultures.eu\/nl\/product\/worst-en-vleeswaren-nl\/complete-pakketten-nl\/alles-in-een-ossenworst-pakket\/","name":"Alles in \u00e9\u00e9n \u2018maak je eigen ossenworst\u2019-starterspakket - Startercultures.eu","isPartOf":{"@id":"https:\/\/startercultures.eu\/nl\/#website"},"primaryImageOfPage":{"@id":"https:\/\/startercultures.eu\/nl\/product\/worst-en-vleeswaren-nl\/complete-pakketten-nl\/alles-in-een-ossenworst-pakket\/#primaryimage"},"image":{"@id":"https:\/\/startercultures.eu\/nl\/product\/worst-en-vleeswaren-nl\/complete-pakketten-nl\/alles-in-een-ossenworst-pakket\/#primaryimage"},"thumbnailUrl":"https:\/\/startercultures.eu\/wp-content\/uploads\/2020\/08\/unnamed-1.jpg","datePublished":"2021-11-04T16:34:46+00:00","dateModified":"2025-12-07T07:05:41+00:00","description":"Maak je eigen ossenworst, of andere zachte rauwe verduurzaamde worsten zoals theeworst of metworst met ons alles in een ossenworst pakket","breadcrumb":{"@id":"https:\/\/startercultures.eu\/nl\/product\/worst-en-vleeswaren-nl\/complete-pakketten-nl\/alles-in-een-ossenworst-pakket\/#breadcrumb"},"inLanguage":"nl-NL","potentialAction":[{"@type":"ReadAction","target":["https:\/\/startercultures.eu\/nl\/product\/worst-en-vleeswaren-nl\/complete-pakketten-nl\/alles-in-een-ossenworst-pakket\/"]}]},{"@type":"ImageObject","inLanguage":"nl-NL","@id":"https:\/\/startercultures.eu\/nl\/product\/worst-en-vleeswaren-nl\/complete-pakketten-nl\/alles-in-een-ossenworst-pakket\/#primaryimage","url":"https:\/\/startercultures.eu\/wp-content\/uploads\/2020\/08\/unnamed-1.jpg","contentUrl":"https:\/\/startercultures.eu\/wp-content\/uploads\/2020\/08\/unnamed-1.jpg","width":270,"height":270,"caption":"Alles in een ossenworst pakket"},{"@type":"BreadcrumbList","@id":"https:\/\/startercultures.eu\/nl\/product\/worst-en-vleeswaren-nl\/complete-pakketten-nl\/alles-in-een-ossenworst-pakket\/#breadcrumb","itemListElement":[{"@type":"ListItem","position":1,"name":"Home","item":"https:\/\/startercultures.eu\/nl\/"},{"@type":"ListItem","position":2,"name":"Winkel","item":"https:\/\/startercultures.eu\/nl\/winkel\/"},{"@type":"ListItem","position":3,"name":"Alles in \u00e9\u00e9n \u2018maak je eigen ossenworst\u2019-starterspakket"}]},{"@type":"WebSite","@id":"https:\/\/startercultures.eu\/nl\/#website","url":"https:\/\/startercultures.eu\/nl\/","name":"Startercultures.eu","description":"Startercultures.eu","publisher":{"@id":"https:\/\/startercultures.eu\/nl\/#organization"},"potentialAction":[{"@type":"SearchAction","target":{"@type":"EntryPoint","urlTemplate":"https:\/\/startercultures.eu\/nl\/?s={search_term_string}"},"query-input":{"@type":"PropertyValueSpecification","valueRequired":true,"valueName":"search_term_string"}}],"inLanguage":"nl-NL"},{"@type":"Organization","@id":"https:\/\/startercultures.eu\/nl\/#organization","name":"Startercultures.eu","url":"https:\/\/startercultures.eu\/nl\/","logo":{"@type":"ImageObject","inLanguage":"nl-NL","@id":"https:\/\/startercultures.eu\/nl\/#\/schema\/logo\/image\/","url":"https:\/\/startercultures.eu\/wp-content\/uploads\/2020\/08\/startercultures-eu-nl-logo-rond-rgb.png","contentUrl":"https:\/\/startercultures.eu\/wp-content\/uploads\/2020\/08\/startercultures-eu-nl-logo-rond-rgb.png","width":320,"height":320,"caption":"Startercultures.eu"},"image":{"@id":"https:\/\/startercultures.eu\/nl\/#\/schema\/logo\/image\/"},"sameAs":["https:\/\/www.facebook.com\/startercultureseu","https:\/\/www.instagram.com\/startercultures.eu\/"]}]},"product_price_amount":"37.76","product_price_currency":"EUR","og_availability":"instock","product_availability":"instock","product_retailer_item_id":"286","product_condition":"new"},"_links":{"self":[{"href":"https:\/\/startercultures.eu\/nl\/wp-json\/wp\/v2\/product\/17630","targetHints":{"allow":["GET"]}}],"collection":[{"href":"https:\/\/startercultures.eu\/nl\/wp-json\/wp\/v2\/product"}],"about":[{"href":"https:\/\/startercultures.eu\/nl\/wp-json\/wp\/v2\/types\/product"}],"replies":[{"embeddable":true,"href":"https:\/\/startercultures.eu\/nl\/wp-json\/wp\/v2\/comments?post=17630"}],"version-history":[{"count":5,"href":"https:\/\/startercultures.eu\/nl\/wp-json\/wp\/v2\/product\/17630\/revisions"}],"predecessor-version":[{"id":76558,"href":"https:\/\/startercultures.eu\/nl\/wp-json\/wp\/v2\/product\/17630\/revisions\/76558"}],"wp:featuredmedia":[{"embeddable":true,"href":"https:\/\/startercultures.eu\/nl\/wp-json\/wp\/v2\/media\/7132"}],"wp:attachment":[{"href":"https:\/\/startercultures.eu\/nl\/wp-json\/wp\/v2\/media?parent=17630"}],"wp:term":[{"taxonomy":"product_brand","embeddable":true,"href":"https:\/\/startercultures.eu\/nl\/wp-json\/wp\/v2\/product_brand?post=17630"},{"taxonomy":"product_cat","embeddable":true,"href":"https:\/\/startercultures.eu\/nl\/wp-json\/wp\/v2\/product_cat?post=17630"},{"taxonomy":"product_tag","embeddable":true,"href":"https:\/\/startercultures.eu\/nl\/wp-json\/wp\/v2\/product_tag?post=17630"}],"curies":[{"name":"wp","href":"https:\/\/api.w.org\/{rel}","templated":true}]}}