{"id":18092,"date":"2021-11-29T09:04:10","date_gmt":"2021-11-29T09:04:10","guid":{"rendered":"https:\/\/startercultures.eu\/?post_type=product&#038;p=18092"},"modified":"2026-01-22T09:59:05","modified_gmt":"2026-01-22T08:59:05","slug":"gehaktmolen-plaat-6-mm-voor-gehaktmolens","status":"publish","type":"product","link":"https:\/\/startercultures.eu\/nl\/product\/worst-en-vleeswaren-nl\/hulpmiddelen-nl\/gehaktmolen-plaat-6-mm-voor-gehaktmolens\/","title":{"rendered":"Gehaktmolen plaat 6 mm | voor gehaktmolens"},"content":{"rendered":"<p>Deze gehaktmolen plaat 6 mm is van een robuuste Tsjechische kwaliteit is ideaal voor worst, grof gehakt vlees en grove pate.<\/p>\n<h3>Over deze gehaktmolen plaat 6 mm<\/h3>\n<p>Een maalschijf is een rond metalen deel dat aan de worm van de molen is bevestigd en waar het vlees na het malen doorheen gaat, zodat de worst vorm krijgt. Je gebruikt ze om te bepalen hoe de latere consistentie van de vleesmassa moet zijn. Er zijn zeer grove vleesmolenplaten, waarmee je grote hoeveelheden grove worst kunt maken, en fijne vleesmolenplaten, waarmee het vlees bijzonder mals en zacht wordt.<\/p>\n<p>De keuze van de juiste maalschijf hangt ook af van je gehaktmolen. We hebben een ruim assortiment aan maalschijven te koop. Ook verkopen wij de <a href=\"https:\/\/startercultures.eu\/product\/sausages-and-charcuterie\/tools\/porkert-meat-grinder\/\">Porkert gehaktmolen<\/a> in de maten 8 en 10. De standaard Porkert gehaktmolen wordt geleverd met een standaard 4,5 mm plaat.<\/p>\n<p>Dus als je gevorderd genoeg bent om te gaan experimenteren met verschillende plaatmaten, hebben wij de volgende opties:<\/p>\n<ul>\n<li><a href=\"https:\/\/startercultures.eu\/nl\/product\/worst-en-vleeswaren-nl\/hulpmiddelen-nl\/gehaktmolens-en-accessoires\/gehaktmolen-plaat-3-mm-voor-nr-8-gehaktmolen\/\" target=\"_blank\" rel=\"noopener\">3 mm<\/a> &#8211; fijne maalschijf voor fijne worsten, gehakt, pat\u00e9, en meer (voor gehaktmolen nr.8).<\/li>\n<li>6 mm &#8211; middelgrove maalschijf voor worst, grof gehakt, grove pat\u00e9. Brede toepassing. (voor gehaktmolens nr.8 en nr.10)<\/li>\n<li><a href=\"https:\/\/startercultures.eu\/nl\/product\/worst-en-vleeswaren-nl\/hulpmiddelen-nl\/gehaktmolens-en-accessoires\/gehaktmolen-plaat-8-mm-voor-gehaktmolens\/\" target=\"_blank\" rel=\"noopener\">8 mm<\/a> &#8211; grove maalschijf voor worst, grof gehakt, grove pat\u00e9 (voor gehaktmolens nr.8 en nr.10).<\/li>\n<\/ul>\n<h3>Hoe onderhoudt je deze gehaktmolen plaat 6 mm?<\/h3>\n<p>Probeer altijd de maalschijf en -mes bij elkaar te houden en combineer zo weinig mogelijk verschillende messen en schijven. Na het wassen zeer goed laten drogen alvorens het op te bergen. Indien nodig insmeren met wat olie.<\/p>\n<h3 data-fontsize=\"21\" data-lineheight=\"27.3px\">Gehaktmolen plaat 6 mm kopen?<\/h3>\n<p>Je bestelt je maalschijf bij starterculturen.nl, d\u00e9 webwinkel voor al je charcuterie, pat\u00e9 en worstingredi\u00ebnten. Van Meneer Wateetons de auteur van de standaardwerken <a href=\"https:\/\/startercultures.eu\/nl\/product-category\/boeken\/\" target=\"_blank\" rel=\"noopener noreferrer\">De Worstbijbel (2018) en Over Charcuterie (2019)<\/a> Op werkdagen voor 15:00 besteld, dezelfde dag verzonden. Vragen over het gebruik van de maalschijf ? Stel ze via de chatfunctie. We komen er altijd uit.<\/p>\n<h3>Online on demand workshop &#8216;maak je eigen droge worst&#8217;<img decoding=\"async\" class=\"lazyload  wp-image-10646 alignright\" src=\"https:\/\/startercultures.eu\/wp-content\/uploads\/2021\/01\/workshop1-300x300.jpg\" data-orig-src=\"https:\/\/startercultures.eu\/wp-content\/uploads\/2021\/01\/workshop1-300x300.jpg\" alt=\"\" width=\"120\" height=\"120\" srcset=\"data:image\/svg+xml,%3Csvg%20xmlns%3D%27http%3A%2F%2Fwww.w3.org%2F2000%2Fsvg%27%20width%3D%27120%27%20height%3D%27120%27%20viewBox%3D%270%200%20120%20120%27%3E%3Crect%20width%3D%27120%27%20height%3D%27120%27%20fill-opacity%3D%220%22%2F%3E%3C%2Fsvg%3E\" data-srcset=\"https:\/\/startercultures.eu\/wp-content\/uploads\/2021\/01\/workshop1-66x66.jpg 66w, https:\/\/startercultures.eu\/wp-content\/uploads\/2021\/01\/workshop1-70x70.jpg 70w, https:\/\/startercultures.eu\/wp-content\/uploads\/2021\/01\/workshop1-100x100.jpg 100w, https:\/\/startercultures.eu\/wp-content\/uploads\/2021\/01\/workshop1-150x150.jpg 150w, https:\/\/startercultures.eu\/wp-content\/uploads\/2021\/01\/workshop1-200x200.jpg 200w, https:\/\/startercultures.eu\/wp-content\/uploads\/2021\/01\/workshop1-300x300.jpg 300w, https:\/\/startercultures.eu\/wp-content\/uploads\/2021\/01\/workshop1-400x400.jpg 400w, https:\/\/startercultures.eu\/wp-content\/uploads\/2021\/01\/workshop1-500x500.jpg 500w, https:\/\/startercultures.eu\/wp-content\/uploads\/2021\/01\/workshop1-600x600.jpg 600w, https:\/\/startercultures.eu\/wp-content\/uploads\/2021\/01\/workshop1-700x700.jpg 700w, https:\/\/startercultures.eu\/wp-content\/uploads\/2021\/01\/workshop1-768x768.jpg 768w, https:\/\/startercultures.eu\/wp-content\/uploads\/2021\/01\/workshop1-800x800.jpg 800w, https:\/\/startercultures.eu\/wp-content\/uploads\/2021\/01\/workshop1-1024x1024.jpg 1024w, https:\/\/startercultures.eu\/wp-content\/uploads\/2021\/01\/workshop1-1200x1200.jpg 1200w, https:\/\/startercultures.eu\/wp-content\/uploads\/2021\/01\/workshop1-1536x1536.jpg 1536w, https:\/\/startercultures.eu\/wp-content\/uploads\/2021\/01\/workshop1-scaled-scaled.jpg 1920w\" data-sizes=\"auto\" data-orig-sizes=\"(max-width: 120px) 100vw, 120px\" \/><\/h3>\n<p>Verse worst maken is leuk, maar de ware uitdaging van het worstmakersvak is het cre\u00ebren van je eigen droge worst. Wat deze worsten onderscheidt van de verse braadworst is dat ze gefermenteerd\/gerijpt en in de meeste gevallen gedroogd zijn. Dat kun je in \u00e9\u00e9n avond en ook uitstekend <a href=\"https:\/\/startercultures.eu\/nl\/product\/online-workshops-nl\/online-workshop-worst-en-charcuterie\/online-on-demand-workshop-maak-je-eigen-droge-worst\/\" target=\"_blank\" rel=\"noopener\">online leren<\/a> van d\u00e9 expert op dit gebied: Meneer Wateetons, auteur van de Worstbijbel (2018). Kijk <a href=\"https:\/\/startercultures.eu\/nl\/product\/online-workshops-nl\/online-workshop-worst-en-charcuterie\/online-on-demand-workshop-maak-je-eigen-droge-worst\/\" target=\"_blank\" rel=\"noopener\">hier<\/a> voor meer info.<\/p>\n<p>&nbsp;<\/p>\n","protected":false},"excerpt":{"rendered":"<p>Een maalschijf is een rond metalen deel dat aan de worm van de molen is bevestigd en waar het vlees na het malen doorheen gaat, zodat de worst vorm krijgt. Deze gehaktmolen plaat 6 mm is van een robuuste Tsjechische kwaliteit is ideaal voor worst, grof gehakt vlees en grove pate.<\/p>\n","protected":false},"featured_media":17934,"comment_status":"open","ping_status":"closed","template":"","meta":{"_acf_changed":false,"footnotes":""},"product_brand":[],"product_cat":[576,62],"product_tag":[],"class_list":{"0":"post-18092","1":"product","2":"type-product","3":"status-publish","4":"has-post-thumbnail","6":"product_cat-gehaktmolens-en-accessoires","7":"product_cat-hulpmiddelen-nl","8":"pa_ean-8594861513301-nl","9":"pa_ean-8594861523300-nl","10":"pa_grinder-size-10-nl","11":"pa_grinder-size-8-nl-2","13":"first","14":"instock","15":"taxable","16":"shipping-taxable","17":"purchasable","18":"product-type-variable","19":"has-default-attributes"},"acf":[],"yoast_head":"<!-- This site is optimized with the Yoast SEO plugin v26.6 - https:\/\/yoast.com\/wordpress\/plugins\/seo\/ -->\n<title>Gehaktmolen plaat 6 mm | voor gehaktmolens - Startercultures.eu<\/title>\n<meta name=\"description\" content=\"Deze gehaktmolen plaat 6 mm is van een robuuste Tsjechische kwaliteit is ideaal voor worst, grof gehakt vlees en grove pate.\" \/>\n<meta name=\"robots\" content=\"index, follow, max-snippet:-1, max-image-preview:large, max-video-preview:-1\" \/>\n<link rel=\"canonical\" href=\"https:\/\/startercultures.eu\/nl\/product\/worst-en-vleeswaren-nl\/hulpmiddelen-nl\/gehaktmolen-plaat-6-mm-voor-gehaktmolens\/\" \/>\n<meta property=\"og:locale\" content=\"nl_NL\" \/>\n<meta property=\"og:type\" content=\"article\" \/>\n<meta property=\"og:title\" content=\"Gehaktmolen plaat 6 mm | voor gehaktmolens - Startercultures.eu\" \/>\n<meta property=\"og:description\" content=\"Deze gehaktmolen plaat 6 mm is van een robuuste Tsjechische kwaliteit is ideaal voor worst, grof gehakt vlees en grove pate.\" \/>\n<meta property=\"og:url\" content=\"https:\/\/startercultures.eu\/nl\/product\/worst-en-vleeswaren-nl\/hulpmiddelen-nl\/gehaktmolen-plaat-6-mm-voor-gehaktmolens\/\" \/>\n<meta property=\"og:site_name\" content=\"Startercultures.eu\" \/>\n<meta property=\"article:publisher\" content=\"https:\/\/www.facebook.com\/startercultureseu\" \/>\n<meta property=\"article:modified_time\" content=\"2026-01-22T08:59:05+00:00\" \/>\n<meta property=\"og:image\" content=\"https:\/\/startercultures.eu\/wp-content\/uploads\/2021\/11\/no_10_6_mm_plate-e1639919387522.jpg\" \/>\n\t<meta property=\"og:image:width\" content=\"450\" \/>\n\t<meta property=\"og:image:height\" content=\"450\" \/>\n\t<meta property=\"og:image:type\" content=\"image\/jpeg\" \/>\n<meta name=\"twitter:card\" content=\"summary_large_image\" \/>\n<meta name=\"twitter:label1\" content=\"Availability\" \/>\n\t<meta name=\"twitter:data1\" content=\"Op voorraad\" \/>\n<script type=\"application\/ld+json\" class=\"yoast-schema-graph\">{\"@context\":\"https:\/\/schema.org\",\"@graph\":[{\"@type\":\"WebPage\",\"@id\":\"https:\/\/startercultures.eu\/nl\/product\/worst-en-vleeswaren-nl\/hulpmiddelen-nl\/gehaktmolen-plaat-6-mm-voor-gehaktmolens\/\",\"url\":\"https:\/\/startercultures.eu\/nl\/product\/worst-en-vleeswaren-nl\/hulpmiddelen-nl\/gehaktmolen-plaat-6-mm-voor-gehaktmolens\/\",\"name\":\"Gehaktmolen plaat 6 mm | voor gehaktmolens - Startercultures.eu\",\"isPartOf\":{\"@id\":\"https:\/\/startercultures.eu\/nl\/#website\"},\"primaryImageOfPage\":{\"@id\":\"https:\/\/startercultures.eu\/nl\/product\/worst-en-vleeswaren-nl\/hulpmiddelen-nl\/gehaktmolen-plaat-6-mm-voor-gehaktmolens\/#primaryimage\"},\"image\":{\"@id\":\"https:\/\/startercultures.eu\/nl\/product\/worst-en-vleeswaren-nl\/hulpmiddelen-nl\/gehaktmolen-plaat-6-mm-voor-gehaktmolens\/#primaryimage\"},\"thumbnailUrl\":\"https:\/\/startercultures.eu\/wp-content\/uploads\/2021\/11\/no_10_6_mm_plate-e1639919387522.jpg\",\"datePublished\":\"2021-11-29T09:04:10+00:00\",\"dateModified\":\"2026-01-22T08:59:05+00:00\",\"description\":\"Deze gehaktmolen plaat 6 mm is van een robuuste Tsjechische kwaliteit is ideaal voor worst, grof gehakt vlees en grove pate.\",\"breadcrumb\":{\"@id\":\"https:\/\/startercultures.eu\/nl\/product\/worst-en-vleeswaren-nl\/hulpmiddelen-nl\/gehaktmolen-plaat-6-mm-voor-gehaktmolens\/#breadcrumb\"},\"inLanguage\":\"nl-NL\",\"potentialAction\":[{\"@type\":\"ReadAction\",\"target\":[\"https:\/\/startercultures.eu\/nl\/product\/worst-en-vleeswaren-nl\/hulpmiddelen-nl\/gehaktmolen-plaat-6-mm-voor-gehaktmolens\/\"]}]},{\"@type\":\"ImageObject\",\"inLanguage\":\"nl-NL\",\"@id\":\"https:\/\/startercultures.eu\/nl\/product\/worst-en-vleeswaren-nl\/hulpmiddelen-nl\/gehaktmolen-plaat-6-mm-voor-gehaktmolens\/#primaryimage\",\"url\":\"https:\/\/startercultures.eu\/wp-content\/uploads\/2021\/11\/no_10_6_mm_plate-e1639919387522.jpg\",\"contentUrl\":\"https:\/\/startercultures.eu\/wp-content\/uploads\/2021\/11\/no_10_6_mm_plate-e1639919387522.jpg\",\"width\":450,\"height\":450,\"caption\":\"no_10_6_mm_plate\"},{\"@type\":\"BreadcrumbList\",\"@id\":\"https:\/\/startercultures.eu\/nl\/product\/worst-en-vleeswaren-nl\/hulpmiddelen-nl\/gehaktmolen-plaat-6-mm-voor-gehaktmolens\/#breadcrumb\",\"itemListElement\":[{\"@type\":\"ListItem\",\"position\":1,\"name\":\"Home\",\"item\":\"https:\/\/startercultures.eu\/nl\/\"},{\"@type\":\"ListItem\",\"position\":2,\"name\":\"Winkel\",\"item\":\"https:\/\/startercultures.eu\/nl\/winkel\/\"},{\"@type\":\"ListItem\",\"position\":3,\"name\":\"Gehaktmolen plaat 6 mm | voor gehaktmolens\"}]},{\"@type\":\"WebSite\",\"@id\":\"https:\/\/startercultures.eu\/nl\/#website\",\"url\":\"https:\/\/startercultures.eu\/nl\/\",\"name\":\"Startercultures.eu\",\"description\":\"Startercultures.eu\",\"publisher\":{\"@id\":\"https:\/\/startercultures.eu\/nl\/#organization\"},\"potentialAction\":[{\"@type\":\"SearchAction\",\"target\":{\"@type\":\"EntryPoint\",\"urlTemplate\":\"https:\/\/startercultures.eu\/nl\/?s={search_term_string}\"},\"query-input\":{\"@type\":\"PropertyValueSpecification\",\"valueRequired\":true,\"valueName\":\"search_term_string\"}}],\"inLanguage\":\"nl-NL\"},{\"@type\":\"Organization\",\"@id\":\"https:\/\/startercultures.eu\/nl\/#organization\",\"name\":\"Startercultures.eu\",\"url\":\"https:\/\/startercultures.eu\/nl\/\",\"logo\":{\"@type\":\"ImageObject\",\"inLanguage\":\"nl-NL\",\"@id\":\"https:\/\/startercultures.eu\/nl\/#\/schema\/logo\/image\/\",\"url\":\"https:\/\/startercultures.eu\/wp-content\/uploads\/2020\/08\/startercultures-eu-nl-logo-rond-rgb.png\",\"contentUrl\":\"https:\/\/startercultures.eu\/wp-content\/uploads\/2020\/08\/startercultures-eu-nl-logo-rond-rgb.png\",\"width\":320,\"height\":320,\"caption\":\"Startercultures.eu\"},\"image\":{\"@id\":\"https:\/\/startercultures.eu\/nl\/#\/schema\/logo\/image\/\"},\"sameAs\":[\"https:\/\/www.facebook.com\/startercultureseu\",\"https:\/\/www.instagram.com\/startercultures.eu\/\"]}]}<\/script>\n<meta property=\"og:availability\" content=\"instock\" \/>\n<meta property=\"product:availability\" content=\"instock\" \/>\n<meta property=\"product:retailer_item_id\" content=\"244\" \/>\n<meta property=\"product:condition\" content=\"new\" \/>\n<!-- \/ Yoast SEO plugin. -->","yoast_head_json":{"title":"Gehaktmolen plaat 6 mm | voor gehaktmolens - Startercultures.eu","description":"Deze gehaktmolen plaat 6 mm is van een robuuste Tsjechische kwaliteit is ideaal voor worst, grof gehakt vlees en grove pate.","robots":{"index":"index","follow":"follow","max-snippet":"max-snippet:-1","max-image-preview":"max-image-preview:large","max-video-preview":"max-video-preview:-1"},"canonical":"https:\/\/startercultures.eu\/nl\/product\/worst-en-vleeswaren-nl\/hulpmiddelen-nl\/gehaktmolen-plaat-6-mm-voor-gehaktmolens\/","og_locale":"nl_NL","og_type":"article","og_title":"Gehaktmolen plaat 6 mm | voor gehaktmolens - Startercultures.eu","og_description":"Deze gehaktmolen plaat 6 mm is van een robuuste Tsjechische kwaliteit is ideaal voor worst, grof gehakt vlees en grove pate.","og_url":"https:\/\/startercultures.eu\/nl\/product\/worst-en-vleeswaren-nl\/hulpmiddelen-nl\/gehaktmolen-plaat-6-mm-voor-gehaktmolens\/","og_site_name":"Startercultures.eu","article_publisher":"https:\/\/www.facebook.com\/startercultureseu","article_modified_time":"2026-01-22T08:59:05+00:00","og_image":[{"width":450,"height":450,"url":"https:\/\/startercultures.eu\/wp-content\/uploads\/2021\/11\/no_10_6_mm_plate-e1639919387522.jpg","type":"image\/jpeg"}],"twitter_card":"summary_large_image","twitter_misc":{"Availability":"Op voorraad"},"schema":{"@context":"https:\/\/schema.org","@graph":[{"@type":"WebPage","@id":"https:\/\/startercultures.eu\/nl\/product\/worst-en-vleeswaren-nl\/hulpmiddelen-nl\/gehaktmolen-plaat-6-mm-voor-gehaktmolens\/","url":"https:\/\/startercultures.eu\/nl\/product\/worst-en-vleeswaren-nl\/hulpmiddelen-nl\/gehaktmolen-plaat-6-mm-voor-gehaktmolens\/","name":"Gehaktmolen plaat 6 mm | voor gehaktmolens - Startercultures.eu","isPartOf":{"@id":"https:\/\/startercultures.eu\/nl\/#website"},"primaryImageOfPage":{"@id":"https:\/\/startercultures.eu\/nl\/product\/worst-en-vleeswaren-nl\/hulpmiddelen-nl\/gehaktmolen-plaat-6-mm-voor-gehaktmolens\/#primaryimage"},"image":{"@id":"https:\/\/startercultures.eu\/nl\/product\/worst-en-vleeswaren-nl\/hulpmiddelen-nl\/gehaktmolen-plaat-6-mm-voor-gehaktmolens\/#primaryimage"},"thumbnailUrl":"https:\/\/startercultures.eu\/wp-content\/uploads\/2021\/11\/no_10_6_mm_plate-e1639919387522.jpg","datePublished":"2021-11-29T09:04:10+00:00","dateModified":"2026-01-22T08:59:05+00:00","description":"Deze gehaktmolen plaat 6 mm is van een robuuste Tsjechische kwaliteit is ideaal voor worst, grof gehakt vlees en grove pate.","breadcrumb":{"@id":"https:\/\/startercultures.eu\/nl\/product\/worst-en-vleeswaren-nl\/hulpmiddelen-nl\/gehaktmolen-plaat-6-mm-voor-gehaktmolens\/#breadcrumb"},"inLanguage":"nl-NL","potentialAction":[{"@type":"ReadAction","target":["https:\/\/startercultures.eu\/nl\/product\/worst-en-vleeswaren-nl\/hulpmiddelen-nl\/gehaktmolen-plaat-6-mm-voor-gehaktmolens\/"]}]},{"@type":"ImageObject","inLanguage":"nl-NL","@id":"https:\/\/startercultures.eu\/nl\/product\/worst-en-vleeswaren-nl\/hulpmiddelen-nl\/gehaktmolen-plaat-6-mm-voor-gehaktmolens\/#primaryimage","url":"https:\/\/startercultures.eu\/wp-content\/uploads\/2021\/11\/no_10_6_mm_plate-e1639919387522.jpg","contentUrl":"https:\/\/startercultures.eu\/wp-content\/uploads\/2021\/11\/no_10_6_mm_plate-e1639919387522.jpg","width":450,"height":450,"caption":"no_10_6_mm_plate"},{"@type":"BreadcrumbList","@id":"https:\/\/startercultures.eu\/nl\/product\/worst-en-vleeswaren-nl\/hulpmiddelen-nl\/gehaktmolen-plaat-6-mm-voor-gehaktmolens\/#breadcrumb","itemListElement":[{"@type":"ListItem","position":1,"name":"Home","item":"https:\/\/startercultures.eu\/nl\/"},{"@type":"ListItem","position":2,"name":"Winkel","item":"https:\/\/startercultures.eu\/nl\/winkel\/"},{"@type":"ListItem","position":3,"name":"Gehaktmolen plaat 6 mm | voor gehaktmolens"}]},{"@type":"WebSite","@id":"https:\/\/startercultures.eu\/nl\/#website","url":"https:\/\/startercultures.eu\/nl\/","name":"Startercultures.eu","description":"Startercultures.eu","publisher":{"@id":"https:\/\/startercultures.eu\/nl\/#organization"},"potentialAction":[{"@type":"SearchAction","target":{"@type":"EntryPoint","urlTemplate":"https:\/\/startercultures.eu\/nl\/?s={search_term_string}"},"query-input":{"@type":"PropertyValueSpecification","valueRequired":true,"valueName":"search_term_string"}}],"inLanguage":"nl-NL"},{"@type":"Organization","@id":"https:\/\/startercultures.eu\/nl\/#organization","name":"Startercultures.eu","url":"https:\/\/startercultures.eu\/nl\/","logo":{"@type":"ImageObject","inLanguage":"nl-NL","@id":"https:\/\/startercultures.eu\/nl\/#\/schema\/logo\/image\/","url":"https:\/\/startercultures.eu\/wp-content\/uploads\/2020\/08\/startercultures-eu-nl-logo-rond-rgb.png","contentUrl":"https:\/\/startercultures.eu\/wp-content\/uploads\/2020\/08\/startercultures-eu-nl-logo-rond-rgb.png","width":320,"height":320,"caption":"Startercultures.eu"},"image":{"@id":"https:\/\/startercultures.eu\/nl\/#\/schema\/logo\/image\/"},"sameAs":["https:\/\/www.facebook.com\/startercultureseu","https:\/\/www.instagram.com\/startercultures.eu\/"]}]},"og_availability":"instock","product_availability":"instock","product_retailer_item_id":"244","product_condition":"new"},"_links":{"self":[{"href":"https:\/\/startercultures.eu\/nl\/wp-json\/wp\/v2\/product\/18092","targetHints":{"allow":["GET"]}}],"collection":[{"href":"https:\/\/startercultures.eu\/nl\/wp-json\/wp\/v2\/product"}],"about":[{"href":"https:\/\/startercultures.eu\/nl\/wp-json\/wp\/v2\/types\/product"}],"replies":[{"embeddable":true,"href":"https:\/\/startercultures.eu\/nl\/wp-json\/wp\/v2\/comments?post=18092"}],"version-history":[{"count":1,"href":"https:\/\/startercultures.eu\/nl\/wp-json\/wp\/v2\/product\/18092\/revisions"}],"predecessor-version":[{"id":41340,"href":"https:\/\/startercultures.eu\/nl\/wp-json\/wp\/v2\/product\/18092\/revisions\/41340"}],"wp:featuredmedia":[{"embeddable":true,"href":"https:\/\/startercultures.eu\/nl\/wp-json\/wp\/v2\/media\/17934"}],"wp:attachment":[{"href":"https:\/\/startercultures.eu\/nl\/wp-json\/wp\/v2\/media?parent=18092"}],"wp:term":[{"taxonomy":"product_brand","embeddable":true,"href":"https:\/\/startercultures.eu\/nl\/wp-json\/wp\/v2\/product_brand?post=18092"},{"taxonomy":"product_cat","embeddable":true,"href":"https:\/\/startercultures.eu\/nl\/wp-json\/wp\/v2\/product_cat?post=18092"},{"taxonomy":"product_tag","embeddable":true,"href":"https:\/\/startercultures.eu\/nl\/wp-json\/wp\/v2\/product_tag?post=18092"}],"curies":[{"name":"wp","href":"https:\/\/api.w.org\/{rel}","templated":true}]}}