{"id":18537,"date":"2021-12-07T12:20:53","date_gmt":"2021-12-07T12:20:53","guid":{"rendered":"https:\/\/startercultures.eu\/product\/niet-gecategoriseerd\/groentefermenteer-starterspakket\/"},"modified":"2025-12-07T08:05:42","modified_gmt":"2025-12-07T07:05:42","slug":"groentefermentatie-starterspakket","status":"publish","type":"product","link":"https:\/\/startercultures.eu\/nl\/product\/fermentation-nl\/groente-nl\/vegetable-starterkits-nl\/groentefermentatie-starterspakket\/","title":{"rendered":"Groentefermentatie starterspakket"},"content":{"rendered":"<p>Deze alles-in-\u00e9\u00e9n groentefermentatie starterspakket bevat alle hulpmiddelen en ingredi\u00ebnten om te fermenteren. Fermenteren is een eeuwenoude conserveringstechniek, waarbij gisten en bacteri\u00ebn natuurlijk voorkomende suikers omzetten in milde zuren.<\/p>\n<h3>Inhoud van deze groentefermentatie starterspakket<\/h3>\n<ul>\n<li>Zuurkoolpot: de natuurlijke manier om je eigen gefermenteerde groenten te maken, inclusief augurken, zuurkool, kimchi, en nog veel meer. Keramische potten zijn de beste keuze voor fermentatie omdat ze niet met groenten reageren.<\/li>\n<li>Houten groente schaaf: een handig instrument in uw keuken om snel allerlei soorten groenten te snijden. Je kunt deze mandoline in verschillende standen zetten, zodat je precies kunt bepalen hoe dik je een groente wilt snijden. Je moet echt in millimeters denken: een wereld van verschil!<\/li>\n<li>Zuurkoolstamper : het stampen van je groenten is erg belangrijk voor de fermentatie, omdat er vocht vrijkomt dat nodig is voor de bacteri\u00ebn om hun werk te doen en om je groenten te beschermen tegen zuurstof. Het stampen kan met de hand gebeuren, maar met deze zuurkoolstamper wordt het een leuk klusje waarmee je jouw fysieke overwicht over een witte kool kunt tonen.<\/li>\n<li>Optioneel: kies een fermentatiestarter voor een snellere en meer gecontroleerde fermentatie<\/li>\n<\/ul>\n<h3>Hoe maak je je eigen zuurkool?<\/h3>\n<ol>\n<li>Als de witte kool in de houten groente schaaf past (ongeveer 1 kilo), houdt de onderkant vast en schaaf deze helemaal in plakjes<\/li>\n<li>Zo niet, snijd hem dan in vieren en verwijder de taaie kern en de onderkant. Schaaf de kool vervolgens met de mandoline in dunne reepjes en doe deze in een mengkom<\/li>\n<li>Stamp de kool een paar minuten stevig aan met de zuurkoolstamper tot er vocht vrijkomt.<\/li>\n<li>Doe de (gekruide) kool en het vocht in kleine porties in de pot.<\/li>\n<li>Druk de kool stevig aan met de verzwaringsstenen tot het vocht de kool bedekt.<\/li>\n<li>Laat de kool 1-2 weken fermenteren bij kamertemperatuur, uit de buurt van direct zonlicht of tot 6-8 weken bij temperaturen van 5-10 graden<\/li>\n<li>Haal het deksel van de pot en proef met een (schone) vork of de smaak naar wens is.<\/li>\n<\/ol>\n<h3 data-fontsize=\"21\" data-lineheight=\"27.3px\">Groentefermentatie starterspakket kopen?<\/h3>\n<p>Je bestelt het groentefermentatie starterspakket bij starterculturen.nl, d\u00e9 webwinkel voor al je <span style=\"font-weight: 400;\">fermentatie <\/span><span style=\"font-weight: 400;\">benodigdheden voor oa. (vegan) zuivel, tempeh, koji en kombucha<\/span>. Van Meneer Wateetons de auteur van de standaardwerken <a href=\"https:\/\/www.starterculturen.nl\/a-52122580\/boeken\/over-rot-2015-het-handboek-fermenteren\/\" target=\"_blank\" rel=\"noopener noreferrer\">Over Rot (2015)<\/a> en<a href=\"https:\/\/startercultures.eu\/nl\/product\/boeken\/over-inpakken-2020-nl\/\" target=\"_blank\" rel=\"noopener\"> Over Inpakken (2020)<\/a>. Op werkdagen voor 15:00 besteld, dezelfde dag verzonden.\u00a0 Vragen over het gebruik? Stel ze via de chatfunctie. We komen er altijd uit.<\/p>\n<h3>Online on demand workshops &#8216;gefermenteerde hotsauce&#8217; en &#8216;gefermenteerde groentes&#8217;<img decoding=\"async\" class=\"lazyload  wp-image-10939 alignright\" src=\"https:\/\/startercultures.eu\/wp-content\/uploads\/2021\/01\/workshop-fermenteren-400x400-1-300x300.png\" data-orig-src=\"https:\/\/startercultures.eu\/wp-content\/uploads\/2021\/01\/workshop-fermenteren-400x400-1-300x300.png\" alt=\"Workshop fermenteren meneer wateetons\" width=\"152\" height=\"152\" srcset=\"data:image\/svg+xml,%3Csvg%20xmlns%3D%27http%3A%2F%2Fwww.w3.org%2F2000%2Fsvg%27%20width%3D%27152%27%20height%3D%27152%27%20viewBox%3D%270%200%20152%20152%27%3E%3Crect%20width%3D%27152%27%20height%3D%27152%27%20fill-opacity%3D%220%22%2F%3E%3C%2Fsvg%3E\" data-srcset=\"https:\/\/startercultures.eu\/wp-content\/uploads\/2021\/01\/workshop-fermenteren-400x400-1-66x66.png 66w, https:\/\/startercultures.eu\/wp-content\/uploads\/2021\/01\/workshop-fermenteren-400x400-1-70x70.png 70w, https:\/\/startercultures.eu\/wp-content\/uploads\/2021\/01\/workshop-fermenteren-400x400-1-100x100.png 100w, https:\/\/startercultures.eu\/wp-content\/uploads\/2021\/01\/workshop-fermenteren-400x400-1-150x150.png 150w, https:\/\/startercultures.eu\/wp-content\/uploads\/2021\/01\/workshop-fermenteren-400x400-1-200x200.png 200w, https:\/\/startercultures.eu\/wp-content\/uploads\/2021\/01\/workshop-fermenteren-400x400-1-300x300.png 300w, https:\/\/startercultures.eu\/wp-content\/uploads\/2021\/01\/workshop-fermenteren-400x400-1.png 400w\" data-sizes=\"auto\" data-orig-sizes=\"(max-width: 152px) 100vw, 152px\" \/><\/h3>\n<p>Tijdens de online workshop <a href=\"https:\/\/startercultures.eu\/nl\/product\/groente-nl\/workshops-vegetables-nl\/online-on-demand-workshop-maak-je-eigen-gefermenteerde-hotsauces\/\" target=\"_blank\" rel=\"noopener\">\u2018maak je eigen gefermenteerde hotsauces\u2019<\/a> leert fermentatie-expert <a href=\"https:\/\/wateetons.com\/\" target=\"_blank\" rel=\"noopener\">Meneer Wateetons<\/a> en auteur van\u00a0<a class=\"ek-link\" href=\"https:\/\/startercultures.eu\/nl\/product\/boeken\/over-rot-2-0-2019-het-geactualiseerde-handboek-fermenteren-nl\/\" target=\"_blank\" rel=\"noreferrer noopener\" aria-label=\"Over Rot (opens in a new tab)\">Over Rot<\/a>\u00a0je over gefermenteerde ketchups, sambals en hotsauces! Het zal blijken dat je met weinig middelen thuis al heerlijke en volledig unieke\u00a0<em>sauces<\/em>\u00a0maakt waarmee je elke gerecht naar een hoger plan tilt.<\/p>\n<p>Ook niet te versmaden is de workshop over \u2018<a href=\"https:\/\/startercultures.eu\/nl\/product\/online-workshops-nl\/online-on-demand-workshop-fermenteer-je-eigen-groente\/\" target=\"_blank\" rel=\"noopener\">fermenteer je eigen groente\u2019<\/a>, waarin je leert precies hoe je precies je eigen zuurkool maakt, je eigen augurkjes en je eigen kimchi. Na deze workshop kun je \u00e9lke groente zelf fermenteren omdat je de techniek snapt!<\/p>\n","protected":false},"excerpt":{"rendered":"<p>Deze alles-in-\u00e9\u00e9n groentefermentatie starterskit bevat alle hulpmiddelen en ingredi\u00ebnten om te fermenteren. Fermenteren is een eeuwenoude conserveringstechniek, waarbij gisten en bacteri\u00ebn natuurlijk voorkomende suikers omzetten in melkzuren.<\/p>\n","protected":false},"featured_media":18406,"comment_status":"open","ping_status":"closed","template":"","meta":{"_acf_changed":false,"footnotes":""},"product_brand":[],"product_cat":[376,407,409],"product_tag":[],"class_list":{"0":"post-18537","1":"product","2":"type-product","3":"status-publish","4":"has-post-thumbnail","6":"product_cat-fermentatie-starterkits-nl","7":"product_cat-vegetable-starterkits-nl","8":"product_cat-vegetable-tools-nl","10":"first","11":"instock","12":"sale","13":"taxable","14":"shipping-taxable","15":"purchasable","16":"product-type-woosb"},"acf":[],"yoast_head":"<!-- This site is optimized with the Yoast SEO plugin v26.6 - https:\/\/yoast.com\/wordpress\/plugins\/seo\/ -->\n<title>Groentefermentatie starterspakket - Startercultures.eu<\/title>\n<meta name=\"description\" content=\"Dit alles-in-\u00e9\u00e9n groentefermentatie starterspakket bevat een zuurkoolpot, een houten groente schaaf en een zuurkoolstamper.\" \/>\n<meta name=\"robots\" content=\"index, follow, max-snippet:-1, max-image-preview:large, max-video-preview:-1\" \/>\n<link rel=\"canonical\" href=\"https:\/\/startercultures.eu\/nl\/product\/fermentation-nl\/groente-nl\/vegetable-starterkits-nl\/groentefermentatie-starterspakket\/\" \/>\n<meta property=\"og:locale\" content=\"nl_NL\" \/>\n<meta property=\"og:type\" content=\"article\" \/>\n<meta property=\"og:title\" content=\"Groentefermentatie starterspakket - Startercultures.eu\" \/>\n<meta property=\"og:description\" content=\"Dit alles-in-\u00e9\u00e9n groentefermentatie starterspakket bevat een zuurkoolpot, een houten groente schaaf en een zuurkoolstamper.\" \/>\n<meta property=\"og:url\" content=\"https:\/\/startercultures.eu\/nl\/product\/fermentation-nl\/groente-nl\/vegetable-starterkits-nl\/groentefermentatie-starterspakket\/\" \/>\n<meta property=\"og:site_name\" content=\"Startercultures.eu\" \/>\n<meta property=\"article:publisher\" content=\"https:\/\/www.facebook.com\/startercultureseu\" \/>\n<meta property=\"article:modified_time\" content=\"2025-12-07T07:05:42+00:00\" \/>\n<meta property=\"og:image\" content=\"https:\/\/startercultures.eu\/wp-content\/uploads\/2021\/12\/zuurkoolpakket-e1639919358578.png\" \/>\n\t<meta property=\"og:image:width\" content=\"450\" \/>\n\t<meta property=\"og:image:height\" content=\"450\" \/>\n\t<meta property=\"og:image:type\" content=\"image\/png\" \/>\n<meta name=\"twitter:card\" content=\"summary_large_image\" \/>\n<meta name=\"twitter:label1\" content=\"Price\" \/>\n\t<meta name=\"twitter:data1\" content=\"&euro;103,47\" \/>\n\t<meta name=\"twitter:label2\" content=\"Availability\" \/>\n\t<meta name=\"twitter:data2\" content=\"Op voorraad\" \/>\n<script type=\"application\/ld+json\" class=\"yoast-schema-graph\">{\"@context\":\"https:\/\/schema.org\",\"@graph\":[{\"@type\":\"WebPage\",\"@id\":\"https:\/\/startercultures.eu\/nl\/product\/fermentation-nl\/groente-nl\/vegetable-starterkits-nl\/groentefermentatie-starterspakket\/\",\"url\":\"https:\/\/startercultures.eu\/nl\/product\/fermentation-nl\/groente-nl\/vegetable-starterkits-nl\/groentefermentatie-starterspakket\/\",\"name\":\"Groentefermentatie starterspakket - Startercultures.eu\",\"isPartOf\":{\"@id\":\"https:\/\/startercultures.eu\/nl\/#website\"},\"primaryImageOfPage\":{\"@id\":\"https:\/\/startercultures.eu\/nl\/product\/fermentation-nl\/groente-nl\/vegetable-starterkits-nl\/groentefermentatie-starterspakket\/#primaryimage\"},\"image\":{\"@id\":\"https:\/\/startercultures.eu\/nl\/product\/fermentation-nl\/groente-nl\/vegetable-starterkits-nl\/groentefermentatie-starterspakket\/#primaryimage\"},\"thumbnailUrl\":\"https:\/\/startercultures.eu\/wp-content\/uploads\/2021\/12\/zuurkoolpakket-e1639919358578.png\",\"datePublished\":\"2021-12-07T12:20:53+00:00\",\"dateModified\":\"2025-12-07T07:05:42+00:00\",\"description\":\"Dit alles-in-\u00e9\u00e9n groentefermentatie starterspakket bevat een zuurkoolpot, een houten groente schaaf en een zuurkoolstamper.\",\"breadcrumb\":{\"@id\":\"https:\/\/startercultures.eu\/nl\/product\/fermentation-nl\/groente-nl\/vegetable-starterkits-nl\/groentefermentatie-starterspakket\/#breadcrumb\"},\"inLanguage\":\"nl-NL\",\"potentialAction\":[{\"@type\":\"ReadAction\",\"target\":[\"https:\/\/startercultures.eu\/nl\/product\/fermentation-nl\/groente-nl\/vegetable-starterkits-nl\/groentefermentatie-starterspakket\/\"]}]},{\"@type\":\"ImageObject\",\"inLanguage\":\"nl-NL\",\"@id\":\"https:\/\/startercultures.eu\/nl\/product\/fermentation-nl\/groente-nl\/vegetable-starterkits-nl\/groentefermentatie-starterspakket\/#primaryimage\",\"url\":\"https:\/\/startercultures.eu\/wp-content\/uploads\/2021\/12\/zuurkoolpakket-e1639919358578.png\",\"contentUrl\":\"https:\/\/startercultures.eu\/wp-content\/uploads\/2021\/12\/zuurkoolpakket-e1639919358578.png\",\"width\":450,\"height\":450},{\"@type\":\"BreadcrumbList\",\"@id\":\"https:\/\/startercultures.eu\/nl\/product\/fermentation-nl\/groente-nl\/vegetable-starterkits-nl\/groentefermentatie-starterspakket\/#breadcrumb\",\"itemListElement\":[{\"@type\":\"ListItem\",\"position\":1,\"name\":\"Home\",\"item\":\"https:\/\/startercultures.eu\/nl\/\"},{\"@type\":\"ListItem\",\"position\":2,\"name\":\"Winkel\",\"item\":\"https:\/\/startercultures.eu\/nl\/winkel\/\"},{\"@type\":\"ListItem\",\"position\":3,\"name\":\"Groentefermentatie starterspakket\"}]},{\"@type\":\"WebSite\",\"@id\":\"https:\/\/startercultures.eu\/nl\/#website\",\"url\":\"https:\/\/startercultures.eu\/nl\/\",\"name\":\"Startercultures.eu\",\"description\":\"Startercultures.eu\",\"publisher\":{\"@id\":\"https:\/\/startercultures.eu\/nl\/#organization\"},\"potentialAction\":[{\"@type\":\"SearchAction\",\"target\":{\"@type\":\"EntryPoint\",\"urlTemplate\":\"https:\/\/startercultures.eu\/nl\/?s={search_term_string}\"},\"query-input\":{\"@type\":\"PropertyValueSpecification\",\"valueRequired\":true,\"valueName\":\"search_term_string\"}}],\"inLanguage\":\"nl-NL\"},{\"@type\":\"Organization\",\"@id\":\"https:\/\/startercultures.eu\/nl\/#organization\",\"name\":\"Startercultures.eu\",\"url\":\"https:\/\/startercultures.eu\/nl\/\",\"logo\":{\"@type\":\"ImageObject\",\"inLanguage\":\"nl-NL\",\"@id\":\"https:\/\/startercultures.eu\/nl\/#\/schema\/logo\/image\/\",\"url\":\"https:\/\/startercultures.eu\/wp-content\/uploads\/2020\/08\/startercultures-eu-nl-logo-rond-rgb.png\",\"contentUrl\":\"https:\/\/startercultures.eu\/wp-content\/uploads\/2020\/08\/startercultures-eu-nl-logo-rond-rgb.png\",\"width\":320,\"height\":320,\"caption\":\"Startercultures.eu\"},\"image\":{\"@id\":\"https:\/\/startercultures.eu\/nl\/#\/schema\/logo\/image\/\"},\"sameAs\":[\"https:\/\/www.facebook.com\/startercultureseu\",\"https:\/\/www.instagram.com\/startercultures.eu\/\"]}]}<\/script>\n<meta property=\"product:price:amount\" content=\"103.47\" \/>\n<meta property=\"product:price:currency\" content=\"EUR\" \/>\n<meta property=\"og:availability\" content=\"instock\" \/>\n<meta property=\"product:availability\" content=\"instock\" \/>\n<meta property=\"product:retailer_item_id\" content=\"248\" \/>\n<meta property=\"product:condition\" content=\"new\" \/>\n<!-- \/ Yoast SEO plugin. -->","yoast_head_json":{"title":"Groentefermentatie starterspakket - Startercultures.eu","description":"Dit alles-in-\u00e9\u00e9n groentefermentatie starterspakket bevat een zuurkoolpot, een houten groente schaaf en een zuurkoolstamper.","robots":{"index":"index","follow":"follow","max-snippet":"max-snippet:-1","max-image-preview":"max-image-preview:large","max-video-preview":"max-video-preview:-1"},"canonical":"https:\/\/startercultures.eu\/nl\/product\/fermentation-nl\/groente-nl\/vegetable-starterkits-nl\/groentefermentatie-starterspakket\/","og_locale":"nl_NL","og_type":"article","og_title":"Groentefermentatie starterspakket - Startercultures.eu","og_description":"Dit alles-in-\u00e9\u00e9n groentefermentatie starterspakket bevat een zuurkoolpot, een houten groente schaaf en een zuurkoolstamper.","og_url":"https:\/\/startercultures.eu\/nl\/product\/fermentation-nl\/groente-nl\/vegetable-starterkits-nl\/groentefermentatie-starterspakket\/","og_site_name":"Startercultures.eu","article_publisher":"https:\/\/www.facebook.com\/startercultureseu","article_modified_time":"2025-12-07T07:05:42+00:00","og_image":[{"width":450,"height":450,"url":"https:\/\/startercultures.eu\/wp-content\/uploads\/2021\/12\/zuurkoolpakket-e1639919358578.png","type":"image\/png"}],"twitter_card":"summary_large_image","twitter_misc":{"Price":"&euro;103,47","Availability":"Op voorraad"},"schema":{"@context":"https:\/\/schema.org","@graph":[{"@type":"WebPage","@id":"https:\/\/startercultures.eu\/nl\/product\/fermentation-nl\/groente-nl\/vegetable-starterkits-nl\/groentefermentatie-starterspakket\/","url":"https:\/\/startercultures.eu\/nl\/product\/fermentation-nl\/groente-nl\/vegetable-starterkits-nl\/groentefermentatie-starterspakket\/","name":"Groentefermentatie starterspakket - Startercultures.eu","isPartOf":{"@id":"https:\/\/startercultures.eu\/nl\/#website"},"primaryImageOfPage":{"@id":"https:\/\/startercultures.eu\/nl\/product\/fermentation-nl\/groente-nl\/vegetable-starterkits-nl\/groentefermentatie-starterspakket\/#primaryimage"},"image":{"@id":"https:\/\/startercultures.eu\/nl\/product\/fermentation-nl\/groente-nl\/vegetable-starterkits-nl\/groentefermentatie-starterspakket\/#primaryimage"},"thumbnailUrl":"https:\/\/startercultures.eu\/wp-content\/uploads\/2021\/12\/zuurkoolpakket-e1639919358578.png","datePublished":"2021-12-07T12:20:53+00:00","dateModified":"2025-12-07T07:05:42+00:00","description":"Dit alles-in-\u00e9\u00e9n groentefermentatie starterspakket bevat een zuurkoolpot, een houten groente schaaf en een zuurkoolstamper.","breadcrumb":{"@id":"https:\/\/startercultures.eu\/nl\/product\/fermentation-nl\/groente-nl\/vegetable-starterkits-nl\/groentefermentatie-starterspakket\/#breadcrumb"},"inLanguage":"nl-NL","potentialAction":[{"@type":"ReadAction","target":["https:\/\/startercultures.eu\/nl\/product\/fermentation-nl\/groente-nl\/vegetable-starterkits-nl\/groentefermentatie-starterspakket\/"]}]},{"@type":"ImageObject","inLanguage":"nl-NL","@id":"https:\/\/startercultures.eu\/nl\/product\/fermentation-nl\/groente-nl\/vegetable-starterkits-nl\/groentefermentatie-starterspakket\/#primaryimage","url":"https:\/\/startercultures.eu\/wp-content\/uploads\/2021\/12\/zuurkoolpakket-e1639919358578.png","contentUrl":"https:\/\/startercultures.eu\/wp-content\/uploads\/2021\/12\/zuurkoolpakket-e1639919358578.png","width":450,"height":450},{"@type":"BreadcrumbList","@id":"https:\/\/startercultures.eu\/nl\/product\/fermentation-nl\/groente-nl\/vegetable-starterkits-nl\/groentefermentatie-starterspakket\/#breadcrumb","itemListElement":[{"@type":"ListItem","position":1,"name":"Home","item":"https:\/\/startercultures.eu\/nl\/"},{"@type":"ListItem","position":2,"name":"Winkel","item":"https:\/\/startercultures.eu\/nl\/winkel\/"},{"@type":"ListItem","position":3,"name":"Groentefermentatie starterspakket"}]},{"@type":"WebSite","@id":"https:\/\/startercultures.eu\/nl\/#website","url":"https:\/\/startercultures.eu\/nl\/","name":"Startercultures.eu","description":"Startercultures.eu","publisher":{"@id":"https:\/\/startercultures.eu\/nl\/#organization"},"potentialAction":[{"@type":"SearchAction","target":{"@type":"EntryPoint","urlTemplate":"https:\/\/startercultures.eu\/nl\/?s={search_term_string}"},"query-input":{"@type":"PropertyValueSpecification","valueRequired":true,"valueName":"search_term_string"}}],"inLanguage":"nl-NL"},{"@type":"Organization","@id":"https:\/\/startercultures.eu\/nl\/#organization","name":"Startercultures.eu","url":"https:\/\/startercultures.eu\/nl\/","logo":{"@type":"ImageObject","inLanguage":"nl-NL","@id":"https:\/\/startercultures.eu\/nl\/#\/schema\/logo\/image\/","url":"https:\/\/startercultures.eu\/wp-content\/uploads\/2020\/08\/startercultures-eu-nl-logo-rond-rgb.png","contentUrl":"https:\/\/startercultures.eu\/wp-content\/uploads\/2020\/08\/startercultures-eu-nl-logo-rond-rgb.png","width":320,"height":320,"caption":"Startercultures.eu"},"image":{"@id":"https:\/\/startercultures.eu\/nl\/#\/schema\/logo\/image\/"},"sameAs":["https:\/\/www.facebook.com\/startercultureseu","https:\/\/www.instagram.com\/startercultures.eu\/"]}]},"product_price_amount":"103.47","product_price_currency":"EUR","og_availability":"instock","product_availability":"instock","product_retailer_item_id":"248","product_condition":"new"},"_links":{"self":[{"href":"https:\/\/startercultures.eu\/nl\/wp-json\/wp\/v2\/product\/18537","targetHints":{"allow":["GET"]}}],"collection":[{"href":"https:\/\/startercultures.eu\/nl\/wp-json\/wp\/v2\/product"}],"about":[{"href":"https:\/\/startercultures.eu\/nl\/wp-json\/wp\/v2\/types\/product"}],"replies":[{"embeddable":true,"href":"https:\/\/startercultures.eu\/nl\/wp-json\/wp\/v2\/comments?post=18537"}],"version-history":[{"count":1,"href":"https:\/\/startercultures.eu\/nl\/wp-json\/wp\/v2\/product\/18537\/revisions"}],"predecessor-version":[{"id":65353,"href":"https:\/\/startercultures.eu\/nl\/wp-json\/wp\/v2\/product\/18537\/revisions\/65353"}],"wp:featuredmedia":[{"embeddable":true,"href":"https:\/\/startercultures.eu\/nl\/wp-json\/wp\/v2\/media\/18406"}],"wp:attachment":[{"href":"https:\/\/startercultures.eu\/nl\/wp-json\/wp\/v2\/media?parent=18537"}],"wp:term":[{"taxonomy":"product_brand","embeddable":true,"href":"https:\/\/startercultures.eu\/nl\/wp-json\/wp\/v2\/product_brand?post=18537"},{"taxonomy":"product_cat","embeddable":true,"href":"https:\/\/startercultures.eu\/nl\/wp-json\/wp\/v2\/product_cat?post=18537"},{"taxonomy":"product_tag","embeddable":true,"href":"https:\/\/startercultures.eu\/nl\/wp-json\/wp\/v2\/product_tag?post=18537"}],"curies":[{"name":"wp","href":"https:\/\/api.w.org\/{rel}","templated":true}]}}