{"id":25741,"date":"2022-05-19T11:38:27","date_gmt":"2022-05-19T09:38:27","guid":{"rendered":"https:\/\/startercultures.eu\/?post_type=product&#038;p=25741"},"modified":"2025-12-07T08:05:44","modified_gmt":"2025-12-07T07:05:44","slug":"alles-in-een-rookworst-starter-kit","status":"publish","type":"product","link":"https:\/\/startercultures.eu\/nl\/product\/worst-en-vleeswaren-nl\/complete-pakketten-nl\/alles-in-een-rookworst-starter-kit\/","title":{"rendered":"Alles in \u00e9\u00e9n \u2018maak je eigen rookworst\u2019-starterspakket"},"content":{"rendered":"<p>De rookworst is d\u00e9 klassieke Nederlandse worst.\u00a0 Maak deze echte Nederlandse klassieker zelf met deze alles-in-een rookworst starter kit.<\/p>\n<h3>Inhoud rookworst starter kit<\/h3>\n<p>Het pakket bevat:<\/p>\n<ul>\n<li>1 kg nitrietpekelzout<\/li>\n<li>varkensdarm<\/li>\n<li>100 gram dextrose<\/li>\n<li>100 gram fosfaat<\/li>\n<li>Worstprikker<\/li>\n<li>Slagerstouw<\/li>\n<li>Optioneel: maak indruk op iedereen met je worstuitrusting! Bijvoorbeeld met <em>le<\/em> Porkert, wereldwijd bekend als &#8216;de Ferrari onder de vleesmolens&#8217;. Maak deze oerdegelijke Tsjechische klassieker af met vulhoorn en een aanstamper.<\/li>\n<\/ul>\n<h3>Rookworst starter kit kopen?<\/h3>\n<p>Je bestelt je rookworst starterspakket bij starterculturen.nl, d\u00e9 webwinkel voor al je charcuterie-, pat\u00e9- en worstingredi\u00ebnten. Van Meneer Wateetons de auteur van de standaardwerken <a href=\"https:\/\/startercultures.eu\/nl\/product-category\/boeken\/\" target=\"_blank\" rel=\"noopener noreferrer\">De Worstbijbel (2018) en Over Charcuterie (2019)<\/a>. Op werkdagen voor 15:00 besteld, dezelfde dag verzonden.\u00a0 Vragen over het gebruik van de stopbus? Stel ze via de chatfunctie. We komen er altijd uit.<\/p>\n<h3 class=\"fusion-responsive-typography-calculated\" data-fontsize=\"21\" data-lineheight=\"27.3px\">Meer leren?<\/h3>\n<p>Lees voor je je je eigen droge worst of charcuterie gaat maken\u00a0<a href=\"https:\/\/startercultures.eu\/nl\/product-category\/boeken\/\" target=\"_blank\" rel=\"noopener noreferrer\">De Worstbijbel (2018) of Over Charcuterie (2019).<\/a><\/p>\n<h3>Online cursus \u2018maak je eigen rookworst\u2019<img decoding=\"async\" class=\"lazyload wp-image-75320  alignright\" src=\"https:\/\/startercultures.eu\/wp-content\/uploads\/2023\/11\/ROOKWORST-300x300.png\" data-orig-src=\"https:\/\/startercultures.eu\/wp-content\/uploads\/2023\/11\/ROOKWORST-300x300.png\" alt=\"\" width=\"137\" height=\"137\" srcset=\"data:image\/svg+xml,%3Csvg%20xmlns%3D%27http%3A%2F%2Fwww.w3.org%2F2000%2Fsvg%27%20width%3D%27137%27%20height%3D%27137%27%20viewBox%3D%270%200%20137%20137%27%3E%3Crect%20width%3D%27137%27%20height%3D%27137%27%20fill-opacity%3D%220%22%2F%3E%3C%2Fsvg%3E\" data-srcset=\"https:\/\/startercultures.eu\/wp-content\/uploads\/2023\/11\/ROOKWORST-66x66.png 66w, https:\/\/startercultures.eu\/wp-content\/uploads\/2023\/11\/ROOKWORST-100x100.png 100w, https:\/\/startercultures.eu\/wp-content\/uploads\/2023\/11\/ROOKWORST-150x150.png 150w, https:\/\/startercultures.eu\/wp-content\/uploads\/2023\/11\/ROOKWORST-200x200.png 200w, https:\/\/startercultures.eu\/wp-content\/uploads\/2023\/11\/ROOKWORST-300x300.png 300w, https:\/\/startercultures.eu\/wp-content\/uploads\/2023\/11\/ROOKWORST-400x400.png 400w, https:\/\/startercultures.eu\/wp-content\/uploads\/2023\/11\/ROOKWORST-500x500.png 500w, https:\/\/startercultures.eu\/wp-content\/uploads\/2023\/11\/ROOKWORST-600x600.png 600w, https:\/\/startercultures.eu\/wp-content\/uploads\/2023\/11\/ROOKWORST-700x700.png 700w, https:\/\/startercultures.eu\/wp-content\/uploads\/2023\/11\/ROOKWORST-768x768.png 768w, https:\/\/startercultures.eu\/wp-content\/uploads\/2023\/11\/ROOKWORST-800x800.png 800w, https:\/\/startercultures.eu\/wp-content\/uploads\/2023\/11\/ROOKWORST.png 1000w\" data-sizes=\"auto\" data-orig-sizes=\"(max-width: 137px) 100vw, 137px\" \/><\/h3>\n<p>Rookworst vertegenwoordigt het mooiste uit de charcuterie: vet, vlees en rook. En natuurlijk een lekker knapperig velletje. Tijdens deze cursus leer je hoe je al deze elementen samenvoegt tot de ultieme rookworst, gewoon uit je eigen keuken. Leer rookworst maken van Meneer Wateetons, de auteur van de\u00a0<a href=\"https:\/\/startercultures.eu\/nl\/product\/boeken\/worstbijbel-2018-nl\/\" target=\"_blank\" rel=\"noreferrer noopener\">Worstbijbel<\/a>\u00a0tijdens <a href=\"https:\/\/startercultures.eu\/nl\/product\/online-workshops-nl\/online-workshop-worst-en-charcuterie\/online-cursus-maak-je-eigen-rookworst\/\" target=\"_blank\" rel=\"noopener\">deze online cursus.<\/a><\/p>\n","protected":false},"excerpt":{"rendered":"<p>De rookworst is d\u00e9 klassieke Nederlandse worst.\u00a0 Maak deze echte Nederlandse klassieker zelf met deze alles-in-een rookworst starter kit. Maak van een strenge winter een gastronomisch feest!<\/p>\n<p>&nbsp;<\/p>\n","protected":false},"featured_media":15187,"comment_status":"open","ping_status":"closed","template":"","meta":{"_acf_changed":false,"footnotes":""},"product_brand":[],"product_cat":[60,34,377],"product_tag":[],"class_list":{"0":"post-25741","1":"product","2":"type-product","3":"status-publish","4":"has-post-thumbnail","6":"product_cat-complete-pakketten-nl","7":"product_cat-starterkits-nl","8":"product_cat-worst-en-charcuterie-sterterkits-nl","9":"product_shipping_class-klein-pakket-nl","11":"first","12":"instock","13":"sale","14":"taxable","15":"shipping-taxable","16":"purchasable","17":"product-type-woosb"},"acf":[],"yoast_head":"<!-- This site is optimized with the Yoast SEO plugin v26.6 - https:\/\/yoast.com\/wordpress\/plugins\/seo\/ -->\n<title>Rookworst starter kit voor zelf rookworst maken | Starterculturen.nl<\/title>\n<meta name=\"description\" content=\"Een alles-in-een rookworst starter kit voor het maken van je eigen klassiek Nederlandse rookworst. Watertandend lekker!\" \/>\n<meta name=\"robots\" content=\"index, follow, max-snippet:-1, max-image-preview:large, max-video-preview:-1\" \/>\n<link rel=\"canonical\" href=\"https:\/\/startercultures.eu\/nl\/product\/worst-en-vleeswaren-nl\/complete-pakketten-nl\/alles-in-een-rookworst-starter-kit\/\" \/>\n<meta property=\"og:locale\" content=\"nl_NL\" \/>\n<meta property=\"og:type\" content=\"article\" \/>\n<meta property=\"og:title\" content=\"Rookworst starter kit voor zelf rookworst maken | Starterculturen.nl\" \/>\n<meta property=\"og:description\" content=\"Een alles-in-een rookworst starter kit voor het maken van je eigen klassiek Nederlandse rookworst. Watertandend lekker!\" \/>\n<meta property=\"og:url\" content=\"https:\/\/startercultures.eu\/nl\/product\/worst-en-vleeswaren-nl\/complete-pakketten-nl\/alles-in-een-rookworst-starter-kit\/\" \/>\n<meta property=\"og:site_name\" content=\"Startercultures.eu\" \/>\n<meta property=\"article:publisher\" content=\"https:\/\/www.facebook.com\/startercultureseu\" \/>\n<meta property=\"article:modified_time\" content=\"2025-12-07T07:05:44+00:00\" \/>\n<meta property=\"og:image\" content=\"https:\/\/startercultures.eu\/wp-content\/uploads\/2020\/07\/9745bc7ffa59b061c5347d3cfd73b1c85db6b908.jpg\" \/>\n\t<meta property=\"og:image:width\" content=\"450\" \/>\n\t<meta property=\"og:image:height\" content=\"450\" \/>\n\t<meta property=\"og:image:type\" content=\"image\/jpeg\" \/>\n<meta name=\"twitter:card\" content=\"summary_large_image\" \/>\n<meta name=\"twitter:label1\" content=\"Price\" \/>\n\t<meta name=\"twitter:data1\" content=\"&euro;61,15\" \/>\n\t<meta name=\"twitter:label2\" content=\"Availability\" \/>\n\t<meta name=\"twitter:data2\" content=\"Op voorraad\" \/>\n<script type=\"application\/ld+json\" class=\"yoast-schema-graph\">{\"@context\":\"https:\/\/schema.org\",\"@graph\":[{\"@type\":\"WebPage\",\"@id\":\"https:\/\/startercultures.eu\/nl\/product\/worst-en-vleeswaren-nl\/complete-pakketten-nl\/alles-in-een-rookworst-starter-kit\/\",\"url\":\"https:\/\/startercultures.eu\/nl\/product\/worst-en-vleeswaren-nl\/complete-pakketten-nl\/alles-in-een-rookworst-starter-kit\/\",\"name\":\"Rookworst starter kit voor zelf rookworst maken | Starterculturen.nl\",\"isPartOf\":{\"@id\":\"https:\/\/startercultures.eu\/nl\/#website\"},\"primaryImageOfPage\":{\"@id\":\"https:\/\/startercultures.eu\/nl\/product\/worst-en-vleeswaren-nl\/complete-pakketten-nl\/alles-in-een-rookworst-starter-kit\/#primaryimage\"},\"image\":{\"@id\":\"https:\/\/startercultures.eu\/nl\/product\/worst-en-vleeswaren-nl\/complete-pakketten-nl\/alles-in-een-rookworst-starter-kit\/#primaryimage\"},\"thumbnailUrl\":\"https:\/\/startercultures.eu\/wp-content\/uploads\/2020\/07\/9745bc7ffa59b061c5347d3cfd73b1c85db6b908.jpg\",\"datePublished\":\"2022-05-19T09:38:27+00:00\",\"dateModified\":\"2025-12-07T07:05:44+00:00\",\"description\":\"Een alles-in-een rookworst starter kit voor het maken van je eigen klassiek Nederlandse rookworst. Watertandend lekker!\",\"breadcrumb\":{\"@id\":\"https:\/\/startercultures.eu\/nl\/product\/worst-en-vleeswaren-nl\/complete-pakketten-nl\/alles-in-een-rookworst-starter-kit\/#breadcrumb\"},\"inLanguage\":\"nl-NL\",\"potentialAction\":[{\"@type\":\"ReadAction\",\"target\":[\"https:\/\/startercultures.eu\/nl\/product\/worst-en-vleeswaren-nl\/complete-pakketten-nl\/alles-in-een-rookworst-starter-kit\/\"]}]},{\"@type\":\"ImageObject\",\"inLanguage\":\"nl-NL\",\"@id\":\"https:\/\/startercultures.eu\/nl\/product\/worst-en-vleeswaren-nl\/complete-pakketten-nl\/alles-in-een-rookworst-starter-kit\/#primaryimage\",\"url\":\"https:\/\/startercultures.eu\/wp-content\/uploads\/2020\/07\/9745bc7ffa59b061c5347d3cfd73b1c85db6b908.jpg\",\"contentUrl\":\"https:\/\/startercultures.eu\/wp-content\/uploads\/2020\/07\/9745bc7ffa59b061c5347d3cfd73b1c85db6b908.jpg\",\"width\":450,\"height\":450,\"caption\":\"Rookworst starter kit\"},{\"@type\":\"BreadcrumbList\",\"@id\":\"https:\/\/startercultures.eu\/nl\/product\/worst-en-vleeswaren-nl\/complete-pakketten-nl\/alles-in-een-rookworst-starter-kit\/#breadcrumb\",\"itemListElement\":[{\"@type\":\"ListItem\",\"position\":1,\"name\":\"Home\",\"item\":\"https:\/\/startercultures.eu\/nl\/\"},{\"@type\":\"ListItem\",\"position\":2,\"name\":\"Winkel\",\"item\":\"https:\/\/startercultures.eu\/nl\/winkel\/\"},{\"@type\":\"ListItem\",\"position\":3,\"name\":\"Alles in \u00e9\u00e9n \u2018maak je eigen rookworst\u2019-starterspakket\"}]},{\"@type\":\"WebSite\",\"@id\":\"https:\/\/startercultures.eu\/nl\/#website\",\"url\":\"https:\/\/startercultures.eu\/nl\/\",\"name\":\"Startercultures.eu\",\"description\":\"Startercultures.eu\",\"publisher\":{\"@id\":\"https:\/\/startercultures.eu\/nl\/#organization\"},\"potentialAction\":[{\"@type\":\"SearchAction\",\"target\":{\"@type\":\"EntryPoint\",\"urlTemplate\":\"https:\/\/startercultures.eu\/nl\/?s={search_term_string}\"},\"query-input\":{\"@type\":\"PropertyValueSpecification\",\"valueRequired\":true,\"valueName\":\"search_term_string\"}}],\"inLanguage\":\"nl-NL\"},{\"@type\":\"Organization\",\"@id\":\"https:\/\/startercultures.eu\/nl\/#organization\",\"name\":\"Startercultures.eu\",\"url\":\"https:\/\/startercultures.eu\/nl\/\",\"logo\":{\"@type\":\"ImageObject\",\"inLanguage\":\"nl-NL\",\"@id\":\"https:\/\/startercultures.eu\/nl\/#\/schema\/logo\/image\/\",\"url\":\"https:\/\/startercultures.eu\/wp-content\/uploads\/2020\/08\/startercultures-eu-nl-logo-rond-rgb.png\",\"contentUrl\":\"https:\/\/startercultures.eu\/wp-content\/uploads\/2020\/08\/startercultures-eu-nl-logo-rond-rgb.png\",\"width\":320,\"height\":320,\"caption\":\"Startercultures.eu\"},\"image\":{\"@id\":\"https:\/\/startercultures.eu\/nl\/#\/schema\/logo\/image\/\"},\"sameAs\":[\"https:\/\/www.facebook.com\/startercultureseu\",\"https:\/\/www.instagram.com\/startercultures.eu\/\"],\"hasMerchantReturnPolicy\":{\"@type\":\"MerchantReturnPolicy\",\"merchantReturnLink\":\"https:\/\/startercultures.eu\/return-policy\/\"}}]}<\/script>\n<meta property=\"product:price:amount\" content=\"61.15\" \/>\n<meta property=\"product:price:currency\" content=\"EUR\" \/>\n<meta property=\"og:availability\" content=\"instock\" \/>\n<meta property=\"product:availability\" content=\"instock\" \/>\n<meta property=\"product:retailer_item_id\" content=\"277\" \/>\n<meta property=\"product:condition\" content=\"new\" \/>\n<!-- \/ Yoast SEO plugin. -->","yoast_head_json":{"title":"Rookworst starter kit voor zelf rookworst maken | Starterculturen.nl","description":"Een alles-in-een rookworst starter kit voor het maken van je eigen klassiek Nederlandse rookworst. Watertandend lekker!","robots":{"index":"index","follow":"follow","max-snippet":"max-snippet:-1","max-image-preview":"max-image-preview:large","max-video-preview":"max-video-preview:-1"},"canonical":"https:\/\/startercultures.eu\/nl\/product\/worst-en-vleeswaren-nl\/complete-pakketten-nl\/alles-in-een-rookworst-starter-kit\/","og_locale":"nl_NL","og_type":"article","og_title":"Rookworst starter kit voor zelf rookworst maken | Starterculturen.nl","og_description":"Een alles-in-een rookworst starter kit voor het maken van je eigen klassiek Nederlandse rookworst. Watertandend lekker!","og_url":"https:\/\/startercultures.eu\/nl\/product\/worst-en-vleeswaren-nl\/complete-pakketten-nl\/alles-in-een-rookworst-starter-kit\/","og_site_name":"Startercultures.eu","article_publisher":"https:\/\/www.facebook.com\/startercultureseu","article_modified_time":"2025-12-07T07:05:44+00:00","og_image":[{"width":450,"height":450,"url":"https:\/\/startercultures.eu\/wp-content\/uploads\/2020\/07\/9745bc7ffa59b061c5347d3cfd73b1c85db6b908.jpg","type":"image\/jpeg"}],"twitter_card":"summary_large_image","twitter_misc":{"Price":"&euro;61,15","Availability":"Op voorraad"},"schema":{"@context":"https:\/\/schema.org","@graph":[{"@type":"WebPage","@id":"https:\/\/startercultures.eu\/nl\/product\/worst-en-vleeswaren-nl\/complete-pakketten-nl\/alles-in-een-rookworst-starter-kit\/","url":"https:\/\/startercultures.eu\/nl\/product\/worst-en-vleeswaren-nl\/complete-pakketten-nl\/alles-in-een-rookworst-starter-kit\/","name":"Rookworst starter kit voor zelf rookworst maken | Starterculturen.nl","isPartOf":{"@id":"https:\/\/startercultures.eu\/nl\/#website"},"primaryImageOfPage":{"@id":"https:\/\/startercultures.eu\/nl\/product\/worst-en-vleeswaren-nl\/complete-pakketten-nl\/alles-in-een-rookworst-starter-kit\/#primaryimage"},"image":{"@id":"https:\/\/startercultures.eu\/nl\/product\/worst-en-vleeswaren-nl\/complete-pakketten-nl\/alles-in-een-rookworst-starter-kit\/#primaryimage"},"thumbnailUrl":"https:\/\/startercultures.eu\/wp-content\/uploads\/2020\/07\/9745bc7ffa59b061c5347d3cfd73b1c85db6b908.jpg","datePublished":"2022-05-19T09:38:27+00:00","dateModified":"2025-12-07T07:05:44+00:00","description":"Een alles-in-een rookworst starter kit voor het maken van je eigen klassiek Nederlandse rookworst. Watertandend lekker!","breadcrumb":{"@id":"https:\/\/startercultures.eu\/nl\/product\/worst-en-vleeswaren-nl\/complete-pakketten-nl\/alles-in-een-rookworst-starter-kit\/#breadcrumb"},"inLanguage":"nl-NL","potentialAction":[{"@type":"ReadAction","target":["https:\/\/startercultures.eu\/nl\/product\/worst-en-vleeswaren-nl\/complete-pakketten-nl\/alles-in-een-rookworst-starter-kit\/"]}]},{"@type":"ImageObject","inLanguage":"nl-NL","@id":"https:\/\/startercultures.eu\/nl\/product\/worst-en-vleeswaren-nl\/complete-pakketten-nl\/alles-in-een-rookworst-starter-kit\/#primaryimage","url":"https:\/\/startercultures.eu\/wp-content\/uploads\/2020\/07\/9745bc7ffa59b061c5347d3cfd73b1c85db6b908.jpg","contentUrl":"https:\/\/startercultures.eu\/wp-content\/uploads\/2020\/07\/9745bc7ffa59b061c5347d3cfd73b1c85db6b908.jpg","width":450,"height":450,"caption":"Rookworst starter kit"},{"@type":"BreadcrumbList","@id":"https:\/\/startercultures.eu\/nl\/product\/worst-en-vleeswaren-nl\/complete-pakketten-nl\/alles-in-een-rookworst-starter-kit\/#breadcrumb","itemListElement":[{"@type":"ListItem","position":1,"name":"Home","item":"https:\/\/startercultures.eu\/nl\/"},{"@type":"ListItem","position":2,"name":"Winkel","item":"https:\/\/startercultures.eu\/nl\/winkel\/"},{"@type":"ListItem","position":3,"name":"Alles in \u00e9\u00e9n \u2018maak je eigen rookworst\u2019-starterspakket"}]},{"@type":"WebSite","@id":"https:\/\/startercultures.eu\/nl\/#website","url":"https:\/\/startercultures.eu\/nl\/","name":"Startercultures.eu","description":"Startercultures.eu","publisher":{"@id":"https:\/\/startercultures.eu\/nl\/#organization"},"potentialAction":[{"@type":"SearchAction","target":{"@type":"EntryPoint","urlTemplate":"https:\/\/startercultures.eu\/nl\/?s={search_term_string}"},"query-input":{"@type":"PropertyValueSpecification","valueRequired":true,"valueName":"search_term_string"}}],"inLanguage":"nl-NL"},{"@type":"Organization","@id":"https:\/\/startercultures.eu\/nl\/#organization","name":"Startercultures.eu","url":"https:\/\/startercultures.eu\/nl\/","logo":{"@type":"ImageObject","inLanguage":"nl-NL","@id":"https:\/\/startercultures.eu\/nl\/#\/schema\/logo\/image\/","url":"https:\/\/startercultures.eu\/wp-content\/uploads\/2020\/08\/startercultures-eu-nl-logo-rond-rgb.png","contentUrl":"https:\/\/startercultures.eu\/wp-content\/uploads\/2020\/08\/startercultures-eu-nl-logo-rond-rgb.png","width":320,"height":320,"caption":"Startercultures.eu"},"image":{"@id":"https:\/\/startercultures.eu\/nl\/#\/schema\/logo\/image\/"},"sameAs":["https:\/\/www.facebook.com\/startercultureseu","https:\/\/www.instagram.com\/startercultures.eu\/"],"hasMerchantReturnPolicy":{"@type":"MerchantReturnPolicy","merchantReturnLink":"https:\/\/startercultures.eu\/return-policy\/"}}]},"product_price_amount":"61.15","product_price_currency":"EUR","og_availability":"instock","product_availability":"instock","product_retailer_item_id":"277","product_condition":"new"},"_links":{"self":[{"href":"https:\/\/startercultures.eu\/nl\/wp-json\/wp\/v2\/product\/25741","targetHints":{"allow":["GET"]}}],"collection":[{"href":"https:\/\/startercultures.eu\/nl\/wp-json\/wp\/v2\/product"}],"about":[{"href":"https:\/\/startercultures.eu\/nl\/wp-json\/wp\/v2\/types\/product"}],"replies":[{"embeddable":true,"href":"https:\/\/startercultures.eu\/nl\/wp-json\/wp\/v2\/comments?post=25741"}],"version-history":[{"count":4,"href":"https:\/\/startercultures.eu\/nl\/wp-json\/wp\/v2\/product\/25741\/revisions"}],"predecessor-version":[{"id":76574,"href":"https:\/\/startercultures.eu\/nl\/wp-json\/wp\/v2\/product\/25741\/revisions\/76574"}],"wp:featuredmedia":[{"embeddable":true,"href":"https:\/\/startercultures.eu\/nl\/wp-json\/wp\/v2\/media\/15187"}],"wp:attachment":[{"href":"https:\/\/startercultures.eu\/nl\/wp-json\/wp\/v2\/media?parent=25741"}],"wp:term":[{"taxonomy":"product_brand","embeddable":true,"href":"https:\/\/startercultures.eu\/nl\/wp-json\/wp\/v2\/product_brand?post=25741"},{"taxonomy":"product_cat","embeddable":true,"href":"https:\/\/startercultures.eu\/nl\/wp-json\/wp\/v2\/product_cat?post=25741"},{"taxonomy":"product_tag","embeddable":true,"href":"https:\/\/startercultures.eu\/nl\/wp-json\/wp\/v2\/product_tag?post=25741"}],"curies":[{"name":"wp","href":"https:\/\/api.w.org\/{rel}","templated":true}]}}