{"id":33039,"date":"2023-02-20T13:11:43","date_gmt":"2023-02-20T12:11:43","guid":{"rendered":"https:\/\/startercultures.eu\/?post_type=product&#038;p=33039"},"modified":"2026-04-17T07:34:38","modified_gmt":"2026-04-17T05:34:38","slug":"bloedpoeder-voor-het-zelf-maken-van-bloedworst","status":"publish","type":"product","link":"https:\/\/startercultures.eu\/nl\/product\/worst-en-vleeswaren-nl\/hulpstoffen-nl\/bloedpoeder-voor-het-zelf-maken-van-bloedworst\/","title":{"rendered":"Bloedpoeder | voor het zelf maken van bloedworst"},"content":{"rendered":"<p>Maak je eigen bloedworst, beuling, boudin noir, morcilla\u00a0 enz. met dit gedroogde varkensbloed. Deze zak bloedpoeder is voldoende voor 1 liter bloed, waarmee je maximaal 3 kg bloedworst kunt maken.<\/p>\n<h3>Wat is bloedpoeder van gedroogd varkensbloed?<\/h3>\n<p>Gedroogd bloedpoeder is een voedselingredi\u00ebnt gemaakt van het bloed van varkens dat tot een poeder gedroogd is. Het wordt in veel landen in verschillende gerechten gebruikt als eiwitbron en om smaak en kleur toe te voegen aan soepen, stoofschotels en andere gerechten. Het is perfect om je eigen bloedworst, beuling of boudain noir te maken als geen vers bloed beschikbaar is.<\/p>\n<h3>Hoe gebruik je bloedpoeder?<\/h3>\n<ul>\n<li>Eevoudigweg 800-900 ml water toevoegen, in totaal 1 kg. Voor maximaal 3 kg bloedworst.<\/li>\n<li>Bereiding: 1 deel poeder + 5 delen water.<\/li>\n<li>Goed roeren, eventueel met een mixer om klontjes te verwijderen, en dan gebruiken als gewoon bloed.<\/li>\n<\/ul>\n<h3>Inhoud<\/h3>\n<ul>\n<li>175 gr. gedroogd bloed, afkomstig van varkens.<\/li>\n<\/ul>\n<h3>Voordelen van bloedpoeder<\/h3>\n<ul>\n<li>Jarenlange houdbaar<\/li>\n<li>Compact formaat<\/li>\n<li>Gemakkelijk te verzenden<\/li>\n<li>Gemakkelijk op te slaan<\/li>\n<li>Dezelfde kenmerken als vers varkensbloed<\/li>\n<\/ul>\n<h3>Opslaginstructies<\/h3>\n<p>Bloedpoeder moet worden bewaard in een luchtdichte verpakking op een koele, droge plaats, uit de buurt van direct zonlicht of warmtebronnen. Het kan gedurende een korte periode bij kamertemperatuur worden bewaard, maar voor opslag op langere termijn kun je het beter in de koelkast of vriezer bewaren. Indien correct bewaard, kan gedroogd bloed tot enkele jaren meegaan.<\/p>\n<h3 data-fontsize=\"21\" data-lineheight=\"27.3px\">Bloedpoeder kopen?<\/h3>\n<p>Je bestelt bloedpoeder bij starterculturen.nl, d\u00e9 webwinkel voor al je charcuterie, pat\u00e9 en worstingredi\u00ebnten. Van Meneer Wateetons de auteur van de standaardwerken <a href=\"https:\/\/startercultures.eu\/nl\/product-category\/boeken\/\" target=\"_blank\" rel=\"noopener noreferrer\">De Worstbijbel (2018) en Over Charcuterie (2019)<\/a> Op werkdagen voor 15:00 besteld, dezelfde dag verzonden.\u00a0 Vragen over het gebruik? Stel ze via de chatfunctie. We komen er altijd uit.<\/p>\n<h3><img decoding=\"async\" class=\"lazyload wp-image-75332  alignright\" src=\"https:\/\/startercultures.eu\/wp-content\/uploads\/2023\/11\/BLOEDWORST-300x300.png\" data-orig-src=\"https:\/\/startercultures.eu\/wp-content\/uploads\/2023\/11\/BLOEDWORST-300x300.png\" alt=\"\" width=\"113\" height=\"113\" srcset=\"data:image\/svg+xml,%3Csvg%20xmlns%3D%27http%3A%2F%2Fwww.w3.org%2F2000%2Fsvg%27%20width%3D%27113%27%20height%3D%27113%27%20viewBox%3D%270%200%20113%20113%27%3E%3Crect%20width%3D%27113%27%20height%3D%27113%27%20fill-opacity%3D%220%22%2F%3E%3C%2Fsvg%3E\" data-srcset=\"https:\/\/startercultures.eu\/wp-content\/uploads\/2023\/11\/BLOEDWORST-66x66.png 66w, https:\/\/startercultures.eu\/wp-content\/uploads\/2023\/11\/BLOEDWORST-100x100.png 100w, https:\/\/startercultures.eu\/wp-content\/uploads\/2023\/11\/BLOEDWORST-150x150.png 150w, https:\/\/startercultures.eu\/wp-content\/uploads\/2023\/11\/BLOEDWORST-200x200.png 200w, https:\/\/startercultures.eu\/wp-content\/uploads\/2023\/11\/BLOEDWORST-300x300.png 300w, https:\/\/startercultures.eu\/wp-content\/uploads\/2023\/11\/BLOEDWORST-400x400.png 400w, https:\/\/startercultures.eu\/wp-content\/uploads\/2023\/11\/BLOEDWORST-500x500.png 500w, https:\/\/startercultures.eu\/wp-content\/uploads\/2023\/11\/BLOEDWORST-600x600.png 600w, https:\/\/startercultures.eu\/wp-content\/uploads\/2023\/11\/BLOEDWORST-700x700.png 700w, https:\/\/startercultures.eu\/wp-content\/uploads\/2023\/11\/BLOEDWORST-768x768.png 768w, https:\/\/startercultures.eu\/wp-content\/uploads\/2023\/11\/BLOEDWORST-800x800.png 800w, https:\/\/startercultures.eu\/wp-content\/uploads\/2023\/11\/BLOEDWORST.png 1000w\" data-sizes=\"auto\" data-orig-sizes=\"(max-width: 113px) 100vw, 113px\" \/>Online on demand workshop &#8216;maak je eigen bloedworst&#8217;<\/h3>\n<p>Morcilla, butifarra negra, Hollandse bakbloedworst en boudin noir, ze komen allemaal langs tijdens deze\u00a0<a href=\"https:\/\/startercultures.eu\/nl\/product\/online-workshops-nl\/online-workshop-worst-en-charcuterie\/online-cursus-maak-je-eigen-bloedworst\/\" target=\"_blank\" rel=\"noopener\">online workshop<\/a> van de auteur van de\u00a0<a class=\"ek-link\" href=\"https:\/\/startercultures.eu\/nl\/product\/boeken\/worstbijbel-2018-nl\/\" target=\"_blank\" rel=\"noreferrer noopener\" aria-label=\" (opens in a new tab)\">Worstbijbel (2018<\/a>)! Je zult ontdekken dat bloedworst helemaal niet (zo) eng, makkelijk te maken en verbazingwekkend veelzijdig en vooral\u00a0lekker is. Kijk <a href=\"https:\/\/startercultures.eu\/nl\/product\/online-workshops-nl\/online-workshop-worst-en-charcuterie\/online-cursus-maak-je-eigen-bloedworst\/\" target=\"_blank\" rel=\"noopener\">hier<\/a> voor meer info.<\/p>\n<p>&nbsp;<\/p>\n","protected":false},"excerpt":{"rendered":"<p>Maak je eigen bloedworsten, boudin noirs, enz. met dit gedroogd bloedpoeder. Gewoon water toevoegen en combineren met de gebruikelijke ingredi\u00ebnten!<\/p>\n","protected":false},"featured_media":37477,"comment_status":"open","ping_status":"closed","template":"","meta":{"_acf_changed":false,"footnotes":""},"product_brand":[],"product_cat":[48],"product_tag":[],"class_list":{"0":"post-33039","1":"product","2":"type-product","3":"status-publish","4":"has-post-thumbnail","6":"product_cat-hulpstoffen-nl","7":"pa_ean-8720297621673-nl","9":"first","10":"instock","11":"taxable","12":"shipping-taxable","13":"purchasable","14":"product-type-simple"},"acf":[],"yoast_head":"<!-- This site is optimized with the Yoast SEO plugin v26.6 - https:\/\/yoast.com\/wordpress\/plugins\/seo\/ -->\n<title>Bloedpoeder voor zelf bloedworst maken - Startercultures.eu<\/title>\n<meta name=\"description\" content=\"Maak je eigen bloedworsten, boudin noirs, enz. met dit gedroogd bloedpoeder. Gewoon water toevoegen en combineren met de gebruikelijke ingredi\u00ebnten!\" \/>\n<meta name=\"robots\" content=\"index, follow, max-snippet:-1, max-image-preview:large, max-video-preview:-1\" \/>\n<link rel=\"canonical\" href=\"https:\/\/startercultures.eu\/nl\/product\/worst-en-vleeswaren-nl\/hulpstoffen-nl\/bloedpoeder-voor-het-zelf-maken-van-bloedworst\/\" \/>\n<meta property=\"og:locale\" content=\"nl_NL\" \/>\n<meta property=\"og:type\" content=\"article\" \/>\n<meta property=\"og:title\" content=\"Bloedpoeder voor zelf bloedworst maken - Startercultures.eu\" \/>\n<meta property=\"og:description\" content=\"Maak je eigen bloedworsten, boudin noirs, enz. met dit gedroogd bloedpoeder. Gewoon water toevoegen en combineren met de gebruikelijke ingredi\u00ebnten!\" \/>\n<meta property=\"og:url\" content=\"https:\/\/startercultures.eu\/nl\/product\/worst-en-vleeswaren-nl\/hulpstoffen-nl\/bloedpoeder-voor-het-zelf-maken-van-bloedworst\/\" \/>\n<meta property=\"og:site_name\" content=\"Startercultures.eu\" \/>\n<meta property=\"article:publisher\" content=\"https:\/\/www.facebook.com\/startercultureseu\" \/>\n<meta property=\"article:modified_time\" content=\"2026-04-17T05:34:38+00:00\" \/>\n<meta property=\"og:image\" content=\"https:\/\/startercultures.eu\/wp-content\/uploads\/2023\/02\/298-varkensbloed-mu.png\" \/>\n\t<meta property=\"og:image:width\" content=\"1250\" \/>\n\t<meta property=\"og:image:height\" content=\"1250\" \/>\n\t<meta property=\"og:image:type\" content=\"image\/png\" \/>\n<meta name=\"twitter:card\" content=\"summary_large_image\" \/>\n<meta name=\"twitter:label1\" content=\"Price\" \/>\n\t<meta name=\"twitter:data1\" content=\"&euro;14,99\" \/>\n\t<meta name=\"twitter:label2\" content=\"Availability\" \/>\n\t<meta name=\"twitter:data2\" content=\"Op voorraad\" \/>\n<script type=\"application\/ld+json\" class=\"yoast-schema-graph\">{\"@context\":\"https:\/\/schema.org\",\"@graph\":[{\"@type\":\"WebPage\",\"@id\":\"https:\/\/startercultures.eu\/nl\/product\/worst-en-vleeswaren-nl\/hulpstoffen-nl\/bloedpoeder-voor-het-zelf-maken-van-bloedworst\/\",\"url\":\"https:\/\/startercultures.eu\/nl\/product\/worst-en-vleeswaren-nl\/hulpstoffen-nl\/bloedpoeder-voor-het-zelf-maken-van-bloedworst\/\",\"name\":\"Bloedpoeder voor zelf bloedworst maken - Startercultures.eu\",\"isPartOf\":{\"@id\":\"https:\/\/startercultures.eu\/nl\/#website\"},\"primaryImageOfPage\":{\"@id\":\"https:\/\/startercultures.eu\/nl\/product\/worst-en-vleeswaren-nl\/hulpstoffen-nl\/bloedpoeder-voor-het-zelf-maken-van-bloedworst\/#primaryimage\"},\"image\":{\"@id\":\"https:\/\/startercultures.eu\/nl\/product\/worst-en-vleeswaren-nl\/hulpstoffen-nl\/bloedpoeder-voor-het-zelf-maken-van-bloedworst\/#primaryimage\"},\"thumbnailUrl\":\"https:\/\/startercultures.eu\/wp-content\/uploads\/2023\/02\/298-varkensbloed-mu.png\",\"datePublished\":\"2023-02-20T12:11:43+00:00\",\"dateModified\":\"2026-04-17T05:34:38+00:00\",\"description\":\"Maak je eigen bloedworsten, boudin noirs, enz. met dit gedroogd bloedpoeder. Gewoon water toevoegen en combineren met de gebruikelijke ingredi\u00ebnten!\",\"breadcrumb\":{\"@id\":\"https:\/\/startercultures.eu\/nl\/product\/worst-en-vleeswaren-nl\/hulpstoffen-nl\/bloedpoeder-voor-het-zelf-maken-van-bloedworst\/#breadcrumb\"},\"inLanguage\":\"nl-NL\",\"potentialAction\":[{\"@type\":\"ReadAction\",\"target\":[\"https:\/\/startercultures.eu\/nl\/product\/worst-en-vleeswaren-nl\/hulpstoffen-nl\/bloedpoeder-voor-het-zelf-maken-van-bloedworst\/\"]}]},{\"@type\":\"ImageObject\",\"inLanguage\":\"nl-NL\",\"@id\":\"https:\/\/startercultures.eu\/nl\/product\/worst-en-vleeswaren-nl\/hulpstoffen-nl\/bloedpoeder-voor-het-zelf-maken-van-bloedworst\/#primaryimage\",\"url\":\"https:\/\/startercultures.eu\/wp-content\/uploads\/2023\/02\/298-varkensbloed-mu.png\",\"contentUrl\":\"https:\/\/startercultures.eu\/wp-content\/uploads\/2023\/02\/298-varkensbloed-mu.png\",\"width\":1250,\"height\":1250,\"caption\":\"pig's blood\"},{\"@type\":\"BreadcrumbList\",\"@id\":\"https:\/\/startercultures.eu\/nl\/product\/worst-en-vleeswaren-nl\/hulpstoffen-nl\/bloedpoeder-voor-het-zelf-maken-van-bloedworst\/#breadcrumb\",\"itemListElement\":[{\"@type\":\"ListItem\",\"position\":1,\"name\":\"Home\",\"item\":\"https:\/\/startercultures.eu\/nl\/\"},{\"@type\":\"ListItem\",\"position\":2,\"name\":\"Winkel\",\"item\":\"https:\/\/startercultures.eu\/nl\/winkel\/\"},{\"@type\":\"ListItem\",\"position\":3,\"name\":\"Bloedpoeder | voor het zelf maken van bloedworst\"}]},{\"@type\":\"WebSite\",\"@id\":\"https:\/\/startercultures.eu\/nl\/#website\",\"url\":\"https:\/\/startercultures.eu\/nl\/\",\"name\":\"Startercultures.eu\",\"description\":\"Startercultures.eu\",\"publisher\":{\"@id\":\"https:\/\/startercultures.eu\/nl\/#organization\"},\"potentialAction\":[{\"@type\":\"SearchAction\",\"target\":{\"@type\":\"EntryPoint\",\"urlTemplate\":\"https:\/\/startercultures.eu\/nl\/?s={search_term_string}\"},\"query-input\":{\"@type\":\"PropertyValueSpecification\",\"valueRequired\":true,\"valueName\":\"search_term_string\"}}],\"inLanguage\":\"nl-NL\"},{\"@type\":\"Organization\",\"@id\":\"https:\/\/startercultures.eu\/nl\/#organization\",\"name\":\"Startercultures.eu\",\"url\":\"https:\/\/startercultures.eu\/nl\/\",\"logo\":{\"@type\":\"ImageObject\",\"inLanguage\":\"nl-NL\",\"@id\":\"https:\/\/startercultures.eu\/nl\/#\/schema\/logo\/image\/\",\"url\":\"https:\/\/startercultures.eu\/wp-content\/uploads\/2020\/08\/startercultures-eu-nl-logo-rond-rgb.png\",\"contentUrl\":\"https:\/\/startercultures.eu\/wp-content\/uploads\/2020\/08\/startercultures-eu-nl-logo-rond-rgb.png\",\"width\":320,\"height\":320,\"caption\":\"Startercultures.eu\"},\"image\":{\"@id\":\"https:\/\/startercultures.eu\/nl\/#\/schema\/logo\/image\/\"},\"sameAs\":[\"https:\/\/www.facebook.com\/startercultureseu\",\"https:\/\/www.instagram.com\/startercultures.eu\/\"]}]}<\/script>\n<meta property=\"product:price:amount\" content=\"14.99\" \/>\n<meta property=\"product:price:currency\" content=\"EUR\" \/>\n<meta property=\"og:availability\" content=\"instock\" \/>\n<meta property=\"product:availability\" content=\"instock\" \/>\n<meta property=\"product:retailer_item_id\" content=\"298\" \/>\n<meta property=\"product:condition\" content=\"new\" \/>\n<!-- \/ Yoast SEO plugin. -->","yoast_head_json":{"title":"Bloedpoeder voor zelf bloedworst maken - Startercultures.eu","description":"Maak je eigen bloedworsten, boudin noirs, enz. met dit gedroogd bloedpoeder. Gewoon water toevoegen en combineren met de gebruikelijke ingredi\u00ebnten!","robots":{"index":"index","follow":"follow","max-snippet":"max-snippet:-1","max-image-preview":"max-image-preview:large","max-video-preview":"max-video-preview:-1"},"canonical":"https:\/\/startercultures.eu\/nl\/product\/worst-en-vleeswaren-nl\/hulpstoffen-nl\/bloedpoeder-voor-het-zelf-maken-van-bloedworst\/","og_locale":"nl_NL","og_type":"article","og_title":"Bloedpoeder voor zelf bloedworst maken - Startercultures.eu","og_description":"Maak je eigen bloedworsten, boudin noirs, enz. met dit gedroogd bloedpoeder. Gewoon water toevoegen en combineren met de gebruikelijke ingredi\u00ebnten!","og_url":"https:\/\/startercultures.eu\/nl\/product\/worst-en-vleeswaren-nl\/hulpstoffen-nl\/bloedpoeder-voor-het-zelf-maken-van-bloedworst\/","og_site_name":"Startercultures.eu","article_publisher":"https:\/\/www.facebook.com\/startercultureseu","article_modified_time":"2026-04-17T05:34:38+00:00","og_image":[{"width":1250,"height":1250,"url":"https:\/\/startercultures.eu\/wp-content\/uploads\/2023\/02\/298-varkensbloed-mu.png","type":"image\/png"}],"twitter_card":"summary_large_image","twitter_misc":{"Price":"&euro;14,99","Availability":"Op voorraad"},"schema":{"@context":"https:\/\/schema.org","@graph":[{"@type":"WebPage","@id":"https:\/\/startercultures.eu\/nl\/product\/worst-en-vleeswaren-nl\/hulpstoffen-nl\/bloedpoeder-voor-het-zelf-maken-van-bloedworst\/","url":"https:\/\/startercultures.eu\/nl\/product\/worst-en-vleeswaren-nl\/hulpstoffen-nl\/bloedpoeder-voor-het-zelf-maken-van-bloedworst\/","name":"Bloedpoeder voor zelf bloedworst maken - Startercultures.eu","isPartOf":{"@id":"https:\/\/startercultures.eu\/nl\/#website"},"primaryImageOfPage":{"@id":"https:\/\/startercultures.eu\/nl\/product\/worst-en-vleeswaren-nl\/hulpstoffen-nl\/bloedpoeder-voor-het-zelf-maken-van-bloedworst\/#primaryimage"},"image":{"@id":"https:\/\/startercultures.eu\/nl\/product\/worst-en-vleeswaren-nl\/hulpstoffen-nl\/bloedpoeder-voor-het-zelf-maken-van-bloedworst\/#primaryimage"},"thumbnailUrl":"https:\/\/startercultures.eu\/wp-content\/uploads\/2023\/02\/298-varkensbloed-mu.png","datePublished":"2023-02-20T12:11:43+00:00","dateModified":"2026-04-17T05:34:38+00:00","description":"Maak je eigen bloedworsten, boudin noirs, enz. met dit gedroogd bloedpoeder. Gewoon water toevoegen en combineren met de gebruikelijke ingredi\u00ebnten!","breadcrumb":{"@id":"https:\/\/startercultures.eu\/nl\/product\/worst-en-vleeswaren-nl\/hulpstoffen-nl\/bloedpoeder-voor-het-zelf-maken-van-bloedworst\/#breadcrumb"},"inLanguage":"nl-NL","potentialAction":[{"@type":"ReadAction","target":["https:\/\/startercultures.eu\/nl\/product\/worst-en-vleeswaren-nl\/hulpstoffen-nl\/bloedpoeder-voor-het-zelf-maken-van-bloedworst\/"]}]},{"@type":"ImageObject","inLanguage":"nl-NL","@id":"https:\/\/startercultures.eu\/nl\/product\/worst-en-vleeswaren-nl\/hulpstoffen-nl\/bloedpoeder-voor-het-zelf-maken-van-bloedworst\/#primaryimage","url":"https:\/\/startercultures.eu\/wp-content\/uploads\/2023\/02\/298-varkensbloed-mu.png","contentUrl":"https:\/\/startercultures.eu\/wp-content\/uploads\/2023\/02\/298-varkensbloed-mu.png","width":1250,"height":1250,"caption":"pig's blood"},{"@type":"BreadcrumbList","@id":"https:\/\/startercultures.eu\/nl\/product\/worst-en-vleeswaren-nl\/hulpstoffen-nl\/bloedpoeder-voor-het-zelf-maken-van-bloedworst\/#breadcrumb","itemListElement":[{"@type":"ListItem","position":1,"name":"Home","item":"https:\/\/startercultures.eu\/nl\/"},{"@type":"ListItem","position":2,"name":"Winkel","item":"https:\/\/startercultures.eu\/nl\/winkel\/"},{"@type":"ListItem","position":3,"name":"Bloedpoeder | voor het zelf maken van bloedworst"}]},{"@type":"WebSite","@id":"https:\/\/startercultures.eu\/nl\/#website","url":"https:\/\/startercultures.eu\/nl\/","name":"Startercultures.eu","description":"Startercultures.eu","publisher":{"@id":"https:\/\/startercultures.eu\/nl\/#organization"},"potentialAction":[{"@type":"SearchAction","target":{"@type":"EntryPoint","urlTemplate":"https:\/\/startercultures.eu\/nl\/?s={search_term_string}"},"query-input":{"@type":"PropertyValueSpecification","valueRequired":true,"valueName":"search_term_string"}}],"inLanguage":"nl-NL"},{"@type":"Organization","@id":"https:\/\/startercultures.eu\/nl\/#organization","name":"Startercultures.eu","url":"https:\/\/startercultures.eu\/nl\/","logo":{"@type":"ImageObject","inLanguage":"nl-NL","@id":"https:\/\/startercultures.eu\/nl\/#\/schema\/logo\/image\/","url":"https:\/\/startercultures.eu\/wp-content\/uploads\/2020\/08\/startercultures-eu-nl-logo-rond-rgb.png","contentUrl":"https:\/\/startercultures.eu\/wp-content\/uploads\/2020\/08\/startercultures-eu-nl-logo-rond-rgb.png","width":320,"height":320,"caption":"Startercultures.eu"},"image":{"@id":"https:\/\/startercultures.eu\/nl\/#\/schema\/logo\/image\/"},"sameAs":["https:\/\/www.facebook.com\/startercultureseu","https:\/\/www.instagram.com\/startercultures.eu\/"]}]},"product_price_amount":"14.99","product_price_currency":"EUR","og_availability":"instock","product_availability":"instock","product_retailer_item_id":"298","product_condition":"new"},"_links":{"self":[{"href":"https:\/\/startercultures.eu\/nl\/wp-json\/wp\/v2\/product\/33039","targetHints":{"allow":["GET"]}}],"collection":[{"href":"https:\/\/startercultures.eu\/nl\/wp-json\/wp\/v2\/product"}],"about":[{"href":"https:\/\/startercultures.eu\/nl\/wp-json\/wp\/v2\/types\/product"}],"replies":[{"embeddable":true,"href":"https:\/\/startercultures.eu\/nl\/wp-json\/wp\/v2\/comments?post=33039"}],"version-history":[{"count":2,"href":"https:\/\/startercultures.eu\/nl\/wp-json\/wp\/v2\/product\/33039\/revisions"}],"predecessor-version":[{"id":76568,"href":"https:\/\/startercultures.eu\/nl\/wp-json\/wp\/v2\/product\/33039\/revisions\/76568"}],"wp:featuredmedia":[{"embeddable":true,"href":"https:\/\/startercultures.eu\/nl\/wp-json\/wp\/v2\/media\/37477"}],"wp:attachment":[{"href":"https:\/\/startercultures.eu\/nl\/wp-json\/wp\/v2\/media?parent=33039"}],"wp:term":[{"taxonomy":"product_brand","embeddable":true,"href":"https:\/\/startercultures.eu\/nl\/wp-json\/wp\/v2\/product_brand?post=33039"},{"taxonomy":"product_cat","embeddable":true,"href":"https:\/\/startercultures.eu\/nl\/wp-json\/wp\/v2\/product_cat?post=33039"},{"taxonomy":"product_tag","embeddable":true,"href":"https:\/\/startercultures.eu\/nl\/wp-json\/wp\/v2\/product_tag?post=33039"}],"curies":[{"name":"wp","href":"https:\/\/api.w.org\/{rel}","templated":true}]}}