{"id":40856,"date":"2023-07-20T08:54:49","date_gmt":"2023-07-20T06:54:49","guid":{"rendered":"https:\/\/startercultures.eu\/?post_type=product&#038;p=40856"},"modified":"2025-12-07T08:05:47","modified_gmt":"2025-12-07T07:05:47","slug":"red-oncom-startercultuur","status":"publish","type":"product","link":"https:\/\/startercultures.eu\/nl\/product\/fermentation-nl\/bonen-granen-rijst-nl\/red-oncom-startercultuur\/","title":{"rendered":"Red oncom startercultuur"},"content":{"rendered":"<p>Oncom [spreek uit: ontjom] is een traditioneel gefermenteerd product uit Java. Het wordt gemaakt van sojaschroot dat over blijft na het bereiden van <a href=\"https:\/\/www.starterculturen.nl\/a-52583979\/bonen-granen-rijst\/tofu-stremsel\/\" target=\"_blank\" rel=\"noopener noreferrer\">sojamelk en\/of tofu.<\/a> Er bestaan twee varianten: <a href=\"https:\/\/startercultures.eu\/nl\/product\/bonen-granen-rijst-nl\/black-oncom-starter-nl\/\" target=\"_blank\" rel=\"noopener\">black oncom <\/a>en red oncom. Die eerste lijkt op tempeh en wordt gefermenteerd met <em>Rhizopus oligosporus.\u00a0 <\/em>Deze starter is bedoeld voor Red oncom<em>. <\/em>Andere bronnen voor oncom zijn de restanten van tapiocameelmaling of pindapersing.<\/p>\n<p><a href=\"https:\/\/books.google.nl\/books?id=hdKzFlaqWT8C&amp;pg=PA205&amp;lpg=PA205&amp;dq=onchom+appendix+H&amp;source=bl&amp;ots=-E65fCugk9&amp;sig=7P2XUb6DCh-YKY5WpWTAmV1POu4&amp;hl=en&amp;sa=X&amp;ei=5BgDT8j9D8jf0QH7wty5Dw&amp;redir_esc=y#v=onepage&amp;q=onchom%20appendix%20H&amp;f=false\" target=\"_blank\" rel=\"noopener noreferrer\">Hier kun je meer lezen over oncom<\/a> (Engels, Google books).\u00a0In\u00a0<a href=\"https:\/\/www.starterculturen.nl\/a-52122580\/boeken\/over-rot-2015-het-handboek-fermenteren\/\" target=\"_blank\" rel=\"noopener noreferrer\">Over Rot (2015)<\/a>\u00a0vind je informatie over vele tientallen andere gefermenteerde voedingsmiddelen.<\/p>\n<h3>Wat is red oncom?<\/h3>\n<p>Red oncom wordt traditioneel gemaakt van sojapulp, die overblijft nadat sojabonen zijn verwerkt voor olie of melk. De sojapulp (okara) wordt ge\u00ebnt met een specifieke schimmel, meestal <em>Neurospora sitophila<\/em>, die de kenmerkende rode kleur aan de oncom geeft. De schimmel groeit op de sojabonenpulp gedurende een korte periode, meestal vari\u00ebrend van \u00e9\u00e9n tot twee dagen, onder gecontroleerde omstandigheden van vocht en temperatuur.<\/p>\n<p>De oncom schimmel scheidt amylase-, lipase- en protease-enzymen af die actief zijn tijdens het fermentatieproces en een belangrijke rol spelen bij de afbraak van zetmeel tot suiker, de afbraak van celwandmateriaal, de afbraak van vet en de vorming van kleine hoeveelheden alcohol en verschillende esters die zorgen voor een aangenaam en geurig aroma.<\/p>\n<p>Eiwit wordt ook afgebroken, maar niet volledig, wat resulteert in een verhoogde verteerbaarheid.<\/p>\n<p>Na fermentatie wordt de resulterende red oncom gedroogd, vaak in de vorm van platte koeken, die verder verwerkt en gekookt kunnen worden in verschillende culinaire bereidingen. Red oncom wordt gewaardeerd om zijn rijke &#8216;vleesachtige&#8217; umami smaak, veelzijdigheid en bijdrage aan de Indonesische keuken.<\/p>\n<h3>Red oncom maken van andere producten<\/h3>\n<p>Red oncom wordt vaak ook gemaakt van pinda&#8217;s, en kan ook worden gemaakt met andere bonen, waardoor creatieve thuiskoks en chef-koks veel interessante mogelijkheden hebben.<\/p>\n<h3>Inhoud van de Red oncom startercultuur<\/h3>\n<ul>\n<li>40 gram, wat genoeg is voor ongeveer 4 kg red oncom<\/li>\n<li>Ingredi\u00ebnten: red oncom starter (<em>Neurospora sitophil<\/em>a) en rijstmeel<\/li>\n<li>Bewaarinstructies: minstens 6 maanden in de koelkast te bewaren, meer dan een jaar in de vriezer<\/li>\n<li>Land van herkomst: Indonesi\u00eb<\/li>\n<li>Allergenen: geen<\/li>\n<\/ul>\n<h3>Hoe maak je red oncom met onze red oncom startercultuur?<\/h3>\n<ul>\n<li>Dosering: 10 gram per kilogram substraat<\/li>\n<li>Kook de bonen<\/li>\n<li>Laat ze afkoelen<\/li>\n<li>Maal ze fijn<\/li>\n<li>Maak een plak, niet dikker dan 2 cm<\/li>\n<li>Strooi de starter erover<\/li>\n<li>Gebruik een open fermentatie- dek niet af of pak niet in (zoals je wel\u00a0 bij tempeh doet).<\/li>\n<li>Laat 1-3 dagen fermenteren bij een hoge luchtvochtigheid en rond de 25-35 graden Celsius.<\/li>\n<\/ul>\n<h3>Alternatief pinda red oncom recept<\/h3>\n<p>Om oncom van pindameel te maken, laat je het eerst 3-4 uur weken in schoon water, laat je het uitlekken, zeef je het en meng je het met tapiocameel. Vervolgens wordt dit mengsel gestoomd. Na het stomen wordt het deeg uitgespreid op een bamboemat en besprenkeld met de starter nadat het is afgekoeld. Incubatie wordt uitgevoerd nadat het bedekt is met schone bananenbladeren in een warme kamer (25-30 \u00b0C) en hoge luchtvochtigheid, gedurende 2 tot 3 dagen.<\/p>\n<h3>Hoe bereid je oncom?<\/h3>\n<p>De meest populaire verwerking na de fermentatie is het te frituren, zoals bij tempeh.<\/p>\n<h3 data-fontsize=\"21\" data-lineheight=\"27.3px\">Red oncom startercultuur kopen?<\/h3>\n<p>Je bestelt de Red oncom startercultuur bij starterculturen.nl, d\u00e9 webwinkel voor al je tempeh, koji en tofu. Van Meneer Wateetons de auteur van de standaardwerken <a href=\"https:\/\/www.starterculturen.nl\/a-52122580\/boeken\/over-rot-2015-het-handboek-fermenteren\/\" target=\"_blank\" rel=\"noopener noreferrer\">Over Rot (2015)<\/a> en<a href=\"https:\/\/startercultures.eu\/nl\/product\/boeken\/over-inpakken-2020-nl\/\" target=\"_blank\" rel=\"noopener\"> Over Inpakken (2020)<\/a>. Op werkdagen voor 15:00 besteld, dezelfde dag verzonden.\u00a0 Vragen over het gebruik van de Red oncom startercultuur? Stel ze via de chatfunctie. We komen er altijd uit.<\/p>\n<h3>Online on demand workshop &#8216;maak je eigen kombucha&#8217;<\/h3>\n<h3><img decoding=\"async\" class=\"lazyload wp-image-10594 alignright\" style=\"font-size: 16px;\" src=\"https:\/\/startercultures.eu\/wp-content\/uploads\/2021\/01\/online-workshop-komboecha-maken-300x300.png\" data-orig-src=\"https:\/\/startercultures.eu\/wp-content\/uploads\/2021\/01\/online-workshop-komboecha-maken-300x300.png\" alt=\"online workshop komboecha maken\" width=\"116\" height=\"116\" srcset=\"data:image\/svg+xml,%3Csvg%20xmlns%3D%27http%3A%2F%2Fwww.w3.org%2F2000%2Fsvg%27%20width%3D%27116%27%20height%3D%27116%27%20viewBox%3D%270%200%20116%20116%27%3E%3Crect%20width%3D%27116%27%20height%3D%27116%27%20fill-opacity%3D%220%22%2F%3E%3C%2Fsvg%3E\" data-srcset=\"https:\/\/startercultures.eu\/wp-content\/uploads\/2021\/01\/online-workshop-komboecha-maken-66x66.png 66w, https:\/\/startercultures.eu\/wp-content\/uploads\/2021\/01\/online-workshop-komboecha-maken-70x70.png 70w, https:\/\/startercultures.eu\/wp-content\/uploads\/2021\/01\/online-workshop-komboecha-maken-100x100.png 100w, https:\/\/startercultures.eu\/wp-content\/uploads\/2021\/01\/online-workshop-komboecha-maken-150x150.png 150w, https:\/\/startercultures.eu\/wp-content\/uploads\/2021\/01\/online-workshop-komboecha-maken-200x200.png 200w, https:\/\/startercultures.eu\/wp-content\/uploads\/2021\/01\/online-workshop-komboecha-maken-300x300.png 300w, https:\/\/startercultures.eu\/wp-content\/uploads\/2021\/01\/online-workshop-komboecha-maken-400x400.png 400w, https:\/\/startercultures.eu\/wp-content\/uploads\/2021\/01\/online-workshop-komboecha-maken.png 450w\" data-sizes=\"auto\" data-orig-sizes=\"(max-width: 116px) 100vw, 116px\" \/><\/h3>\n<p>Tijdens onze online on demand <a href=\"https:\/\/startercultures.eu\/nl\/product\/frisdrank-nl\/online-on-demand-workshop-maak-je-eigen-komboecha\/\" target=\"_blank\" rel=\"noopener\">workshop <\/a>leert foodwriter en fermentatie-expert Meneer Wateetons je over het maken van kombucha . In deze masterclass zal blijken dat kombucha maken niet moeilijk is en dat je er geen bijzondere materialen of omstandigheden voor nodig hebt. Easy peasy! Kijk <a href=\"https:\/\/startercultures.eu\/nl\/product\/frisdrank-nl\/online-on-demand-workshop-maak-je-eigen-komboecha\/\" target=\"_blank\" rel=\"noopener\">hier<\/a> voor meer info.<\/p>\n","protected":false},"excerpt":{"rendered":"<p>Oncom is een traditioneel gefermenteerd product uit Java, gemaakt van sojaresten. Maak je eigen oncom met onze red oncom startercultuur!<\/p>\n","protected":false},"featured_media":40722,"comment_status":"open","ping_status":"closed","template":"","meta":{"_acf_changed":false,"footnotes":""},"product_brand":[],"product_cat":[363,24,96,462],"product_tag":[],"class_list":{"0":"post-40856","1":"product","2":"type-product","3":"status-publish","4":"has-post-thumbnail","6":"product_cat-aziatisch-nl","7":"product_cat-bonen-granen-rijst-nl","8":"product_cat-granen-bonen-rijst-nl","9":"product_cat-aziatische-starters-nl","10":"pa_ean-8720297621796-nl-2","12":"first","13":"outofstock","14":"taxable","15":"shipping-taxable","16":"purchasable","17":"product-type-simple"},"acf":[],"yoast_head":"<!-- This site is optimized with the Yoast SEO plugin v26.6 - https:\/\/yoast.com\/wordpress\/plugins\/seo\/ -->\n<title>Red oncom startercultuur- Startercultures.eu<\/title>\n<meta name=\"description\" content=\"Oncom is een traditioneel gefermenteerd product uit Java, gemaakt van sojaresten. Maak je eigen oncom met onze red oncom startercultuur! Alleen hier te koop\" \/>\n<meta name=\"robots\" content=\"index, follow, max-snippet:-1, max-image-preview:large, max-video-preview:-1\" \/>\n<link rel=\"canonical\" href=\"https:\/\/startercultures.eu\/nl\/product\/fermentation-nl\/bonen-granen-rijst-nl\/red-oncom-startercultuur\/\" \/>\n<meta property=\"og:locale\" content=\"nl_NL\" \/>\n<meta property=\"og:type\" content=\"article\" \/>\n<meta property=\"og:title\" content=\"Red oncom startercultuur- Startercultures.eu\" \/>\n<meta property=\"og:description\" content=\"Oncom is een traditioneel gefermenteerd product uit Java, gemaakt van sojaresten. Maak je eigen oncom met onze red oncom startercultuur! Alleen hier te koop\" \/>\n<meta property=\"og:url\" content=\"https:\/\/startercultures.eu\/nl\/product\/fermentation-nl\/bonen-granen-rijst-nl\/red-oncom-startercultuur\/\" \/>\n<meta property=\"og:site_name\" content=\"Startercultures.eu\" \/>\n<meta property=\"article:publisher\" content=\"https:\/\/www.facebook.com\/startercultureseu\" \/>\n<meta property=\"article:modified_time\" content=\"2025-12-07T07:05:47+00:00\" \/>\n<meta property=\"og:image\" content=\"https:\/\/startercultures.eu\/wp-content\/uploads\/2023\/07\/315-red-oncom-mu.png\" \/>\n\t<meta property=\"og:image:width\" content=\"1250\" \/>\n\t<meta property=\"og:image:height\" content=\"1250\" \/>\n\t<meta property=\"og:image:type\" content=\"image\/png\" \/>\n<meta name=\"twitter:card\" content=\"summary_large_image\" \/>\n<meta name=\"twitter:label1\" content=\"Price\" \/>\n\t<meta name=\"twitter:data1\" content=\"&euro;14,99\" \/>\n\t<meta name=\"twitter:label2\" content=\"Availability\" \/>\n\t<meta name=\"twitter:data2\" content=\"tijdelijk uitverkocht\" \/>\n<script type=\"application\/ld+json\" class=\"yoast-schema-graph\">{\"@context\":\"https:\/\/schema.org\",\"@graph\":[{\"@type\":\"WebPage\",\"@id\":\"https:\/\/startercultures.eu\/nl\/product\/fermentation-nl\/bonen-granen-rijst-nl\/red-oncom-startercultuur\/\",\"url\":\"https:\/\/startercultures.eu\/nl\/product\/fermentation-nl\/bonen-granen-rijst-nl\/red-oncom-startercultuur\/\",\"name\":\"Red oncom startercultuur- Startercultures.eu\",\"isPartOf\":{\"@id\":\"https:\/\/startercultures.eu\/nl\/#website\"},\"primaryImageOfPage\":{\"@id\":\"https:\/\/startercultures.eu\/nl\/product\/fermentation-nl\/bonen-granen-rijst-nl\/red-oncom-startercultuur\/#primaryimage\"},\"image\":{\"@id\":\"https:\/\/startercultures.eu\/nl\/product\/fermentation-nl\/bonen-granen-rijst-nl\/red-oncom-startercultuur\/#primaryimage\"},\"thumbnailUrl\":\"https:\/\/startercultures.eu\/wp-content\/uploads\/2023\/07\/315-red-oncom-mu.png\",\"datePublished\":\"2023-07-20T06:54:49+00:00\",\"dateModified\":\"2025-12-07T07:05:47+00:00\",\"description\":\"Oncom is een traditioneel gefermenteerd product uit Java, gemaakt van sojaresten. Maak je eigen oncom met onze red oncom startercultuur! Alleen hier te koop\",\"breadcrumb\":{\"@id\":\"https:\/\/startercultures.eu\/nl\/product\/fermentation-nl\/bonen-granen-rijst-nl\/red-oncom-startercultuur\/#breadcrumb\"},\"inLanguage\":\"nl-NL\",\"potentialAction\":[{\"@type\":\"ReadAction\",\"target\":[\"https:\/\/startercultures.eu\/nl\/product\/fermentation-nl\/bonen-granen-rijst-nl\/red-oncom-startercultuur\/\"]}]},{\"@type\":\"ImageObject\",\"inLanguage\":\"nl-NL\",\"@id\":\"https:\/\/startercultures.eu\/nl\/product\/fermentation-nl\/bonen-granen-rijst-nl\/red-oncom-startercultuur\/#primaryimage\",\"url\":\"https:\/\/startercultures.eu\/wp-content\/uploads\/2023\/07\/315-red-oncom-mu.png\",\"contentUrl\":\"https:\/\/startercultures.eu\/wp-content\/uploads\/2023\/07\/315-red-oncom-mu.png\",\"width\":1250,\"height\":1250,\"caption\":\"315 red oncom mu\"},{\"@type\":\"BreadcrumbList\",\"@id\":\"https:\/\/startercultures.eu\/nl\/product\/fermentation-nl\/bonen-granen-rijst-nl\/red-oncom-startercultuur\/#breadcrumb\",\"itemListElement\":[{\"@type\":\"ListItem\",\"position\":1,\"name\":\"Home\",\"item\":\"https:\/\/startercultures.eu\/nl\/\"},{\"@type\":\"ListItem\",\"position\":2,\"name\":\"Winkel\",\"item\":\"https:\/\/startercultures.eu\/nl\/winkel\/\"},{\"@type\":\"ListItem\",\"position\":3,\"name\":\"Red oncom startercultuur\"}]},{\"@type\":\"WebSite\",\"@id\":\"https:\/\/startercultures.eu\/nl\/#website\",\"url\":\"https:\/\/startercultures.eu\/nl\/\",\"name\":\"Startercultures.eu\",\"description\":\"Startercultures.eu\",\"publisher\":{\"@id\":\"https:\/\/startercultures.eu\/nl\/#organization\"},\"potentialAction\":[{\"@type\":\"SearchAction\",\"target\":{\"@type\":\"EntryPoint\",\"urlTemplate\":\"https:\/\/startercultures.eu\/nl\/?s={search_term_string}\"},\"query-input\":{\"@type\":\"PropertyValueSpecification\",\"valueRequired\":true,\"valueName\":\"search_term_string\"}}],\"inLanguage\":\"nl-NL\"},{\"@type\":\"Organization\",\"@id\":\"https:\/\/startercultures.eu\/nl\/#organization\",\"name\":\"Startercultures.eu\",\"url\":\"https:\/\/startercultures.eu\/nl\/\",\"logo\":{\"@type\":\"ImageObject\",\"inLanguage\":\"nl-NL\",\"@id\":\"https:\/\/startercultures.eu\/nl\/#\/schema\/logo\/image\/\",\"url\":\"https:\/\/startercultures.eu\/wp-content\/uploads\/2020\/08\/startercultures-eu-nl-logo-rond-rgb.png\",\"contentUrl\":\"https:\/\/startercultures.eu\/wp-content\/uploads\/2020\/08\/startercultures-eu-nl-logo-rond-rgb.png\",\"width\":320,\"height\":320,\"caption\":\"Startercultures.eu\"},\"image\":{\"@id\":\"https:\/\/startercultures.eu\/nl\/#\/schema\/logo\/image\/\"},\"sameAs\":[\"https:\/\/www.facebook.com\/startercultureseu\",\"https:\/\/www.instagram.com\/startercultures.eu\/\"]}]}<\/script>\n<meta property=\"product:price:amount\" content=\"14.99\" \/>\n<meta property=\"product:price:currency\" content=\"EUR\" \/>\n<meta property=\"og:availability\" content=\"out of stock\" \/>\n<meta property=\"product:availability\" content=\"out of stock\" \/>\n<meta property=\"product:retailer_item_id\" content=\"315\" \/>\n<meta property=\"product:condition\" content=\"new\" \/>\n<!-- \/ Yoast SEO plugin. -->","yoast_head_json":{"title":"Red oncom startercultuur- Startercultures.eu","description":"Oncom is een traditioneel gefermenteerd product uit Java, gemaakt van sojaresten. Maak je eigen oncom met onze red oncom startercultuur! Alleen hier te koop","robots":{"index":"index","follow":"follow","max-snippet":"max-snippet:-1","max-image-preview":"max-image-preview:large","max-video-preview":"max-video-preview:-1"},"canonical":"https:\/\/startercultures.eu\/nl\/product\/fermentation-nl\/bonen-granen-rijst-nl\/red-oncom-startercultuur\/","og_locale":"nl_NL","og_type":"article","og_title":"Red oncom startercultuur- Startercultures.eu","og_description":"Oncom is een traditioneel gefermenteerd product uit Java, gemaakt van sojaresten. Maak je eigen oncom met onze red oncom startercultuur! Alleen hier te koop","og_url":"https:\/\/startercultures.eu\/nl\/product\/fermentation-nl\/bonen-granen-rijst-nl\/red-oncom-startercultuur\/","og_site_name":"Startercultures.eu","article_publisher":"https:\/\/www.facebook.com\/startercultureseu","article_modified_time":"2025-12-07T07:05:47+00:00","og_image":[{"width":1250,"height":1250,"url":"https:\/\/startercultures.eu\/wp-content\/uploads\/2023\/07\/315-red-oncom-mu.png","type":"image\/png"}],"twitter_card":"summary_large_image","twitter_misc":{"Price":"&euro;14,99","Availability":"tijdelijk uitverkocht"},"schema":{"@context":"https:\/\/schema.org","@graph":[{"@type":"WebPage","@id":"https:\/\/startercultures.eu\/nl\/product\/fermentation-nl\/bonen-granen-rijst-nl\/red-oncom-startercultuur\/","url":"https:\/\/startercultures.eu\/nl\/product\/fermentation-nl\/bonen-granen-rijst-nl\/red-oncom-startercultuur\/","name":"Red oncom startercultuur- Startercultures.eu","isPartOf":{"@id":"https:\/\/startercultures.eu\/nl\/#website"},"primaryImageOfPage":{"@id":"https:\/\/startercultures.eu\/nl\/product\/fermentation-nl\/bonen-granen-rijst-nl\/red-oncom-startercultuur\/#primaryimage"},"image":{"@id":"https:\/\/startercultures.eu\/nl\/product\/fermentation-nl\/bonen-granen-rijst-nl\/red-oncom-startercultuur\/#primaryimage"},"thumbnailUrl":"https:\/\/startercultures.eu\/wp-content\/uploads\/2023\/07\/315-red-oncom-mu.png","datePublished":"2023-07-20T06:54:49+00:00","dateModified":"2025-12-07T07:05:47+00:00","description":"Oncom is een traditioneel gefermenteerd product uit Java, gemaakt van sojaresten. Maak je eigen oncom met onze red oncom startercultuur! Alleen hier te koop","breadcrumb":{"@id":"https:\/\/startercultures.eu\/nl\/product\/fermentation-nl\/bonen-granen-rijst-nl\/red-oncom-startercultuur\/#breadcrumb"},"inLanguage":"nl-NL","potentialAction":[{"@type":"ReadAction","target":["https:\/\/startercultures.eu\/nl\/product\/fermentation-nl\/bonen-granen-rijst-nl\/red-oncom-startercultuur\/"]}]},{"@type":"ImageObject","inLanguage":"nl-NL","@id":"https:\/\/startercultures.eu\/nl\/product\/fermentation-nl\/bonen-granen-rijst-nl\/red-oncom-startercultuur\/#primaryimage","url":"https:\/\/startercultures.eu\/wp-content\/uploads\/2023\/07\/315-red-oncom-mu.png","contentUrl":"https:\/\/startercultures.eu\/wp-content\/uploads\/2023\/07\/315-red-oncom-mu.png","width":1250,"height":1250,"caption":"315 red oncom mu"},{"@type":"BreadcrumbList","@id":"https:\/\/startercultures.eu\/nl\/product\/fermentation-nl\/bonen-granen-rijst-nl\/red-oncom-startercultuur\/#breadcrumb","itemListElement":[{"@type":"ListItem","position":1,"name":"Home","item":"https:\/\/startercultures.eu\/nl\/"},{"@type":"ListItem","position":2,"name":"Winkel","item":"https:\/\/startercultures.eu\/nl\/winkel\/"},{"@type":"ListItem","position":3,"name":"Red oncom startercultuur"}]},{"@type":"WebSite","@id":"https:\/\/startercultures.eu\/nl\/#website","url":"https:\/\/startercultures.eu\/nl\/","name":"Startercultures.eu","description":"Startercultures.eu","publisher":{"@id":"https:\/\/startercultures.eu\/nl\/#organization"},"potentialAction":[{"@type":"SearchAction","target":{"@type":"EntryPoint","urlTemplate":"https:\/\/startercultures.eu\/nl\/?s={search_term_string}"},"query-input":{"@type":"PropertyValueSpecification","valueRequired":true,"valueName":"search_term_string"}}],"inLanguage":"nl-NL"},{"@type":"Organization","@id":"https:\/\/startercultures.eu\/nl\/#organization","name":"Startercultures.eu","url":"https:\/\/startercultures.eu\/nl\/","logo":{"@type":"ImageObject","inLanguage":"nl-NL","@id":"https:\/\/startercultures.eu\/nl\/#\/schema\/logo\/image\/","url":"https:\/\/startercultures.eu\/wp-content\/uploads\/2020\/08\/startercultures-eu-nl-logo-rond-rgb.png","contentUrl":"https:\/\/startercultures.eu\/wp-content\/uploads\/2020\/08\/startercultures-eu-nl-logo-rond-rgb.png","width":320,"height":320,"caption":"Startercultures.eu"},"image":{"@id":"https:\/\/startercultures.eu\/nl\/#\/schema\/logo\/image\/"},"sameAs":["https:\/\/www.facebook.com\/startercultureseu","https:\/\/www.instagram.com\/startercultures.eu\/"]}]},"product_price_amount":"14.99","product_price_currency":"EUR","og_availability":"out of stock","product_availability":"out of stock","product_retailer_item_id":"315","product_condition":"new"},"_links":{"self":[{"href":"https:\/\/startercultures.eu\/nl\/wp-json\/wp\/v2\/product\/40856","targetHints":{"allow":["GET"]}}],"collection":[{"href":"https:\/\/startercultures.eu\/nl\/wp-json\/wp\/v2\/product"}],"about":[{"href":"https:\/\/startercultures.eu\/nl\/wp-json\/wp\/v2\/types\/product"}],"replies":[{"embeddable":true,"href":"https:\/\/startercultures.eu\/nl\/wp-json\/wp\/v2\/comments?post=40856"}],"version-history":[{"count":2,"href":"https:\/\/startercultures.eu\/nl\/wp-json\/wp\/v2\/product\/40856\/revisions"}],"predecessor-version":[{"id":67805,"href":"https:\/\/startercultures.eu\/nl\/wp-json\/wp\/v2\/product\/40856\/revisions\/67805"}],"wp:featuredmedia":[{"embeddable":true,"href":"https:\/\/startercultures.eu\/nl\/wp-json\/wp\/v2\/media\/40722"}],"wp:attachment":[{"href":"https:\/\/startercultures.eu\/nl\/wp-json\/wp\/v2\/media?parent=40856"}],"wp:term":[{"taxonomy":"product_brand","embeddable":true,"href":"https:\/\/startercultures.eu\/nl\/wp-json\/wp\/v2\/product_brand?post=40856"},{"taxonomy":"product_cat","embeddable":true,"href":"https:\/\/startercultures.eu\/nl\/wp-json\/wp\/v2\/product_cat?post=40856"},{"taxonomy":"product_tag","embeddable":true,"href":"https:\/\/startercultures.eu\/nl\/wp-json\/wp\/v2\/product_tag?post=40856"}],"curies":[{"name":"wp","href":"https:\/\/api.w.org\/{rel}","templated":true}]}}