{"id":58661,"date":"2024-04-05T00:41:07","date_gmt":"2024-04-04T22:41:07","guid":{"rendered":"https:\/\/startercultures.eu\/?post_type=product&#038;p=58661"},"modified":"2026-04-27T05:00:22","modified_gmt":"2026-04-27T03:00:22","slug":"kefirko-zuurdesem-maker","status":"publish","type":"product","link":"https:\/\/startercultures.eu\/nl\/product\/fermentation-nl\/kefirko-zuurdesem-maker\/","title":{"rendered":"Kefirko zuurdesemmaker | bak je eigen zuurdesembrood"},"content":{"rendered":"<p>Of je nu een doorgewinterde bakker bent of net begint, deze Kefirko zuurdesem maker is ideaal voor iedereen die van bakken houdt. Met deze zuurdesemmaker heb je perfecte controle over de groei en voeding van je zuurdesem.<\/p>\n<h3>Waarom zuurdesem? Omdat het lekker \u00e9n gezond is<\/h3>\n<p>Zuurdesem is niet alleen heel erg lekker, maar ook qua gezondheid een krachtpatser. Het zit boordevol nuttige bacteri\u00ebn en prebiotica, ondersteunt een gezonde darm en helpt bij de spijsvertering.<\/p>\n<h3>Kenmerken van deze Kefirko zuurdesem maker<\/h3>\n<ul>\n<li>Deze desemmaker is veelzijdig: hij doet dienst als deksel, maatbeker en voorraadbeker van je zuurdesemstarter. De markeringen op de zijkant van de beker (cups\/grammen en milliliters) helpen je om nauwkeurig het water en de bloem af te meten bij elke voeding van de starter. De beker die de pot bedekt laat lucht door en stimuleert zo de levende culturen in je zuurdesemstarter.<\/li>\n<li>Wanneer je de zuurdesemstarter veilig opbergt in deze veelzijdige zuurdesem maker, is hij altijd klaar om brood te bakken. Om er zeker van te zijn dat de starter nooit verhongert, gebruik je de fermentatieklok om het tijdstip van de laatste voeding te onthouden. Als je de starter op kamertemperatuur bewaart, voed je hem \u00e9\u00e9n keer per dag, als je hem in de koelkast bewaart, voed je hem \u00e9\u00e9n keer per week.<\/li>\n<li>Markeer het beginniveau van je desemstarter met de handige rubberen band. Zo kan je zien wanneer de starter verdubbeld is en klaar is om te bakken.<\/li>\n<li>Bevestig de afsluitschijf aan de ring van de zuurdesem fermentor om de glazen pot af te sluiten voor het bewaren van zuurdesem.<\/li>\n<li>Inclusief makkelijk te gebruiken 5 ml maatlepel om zout, bloem of water af te wegen tijdens het voeden van de starter.<\/li>\n<\/ul>\n<h3>Inhoud<\/h3>\n<ul>\n<li>Maatbeker<\/li>\n<li>Afsluitring<\/li>\n<li>Glazen pot<\/li>\n<li>Rubberen band<\/li>\n<li>Maatlepel<\/li>\n<li>Fermentatieklokje<\/li>\n<li>Afsluitring<\/li>\n<li>Deksel<\/li>\n<li>Handig instructieboekje<\/li>\n<li>Kleur: groen<\/li>\n<\/ul>\n<h3>Let op<\/h3>\n<p>Bevat geen zuurdesemstarter. Check ons aanbod van <a href=\"https:\/\/startercultures.eu\/nl\/product-category\/bonen-granen-rijst-nl\/zuurdesem-nl\/\">zuurdesemstarters<\/a>.<\/p>\n<h3 data-fontsize=\"21\" data-lineheight=\"27.3px\">Kefirko zuurdesem maker kopen?<\/h3>\n<p>Je bestelt je Kefirko zuurdesem maker bij starterculturen.nl, d\u00e9 webwinkel voor al je tempeh, koji en tofu. Van Meneer Wateetons de auteur van de standaardwerken <a href=\"https:\/\/www.starterculturen.nl\/a-52122580\/boeken\/over-rot-2015-het-handboek-fermenteren\/\" target=\"_blank\" rel=\"noopener noreferrer\">Over Rot (2015)<\/a> en<a href=\"https:\/\/startercultures.eu\/nl\/product\/boeken\/over-inpakken-2020-nl\/\" target=\"_blank\" rel=\"noopener\"> Over Inpakken (2020)<\/a>. Op werkdagen voor 15:00 besteld, dezelfde dag verzonden.\u00a0 Vragen over het gebruik van de <span data-sheets-value=\"{&quot;1&quot;:2,&quot;2&quot;:&quot;kefirpot&quot;}\" data-sheets-userformat=\"{&quot;2&quot;:15359,&quot;3&quot;:{&quot;1&quot;:0},&quot;4&quot;:{&quot;1&quot;:2,&quot;2&quot;:3700253},&quot;5&quot;:{&quot;1&quot;:[{&quot;1&quot;:2,&quot;2&quot;:0,&quot;5&quot;:{&quot;1&quot;:2,&quot;2&quot;:0}},{&quot;1&quot;:0,&quot;2&quot;:0,&quot;3&quot;:3},{&quot;1&quot;:1,&quot;2&quot;:0,&quot;4&quot;:1}]},&quot;6&quot;:{&quot;1&quot;:[{&quot;1&quot;:2,&quot;2&quot;:0,&quot;5&quot;:{&quot;1&quot;:2,&quot;2&quot;:0}},{&quot;1&quot;:0,&quot;2&quot;:0,&quot;3&quot;:3},{&quot;1&quot;:1,&quot;2&quot;:0,&quot;4&quot;:1}]},&quot;7&quot;:{&quot;1&quot;:[{&quot;1&quot;:2,&quot;2&quot;:0,&quot;5&quot;:{&quot;1&quot;:2,&quot;2&quot;:0}},{&quot;1&quot;:0,&quot;2&quot;:0,&quot;3&quot;:3},{&quot;1&quot;:1,&quot;2&quot;:0,&quot;4&quot;:1}]},&quot;8&quot;:{&quot;1&quot;:[{&quot;1&quot;:2,&quot;2&quot;:0,&quot;5&quot;:{&quot;1&quot;:2,&quot;2&quot;:0}},{&quot;1&quot;:0,&quot;2&quot;:0,&quot;3&quot;:3},{&quot;1&quot;:1,&quot;2&quot;:0,&quot;4&quot;:1}]},&quot;9&quot;:0,&quot;10&quot;:0,&quot;11&quot;:4,&quot;12&quot;:0,&quot;14&quot;:{&quot;1&quot;:3,&quot;3&quot;:1},&quot;15&quot;:&quot;Arial&quot;,&quot;16&quot;:9}\">pot<\/span>? Stel ze via de chatfunctie. We komen er altijd uit.<\/p>\n<h3>Meer leren over fermenteren?<\/h3>\n<p>Kijk ook naar dit <a href=\"https:\/\/startercultures.eu\/nl\/?post_type=product&amp;p=13052&amp;preview=true\" target=\"_blank\" rel=\"noopener\">waterkefir starterspakket<\/a> waarin wij onze waterkefirkorrels met onze prachtige kefirpot combineren zodat je alles in \u00e9\u00e9n keer in huis hebt om je eigen waterkefir te maken. Ook voor melkkefir hebben we een <a href=\"https:\/\/startercultures.eu\/nl\/?post_type=product&amp;p=13039&amp;preview=true\" target=\"_blank\" rel=\"noopener\">starterspakket<\/a><\/p>\n<p>Lees meer <a href=\"https:\/\/www.starterculturen.nl\/a-52122580\/boeken\/over-rot-2015-het-handboek-fermenteren\/\">Over Rot<\/a>, of volg een\u00a0<a href=\"https:\/\/wateetons.com\/wateetons-workshops\/category\/fermenteren\/\">workshop,<\/a>\u00a0ook voor bedrijven en instellingen!<\/p>\n<h3>Online on demand workshops &#8216;gefermenteerde hotsauce&#8217; en &#8216;gefermenteerde groentes&#8217;<img decoding=\"async\" class=\"lazyload  wp-image-10939 alignright\" src=\"https:\/\/startercultures.eu\/wp-content\/uploads\/2021\/01\/workshop-fermenteren-400x400-1-300x300.png\" data-orig-src=\"https:\/\/startercultures.eu\/wp-content\/uploads\/2021\/01\/workshop-fermenteren-400x400-1-300x300.png\" alt=\"Workshop fermenteren meneer wateetons\" width=\"152\" height=\"152\" srcset=\"data:image\/svg+xml,%3Csvg%20xmlns%3D%27http%3A%2F%2Fwww.w3.org%2F2000%2Fsvg%27%20width%3D%27152%27%20height%3D%27152%27%20viewBox%3D%270%200%20152%20152%27%3E%3Crect%20width%3D%27152%27%20height%3D%27152%27%20fill-opacity%3D%220%22%2F%3E%3C%2Fsvg%3E\" data-srcset=\"https:\/\/startercultures.eu\/wp-content\/uploads\/2021\/01\/workshop-fermenteren-400x400-1-66x66.png 66w, https:\/\/startercultures.eu\/wp-content\/uploads\/2021\/01\/workshop-fermenteren-400x400-1-70x70.png 70w, https:\/\/startercultures.eu\/wp-content\/uploads\/2021\/01\/workshop-fermenteren-400x400-1-100x100.png 100w, https:\/\/startercultures.eu\/wp-content\/uploads\/2021\/01\/workshop-fermenteren-400x400-1-150x150.png 150w, https:\/\/startercultures.eu\/wp-content\/uploads\/2021\/01\/workshop-fermenteren-400x400-1-200x200.png 200w, https:\/\/startercultures.eu\/wp-content\/uploads\/2021\/01\/workshop-fermenteren-400x400-1-300x300.png 300w, https:\/\/startercultures.eu\/wp-content\/uploads\/2021\/01\/workshop-fermenteren-400x400-1.png 400w\" data-sizes=\"auto\" data-orig-sizes=\"(max-width: 152px) 100vw, 152px\" \/><\/h3>\n<p>Tijdens de online workshop <a href=\"https:\/\/startercultures.eu\/nl\/product\/groente-nl\/workshops-vegetables-nl\/online-on-demand-workshop-maak-je-eigen-gefermenteerde-hotsauces\/\" target=\"_blank\" rel=\"noopener\">\u2018maak je eigen gefermenteerde hotsauces\u2019<\/a> leert fermentatie-expert <a href=\"https:\/\/wateetons.com\/\" target=\"_blank\" rel=\"noopener\">Meneer Wateetons<\/a> en auteur van\u00a0<a class=\"ek-link\" href=\"https:\/\/startercultures.eu\/nl\/product\/boeken\/over-rot-2-0-2019-het-geactualiseerde-handboek-fermenteren-nl\/\" target=\"_blank\" rel=\"noreferrer noopener\" aria-label=\"Over Rot (opens in a new tab)\">Over Rot<\/a>\u00a0je over gefermenteerde ketchups, sambals en hotsauces! Het zal blijken dat je met weinig middelen thuis al heerlijke en volledig unieke\u00a0<em>sauces<\/em>\u00a0maakt waarmee je elke gerecht naar een hoger plan tilt.<\/p>\n<p>Ook niet te versmaden is de workshop over \u2018<a href=\"https:\/\/startercultures.eu\/nl\/product\/online-workshops-nl\/online-on-demand-workshop-fermenteer-je-eigen-groente\/\" target=\"_blank\" rel=\"noopener\">fermenteer je eigen groente\u2019<\/a>, waarin je leert precies hoe je precies je eigen zuurkool maakt, je eigen augurkjes en je eigen kimchi. Na deze workshop kun je \u00e9lke groente zelf fermenteren omdat je de techniek snapt!<\/p>\n","protected":false},"excerpt":{"rendered":"<p>Hou perfecte controle over de groei en voedingen van je zuurdesemstarter, met deze Kefirko zuurdesem maker. Voor iedereen die van brood bakken houdt.<\/p>\n","protected":false},"featured_media":58699,"comment_status":"open","ping_status":"closed","template":"","meta":{"_acf_changed":false,"footnotes":""},"product_brand":[],"product_cat":[874,20,360],"product_tag":[],"class_list":{"0":"post-58661","1":"product","2":"type-product","3":"status-publish","4":"has-post-thumbnail","6":"product_cat-fermentation-nl","7":"product_cat-fermenteren-nl","8":"product_cat-zuurdesem-nl","9":"product_shipping_class-bulky","10":"pa_ean-1009","12":"first","13":"outofstock","14":"taxable","15":"shipping-taxable","16":"purchasable","17":"product-type-simple"},"acf":[],"yoast_head":"<!-- This site is optimized with the Yoast SEO plugin v26.6 - https:\/\/yoast.com\/wordpress\/plugins\/seo\/ -->\n<title>Kefirko zuurdesemmaker | bak je eigen zuurdesembrood - Startercultures.eu<\/title>\n<meta name=\"description\" content=\"Of je nu een doorgewinterde bakker bent of net begint, deze Kefirko zuurdesem maker is ideaal voor iedereen die van bakken houdt.\" \/>\n<meta name=\"robots\" content=\"index, follow, max-snippet:-1, max-image-preview:large, max-video-preview:-1\" \/>\n<link rel=\"canonical\" href=\"https:\/\/startercultures.eu\/nl\/product\/fermentation-nl\/kefirko-zuurdesem-maker\/\" \/>\n<meta property=\"og:locale\" content=\"nl_NL\" \/>\n<meta property=\"og:type\" content=\"article\" \/>\n<meta property=\"og:title\" content=\"Kefirko zuurdesemmaker | bak je eigen zuurdesembrood - Startercultures.eu\" \/>\n<meta property=\"og:description\" content=\"Of je nu een doorgewinterde bakker bent of net begint, deze Kefirko zuurdesem maker is ideaal voor iedereen die van bakken houdt.\" \/>\n<meta property=\"og:url\" content=\"https:\/\/startercultures.eu\/nl\/product\/fermentation-nl\/kefirko-zuurdesem-maker\/\" \/>\n<meta property=\"og:site_name\" content=\"Startercultures.eu\" \/>\n<meta property=\"article:publisher\" content=\"https:\/\/www.facebook.com\/startercultureseu\" \/>\n<meta property=\"article:modified_time\" content=\"2026-04-27T03:00:22+00:00\" \/>\n<meta property=\"og:image\" content=\"https:\/\/startercultures.eu\/wp-content\/uploads\/2024\/04\/SOURDOUGH-FERMENTER.png\" \/>\n\t<meta property=\"og:image:width\" content=\"1500\" \/>\n\t<meta property=\"og:image:height\" content=\"1125\" \/>\n\t<meta property=\"og:image:type\" content=\"image\/png\" \/>\n<meta name=\"twitter:card\" content=\"summary_large_image\" \/>\n<meta name=\"twitter:label1\" content=\"Price\" \/>\n\t<meta name=\"twitter:data1\" content=\"&euro;36,99\" \/>\n\t<meta name=\"twitter:label2\" content=\"Availability\" \/>\n\t<meta name=\"twitter:data2\" content=\"tijdelijk uitverkocht\" \/>\n<script type=\"application\/ld+json\" class=\"yoast-schema-graph\">{\"@context\":\"https:\/\/schema.org\",\"@graph\":[{\"@type\":\"WebPage\",\"@id\":\"https:\/\/startercultures.eu\/nl\/product\/fermentation-nl\/kefirko-zuurdesem-maker\/\",\"url\":\"https:\/\/startercultures.eu\/nl\/product\/fermentation-nl\/kefirko-zuurdesem-maker\/\",\"name\":\"Kefirko zuurdesemmaker | bak je eigen zuurdesembrood - Startercultures.eu\",\"isPartOf\":{\"@id\":\"https:\/\/startercultures.eu\/nl\/#website\"},\"primaryImageOfPage\":{\"@id\":\"https:\/\/startercultures.eu\/nl\/product\/fermentation-nl\/kefirko-zuurdesem-maker\/#primaryimage\"},\"image\":{\"@id\":\"https:\/\/startercultures.eu\/nl\/product\/fermentation-nl\/kefirko-zuurdesem-maker\/#primaryimage\"},\"thumbnailUrl\":\"https:\/\/startercultures.eu\/wp-content\/uploads\/2024\/04\/SOURDOUGH-FERMENTER.png\",\"datePublished\":\"2024-04-04T22:41:07+00:00\",\"dateModified\":\"2026-04-27T03:00:22+00:00\",\"description\":\"Of je nu een doorgewinterde bakker bent of net begint, deze Kefirko zuurdesem maker is ideaal voor iedereen die van bakken houdt.\",\"breadcrumb\":{\"@id\":\"https:\/\/startercultures.eu\/nl\/product\/fermentation-nl\/kefirko-zuurdesem-maker\/#breadcrumb\"},\"inLanguage\":\"nl-NL\",\"potentialAction\":[{\"@type\":\"ReadAction\",\"target\":[\"https:\/\/startercultures.eu\/nl\/product\/fermentation-nl\/kefirko-zuurdesem-maker\/\"]}]},{\"@type\":\"ImageObject\",\"inLanguage\":\"nl-NL\",\"@id\":\"https:\/\/startercultures.eu\/nl\/product\/fermentation-nl\/kefirko-zuurdesem-maker\/#primaryimage\",\"url\":\"https:\/\/startercultures.eu\/wp-content\/uploads\/2024\/04\/SOURDOUGH-FERMENTER.png\",\"contentUrl\":\"https:\/\/startercultures.eu\/wp-content\/uploads\/2024\/04\/SOURDOUGH-FERMENTER.png\",\"width\":1500,\"height\":1125},{\"@type\":\"BreadcrumbList\",\"@id\":\"https:\/\/startercultures.eu\/nl\/product\/fermentation-nl\/kefirko-zuurdesem-maker\/#breadcrumb\",\"itemListElement\":[{\"@type\":\"ListItem\",\"position\":1,\"name\":\"Home\",\"item\":\"https:\/\/startercultures.eu\/nl\/\"},{\"@type\":\"ListItem\",\"position\":2,\"name\":\"Winkel\",\"item\":\"https:\/\/startercultures.eu\/nl\/winkel\/\"},{\"@type\":\"ListItem\",\"position\":3,\"name\":\"Kefirko zuurdesemmaker | bak je eigen zuurdesembrood\"}]},{\"@type\":\"WebSite\",\"@id\":\"https:\/\/startercultures.eu\/nl\/#website\",\"url\":\"https:\/\/startercultures.eu\/nl\/\",\"name\":\"Startercultures.eu\",\"description\":\"Startercultures.eu\",\"publisher\":{\"@id\":\"https:\/\/startercultures.eu\/nl\/#organization\"},\"potentialAction\":[{\"@type\":\"SearchAction\",\"target\":{\"@type\":\"EntryPoint\",\"urlTemplate\":\"https:\/\/startercultures.eu\/nl\/?s={search_term_string}\"},\"query-input\":{\"@type\":\"PropertyValueSpecification\",\"valueRequired\":true,\"valueName\":\"search_term_string\"}}],\"inLanguage\":\"nl-NL\"},{\"@type\":\"Organization\",\"@id\":\"https:\/\/startercultures.eu\/nl\/#organization\",\"name\":\"Startercultures.eu\",\"url\":\"https:\/\/startercultures.eu\/nl\/\",\"logo\":{\"@type\":\"ImageObject\",\"inLanguage\":\"nl-NL\",\"@id\":\"https:\/\/startercultures.eu\/nl\/#\/schema\/logo\/image\/\",\"url\":\"https:\/\/startercultures.eu\/wp-content\/uploads\/2020\/08\/startercultures-eu-nl-logo-rond-rgb.png\",\"contentUrl\":\"https:\/\/startercultures.eu\/wp-content\/uploads\/2020\/08\/startercultures-eu-nl-logo-rond-rgb.png\",\"width\":320,\"height\":320,\"caption\":\"Startercultures.eu\"},\"image\":{\"@id\":\"https:\/\/startercultures.eu\/nl\/#\/schema\/logo\/image\/\"},\"sameAs\":[\"https:\/\/www.facebook.com\/startercultureseu\",\"https:\/\/www.instagram.com\/startercultures.eu\/\"],\"hasMerchantReturnPolicy\":{\"@type\":\"MerchantReturnPolicy\",\"merchantReturnLink\":\"https:\/\/startercultures.eu\/return-policy\/\"}}]}<\/script>\n<meta property=\"product:price:amount\" content=\"36.99\" \/>\n<meta property=\"product:price:currency\" content=\"EUR\" \/>\n<meta property=\"og:availability\" content=\"out of stock\" \/>\n<meta property=\"product:availability\" content=\"out of stock\" \/>\n<meta property=\"product:retailer_item_id\" content=\"324\" \/>\n<meta property=\"product:condition\" content=\"new\" \/>\n<!-- \/ Yoast SEO plugin. -->","yoast_head_json":{"title":"Kefirko zuurdesemmaker | bak je eigen zuurdesembrood - Startercultures.eu","description":"Of je nu een doorgewinterde bakker bent of net begint, deze Kefirko zuurdesem maker is ideaal voor iedereen die van bakken houdt.","robots":{"index":"index","follow":"follow","max-snippet":"max-snippet:-1","max-image-preview":"max-image-preview:large","max-video-preview":"max-video-preview:-1"},"canonical":"https:\/\/startercultures.eu\/nl\/product\/fermentation-nl\/kefirko-zuurdesem-maker\/","og_locale":"nl_NL","og_type":"article","og_title":"Kefirko zuurdesemmaker | bak je eigen zuurdesembrood - Startercultures.eu","og_description":"Of je nu een doorgewinterde bakker bent of net begint, deze Kefirko zuurdesem maker is ideaal voor iedereen die van bakken houdt.","og_url":"https:\/\/startercultures.eu\/nl\/product\/fermentation-nl\/kefirko-zuurdesem-maker\/","og_site_name":"Startercultures.eu","article_publisher":"https:\/\/www.facebook.com\/startercultureseu","article_modified_time":"2026-04-27T03:00:22+00:00","og_image":[{"width":1500,"height":1125,"url":"https:\/\/startercultures.eu\/wp-content\/uploads\/2024\/04\/SOURDOUGH-FERMENTER.png","type":"image\/png"}],"twitter_card":"summary_large_image","twitter_misc":{"Price":"&euro;36,99","Availability":"tijdelijk uitverkocht"},"schema":{"@context":"https:\/\/schema.org","@graph":[{"@type":"WebPage","@id":"https:\/\/startercultures.eu\/nl\/product\/fermentation-nl\/kefirko-zuurdesem-maker\/","url":"https:\/\/startercultures.eu\/nl\/product\/fermentation-nl\/kefirko-zuurdesem-maker\/","name":"Kefirko zuurdesemmaker | bak je eigen zuurdesembrood - Startercultures.eu","isPartOf":{"@id":"https:\/\/startercultures.eu\/nl\/#website"},"primaryImageOfPage":{"@id":"https:\/\/startercultures.eu\/nl\/product\/fermentation-nl\/kefirko-zuurdesem-maker\/#primaryimage"},"image":{"@id":"https:\/\/startercultures.eu\/nl\/product\/fermentation-nl\/kefirko-zuurdesem-maker\/#primaryimage"},"thumbnailUrl":"https:\/\/startercultures.eu\/wp-content\/uploads\/2024\/04\/SOURDOUGH-FERMENTER.png","datePublished":"2024-04-04T22:41:07+00:00","dateModified":"2026-04-27T03:00:22+00:00","description":"Of je nu een doorgewinterde bakker bent of net begint, deze Kefirko zuurdesem maker is ideaal voor iedereen die van bakken houdt.","breadcrumb":{"@id":"https:\/\/startercultures.eu\/nl\/product\/fermentation-nl\/kefirko-zuurdesem-maker\/#breadcrumb"},"inLanguage":"nl-NL","potentialAction":[{"@type":"ReadAction","target":["https:\/\/startercultures.eu\/nl\/product\/fermentation-nl\/kefirko-zuurdesem-maker\/"]}]},{"@type":"ImageObject","inLanguage":"nl-NL","@id":"https:\/\/startercultures.eu\/nl\/product\/fermentation-nl\/kefirko-zuurdesem-maker\/#primaryimage","url":"https:\/\/startercultures.eu\/wp-content\/uploads\/2024\/04\/SOURDOUGH-FERMENTER.png","contentUrl":"https:\/\/startercultures.eu\/wp-content\/uploads\/2024\/04\/SOURDOUGH-FERMENTER.png","width":1500,"height":1125},{"@type":"BreadcrumbList","@id":"https:\/\/startercultures.eu\/nl\/product\/fermentation-nl\/kefirko-zuurdesem-maker\/#breadcrumb","itemListElement":[{"@type":"ListItem","position":1,"name":"Home","item":"https:\/\/startercultures.eu\/nl\/"},{"@type":"ListItem","position":2,"name":"Winkel","item":"https:\/\/startercultures.eu\/nl\/winkel\/"},{"@type":"ListItem","position":3,"name":"Kefirko zuurdesemmaker | bak je eigen zuurdesembrood"}]},{"@type":"WebSite","@id":"https:\/\/startercultures.eu\/nl\/#website","url":"https:\/\/startercultures.eu\/nl\/","name":"Startercultures.eu","description":"Startercultures.eu","publisher":{"@id":"https:\/\/startercultures.eu\/nl\/#organization"},"potentialAction":[{"@type":"SearchAction","target":{"@type":"EntryPoint","urlTemplate":"https:\/\/startercultures.eu\/nl\/?s={search_term_string}"},"query-input":{"@type":"PropertyValueSpecification","valueRequired":true,"valueName":"search_term_string"}}],"inLanguage":"nl-NL"},{"@type":"Organization","@id":"https:\/\/startercultures.eu\/nl\/#organization","name":"Startercultures.eu","url":"https:\/\/startercultures.eu\/nl\/","logo":{"@type":"ImageObject","inLanguage":"nl-NL","@id":"https:\/\/startercultures.eu\/nl\/#\/schema\/logo\/image\/","url":"https:\/\/startercultures.eu\/wp-content\/uploads\/2020\/08\/startercultures-eu-nl-logo-rond-rgb.png","contentUrl":"https:\/\/startercultures.eu\/wp-content\/uploads\/2020\/08\/startercultures-eu-nl-logo-rond-rgb.png","width":320,"height":320,"caption":"Startercultures.eu"},"image":{"@id":"https:\/\/startercultures.eu\/nl\/#\/schema\/logo\/image\/"},"sameAs":["https:\/\/www.facebook.com\/startercultureseu","https:\/\/www.instagram.com\/startercultures.eu\/"],"hasMerchantReturnPolicy":{"@type":"MerchantReturnPolicy","merchantReturnLink":"https:\/\/startercultures.eu\/return-policy\/"}}]},"product_price_amount":"36.99","product_price_currency":"EUR","og_availability":"out of stock","product_availability":"out of stock","product_retailer_item_id":"324","product_condition":"new"},"_links":{"self":[{"href":"https:\/\/startercultures.eu\/nl\/wp-json\/wp\/v2\/product\/58661","targetHints":{"allow":["GET"]}}],"collection":[{"href":"https:\/\/startercultures.eu\/nl\/wp-json\/wp\/v2\/product"}],"about":[{"href":"https:\/\/startercultures.eu\/nl\/wp-json\/wp\/v2\/types\/product"}],"replies":[{"embeddable":true,"href":"https:\/\/startercultures.eu\/nl\/wp-json\/wp\/v2\/comments?post=58661"}],"version-history":[{"count":3,"href":"https:\/\/startercultures.eu\/nl\/wp-json\/wp\/v2\/product\/58661\/revisions"}],"predecessor-version":[{"id":69174,"href":"https:\/\/startercultures.eu\/nl\/wp-json\/wp\/v2\/product\/58661\/revisions\/69174"}],"wp:featuredmedia":[{"embeddable":true,"href":"https:\/\/startercultures.eu\/nl\/wp-json\/wp\/v2\/media\/58699"}],"wp:attachment":[{"href":"https:\/\/startercultures.eu\/nl\/wp-json\/wp\/v2\/media?parent=58661"}],"wp:term":[{"taxonomy":"product_brand","embeddable":true,"href":"https:\/\/startercultures.eu\/nl\/wp-json\/wp\/v2\/product_brand?post=58661"},{"taxonomy":"product_cat","embeddable":true,"href":"https:\/\/startercultures.eu\/nl\/wp-json\/wp\/v2\/product_cat?post=58661"},{"taxonomy":"product_tag","embeddable":true,"href":"https:\/\/startercultures.eu\/nl\/wp-json\/wp\/v2\/product_tag?post=58661"}],"curies":[{"name":"wp","href":"https:\/\/api.w.org\/{rel}","templated":true}]}}