{"id":6085,"date":"2020-07-31T16:27:22","date_gmt":"2020-07-31T16:27:22","guid":{"rendered":"http:\/\/starterculturen.com\/?post_type=product&#038;p=6085"},"modified":"2026-03-26T14:09:38","modified_gmt":"2026-03-26T13:09:38","slug":"vezeldarm-rookdoorlatend-45-mm-nl","status":"publish","type":"product","link":"https:\/\/startercultures.eu\/nl\/product\/fermentation-nl\/bonen-granen-rijst-nl\/vezeldarm-rookdoorlatend-45-mm-nl\/","title":{"rendered":"Vezeldarm rookdoorlatend | voor kookworsten &#8211; 45 mm"},"content":{"rendered":"<h3>Wat is een vezeldarm?<\/h3>\n<p>Een vezeldarm is een rook- en vochtdoorlatende maar gemaakt van kunststof.<\/p>\n<h3>Waarvoor gebruik je een vezeldarm?<\/h3>\n<p>Een vezeldarm is een rook- en vochtdoorlatende maar gemaakt van kunststof en is daarom heel geschikt is voor bijvoorbeeld gerookte ossenworst, maar ook voor andere nog te roken worsten. Ook is hij te gebruiken als darm voor gedroogde worsten als je een iets grotere diameter wilt dan de gewone varkensdarm, bijvoorbeeld voor droge worsten van het Zuid-Europese type. Kan ook gewoon als darm voor kookworsten, leverworsten en bloedworsten gebruikt worden. Extra makkelijk pelbaar zodat je worst niet beschadigt bij het aansnijden. Door de lus is hij goed in een rookkast op te hangen.<\/p>\n<h3>Ook voor tempeh<\/h3>\n<p>Tip: deze darmen zijn ook erg geschikt om &#8211; na er wat gaatjes ingeprikt te hebben met een speld &#8211; te gebruiken voor het maken van tempeh.<\/p>\n<h3>Inhoud<\/h3>\n<ul>\n<li>Materiaal: vezels<\/li>\n<li>Kleur: blank<\/li>\n<li>Diameter: 45 mm<\/li>\n<li>Vulkaliber: 50 mm<\/li>\n<li>Lengte: 40 cm<\/li>\n<li>Witte lus<\/li>\n<li>Makkelijk te pellen<\/li>\n<li>Niet eetbaar<\/li>\n<li>Worden per 5 verkocht<\/li>\n<\/ul>\n<h3>Gebruik van deze vezeldarm<\/h3>\n<ul>\n<li>ca 30 minuten weken in water voor gebruik<\/li>\n<li>Maximaal 50 mm vullen<\/li>\n<li>Bedoeld om warm te roken<\/li>\n<\/ul>\n<h3 data-fontsize=\"21\" data-lineheight=\"27.3px\">Vezeldarm kopen?<\/h3>\n<p>Je bestelt vezeldarm bij starterculturen.nl, d\u00e9 webwinkel voor al je charcuterie, pat\u00e9 en worstingredi\u00ebnten. Van Meneer Wateetons de auteur van de standaardwerken <a href=\"https:\/\/startercultures.eu\/nl\/product-category\/boeken\/\" target=\"_blank\" rel=\"noopener noreferrer\">De Worstbijbel (2018) en Over Charcuterie (2019)<\/a> Op werkdagen voor 15:00 besteld, dezelfde dag verzonden.\u00a0 Vragen over het gebruik van vezeldarmen? Stel ze via de chatfunctie. We komen er altijd uit.<\/p>\n<h3>Online on demand workshop &#8216;maak je eigen leverworst&#8217;<\/h3>\n<p>Tijdens onze online on demand <a href=\"https:\/\/startercultures.eu\/nl\/product\/online-workshops-nl\/online-workshop-worst-en-charcuterie\/online-on-demand-workshop-maak-je-eigen-leverworst\/\" target=\"_blank\" rel=\"noopener\">workshop <\/a>\u00a0hebben we het over snijleverworst, smeerleverworst, hausmacher- allemaal fantastische slagersproducten die je gewoon zelf kunt maken. Meneer Wateetons, auteur van de <a href=\"http:\/\/www.worstbijbel.nl\/\" target=\"_blank\" rel=\"noopener noreferrer\">Worstbijbel (2018)<\/a> leert het je in deze online workshop. Kijk <a href=\"https:\/\/startercultures.eu\/nl\/product\/online-workshops-nl\/online-workshop-worst-en-charcuterie\/online-on-demand-workshop-maak-je-eigen-leverworst\/\" target=\"_blank\" rel=\"noopener\">hier<\/a> voor meer info.<\/p>\n","protected":false},"excerpt":{"rendered":"<p>Een uitstekende rook- en vochtdoorlatende darm. Ideaal voor ossenworst, gerookte kookworsten, droge worsten en bloed- en leverworsten. Ook geschikt voor tempeh.<\/p>\n","protected":false},"featured_media":14332,"comment_status":"open","ping_status":"closed","template":"","meta":{"_acf_changed":false,"footnotes":""},"product_brand":[],"product_cat":[363,24,50,460,90],"product_tag":[],"class_list":{"0":"post-6085","1":"product","2":"type-product","3":"status-publish","4":"has-post-thumbnail","6":"product_cat-aziatisch-nl","7":"product_cat-bonen-granen-rijst-nl","8":"product_cat-kunstdarmen-nl","9":"product_cat-azitatische-tools-nl","10":"product_cat-vegan-darmen-nl","11":"pa_ean-8720297620546-nl","13":"first","14":"instock","15":"taxable","16":"shipping-taxable","17":"purchasable","18":"product-type-simple"},"acf":[],"yoast_head":"<!-- This site is optimized with the Yoast SEO plugin v26.6 - https:\/\/yoast.com\/wordpress\/plugins\/seo\/ -->\n<title>Vezeldarm voor zelf worst en tempeh maken | starterculturen.nl<\/title>\n<meta name=\"description\" content=\"Deze rook- en vochtdoorlatende vezeldarm is ideaal voor ossenworst, gerookte kookworsten, bloed- en leverworsten en tempeh. Koop ze hier!\" \/>\n<meta name=\"robots\" content=\"index, follow, max-snippet:-1, max-image-preview:large, max-video-preview:-1\" \/>\n<link rel=\"canonical\" href=\"https:\/\/startercultures.eu\/nl\/product\/fermentation-nl\/bonen-granen-rijst-nl\/vezeldarm-rookdoorlatend-45-mm-nl\/\" \/>\n<meta property=\"og:locale\" content=\"nl_NL\" \/>\n<meta property=\"og:type\" content=\"article\" \/>\n<meta property=\"og:title\" content=\"Vezeldarm voor zelf worst en tempeh maken | starterculturen.nl\" \/>\n<meta property=\"og:description\" content=\"Deze rook- en vochtdoorlatende vezeldarm is ideaal voor ossenworst, gerookte kookworsten, bloed- en leverworsten en tempeh. Koop ze hier!\" \/>\n<meta property=\"og:url\" content=\"https:\/\/startercultures.eu\/nl\/product\/fermentation-nl\/bonen-granen-rijst-nl\/vezeldarm-rookdoorlatend-45-mm-nl\/\" \/>\n<meta property=\"og:site_name\" content=\"Startercultures.eu\" \/>\n<meta property=\"article:publisher\" content=\"https:\/\/www.facebook.com\/startercultureseu\" \/>\n<meta property=\"article:modified_time\" content=\"2026-03-26T13:09:38+00:00\" \/>\n<meta property=\"og:image\" content=\"https:\/\/startercultures.eu\/wp-content\/uploads\/2020\/07\/Semi-permeable-cellulose-casing-45-mm.png\" \/>\n\t<meta property=\"og:image:width\" content=\"450\" \/>\n\t<meta property=\"og:image:height\" content=\"450\" \/>\n\t<meta property=\"og:image:type\" content=\"image\/png\" \/>\n<meta name=\"twitter:card\" content=\"summary_large_image\" \/>\n<meta name=\"twitter:label1\" content=\"Price\" \/>\n\t<meta name=\"twitter:data1\" content=\"&euro;11,99\" \/>\n\t<meta name=\"twitter:label2\" content=\"Availability\" \/>\n\t<meta name=\"twitter:data2\" content=\"Op voorraad\" \/>\n<script type=\"application\/ld+json\" class=\"yoast-schema-graph\">{\"@context\":\"https:\/\/schema.org\",\"@graph\":[{\"@type\":\"WebPage\",\"@id\":\"https:\/\/startercultures.eu\/nl\/product\/fermentation-nl\/bonen-granen-rijst-nl\/vezeldarm-rookdoorlatend-45-mm-nl\/\",\"url\":\"https:\/\/startercultures.eu\/nl\/product\/fermentation-nl\/bonen-granen-rijst-nl\/vezeldarm-rookdoorlatend-45-mm-nl\/\",\"name\":\"Vezeldarm voor zelf worst en tempeh maken | starterculturen.nl\",\"isPartOf\":{\"@id\":\"https:\/\/startercultures.eu\/nl\/#website\"},\"primaryImageOfPage\":{\"@id\":\"https:\/\/startercultures.eu\/nl\/product\/fermentation-nl\/bonen-granen-rijst-nl\/vezeldarm-rookdoorlatend-45-mm-nl\/#primaryimage\"},\"image\":{\"@id\":\"https:\/\/startercultures.eu\/nl\/product\/fermentation-nl\/bonen-granen-rijst-nl\/vezeldarm-rookdoorlatend-45-mm-nl\/#primaryimage\"},\"thumbnailUrl\":\"https:\/\/startercultures.eu\/wp-content\/uploads\/2020\/07\/Semi-permeable-cellulose-casing-45-mm.png\",\"datePublished\":\"2020-07-31T16:27:22+00:00\",\"dateModified\":\"2026-03-26T13:09:38+00:00\",\"description\":\"Deze rook- en vochtdoorlatende vezeldarm is ideaal voor ossenworst, gerookte kookworsten, bloed- en leverworsten en tempeh. Koop ze hier!\",\"breadcrumb\":{\"@id\":\"https:\/\/startercultures.eu\/nl\/product\/fermentation-nl\/bonen-granen-rijst-nl\/vezeldarm-rookdoorlatend-45-mm-nl\/#breadcrumb\"},\"inLanguage\":\"nl-NL\",\"potentialAction\":[{\"@type\":\"ReadAction\",\"target\":[\"https:\/\/startercultures.eu\/nl\/product\/fermentation-nl\/bonen-granen-rijst-nl\/vezeldarm-rookdoorlatend-45-mm-nl\/\"]}]},{\"@type\":\"ImageObject\",\"inLanguage\":\"nl-NL\",\"@id\":\"https:\/\/startercultures.eu\/nl\/product\/fermentation-nl\/bonen-granen-rijst-nl\/vezeldarm-rookdoorlatend-45-mm-nl\/#primaryimage\",\"url\":\"https:\/\/startercultures.eu\/wp-content\/uploads\/2020\/07\/Semi-permeable-cellulose-casing-45-mm.png\",\"contentUrl\":\"https:\/\/startercultures.eu\/wp-content\/uploads\/2020\/07\/Semi-permeable-cellulose-casing-45-mm.png\",\"width\":450,\"height\":450,\"caption\":\"Semi-permeable cellulose casing - 45 mm\"},{\"@type\":\"BreadcrumbList\",\"@id\":\"https:\/\/startercultures.eu\/nl\/product\/fermentation-nl\/bonen-granen-rijst-nl\/vezeldarm-rookdoorlatend-45-mm-nl\/#breadcrumb\",\"itemListElement\":[{\"@type\":\"ListItem\",\"position\":1,\"name\":\"Home\",\"item\":\"https:\/\/startercultures.eu\/nl\/\"},{\"@type\":\"ListItem\",\"position\":2,\"name\":\"Winkel\",\"item\":\"https:\/\/startercultures.eu\/nl\/winkel\/\"},{\"@type\":\"ListItem\",\"position\":3,\"name\":\"Vezeldarm rookdoorlatend | voor kookworsten &#8211; 45 mm\"}]},{\"@type\":\"WebSite\",\"@id\":\"https:\/\/startercultures.eu\/nl\/#website\",\"url\":\"https:\/\/startercultures.eu\/nl\/\",\"name\":\"Startercultures.eu\",\"description\":\"Startercultures.eu\",\"publisher\":{\"@id\":\"https:\/\/startercultures.eu\/nl\/#organization\"},\"potentialAction\":[{\"@type\":\"SearchAction\",\"target\":{\"@type\":\"EntryPoint\",\"urlTemplate\":\"https:\/\/startercultures.eu\/nl\/?s={search_term_string}\"},\"query-input\":{\"@type\":\"PropertyValueSpecification\",\"valueRequired\":true,\"valueName\":\"search_term_string\"}}],\"inLanguage\":\"nl-NL\"},{\"@type\":\"Organization\",\"@id\":\"https:\/\/startercultures.eu\/nl\/#organization\",\"name\":\"Startercultures.eu\",\"url\":\"https:\/\/startercultures.eu\/nl\/\",\"logo\":{\"@type\":\"ImageObject\",\"inLanguage\":\"nl-NL\",\"@id\":\"https:\/\/startercultures.eu\/nl\/#\/schema\/logo\/image\/\",\"url\":\"https:\/\/startercultures.eu\/wp-content\/uploads\/2020\/08\/startercultures-eu-nl-logo-rond-rgb.png\",\"contentUrl\":\"https:\/\/startercultures.eu\/wp-content\/uploads\/2020\/08\/startercultures-eu-nl-logo-rond-rgb.png\",\"width\":320,\"height\":320,\"caption\":\"Startercultures.eu\"},\"image\":{\"@id\":\"https:\/\/startercultures.eu\/nl\/#\/schema\/logo\/image\/\"},\"sameAs\":[\"https:\/\/www.facebook.com\/startercultureseu\",\"https:\/\/www.instagram.com\/startercultures.eu\/\"],\"hasMerchantReturnPolicy\":{\"@type\":\"MerchantReturnPolicy\",\"merchantReturnLink\":\"https:\/\/startercultures.eu\/return-policy\/\"}}]}<\/script>\n<meta property=\"product:price:amount\" content=\"11.99\" \/>\n<meta property=\"product:price:currency\" content=\"EUR\" \/>\n<meta property=\"og:availability\" content=\"instock\" \/>\n<meta property=\"product:availability\" content=\"instock\" \/>\n<meta property=\"product:retailer_item_id\" content=\"5\" \/>\n<meta property=\"product:condition\" content=\"new\" \/>\n<!-- \/ Yoast SEO plugin. -->","yoast_head_json":{"title":"Vezeldarm voor zelf worst en tempeh maken | starterculturen.nl","description":"Deze rook- en vochtdoorlatende vezeldarm is ideaal voor ossenworst, gerookte kookworsten, bloed- en leverworsten en tempeh. Koop ze hier!","robots":{"index":"index","follow":"follow","max-snippet":"max-snippet:-1","max-image-preview":"max-image-preview:large","max-video-preview":"max-video-preview:-1"},"canonical":"https:\/\/startercultures.eu\/nl\/product\/fermentation-nl\/bonen-granen-rijst-nl\/vezeldarm-rookdoorlatend-45-mm-nl\/","og_locale":"nl_NL","og_type":"article","og_title":"Vezeldarm voor zelf worst en tempeh maken | starterculturen.nl","og_description":"Deze rook- en vochtdoorlatende vezeldarm is ideaal voor ossenworst, gerookte kookworsten, bloed- en leverworsten en tempeh. Koop ze hier!","og_url":"https:\/\/startercultures.eu\/nl\/product\/fermentation-nl\/bonen-granen-rijst-nl\/vezeldarm-rookdoorlatend-45-mm-nl\/","og_site_name":"Startercultures.eu","article_publisher":"https:\/\/www.facebook.com\/startercultureseu","article_modified_time":"2026-03-26T13:09:38+00:00","og_image":[{"width":450,"height":450,"url":"https:\/\/startercultures.eu\/wp-content\/uploads\/2020\/07\/Semi-permeable-cellulose-casing-45-mm.png","type":"image\/png"}],"twitter_card":"summary_large_image","twitter_misc":{"Price":"&euro;11,99","Availability":"Op voorraad"},"schema":{"@context":"https:\/\/schema.org","@graph":[{"@type":"WebPage","@id":"https:\/\/startercultures.eu\/nl\/product\/fermentation-nl\/bonen-granen-rijst-nl\/vezeldarm-rookdoorlatend-45-mm-nl\/","url":"https:\/\/startercultures.eu\/nl\/product\/fermentation-nl\/bonen-granen-rijst-nl\/vezeldarm-rookdoorlatend-45-mm-nl\/","name":"Vezeldarm voor zelf worst en tempeh maken | starterculturen.nl","isPartOf":{"@id":"https:\/\/startercultures.eu\/nl\/#website"},"primaryImageOfPage":{"@id":"https:\/\/startercultures.eu\/nl\/product\/fermentation-nl\/bonen-granen-rijst-nl\/vezeldarm-rookdoorlatend-45-mm-nl\/#primaryimage"},"image":{"@id":"https:\/\/startercultures.eu\/nl\/product\/fermentation-nl\/bonen-granen-rijst-nl\/vezeldarm-rookdoorlatend-45-mm-nl\/#primaryimage"},"thumbnailUrl":"https:\/\/startercultures.eu\/wp-content\/uploads\/2020\/07\/Semi-permeable-cellulose-casing-45-mm.png","datePublished":"2020-07-31T16:27:22+00:00","dateModified":"2026-03-26T13:09:38+00:00","description":"Deze rook- en vochtdoorlatende vezeldarm is ideaal voor ossenworst, gerookte kookworsten, bloed- en leverworsten en tempeh. Koop ze hier!","breadcrumb":{"@id":"https:\/\/startercultures.eu\/nl\/product\/fermentation-nl\/bonen-granen-rijst-nl\/vezeldarm-rookdoorlatend-45-mm-nl\/#breadcrumb"},"inLanguage":"nl-NL","potentialAction":[{"@type":"ReadAction","target":["https:\/\/startercultures.eu\/nl\/product\/fermentation-nl\/bonen-granen-rijst-nl\/vezeldarm-rookdoorlatend-45-mm-nl\/"]}]},{"@type":"ImageObject","inLanguage":"nl-NL","@id":"https:\/\/startercultures.eu\/nl\/product\/fermentation-nl\/bonen-granen-rijst-nl\/vezeldarm-rookdoorlatend-45-mm-nl\/#primaryimage","url":"https:\/\/startercultures.eu\/wp-content\/uploads\/2020\/07\/Semi-permeable-cellulose-casing-45-mm.png","contentUrl":"https:\/\/startercultures.eu\/wp-content\/uploads\/2020\/07\/Semi-permeable-cellulose-casing-45-mm.png","width":450,"height":450,"caption":"Semi-permeable cellulose casing - 45 mm"},{"@type":"BreadcrumbList","@id":"https:\/\/startercultures.eu\/nl\/product\/fermentation-nl\/bonen-granen-rijst-nl\/vezeldarm-rookdoorlatend-45-mm-nl\/#breadcrumb","itemListElement":[{"@type":"ListItem","position":1,"name":"Home","item":"https:\/\/startercultures.eu\/nl\/"},{"@type":"ListItem","position":2,"name":"Winkel","item":"https:\/\/startercultures.eu\/nl\/winkel\/"},{"@type":"ListItem","position":3,"name":"Vezeldarm rookdoorlatend | voor kookworsten &#8211; 45 mm"}]},{"@type":"WebSite","@id":"https:\/\/startercultures.eu\/nl\/#website","url":"https:\/\/startercultures.eu\/nl\/","name":"Startercultures.eu","description":"Startercultures.eu","publisher":{"@id":"https:\/\/startercultures.eu\/nl\/#organization"},"potentialAction":[{"@type":"SearchAction","target":{"@type":"EntryPoint","urlTemplate":"https:\/\/startercultures.eu\/nl\/?s={search_term_string}"},"query-input":{"@type":"PropertyValueSpecification","valueRequired":true,"valueName":"search_term_string"}}],"inLanguage":"nl-NL"},{"@type":"Organization","@id":"https:\/\/startercultures.eu\/nl\/#organization","name":"Startercultures.eu","url":"https:\/\/startercultures.eu\/nl\/","logo":{"@type":"ImageObject","inLanguage":"nl-NL","@id":"https:\/\/startercultures.eu\/nl\/#\/schema\/logo\/image\/","url":"https:\/\/startercultures.eu\/wp-content\/uploads\/2020\/08\/startercultures-eu-nl-logo-rond-rgb.png","contentUrl":"https:\/\/startercultures.eu\/wp-content\/uploads\/2020\/08\/startercultures-eu-nl-logo-rond-rgb.png","width":320,"height":320,"caption":"Startercultures.eu"},"image":{"@id":"https:\/\/startercultures.eu\/nl\/#\/schema\/logo\/image\/"},"sameAs":["https:\/\/www.facebook.com\/startercultureseu","https:\/\/www.instagram.com\/startercultures.eu\/"],"hasMerchantReturnPolicy":{"@type":"MerchantReturnPolicy","merchantReturnLink":"https:\/\/startercultures.eu\/return-policy\/"}}]},"product_price_amount":"11.99","product_price_currency":"EUR","og_availability":"instock","product_availability":"instock","product_retailer_item_id":"5","product_condition":"new"},"_links":{"self":[{"href":"https:\/\/startercultures.eu\/nl\/wp-json\/wp\/v2\/product\/6085","targetHints":{"allow":["GET"]}}],"collection":[{"href":"https:\/\/startercultures.eu\/nl\/wp-json\/wp\/v2\/product"}],"about":[{"href":"https:\/\/startercultures.eu\/nl\/wp-json\/wp\/v2\/types\/product"}],"replies":[{"embeddable":true,"href":"https:\/\/startercultures.eu\/nl\/wp-json\/wp\/v2\/comments?post=6085"}],"version-history":[{"count":1,"href":"https:\/\/startercultures.eu\/nl\/wp-json\/wp\/v2\/product\/6085\/revisions"}],"predecessor-version":[{"id":66824,"href":"https:\/\/startercultures.eu\/nl\/wp-json\/wp\/v2\/product\/6085\/revisions\/66824"}],"wp:featuredmedia":[{"embeddable":true,"href":"https:\/\/startercultures.eu\/nl\/wp-json\/wp\/v2\/media\/14332"}],"wp:attachment":[{"href":"https:\/\/startercultures.eu\/nl\/wp-json\/wp\/v2\/media?parent=6085"}],"wp:term":[{"taxonomy":"product_brand","embeddable":true,"href":"https:\/\/startercultures.eu\/nl\/wp-json\/wp\/v2\/product_brand?post=6085"},{"taxonomy":"product_cat","embeddable":true,"href":"https:\/\/startercultures.eu\/nl\/wp-json\/wp\/v2\/product_cat?post=6085"},{"taxonomy":"product_tag","embeddable":true,"href":"https:\/\/startercultures.eu\/nl\/wp-json\/wp\/v2\/product_tag?post=6085"}],"curies":[{"name":"wp","href":"https:\/\/api.w.org\/{rel}","templated":true}]}}