{"id":6129,"date":"2020-07-31T16:28:10","date_gmt":"2020-07-31T14:28:10","guid":{"rendered":"http:\/\/starterculturen.com\/?post_type=product&#038;p=6129"},"modified":"2026-04-13T15:59:19","modified_gmt":"2026-04-13T13:59:19","slug":"dextrose-nl","status":"publish","type":"product","link":"https:\/\/startercultures.eu\/nl\/product\/worst-en-vleeswaren-nl\/hulpstoffen-nl\/dextrose-nl\/","title":{"rendered":"Dextrose | voor droge worst en vleeswaren"},"content":{"rendered":"<h3>Wat is dextrose?<\/h3>\n<p>Dextrose of glucose (druivensuiker) is een enkelvoudige suiker<\/p>\n<h3>Waarvoor gebruik je dextrose bij het maken van droge worst en vleeswaren?<\/h3>\n<p>Dextrose is krachtvoer voor melkzuurbacteri\u00ebn uit de <a href=\"https:\/\/www.starterculturen.nl\/c-4266228\/starterculturen\/\">starterculturen<\/a> die je nodig hebt om je eigen droge worst te maken. Aan droge worst voeg je dus altijd wat dextrose toe. In kookworsten en leverworsten draagt het &#8211; samen met nitrietpekelzout &#8211; bij aan een mooie kleur.<\/p>\n<h3>Inhoud<\/h3>\n<ul>\n<li>Allergenen: geen<\/li>\n<li>Minimaal 100 gram<\/li>\n<li>Nu in handig hersluitbaar zakje<\/li>\n<li>Dosering 1-10 gram per kilo, maar meestal 2 \u00e0 3 gram<\/li>\n<li>Ook heel geschikt voor sporters<\/li>\n<\/ul>\n<h3 data-fontsize=\"21\" data-lineheight=\"27.3px\">Dextrose kopen?<\/h3>\n<p>Je bestelt desxtrose bij starterculturen.nl, d\u00e9 webwinkel voor al je charcuterie, pat\u00e9 en worstingredi\u00ebnten. Van Meneer Wateetons de auteur van de standaardwerken <a href=\"https:\/\/startercultures.eu\/nl\/product-category\/boeken\/\" target=\"_blank\" rel=\"noopener noreferrer\">De Worstbijbel (2018) en Over Charcuterie (2019)<\/a>. Op werkdagen voor 15:00 besteld, dezelfde dag verzonden.\u00a0 Vragen over het gebruik van dextrose? Stel ze via de chatfunctie. We komen er altijd uit.<\/p>\n<h3 class=\"fusion-responsive-typography-calculated\" data-fontsize=\"21\" data-lineheight=\"27.3px\">Meer leren?<\/h3>\n<p>Lees voor je je je eigen droge worst of charcuterie gaat maken\u00a0<a href=\"https:\/\/startercultures.eu\/nl\/product-category\/boeken\/\" target=\"_blank\" rel=\"noopener noreferrer\">De Worstbijbel (2018) of Over Charcuterie (2019).<\/a><\/p>\n<h3><img decoding=\"async\" class=\"lazyload  wp-image-10646 alignright\" src=\"https:\/\/startercultures.eu\/wp-content\/uploads\/2021\/01\/workshop1-300x300.jpg\" data-orig-src=\"https:\/\/startercultures.eu\/wp-content\/uploads\/2021\/01\/workshop1-300x300.jpg\" alt=\"\" width=\"120\" height=\"120\" srcset=\"data:image\/svg+xml,%3Csvg%20xmlns%3D%27http%3A%2F%2Fwww.w3.org%2F2000%2Fsvg%27%20width%3D%27120%27%20height%3D%27120%27%20viewBox%3D%270%200%20120%20120%27%3E%3Crect%20width%3D%27120%27%20height%3D%27120%27%20fill-opacity%3D%220%22%2F%3E%3C%2Fsvg%3E\" data-srcset=\"https:\/\/startercultures.eu\/wp-content\/uploads\/2021\/01\/workshop1-66x66.jpg 66w, https:\/\/startercultures.eu\/wp-content\/uploads\/2021\/01\/workshop1-70x70.jpg 70w, https:\/\/startercultures.eu\/wp-content\/uploads\/2021\/01\/workshop1-100x100.jpg 100w, https:\/\/startercultures.eu\/wp-content\/uploads\/2021\/01\/workshop1-150x150.jpg 150w, https:\/\/startercultures.eu\/wp-content\/uploads\/2021\/01\/workshop1-200x200.jpg 200w, https:\/\/startercultures.eu\/wp-content\/uploads\/2021\/01\/workshop1-300x300.jpg 300w, https:\/\/startercultures.eu\/wp-content\/uploads\/2021\/01\/workshop1-400x400.jpg 400w, https:\/\/startercultures.eu\/wp-content\/uploads\/2021\/01\/workshop1-500x500.jpg 500w, https:\/\/startercultures.eu\/wp-content\/uploads\/2021\/01\/workshop1-600x600.jpg 600w, https:\/\/startercultures.eu\/wp-content\/uploads\/2021\/01\/workshop1-700x700.jpg 700w, https:\/\/startercultures.eu\/wp-content\/uploads\/2021\/01\/workshop1-768x768.jpg 768w, https:\/\/startercultures.eu\/wp-content\/uploads\/2021\/01\/workshop1-800x800.jpg 800w, https:\/\/startercultures.eu\/wp-content\/uploads\/2021\/01\/workshop1-1024x1024.jpg 1024w, https:\/\/startercultures.eu\/wp-content\/uploads\/2021\/01\/workshop1-1200x1200.jpg 1200w, https:\/\/startercultures.eu\/wp-content\/uploads\/2021\/01\/workshop1-1536x1536.jpg 1536w, https:\/\/startercultures.eu\/wp-content\/uploads\/2021\/01\/workshop1-scaled-scaled.jpg 1920w\" data-sizes=\"auto\" data-orig-sizes=\"(max-width: 120px) 100vw, 120px\" \/>Online on demand workshop &#8216;maak je eigen droge worst&#8217;<\/h3>\n<p>Verse worst maken is leuk, maar de ware uitdaging van het worstmakersvak is het cre\u00ebren van je eigen droge worst. Wat deze worsten onderscheidt van de verse braadworst is dat ze gefermenteerd\/gerijpt en in de meeste gevallen gedroogd zijn. Dat kun je in \u00e9\u00e9n avond en ook uitstekend <a href=\"https:\/\/startercultures.eu\/nl\/product\/worst-en-vleeswaren-nl\/online-on-demand-workshop-maak-je-eigen-droge-worst\/\" target=\"_blank\" rel=\"noopener\">online leren<\/a> van d\u00e9 expert op dit gebied: Meneer Wateetons, auteur van de Worstbijbel (2018). Kijk <a href=\"https:\/\/startercultures.eu\/nl\/product\/worst-en-vleeswaren-nl\/online-on-demand-workshop-maak-je-eigen-droge-worst\/\" target=\"_blank\" rel=\"noopener\">hier<\/a> voor meer info.<\/p>\n","protected":false},"excerpt":{"rendered":"<p>Onmisbare hulpstof voor alle droge worsten en ook nuttig voor kookworsten en leverworsten.<\/p>\n","protected":false},"featured_media":37434,"comment_status":"open","ping_status":"closed","template":"","meta":{"_acf_changed":false,"footnotes":""},"product_brand":[],"product_cat":[48],"product_tag":[],"class_list":{"0":"post-6129","1":"product","2":"type-product","3":"status-publish","4":"has-post-thumbnail","6":"product_cat-hulpstoffen-nl","7":"pa_ean-8720297620393-nl","9":"first","10":"instock","11":"taxable","12":"shipping-taxable","13":"purchasable","14":"product-type-simple"},"acf":[],"yoast_head":"<!-- This site is optimized with the Yoast SEO plugin v26.6 - https:\/\/yoast.com\/wordpress\/plugins\/seo\/ -->\n<title>Maak je eigen droge worst met onze dextrose | starterculturen.nl<\/title>\n<meta name=\"description\" content=\"Dextrose is een onmisbare hulpstof voor het zelf maken van droge worsten, kookworsten, pat\u00e9s en leverworsten. Bestel het hier!\" \/>\n<meta name=\"robots\" content=\"index, follow, max-snippet:-1, max-image-preview:large, max-video-preview:-1\" \/>\n<link rel=\"canonical\" href=\"https:\/\/startercultures.eu\/nl\/product\/worst-en-vleeswaren-nl\/hulpstoffen-nl\/dextrose-nl\/\" \/>\n<meta property=\"og:locale\" content=\"nl_NL\" \/>\n<meta property=\"og:type\" content=\"article\" \/>\n<meta property=\"og:title\" content=\"Maak je eigen droge worst met onze dextrose | starterculturen.nl\" \/>\n<meta property=\"og:description\" content=\"Dextrose is een onmisbare hulpstof voor het zelf maken van droge worsten, kookworsten, pat\u00e9s en leverworsten. Bestel het hier!\" \/>\n<meta property=\"og:url\" content=\"https:\/\/startercultures.eu\/nl\/product\/worst-en-vleeswaren-nl\/hulpstoffen-nl\/dextrose-nl\/\" \/>\n<meta property=\"og:site_name\" content=\"Startercultures.eu\" \/>\n<meta property=\"article:publisher\" content=\"https:\/\/www.facebook.com\/startercultureseu\" \/>\n<meta property=\"article:modified_time\" content=\"2026-04-13T13:59:19+00:00\" \/>\n<meta property=\"og:image\" content=\"https:\/\/startercultures.eu\/wp-content\/uploads\/2020\/07\/002-Dextrose-mu.png\" \/>\n\t<meta property=\"og:image:width\" content=\"1250\" \/>\n\t<meta property=\"og:image:height\" content=\"1250\" \/>\n\t<meta property=\"og:image:type\" content=\"image\/png\" \/>\n<meta name=\"twitter:card\" content=\"summary_large_image\" \/>\n<meta name=\"twitter:label1\" content=\"Price\" \/>\n\t<meta name=\"twitter:data1\" content=\"&euro;7,99\" \/>\n\t<meta name=\"twitter:label2\" content=\"Availability\" \/>\n\t<meta name=\"twitter:data2\" content=\"Op voorraad\" \/>\n<script type=\"application\/ld+json\" class=\"yoast-schema-graph\">{\"@context\":\"https:\/\/schema.org\",\"@graph\":[{\"@type\":\"WebPage\",\"@id\":\"https:\/\/startercultures.eu\/nl\/product\/worst-en-vleeswaren-nl\/hulpstoffen-nl\/dextrose-nl\/\",\"url\":\"https:\/\/startercultures.eu\/nl\/product\/worst-en-vleeswaren-nl\/hulpstoffen-nl\/dextrose-nl\/\",\"name\":\"Maak je eigen droge worst met onze dextrose | starterculturen.nl\",\"isPartOf\":{\"@id\":\"https:\/\/startercultures.eu\/nl\/#website\"},\"primaryImageOfPage\":{\"@id\":\"https:\/\/startercultures.eu\/nl\/product\/worst-en-vleeswaren-nl\/hulpstoffen-nl\/dextrose-nl\/#primaryimage\"},\"image\":{\"@id\":\"https:\/\/startercultures.eu\/nl\/product\/worst-en-vleeswaren-nl\/hulpstoffen-nl\/dextrose-nl\/#primaryimage\"},\"thumbnailUrl\":\"https:\/\/startercultures.eu\/wp-content\/uploads\/2020\/07\/002-Dextrose-mu.png\",\"datePublished\":\"2020-07-31T14:28:10+00:00\",\"dateModified\":\"2026-04-13T13:59:19+00:00\",\"description\":\"Dextrose is een onmisbare hulpstof voor het zelf maken van droge worsten, kookworsten, pat\u00e9s en leverworsten. Bestel het hier!\",\"breadcrumb\":{\"@id\":\"https:\/\/startercultures.eu\/nl\/product\/worst-en-vleeswaren-nl\/hulpstoffen-nl\/dextrose-nl\/#breadcrumb\"},\"inLanguage\":\"nl-NL\",\"potentialAction\":[{\"@type\":\"ReadAction\",\"target\":[\"https:\/\/startercultures.eu\/nl\/product\/worst-en-vleeswaren-nl\/hulpstoffen-nl\/dextrose-nl\/\"]}]},{\"@type\":\"ImageObject\",\"inLanguage\":\"nl-NL\",\"@id\":\"https:\/\/startercultures.eu\/nl\/product\/worst-en-vleeswaren-nl\/hulpstoffen-nl\/dextrose-nl\/#primaryimage\",\"url\":\"https:\/\/startercultures.eu\/wp-content\/uploads\/2020\/07\/002-Dextrose-mu.png\",\"contentUrl\":\"https:\/\/startercultures.eu\/wp-content\/uploads\/2020\/07\/002-Dextrose-mu.png\",\"width\":1250,\"height\":1250,\"caption\":\"Dextrose\"},{\"@type\":\"BreadcrumbList\",\"@id\":\"https:\/\/startercultures.eu\/nl\/product\/worst-en-vleeswaren-nl\/hulpstoffen-nl\/dextrose-nl\/#breadcrumb\",\"itemListElement\":[{\"@type\":\"ListItem\",\"position\":1,\"name\":\"Home\",\"item\":\"https:\/\/startercultures.eu\/nl\/\"},{\"@type\":\"ListItem\",\"position\":2,\"name\":\"Winkel\",\"item\":\"https:\/\/startercultures.eu\/nl\/winkel\/\"},{\"@type\":\"ListItem\",\"position\":3,\"name\":\"Dextrose | voor droge worst en vleeswaren\"}]},{\"@type\":\"WebSite\",\"@id\":\"https:\/\/startercultures.eu\/nl\/#website\",\"url\":\"https:\/\/startercultures.eu\/nl\/\",\"name\":\"Startercultures.eu\",\"description\":\"Startercultures.eu\",\"publisher\":{\"@id\":\"https:\/\/startercultures.eu\/nl\/#organization\"},\"potentialAction\":[{\"@type\":\"SearchAction\",\"target\":{\"@type\":\"EntryPoint\",\"urlTemplate\":\"https:\/\/startercultures.eu\/nl\/?s={search_term_string}\"},\"query-input\":{\"@type\":\"PropertyValueSpecification\",\"valueRequired\":true,\"valueName\":\"search_term_string\"}}],\"inLanguage\":\"nl-NL\"},{\"@type\":\"Organization\",\"@id\":\"https:\/\/startercultures.eu\/nl\/#organization\",\"name\":\"Startercultures.eu\",\"url\":\"https:\/\/startercultures.eu\/nl\/\",\"logo\":{\"@type\":\"ImageObject\",\"inLanguage\":\"nl-NL\",\"@id\":\"https:\/\/startercultures.eu\/nl\/#\/schema\/logo\/image\/\",\"url\":\"https:\/\/startercultures.eu\/wp-content\/uploads\/2020\/08\/startercultures-eu-nl-logo-rond-rgb.png\",\"contentUrl\":\"https:\/\/startercultures.eu\/wp-content\/uploads\/2020\/08\/startercultures-eu-nl-logo-rond-rgb.png\",\"width\":320,\"height\":320,\"caption\":\"Startercultures.eu\"},\"image\":{\"@id\":\"https:\/\/startercultures.eu\/nl\/#\/schema\/logo\/image\/\"},\"sameAs\":[\"https:\/\/www.facebook.com\/startercultureseu\",\"https:\/\/www.instagram.com\/startercultures.eu\/\"]}]}<\/script>\n<meta property=\"product:price:amount\" content=\"7.99\" \/>\n<meta property=\"product:price:currency\" content=\"EUR\" \/>\n<meta property=\"og:availability\" content=\"instock\" \/>\n<meta property=\"product:availability\" content=\"instock\" \/>\n<meta property=\"product:retailer_item_id\" content=\"2\" \/>\n<meta property=\"product:condition\" content=\"new\" \/>\n<!-- \/ Yoast SEO plugin. -->","yoast_head_json":{"title":"Maak je eigen droge worst met onze dextrose | starterculturen.nl","description":"Dextrose is een onmisbare hulpstof voor het zelf maken van droge worsten, kookworsten, pat\u00e9s en leverworsten. Bestel het hier!","robots":{"index":"index","follow":"follow","max-snippet":"max-snippet:-1","max-image-preview":"max-image-preview:large","max-video-preview":"max-video-preview:-1"},"canonical":"https:\/\/startercultures.eu\/nl\/product\/worst-en-vleeswaren-nl\/hulpstoffen-nl\/dextrose-nl\/","og_locale":"nl_NL","og_type":"article","og_title":"Maak je eigen droge worst met onze dextrose | starterculturen.nl","og_description":"Dextrose is een onmisbare hulpstof voor het zelf maken van droge worsten, kookworsten, pat\u00e9s en leverworsten. Bestel het hier!","og_url":"https:\/\/startercultures.eu\/nl\/product\/worst-en-vleeswaren-nl\/hulpstoffen-nl\/dextrose-nl\/","og_site_name":"Startercultures.eu","article_publisher":"https:\/\/www.facebook.com\/startercultureseu","article_modified_time":"2026-04-13T13:59:19+00:00","og_image":[{"width":1250,"height":1250,"url":"https:\/\/startercultures.eu\/wp-content\/uploads\/2020\/07\/002-Dextrose-mu.png","type":"image\/png"}],"twitter_card":"summary_large_image","twitter_misc":{"Price":"&euro;7,99","Availability":"Op voorraad"},"schema":{"@context":"https:\/\/schema.org","@graph":[{"@type":"WebPage","@id":"https:\/\/startercultures.eu\/nl\/product\/worst-en-vleeswaren-nl\/hulpstoffen-nl\/dextrose-nl\/","url":"https:\/\/startercultures.eu\/nl\/product\/worst-en-vleeswaren-nl\/hulpstoffen-nl\/dextrose-nl\/","name":"Maak je eigen droge worst met onze dextrose | starterculturen.nl","isPartOf":{"@id":"https:\/\/startercultures.eu\/nl\/#website"},"primaryImageOfPage":{"@id":"https:\/\/startercultures.eu\/nl\/product\/worst-en-vleeswaren-nl\/hulpstoffen-nl\/dextrose-nl\/#primaryimage"},"image":{"@id":"https:\/\/startercultures.eu\/nl\/product\/worst-en-vleeswaren-nl\/hulpstoffen-nl\/dextrose-nl\/#primaryimage"},"thumbnailUrl":"https:\/\/startercultures.eu\/wp-content\/uploads\/2020\/07\/002-Dextrose-mu.png","datePublished":"2020-07-31T14:28:10+00:00","dateModified":"2026-04-13T13:59:19+00:00","description":"Dextrose is een onmisbare hulpstof voor het zelf maken van droge worsten, kookworsten, pat\u00e9s en leverworsten. Bestel het hier!","breadcrumb":{"@id":"https:\/\/startercultures.eu\/nl\/product\/worst-en-vleeswaren-nl\/hulpstoffen-nl\/dextrose-nl\/#breadcrumb"},"inLanguage":"nl-NL","potentialAction":[{"@type":"ReadAction","target":["https:\/\/startercultures.eu\/nl\/product\/worst-en-vleeswaren-nl\/hulpstoffen-nl\/dextrose-nl\/"]}]},{"@type":"ImageObject","inLanguage":"nl-NL","@id":"https:\/\/startercultures.eu\/nl\/product\/worst-en-vleeswaren-nl\/hulpstoffen-nl\/dextrose-nl\/#primaryimage","url":"https:\/\/startercultures.eu\/wp-content\/uploads\/2020\/07\/002-Dextrose-mu.png","contentUrl":"https:\/\/startercultures.eu\/wp-content\/uploads\/2020\/07\/002-Dextrose-mu.png","width":1250,"height":1250,"caption":"Dextrose"},{"@type":"BreadcrumbList","@id":"https:\/\/startercultures.eu\/nl\/product\/worst-en-vleeswaren-nl\/hulpstoffen-nl\/dextrose-nl\/#breadcrumb","itemListElement":[{"@type":"ListItem","position":1,"name":"Home","item":"https:\/\/startercultures.eu\/nl\/"},{"@type":"ListItem","position":2,"name":"Winkel","item":"https:\/\/startercultures.eu\/nl\/winkel\/"},{"@type":"ListItem","position":3,"name":"Dextrose | voor droge worst en vleeswaren"}]},{"@type":"WebSite","@id":"https:\/\/startercultures.eu\/nl\/#website","url":"https:\/\/startercultures.eu\/nl\/","name":"Startercultures.eu","description":"Startercultures.eu","publisher":{"@id":"https:\/\/startercultures.eu\/nl\/#organization"},"potentialAction":[{"@type":"SearchAction","target":{"@type":"EntryPoint","urlTemplate":"https:\/\/startercultures.eu\/nl\/?s={search_term_string}"},"query-input":{"@type":"PropertyValueSpecification","valueRequired":true,"valueName":"search_term_string"}}],"inLanguage":"nl-NL"},{"@type":"Organization","@id":"https:\/\/startercultures.eu\/nl\/#organization","name":"Startercultures.eu","url":"https:\/\/startercultures.eu\/nl\/","logo":{"@type":"ImageObject","inLanguage":"nl-NL","@id":"https:\/\/startercultures.eu\/nl\/#\/schema\/logo\/image\/","url":"https:\/\/startercultures.eu\/wp-content\/uploads\/2020\/08\/startercultures-eu-nl-logo-rond-rgb.png","contentUrl":"https:\/\/startercultures.eu\/wp-content\/uploads\/2020\/08\/startercultures-eu-nl-logo-rond-rgb.png","width":320,"height":320,"caption":"Startercultures.eu"},"image":{"@id":"https:\/\/startercultures.eu\/nl\/#\/schema\/logo\/image\/"},"sameAs":["https:\/\/www.facebook.com\/startercultureseu","https:\/\/www.instagram.com\/startercultures.eu\/"]}]},"product_price_amount":"7.99","product_price_currency":"EUR","og_availability":"instock","product_availability":"instock","product_retailer_item_id":"2","product_condition":"new"},"_links":{"self":[{"href":"https:\/\/startercultures.eu\/nl\/wp-json\/wp\/v2\/product\/6129","targetHints":{"allow":["GET"]}}],"collection":[{"href":"https:\/\/startercultures.eu\/nl\/wp-json\/wp\/v2\/product"}],"about":[{"href":"https:\/\/startercultures.eu\/nl\/wp-json\/wp\/v2\/types\/product"}],"replies":[{"embeddable":true,"href":"https:\/\/startercultures.eu\/nl\/wp-json\/wp\/v2\/comments?post=6129"}],"version-history":[{"count":6,"href":"https:\/\/startercultures.eu\/nl\/wp-json\/wp\/v2\/product\/6129\/revisions"}],"predecessor-version":[{"id":81538,"href":"https:\/\/startercultures.eu\/nl\/wp-json\/wp\/v2\/product\/6129\/revisions\/81538"}],"wp:featuredmedia":[{"embeddable":true,"href":"https:\/\/startercultures.eu\/nl\/wp-json\/wp\/v2\/media\/37434"}],"wp:attachment":[{"href":"https:\/\/startercultures.eu\/nl\/wp-json\/wp\/v2\/media?parent=6129"}],"wp:term":[{"taxonomy":"product_brand","embeddable":true,"href":"https:\/\/startercultures.eu\/nl\/wp-json\/wp\/v2\/product_brand?post=6129"},{"taxonomy":"product_cat","embeddable":true,"href":"https:\/\/startercultures.eu\/nl\/wp-json\/wp\/v2\/product_cat?post=6129"},{"taxonomy":"product_tag","embeddable":true,"href":"https:\/\/startercultures.eu\/nl\/wp-json\/wp\/v2\/product_tag?post=6129"}],"curies":[{"name":"wp","href":"https:\/\/api.w.org\/{rel}","templated":true}]}}