{"id":6140,"date":"2020-07-31T16:28:21","date_gmt":"2020-07-31T16:28:21","guid":{"rendered":"http:\/\/starterculturen.com\/?post_type=product&#038;p=6140"},"modified":"2026-04-13T10:39:54","modified_gmt":"2026-04-13T08:39:54","slug":"middelsnelle-starter-primal-sk-natur-nl","status":"publish","type":"product","link":"https:\/\/startercultures.eu\/nl\/product\/worst-en-vleeswaren-nl\/starterculturen-n\/bioprotectieve-starterculturen-nl\/middelsnelle-starter-primal-sk-natur-nl\/","title":{"rendered":"Middelsnelle starter Primal SK natur | voor droge worst"},"content":{"rendered":"<h3>Wat zijn starterculturen?<\/h3>\n<p>Starterculturen zijn gevriesdroogde bacteri\u00ebn die je gebruikt bij het zelf maken van droge worsten zoals Friese droge worst, Drentse kosterworst, Groninger kruidnagelworst, chorizo, fuet, salami en talloze andere droge worsten. Ze zorgen voor veiligheid doordat ze je worst verzuren, en geven de kenmerkende gerijpte smaak aan je worst. Je gebruikt ze altijd samen met <a href=\"https:\/\/startercultures.eu\/nl\/product-category\/worst-en-vleeswaren-nl\/hulpstoffen-nl\/\" target=\"_blank\" rel=\"noopener noreferrer\">nitrietpekelzout, dextrose en soms salpeter.<\/a><\/p>\n<h3>Over de middelsnelle startercultuur Primal SK Natur<\/h3>\n<p>Allround startercultuur. Meest geschikt voor middelsnelle en snelle fermentatie, maar met een milde verzuring en aroma. De aanwezigheid van <a href=\"https:\/\/en.wikipedia.org\/wiki\/Lactobacillus_sakei\" target=\"_blank\" rel=\"noopener\"><em>L. sakei<\/em> <\/a>in de starter zorgt voor een krachtige bescherming tegen pathogenen.<\/p>\n<h3>Op zoek naar Bactoferm F-RM-52?<\/h3>\n<p>Bactoferm F-RM-52 is een startercultuur die alleen geproduceerd wordt voor de Noord-Amerikaanse markt. In Europa is hij dus niet te krijgen. Gebruik in plaats daarvan deze Primal SK natur. Het bevat dezelfde micro-organismen.<\/p>\n<h3>Inhoud<\/h3>\n<ul>\n<li>25 gram<\/li>\n<li>Geschikt voor 50 kg vlees<\/li>\n<li>Dosering: 0,5 gram per kilo<\/li>\n<li>Bacteri\u00ebn: <em>L. sakei, S. carnosus<\/em><\/li>\n<li>Fermentatie instructie: ca. 48 uur bij 24 \u00b0C<\/li>\n<li>Let op: bewaar in de diepvries, maar korte onderbrekingen van het vriezen be\u00efnvloeden de kwaliteit niet.<\/li>\n<li>Altijd te combineren met\u00a0<a href=\"https:\/\/startercultures.eu\/nl\/product-category\/worst-en-vleeswaren-nl\/hulpstoffen-nl\/\">nitrietpekelzout, dextrose en optioneel met kaliumnitraat\/salpeter<\/a><\/li>\n<\/ul>\n<h3 data-fontsize=\"21\" data-lineheight=\"27.3px\">Middelsnelle startercultuur Primal SK Naturkopen?<\/h3>\n<p>Je bestelt de middelsnelle starter Primal SK natur bij starterculturen.nl, d\u00e9 webwinkel voor al je charcuterie, pat\u00e9 en worstingredi\u00ebnten. Van Meneer Wateetons de auteur van de standaardwerken <a href=\"https:\/\/startercultures.eu\/nl\/product-category\/boeken\/\" target=\"_blank\" rel=\"noopener noreferrer\">De Worstbijbel (2018) en Over Charcuterie (2019)<\/a> Op werkdagen voor 15:00 besteld, dezelfde dag verzonden.\u00a0 Vragen over het gebruik van de middelsnelle startercultuur Primal SK Natur? Stel ze via de chatfunctie. We komen er altijd uit.<\/p>\n<h3 class=\"fusion-responsive-typography-calculated\" data-fontsize=\"21\" data-lineheight=\"27.3px\">Meer leren?<\/h3>\n<ul>\n<li>Lees voor je je eigen droge worst gaat maken <a href=\"https:\/\/startercultures.eu\/nl\/product\/boeken\/worstbijbel-2018-nl\/\" target=\"_blank\" rel=\"noopener noreferrer\" data-cke-saved-href=\"https:\/\/www.starterculturen.nl\/c-4266253\/boeken\/\">De Worstbijbel (2018).\u00a0<\/a><\/li>\n<\/ul>\n<h3>Thuis droge worsten maken: stap voor stap<\/h3>\n<p>Iedereen houdt van droge worst. Een pittige chorizo, een mooie salami of harde Drentse kosterworst, allemaal zijn ze verrukkelijk. Droge worst maken is een klassieke vlees conserveringstechniek die gebruik maakt van zout, kruiden, fermentatie en tijd om heerlijke \u00e9n lang houdbare worsten te maken die barsten van de intense smaken. <a href=\"https:\/\/startercultures.eu\/nl\/thuis-droge-worsten-maken-stap-voor-stap\/\" target=\"_blank\" rel=\"noopener\">In dit stappenplan<\/a> nemen we je mee in het proces om zelf thuis droge worst te maken. Stappen, ingredi\u00ebnten, veiligheidsmaatregelen. Alles komt langs. Inclusief een recept voor onze favoriete droge venkelworst!<\/p>\n<h3><a href=\"https:\/\/startercultures.eu\/nl\/product\/worst-en-vleeswaren-nl\/online-on-demand-workshop-maak-je-eigen-droge-worst\/\" target=\"_blank\" rel=\"noopener\"><img decoding=\"async\" class=\"lazyload wp-image-76194 alignright\" src=\"https:\/\/startercultures.eu\/wp-content\/uploads\/2020\/12\/DROGE-WORST-300x300.png\" data-orig-src=\"https:\/\/startercultures.eu\/wp-content\/uploads\/2020\/12\/DROGE-WORST-300x300.png\" alt=\"\" width=\"109\" height=\"109\" srcset=\"data:image\/svg+xml,%3Csvg%20xmlns%3D%27http%3A%2F%2Fwww.w3.org%2F2000%2Fsvg%27%20width%3D%27109%27%20height%3D%27109%27%20viewBox%3D%270%200%20109%20109%27%3E%3Crect%20width%3D%27109%27%20height%3D%27109%27%20fill-opacity%3D%220%22%2F%3E%3C%2Fsvg%3E\" data-srcset=\"https:\/\/startercultures.eu\/wp-content\/uploads\/2020\/12\/DROGE-WORST-66x66.png 66w, https:\/\/startercultures.eu\/wp-content\/uploads\/2020\/12\/DROGE-WORST-100x100.png 100w, https:\/\/startercultures.eu\/wp-content\/uploads\/2020\/12\/DROGE-WORST-150x150.png 150w, https:\/\/startercultures.eu\/wp-content\/uploads\/2020\/12\/DROGE-WORST-200x200.png 200w, https:\/\/startercultures.eu\/wp-content\/uploads\/2020\/12\/DROGE-WORST-300x300.png 300w, https:\/\/startercultures.eu\/wp-content\/uploads\/2020\/12\/DROGE-WORST-400x400.png 400w, https:\/\/startercultures.eu\/wp-content\/uploads\/2020\/12\/DROGE-WORST-500x500.png 500w, https:\/\/startercultures.eu\/wp-content\/uploads\/2020\/12\/DROGE-WORST-600x600.png 600w, https:\/\/startercultures.eu\/wp-content\/uploads\/2020\/12\/DROGE-WORST-700x700.png 700w, https:\/\/startercultures.eu\/wp-content\/uploads\/2020\/12\/DROGE-WORST-768x768.png 768w, https:\/\/startercultures.eu\/wp-content\/uploads\/2020\/12\/DROGE-WORST-800x800.png 800w, https:\/\/startercultures.eu\/wp-content\/uploads\/2020\/12\/DROGE-WORST.png 1000w\" data-sizes=\"auto\" data-orig-sizes=\"(max-width: 109px) 100vw, 109px\" \/><\/a>Online cursus &#8216;maak je eigen droge worst&#8217;<\/h3>\n<p>Verse worst maken is leuk, maar de ware uitdaging van het worstmakersvak is het cre\u00ebren van je eigen droge worst. Wat deze worsten onderscheidt van de verse braadworst is dat ze gefermenteerd\/gerijpt en in de meeste gevallen gedroogd zijn. Dat kun je in \u00e9\u00e9n avond en ook uitstekend <a href=\"https:\/\/startercultures.eu\/nl\/product\/worst-en-vleeswaren-nl\/online-on-demand-workshop-maak-je-eigen-droge-worst\/\" target=\"_blank\" rel=\"noopener\">online leren<\/a> van d\u00e9 expert op dit gebied: Meneer Wateetons, auteur van de Worstbijbel (2018). Kijk <a href=\"https:\/\/startercultures.eu\/nl\/product\/worst-en-vleeswaren-nl\/online-on-demand-workshop-maak-je-eigen-droge-worst\/\" target=\"_blank\" rel=\"noopener\">hier<\/a> voor meer info.<\/p>\n","protected":false},"excerpt":{"rendered":"<p>Middelsnelle startercultuur voor droge worst. Allround startercultuur. Meest geschikt voor middelsnelle en snelle fermentaties, harmonieus aroma. Kan als vervanger dienen voor Bactoferm F-RM-52.<\/p>\n","protected":false},"featured_media":14322,"comment_status":"open","ping_status":"closed","template":"","meta":{"_acf_changed":false,"footnotes":""},"product_brand":[],"product_cat":[84,56],"product_tag":[],"class_list":{"0":"post-6140","1":"product","2":"type-product","3":"status-publish","4":"has-post-thumbnail","6":"product_cat-bioprotectieve-starterculturen-nl","7":"product_cat-middelsnelle-culturen-nl","8":"pa_ean-8720297620430-nl","10":"first","11":"instock","12":"taxable","13":"shipping-taxable","14":"purchasable","15":"product-type-simple"},"acf":[],"yoast_head":"<!-- This site is optimized with the Yoast SEO plugin v26.6 - https:\/\/yoast.com\/wordpress\/plugins\/seo\/ -->\n<title>Middelsnelle startercultuur Primal SK Natur | starterculturen.nl<\/title>\n<meta name=\"description\" content=\"Koop hier de middelsnelle startercultuur Primal SK Natur. Meest geschikt voor middelsnelle fermentaties. V\u00f3\u00f3r 15:00 besteld, morgen in huis!\" \/>\n<meta name=\"robots\" content=\"index, follow, max-snippet:-1, max-image-preview:large, max-video-preview:-1\" \/>\n<link rel=\"canonical\" href=\"https:\/\/startercultures.eu\/nl\/product\/worst-en-vleeswaren-nl\/starterculturen-n\/bioprotectieve-starterculturen-nl\/middelsnelle-starter-primal-sk-natur-nl\/\" \/>\n<meta property=\"og:locale\" content=\"nl_NL\" \/>\n<meta property=\"og:type\" content=\"article\" \/>\n<meta property=\"og:title\" content=\"Middelsnelle startercultuur Primal SK Natur | starterculturen.nl\" \/>\n<meta property=\"og:description\" content=\"Koop hier de middelsnelle startercultuur Primal SK Natur. Meest geschikt voor middelsnelle fermentaties. V\u00f3\u00f3r 15:00 besteld, morgen in huis!\" \/>\n<meta property=\"og:url\" content=\"https:\/\/startercultures.eu\/nl\/product\/worst-en-vleeswaren-nl\/starterculturen-n\/bioprotectieve-starterculturen-nl\/middelsnelle-starter-primal-sk-natur-nl\/\" \/>\n<meta property=\"og:site_name\" content=\"Startercultures.eu\" \/>\n<meta property=\"article:publisher\" content=\"https:\/\/www.facebook.com\/startercultureseu\" \/>\n<meta property=\"article:modified_time\" content=\"2026-04-13T08:39:54+00:00\" \/>\n<meta property=\"og:image\" content=\"https:\/\/startercultures.eu\/wp-content\/uploads\/2020\/07\/Primal-SK-natur.png\" \/>\n\t<meta property=\"og:image:width\" content=\"750\" \/>\n\t<meta property=\"og:image:height\" content=\"626\" \/>\n\t<meta property=\"og:image:type\" content=\"image\/png\" \/>\n<meta name=\"twitter:card\" content=\"summary_large_image\" \/>\n<meta name=\"twitter:label1\" content=\"Price\" \/>\n\t<meta name=\"twitter:data1\" content=\"&euro;14,99\" \/>\n\t<meta name=\"twitter:label2\" content=\"Availability\" \/>\n\t<meta name=\"twitter:data2\" content=\"Op voorraad\" \/>\n<script type=\"application\/ld+json\" class=\"yoast-schema-graph\">{\"@context\":\"https:\/\/schema.org\",\"@graph\":[{\"@type\":\"WebPage\",\"@id\":\"https:\/\/startercultures.eu\/nl\/product\/worst-en-vleeswaren-nl\/starterculturen-n\/bioprotectieve-starterculturen-nl\/middelsnelle-starter-primal-sk-natur-nl\/\",\"url\":\"https:\/\/startercultures.eu\/nl\/product\/worst-en-vleeswaren-nl\/starterculturen-n\/bioprotectieve-starterculturen-nl\/middelsnelle-starter-primal-sk-natur-nl\/\",\"name\":\"Middelsnelle startercultuur Primal SK Natur | starterculturen.nl\",\"isPartOf\":{\"@id\":\"https:\/\/startercultures.eu\/nl\/#website\"},\"primaryImageOfPage\":{\"@id\":\"https:\/\/startercultures.eu\/nl\/product\/worst-en-vleeswaren-nl\/starterculturen-n\/bioprotectieve-starterculturen-nl\/middelsnelle-starter-primal-sk-natur-nl\/#primaryimage\"},\"image\":{\"@id\":\"https:\/\/startercultures.eu\/nl\/product\/worst-en-vleeswaren-nl\/starterculturen-n\/bioprotectieve-starterculturen-nl\/middelsnelle-starter-primal-sk-natur-nl\/#primaryimage\"},\"thumbnailUrl\":\"https:\/\/startercultures.eu\/wp-content\/uploads\/2020\/07\/Primal-SK-natur.png\",\"datePublished\":\"2020-07-31T16:28:21+00:00\",\"dateModified\":\"2026-04-13T08:39:54+00:00\",\"description\":\"Koop hier de middelsnelle startercultuur Primal SK Natur. Meest geschikt voor middelsnelle fermentaties. V\u00f3\u00f3r 15:00 besteld, morgen in huis!\",\"breadcrumb\":{\"@id\":\"https:\/\/startercultures.eu\/nl\/product\/worst-en-vleeswaren-nl\/starterculturen-n\/bioprotectieve-starterculturen-nl\/middelsnelle-starter-primal-sk-natur-nl\/#breadcrumb\"},\"inLanguage\":\"nl-NL\",\"potentialAction\":[{\"@type\":\"ReadAction\",\"target\":[\"https:\/\/startercultures.eu\/nl\/product\/worst-en-vleeswaren-nl\/starterculturen-n\/bioprotectieve-starterculturen-nl\/middelsnelle-starter-primal-sk-natur-nl\/\"]}]},{\"@type\":\"ImageObject\",\"inLanguage\":\"nl-NL\",\"@id\":\"https:\/\/startercultures.eu\/nl\/product\/worst-en-vleeswaren-nl\/starterculturen-n\/bioprotectieve-starterculturen-nl\/middelsnelle-starter-primal-sk-natur-nl\/#primaryimage\",\"url\":\"https:\/\/startercultures.eu\/wp-content\/uploads\/2020\/07\/Primal-SK-natur.png\",\"contentUrl\":\"https:\/\/startercultures.eu\/wp-content\/uploads\/2020\/07\/Primal-SK-natur.png\",\"width\":750,\"height\":626,\"caption\":\"Primal SK natur\"},{\"@type\":\"BreadcrumbList\",\"@id\":\"https:\/\/startercultures.eu\/nl\/product\/worst-en-vleeswaren-nl\/starterculturen-n\/bioprotectieve-starterculturen-nl\/middelsnelle-starter-primal-sk-natur-nl\/#breadcrumb\",\"itemListElement\":[{\"@type\":\"ListItem\",\"position\":1,\"name\":\"Home\",\"item\":\"https:\/\/startercultures.eu\/nl\/\"},{\"@type\":\"ListItem\",\"position\":2,\"name\":\"Winkel\",\"item\":\"https:\/\/startercultures.eu\/nl\/winkel\/\"},{\"@type\":\"ListItem\",\"position\":3,\"name\":\"Middelsnelle starter Primal SK natur | voor droge worst\"}]},{\"@type\":\"WebSite\",\"@id\":\"https:\/\/startercultures.eu\/nl\/#website\",\"url\":\"https:\/\/startercultures.eu\/nl\/\",\"name\":\"Startercultures.eu\",\"description\":\"Startercultures.eu\",\"publisher\":{\"@id\":\"https:\/\/startercultures.eu\/nl\/#organization\"},\"potentialAction\":[{\"@type\":\"SearchAction\",\"target\":{\"@type\":\"EntryPoint\",\"urlTemplate\":\"https:\/\/startercultures.eu\/nl\/?s={search_term_string}\"},\"query-input\":{\"@type\":\"PropertyValueSpecification\",\"valueRequired\":true,\"valueName\":\"search_term_string\"}}],\"inLanguage\":\"nl-NL\"},{\"@type\":\"Organization\",\"@id\":\"https:\/\/startercultures.eu\/nl\/#organization\",\"name\":\"Startercultures.eu\",\"url\":\"https:\/\/startercultures.eu\/nl\/\",\"logo\":{\"@type\":\"ImageObject\",\"inLanguage\":\"nl-NL\",\"@id\":\"https:\/\/startercultures.eu\/nl\/#\/schema\/logo\/image\/\",\"url\":\"https:\/\/startercultures.eu\/wp-content\/uploads\/2020\/08\/startercultures-eu-nl-logo-rond-rgb.png\",\"contentUrl\":\"https:\/\/startercultures.eu\/wp-content\/uploads\/2020\/08\/startercultures-eu-nl-logo-rond-rgb.png\",\"width\":320,\"height\":320,\"caption\":\"Startercultures.eu\"},\"image\":{\"@id\":\"https:\/\/startercultures.eu\/nl\/#\/schema\/logo\/image\/\"},\"sameAs\":[\"https:\/\/www.facebook.com\/startercultureseu\",\"https:\/\/www.instagram.com\/startercultures.eu\/\"]}]}<\/script>\n<meta property=\"product:price:amount\" content=\"14.99\" \/>\n<meta property=\"product:price:currency\" content=\"EUR\" \/>\n<meta property=\"og:availability\" content=\"instock\" \/>\n<meta property=\"product:availability\" content=\"instock\" \/>\n<meta property=\"product:retailer_item_id\" content=\"22\" \/>\n<meta property=\"product:condition\" content=\"new\" \/>\n<!-- \/ Yoast SEO plugin. -->","yoast_head_json":{"title":"Middelsnelle startercultuur Primal SK Natur | starterculturen.nl","description":"Koop hier de middelsnelle startercultuur Primal SK Natur. Meest geschikt voor middelsnelle fermentaties. V\u00f3\u00f3r 15:00 besteld, morgen in huis!","robots":{"index":"index","follow":"follow","max-snippet":"max-snippet:-1","max-image-preview":"max-image-preview:large","max-video-preview":"max-video-preview:-1"},"canonical":"https:\/\/startercultures.eu\/nl\/product\/worst-en-vleeswaren-nl\/starterculturen-n\/bioprotectieve-starterculturen-nl\/middelsnelle-starter-primal-sk-natur-nl\/","og_locale":"nl_NL","og_type":"article","og_title":"Middelsnelle startercultuur Primal SK Natur | starterculturen.nl","og_description":"Koop hier de middelsnelle startercultuur Primal SK Natur. Meest geschikt voor middelsnelle fermentaties. V\u00f3\u00f3r 15:00 besteld, morgen in huis!","og_url":"https:\/\/startercultures.eu\/nl\/product\/worst-en-vleeswaren-nl\/starterculturen-n\/bioprotectieve-starterculturen-nl\/middelsnelle-starter-primal-sk-natur-nl\/","og_site_name":"Startercultures.eu","article_publisher":"https:\/\/www.facebook.com\/startercultureseu","article_modified_time":"2026-04-13T08:39:54+00:00","og_image":[{"width":750,"height":626,"url":"https:\/\/startercultures.eu\/wp-content\/uploads\/2020\/07\/Primal-SK-natur.png","type":"image\/png"}],"twitter_card":"summary_large_image","twitter_misc":{"Price":"&euro;14,99","Availability":"Op voorraad"},"schema":{"@context":"https:\/\/schema.org","@graph":[{"@type":"WebPage","@id":"https:\/\/startercultures.eu\/nl\/product\/worst-en-vleeswaren-nl\/starterculturen-n\/bioprotectieve-starterculturen-nl\/middelsnelle-starter-primal-sk-natur-nl\/","url":"https:\/\/startercultures.eu\/nl\/product\/worst-en-vleeswaren-nl\/starterculturen-n\/bioprotectieve-starterculturen-nl\/middelsnelle-starter-primal-sk-natur-nl\/","name":"Middelsnelle startercultuur Primal SK Natur | starterculturen.nl","isPartOf":{"@id":"https:\/\/startercultures.eu\/nl\/#website"},"primaryImageOfPage":{"@id":"https:\/\/startercultures.eu\/nl\/product\/worst-en-vleeswaren-nl\/starterculturen-n\/bioprotectieve-starterculturen-nl\/middelsnelle-starter-primal-sk-natur-nl\/#primaryimage"},"image":{"@id":"https:\/\/startercultures.eu\/nl\/product\/worst-en-vleeswaren-nl\/starterculturen-n\/bioprotectieve-starterculturen-nl\/middelsnelle-starter-primal-sk-natur-nl\/#primaryimage"},"thumbnailUrl":"https:\/\/startercultures.eu\/wp-content\/uploads\/2020\/07\/Primal-SK-natur.png","datePublished":"2020-07-31T16:28:21+00:00","dateModified":"2026-04-13T08:39:54+00:00","description":"Koop hier de middelsnelle startercultuur Primal SK Natur. Meest geschikt voor middelsnelle fermentaties. V\u00f3\u00f3r 15:00 besteld, morgen in huis!","breadcrumb":{"@id":"https:\/\/startercultures.eu\/nl\/product\/worst-en-vleeswaren-nl\/starterculturen-n\/bioprotectieve-starterculturen-nl\/middelsnelle-starter-primal-sk-natur-nl\/#breadcrumb"},"inLanguage":"nl-NL","potentialAction":[{"@type":"ReadAction","target":["https:\/\/startercultures.eu\/nl\/product\/worst-en-vleeswaren-nl\/starterculturen-n\/bioprotectieve-starterculturen-nl\/middelsnelle-starter-primal-sk-natur-nl\/"]}]},{"@type":"ImageObject","inLanguage":"nl-NL","@id":"https:\/\/startercultures.eu\/nl\/product\/worst-en-vleeswaren-nl\/starterculturen-n\/bioprotectieve-starterculturen-nl\/middelsnelle-starter-primal-sk-natur-nl\/#primaryimage","url":"https:\/\/startercultures.eu\/wp-content\/uploads\/2020\/07\/Primal-SK-natur.png","contentUrl":"https:\/\/startercultures.eu\/wp-content\/uploads\/2020\/07\/Primal-SK-natur.png","width":750,"height":626,"caption":"Primal SK natur"},{"@type":"BreadcrumbList","@id":"https:\/\/startercultures.eu\/nl\/product\/worst-en-vleeswaren-nl\/starterculturen-n\/bioprotectieve-starterculturen-nl\/middelsnelle-starter-primal-sk-natur-nl\/#breadcrumb","itemListElement":[{"@type":"ListItem","position":1,"name":"Home","item":"https:\/\/startercultures.eu\/nl\/"},{"@type":"ListItem","position":2,"name":"Winkel","item":"https:\/\/startercultures.eu\/nl\/winkel\/"},{"@type":"ListItem","position":3,"name":"Middelsnelle starter Primal SK natur | voor droge worst"}]},{"@type":"WebSite","@id":"https:\/\/startercultures.eu\/nl\/#website","url":"https:\/\/startercultures.eu\/nl\/","name":"Startercultures.eu","description":"Startercultures.eu","publisher":{"@id":"https:\/\/startercultures.eu\/nl\/#organization"},"potentialAction":[{"@type":"SearchAction","target":{"@type":"EntryPoint","urlTemplate":"https:\/\/startercultures.eu\/nl\/?s={search_term_string}"},"query-input":{"@type":"PropertyValueSpecification","valueRequired":true,"valueName":"search_term_string"}}],"inLanguage":"nl-NL"},{"@type":"Organization","@id":"https:\/\/startercultures.eu\/nl\/#organization","name":"Startercultures.eu","url":"https:\/\/startercultures.eu\/nl\/","logo":{"@type":"ImageObject","inLanguage":"nl-NL","@id":"https:\/\/startercultures.eu\/nl\/#\/schema\/logo\/image\/","url":"https:\/\/startercultures.eu\/wp-content\/uploads\/2020\/08\/startercultures-eu-nl-logo-rond-rgb.png","contentUrl":"https:\/\/startercultures.eu\/wp-content\/uploads\/2020\/08\/startercultures-eu-nl-logo-rond-rgb.png","width":320,"height":320,"caption":"Startercultures.eu"},"image":{"@id":"https:\/\/startercultures.eu\/nl\/#\/schema\/logo\/image\/"},"sameAs":["https:\/\/www.facebook.com\/startercultureseu","https:\/\/www.instagram.com\/startercultures.eu\/"]}]},"product_price_amount":"14.99","product_price_currency":"EUR","og_availability":"instock","product_availability":"instock","product_retailer_item_id":"22","product_condition":"new"},"_links":{"self":[{"href":"https:\/\/startercultures.eu\/nl\/wp-json\/wp\/v2\/product\/6140","targetHints":{"allow":["GET"]}}],"collection":[{"href":"https:\/\/startercultures.eu\/nl\/wp-json\/wp\/v2\/product"}],"about":[{"href":"https:\/\/startercultures.eu\/nl\/wp-json\/wp\/v2\/types\/product"}],"replies":[{"embeddable":true,"href":"https:\/\/startercultures.eu\/nl\/wp-json\/wp\/v2\/comments?post=6140"}],"version-history":[{"count":3,"href":"https:\/\/startercultures.eu\/nl\/wp-json\/wp\/v2\/product\/6140\/revisions"}],"predecessor-version":[{"id":76226,"href":"https:\/\/startercultures.eu\/nl\/wp-json\/wp\/v2\/product\/6140\/revisions\/76226"}],"wp:featuredmedia":[{"embeddable":true,"href":"https:\/\/startercultures.eu\/nl\/wp-json\/wp\/v2\/media\/14322"}],"wp:attachment":[{"href":"https:\/\/startercultures.eu\/nl\/wp-json\/wp\/v2\/media?parent=6140"}],"wp:term":[{"taxonomy":"product_brand","embeddable":true,"href":"https:\/\/startercultures.eu\/nl\/wp-json\/wp\/v2\/product_brand?post=6140"},{"taxonomy":"product_cat","embeddable":true,"href":"https:\/\/startercultures.eu\/nl\/wp-json\/wp\/v2\/product_cat?post=6140"},{"taxonomy":"product_tag","embeddable":true,"href":"https:\/\/startercultures.eu\/nl\/wp-json\/wp\/v2\/product_tag?post=6140"}],"curies":[{"name":"wp","href":"https:\/\/api.w.org\/{rel}","templated":true}]}}