{"id":6148,"date":"2020-07-31T16:28:29","date_gmt":"2020-07-31T14:28:29","guid":{"rendered":"http:\/\/starterculturen.com\/?post_type=product&#038;p=6148"},"modified":"2026-02-22T20:21:31","modified_gmt":"2026-02-22T19:21:31","slug":"middelsnelle-startercultuur-hela-germet-voor-droge-worst-nl","status":"publish","type":"product","link":"https:\/\/startercultures.eu\/nl\/product\/niet-meer-leverbaar\/middelsnelle-startercultuur-hela-germet-voor-droge-worst-nl\/","title":{"rendered":"Middelsnelle startercultuur Hela Germet | voor droge worst"},"content":{"rendered":"<p data-start=\"64\" data-end=\"175\">\ud83d\ude80 De <strong data-start=\"92\" data-end=\"135\">Middelsnelle startercultuur Hela Germet<\/strong> is vervangen door <a href=\"https:\/\/startercultures.eu\/nl\/product\/worst-en-vleeswaren-nl\/starterculturen-n\/bioprotectieve-starterculturen-nl\/middelsnelle-starter-primal-sk-natur-nl\/\"><strong data-start=\"154\" data-end=\"173\">Primal SK natur<\/strong><\/a><\/p>\n<p data-start=\"177\" data-end=\"331\">Snellere en betrouwbare fermentatie. Betere smaakontwikkeling. Meer consistente resultaten.<br data-start=\"268\" data-end=\"271\" \/>\ud83d\udc49 Ontdek nu de nieuwe <a href=\"https:\/\/startercultures.eu\/nl\/product\/worst-en-vleeswaren-nl\/starterculturen-n\/bioprotectieve-starterculturen-nl\/middelsnelle-starter-primal-sk-natur-nl\/\"><strong data-start=\"294\" data-end=\"313\">Primal SK natur<\/strong> <\/a>startercultuur \ud83e\udd69<\/p>\n<h3>Wat zijn starterculturen?<\/h3>\n<p>Starterculturen zijn gevriesdroogde bacteri\u00ebn die je gebruikt bij het zelf maken van droge worsten zoals Friese droge worst, Drentse kosterworst, Groninger kruidnagelworst, chorizo, fuet, salami en talloze andere droge worsten. Ze zorgen voor veiligheid doordat ze je worst verzuren, en geven de kenmerkende gerijpte smaak aan je worst. Je gebruikt ze altijd samen met <a href=\"https:\/\/startercultures.eu\/nl\/product-category\/worst-en-vleeswaren-nl\/hulpstoffen-nl\/\" target=\"_blank\" rel=\"noopener noreferrer\">nitrietpekelzout, dextrose en soms salpeter<\/a>. Hela germet is een middelsnelle tot trage startercultuur.<\/p>\n<h3>Over middelsnelle startercultuur Hela Germet<\/h3>\n<p>Middel-snelle tot langzame werking, bedoeld voor Noord-Europese en Zuid-Europese worsten. Voor droge worsten die karakter en smaak krijgen door een trage pH daling.<\/p>\n<h3>Inhoud<\/h3>\n<ul>\n<li>25 gram<\/li>\n<li>Geschikt voor 50 kg vlees.<\/li>\n<li>Dosering: 0,5 gram per kilo.<\/li>\n<li>Bacteri\u00ebn: <em>S. carnosus<\/em>, verscheidene andere niet vrijgegeven lactobacilli.<\/li>\n<li>Fermentatie instructie: ca. 48 uur bij 24 \u00b0C.<\/li>\n<li>Let op: bewaar in de diepvries, maar korte onderbrekingen van het vriezen be\u00efnvloeden de kwaliteit niet.<\/li>\n<li>Altijd te combineren met\u00a0<a href=\"https:\/\/startercultures.eu\/nl\/product-category\/worst-en-vleeswaren-nl\/hulpstoffen-nl\/\">nitrietpekelzout, dextrose en optioneel met kaliumnitraat\/salpeter<\/a><\/li>\n<\/ul>\n<h3 data-fontsize=\"21\" data-lineheight=\"27.3px\">Middelsnelle startercultuur Hela Germet kopen?<\/h3>\n<p>Je bestelt deze startercultuur bij starterculturen.nl, d\u00e9 webwinkel voor al je charcuterie, pat\u00e9 en worstingredi\u00ebnten. Van Meneer Wateetons de auteur van de standaardwerken <a href=\"https:\/\/startercultures.eu\/nl\/product-category\/boeken\/\" target=\"_blank\" rel=\"noopener noreferrer\">De Worstbijbel (2018) en Over Charcuterie (2019)<\/a> Op werkdagen voor 15:00 besteld, dezelfde dag verzonden.\u00a0 Vragen over het gebruik van deze startercultuur? Stel ze via de chatfunctie. We komen er altijd uit.<\/p>\n<h3 class=\"fusion-responsive-typography-calculated\" data-fontsize=\"21\" data-lineheight=\"27.3px\">Meer leren?<\/h3>\n<ul>\n<li>Lees voor je je eigen droge worst gaat maken <a href=\"https:\/\/startercultures.eu\/nl\/product\/boeken\/worstbijbel-2018-nl\/\" target=\"_blank\" rel=\"noopener noreferrer\" data-cke-saved-href=\"https:\/\/www.starterculturen.nl\/c-4266253\/boeken\/\">De Worstbijbel (2018).<\/a><\/li>\n<\/ul>\n<p>&nbsp;<\/p>\n<h3>Thuis droge worsten maken: stap voor stap<\/h3>\n<p>Iedereen houdt van droge worst. Een pittige chorizo, een mooie salami of harde Drentse kosterworst, allemaal zijn ze verrukkelijk. Droge worst maken is een klassieke vlees conserveringstechniek die gebruik maakt van zout, kruiden, fermentatie en tijd om heerlijke \u00e9n lang houdbare worsten te maken die barsten van de intense smaken. <a href=\"https:\/\/startercultures.eu\/nl\/thuis-droge-worsten-maken-stap-voor-stap\/\" target=\"_blank\" rel=\"noopener\">In dit stappenplan<\/a> nemen we je mee in het proces om zelf thuis droge worst te maken. Stappen, ingredi\u00ebnten, veiligheidsmaatregelen. Alles komt langs. Inclusief een recept voor onze favoriete droge venkelworst!<\/p>\n<h3><a href=\"https:\/\/startercultures.eu\/nl\/product\/worst-en-vleeswaren-nl\/online-on-demand-workshop-maak-je-eigen-droge-worst\/\" target=\"_blank\" rel=\"noopener\"><img decoding=\"async\" class=\"lazyload wp-image-76194 alignright\" src=\"https:\/\/startercultures.eu\/wp-content\/uploads\/2020\/12\/DROGE-WORST-300x300.png\" data-orig-src=\"https:\/\/startercultures.eu\/wp-content\/uploads\/2020\/12\/DROGE-WORST-300x300.png\" alt=\"\" width=\"109\" height=\"109\" srcset=\"data:image\/svg+xml,%3Csvg%20xmlns%3D%27http%3A%2F%2Fwww.w3.org%2F2000%2Fsvg%27%20width%3D%27109%27%20height%3D%27109%27%20viewBox%3D%270%200%20109%20109%27%3E%3Crect%20width%3D%27109%27%20height%3D%27109%27%20fill-opacity%3D%220%22%2F%3E%3C%2Fsvg%3E\" data-srcset=\"https:\/\/startercultures.eu\/wp-content\/uploads\/2020\/12\/DROGE-WORST-66x66.png 66w, https:\/\/startercultures.eu\/wp-content\/uploads\/2020\/12\/DROGE-WORST-100x100.png 100w, https:\/\/startercultures.eu\/wp-content\/uploads\/2020\/12\/DROGE-WORST-150x150.png 150w, https:\/\/startercultures.eu\/wp-content\/uploads\/2020\/12\/DROGE-WORST-200x200.png 200w, https:\/\/startercultures.eu\/wp-content\/uploads\/2020\/12\/DROGE-WORST-300x300.png 300w, https:\/\/startercultures.eu\/wp-content\/uploads\/2020\/12\/DROGE-WORST-400x400.png 400w, https:\/\/startercultures.eu\/wp-content\/uploads\/2020\/12\/DROGE-WORST-500x500.png 500w, https:\/\/startercultures.eu\/wp-content\/uploads\/2020\/12\/DROGE-WORST-600x600.png 600w, https:\/\/startercultures.eu\/wp-content\/uploads\/2020\/12\/DROGE-WORST-700x700.png 700w, https:\/\/startercultures.eu\/wp-content\/uploads\/2020\/12\/DROGE-WORST-768x768.png 768w, https:\/\/startercultures.eu\/wp-content\/uploads\/2020\/12\/DROGE-WORST-800x800.png 800w, https:\/\/startercultures.eu\/wp-content\/uploads\/2020\/12\/DROGE-WORST.png 1000w\" data-sizes=\"auto\" data-orig-sizes=\"(max-width: 109px) 100vw, 109px\" \/><\/a>Online cursus &#8216;maak je eigen droge worst&#8217;<\/h3>\n<p>Verse worst maken is leuk, maar de ware uitdaging van het worstmakersvak is het cre\u00ebren van je eigen droge worst. Wat deze worsten onderscheidt van de verse braadworst is dat ze gefermenteerd\/gerijpt en in de meeste gevallen gedroogd zijn. Dat kun je in \u00e9\u00e9n avond en ook uitstekend <a href=\"https:\/\/startercultures.eu\/nl\/product\/worst-en-vleeswaren-nl\/online-on-demand-workshop-maak-je-eigen-droge-worst\/\" target=\"_blank\" rel=\"noopener\">online leren<\/a> van d\u00e9 expert op dit gebied: Meneer Wateetons, auteur van de Worstbijbel (2018). Kijk <a href=\"https:\/\/startercultures.eu\/nl\/product\/worst-en-vleeswaren-nl\/online-on-demand-workshop-maak-je-eigen-droge-worst\/\" target=\"_blank\" rel=\"noopener\">hier<\/a> voor meer info.<\/p>\n","protected":false},"excerpt":{"rendered":"<p>Middelsnelle startercultuur Hela Germet voor droge worst is een middel-snelle tot langzame startercultuur, bedoeld voor Noord-Europese en Zuid-Europese worsten.<\/p>\n","protected":false},"featured_media":14359,"comment_status":"open","ping_status":"closed","template":"","meta":{"_acf_changed":false,"footnotes":""},"product_brand":[],"product_cat":[988],"product_tag":[],"class_list":{"0":"post-6148","1":"product","2":"type-product","3":"status-publish","4":"has-post-thumbnail","6":"product_cat-niet-meer-leverbaar","7":"pa_ean-8720297620355-nl","9":"first","10":"outofstock","11":"taxable","12":"shipping-taxable","13":"purchasable","14":"product-type-simple"},"acf":[],"yoast_head":"<!-- This site is optimized with the Yoast SEO plugin v26.6 - https:\/\/yoast.com\/wordpress\/plugins\/seo\/ -->\n<title>Middelsnelle startercultuur Hela Germet | starterculturen.nl<\/title>\n<meta name=\"description\" content=\"Bestel hier de middelsnelle startercultuur Hela Germet voor zelf maken van droge worsten. V\u00f3\u00f3r 15:00 besteld, morgen in huis!\" \/>\n<meta name=\"robots\" content=\"index, follow, max-snippet:-1, max-image-preview:large, max-video-preview:-1\" \/>\n<link rel=\"canonical\" href=\"https:\/\/startercultures.eu\/nl\/product\/niet-meer-leverbaar\/middelsnelle-startercultuur-hela-germet-voor-droge-worst-nl\/\" \/>\n<meta property=\"og:locale\" content=\"nl_NL\" \/>\n<meta property=\"og:type\" content=\"article\" \/>\n<meta property=\"og:title\" content=\"Middelsnelle startercultuur Hela Germet | starterculturen.nl\" \/>\n<meta property=\"og:description\" content=\"Bestel hier de middelsnelle startercultuur Hela Germet voor zelf maken van droge worsten. V\u00f3\u00f3r 15:00 besteld, morgen in huis!\" \/>\n<meta property=\"og:url\" content=\"https:\/\/startercultures.eu\/nl\/product\/niet-meer-leverbaar\/middelsnelle-startercultuur-hela-germet-voor-droge-worst-nl\/\" \/>\n<meta property=\"og:site_name\" content=\"Startercultures.eu\" \/>\n<meta property=\"article:publisher\" content=\"https:\/\/www.facebook.com\/startercultureseu\" \/>\n<meta property=\"article:modified_time\" content=\"2026-02-22T19:21:31+00:00\" \/>\n<meta property=\"og:image\" content=\"https:\/\/startercultures.eu\/wp-content\/uploads\/2020\/07\/germet.png\" \/>\n\t<meta property=\"og:image:width\" content=\"450\" \/>\n\t<meta property=\"og:image:height\" content=\"450\" \/>\n\t<meta property=\"og:image:type\" content=\"image\/png\" \/>\n<meta name=\"twitter:card\" content=\"summary_large_image\" \/>\n<meta name=\"twitter:label1\" content=\"Price\" \/>\n\t<meta name=\"twitter:data1\" content=\"&euro;19,99\" \/>\n\t<meta name=\"twitter:label2\" content=\"Availability\" \/>\n\t<meta name=\"twitter:data2\" content=\"tijdelijk uitverkocht\" \/>\n<script type=\"application\/ld+json\" class=\"yoast-schema-graph\">{\"@context\":\"https:\/\/schema.org\",\"@graph\":[{\"@type\":\"WebPage\",\"@id\":\"https:\/\/startercultures.eu\/nl\/product\/niet-meer-leverbaar\/middelsnelle-startercultuur-hela-germet-voor-droge-worst-nl\/\",\"url\":\"https:\/\/startercultures.eu\/nl\/product\/niet-meer-leverbaar\/middelsnelle-startercultuur-hela-germet-voor-droge-worst-nl\/\",\"name\":\"Middelsnelle startercultuur Hela Germet | starterculturen.nl\",\"isPartOf\":{\"@id\":\"https:\/\/startercultures.eu\/nl\/#website\"},\"primaryImageOfPage\":{\"@id\":\"https:\/\/startercultures.eu\/nl\/product\/niet-meer-leverbaar\/middelsnelle-startercultuur-hela-germet-voor-droge-worst-nl\/#primaryimage\"},\"image\":{\"@id\":\"https:\/\/startercultures.eu\/nl\/product\/niet-meer-leverbaar\/middelsnelle-startercultuur-hela-germet-voor-droge-worst-nl\/#primaryimage\"},\"thumbnailUrl\":\"https:\/\/startercultures.eu\/wp-content\/uploads\/2020\/07\/germet.png\",\"datePublished\":\"2020-07-31T14:28:29+00:00\",\"dateModified\":\"2026-02-22T19:21:31+00:00\",\"description\":\"Bestel hier de middelsnelle startercultuur Hela Germet voor zelf maken van droge worsten. V\u00f3\u00f3r 15:00 besteld, morgen in huis!\",\"breadcrumb\":{\"@id\":\"https:\/\/startercultures.eu\/nl\/product\/niet-meer-leverbaar\/middelsnelle-startercultuur-hela-germet-voor-droge-worst-nl\/#breadcrumb\"},\"inLanguage\":\"nl-NL\",\"potentialAction\":[{\"@type\":\"ReadAction\",\"target\":[\"https:\/\/startercultures.eu\/nl\/product\/niet-meer-leverbaar\/middelsnelle-startercultuur-hela-germet-voor-droge-worst-nl\/\"]}]},{\"@type\":\"ImageObject\",\"inLanguage\":\"nl-NL\",\"@id\":\"https:\/\/startercultures.eu\/nl\/product\/niet-meer-leverbaar\/middelsnelle-startercultuur-hela-germet-voor-droge-worst-nl\/#primaryimage\",\"url\":\"https:\/\/startercultures.eu\/wp-content\/uploads\/2020\/07\/germet.png\",\"contentUrl\":\"https:\/\/startercultures.eu\/wp-content\/uploads\/2020\/07\/germet.png\",\"width\":450,\"height\":450,\"caption\":\"germet\"},{\"@type\":\"BreadcrumbList\",\"@id\":\"https:\/\/startercultures.eu\/nl\/product\/niet-meer-leverbaar\/middelsnelle-startercultuur-hela-germet-voor-droge-worst-nl\/#breadcrumb\",\"itemListElement\":[{\"@type\":\"ListItem\",\"position\":1,\"name\":\"Home\",\"item\":\"https:\/\/startercultures.eu\/nl\/\"},{\"@type\":\"ListItem\",\"position\":2,\"name\":\"Winkel\",\"item\":\"https:\/\/startercultures.eu\/nl\/winkel\/\"},{\"@type\":\"ListItem\",\"position\":3,\"name\":\"Middelsnelle startercultuur Hela Germet | voor droge worst\"}]},{\"@type\":\"WebSite\",\"@id\":\"https:\/\/startercultures.eu\/nl\/#website\",\"url\":\"https:\/\/startercultures.eu\/nl\/\",\"name\":\"Startercultures.eu\",\"description\":\"Startercultures.eu\",\"publisher\":{\"@id\":\"https:\/\/startercultures.eu\/nl\/#organization\"},\"potentialAction\":[{\"@type\":\"SearchAction\",\"target\":{\"@type\":\"EntryPoint\",\"urlTemplate\":\"https:\/\/startercultures.eu\/nl\/?s={search_term_string}\"},\"query-input\":{\"@type\":\"PropertyValueSpecification\",\"valueRequired\":true,\"valueName\":\"search_term_string\"}}],\"inLanguage\":\"nl-NL\"},{\"@type\":\"Organization\",\"@id\":\"https:\/\/startercultures.eu\/nl\/#organization\",\"name\":\"Startercultures.eu\",\"url\":\"https:\/\/startercultures.eu\/nl\/\",\"logo\":{\"@type\":\"ImageObject\",\"inLanguage\":\"nl-NL\",\"@id\":\"https:\/\/startercultures.eu\/nl\/#\/schema\/logo\/image\/\",\"url\":\"https:\/\/startercultures.eu\/wp-content\/uploads\/2020\/08\/startercultures-eu-nl-logo-rond-rgb.png\",\"contentUrl\":\"https:\/\/startercultures.eu\/wp-content\/uploads\/2020\/08\/startercultures-eu-nl-logo-rond-rgb.png\",\"width\":320,\"height\":320,\"caption\":\"Startercultures.eu\"},\"image\":{\"@id\":\"https:\/\/startercultures.eu\/nl\/#\/schema\/logo\/image\/\"},\"sameAs\":[\"https:\/\/www.facebook.com\/startercultureseu\",\"https:\/\/www.instagram.com\/startercultures.eu\/\"]}]}<\/script>\n<meta property=\"product:price:amount\" content=\"19.99\" \/>\n<meta property=\"product:price:currency\" content=\"EUR\" \/>\n<meta property=\"og:availability\" content=\"out of stock\" \/>\n<meta property=\"product:availability\" content=\"out of stock\" \/>\n<meta property=\"product:retailer_item_id\" content=\"23\" \/>\n<meta property=\"product:condition\" content=\"new\" \/>\n<!-- \/ Yoast SEO plugin. -->","yoast_head_json":{"title":"Middelsnelle startercultuur Hela Germet | starterculturen.nl","description":"Bestel hier de middelsnelle startercultuur Hela Germet voor zelf maken van droge worsten. V\u00f3\u00f3r 15:00 besteld, morgen in huis!","robots":{"index":"index","follow":"follow","max-snippet":"max-snippet:-1","max-image-preview":"max-image-preview:large","max-video-preview":"max-video-preview:-1"},"canonical":"https:\/\/startercultures.eu\/nl\/product\/niet-meer-leverbaar\/middelsnelle-startercultuur-hela-germet-voor-droge-worst-nl\/","og_locale":"nl_NL","og_type":"article","og_title":"Middelsnelle startercultuur Hela Germet | starterculturen.nl","og_description":"Bestel hier de middelsnelle startercultuur Hela Germet voor zelf maken van droge worsten. V\u00f3\u00f3r 15:00 besteld, morgen in huis!","og_url":"https:\/\/startercultures.eu\/nl\/product\/niet-meer-leverbaar\/middelsnelle-startercultuur-hela-germet-voor-droge-worst-nl\/","og_site_name":"Startercultures.eu","article_publisher":"https:\/\/www.facebook.com\/startercultureseu","article_modified_time":"2026-02-22T19:21:31+00:00","og_image":[{"width":450,"height":450,"url":"https:\/\/startercultures.eu\/wp-content\/uploads\/2020\/07\/germet.png","type":"image\/png"}],"twitter_card":"summary_large_image","twitter_misc":{"Price":"&euro;19,99","Availability":"tijdelijk uitverkocht"},"schema":{"@context":"https:\/\/schema.org","@graph":[{"@type":"WebPage","@id":"https:\/\/startercultures.eu\/nl\/product\/niet-meer-leverbaar\/middelsnelle-startercultuur-hela-germet-voor-droge-worst-nl\/","url":"https:\/\/startercultures.eu\/nl\/product\/niet-meer-leverbaar\/middelsnelle-startercultuur-hela-germet-voor-droge-worst-nl\/","name":"Middelsnelle startercultuur Hela Germet | starterculturen.nl","isPartOf":{"@id":"https:\/\/startercultures.eu\/nl\/#website"},"primaryImageOfPage":{"@id":"https:\/\/startercultures.eu\/nl\/product\/niet-meer-leverbaar\/middelsnelle-startercultuur-hela-germet-voor-droge-worst-nl\/#primaryimage"},"image":{"@id":"https:\/\/startercultures.eu\/nl\/product\/niet-meer-leverbaar\/middelsnelle-startercultuur-hela-germet-voor-droge-worst-nl\/#primaryimage"},"thumbnailUrl":"https:\/\/startercultures.eu\/wp-content\/uploads\/2020\/07\/germet.png","datePublished":"2020-07-31T14:28:29+00:00","dateModified":"2026-02-22T19:21:31+00:00","description":"Bestel hier de middelsnelle startercultuur Hela Germet voor zelf maken van droge worsten. V\u00f3\u00f3r 15:00 besteld, morgen in huis!","breadcrumb":{"@id":"https:\/\/startercultures.eu\/nl\/product\/niet-meer-leverbaar\/middelsnelle-startercultuur-hela-germet-voor-droge-worst-nl\/#breadcrumb"},"inLanguage":"nl-NL","potentialAction":[{"@type":"ReadAction","target":["https:\/\/startercultures.eu\/nl\/product\/niet-meer-leverbaar\/middelsnelle-startercultuur-hela-germet-voor-droge-worst-nl\/"]}]},{"@type":"ImageObject","inLanguage":"nl-NL","@id":"https:\/\/startercultures.eu\/nl\/product\/niet-meer-leverbaar\/middelsnelle-startercultuur-hela-germet-voor-droge-worst-nl\/#primaryimage","url":"https:\/\/startercultures.eu\/wp-content\/uploads\/2020\/07\/germet.png","contentUrl":"https:\/\/startercultures.eu\/wp-content\/uploads\/2020\/07\/germet.png","width":450,"height":450,"caption":"germet"},{"@type":"BreadcrumbList","@id":"https:\/\/startercultures.eu\/nl\/product\/niet-meer-leverbaar\/middelsnelle-startercultuur-hela-germet-voor-droge-worst-nl\/#breadcrumb","itemListElement":[{"@type":"ListItem","position":1,"name":"Home","item":"https:\/\/startercultures.eu\/nl\/"},{"@type":"ListItem","position":2,"name":"Winkel","item":"https:\/\/startercultures.eu\/nl\/winkel\/"},{"@type":"ListItem","position":3,"name":"Middelsnelle startercultuur Hela Germet | voor droge worst"}]},{"@type":"WebSite","@id":"https:\/\/startercultures.eu\/nl\/#website","url":"https:\/\/startercultures.eu\/nl\/","name":"Startercultures.eu","description":"Startercultures.eu","publisher":{"@id":"https:\/\/startercultures.eu\/nl\/#organization"},"potentialAction":[{"@type":"SearchAction","target":{"@type":"EntryPoint","urlTemplate":"https:\/\/startercultures.eu\/nl\/?s={search_term_string}"},"query-input":{"@type":"PropertyValueSpecification","valueRequired":true,"valueName":"search_term_string"}}],"inLanguage":"nl-NL"},{"@type":"Organization","@id":"https:\/\/startercultures.eu\/nl\/#organization","name":"Startercultures.eu","url":"https:\/\/startercultures.eu\/nl\/","logo":{"@type":"ImageObject","inLanguage":"nl-NL","@id":"https:\/\/startercultures.eu\/nl\/#\/schema\/logo\/image\/","url":"https:\/\/startercultures.eu\/wp-content\/uploads\/2020\/08\/startercultures-eu-nl-logo-rond-rgb.png","contentUrl":"https:\/\/startercultures.eu\/wp-content\/uploads\/2020\/08\/startercultures-eu-nl-logo-rond-rgb.png","width":320,"height":320,"caption":"Startercultures.eu"},"image":{"@id":"https:\/\/startercultures.eu\/nl\/#\/schema\/logo\/image\/"},"sameAs":["https:\/\/www.facebook.com\/startercultureseu","https:\/\/www.instagram.com\/startercultures.eu\/"]}]},"product_price_amount":"19.99","product_price_currency":"EUR","og_availability":"out of stock","product_availability":"out of stock","product_retailer_item_id":"23","product_condition":"new"},"_links":{"self":[{"href":"https:\/\/startercultures.eu\/nl\/wp-json\/wp\/v2\/product\/6148","targetHints":{"allow":["GET"]}}],"collection":[{"href":"https:\/\/startercultures.eu\/nl\/wp-json\/wp\/v2\/product"}],"about":[{"href":"https:\/\/startercultures.eu\/nl\/wp-json\/wp\/v2\/types\/product"}],"replies":[{"embeddable":true,"href":"https:\/\/startercultures.eu\/nl\/wp-json\/wp\/v2\/comments?post=6148"}],"version-history":[{"count":5,"href":"https:\/\/startercultures.eu\/nl\/wp-json\/wp\/v2\/product\/6148\/revisions"}],"predecessor-version":[{"id":83170,"href":"https:\/\/startercultures.eu\/nl\/wp-json\/wp\/v2\/product\/6148\/revisions\/83170"}],"wp:featuredmedia":[{"embeddable":true,"href":"https:\/\/startercultures.eu\/nl\/wp-json\/wp\/v2\/media\/14359"}],"wp:attachment":[{"href":"https:\/\/startercultures.eu\/nl\/wp-json\/wp\/v2\/media?parent=6148"}],"wp:term":[{"taxonomy":"product_brand","embeddable":true,"href":"https:\/\/startercultures.eu\/nl\/wp-json\/wp\/v2\/product_brand?post=6148"},{"taxonomy":"product_cat","embeddable":true,"href":"https:\/\/startercultures.eu\/nl\/wp-json\/wp\/v2\/product_cat?post=6148"},{"taxonomy":"product_tag","embeddable":true,"href":"https:\/\/startercultures.eu\/nl\/wp-json\/wp\/v2\/product_tag?post=6148"}],"curies":[{"name":"wp","href":"https:\/\/api.w.org\/{rel}","templated":true}]}}