{"id":6167,"date":"2020-07-31T16:28:42","date_gmt":"2020-07-31T16:28:42","guid":{"rendered":"http:\/\/starterculturen.com\/?post_type=product&#038;p=6167"},"modified":"2025-12-07T08:05:23","modified_gmt":"2025-12-07T07:05:23","slug":"zuid-europese-droge-worstpakket-nl","status":"publish","type":"product","link":"https:\/\/startercultures.eu\/nl\/product\/worst-en-vleeswaren-nl\/complete-pakketten-nl\/zuid-europese-droge-worstpakket-nl\/","title":{"rendered":"Alles in \u00e9\u00e9n &#8216;maak je eigen Zuid-Europese droge worst&#8217;-starterspakket"},"content":{"rendered":"<p>Alles in \u00e9\u00e9n &#8216;maak je eigen Zuid-Europese droge worst&#8217;-starterspakket. Alles in \u00e9\u00e9n keer in huis om je Zuid-Europese droge worst te maken! Speciaal bedoeld voor dikkere, trager rijpende <a href=\"https:\/\/nl.wikipedia.org\/wiki\/Salami\" target=\"_blank\" rel=\"noopener\">salami&#8217;s<\/a>.<\/p>\n<h3>Inhoud Zuid-Europese droge worst starterspakket<\/h3>\n<p>Dit starterspakket bestaat uit:<\/p>\n<ul>\n<li>Raps Biostart Plus startercultuur, of Bactoferm T-SPX-, voor een kenmerkende Zuid-Europese smaak<\/li>\n<li>1 kg nitrietpekelzout (kleur, smaak, houdbaarheid)<\/li>\n<li>1 zakje kaliumnitraat (langdurige kleur en houdbaarheid bij langer rijpende worsten)<\/li>\n<li>1 zakje dextrose (kleurvormend, verzuring, &#8216;pokon&#8217; voor de bacteri\u00ebn)<\/li>\n<li>1 zakje ascorbinezuur (vitamine C, kleurbehoudend, houdbaarheid)<\/li>\n<li>1 zakje Bactoferm 600 edelschimmel (voor een mooie schimmelbedekking)<\/li>\n<li>2 meter runderdarmen<\/li>\n<li>1 worstprikker (om luchtbellen weg te prikken)<\/li>\n<li>Optioneel: maak indruk met je gereedschap! Bijvoorbeeld met <em>le<\/em> Porkert, wereldwijd bekend als \u2018de Ferrari onder de vleesmolens\u2019. Completeer deze oerdegelijke Tsjechische klassieker met vulhoorn en aanstamper.<\/li>\n<\/ul>\n<h3 data-fontsize=\"21\" data-lineheight=\"27.3px\">Zelf Zuid-Europese droge worst maken?<\/h3>\n<p>Je bestelt alle ingredi\u00ebnten voor Zuid-Europese droge worst bij starterculturen.nl, d\u00e9 webwinkel voor al je charcuterie, pat\u00e9 en worstingredi\u00ebnten. Van Meneer Wateetons de auteur van de standaardwerken <a href=\"https:\/\/startercultures.eu\/nl\/product-category\/boeken\/\" target=\"_blank\" rel=\"noopener noreferrer\">De Worstbijbel (2018) en Over Charcuterie (2019)<\/a> Op werkdagen voor 15:00 besteld, dezelfde dag verzonden.\u00a0 Vragen over het gebruik van het Zuid-Europese droge worstpakket? Stel ze via de chatfunctie. We komen er altijd uit.<\/p>\n<h3 class=\"fusion-responsive-typography-calculated\" data-fontsize=\"21\" data-lineheight=\"27.3px\">Meer leren?<\/h3>\n<p>Lees voor je je je eigen droge worst of charcuterie gaat maken\u00a0<a href=\"https:\/\/startercultures.eu\/nl\/product-category\/boeken\/\" target=\"_blank\" rel=\"noopener noreferrer\">De Worstbijbel (2018) of Over Charcuterie (2019)\u00a0<\/a><\/p>\n<h3><img decoding=\"async\" class=\"lazyload wp-image-10646 alignright\" src=\"https:\/\/startercultures.eu\/wp-content\/uploads\/2021\/01\/workshop1-300x300.jpg\" data-orig-src=\"https:\/\/startercultures.eu\/wp-content\/uploads\/2021\/01\/workshop1-300x300.jpg\" alt=\"\" width=\"91\" height=\"91\" srcset=\"data:image\/svg+xml,%3Csvg%20xmlns%3D%27http%3A%2F%2Fwww.w3.org%2F2000%2Fsvg%27%20width%3D%2791%27%20height%3D%2791%27%20viewBox%3D%270%200%2091%2091%27%3E%3Crect%20width%3D%2791%27%20height%3D%2791%27%20fill-opacity%3D%220%22%2F%3E%3C%2Fsvg%3E\" data-srcset=\"https:\/\/startercultures.eu\/wp-content\/uploads\/2021\/01\/workshop1-66x66.jpg 66w, https:\/\/startercultures.eu\/wp-content\/uploads\/2021\/01\/workshop1-70x70.jpg 70w, https:\/\/startercultures.eu\/wp-content\/uploads\/2021\/01\/workshop1-100x100.jpg 100w, https:\/\/startercultures.eu\/wp-content\/uploads\/2021\/01\/workshop1-150x150.jpg 150w, https:\/\/startercultures.eu\/wp-content\/uploads\/2021\/01\/workshop1-200x200.jpg 200w, https:\/\/startercultures.eu\/wp-content\/uploads\/2021\/01\/workshop1-300x300.jpg 300w, https:\/\/startercultures.eu\/wp-content\/uploads\/2021\/01\/workshop1-400x400.jpg 400w, https:\/\/startercultures.eu\/wp-content\/uploads\/2021\/01\/workshop1-500x500.jpg 500w, https:\/\/startercultures.eu\/wp-content\/uploads\/2021\/01\/workshop1-600x600.jpg 600w, https:\/\/startercultures.eu\/wp-content\/uploads\/2021\/01\/workshop1-700x700.jpg 700w, https:\/\/startercultures.eu\/wp-content\/uploads\/2021\/01\/workshop1-768x768.jpg 768w, https:\/\/startercultures.eu\/wp-content\/uploads\/2021\/01\/workshop1-800x800.jpg 800w, https:\/\/startercultures.eu\/wp-content\/uploads\/2021\/01\/workshop1-1024x1024.jpg 1024w, https:\/\/startercultures.eu\/wp-content\/uploads\/2021\/01\/workshop1-1200x1200.jpg 1200w, https:\/\/startercultures.eu\/wp-content\/uploads\/2021\/01\/workshop1-1536x1536.jpg 1536w, https:\/\/startercultures.eu\/wp-content\/uploads\/2021\/01\/workshop1-scaled-scaled.jpg 1920w\" data-sizes=\"auto\" data-orig-sizes=\"(max-width: 91px) 100vw, 91px\" \/>Online on demand workshop &#8216;maak je eigen droge worst&#8217;<\/h3>\n<p>Verse worst maken is leuk, maar de ware uitdaging van het worstmakersvak is het cre\u00ebren van je eigen droge worst. Wat deze worsten onderscheidt van de verse braadworst is dat ze gefermenteerd\/gerijpt en in de meeste gevallen gedroogd zijn. Dat kun je in \u00e9\u00e9n avond en ook uitstekend <a href=\"https:\/\/startercultures.eu\/nl\/product\/online-workshops-nl\/online-workshop-worst-en-charcuterie\/online-on-demand-workshop-maak-je-eigen-droge-worst\/\" target=\"_blank\" rel=\"noopener\">online leren<\/a> van d\u00e9 expert op dit gebied: Meneer Wateetons, auteur van de Worstbijbel (2018). Kijk <a href=\"https:\/\/startercultures.eu\/nl\/product\/online-workshops-nl\/online-workshop-worst-en-charcuterie\/online-on-demand-workshop-maak-je-eigen-droge-worst\/\" target=\"_blank\" rel=\"noopener\">hier<\/a> voor meer info.<\/p>\n","protected":false},"excerpt":{"rendered":"<p>In \u00e9\u00e9n keer alles in huis om je Zuid-Europese stijl worst te maken!<\/p>\n","protected":false},"featured_media":15177,"comment_status":"open","ping_status":"closed","template":"","meta":{"_acf_changed":false,"footnotes":""},"product_brand":[],"product_cat":[60,34,377],"product_tag":[],"class_list":{"0":"post-6167","1":"product","2":"type-product","3":"status-publish","4":"has-post-thumbnail","6":"product_cat-complete-pakketten-nl","7":"product_cat-starterkits-nl","8":"product_cat-worst-en-charcuterie-sterterkits-nl","9":"product_shipping_class-klein-pakket-nl","11":"first","12":"instock","13":"sale","14":"taxable","15":"shipping-taxable","16":"purchasable","17":"product-type-woosb"},"acf":[],"yoast_head":"<!-- This site is optimized with the Yoast SEO plugin v26.6 - https:\/\/yoast.com\/wordpress\/plugins\/seo\/ -->\n<title>Zuid-Europese droge worst-starterspakket | Starterculturen.nl<\/title>\n<meta name=\"description\" content=\"Alles in \u00e9\u00e9n keer in huis om je Zuid-Europese droge worst te maken! Speciaal bedoeld voor dikkere, trager rijpende salami&#039;s. Bestel n\u00fa!\" \/>\n<meta name=\"robots\" content=\"index, follow, max-snippet:-1, max-image-preview:large, max-video-preview:-1\" \/>\n<link rel=\"canonical\" href=\"https:\/\/startercultures.eu\/nl\/product\/worst-en-vleeswaren-nl\/complete-pakketten-nl\/zuid-europese-droge-worstpakket-nl\/\" \/>\n<meta property=\"og:locale\" content=\"nl_NL\" \/>\n<meta property=\"og:type\" content=\"article\" \/>\n<meta property=\"og:title\" content=\"Zuid-Europese droge worst-starterspakket | Starterculturen.nl\" \/>\n<meta property=\"og:description\" content=\"Alles in \u00e9\u00e9n keer in huis om je Zuid-Europese droge worst te maken! Speciaal bedoeld voor dikkere, trager rijpende salami&#039;s. Bestel n\u00fa!\" \/>\n<meta property=\"og:url\" content=\"https:\/\/startercultures.eu\/nl\/product\/worst-en-vleeswaren-nl\/complete-pakketten-nl\/zuid-europese-droge-worstpakket-nl\/\" \/>\n<meta property=\"og:site_name\" content=\"Startercultures.eu\" \/>\n<meta property=\"article:publisher\" content=\"https:\/\/www.facebook.com\/startercultureseu\" \/>\n<meta property=\"article:modified_time\" content=\"2025-12-07T07:05:23+00:00\" \/>\n<meta property=\"og:image\" content=\"https:\/\/startercultures.eu\/wp-content\/uploads\/2020\/07\/9745bc7ffa59b061c5347d3cfd73b1c85db6b908.jpg\" \/>\n\t<meta property=\"og:image:width\" content=\"450\" \/>\n\t<meta property=\"og:image:height\" content=\"450\" \/>\n\t<meta property=\"og:image:type\" content=\"image\/jpeg\" \/>\n<meta name=\"twitter:card\" content=\"summary_large_image\" \/>\n<meta name=\"twitter:label1\" content=\"Price\" \/>\n\t<meta name=\"twitter:data1\" content=\"&euro;89,93\" \/>\n\t<meta name=\"twitter:label2\" content=\"Availability\" \/>\n\t<meta name=\"twitter:data2\" content=\"Op voorraad\" \/>\n<script type=\"application\/ld+json\" class=\"yoast-schema-graph\">{\"@context\":\"https:\/\/schema.org\",\"@graph\":[{\"@type\":\"WebPage\",\"@id\":\"https:\/\/startercultures.eu\/nl\/product\/worst-en-vleeswaren-nl\/complete-pakketten-nl\/zuid-europese-droge-worstpakket-nl\/\",\"url\":\"https:\/\/startercultures.eu\/nl\/product\/worst-en-vleeswaren-nl\/complete-pakketten-nl\/zuid-europese-droge-worstpakket-nl\/\",\"name\":\"Zuid-Europese droge worst-starterspakket | Starterculturen.nl\",\"isPartOf\":{\"@id\":\"https:\/\/startercultures.eu\/nl\/#website\"},\"primaryImageOfPage\":{\"@id\":\"https:\/\/startercultures.eu\/nl\/product\/worst-en-vleeswaren-nl\/complete-pakketten-nl\/zuid-europese-droge-worstpakket-nl\/#primaryimage\"},\"image\":{\"@id\":\"https:\/\/startercultures.eu\/nl\/product\/worst-en-vleeswaren-nl\/complete-pakketten-nl\/zuid-europese-droge-worstpakket-nl\/#primaryimage\"},\"thumbnailUrl\":\"https:\/\/startercultures.eu\/wp-content\/uploads\/2020\/07\/9745bc7ffa59b061c5347d3cfd73b1c85db6b908.jpg\",\"datePublished\":\"2020-07-31T16:28:42+00:00\",\"dateModified\":\"2025-12-07T07:05:23+00:00\",\"description\":\"Alles in \u00e9\u00e9n keer in huis om je Zuid-Europese droge worst te maken! Speciaal bedoeld voor dikkere, trager rijpende salami's. Bestel n\u00fa!\",\"breadcrumb\":{\"@id\":\"https:\/\/startercultures.eu\/nl\/product\/worst-en-vleeswaren-nl\/complete-pakketten-nl\/zuid-europese-droge-worstpakket-nl\/#breadcrumb\"},\"inLanguage\":\"nl-NL\",\"potentialAction\":[{\"@type\":\"ReadAction\",\"target\":[\"https:\/\/startercultures.eu\/nl\/product\/worst-en-vleeswaren-nl\/complete-pakketten-nl\/zuid-europese-droge-worstpakket-nl\/\"]}]},{\"@type\":\"ImageObject\",\"inLanguage\":\"nl-NL\",\"@id\":\"https:\/\/startercultures.eu\/nl\/product\/worst-en-vleeswaren-nl\/complete-pakketten-nl\/zuid-europese-droge-worstpakket-nl\/#primaryimage\",\"url\":\"https:\/\/startercultures.eu\/wp-content\/uploads\/2020\/07\/9745bc7ffa59b061c5347d3cfd73b1c85db6b908.jpg\",\"contentUrl\":\"https:\/\/startercultures.eu\/wp-content\/uploads\/2020\/07\/9745bc7ffa59b061c5347d3cfd73b1c85db6b908.jpg\",\"width\":450,\"height\":450,\"caption\":\"Zuid-Europese droge worst\"},{\"@type\":\"BreadcrumbList\",\"@id\":\"https:\/\/startercultures.eu\/nl\/product\/worst-en-vleeswaren-nl\/complete-pakketten-nl\/zuid-europese-droge-worstpakket-nl\/#breadcrumb\",\"itemListElement\":[{\"@type\":\"ListItem\",\"position\":1,\"name\":\"Home\",\"item\":\"https:\/\/startercultures.eu\/nl\/\"},{\"@type\":\"ListItem\",\"position\":2,\"name\":\"Winkel\",\"item\":\"https:\/\/startercultures.eu\/nl\/winkel\/\"},{\"@type\":\"ListItem\",\"position\":3,\"name\":\"Alles in \u00e9\u00e9n &#8216;maak je eigen Zuid-Europese droge worst&#8217;-starterspakket\"}]},{\"@type\":\"WebSite\",\"@id\":\"https:\/\/startercultures.eu\/nl\/#website\",\"url\":\"https:\/\/startercultures.eu\/nl\/\",\"name\":\"Startercultures.eu\",\"description\":\"Startercultures.eu\",\"publisher\":{\"@id\":\"https:\/\/startercultures.eu\/nl\/#organization\"},\"potentialAction\":[{\"@type\":\"SearchAction\",\"target\":{\"@type\":\"EntryPoint\",\"urlTemplate\":\"https:\/\/startercultures.eu\/nl\/?s={search_term_string}\"},\"query-input\":{\"@type\":\"PropertyValueSpecification\",\"valueRequired\":true,\"valueName\":\"search_term_string\"}}],\"inLanguage\":\"nl-NL\"},{\"@type\":\"Organization\",\"@id\":\"https:\/\/startercultures.eu\/nl\/#organization\",\"name\":\"Startercultures.eu\",\"url\":\"https:\/\/startercultures.eu\/nl\/\",\"logo\":{\"@type\":\"ImageObject\",\"inLanguage\":\"nl-NL\",\"@id\":\"https:\/\/startercultures.eu\/nl\/#\/schema\/logo\/image\/\",\"url\":\"https:\/\/startercultures.eu\/wp-content\/uploads\/2020\/08\/startercultures-eu-nl-logo-rond-rgb.png\",\"contentUrl\":\"https:\/\/startercultures.eu\/wp-content\/uploads\/2020\/08\/startercultures-eu-nl-logo-rond-rgb.png\",\"width\":320,\"height\":320,\"caption\":\"Startercultures.eu\"},\"image\":{\"@id\":\"https:\/\/startercultures.eu\/nl\/#\/schema\/logo\/image\/\"},\"sameAs\":[\"https:\/\/www.facebook.com\/startercultureseu\",\"https:\/\/www.instagram.com\/startercultures.eu\/\"]}]}<\/script>\n<meta property=\"product:price:amount\" content=\"89.93\" \/>\n<meta property=\"product:price:currency\" content=\"EUR\" \/>\n<meta property=\"og:availability\" content=\"instock\" \/>\n<meta property=\"product:availability\" content=\"instock\" \/>\n<meta property=\"product:retailer_item_id\" content=\"15\" \/>\n<meta property=\"product:condition\" content=\"new\" \/>\n<!-- \/ Yoast SEO plugin. -->","yoast_head_json":{"title":"Zuid-Europese droge worst-starterspakket | Starterculturen.nl","description":"Alles in \u00e9\u00e9n keer in huis om je Zuid-Europese droge worst te maken! Speciaal bedoeld voor dikkere, trager rijpende salami's. Bestel n\u00fa!","robots":{"index":"index","follow":"follow","max-snippet":"max-snippet:-1","max-image-preview":"max-image-preview:large","max-video-preview":"max-video-preview:-1"},"canonical":"https:\/\/startercultures.eu\/nl\/product\/worst-en-vleeswaren-nl\/complete-pakketten-nl\/zuid-europese-droge-worstpakket-nl\/","og_locale":"nl_NL","og_type":"article","og_title":"Zuid-Europese droge worst-starterspakket | Starterculturen.nl","og_description":"Alles in \u00e9\u00e9n keer in huis om je Zuid-Europese droge worst te maken! Speciaal bedoeld voor dikkere, trager rijpende salami's. Bestel n\u00fa!","og_url":"https:\/\/startercultures.eu\/nl\/product\/worst-en-vleeswaren-nl\/complete-pakketten-nl\/zuid-europese-droge-worstpakket-nl\/","og_site_name":"Startercultures.eu","article_publisher":"https:\/\/www.facebook.com\/startercultureseu","article_modified_time":"2025-12-07T07:05:23+00:00","og_image":[{"width":450,"height":450,"url":"https:\/\/startercultures.eu\/wp-content\/uploads\/2020\/07\/9745bc7ffa59b061c5347d3cfd73b1c85db6b908.jpg","type":"image\/jpeg"}],"twitter_card":"summary_large_image","twitter_misc":{"Price":"&euro;89,93","Availability":"Op voorraad"},"schema":{"@context":"https:\/\/schema.org","@graph":[{"@type":"WebPage","@id":"https:\/\/startercultures.eu\/nl\/product\/worst-en-vleeswaren-nl\/complete-pakketten-nl\/zuid-europese-droge-worstpakket-nl\/","url":"https:\/\/startercultures.eu\/nl\/product\/worst-en-vleeswaren-nl\/complete-pakketten-nl\/zuid-europese-droge-worstpakket-nl\/","name":"Zuid-Europese droge worst-starterspakket | Starterculturen.nl","isPartOf":{"@id":"https:\/\/startercultures.eu\/nl\/#website"},"primaryImageOfPage":{"@id":"https:\/\/startercultures.eu\/nl\/product\/worst-en-vleeswaren-nl\/complete-pakketten-nl\/zuid-europese-droge-worstpakket-nl\/#primaryimage"},"image":{"@id":"https:\/\/startercultures.eu\/nl\/product\/worst-en-vleeswaren-nl\/complete-pakketten-nl\/zuid-europese-droge-worstpakket-nl\/#primaryimage"},"thumbnailUrl":"https:\/\/startercultures.eu\/wp-content\/uploads\/2020\/07\/9745bc7ffa59b061c5347d3cfd73b1c85db6b908.jpg","datePublished":"2020-07-31T16:28:42+00:00","dateModified":"2025-12-07T07:05:23+00:00","description":"Alles in \u00e9\u00e9n keer in huis om je Zuid-Europese droge worst te maken! Speciaal bedoeld voor dikkere, trager rijpende salami's. Bestel n\u00fa!","breadcrumb":{"@id":"https:\/\/startercultures.eu\/nl\/product\/worst-en-vleeswaren-nl\/complete-pakketten-nl\/zuid-europese-droge-worstpakket-nl\/#breadcrumb"},"inLanguage":"nl-NL","potentialAction":[{"@type":"ReadAction","target":["https:\/\/startercultures.eu\/nl\/product\/worst-en-vleeswaren-nl\/complete-pakketten-nl\/zuid-europese-droge-worstpakket-nl\/"]}]},{"@type":"ImageObject","inLanguage":"nl-NL","@id":"https:\/\/startercultures.eu\/nl\/product\/worst-en-vleeswaren-nl\/complete-pakketten-nl\/zuid-europese-droge-worstpakket-nl\/#primaryimage","url":"https:\/\/startercultures.eu\/wp-content\/uploads\/2020\/07\/9745bc7ffa59b061c5347d3cfd73b1c85db6b908.jpg","contentUrl":"https:\/\/startercultures.eu\/wp-content\/uploads\/2020\/07\/9745bc7ffa59b061c5347d3cfd73b1c85db6b908.jpg","width":450,"height":450,"caption":"Zuid-Europese droge worst"},{"@type":"BreadcrumbList","@id":"https:\/\/startercultures.eu\/nl\/product\/worst-en-vleeswaren-nl\/complete-pakketten-nl\/zuid-europese-droge-worstpakket-nl\/#breadcrumb","itemListElement":[{"@type":"ListItem","position":1,"name":"Home","item":"https:\/\/startercultures.eu\/nl\/"},{"@type":"ListItem","position":2,"name":"Winkel","item":"https:\/\/startercultures.eu\/nl\/winkel\/"},{"@type":"ListItem","position":3,"name":"Alles in \u00e9\u00e9n &#8216;maak je eigen Zuid-Europese droge worst&#8217;-starterspakket"}]},{"@type":"WebSite","@id":"https:\/\/startercultures.eu\/nl\/#website","url":"https:\/\/startercultures.eu\/nl\/","name":"Startercultures.eu","description":"Startercultures.eu","publisher":{"@id":"https:\/\/startercultures.eu\/nl\/#organization"},"potentialAction":[{"@type":"SearchAction","target":{"@type":"EntryPoint","urlTemplate":"https:\/\/startercultures.eu\/nl\/?s={search_term_string}"},"query-input":{"@type":"PropertyValueSpecification","valueRequired":true,"valueName":"search_term_string"}}],"inLanguage":"nl-NL"},{"@type":"Organization","@id":"https:\/\/startercultures.eu\/nl\/#organization","name":"Startercultures.eu","url":"https:\/\/startercultures.eu\/nl\/","logo":{"@type":"ImageObject","inLanguage":"nl-NL","@id":"https:\/\/startercultures.eu\/nl\/#\/schema\/logo\/image\/","url":"https:\/\/startercultures.eu\/wp-content\/uploads\/2020\/08\/startercultures-eu-nl-logo-rond-rgb.png","contentUrl":"https:\/\/startercultures.eu\/wp-content\/uploads\/2020\/08\/startercultures-eu-nl-logo-rond-rgb.png","width":320,"height":320,"caption":"Startercultures.eu"},"image":{"@id":"https:\/\/startercultures.eu\/nl\/#\/schema\/logo\/image\/"},"sameAs":["https:\/\/www.facebook.com\/startercultureseu","https:\/\/www.instagram.com\/startercultures.eu\/"]}]},"product_price_amount":"89.93","product_price_currency":"EUR","og_availability":"instock","product_availability":"instock","product_retailer_item_id":"15","product_condition":"new"},"_links":{"self":[{"href":"https:\/\/startercultures.eu\/nl\/wp-json\/wp\/v2\/product\/6167","targetHints":{"allow":["GET"]}}],"collection":[{"href":"https:\/\/startercultures.eu\/nl\/wp-json\/wp\/v2\/product"}],"about":[{"href":"https:\/\/startercultures.eu\/nl\/wp-json\/wp\/v2\/types\/product"}],"replies":[{"embeddable":true,"href":"https:\/\/startercultures.eu\/nl\/wp-json\/wp\/v2\/comments?post=6167"}],"version-history":[{"count":1,"href":"https:\/\/startercultures.eu\/nl\/wp-json\/wp\/v2\/product\/6167\/revisions"}],"predecessor-version":[{"id":67809,"href":"https:\/\/startercultures.eu\/nl\/wp-json\/wp\/v2\/product\/6167\/revisions\/67809"}],"wp:featuredmedia":[{"embeddable":true,"href":"https:\/\/startercultures.eu\/nl\/wp-json\/wp\/v2\/media\/15177"}],"wp:attachment":[{"href":"https:\/\/startercultures.eu\/nl\/wp-json\/wp\/v2\/media?parent=6167"}],"wp:term":[{"taxonomy":"product_brand","embeddable":true,"href":"https:\/\/startercultures.eu\/nl\/wp-json\/wp\/v2\/product_brand?post=6167"},{"taxonomy":"product_cat","embeddable":true,"href":"https:\/\/startercultures.eu\/nl\/wp-json\/wp\/v2\/product_cat?post=6167"},{"taxonomy":"product_tag","embeddable":true,"href":"https:\/\/startercultures.eu\/nl\/wp-json\/wp\/v2\/product_tag?post=6167"}],"curies":[{"name":"wp","href":"https:\/\/api.w.org\/{rel}","templated":true}]}}