{"id":6187,"date":"2020-07-31T16:28:50","date_gmt":"2020-07-31T16:28:50","guid":{"rendered":"http:\/\/starterculturen.com\/?post_type=product&#038;p=6187"},"modified":"2025-12-07T08:05:23","modified_gmt":"2025-12-07T07:05:23","slug":"noord-europese-droge-worst-pakket-nl","status":"publish","type":"product","link":"https:\/\/startercultures.eu\/nl\/product\/worst-en-vleeswaren-nl\/complete-pakketten-nl\/noord-europese-droge-worst-pakket-nl\/","title":{"rendered":"Alles in \u00e9\u00e9n &#8216;maak je eigen Noord-Europese droge worst&#8217; starterspakket"},"content":{"rendered":"<p>In \u00e9\u00e9n keer alles in huis met dit alles in \u00e9\u00e9n maak je eigen Noord europees droge worstpakket om je Noord-Europese stijl worst te maken: Groninger droge worst, Friese droge worst, venkelworsten, wildworsten of laat je fantasie de vrije loop-worsten! Alles kan met dit starterspakket.<\/p>\n<h3>Inhoud Noord europees droge worstpakket<\/h3>\n<p>Het bestaat uit:<\/p>\n<ul>\n<li><a href=\"https:\/\/www.starterculturen.nl\/c-4339667\/middelsnelle-culturen\/\">All round starter voor middel-snel en langzame fermentatie<\/a> (Hela Germet of Van Hees Primal SK natur)<\/li>\n<li>1 kg nitrietpekelzout (kleur, smaak, houdbaarheid)<\/li>\n<li>1 zakje dextrose (kleur, verzuring)<\/li>\n<li>1 zakje ascorbinezuur (vitamine C; kleurbehoudend, houdbaarheid)<\/li>\n<li>1 tube varkensdarmen<\/li>\n<li>1 worstprikker (wegprikken van luchtbellen)<\/li>\n<li>Optioneel: maak indruk met je gereedschap! Bijvoorbeeld met <em>le<\/em> Porkert, wereldwijd bekend als \u2018de Ferrari onder de vleesmolens\u2019. Completeer deze oerdegelijke Tsjechische klassieker met vulhoorn en aanstamper.<\/li>\n<\/ul>\n<h3 data-fontsize=\"21\" data-lineheight=\"27.3px\">Noord europees droge worstpakket kopen?<\/h3>\n<p>Je bestelt het Noord europees droge worstpakket bij starterculturen.nl, d\u00e9 webwinkel voor al je charcuterie, pat\u00e9 en worstingredi\u00ebnten. Van Meneer Wateetons de auteur van de standaardwerken <a href=\"https:\/\/startercultures.eu\/nl\/product-category\/boeken\/\" target=\"_blank\" rel=\"noopener noreferrer\">De Worstbijbel (2018) en Over Charcuterie (2019)<\/a> Op werkdagen voor 15:00 besteld, dezelfde dag verzonden.\u00a0 Vragen over het gebruik van het Noord-Europese droge worstpakket? Stel ze via de chatfunctie. We komen er altijd uit.<\/p>\n<h3 class=\"fusion-responsive-typography-calculated\" data-fontsize=\"21\" data-lineheight=\"27.3px\">Meer leren?<\/h3>\n<p>Lees voor je je je eigen droge worst of charcuterie gaat maken\u00a0<a href=\"https:\/\/startercultures.eu\/nl\/product-category\/boeken\/\" target=\"_blank\" rel=\"noopener noreferrer\">De Worstbijbel (2018) of Over Charcuterie (2019) <\/a><\/p>\n<h3><img decoding=\"async\" class=\"lazyload  wp-image-10646 alignright\" src=\"https:\/\/startercultures.eu\/wp-content\/uploads\/2021\/01\/workshop1-300x300.jpg\" data-orig-src=\"https:\/\/startercultures.eu\/wp-content\/uploads\/2021\/01\/workshop1-300x300.jpg\" alt=\"\" width=\"107\" height=\"107\" srcset=\"data:image\/svg+xml,%3Csvg%20xmlns%3D%27http%3A%2F%2Fwww.w3.org%2F2000%2Fsvg%27%20width%3D%27107%27%20height%3D%27107%27%20viewBox%3D%270%200%20107%20107%27%3E%3Crect%20width%3D%27107%27%20height%3D%27107%27%20fill-opacity%3D%220%22%2F%3E%3C%2Fsvg%3E\" data-srcset=\"https:\/\/startercultures.eu\/wp-content\/uploads\/2021\/01\/workshop1-66x66.jpg 66w, https:\/\/startercultures.eu\/wp-content\/uploads\/2021\/01\/workshop1-70x70.jpg 70w, https:\/\/startercultures.eu\/wp-content\/uploads\/2021\/01\/workshop1-100x100.jpg 100w, https:\/\/startercultures.eu\/wp-content\/uploads\/2021\/01\/workshop1-150x150.jpg 150w, https:\/\/startercultures.eu\/wp-content\/uploads\/2021\/01\/workshop1-200x200.jpg 200w, https:\/\/startercultures.eu\/wp-content\/uploads\/2021\/01\/workshop1-300x300.jpg 300w, https:\/\/startercultures.eu\/wp-content\/uploads\/2021\/01\/workshop1-400x400.jpg 400w, https:\/\/startercultures.eu\/wp-content\/uploads\/2021\/01\/workshop1-500x500.jpg 500w, https:\/\/startercultures.eu\/wp-content\/uploads\/2021\/01\/workshop1-600x600.jpg 600w, https:\/\/startercultures.eu\/wp-content\/uploads\/2021\/01\/workshop1-700x700.jpg 700w, https:\/\/startercultures.eu\/wp-content\/uploads\/2021\/01\/workshop1-768x768.jpg 768w, https:\/\/startercultures.eu\/wp-content\/uploads\/2021\/01\/workshop1-800x800.jpg 800w, https:\/\/startercultures.eu\/wp-content\/uploads\/2021\/01\/workshop1-1024x1024.jpg 1024w, https:\/\/startercultures.eu\/wp-content\/uploads\/2021\/01\/workshop1-1200x1200.jpg 1200w, https:\/\/startercultures.eu\/wp-content\/uploads\/2021\/01\/workshop1-1536x1536.jpg 1536w, https:\/\/startercultures.eu\/wp-content\/uploads\/2021\/01\/workshop1-scaled-scaled.jpg 1920w\" data-sizes=\"auto\" data-orig-sizes=\"(max-width: 107px) 100vw, 107px\" \/>Online on demand workshop &#8216;maak je eigen droge worst&#8217;<\/h3>\n<p>Verse worst maken is leuk, maar de ware uitdaging van het worstmakersvak is het cre\u00ebren van je eigen droge worst. Wat deze worsten onderscheidt van de verse braadworst is dat ze gefermenteerd\/gerijpt en in de meeste gevallen gedroogd zijn. Dat kun je in \u00e9\u00e9n avond en ook uitstekend <a href=\"https:\/\/startercultures.eu\/nl\/product\/online-workshops-nl\/online-workshop-worst-en-charcuterie\/online-on-demand-workshop-maak-je-eigen-droge-worst\/\" target=\"_blank\" rel=\"noopener\">online leren<\/a> van d\u00e9 expert op dit gebied: Meneer Wateetons, auteur van de Worstbijbel (2018). Kijk <a href=\"https:\/\/startercultures.eu\/nl\/product\/online-workshops-nl\/online-workshop-worst-en-charcuterie\/online-on-demand-workshop-maak-je-eigen-droge-worst\/\" target=\"_blank\" rel=\"noopener\">hier<\/a> voor meer info.<\/p>\n","protected":false},"excerpt":{"rendered":"<p>In \u00e9\u00e9n keer alles in huis om je Noord-Europese stijl worst te maken: Groninger droge worst, Friese droge worst, fuet, venkelworsten, wildworsten! Laat je fantasie de vrije loop-worsten! Alles kan met dit starterspakket.<\/p>\n","protected":false},"featured_media":15182,"comment_status":"open","ping_status":"closed","template":"","meta":{"_acf_changed":false,"footnotes":""},"product_brand":[],"product_cat":[60,34,377],"product_tag":[],"class_list":{"0":"post-6187","1":"product","2":"type-product","3":"status-publish","4":"has-post-thumbnail","6":"product_cat-complete-pakketten-nl","7":"product_cat-starterkits-nl","8":"product_cat-worst-en-charcuterie-sterterkits-nl","9":"product_shipping_class-klein-pakket-nl","11":"first","12":"instock","13":"sale","14":"taxable","15":"shipping-taxable","16":"purchasable","17":"product-type-woosb"},"acf":[],"yoast_head":"<!-- This site is optimized with the Yoast SEO plugin v26.6 - https:\/\/yoast.com\/wordpress\/plugins\/seo\/ -->\n<title>Noord europees droge worstpakket | Starterculturen.nl<\/title>\n<meta name=\"description\" content=\"In een keer alles in huis met dit Noord europees droge worstpakket: maak zelf Groninger en Friese droge worst, venkelworsten! Bestel nu!\" \/>\n<meta name=\"robots\" content=\"index, follow, max-snippet:-1, max-image-preview:large, max-video-preview:-1\" \/>\n<link rel=\"canonical\" href=\"https:\/\/startercultures.eu\/nl\/product\/worst-en-vleeswaren-nl\/complete-pakketten-nl\/noord-europese-droge-worst-pakket-nl\/\" \/>\n<meta property=\"og:locale\" content=\"nl_NL\" \/>\n<meta property=\"og:type\" content=\"article\" \/>\n<meta property=\"og:title\" content=\"Noord europees droge worstpakket | Starterculturen.nl\" \/>\n<meta property=\"og:description\" content=\"In een keer alles in huis met dit Noord europees droge worstpakket: maak zelf Groninger en Friese droge worst, venkelworsten! Bestel nu!\" \/>\n<meta property=\"og:url\" content=\"https:\/\/startercultures.eu\/nl\/product\/worst-en-vleeswaren-nl\/complete-pakketten-nl\/noord-europese-droge-worst-pakket-nl\/\" \/>\n<meta property=\"og:site_name\" content=\"Startercultures.eu\" \/>\n<meta property=\"article:publisher\" content=\"https:\/\/www.facebook.com\/startercultureseu\" \/>\n<meta property=\"article:modified_time\" content=\"2025-12-07T07:05:23+00:00\" \/>\n<meta property=\"og:image\" content=\"https:\/\/startercultures.eu\/wp-content\/uploads\/2020\/07\/85136f04f25cac16b88898dd9309c5bf160b3393.jpg\" \/>\n\t<meta property=\"og:image:width\" content=\"450\" \/>\n\t<meta property=\"og:image:height\" content=\"450\" \/>\n\t<meta property=\"og:image:type\" content=\"image\/jpeg\" \/>\n<meta name=\"twitter:card\" content=\"summary_large_image\" \/>\n<meta name=\"twitter:label1\" content=\"Price\" \/>\n\t<meta name=\"twitter:data1\" content=\"&euro;62,05\" \/>\n\t<meta name=\"twitter:label2\" content=\"Availability\" \/>\n\t<meta name=\"twitter:data2\" content=\"Op voorraad\" \/>\n<script type=\"application\/ld+json\" class=\"yoast-schema-graph\">{\"@context\":\"https:\/\/schema.org\",\"@graph\":[{\"@type\":\"WebPage\",\"@id\":\"https:\/\/startercultures.eu\/nl\/product\/worst-en-vleeswaren-nl\/complete-pakketten-nl\/noord-europese-droge-worst-pakket-nl\/\",\"url\":\"https:\/\/startercultures.eu\/nl\/product\/worst-en-vleeswaren-nl\/complete-pakketten-nl\/noord-europese-droge-worst-pakket-nl\/\",\"name\":\"Noord europees droge worstpakket | Starterculturen.nl\",\"isPartOf\":{\"@id\":\"https:\/\/startercultures.eu\/nl\/#website\"},\"primaryImageOfPage\":{\"@id\":\"https:\/\/startercultures.eu\/nl\/product\/worst-en-vleeswaren-nl\/complete-pakketten-nl\/noord-europese-droge-worst-pakket-nl\/#primaryimage\"},\"image\":{\"@id\":\"https:\/\/startercultures.eu\/nl\/product\/worst-en-vleeswaren-nl\/complete-pakketten-nl\/noord-europese-droge-worst-pakket-nl\/#primaryimage\"},\"thumbnailUrl\":\"https:\/\/startercultures.eu\/wp-content\/uploads\/2020\/07\/85136f04f25cac16b88898dd9309c5bf160b3393.jpg\",\"datePublished\":\"2020-07-31T16:28:50+00:00\",\"dateModified\":\"2025-12-07T07:05:23+00:00\",\"description\":\"In een keer alles in huis met dit Noord europees droge worstpakket: maak zelf Groninger en Friese droge worst, venkelworsten! Bestel nu!\",\"breadcrumb\":{\"@id\":\"https:\/\/startercultures.eu\/nl\/product\/worst-en-vleeswaren-nl\/complete-pakketten-nl\/noord-europese-droge-worst-pakket-nl\/#breadcrumb\"},\"inLanguage\":\"nl-NL\",\"potentialAction\":[{\"@type\":\"ReadAction\",\"target\":[\"https:\/\/startercultures.eu\/nl\/product\/worst-en-vleeswaren-nl\/complete-pakketten-nl\/noord-europese-droge-worst-pakket-nl\/\"]}]},{\"@type\":\"ImageObject\",\"inLanguage\":\"nl-NL\",\"@id\":\"https:\/\/startercultures.eu\/nl\/product\/worst-en-vleeswaren-nl\/complete-pakketten-nl\/noord-europese-droge-worst-pakket-nl\/#primaryimage\",\"url\":\"https:\/\/startercultures.eu\/wp-content\/uploads\/2020\/07\/85136f04f25cac16b88898dd9309c5bf160b3393.jpg\",\"contentUrl\":\"https:\/\/startercultures.eu\/wp-content\/uploads\/2020\/07\/85136f04f25cac16b88898dd9309c5bf160b3393.jpg\",\"width\":450,\"height\":450},{\"@type\":\"BreadcrumbList\",\"@id\":\"https:\/\/startercultures.eu\/nl\/product\/worst-en-vleeswaren-nl\/complete-pakketten-nl\/noord-europese-droge-worst-pakket-nl\/#breadcrumb\",\"itemListElement\":[{\"@type\":\"ListItem\",\"position\":1,\"name\":\"Home\",\"item\":\"https:\/\/startercultures.eu\/nl\/\"},{\"@type\":\"ListItem\",\"position\":2,\"name\":\"Winkel\",\"item\":\"https:\/\/startercultures.eu\/nl\/winkel\/\"},{\"@type\":\"ListItem\",\"position\":3,\"name\":\"Alles in \u00e9\u00e9n &#8216;maak je eigen Noord-Europese droge worst&#8217; starterspakket\"}]},{\"@type\":\"WebSite\",\"@id\":\"https:\/\/startercultures.eu\/nl\/#website\",\"url\":\"https:\/\/startercultures.eu\/nl\/\",\"name\":\"Startercultures.eu\",\"description\":\"Startercultures.eu\",\"publisher\":{\"@id\":\"https:\/\/startercultures.eu\/nl\/#organization\"},\"potentialAction\":[{\"@type\":\"SearchAction\",\"target\":{\"@type\":\"EntryPoint\",\"urlTemplate\":\"https:\/\/startercultures.eu\/nl\/?s={search_term_string}\"},\"query-input\":{\"@type\":\"PropertyValueSpecification\",\"valueRequired\":true,\"valueName\":\"search_term_string\"}}],\"inLanguage\":\"nl-NL\"},{\"@type\":\"Organization\",\"@id\":\"https:\/\/startercultures.eu\/nl\/#organization\",\"name\":\"Startercultures.eu\",\"url\":\"https:\/\/startercultures.eu\/nl\/\",\"logo\":{\"@type\":\"ImageObject\",\"inLanguage\":\"nl-NL\",\"@id\":\"https:\/\/startercultures.eu\/nl\/#\/schema\/logo\/image\/\",\"url\":\"https:\/\/startercultures.eu\/wp-content\/uploads\/2020\/08\/startercultures-eu-nl-logo-rond-rgb.png\",\"contentUrl\":\"https:\/\/startercultures.eu\/wp-content\/uploads\/2020\/08\/startercultures-eu-nl-logo-rond-rgb.png\",\"width\":320,\"height\":320,\"caption\":\"Startercultures.eu\"},\"image\":{\"@id\":\"https:\/\/startercultures.eu\/nl\/#\/schema\/logo\/image\/\"},\"sameAs\":[\"https:\/\/www.facebook.com\/startercultureseu\",\"https:\/\/www.instagram.com\/startercultures.eu\/\"]}]}<\/script>\n<meta property=\"product:price:amount\" content=\"62.05\" \/>\n<meta property=\"product:price:currency\" content=\"EUR\" \/>\n<meta property=\"og:availability\" content=\"instock\" \/>\n<meta property=\"product:availability\" content=\"instock\" \/>\n<meta property=\"product:retailer_item_id\" content=\"14\" \/>\n<meta property=\"product:condition\" content=\"new\" \/>\n<!-- \/ Yoast SEO plugin. -->","yoast_head_json":{"title":"Noord europees droge worstpakket | Starterculturen.nl","description":"In een keer alles in huis met dit Noord europees droge worstpakket: maak zelf Groninger en Friese droge worst, venkelworsten! Bestel nu!","robots":{"index":"index","follow":"follow","max-snippet":"max-snippet:-1","max-image-preview":"max-image-preview:large","max-video-preview":"max-video-preview:-1"},"canonical":"https:\/\/startercultures.eu\/nl\/product\/worst-en-vleeswaren-nl\/complete-pakketten-nl\/noord-europese-droge-worst-pakket-nl\/","og_locale":"nl_NL","og_type":"article","og_title":"Noord europees droge worstpakket | Starterculturen.nl","og_description":"In een keer alles in huis met dit Noord europees droge worstpakket: maak zelf Groninger en Friese droge worst, venkelworsten! Bestel nu!","og_url":"https:\/\/startercultures.eu\/nl\/product\/worst-en-vleeswaren-nl\/complete-pakketten-nl\/noord-europese-droge-worst-pakket-nl\/","og_site_name":"Startercultures.eu","article_publisher":"https:\/\/www.facebook.com\/startercultureseu","article_modified_time":"2025-12-07T07:05:23+00:00","og_image":[{"width":450,"height":450,"url":"https:\/\/startercultures.eu\/wp-content\/uploads\/2020\/07\/85136f04f25cac16b88898dd9309c5bf160b3393.jpg","type":"image\/jpeg"}],"twitter_card":"summary_large_image","twitter_misc":{"Price":"&euro;62,05","Availability":"Op voorraad"},"schema":{"@context":"https:\/\/schema.org","@graph":[{"@type":"WebPage","@id":"https:\/\/startercultures.eu\/nl\/product\/worst-en-vleeswaren-nl\/complete-pakketten-nl\/noord-europese-droge-worst-pakket-nl\/","url":"https:\/\/startercultures.eu\/nl\/product\/worst-en-vleeswaren-nl\/complete-pakketten-nl\/noord-europese-droge-worst-pakket-nl\/","name":"Noord europees droge worstpakket | Starterculturen.nl","isPartOf":{"@id":"https:\/\/startercultures.eu\/nl\/#website"},"primaryImageOfPage":{"@id":"https:\/\/startercultures.eu\/nl\/product\/worst-en-vleeswaren-nl\/complete-pakketten-nl\/noord-europese-droge-worst-pakket-nl\/#primaryimage"},"image":{"@id":"https:\/\/startercultures.eu\/nl\/product\/worst-en-vleeswaren-nl\/complete-pakketten-nl\/noord-europese-droge-worst-pakket-nl\/#primaryimage"},"thumbnailUrl":"https:\/\/startercultures.eu\/wp-content\/uploads\/2020\/07\/85136f04f25cac16b88898dd9309c5bf160b3393.jpg","datePublished":"2020-07-31T16:28:50+00:00","dateModified":"2025-12-07T07:05:23+00:00","description":"In een keer alles in huis met dit Noord europees droge worstpakket: maak zelf Groninger en Friese droge worst, venkelworsten! Bestel nu!","breadcrumb":{"@id":"https:\/\/startercultures.eu\/nl\/product\/worst-en-vleeswaren-nl\/complete-pakketten-nl\/noord-europese-droge-worst-pakket-nl\/#breadcrumb"},"inLanguage":"nl-NL","potentialAction":[{"@type":"ReadAction","target":["https:\/\/startercultures.eu\/nl\/product\/worst-en-vleeswaren-nl\/complete-pakketten-nl\/noord-europese-droge-worst-pakket-nl\/"]}]},{"@type":"ImageObject","inLanguage":"nl-NL","@id":"https:\/\/startercultures.eu\/nl\/product\/worst-en-vleeswaren-nl\/complete-pakketten-nl\/noord-europese-droge-worst-pakket-nl\/#primaryimage","url":"https:\/\/startercultures.eu\/wp-content\/uploads\/2020\/07\/85136f04f25cac16b88898dd9309c5bf160b3393.jpg","contentUrl":"https:\/\/startercultures.eu\/wp-content\/uploads\/2020\/07\/85136f04f25cac16b88898dd9309c5bf160b3393.jpg","width":450,"height":450},{"@type":"BreadcrumbList","@id":"https:\/\/startercultures.eu\/nl\/product\/worst-en-vleeswaren-nl\/complete-pakketten-nl\/noord-europese-droge-worst-pakket-nl\/#breadcrumb","itemListElement":[{"@type":"ListItem","position":1,"name":"Home","item":"https:\/\/startercultures.eu\/nl\/"},{"@type":"ListItem","position":2,"name":"Winkel","item":"https:\/\/startercultures.eu\/nl\/winkel\/"},{"@type":"ListItem","position":3,"name":"Alles in \u00e9\u00e9n &#8216;maak je eigen Noord-Europese droge worst&#8217; starterspakket"}]},{"@type":"WebSite","@id":"https:\/\/startercultures.eu\/nl\/#website","url":"https:\/\/startercultures.eu\/nl\/","name":"Startercultures.eu","description":"Startercultures.eu","publisher":{"@id":"https:\/\/startercultures.eu\/nl\/#organization"},"potentialAction":[{"@type":"SearchAction","target":{"@type":"EntryPoint","urlTemplate":"https:\/\/startercultures.eu\/nl\/?s={search_term_string}"},"query-input":{"@type":"PropertyValueSpecification","valueRequired":true,"valueName":"search_term_string"}}],"inLanguage":"nl-NL"},{"@type":"Organization","@id":"https:\/\/startercultures.eu\/nl\/#organization","name":"Startercultures.eu","url":"https:\/\/startercultures.eu\/nl\/","logo":{"@type":"ImageObject","inLanguage":"nl-NL","@id":"https:\/\/startercultures.eu\/nl\/#\/schema\/logo\/image\/","url":"https:\/\/startercultures.eu\/wp-content\/uploads\/2020\/08\/startercultures-eu-nl-logo-rond-rgb.png","contentUrl":"https:\/\/startercultures.eu\/wp-content\/uploads\/2020\/08\/startercultures-eu-nl-logo-rond-rgb.png","width":320,"height":320,"caption":"Startercultures.eu"},"image":{"@id":"https:\/\/startercultures.eu\/nl\/#\/schema\/logo\/image\/"},"sameAs":["https:\/\/www.facebook.com\/startercultureseu","https:\/\/www.instagram.com\/startercultures.eu\/"]}]},"product_price_amount":"62.05","product_price_currency":"EUR","og_availability":"instock","product_availability":"instock","product_retailer_item_id":"14","product_condition":"new"},"_links":{"self":[{"href":"https:\/\/startercultures.eu\/nl\/wp-json\/wp\/v2\/product\/6187","targetHints":{"allow":["GET"]}}],"collection":[{"href":"https:\/\/startercultures.eu\/nl\/wp-json\/wp\/v2\/product"}],"about":[{"href":"https:\/\/startercultures.eu\/nl\/wp-json\/wp\/v2\/types\/product"}],"replies":[{"embeddable":true,"href":"https:\/\/startercultures.eu\/nl\/wp-json\/wp\/v2\/comments?post=6187"}],"version-history":[{"count":1,"href":"https:\/\/startercultures.eu\/nl\/wp-json\/wp\/v2\/product\/6187\/revisions"}],"predecessor-version":[{"id":67816,"href":"https:\/\/startercultures.eu\/nl\/wp-json\/wp\/v2\/product\/6187\/revisions\/67816"}],"wp:featuredmedia":[{"embeddable":true,"href":"https:\/\/startercultures.eu\/nl\/wp-json\/wp\/v2\/media\/15182"}],"wp:attachment":[{"href":"https:\/\/startercultures.eu\/nl\/wp-json\/wp\/v2\/media?parent=6187"}],"wp:term":[{"taxonomy":"product_brand","embeddable":true,"href":"https:\/\/startercultures.eu\/nl\/wp-json\/wp\/v2\/product_brand?post=6187"},{"taxonomy":"product_cat","embeddable":true,"href":"https:\/\/startercultures.eu\/nl\/wp-json\/wp\/v2\/product_cat?post=6187"},{"taxonomy":"product_tag","embeddable":true,"href":"https:\/\/startercultures.eu\/nl\/wp-json\/wp\/v2\/product_tag?post=6187"}],"curies":[{"name":"wp","href":"https:\/\/api.w.org\/{rel}","templated":true}]}}