{"id":6219,"date":"2020-07-31T16:29:12","date_gmt":"2020-07-31T14:29:12","guid":{"rendered":"http:\/\/starterculturen.com\/?post_type=product&#038;p=6219"},"modified":"2026-04-10T14:52:16","modified_gmt":"2026-04-10T12:52:16","slug":"transparante-barrieredarm-50-mm-nl","status":"publish","type":"product","link":"https:\/\/startercultures.eu\/nl\/product\/fermentation-nl\/bonen-granen-rijst-nl\/transparante-barrieredarm-50-mm-nl\/","title":{"rendered":"Transparante barri\u00e8redarm &#8211; 50 mm"},"content":{"rendered":"<h3>Wat zijn is een kunststof transparante barri\u00e8redarm?<\/h3>\n<p>Het type &#8216;barri\u00e8redarm&#8217; zorgt dat het lichtongevoelig is en de inhoud daardoor niet verkleurt. De darm is wel doorzichtig zodat je de inhoud mooi blijft zien.<\/p>\n<h3>Waarvoor gebruik je transparante kunststof barri\u00e8re darmen?<\/h3>\n<p>Deze 50 mm transparante kunststof darm is erg geschikt voor alle standaard diameter grillworsten, leverworsten, snijbare bloedworsten en gekookte worsten die niet gerookt hoeven te worden. Ook voor ongerookte ossenworst is deze darm uitstekend geschikt. Ze zijn al op lengte, \u00e9\u00e9n darm is \u00e9\u00e9n worstje.<\/p>\n<p>Het type &#8216;barri\u00e8redarm&#8217; zorgt dat het lichtongevoelig is en de inhoud daardoor niet verkleurt. Dat is vooral handig als je hem voor langere tijd wilt bewaren of in een toonbank wilt leggen.<\/p>\n<h3>Ook voor tempeh<\/h3>\n<p>Tip: deze darmen zijn ook erg geschikt om &#8211; na er wat gaatjes in geprikt te hebben met een speld of worstprikker &#8211; te gebruiken voor het maken van <a href=\"https:\/\/nl.wikipedia.org\/wiki\/Temp%C3%A9\" target=\"_blank\" rel=\"noopener\">tempeh<\/a>.<\/p>\n<h3>Inhoud<\/h3>\n<ul>\n<li>In 2 maten beschikbaar:\n<ul>\n<li>Per 5<\/li>\n<li>Per 25 (40% korting)<\/li>\n<\/ul>\n<\/li>\n<li>Materiaal: polyamiden, polyethyleen en gemodificeerde polyethyleen<\/li>\n<li>Kleur: transparant<\/li>\n<li>Diameter: 50 mm<\/li>\n<li>Lengte: 35 cm<\/li>\n<li>Met ophanglus<\/li>\n<li>Niet eetbaar<\/li>\n<\/ul>\n<h3>Hoe gebruik je de transparante barri\u00e8redarm?<\/h3>\n<ul>\n<li>Direct te gebruiken, dus weken niet nodig.<\/li>\n<li>Niet geschikt voor roken<\/li>\n<\/ul>\n<h3 data-fontsize=\"21\" data-lineheight=\"27.3px\">Transparante barri\u00e8redarm kopen?<\/h3>\n<p>Je bestelt transparante barri\u00e8redarmen bij starterculturen.nl, d\u00e9 webwinkel voor al je charcuterie, pat\u00e9 en worstingredi\u00ebnten. Van Meneer Wateetons de auteur van de standaardwerken <a href=\"https:\/\/startercultures.eu\/nl\/product-category\/boeken\/\" target=\"_blank\" rel=\"noopener noreferrer\">De Worstbijbel (2018) en Over Charcuterie (2019)<\/a> Op werkdagen voor 15:00 besteld, dezelfde dag verzonden.\u00a0 Vragen over het gebruik van de transparante barri\u00e8redarm? Stel ze via de chatfunctie. We komen er altijd uit.<\/p>\n<h3 class=\"fusion-responsive-typography-calculated\" data-fontsize=\"21\" data-lineheight=\"27.3px\">Meer leren?<\/h3>\n<p>Lees voor je je je eigen droge worst of charcuterie gaat maken\u00a0<a href=\"https:\/\/startercultures.eu\/nl\/product-category\/boeken\/\" target=\"_blank\" rel=\"noopener noreferrer\">De Worstbijbel (2018) of Over Charcuterie (2019)<\/a>.<\/p>\n<h3>Online on demand workshop &#8216;maak je eigen grillworst&#8217;<\/h3>\n<p>Tijdens onze <a href=\"https:\/\/startercultures.eu\/nl\/product\/online-workshops-nl\/online-workshop-worst-en-charcuterie\/online-on-demand-workshop-maak-je-eigen-grillworst\/\" target=\"_blank\" rel=\"noopener\">online workshop<\/a> leer je de theorie en praktijk van het maken van je eigen grilworst worst. Wat gaat er in een worst, waar haal je de ingredi\u00ebnten, wat zijn de belangrijkste valkuilen en wat voor grappige dingen kun je doen met darmen.\u00a0 Je zult leren dat je weinig materialen nodig hebt en dat alle ingredi\u00ebnten makkelijk te krijgen zijn. Na afloop van de workshop ben je voortaan in staat je eigen grilworsten te maken! Kijk <a href=\"https:\/\/startercultures.eu\/nl\/product\/online-workshops-nl\/online-workshop-worst-en-charcuterie\/online-on-demand-workshop-maak-je-eigen-grillworst\/\" target=\"_blank\" rel=\"noopener\">hier<\/a> voor meer info.<\/p>\n","protected":false},"excerpt":{"rendered":"<p>Deze 50 mm transparante kunststof darm is erg geschikt voor alle standaard diameter grillworsten, leverworsten, snijbare bloedworsten en gekookte worsten. Ook voor tempeh.<\/p>\n","protected":false},"featured_media":33689,"comment_status":"open","ping_status":"closed","template":"","meta":{"_acf_changed":false,"footnotes":""},"product_brand":[],"product_cat":[363,24,50,460,90],"product_tag":[],"class_list":{"0":"post-6219","1":"product","2":"type-product","3":"status-publish","4":"has-post-thumbnail","6":"product_cat-aziatisch-nl","7":"product_cat-bonen-granen-rijst-nl","8":"product_cat-kunstdarmen-nl","9":"product_cat-azitatische-tools-nl","10":"product_cat-vegan-darmen-nl","11":"pa_ean-8720297620553-nl","12":"pa_ean-8720297621840-nl-2","13":"pa_size-25-x-nl","14":"pa_size-5-x-nl","16":"first","17":"instock","18":"taxable","19":"shipping-taxable","20":"purchasable","21":"product-type-variable","22":"has-default-attributes"},"acf":[],"yoast_head":"<!-- This site is optimized with the Yoast SEO plugin v26.6 - https:\/\/yoast.com\/wordpress\/plugins\/seo\/ -->\n<title>Transparante barri\u00e8redarm voor worst en tempeh | starterculturen.nl<\/title>\n<meta name=\"description\" content=\"Deze 50 mm transparante barri\u00e8redarm is erg geschikt voor alle standaard diameter gegaarde worsten, \u00e9n voor tempeh. Koop ze hier!\" \/>\n<meta name=\"robots\" content=\"index, follow, max-snippet:-1, max-image-preview:large, max-video-preview:-1\" \/>\n<link rel=\"canonical\" href=\"https:\/\/startercultures.eu\/nl\/product\/fermentation-nl\/bonen-granen-rijst-nl\/transparante-barrieredarm-50-mm-nl\/\" \/>\n<meta property=\"og:locale\" content=\"nl_NL\" \/>\n<meta property=\"og:type\" content=\"article\" \/>\n<meta property=\"og:title\" content=\"Transparante barri\u00e8redarm voor worst en tempeh | starterculturen.nl\" \/>\n<meta property=\"og:description\" content=\"Deze 50 mm transparante barri\u00e8redarm is erg geschikt voor alle standaard diameter gegaarde worsten, \u00e9n voor tempeh. Koop ze hier!\" \/>\n<meta property=\"og:url\" content=\"https:\/\/startercultures.eu\/nl\/product\/fermentation-nl\/bonen-granen-rijst-nl\/transparante-barrieredarm-50-mm-nl\/\" \/>\n<meta property=\"og:site_name\" content=\"Startercultures.eu\" \/>\n<meta property=\"article:publisher\" content=\"https:\/\/www.facebook.com\/startercultureseu\" \/>\n<meta property=\"article:modified_time\" content=\"2026-04-10T12:52:16+00:00\" \/>\n<meta property=\"og:image\" content=\"https:\/\/startercultures.eu\/wp-content\/uploads\/2020\/07\/transparent-casing-50mm-2.png\" \/>\n\t<meta property=\"og:image:width\" content=\"1250\" \/>\n\t<meta property=\"og:image:height\" content=\"1250\" \/>\n\t<meta property=\"og:image:type\" content=\"image\/png\" \/>\n<meta name=\"twitter:card\" content=\"summary_large_image\" \/>\n<meta name=\"twitter:label1\" content=\"Availability\" \/>\n\t<meta name=\"twitter:data1\" content=\"Op voorraad\" \/>\n<script type=\"application\/ld+json\" class=\"yoast-schema-graph\">{\"@context\":\"https:\/\/schema.org\",\"@graph\":[{\"@type\":\"WebPage\",\"@id\":\"https:\/\/startercultures.eu\/nl\/product\/fermentation-nl\/bonen-granen-rijst-nl\/transparante-barrieredarm-50-mm-nl\/\",\"url\":\"https:\/\/startercultures.eu\/nl\/product\/fermentation-nl\/bonen-granen-rijst-nl\/transparante-barrieredarm-50-mm-nl\/\",\"name\":\"Transparante barri\u00e8redarm voor worst en tempeh | starterculturen.nl\",\"isPartOf\":{\"@id\":\"https:\/\/startercultures.eu\/nl\/#website\"},\"primaryImageOfPage\":{\"@id\":\"https:\/\/startercultures.eu\/nl\/product\/fermentation-nl\/bonen-granen-rijst-nl\/transparante-barrieredarm-50-mm-nl\/#primaryimage\"},\"image\":{\"@id\":\"https:\/\/startercultures.eu\/nl\/product\/fermentation-nl\/bonen-granen-rijst-nl\/transparante-barrieredarm-50-mm-nl\/#primaryimage\"},\"thumbnailUrl\":\"https:\/\/startercultures.eu\/wp-content\/uploads\/2020\/07\/transparent-casing-50mm-2.png\",\"datePublished\":\"2020-07-31T14:29:12+00:00\",\"dateModified\":\"2026-04-10T12:52:16+00:00\",\"description\":\"Deze 50 mm transparante barri\u00e8redarm is erg geschikt voor alle standaard diameter gegaarde worsten, \u00e9n voor tempeh. Koop ze hier!\",\"breadcrumb\":{\"@id\":\"https:\/\/startercultures.eu\/nl\/product\/fermentation-nl\/bonen-granen-rijst-nl\/transparante-barrieredarm-50-mm-nl\/#breadcrumb\"},\"inLanguage\":\"nl-NL\",\"potentialAction\":[{\"@type\":\"ReadAction\",\"target\":[\"https:\/\/startercultures.eu\/nl\/product\/fermentation-nl\/bonen-granen-rijst-nl\/transparante-barrieredarm-50-mm-nl\/\"]}]},{\"@type\":\"ImageObject\",\"inLanguage\":\"nl-NL\",\"@id\":\"https:\/\/startercultures.eu\/nl\/product\/fermentation-nl\/bonen-granen-rijst-nl\/transparante-barrieredarm-50-mm-nl\/#primaryimage\",\"url\":\"https:\/\/startercultures.eu\/wp-content\/uploads\/2020\/07\/transparent-casing-50mm-2.png\",\"contentUrl\":\"https:\/\/startercultures.eu\/wp-content\/uploads\/2020\/07\/transparent-casing-50mm-2.png\",\"width\":1250,\"height\":1250},{\"@type\":\"BreadcrumbList\",\"@id\":\"https:\/\/startercultures.eu\/nl\/product\/fermentation-nl\/bonen-granen-rijst-nl\/transparante-barrieredarm-50-mm-nl\/#breadcrumb\",\"itemListElement\":[{\"@type\":\"ListItem\",\"position\":1,\"name\":\"Home\",\"item\":\"https:\/\/startercultures.eu\/nl\/\"},{\"@type\":\"ListItem\",\"position\":2,\"name\":\"Winkel\",\"item\":\"https:\/\/startercultures.eu\/nl\/winkel\/\"},{\"@type\":\"ListItem\",\"position\":3,\"name\":\"Transparante barri\u00e8redarm &#8211; 50 mm\"}]},{\"@type\":\"WebSite\",\"@id\":\"https:\/\/startercultures.eu\/nl\/#website\",\"url\":\"https:\/\/startercultures.eu\/nl\/\",\"name\":\"Startercultures.eu\",\"description\":\"Startercultures.eu\",\"publisher\":{\"@id\":\"https:\/\/startercultures.eu\/nl\/#organization\"},\"potentialAction\":[{\"@type\":\"SearchAction\",\"target\":{\"@type\":\"EntryPoint\",\"urlTemplate\":\"https:\/\/startercultures.eu\/nl\/?s={search_term_string}\"},\"query-input\":{\"@type\":\"PropertyValueSpecification\",\"valueRequired\":true,\"valueName\":\"search_term_string\"}}],\"inLanguage\":\"nl-NL\"},{\"@type\":\"Organization\",\"@id\":\"https:\/\/startercultures.eu\/nl\/#organization\",\"name\":\"Startercultures.eu\",\"url\":\"https:\/\/startercultures.eu\/nl\/\",\"logo\":{\"@type\":\"ImageObject\",\"inLanguage\":\"nl-NL\",\"@id\":\"https:\/\/startercultures.eu\/nl\/#\/schema\/logo\/image\/\",\"url\":\"https:\/\/startercultures.eu\/wp-content\/uploads\/2020\/08\/startercultures-eu-nl-logo-rond-rgb.png\",\"contentUrl\":\"https:\/\/startercultures.eu\/wp-content\/uploads\/2020\/08\/startercultures-eu-nl-logo-rond-rgb.png\",\"width\":320,\"height\":320,\"caption\":\"Startercultures.eu\"},\"image\":{\"@id\":\"https:\/\/startercultures.eu\/nl\/#\/schema\/logo\/image\/\"},\"sameAs\":[\"https:\/\/www.facebook.com\/startercultureseu\",\"https:\/\/www.instagram.com\/startercultures.eu\/\"]}]}<\/script>\n<meta property=\"og:availability\" content=\"instock\" \/>\n<meta property=\"product:availability\" content=\"instock\" \/>\n<meta property=\"product:retailer_item_id\" content=\"374\" \/>\n<meta property=\"product:condition\" content=\"new\" \/>\n<!-- \/ Yoast SEO plugin. -->","yoast_head_json":{"title":"Transparante barri\u00e8redarm voor worst en tempeh | starterculturen.nl","description":"Deze 50 mm transparante barri\u00e8redarm is erg geschikt voor alle standaard diameter gegaarde worsten, \u00e9n voor tempeh. Koop ze hier!","robots":{"index":"index","follow":"follow","max-snippet":"max-snippet:-1","max-image-preview":"max-image-preview:large","max-video-preview":"max-video-preview:-1"},"canonical":"https:\/\/startercultures.eu\/nl\/product\/fermentation-nl\/bonen-granen-rijst-nl\/transparante-barrieredarm-50-mm-nl\/","og_locale":"nl_NL","og_type":"article","og_title":"Transparante barri\u00e8redarm voor worst en tempeh | starterculturen.nl","og_description":"Deze 50 mm transparante barri\u00e8redarm is erg geschikt voor alle standaard diameter gegaarde worsten, \u00e9n voor tempeh. Koop ze hier!","og_url":"https:\/\/startercultures.eu\/nl\/product\/fermentation-nl\/bonen-granen-rijst-nl\/transparante-barrieredarm-50-mm-nl\/","og_site_name":"Startercultures.eu","article_publisher":"https:\/\/www.facebook.com\/startercultureseu","article_modified_time":"2026-04-10T12:52:16+00:00","og_image":[{"width":1250,"height":1250,"url":"https:\/\/startercultures.eu\/wp-content\/uploads\/2020\/07\/transparent-casing-50mm-2.png","type":"image\/png"}],"twitter_card":"summary_large_image","twitter_misc":{"Availability":"Op voorraad"},"schema":{"@context":"https:\/\/schema.org","@graph":[{"@type":"WebPage","@id":"https:\/\/startercultures.eu\/nl\/product\/fermentation-nl\/bonen-granen-rijst-nl\/transparante-barrieredarm-50-mm-nl\/","url":"https:\/\/startercultures.eu\/nl\/product\/fermentation-nl\/bonen-granen-rijst-nl\/transparante-barrieredarm-50-mm-nl\/","name":"Transparante barri\u00e8redarm voor worst en tempeh | starterculturen.nl","isPartOf":{"@id":"https:\/\/startercultures.eu\/nl\/#website"},"primaryImageOfPage":{"@id":"https:\/\/startercultures.eu\/nl\/product\/fermentation-nl\/bonen-granen-rijst-nl\/transparante-barrieredarm-50-mm-nl\/#primaryimage"},"image":{"@id":"https:\/\/startercultures.eu\/nl\/product\/fermentation-nl\/bonen-granen-rijst-nl\/transparante-barrieredarm-50-mm-nl\/#primaryimage"},"thumbnailUrl":"https:\/\/startercultures.eu\/wp-content\/uploads\/2020\/07\/transparent-casing-50mm-2.png","datePublished":"2020-07-31T14:29:12+00:00","dateModified":"2026-04-10T12:52:16+00:00","description":"Deze 50 mm transparante barri\u00e8redarm is erg geschikt voor alle standaard diameter gegaarde worsten, \u00e9n voor tempeh. Koop ze hier!","breadcrumb":{"@id":"https:\/\/startercultures.eu\/nl\/product\/fermentation-nl\/bonen-granen-rijst-nl\/transparante-barrieredarm-50-mm-nl\/#breadcrumb"},"inLanguage":"nl-NL","potentialAction":[{"@type":"ReadAction","target":["https:\/\/startercultures.eu\/nl\/product\/fermentation-nl\/bonen-granen-rijst-nl\/transparante-barrieredarm-50-mm-nl\/"]}]},{"@type":"ImageObject","inLanguage":"nl-NL","@id":"https:\/\/startercultures.eu\/nl\/product\/fermentation-nl\/bonen-granen-rijst-nl\/transparante-barrieredarm-50-mm-nl\/#primaryimage","url":"https:\/\/startercultures.eu\/wp-content\/uploads\/2020\/07\/transparent-casing-50mm-2.png","contentUrl":"https:\/\/startercultures.eu\/wp-content\/uploads\/2020\/07\/transparent-casing-50mm-2.png","width":1250,"height":1250},{"@type":"BreadcrumbList","@id":"https:\/\/startercultures.eu\/nl\/product\/fermentation-nl\/bonen-granen-rijst-nl\/transparante-barrieredarm-50-mm-nl\/#breadcrumb","itemListElement":[{"@type":"ListItem","position":1,"name":"Home","item":"https:\/\/startercultures.eu\/nl\/"},{"@type":"ListItem","position":2,"name":"Winkel","item":"https:\/\/startercultures.eu\/nl\/winkel\/"},{"@type":"ListItem","position":3,"name":"Transparante barri\u00e8redarm &#8211; 50 mm"}]},{"@type":"WebSite","@id":"https:\/\/startercultures.eu\/nl\/#website","url":"https:\/\/startercultures.eu\/nl\/","name":"Startercultures.eu","description":"Startercultures.eu","publisher":{"@id":"https:\/\/startercultures.eu\/nl\/#organization"},"potentialAction":[{"@type":"SearchAction","target":{"@type":"EntryPoint","urlTemplate":"https:\/\/startercultures.eu\/nl\/?s={search_term_string}"},"query-input":{"@type":"PropertyValueSpecification","valueRequired":true,"valueName":"search_term_string"}}],"inLanguage":"nl-NL"},{"@type":"Organization","@id":"https:\/\/startercultures.eu\/nl\/#organization","name":"Startercultures.eu","url":"https:\/\/startercultures.eu\/nl\/","logo":{"@type":"ImageObject","inLanguage":"nl-NL","@id":"https:\/\/startercultures.eu\/nl\/#\/schema\/logo\/image\/","url":"https:\/\/startercultures.eu\/wp-content\/uploads\/2020\/08\/startercultures-eu-nl-logo-rond-rgb.png","contentUrl":"https:\/\/startercultures.eu\/wp-content\/uploads\/2020\/08\/startercultures-eu-nl-logo-rond-rgb.png","width":320,"height":320,"caption":"Startercultures.eu"},"image":{"@id":"https:\/\/startercultures.eu\/nl\/#\/schema\/logo\/image\/"},"sameAs":["https:\/\/www.facebook.com\/startercultureseu","https:\/\/www.instagram.com\/startercultures.eu\/"]}]},"og_availability":"instock","product_availability":"instock","product_retailer_item_id":"374","product_condition":"new"},"_links":{"self":[{"href":"https:\/\/startercultures.eu\/nl\/wp-json\/wp\/v2\/product\/6219","targetHints":{"allow":["GET"]}}],"collection":[{"href":"https:\/\/startercultures.eu\/nl\/wp-json\/wp\/v2\/product"}],"about":[{"href":"https:\/\/startercultures.eu\/nl\/wp-json\/wp\/v2\/types\/product"}],"replies":[{"embeddable":true,"href":"https:\/\/startercultures.eu\/nl\/wp-json\/wp\/v2\/comments?post=6219"}],"version-history":[{"count":3,"href":"https:\/\/startercultures.eu\/nl\/wp-json\/wp\/v2\/product\/6219\/revisions"}],"predecessor-version":[{"id":69874,"href":"https:\/\/startercultures.eu\/nl\/wp-json\/wp\/v2\/product\/6219\/revisions\/69874"}],"wp:featuredmedia":[{"embeddable":true,"href":"https:\/\/startercultures.eu\/nl\/wp-json\/wp\/v2\/media\/33689"}],"wp:attachment":[{"href":"https:\/\/startercultures.eu\/nl\/wp-json\/wp\/v2\/media?parent=6219"}],"wp:term":[{"taxonomy":"product_brand","embeddable":true,"href":"https:\/\/startercultures.eu\/nl\/wp-json\/wp\/v2\/product_brand?post=6219"},{"taxonomy":"product_cat","embeddable":true,"href":"https:\/\/startercultures.eu\/nl\/wp-json\/wp\/v2\/product_cat?post=6219"},{"taxonomy":"product_tag","embeddable":true,"href":"https:\/\/startercultures.eu\/nl\/wp-json\/wp\/v2\/product_tag?post=6219"}],"curies":[{"name":"wp","href":"https:\/\/api.w.org\/{rel}","templated":true}]}}