{"id":6231,"date":"2020-07-31T16:29:18","date_gmt":"2020-07-31T16:29:18","guid":{"rendered":"http:\/\/starterculturen.com\/?post_type=product&#038;p=6231"},"modified":"2026-02-03T22:18:12","modified_gmt":"2026-02-03T21:18:12","slug":"compleet-alles-in-een-worst-pakket-nl","status":"publish","type":"product","link":"https:\/\/startercultures.eu\/nl\/product\/worst-en-vleeswaren-nl\/complete-pakketten-nl\/compleet-alles-in-een-worst-pakket-nl\/","title":{"rendered":"Alles in \u00e9\u00e9n &#8216;maak je eigen worst&#8217;-starterspakket"},"content":{"rendered":"<p>Haal in \u00e9\u00e9n keer alles in huis om alle soorten worst te maken met dit complete &#8216;Zelf worst maken compleet starterspakket&#8217;: zowel verse worst als Noord- en Zuid-Europese stijl droge worst en alle typen gare worsten (bloedworst, gekookte worst, leverworst)!<\/p>\n<h3>Inhoud<\/h3>\n<p>Dit starterspakket bestaat uit:<\/p>\n<ul>\n<li><a href=\"https:\/\/www.starterculturen.nl\/c-4339667\/middelsnelle-culturen\/\">All round starter voor middel-snel en langzame fermentatie<\/a> (Hela Germet,\u00a0 Van Hees Primal SK natur)<\/li>\n<li>1 kg nitrietpekelzout (smaak, kleur, houdbaarheid)<\/li>\n<li>1 zakje kaliumnitraat (houdbaarheid en kleur bij langer rijpende worsten)<\/li>\n<li>1 zakje dextrose (&#8216;pokon&#8217; voor de fermenterende bacteri\u00ebn, tevens kleurvormend)<\/li>\n<li>1 zakje fosfaat (altijd een perfecte binding)<\/li>\n<li>1 zakje ascorbinezuur (vitamine C; kleurbehoudend, houdbaarheid)<\/li>\n<li>2 meter runderdarmen (voor langer rijpende worsten)<\/li>\n<li>1 tube varkensdarmen (voor korter rijpende worsten en verse worsten)<\/li>\n<li>1 tube schapendarm (voor knakworsten, merguez etc)<\/li>\n<li>1 zakje Bactoferm edelschimmel (voor een mooie schimmelbedekking)<\/li>\n<li>5 stuks 45 mm rookdoorlatende nylondarmen (voor kookworsten en droge worsten, bloedworsten en leverworsten)<\/li>\n<li>5 stuks 80 mm kunststof barri\u00e8redarmen (voor kookworsten, grillworsten)<\/li>\n<li>Worstprikker (om luchtbellen weg te prikken)<\/li>\n<li>Optioneel: maak indruk met je gereedschap! Bijvoorbeeld met <em>le<\/em> Porkert, wereldwijd bekend als \u2018de Ferrari onder de vleesmolens\u2019. Completeer deze oerdegelijke Tsjechische klassieker met vulhoorn en aanstamper.<\/li>\n<\/ul>\n<h3 data-fontsize=\"21\" data-lineheight=\"27.3px\">&#8216;Zelf worst maken compleet starterspakket&#8217; kopen?<\/h3>\n<p>Je bestelt alle ingredi\u00ebnten voor worst bij starterculturen.nl, d\u00e9 webwinkel voor al je charcuterie, pat\u00e9 en worstingredi\u00ebnten. Van Meneer Wateetons de auteur van de standaardwerken <a href=\"https:\/\/startercultures.eu\/nl\/product-category\/boeken\/\" target=\"_blank\" rel=\"noopener noreferrer\">De Worstbijbel (2018) en Over Charcuterie (2019)<\/a> Op werkdagen voor 15:00 besteld, dezelfde dag verzonden.\u00a0 Vragen over het gebruik van het worstpakket? Stel ze via de chatfunctie. We komen er altijd uit.<\/p>\n<h3 class=\"fusion-responsive-typography-calculated\" data-fontsize=\"21\" data-lineheight=\"27.3px\">Meer leren?<\/h3>\n<p>Lees voor je je je eigen droge worst of charcuterie gaat maken\u00a0<a href=\"https:\/\/startercultures.eu\/nl\/product-category\/boeken\/\" target=\"_blank\" rel=\"noopener noreferrer\">De Worstbijbel (2018) of Over Charcuterie (2019)\u00a0<\/a><\/p>\n<h3><img decoding=\"async\" class=\"lazyload wp-image-10940 alignright\" src=\"https:\/\/startercultures.eu\/wp-content\/uploads\/2021\/01\/workshop1-400-x-400-300x300.png\" data-orig-src=\"https:\/\/startercultures.eu\/wp-content\/uploads\/2021\/01\/workshop1-400-x-400-300x300.png\" alt=\"Worshop worst maken menee wateetons\" width=\"88\" height=\"88\" srcset=\"data:image\/svg+xml,%3Csvg%20xmlns%3D%27http%3A%2F%2Fwww.w3.org%2F2000%2Fsvg%27%20width%3D%2788%27%20height%3D%2788%27%20viewBox%3D%270%200%2088%2088%27%3E%3Crect%20width%3D%2788%27%20height%3D%2788%27%20fill-opacity%3D%220%22%2F%3E%3C%2Fsvg%3E\" data-srcset=\"https:\/\/startercultures.eu\/wp-content\/uploads\/2021\/01\/workshop1-400-x-400-66x66.png 66w, https:\/\/startercultures.eu\/wp-content\/uploads\/2021\/01\/workshop1-400-x-400-70x70.png 70w, https:\/\/startercultures.eu\/wp-content\/uploads\/2021\/01\/workshop1-400-x-400-100x100.png 100w, https:\/\/startercultures.eu\/wp-content\/uploads\/2021\/01\/workshop1-400-x-400-150x150.png 150w, https:\/\/startercultures.eu\/wp-content\/uploads\/2021\/01\/workshop1-400-x-400-200x200.png 200w, https:\/\/startercultures.eu\/wp-content\/uploads\/2021\/01\/workshop1-400-x-400-300x300.png 300w, https:\/\/startercultures.eu\/wp-content\/uploads\/2021\/01\/workshop1-400-x-400.png 400w\" data-sizes=\"auto\" data-orig-sizes=\"(max-width: 88px) 100vw, 88px\" \/><\/h3>\n<h3>Online on demand workshop &#8216;maak je eigen droge worst&#8217;<\/h3>\n<p>Verse worst maken is leuk, maar de ware uitdaging van het worstmakersvak is het cre\u00ebren van je eigen droge worst. Wat deze worsten onderscheidt van de verse braadworst is dat ze gefermenteerd\/gerijpt en in de meeste gevallen gedroogd zijn. Dat kun je in \u00e9\u00e9n avond en ook uitstekend <a href=\"https:\/\/startercultures.eu\/nl\/product\/online-workshops-nl\/online-workshop-worst-en-charcuterie\/online-on-demand-workshop-maak-je-eigen-droge-worst\/\" target=\"_blank\" rel=\"noopener\">online leren<\/a> van d\u00e9 expert op dit gebied: Meneer Wateetons, auteur van de Worstbijbel (2018). Kijk <a href=\"https:\/\/startercultures.eu\/nl\/product\/online-workshops-nl\/online-workshop-worst-en-charcuterie\/online-on-demand-workshop-maak-je-eigen-droge-worst\/\" target=\"_blank\" rel=\"noopener\">hier<\/a> voor meer info.<\/p>\n","protected":false},"excerpt":{"rendered":"<p>In \u00e9\u00e9n keer alles in huis om \u00e1lles te maken: zowel verse worst als Noord- en Zuid-Europese stijl droge worst en alle typen gare worsten (bloedworst, gekookte worst, leverworst)!<\/p>\n","protected":false},"featured_media":15197,"comment_status":"open","ping_status":"closed","template":"","meta":{"_acf_changed":false,"footnotes":""},"product_brand":[],"product_cat":[60,34,377],"product_tag":[],"class_list":{"0":"post-6231","1":"product","2":"type-product","3":"status-publish","4":"has-post-thumbnail","6":"product_cat-complete-pakketten-nl","7":"product_cat-starterkits-nl","8":"product_cat-worst-en-charcuterie-sterterkits-nl","9":"product_shipping_class-klein-pakket-nl","11":"first","12":"instock","13":"sale","14":"taxable","15":"shipping-taxable","16":"purchasable","17":"product-type-woosb"},"acf":[],"yoast_head":"<!-- This site is optimized with the Yoast SEO plugin v26.6 - https:\/\/yoast.com\/wordpress\/plugins\/seo\/ -->\n<title>Zelf worst maken compleet starterspakket | Starterculturen.nl<\/title>\n<meta name=\"description\" content=\"Haal in \u00e9\u00e9n keer alles in huis om alle soorten worst te maken met dit &#039;Zelf worst maken compleet starterspakket&#039; Lekker gemakkelijk!\" \/>\n<meta name=\"robots\" content=\"index, follow, max-snippet:-1, max-image-preview:large, max-video-preview:-1\" \/>\n<link rel=\"canonical\" href=\"https:\/\/startercultures.eu\/nl\/product\/worst-en-vleeswaren-nl\/complete-pakketten-nl\/compleet-alles-in-een-worst-pakket-nl\/\" \/>\n<meta property=\"og:locale\" content=\"nl_NL\" \/>\n<meta property=\"og:type\" content=\"article\" \/>\n<meta property=\"og:title\" content=\"Zelf worst maken compleet starterspakket | Starterculturen.nl\" \/>\n<meta property=\"og:description\" content=\"Haal in \u00e9\u00e9n keer alles in huis om alle soorten worst te maken met dit &#039;Zelf worst maken compleet starterspakket&#039; Lekker gemakkelijk!\" \/>\n<meta property=\"og:url\" content=\"https:\/\/startercultures.eu\/nl\/product\/worst-en-vleeswaren-nl\/complete-pakketten-nl\/compleet-alles-in-een-worst-pakket-nl\/\" \/>\n<meta property=\"og:site_name\" content=\"Startercultures.eu\" \/>\n<meta property=\"article:publisher\" content=\"https:\/\/www.facebook.com\/startercultureseu\" \/>\n<meta property=\"article:modified_time\" content=\"2026-02-03T21:18:12+00:00\" \/>\n<meta property=\"og:image\" content=\"https:\/\/startercultures.eu\/wp-content\/uploads\/2020\/07\/ddc44d15bf6b373f343e6d79793778e96e66b444.jpg\" \/>\n\t<meta property=\"og:image:width\" content=\"450\" \/>\n\t<meta property=\"og:image:height\" content=\"450\" \/>\n\t<meta property=\"og:image:type\" content=\"image\/jpeg\" \/>\n<meta name=\"twitter:card\" content=\"summary_large_image\" \/>\n<meta name=\"twitter:label1\" content=\"Price\" \/>\n\t<meta name=\"twitter:data1\" content=\"&euro;146,58\" \/>\n\t<meta name=\"twitter:label2\" content=\"Availability\" \/>\n\t<meta name=\"twitter:data2\" content=\"Op voorraad\" \/>\n<script type=\"application\/ld+json\" class=\"yoast-schema-graph\">{\"@context\":\"https:\/\/schema.org\",\"@graph\":[{\"@type\":\"WebPage\",\"@id\":\"https:\/\/startercultures.eu\/nl\/product\/worst-en-vleeswaren-nl\/complete-pakketten-nl\/compleet-alles-in-een-worst-pakket-nl\/\",\"url\":\"https:\/\/startercultures.eu\/nl\/product\/worst-en-vleeswaren-nl\/complete-pakketten-nl\/compleet-alles-in-een-worst-pakket-nl\/\",\"name\":\"Zelf worst maken compleet starterspakket | Starterculturen.nl\",\"isPartOf\":{\"@id\":\"https:\/\/startercultures.eu\/nl\/#website\"},\"primaryImageOfPage\":{\"@id\":\"https:\/\/startercultures.eu\/nl\/product\/worst-en-vleeswaren-nl\/complete-pakketten-nl\/compleet-alles-in-een-worst-pakket-nl\/#primaryimage\"},\"image\":{\"@id\":\"https:\/\/startercultures.eu\/nl\/product\/worst-en-vleeswaren-nl\/complete-pakketten-nl\/compleet-alles-in-een-worst-pakket-nl\/#primaryimage\"},\"thumbnailUrl\":\"https:\/\/startercultures.eu\/wp-content\/uploads\/2020\/07\/ddc44d15bf6b373f343e6d79793778e96e66b444.jpg\",\"datePublished\":\"2020-07-31T16:29:18+00:00\",\"dateModified\":\"2026-02-03T21:18:12+00:00\",\"description\":\"Haal in \u00e9\u00e9n keer alles in huis om alle soorten worst te maken met dit 'Zelf worst maken compleet starterspakket' Lekker gemakkelijk!\",\"breadcrumb\":{\"@id\":\"https:\/\/startercultures.eu\/nl\/product\/worst-en-vleeswaren-nl\/complete-pakketten-nl\/compleet-alles-in-een-worst-pakket-nl\/#breadcrumb\"},\"inLanguage\":\"nl-NL\",\"potentialAction\":[{\"@type\":\"ReadAction\",\"target\":[\"https:\/\/startercultures.eu\/nl\/product\/worst-en-vleeswaren-nl\/complete-pakketten-nl\/compleet-alles-in-een-worst-pakket-nl\/\"]}]},{\"@type\":\"ImageObject\",\"inLanguage\":\"nl-NL\",\"@id\":\"https:\/\/startercultures.eu\/nl\/product\/worst-en-vleeswaren-nl\/complete-pakketten-nl\/compleet-alles-in-een-worst-pakket-nl\/#primaryimage\",\"url\":\"https:\/\/startercultures.eu\/wp-content\/uploads\/2020\/07\/ddc44d15bf6b373f343e6d79793778e96e66b444.jpg\",\"contentUrl\":\"https:\/\/startercultures.eu\/wp-content\/uploads\/2020\/07\/ddc44d15bf6b373f343e6d79793778e96e66b444.jpg\",\"width\":450,\"height\":450},{\"@type\":\"BreadcrumbList\",\"@id\":\"https:\/\/startercultures.eu\/nl\/product\/worst-en-vleeswaren-nl\/complete-pakketten-nl\/compleet-alles-in-een-worst-pakket-nl\/#breadcrumb\",\"itemListElement\":[{\"@type\":\"ListItem\",\"position\":1,\"name\":\"Home\",\"item\":\"https:\/\/startercultures.eu\/nl\/\"},{\"@type\":\"ListItem\",\"position\":2,\"name\":\"Winkel\",\"item\":\"https:\/\/startercultures.eu\/nl\/winkel\/\"},{\"@type\":\"ListItem\",\"position\":3,\"name\":\"Alles in \u00e9\u00e9n &#8216;maak je eigen worst&#8217;-starterspakket\"}]},{\"@type\":\"WebSite\",\"@id\":\"https:\/\/startercultures.eu\/nl\/#website\",\"url\":\"https:\/\/startercultures.eu\/nl\/\",\"name\":\"Startercultures.eu\",\"description\":\"Startercultures.eu\",\"publisher\":{\"@id\":\"https:\/\/startercultures.eu\/nl\/#organization\"},\"potentialAction\":[{\"@type\":\"SearchAction\",\"target\":{\"@type\":\"EntryPoint\",\"urlTemplate\":\"https:\/\/startercultures.eu\/nl\/?s={search_term_string}\"},\"query-input\":{\"@type\":\"PropertyValueSpecification\",\"valueRequired\":true,\"valueName\":\"search_term_string\"}}],\"inLanguage\":\"nl-NL\"},{\"@type\":\"Organization\",\"@id\":\"https:\/\/startercultures.eu\/nl\/#organization\",\"name\":\"Startercultures.eu\",\"url\":\"https:\/\/startercultures.eu\/nl\/\",\"logo\":{\"@type\":\"ImageObject\",\"inLanguage\":\"nl-NL\",\"@id\":\"https:\/\/startercultures.eu\/nl\/#\/schema\/logo\/image\/\",\"url\":\"https:\/\/startercultures.eu\/wp-content\/uploads\/2020\/08\/startercultures-eu-nl-logo-rond-rgb.png\",\"contentUrl\":\"https:\/\/startercultures.eu\/wp-content\/uploads\/2020\/08\/startercultures-eu-nl-logo-rond-rgb.png\",\"width\":320,\"height\":320,\"caption\":\"Startercultures.eu\"},\"image\":{\"@id\":\"https:\/\/startercultures.eu\/nl\/#\/schema\/logo\/image\/\"},\"sameAs\":[\"https:\/\/www.facebook.com\/startercultureseu\",\"https:\/\/www.instagram.com\/startercultures.eu\/\"],\"hasMerchantReturnPolicy\":{\"@type\":\"MerchantReturnPolicy\",\"merchantReturnLink\":\"https:\/\/startercultures.eu\/return-policy\/\"}}]}<\/script>\n<meta property=\"product:price:amount\" content=\"146.58\" \/>\n<meta property=\"product:price:currency\" content=\"EUR\" \/>\n<meta property=\"og:availability\" content=\"instock\" \/>\n<meta property=\"product:availability\" content=\"instock\" \/>\n<meta property=\"product:retailer_item_id\" content=\"16\" \/>\n<meta property=\"product:condition\" content=\"new\" \/>\n<!-- \/ Yoast SEO plugin. -->","yoast_head_json":{"title":"Zelf worst maken compleet starterspakket | Starterculturen.nl","description":"Haal in \u00e9\u00e9n keer alles in huis om alle soorten worst te maken met dit 'Zelf worst maken compleet starterspakket' Lekker gemakkelijk!","robots":{"index":"index","follow":"follow","max-snippet":"max-snippet:-1","max-image-preview":"max-image-preview:large","max-video-preview":"max-video-preview:-1"},"canonical":"https:\/\/startercultures.eu\/nl\/product\/worst-en-vleeswaren-nl\/complete-pakketten-nl\/compleet-alles-in-een-worst-pakket-nl\/","og_locale":"nl_NL","og_type":"article","og_title":"Zelf worst maken compleet starterspakket | Starterculturen.nl","og_description":"Haal in \u00e9\u00e9n keer alles in huis om alle soorten worst te maken met dit 'Zelf worst maken compleet starterspakket' Lekker gemakkelijk!","og_url":"https:\/\/startercultures.eu\/nl\/product\/worst-en-vleeswaren-nl\/complete-pakketten-nl\/compleet-alles-in-een-worst-pakket-nl\/","og_site_name":"Startercultures.eu","article_publisher":"https:\/\/www.facebook.com\/startercultureseu","article_modified_time":"2026-02-03T21:18:12+00:00","og_image":[{"width":450,"height":450,"url":"https:\/\/startercultures.eu\/wp-content\/uploads\/2020\/07\/ddc44d15bf6b373f343e6d79793778e96e66b444.jpg","type":"image\/jpeg"}],"twitter_card":"summary_large_image","twitter_misc":{"Price":"&euro;146,58","Availability":"Op voorraad"},"schema":{"@context":"https:\/\/schema.org","@graph":[{"@type":"WebPage","@id":"https:\/\/startercultures.eu\/nl\/product\/worst-en-vleeswaren-nl\/complete-pakketten-nl\/compleet-alles-in-een-worst-pakket-nl\/","url":"https:\/\/startercultures.eu\/nl\/product\/worst-en-vleeswaren-nl\/complete-pakketten-nl\/compleet-alles-in-een-worst-pakket-nl\/","name":"Zelf worst maken compleet starterspakket | Starterculturen.nl","isPartOf":{"@id":"https:\/\/startercultures.eu\/nl\/#website"},"primaryImageOfPage":{"@id":"https:\/\/startercultures.eu\/nl\/product\/worst-en-vleeswaren-nl\/complete-pakketten-nl\/compleet-alles-in-een-worst-pakket-nl\/#primaryimage"},"image":{"@id":"https:\/\/startercultures.eu\/nl\/product\/worst-en-vleeswaren-nl\/complete-pakketten-nl\/compleet-alles-in-een-worst-pakket-nl\/#primaryimage"},"thumbnailUrl":"https:\/\/startercultures.eu\/wp-content\/uploads\/2020\/07\/ddc44d15bf6b373f343e6d79793778e96e66b444.jpg","datePublished":"2020-07-31T16:29:18+00:00","dateModified":"2026-02-03T21:18:12+00:00","description":"Haal in \u00e9\u00e9n keer alles in huis om alle soorten worst te maken met dit 'Zelf worst maken compleet starterspakket' Lekker gemakkelijk!","breadcrumb":{"@id":"https:\/\/startercultures.eu\/nl\/product\/worst-en-vleeswaren-nl\/complete-pakketten-nl\/compleet-alles-in-een-worst-pakket-nl\/#breadcrumb"},"inLanguage":"nl-NL","potentialAction":[{"@type":"ReadAction","target":["https:\/\/startercultures.eu\/nl\/product\/worst-en-vleeswaren-nl\/complete-pakketten-nl\/compleet-alles-in-een-worst-pakket-nl\/"]}]},{"@type":"ImageObject","inLanguage":"nl-NL","@id":"https:\/\/startercultures.eu\/nl\/product\/worst-en-vleeswaren-nl\/complete-pakketten-nl\/compleet-alles-in-een-worst-pakket-nl\/#primaryimage","url":"https:\/\/startercultures.eu\/wp-content\/uploads\/2020\/07\/ddc44d15bf6b373f343e6d79793778e96e66b444.jpg","contentUrl":"https:\/\/startercultures.eu\/wp-content\/uploads\/2020\/07\/ddc44d15bf6b373f343e6d79793778e96e66b444.jpg","width":450,"height":450},{"@type":"BreadcrumbList","@id":"https:\/\/startercultures.eu\/nl\/product\/worst-en-vleeswaren-nl\/complete-pakketten-nl\/compleet-alles-in-een-worst-pakket-nl\/#breadcrumb","itemListElement":[{"@type":"ListItem","position":1,"name":"Home","item":"https:\/\/startercultures.eu\/nl\/"},{"@type":"ListItem","position":2,"name":"Winkel","item":"https:\/\/startercultures.eu\/nl\/winkel\/"},{"@type":"ListItem","position":3,"name":"Alles in \u00e9\u00e9n &#8216;maak je eigen worst&#8217;-starterspakket"}]},{"@type":"WebSite","@id":"https:\/\/startercultures.eu\/nl\/#website","url":"https:\/\/startercultures.eu\/nl\/","name":"Startercultures.eu","description":"Startercultures.eu","publisher":{"@id":"https:\/\/startercultures.eu\/nl\/#organization"},"potentialAction":[{"@type":"SearchAction","target":{"@type":"EntryPoint","urlTemplate":"https:\/\/startercultures.eu\/nl\/?s={search_term_string}"},"query-input":{"@type":"PropertyValueSpecification","valueRequired":true,"valueName":"search_term_string"}}],"inLanguage":"nl-NL"},{"@type":"Organization","@id":"https:\/\/startercultures.eu\/nl\/#organization","name":"Startercultures.eu","url":"https:\/\/startercultures.eu\/nl\/","logo":{"@type":"ImageObject","inLanguage":"nl-NL","@id":"https:\/\/startercultures.eu\/nl\/#\/schema\/logo\/image\/","url":"https:\/\/startercultures.eu\/wp-content\/uploads\/2020\/08\/startercultures-eu-nl-logo-rond-rgb.png","contentUrl":"https:\/\/startercultures.eu\/wp-content\/uploads\/2020\/08\/startercultures-eu-nl-logo-rond-rgb.png","width":320,"height":320,"caption":"Startercultures.eu"},"image":{"@id":"https:\/\/startercultures.eu\/nl\/#\/schema\/logo\/image\/"},"sameAs":["https:\/\/www.facebook.com\/startercultureseu","https:\/\/www.instagram.com\/startercultures.eu\/"],"hasMerchantReturnPolicy":{"@type":"MerchantReturnPolicy","merchantReturnLink":"https:\/\/startercultures.eu\/return-policy\/"}}]},"product_price_amount":"146.58","product_price_currency":"EUR","og_availability":"instock","product_availability":"instock","product_retailer_item_id":"16","product_condition":"new"},"_links":{"self":[{"href":"https:\/\/startercultures.eu\/nl\/wp-json\/wp\/v2\/product\/6231","targetHints":{"allow":["GET"]}}],"collection":[{"href":"https:\/\/startercultures.eu\/nl\/wp-json\/wp\/v2\/product"}],"about":[{"href":"https:\/\/startercultures.eu\/nl\/wp-json\/wp\/v2\/types\/product"}],"replies":[{"embeddable":true,"href":"https:\/\/startercultures.eu\/nl\/wp-json\/wp\/v2\/comments?post=6231"}],"version-history":[{"count":2,"href":"https:\/\/startercultures.eu\/nl\/wp-json\/wp\/v2\/product\/6231\/revisions"}],"predecessor-version":[{"id":70334,"href":"https:\/\/startercultures.eu\/nl\/wp-json\/wp\/v2\/product\/6231\/revisions\/70334"}],"wp:featuredmedia":[{"embeddable":true,"href":"https:\/\/startercultures.eu\/nl\/wp-json\/wp\/v2\/media\/15197"}],"wp:attachment":[{"href":"https:\/\/startercultures.eu\/nl\/wp-json\/wp\/v2\/media?parent=6231"}],"wp:term":[{"taxonomy":"product_brand","embeddable":true,"href":"https:\/\/startercultures.eu\/nl\/wp-json\/wp\/v2\/product_brand?post=6231"},{"taxonomy":"product_cat","embeddable":true,"href":"https:\/\/startercultures.eu\/nl\/wp-json\/wp\/v2\/product_cat?post=6231"},{"taxonomy":"product_tag","embeddable":true,"href":"https:\/\/startercultures.eu\/nl\/wp-json\/wp\/v2\/product_tag?post=6231"}],"curies":[{"name":"wp","href":"https:\/\/api.w.org\/{rel}","templated":true}]}}