{"id":6247,"date":"2020-07-31T16:29:31","date_gmt":"2020-07-31T16:29:31","guid":{"rendered":"http:\/\/starterculturen.com\/?post_type=product&#038;p=6247"},"modified":"2026-04-17T07:34:38","modified_gmt":"2026-04-17T05:34:38","slug":"cellulosedarm-vocht-en-rookdoorlatend-90-mm-nl","status":"publish","type":"product","link":"https:\/\/startercultures.eu\/nl\/product\/worst-en-vleeswaren-nl\/darmen-nl\/kunstdarmen-nl\/cellulosedarm-vocht-en-rookdoorlatend-90-mm-nl\/","title":{"rendered":"Cellulosedarm &#8211; 90 mm | voor worst"},"content":{"rendered":"<h3>Wat is een cellulosedarm?<\/h3>\n<p>Een cellulosedarm is een uitstekende rook- en vochtdoorlatende darm die daarom heel geschikt is voor veel verschillende soorten worsten.<\/p>\n<h3>Waarvoor gebruik je een cellulosedarm?<\/h3>\n<p>Roken, koken, alles kan ermee. Ook is hij te gebruiken als darm voor gedroogde worsten als je een grotere diameter wilt dan de gewone varkensdarm, bijvoorbeeld voor droge worsten van het Zuid-Europese type. Kan ook gewoon als darm voor alle kookworsten, leverworsten en bloedworsten gebruikt worden. Extra makkelijk pelbaar zodat je worst niet beschadigt bij het aansnijden. Door de lus is hij goed op te hangen.<\/p>\n<h3>Inhoud<\/h3>\n<ul>\n<li>Materiaal: vezels<\/li>\n<li>Kleur: donker oranje<\/li>\n<li>Diameter: 90 mm<\/li>\n<li>Lengte: 60\u00a0cm<\/li>\n<li>Witte lus<\/li>\n<li>Makkelijk te pellen<\/li>\n<li>Worden per 5 verkocht<\/li>\n<li>Niet eetbaar<\/li>\n<\/ul>\n<h3 data-fontsize=\"21\" data-lineheight=\"27.3px\">Cellulosedarm kopen?<\/h3>\n<p>Je bestelt cellulosedarmen bij starterculturen.nl, d\u00e9 webwinkel voor al je charcuterie, pat\u00e9 en worstingredi\u00ebnten. Van Meneer Wateetons de auteur van de standaardwerken <a href=\"https:\/\/startercultures.eu\/nl\/product-category\/boeken\/\" target=\"_blank\" rel=\"noopener noreferrer\">De Worstbijbel (2018) en Over Charcuterie (2019)<\/a> Op werkdagen voor 15:00 besteld, dezelfde dag verzonden.\u00a0 Vragen over het gebruik van cellulosedarmen? Stel ze via de chatfunctie. We komen er altijd uit.<\/p>\n<h3 class=\"fusion-responsive-typography-calculated\" data-fontsize=\"21\" data-lineheight=\"27.3px\">Meer leren?<\/h3>\n<p>Lees voor je je je eigen droge worst of charcuterie gaat maken\u00a0<a href=\"https:\/\/startercultures.eu\/nl\/product-category\/boeken\/\" target=\"_blank\" rel=\"noopener noreferrer\">De Worstbijbel (2018) of Over Charcuterie (2019)\u00a0<\/a>of volg een (online)\u00a0<a href=\"https:\/\/wateetons.com\/wateetons-workshops\/\" target=\"_blank\" rel=\"noopener noreferrer\">workshop van Meneer Wateetons<\/a>.<\/p>\n","protected":false},"excerpt":{"rendered":"<p>Een uitstekende rook- en vochtdoorlatende darm die daarom geschikt is voor vrijwel alle worstsoorten.<\/p>\n","protected":false},"featured_media":14536,"comment_status":"open","ping_status":"closed","template":"","meta":{"_acf_changed":false,"footnotes":""},"product_brand":[],"product_cat":[50,90],"product_tag":[],"class_list":{"0":"post-6247","1":"product","2":"type-product","3":"status-publish","4":"has-post-thumbnail","6":"product_cat-kunstdarmen-nl","7":"product_cat-vegan-darmen-nl","8":"pa_ean-8720297620560-nl","10":"first","11":"instock","12":"taxable","13":"shipping-taxable","14":"purchasable","15":"product-type-simple"},"acf":[],"yoast_head":"<!-- This site is optimized with the Yoast SEO plugin v26.6 - https:\/\/yoast.com\/wordpress\/plugins\/seo\/ -->\n<title>Cellulosedarm voor zelf worst maken | starterculturen.nl<\/title>\n<meta name=\"description\" content=\"Een groot kaliber uitstekende rook- en vochtdoorlatende cellulosedarm die daarom geschikt is voor vrijwel alle worstsoorten. Koop m hier!\" \/>\n<meta name=\"robots\" content=\"index, follow, max-snippet:-1, max-image-preview:large, max-video-preview:-1\" \/>\n<link rel=\"canonical\" href=\"https:\/\/startercultures.eu\/nl\/product\/worst-en-vleeswaren-nl\/darmen-nl\/kunstdarmen-nl\/cellulosedarm-vocht-en-rookdoorlatend-90-mm-nl\/\" \/>\n<meta property=\"og:locale\" content=\"nl_NL\" \/>\n<meta property=\"og:type\" content=\"article\" \/>\n<meta property=\"og:title\" content=\"Cellulosedarm voor zelf worst maken | starterculturen.nl\" \/>\n<meta property=\"og:description\" content=\"Een groot kaliber uitstekende rook- en vochtdoorlatende cellulosedarm die daarom geschikt is voor vrijwel alle worstsoorten. Koop m hier!\" \/>\n<meta property=\"og:url\" content=\"https:\/\/startercultures.eu\/nl\/product\/worst-en-vleeswaren-nl\/darmen-nl\/kunstdarmen-nl\/cellulosedarm-vocht-en-rookdoorlatend-90-mm-nl\/\" \/>\n<meta property=\"og:site_name\" content=\"Startercultures.eu\" \/>\n<meta property=\"article:publisher\" content=\"https:\/\/www.facebook.com\/startercultureseu\" \/>\n<meta property=\"article:modified_time\" content=\"2026-04-17T05:34:38+00:00\" \/>\n<meta property=\"og:image\" content=\"https:\/\/startercultures.eu\/wp-content\/uploads\/2021\/01\/90-mm-casing.png\" \/>\n\t<meta property=\"og:image:width\" content=\"1023\" \/>\n\t<meta property=\"og:image:height\" content=\"864\" \/>\n\t<meta property=\"og:image:type\" content=\"image\/png\" \/>\n<meta name=\"twitter:card\" content=\"summary_large_image\" \/>\n<meta name=\"twitter:label1\" content=\"Price\" \/>\n\t<meta name=\"twitter:data1\" content=\"&euro;11,99\" \/>\n\t<meta name=\"twitter:label2\" content=\"Availability\" \/>\n\t<meta name=\"twitter:data2\" content=\"Op voorraad\" \/>\n<script type=\"application\/ld+json\" class=\"yoast-schema-graph\">{\"@context\":\"https:\/\/schema.org\",\"@graph\":[{\"@type\":\"WebPage\",\"@id\":\"https:\/\/startercultures.eu\/nl\/product\/worst-en-vleeswaren-nl\/darmen-nl\/kunstdarmen-nl\/cellulosedarm-vocht-en-rookdoorlatend-90-mm-nl\/\",\"url\":\"https:\/\/startercultures.eu\/nl\/product\/worst-en-vleeswaren-nl\/darmen-nl\/kunstdarmen-nl\/cellulosedarm-vocht-en-rookdoorlatend-90-mm-nl\/\",\"name\":\"Cellulosedarm voor zelf worst maken | starterculturen.nl\",\"isPartOf\":{\"@id\":\"https:\/\/startercultures.eu\/nl\/#website\"},\"primaryImageOfPage\":{\"@id\":\"https:\/\/startercultures.eu\/nl\/product\/worst-en-vleeswaren-nl\/darmen-nl\/kunstdarmen-nl\/cellulosedarm-vocht-en-rookdoorlatend-90-mm-nl\/#primaryimage\"},\"image\":{\"@id\":\"https:\/\/startercultures.eu\/nl\/product\/worst-en-vleeswaren-nl\/darmen-nl\/kunstdarmen-nl\/cellulosedarm-vocht-en-rookdoorlatend-90-mm-nl\/#primaryimage\"},\"thumbnailUrl\":\"https:\/\/startercultures.eu\/wp-content\/uploads\/2021\/01\/90-mm-casing.png\",\"datePublished\":\"2020-07-31T16:29:31+00:00\",\"dateModified\":\"2026-04-17T05:34:38+00:00\",\"description\":\"Een groot kaliber uitstekende rook- en vochtdoorlatende cellulosedarm die daarom geschikt is voor vrijwel alle worstsoorten. Koop m hier!\",\"breadcrumb\":{\"@id\":\"https:\/\/startercultures.eu\/nl\/product\/worst-en-vleeswaren-nl\/darmen-nl\/kunstdarmen-nl\/cellulosedarm-vocht-en-rookdoorlatend-90-mm-nl\/#breadcrumb\"},\"inLanguage\":\"nl-NL\",\"potentialAction\":[{\"@type\":\"ReadAction\",\"target\":[\"https:\/\/startercultures.eu\/nl\/product\/worst-en-vleeswaren-nl\/darmen-nl\/kunstdarmen-nl\/cellulosedarm-vocht-en-rookdoorlatend-90-mm-nl\/\"]}]},{\"@type\":\"ImageObject\",\"inLanguage\":\"nl-NL\",\"@id\":\"https:\/\/startercultures.eu\/nl\/product\/worst-en-vleeswaren-nl\/darmen-nl\/kunstdarmen-nl\/cellulosedarm-vocht-en-rookdoorlatend-90-mm-nl\/#primaryimage\",\"url\":\"https:\/\/startercultures.eu\/wp-content\/uploads\/2021\/01\/90-mm-casing.png\",\"contentUrl\":\"https:\/\/startercultures.eu\/wp-content\/uploads\/2021\/01\/90-mm-casing.png\",\"width\":1023,\"height\":864,\"caption\":\"Cellulosedarm\"},{\"@type\":\"BreadcrumbList\",\"@id\":\"https:\/\/startercultures.eu\/nl\/product\/worst-en-vleeswaren-nl\/darmen-nl\/kunstdarmen-nl\/cellulosedarm-vocht-en-rookdoorlatend-90-mm-nl\/#breadcrumb\",\"itemListElement\":[{\"@type\":\"ListItem\",\"position\":1,\"name\":\"Home\",\"item\":\"https:\/\/startercultures.eu\/nl\/\"},{\"@type\":\"ListItem\",\"position\":2,\"name\":\"Winkel\",\"item\":\"https:\/\/startercultures.eu\/nl\/winkel\/\"},{\"@type\":\"ListItem\",\"position\":3,\"name\":\"Cellulosedarm &#8211; 90 mm | voor worst\"}]},{\"@type\":\"WebSite\",\"@id\":\"https:\/\/startercultures.eu\/nl\/#website\",\"url\":\"https:\/\/startercultures.eu\/nl\/\",\"name\":\"Startercultures.eu\",\"description\":\"Startercultures.eu\",\"publisher\":{\"@id\":\"https:\/\/startercultures.eu\/nl\/#organization\"},\"potentialAction\":[{\"@type\":\"SearchAction\",\"target\":{\"@type\":\"EntryPoint\",\"urlTemplate\":\"https:\/\/startercultures.eu\/nl\/?s={search_term_string}\"},\"query-input\":{\"@type\":\"PropertyValueSpecification\",\"valueRequired\":true,\"valueName\":\"search_term_string\"}}],\"inLanguage\":\"nl-NL\"},{\"@type\":\"Organization\",\"@id\":\"https:\/\/startercultures.eu\/nl\/#organization\",\"name\":\"Startercultures.eu\",\"url\":\"https:\/\/startercultures.eu\/nl\/\",\"logo\":{\"@type\":\"ImageObject\",\"inLanguage\":\"nl-NL\",\"@id\":\"https:\/\/startercultures.eu\/nl\/#\/schema\/logo\/image\/\",\"url\":\"https:\/\/startercultures.eu\/wp-content\/uploads\/2020\/08\/startercultures-eu-nl-logo-rond-rgb.png\",\"contentUrl\":\"https:\/\/startercultures.eu\/wp-content\/uploads\/2020\/08\/startercultures-eu-nl-logo-rond-rgb.png\",\"width\":320,\"height\":320,\"caption\":\"Startercultures.eu\"},\"image\":{\"@id\":\"https:\/\/startercultures.eu\/nl\/#\/schema\/logo\/image\/\"},\"sameAs\":[\"https:\/\/www.facebook.com\/startercultureseu\",\"https:\/\/www.instagram.com\/startercultures.eu\/\"]}]}<\/script>\n<meta property=\"product:price:amount\" content=\"11.99\" \/>\n<meta property=\"product:price:currency\" content=\"EUR\" \/>\n<meta property=\"og:availability\" content=\"instock\" \/>\n<meta property=\"product:availability\" content=\"instock\" \/>\n<meta property=\"product:retailer_item_id\" content=\"8\" \/>\n<meta property=\"product:condition\" content=\"new\" \/>\n<!-- \/ Yoast SEO plugin. -->","yoast_head_json":{"title":"Cellulosedarm voor zelf worst maken | starterculturen.nl","description":"Een groot kaliber uitstekende rook- en vochtdoorlatende cellulosedarm die daarom geschikt is voor vrijwel alle worstsoorten. Koop m hier!","robots":{"index":"index","follow":"follow","max-snippet":"max-snippet:-1","max-image-preview":"max-image-preview:large","max-video-preview":"max-video-preview:-1"},"canonical":"https:\/\/startercultures.eu\/nl\/product\/worst-en-vleeswaren-nl\/darmen-nl\/kunstdarmen-nl\/cellulosedarm-vocht-en-rookdoorlatend-90-mm-nl\/","og_locale":"nl_NL","og_type":"article","og_title":"Cellulosedarm voor zelf worst maken | starterculturen.nl","og_description":"Een groot kaliber uitstekende rook- en vochtdoorlatende cellulosedarm die daarom geschikt is voor vrijwel alle worstsoorten. Koop m hier!","og_url":"https:\/\/startercultures.eu\/nl\/product\/worst-en-vleeswaren-nl\/darmen-nl\/kunstdarmen-nl\/cellulosedarm-vocht-en-rookdoorlatend-90-mm-nl\/","og_site_name":"Startercultures.eu","article_publisher":"https:\/\/www.facebook.com\/startercultureseu","article_modified_time":"2026-04-17T05:34:38+00:00","og_image":[{"width":1023,"height":864,"url":"https:\/\/startercultures.eu\/wp-content\/uploads\/2021\/01\/90-mm-casing.png","type":"image\/png"}],"twitter_card":"summary_large_image","twitter_misc":{"Price":"&euro;11,99","Availability":"Op voorraad"},"schema":{"@context":"https:\/\/schema.org","@graph":[{"@type":"WebPage","@id":"https:\/\/startercultures.eu\/nl\/product\/worst-en-vleeswaren-nl\/darmen-nl\/kunstdarmen-nl\/cellulosedarm-vocht-en-rookdoorlatend-90-mm-nl\/","url":"https:\/\/startercultures.eu\/nl\/product\/worst-en-vleeswaren-nl\/darmen-nl\/kunstdarmen-nl\/cellulosedarm-vocht-en-rookdoorlatend-90-mm-nl\/","name":"Cellulosedarm voor zelf worst maken | starterculturen.nl","isPartOf":{"@id":"https:\/\/startercultures.eu\/nl\/#website"},"primaryImageOfPage":{"@id":"https:\/\/startercultures.eu\/nl\/product\/worst-en-vleeswaren-nl\/darmen-nl\/kunstdarmen-nl\/cellulosedarm-vocht-en-rookdoorlatend-90-mm-nl\/#primaryimage"},"image":{"@id":"https:\/\/startercultures.eu\/nl\/product\/worst-en-vleeswaren-nl\/darmen-nl\/kunstdarmen-nl\/cellulosedarm-vocht-en-rookdoorlatend-90-mm-nl\/#primaryimage"},"thumbnailUrl":"https:\/\/startercultures.eu\/wp-content\/uploads\/2021\/01\/90-mm-casing.png","datePublished":"2020-07-31T16:29:31+00:00","dateModified":"2026-04-17T05:34:38+00:00","description":"Een groot kaliber uitstekende rook- en vochtdoorlatende cellulosedarm die daarom geschikt is voor vrijwel alle worstsoorten. Koop m hier!","breadcrumb":{"@id":"https:\/\/startercultures.eu\/nl\/product\/worst-en-vleeswaren-nl\/darmen-nl\/kunstdarmen-nl\/cellulosedarm-vocht-en-rookdoorlatend-90-mm-nl\/#breadcrumb"},"inLanguage":"nl-NL","potentialAction":[{"@type":"ReadAction","target":["https:\/\/startercultures.eu\/nl\/product\/worst-en-vleeswaren-nl\/darmen-nl\/kunstdarmen-nl\/cellulosedarm-vocht-en-rookdoorlatend-90-mm-nl\/"]}]},{"@type":"ImageObject","inLanguage":"nl-NL","@id":"https:\/\/startercultures.eu\/nl\/product\/worst-en-vleeswaren-nl\/darmen-nl\/kunstdarmen-nl\/cellulosedarm-vocht-en-rookdoorlatend-90-mm-nl\/#primaryimage","url":"https:\/\/startercultures.eu\/wp-content\/uploads\/2021\/01\/90-mm-casing.png","contentUrl":"https:\/\/startercultures.eu\/wp-content\/uploads\/2021\/01\/90-mm-casing.png","width":1023,"height":864,"caption":"Cellulosedarm"},{"@type":"BreadcrumbList","@id":"https:\/\/startercultures.eu\/nl\/product\/worst-en-vleeswaren-nl\/darmen-nl\/kunstdarmen-nl\/cellulosedarm-vocht-en-rookdoorlatend-90-mm-nl\/#breadcrumb","itemListElement":[{"@type":"ListItem","position":1,"name":"Home","item":"https:\/\/startercultures.eu\/nl\/"},{"@type":"ListItem","position":2,"name":"Winkel","item":"https:\/\/startercultures.eu\/nl\/winkel\/"},{"@type":"ListItem","position":3,"name":"Cellulosedarm &#8211; 90 mm | voor worst"}]},{"@type":"WebSite","@id":"https:\/\/startercultures.eu\/nl\/#website","url":"https:\/\/startercultures.eu\/nl\/","name":"Startercultures.eu","description":"Startercultures.eu","publisher":{"@id":"https:\/\/startercultures.eu\/nl\/#organization"},"potentialAction":[{"@type":"SearchAction","target":{"@type":"EntryPoint","urlTemplate":"https:\/\/startercultures.eu\/nl\/?s={search_term_string}"},"query-input":{"@type":"PropertyValueSpecification","valueRequired":true,"valueName":"search_term_string"}}],"inLanguage":"nl-NL"},{"@type":"Organization","@id":"https:\/\/startercultures.eu\/nl\/#organization","name":"Startercultures.eu","url":"https:\/\/startercultures.eu\/nl\/","logo":{"@type":"ImageObject","inLanguage":"nl-NL","@id":"https:\/\/startercultures.eu\/nl\/#\/schema\/logo\/image\/","url":"https:\/\/startercultures.eu\/wp-content\/uploads\/2020\/08\/startercultures-eu-nl-logo-rond-rgb.png","contentUrl":"https:\/\/startercultures.eu\/wp-content\/uploads\/2020\/08\/startercultures-eu-nl-logo-rond-rgb.png","width":320,"height":320,"caption":"Startercultures.eu"},"image":{"@id":"https:\/\/startercultures.eu\/nl\/#\/schema\/logo\/image\/"},"sameAs":["https:\/\/www.facebook.com\/startercultureseu","https:\/\/www.instagram.com\/startercultures.eu\/"]}]},"product_price_amount":"11.99","product_price_currency":"EUR","og_availability":"instock","product_availability":"instock","product_retailer_item_id":"8","product_condition":"new"},"_links":{"self":[{"href":"https:\/\/startercultures.eu\/nl\/wp-json\/wp\/v2\/product\/6247","targetHints":{"allow":["GET"]}}],"collection":[{"href":"https:\/\/startercultures.eu\/nl\/wp-json\/wp\/v2\/product"}],"about":[{"href":"https:\/\/startercultures.eu\/nl\/wp-json\/wp\/v2\/types\/product"}],"replies":[{"embeddable":true,"href":"https:\/\/startercultures.eu\/nl\/wp-json\/wp\/v2\/comments?post=6247"}],"version-history":[{"count":2,"href":"https:\/\/startercultures.eu\/nl\/wp-json\/wp\/v2\/product\/6247\/revisions"}],"predecessor-version":[{"id":63511,"href":"https:\/\/startercultures.eu\/nl\/wp-json\/wp\/v2\/product\/6247\/revisions\/63511"}],"wp:featuredmedia":[{"embeddable":true,"href":"https:\/\/startercultures.eu\/nl\/wp-json\/wp\/v2\/media\/14536"}],"wp:attachment":[{"href":"https:\/\/startercultures.eu\/nl\/wp-json\/wp\/v2\/media?parent=6247"}],"wp:term":[{"taxonomy":"product_brand","embeddable":true,"href":"https:\/\/startercultures.eu\/nl\/wp-json\/wp\/v2\/product_brand?post=6247"},{"taxonomy":"product_cat","embeddable":true,"href":"https:\/\/startercultures.eu\/nl\/wp-json\/wp\/v2\/product_cat?post=6247"},{"taxonomy":"product_tag","embeddable":true,"href":"https:\/\/startercultures.eu\/nl\/wp-json\/wp\/v2\/product_tag?post=6247"}],"curies":[{"name":"wp","href":"https:\/\/api.w.org\/{rel}","templated":true}]}}