{"id":6389,"date":"2020-07-31T16:31:30","date_gmt":"2020-07-31T16:31:30","guid":{"rendered":"http:\/\/starterculturen.com\/?post_type=product&#038;p=6389"},"modified":"2025-12-07T08:05:26","modified_gmt":"2025-12-07T07:05:26","slug":"charcuteriepakket-nl","status":"publish","type":"product","link":"https:\/\/startercultures.eu\/nl\/product\/worst-en-vleeswaren-nl\/complete-pakketten-nl\/charcuteriepakket-nl\/","title":{"rendered":"Alles in \u00e9\u00e9n &#8216;maak je eigen charcuterie&#8217;- starterspakket"},"content":{"rendered":"<p>Zelf charcuterie vleeswaren maken starterspakket voor het maken van je eigen gedroogde <a href=\"https:\/\/en.wikipedia.org\/wiki\/Charcuterie\" target=\"_blank\" rel=\"noopener\">charcuterie<\/a>: pancetta, lonza, lomo, coppa, guanciale en nog veel meer!<\/p>\n<h3>Inhoud zelf charcuterie vleeswaren maken starterspakket<\/h3>\n<ul>\n<li>1 kg colorozozout of nitrietpekelzou<\/li>\n<li>1 pakje van 50gr van Kaliumnitraat \/ Salpeter<\/li>\n<li>1 rol slagerstouw<\/li>\n<li>2 meter rollade net<\/li>\n<li>1 zakeind (megadarm voor het vormen en beschermen van je charcuterie)<\/li>\n<li>1 worstprikker<\/li>\n<\/ul>\n<h3>Zelf charcuterie vleeswaren maken starterspakket kopen?<\/h3>\n<p>Je bestelt het pakket bij starterculturen.nl, d\u00e9 webwinkel voor al je charcuterie, pat\u00e9 en worstingredi\u00ebnten. Van Meneer Wateetons de auteur van de standaardwerken <a href=\"https:\/\/startercultures.eu\/nl\/product-category\/boeken\/\" target=\"_blank\" rel=\"noopener noreferrer\">De Worstbijbel (2018) en Over Charcuterie (2019)<\/a> Op werkdagen voor 15:00 besteld, dezelfde dag verzonden.\u00a0 Vragen over het gebruik van het pakket? Stel ze via de chatfunctie. We komen er altijd uit.<\/p>\n<h3 class=\"fusion-responsive-typography-calculated\" data-fontsize=\"21\" data-lineheight=\"27.3px\">Meer leren?<\/h3>\n<p>Lees voor je je je eigen droge worst of charcuterie gaat maken\u00a0<a href=\"https:\/\/startercultures.eu\/nl\/product-category\/boeken\/\" target=\"_blank\" rel=\"noopener noreferrer\">De Worstbijbel (2018) of Over Charcuterie (2019)<\/a>. In\u00a0<strong>Over Charcuterie<\/strong>\u00a0kom je alles te weten over het zelf maken van vleeswaren: van Italiaanse hammen, droge worst, coppa en pancetta, tot beroemde Franse pat\u00e9s en terrines en Nederlandse slagersklassiekers als achterham of rookvlees. In duidelijke stap-voor-stapfoto\u2019s en uitgebreide instructies worden alle technieken helder uitgelegd. Uiteraard ontbreken ook de foutenanalyses niet. Met de bijna 100 recepten in\u00a0<strong>Over Charcuterie\u00a0<\/strong>maak je voortaan je eigen vleeswaren op slagersniveau.<\/p>\n<h3>Online cursus &#8216;charcuterie maken&#8217;<a href=\"https:\/\/startercultures.eu\/nl\/product\/online-workshops-nl\/online-workshop-worst-en-charcuterie\/online-cursus-charcuterie-maken\/\" target=\"_blank\" rel=\"noopener\"><img decoding=\"async\" class=\"lazyload wp-image-75308 alignright\" src=\"https:\/\/startercultures.eu\/wp-content\/uploads\/2023\/12\/CHARCUTERIE-300x300.png\" data-orig-src=\"https:\/\/startercultures.eu\/wp-content\/uploads\/2023\/12\/CHARCUTERIE-300x300.png\" alt=\"\" width=\"124\" height=\"124\" srcset=\"data:image\/svg+xml,%3Csvg%20xmlns%3D%27http%3A%2F%2Fwww.w3.org%2F2000%2Fsvg%27%20width%3D%27124%27%20height%3D%27124%27%20viewBox%3D%270%200%20124%20124%27%3E%3Crect%20width%3D%27124%27%20height%3D%27124%27%20fill-opacity%3D%220%22%2F%3E%3C%2Fsvg%3E\" data-srcset=\"https:\/\/startercultures.eu\/wp-content\/uploads\/2023\/12\/CHARCUTERIE-66x66.png 66w, https:\/\/startercultures.eu\/wp-content\/uploads\/2023\/12\/CHARCUTERIE-100x100.png 100w, https:\/\/startercultures.eu\/wp-content\/uploads\/2023\/12\/CHARCUTERIE-150x150.png 150w, https:\/\/startercultures.eu\/wp-content\/uploads\/2023\/12\/CHARCUTERIE-200x200.png 200w, https:\/\/startercultures.eu\/wp-content\/uploads\/2023\/12\/CHARCUTERIE-300x300.png 300w, https:\/\/startercultures.eu\/wp-content\/uploads\/2023\/12\/CHARCUTERIE-400x400.png 400w, https:\/\/startercultures.eu\/wp-content\/uploads\/2023\/12\/CHARCUTERIE-500x500.png 500w, https:\/\/startercultures.eu\/wp-content\/uploads\/2023\/12\/CHARCUTERIE-600x600.png 600w, https:\/\/startercultures.eu\/wp-content\/uploads\/2023\/12\/CHARCUTERIE-700x700.png 700w, https:\/\/startercultures.eu\/wp-content\/uploads\/2023\/12\/CHARCUTERIE-768x768.png 768w, https:\/\/startercultures.eu\/wp-content\/uploads\/2023\/12\/CHARCUTERIE-800x800.png 800w, https:\/\/startercultures.eu\/wp-content\/uploads\/2023\/12\/CHARCUTERIE.png 1000w\" data-sizes=\"auto\" data-orig-sizes=\"(max-width: 124px) 100vw, 124px\" \/><\/a><\/h3>\n<p>Leer je eigen charcuterie maken van Meneer Wateetons, de auteur van h\u00e9t Nederlandse standaardwerk op dit gebied:\u00a0<a class=\"ek-link\" href=\"https:\/\/startercultures.eu\/nl\/product\/boeken\/over-charcuterie-2019-nl\/\" target=\"_blank\" rel=\"noreferrer noopener\" aria-label=\" (opens in a new tab)\">Over Charcuterie<\/a>. Droge ham, pancetta, guanciale, lardo, coppa en meer heerlijke Zuid-europese gedroogde vleeswaar. Na deze workshop in 19 korte duidelijke lessen maak je die voortaan zelf.Kijk <a href=\"https:\/\/startercultures.eu\/nl\/product\/online-workshops-nl\/online-workshop-worst-en-charcuterie\/online-cursus-charcuterie-maken\/\" target=\"_blank\" rel=\"noopener\">hier<\/a> voor meer info.<\/p>\n","protected":false},"excerpt":{"rendered":"<p>Alles in \u00e9\u00e9n keer in huis voor het maken van je eigen charcuterie: pancetta, lonza, lomo, coppa, guanciale en nog veel meer! Makkelijk met dit zelf charcuterie vleeswaren maken starters pakket<\/p>\n","protected":false},"featured_media":15321,"comment_status":"open","ping_status":"closed","template":"","meta":{"_acf_changed":false,"footnotes":""},"product_brand":[],"product_cat":[60,34,377],"product_tag":[],"class_list":{"0":"post-6389","1":"product","2":"type-product","3":"status-publish","4":"has-post-thumbnail","6":"product_cat-complete-pakketten-nl","7":"product_cat-starterkits-nl","8":"product_cat-worst-en-charcuterie-sterterkits-nl","9":"product_shipping_class-klein-pakket-nl","11":"first","12":"instock","13":"sale","14":"taxable","15":"shipping-taxable","16":"purchasable","17":"product-type-woosb"},"acf":[],"yoast_head":"<!-- This site is optimized with the Yoast SEO plugin v26.6 - https:\/\/yoast.com\/wordpress\/plugins\/seo\/ -->\n<title>Zelf charcuterie vleeswaren maken starterspakket<\/title>\n<meta name=\"description\" content=\"Zelf charcuterie vleeswaren maken starterspakket voor het maken van je eigen charcuterie: pancetta, lonza, lomo, coppa en nog veel meer!\" \/>\n<meta name=\"robots\" content=\"index, follow, max-snippet:-1, max-image-preview:large, max-video-preview:-1\" \/>\n<link rel=\"canonical\" href=\"https:\/\/startercultures.eu\/nl\/product\/worst-en-vleeswaren-nl\/complete-pakketten-nl\/charcuteriepakket-nl\/\" \/>\n<meta property=\"og:locale\" content=\"nl_NL\" \/>\n<meta property=\"og:type\" content=\"article\" \/>\n<meta property=\"og:title\" content=\"Zelf charcuterie vleeswaren maken starterspakket\" \/>\n<meta property=\"og:description\" content=\"Zelf charcuterie vleeswaren maken starterspakket voor het maken van je eigen charcuterie: pancetta, lonza, lomo, coppa en nog veel meer!\" \/>\n<meta property=\"og:url\" content=\"https:\/\/startercultures.eu\/nl\/product\/worst-en-vleeswaren-nl\/complete-pakketten-nl\/charcuteriepakket-nl\/\" \/>\n<meta property=\"og:site_name\" content=\"Startercultures.eu\" \/>\n<meta property=\"article:publisher\" content=\"https:\/\/www.facebook.com\/startercultureseu\" \/>\n<meta property=\"article:modified_time\" content=\"2025-12-07T07:05:26+00:00\" \/>\n<meta property=\"og:image\" content=\"https:\/\/startercultures.eu\/wp-content\/uploads\/2020\/07\/08340f65ef5b1491b80a5840e0b8e96580668f6d.jpg\" \/>\n\t<meta property=\"og:image:width\" content=\"450\" \/>\n\t<meta property=\"og:image:height\" content=\"450\" \/>\n\t<meta property=\"og:image:type\" content=\"image\/jpeg\" \/>\n<meta name=\"twitter:card\" content=\"summary_large_image\" \/>\n<meta name=\"twitter:label1\" content=\"Price\" \/>\n\t<meta name=\"twitter:data1\" content=\"&euro;56,66\" \/>\n\t<meta name=\"twitter:label2\" content=\"Availability\" \/>\n\t<meta name=\"twitter:data2\" content=\"Op voorraad\" \/>\n<script type=\"application\/ld+json\" class=\"yoast-schema-graph\">{\"@context\":\"https:\/\/schema.org\",\"@graph\":[{\"@type\":\"WebPage\",\"@id\":\"https:\/\/startercultures.eu\/nl\/product\/worst-en-vleeswaren-nl\/complete-pakketten-nl\/charcuteriepakket-nl\/\",\"url\":\"https:\/\/startercultures.eu\/nl\/product\/worst-en-vleeswaren-nl\/complete-pakketten-nl\/charcuteriepakket-nl\/\",\"name\":\"Zelf charcuterie vleeswaren maken starterspakket\",\"isPartOf\":{\"@id\":\"https:\/\/startercultures.eu\/nl\/#website\"},\"primaryImageOfPage\":{\"@id\":\"https:\/\/startercultures.eu\/nl\/product\/worst-en-vleeswaren-nl\/complete-pakketten-nl\/charcuteriepakket-nl\/#primaryimage\"},\"image\":{\"@id\":\"https:\/\/startercultures.eu\/nl\/product\/worst-en-vleeswaren-nl\/complete-pakketten-nl\/charcuteriepakket-nl\/#primaryimage\"},\"thumbnailUrl\":\"https:\/\/startercultures.eu\/wp-content\/uploads\/2020\/07\/08340f65ef5b1491b80a5840e0b8e96580668f6d.jpg\",\"datePublished\":\"2020-07-31T16:31:30+00:00\",\"dateModified\":\"2025-12-07T07:05:26+00:00\",\"description\":\"Zelf charcuterie vleeswaren maken starterspakket voor het maken van je eigen charcuterie: pancetta, lonza, lomo, coppa en nog veel meer!\",\"breadcrumb\":{\"@id\":\"https:\/\/startercultures.eu\/nl\/product\/worst-en-vleeswaren-nl\/complete-pakketten-nl\/charcuteriepakket-nl\/#breadcrumb\"},\"inLanguage\":\"nl-NL\",\"potentialAction\":[{\"@type\":\"ReadAction\",\"target\":[\"https:\/\/startercultures.eu\/nl\/product\/worst-en-vleeswaren-nl\/complete-pakketten-nl\/charcuteriepakket-nl\/\"]}]},{\"@type\":\"ImageObject\",\"inLanguage\":\"nl-NL\",\"@id\":\"https:\/\/startercultures.eu\/nl\/product\/worst-en-vleeswaren-nl\/complete-pakketten-nl\/charcuteriepakket-nl\/#primaryimage\",\"url\":\"https:\/\/startercultures.eu\/wp-content\/uploads\/2020\/07\/08340f65ef5b1491b80a5840e0b8e96580668f6d.jpg\",\"contentUrl\":\"https:\/\/startercultures.eu\/wp-content\/uploads\/2020\/07\/08340f65ef5b1491b80a5840e0b8e96580668f6d.jpg\",\"width\":450,\"height\":450},{\"@type\":\"BreadcrumbList\",\"@id\":\"https:\/\/startercultures.eu\/nl\/product\/worst-en-vleeswaren-nl\/complete-pakketten-nl\/charcuteriepakket-nl\/#breadcrumb\",\"itemListElement\":[{\"@type\":\"ListItem\",\"position\":1,\"name\":\"Home\",\"item\":\"https:\/\/startercultures.eu\/nl\/\"},{\"@type\":\"ListItem\",\"position\":2,\"name\":\"Winkel\",\"item\":\"https:\/\/startercultures.eu\/nl\/winkel\/\"},{\"@type\":\"ListItem\",\"position\":3,\"name\":\"Alles in \u00e9\u00e9n &#8216;maak je eigen charcuterie&#8217;- starterspakket\"}]},{\"@type\":\"WebSite\",\"@id\":\"https:\/\/startercultures.eu\/nl\/#website\",\"url\":\"https:\/\/startercultures.eu\/nl\/\",\"name\":\"Startercultures.eu\",\"description\":\"Startercultures.eu\",\"publisher\":{\"@id\":\"https:\/\/startercultures.eu\/nl\/#organization\"},\"potentialAction\":[{\"@type\":\"SearchAction\",\"target\":{\"@type\":\"EntryPoint\",\"urlTemplate\":\"https:\/\/startercultures.eu\/nl\/?s={search_term_string}\"},\"query-input\":{\"@type\":\"PropertyValueSpecification\",\"valueRequired\":true,\"valueName\":\"search_term_string\"}}],\"inLanguage\":\"nl-NL\"},{\"@type\":\"Organization\",\"@id\":\"https:\/\/startercultures.eu\/nl\/#organization\",\"name\":\"Startercultures.eu\",\"url\":\"https:\/\/startercultures.eu\/nl\/\",\"logo\":{\"@type\":\"ImageObject\",\"inLanguage\":\"nl-NL\",\"@id\":\"https:\/\/startercultures.eu\/nl\/#\/schema\/logo\/image\/\",\"url\":\"https:\/\/startercultures.eu\/wp-content\/uploads\/2020\/08\/startercultures-eu-nl-logo-rond-rgb.png\",\"contentUrl\":\"https:\/\/startercultures.eu\/wp-content\/uploads\/2020\/08\/startercultures-eu-nl-logo-rond-rgb.png\",\"width\":320,\"height\":320,\"caption\":\"Startercultures.eu\"},\"image\":{\"@id\":\"https:\/\/startercultures.eu\/nl\/#\/schema\/logo\/image\/\"},\"sameAs\":[\"https:\/\/www.facebook.com\/startercultureseu\",\"https:\/\/www.instagram.com\/startercultures.eu\/\"],\"hasMerchantReturnPolicy\":{\"@type\":\"MerchantReturnPolicy\",\"merchantReturnLink\":\"https:\/\/startercultures.eu\/return-policy\/\"}}]}<\/script>\n<meta property=\"product:price:amount\" content=\"56.66\" \/>\n<meta property=\"product:price:currency\" content=\"EUR\" \/>\n<meta property=\"og:availability\" content=\"instock\" \/>\n<meta property=\"product:availability\" content=\"instock\" \/>\n<meta property=\"product:retailer_item_id\" content=\"137\" \/>\n<meta property=\"product:condition\" content=\"new\" \/>\n<!-- \/ Yoast SEO plugin. -->","yoast_head_json":{"title":"Zelf charcuterie vleeswaren maken starterspakket","description":"Zelf charcuterie vleeswaren maken starterspakket voor het maken van je eigen charcuterie: pancetta, lonza, lomo, coppa en nog veel meer!","robots":{"index":"index","follow":"follow","max-snippet":"max-snippet:-1","max-image-preview":"max-image-preview:large","max-video-preview":"max-video-preview:-1"},"canonical":"https:\/\/startercultures.eu\/nl\/product\/worst-en-vleeswaren-nl\/complete-pakketten-nl\/charcuteriepakket-nl\/","og_locale":"nl_NL","og_type":"article","og_title":"Zelf charcuterie vleeswaren maken starterspakket","og_description":"Zelf charcuterie vleeswaren maken starterspakket voor het maken van je eigen charcuterie: pancetta, lonza, lomo, coppa en nog veel meer!","og_url":"https:\/\/startercultures.eu\/nl\/product\/worst-en-vleeswaren-nl\/complete-pakketten-nl\/charcuteriepakket-nl\/","og_site_name":"Startercultures.eu","article_publisher":"https:\/\/www.facebook.com\/startercultureseu","article_modified_time":"2025-12-07T07:05:26+00:00","og_image":[{"width":450,"height":450,"url":"https:\/\/startercultures.eu\/wp-content\/uploads\/2020\/07\/08340f65ef5b1491b80a5840e0b8e96580668f6d.jpg","type":"image\/jpeg"}],"twitter_card":"summary_large_image","twitter_misc":{"Price":"&euro;56,66","Availability":"Op voorraad"},"schema":{"@context":"https:\/\/schema.org","@graph":[{"@type":"WebPage","@id":"https:\/\/startercultures.eu\/nl\/product\/worst-en-vleeswaren-nl\/complete-pakketten-nl\/charcuteriepakket-nl\/","url":"https:\/\/startercultures.eu\/nl\/product\/worst-en-vleeswaren-nl\/complete-pakketten-nl\/charcuteriepakket-nl\/","name":"Zelf charcuterie vleeswaren maken starterspakket","isPartOf":{"@id":"https:\/\/startercultures.eu\/nl\/#website"},"primaryImageOfPage":{"@id":"https:\/\/startercultures.eu\/nl\/product\/worst-en-vleeswaren-nl\/complete-pakketten-nl\/charcuteriepakket-nl\/#primaryimage"},"image":{"@id":"https:\/\/startercultures.eu\/nl\/product\/worst-en-vleeswaren-nl\/complete-pakketten-nl\/charcuteriepakket-nl\/#primaryimage"},"thumbnailUrl":"https:\/\/startercultures.eu\/wp-content\/uploads\/2020\/07\/08340f65ef5b1491b80a5840e0b8e96580668f6d.jpg","datePublished":"2020-07-31T16:31:30+00:00","dateModified":"2025-12-07T07:05:26+00:00","description":"Zelf charcuterie vleeswaren maken starterspakket voor het maken van je eigen charcuterie: pancetta, lonza, lomo, coppa en nog veel meer!","breadcrumb":{"@id":"https:\/\/startercultures.eu\/nl\/product\/worst-en-vleeswaren-nl\/complete-pakketten-nl\/charcuteriepakket-nl\/#breadcrumb"},"inLanguage":"nl-NL","potentialAction":[{"@type":"ReadAction","target":["https:\/\/startercultures.eu\/nl\/product\/worst-en-vleeswaren-nl\/complete-pakketten-nl\/charcuteriepakket-nl\/"]}]},{"@type":"ImageObject","inLanguage":"nl-NL","@id":"https:\/\/startercultures.eu\/nl\/product\/worst-en-vleeswaren-nl\/complete-pakketten-nl\/charcuteriepakket-nl\/#primaryimage","url":"https:\/\/startercultures.eu\/wp-content\/uploads\/2020\/07\/08340f65ef5b1491b80a5840e0b8e96580668f6d.jpg","contentUrl":"https:\/\/startercultures.eu\/wp-content\/uploads\/2020\/07\/08340f65ef5b1491b80a5840e0b8e96580668f6d.jpg","width":450,"height":450},{"@type":"BreadcrumbList","@id":"https:\/\/startercultures.eu\/nl\/product\/worst-en-vleeswaren-nl\/complete-pakketten-nl\/charcuteriepakket-nl\/#breadcrumb","itemListElement":[{"@type":"ListItem","position":1,"name":"Home","item":"https:\/\/startercultures.eu\/nl\/"},{"@type":"ListItem","position":2,"name":"Winkel","item":"https:\/\/startercultures.eu\/nl\/winkel\/"},{"@type":"ListItem","position":3,"name":"Alles in \u00e9\u00e9n &#8216;maak je eigen charcuterie&#8217;- starterspakket"}]},{"@type":"WebSite","@id":"https:\/\/startercultures.eu\/nl\/#website","url":"https:\/\/startercultures.eu\/nl\/","name":"Startercultures.eu","description":"Startercultures.eu","publisher":{"@id":"https:\/\/startercultures.eu\/nl\/#organization"},"potentialAction":[{"@type":"SearchAction","target":{"@type":"EntryPoint","urlTemplate":"https:\/\/startercultures.eu\/nl\/?s={search_term_string}"},"query-input":{"@type":"PropertyValueSpecification","valueRequired":true,"valueName":"search_term_string"}}],"inLanguage":"nl-NL"},{"@type":"Organization","@id":"https:\/\/startercultures.eu\/nl\/#organization","name":"Startercultures.eu","url":"https:\/\/startercultures.eu\/nl\/","logo":{"@type":"ImageObject","inLanguage":"nl-NL","@id":"https:\/\/startercultures.eu\/nl\/#\/schema\/logo\/image\/","url":"https:\/\/startercultures.eu\/wp-content\/uploads\/2020\/08\/startercultures-eu-nl-logo-rond-rgb.png","contentUrl":"https:\/\/startercultures.eu\/wp-content\/uploads\/2020\/08\/startercultures-eu-nl-logo-rond-rgb.png","width":320,"height":320,"caption":"Startercultures.eu"},"image":{"@id":"https:\/\/startercultures.eu\/nl\/#\/schema\/logo\/image\/"},"sameAs":["https:\/\/www.facebook.com\/startercultureseu","https:\/\/www.instagram.com\/startercultures.eu\/"],"hasMerchantReturnPolicy":{"@type":"MerchantReturnPolicy","merchantReturnLink":"https:\/\/startercultures.eu\/return-policy\/"}}]},"product_price_amount":"56.66","product_price_currency":"EUR","og_availability":"instock","product_availability":"instock","product_retailer_item_id":"137","product_condition":"new"},"_links":{"self":[{"href":"https:\/\/startercultures.eu\/nl\/wp-json\/wp\/v2\/product\/6389","targetHints":{"allow":["GET"]}}],"collection":[{"href":"https:\/\/startercultures.eu\/nl\/wp-json\/wp\/v2\/product"}],"about":[{"href":"https:\/\/startercultures.eu\/nl\/wp-json\/wp\/v2\/types\/product"}],"replies":[{"embeddable":true,"href":"https:\/\/startercultures.eu\/nl\/wp-json\/wp\/v2\/comments?post=6389"}],"version-history":[{"count":3,"href":"https:\/\/startercultures.eu\/nl\/wp-json\/wp\/v2\/product\/6389\/revisions"}],"predecessor-version":[{"id":76580,"href":"https:\/\/startercultures.eu\/nl\/wp-json\/wp\/v2\/product\/6389\/revisions\/76580"}],"wp:featuredmedia":[{"embeddable":true,"href":"https:\/\/startercultures.eu\/nl\/wp-json\/wp\/v2\/media\/15321"}],"wp:attachment":[{"href":"https:\/\/startercultures.eu\/nl\/wp-json\/wp\/v2\/media?parent=6389"}],"wp:term":[{"taxonomy":"product_brand","embeddable":true,"href":"https:\/\/startercultures.eu\/nl\/wp-json\/wp\/v2\/product_brand?post=6389"},{"taxonomy":"product_cat","embeddable":true,"href":"https:\/\/startercultures.eu\/nl\/wp-json\/wp\/v2\/product_cat?post=6389"},{"taxonomy":"product_tag","embeddable":true,"href":"https:\/\/startercultures.eu\/nl\/wp-json\/wp\/v2\/product_tag?post=6389"}],"curies":[{"name":"wp","href":"https:\/\/api.w.org\/{rel}","templated":true}]}}