{"id":6433,"date":"2020-07-31T16:31:58","date_gmt":"2020-07-31T16:31:58","guid":{"rendered":"http:\/\/starterculturen.com\/?post_type=product&#038;p=6433"},"modified":"2025-12-07T08:05:26","modified_gmt":"2025-12-07T07:05:26","slug":"het-makkelijkste-zelf-droge-worst-maken-starterspakket","status":"publish","type":"product","link":"https:\/\/startercultures.eu\/nl\/product\/worst-en-vleeswaren-nl\/complete-pakketten-nl\/het-makkelijkste-zelf-droge-worst-maken-starterspakket\/","title":{"rendered":"Het makkelijkste zelf droge worst maken starterspakket"},"content":{"rendered":"<p>Je wilt zelf droge worst maken. Maar dat gedoe met fermenteren, warm ophangen, pH meten, of een keuze voor een snelle starter of een trage&#8230; Kan dat niet eenvoudiger?<\/p>\n<p>Ja, dat kan!<\/p>\n<p>Met dit gemakkelijk zelf droge worst maken pakket lukt je droge worst altijd!<\/p>\n<p>Bij dit starterspakket &#8216;fermenteer&#8217; je met GDL, een natuurlijke verzuurder, voor een snijvaste droge worst. GDL zorgt voor de verzuring, kleuring en de vorming van de typische droge worst aroma&#8217;s. De verzuring is dus niet afhankelijk van bacteri\u00ebn, starterculturen en temperatuur maar gebeurt helemaal vanzelf, gewoon in de koelkast. Zo heb je er geen omkijken naar en sluit je elk risico uit.<\/p>\n<h3>De voordelen van dit makkelijke &#8216;zelf droge worst maken&#8217;- starterspakket<\/h3>\n<ul>\n<li>Geen fermentatie nodig door gebruik rijpingsmiddel<\/li>\n<li>Super makkelijk<\/li>\n<li>Weinig materialen nodig<\/li>\n<li>100% veilig<\/li>\n<li>Echte droge worst smaak<\/li>\n<\/ul>\n<h3>Inhoud makkelijke droge worst pakket<\/h3>\n<ul>\n<li>1 zak nitrietpekelzout (smaak, kleurvorming en veiligheid)<\/li>\n<li>1 tube varkensdarm<\/li>\n<li>1 zakje GDL (eenvoudige verzuring zonder fermentatie)<\/li>\n<li>Worstprikker (om luchtbellen weg te prikken)<\/li>\n<li>1 zakje niet verzurende starter (Primal Sk soft; voor die echte droge worstsmaak )<\/li>\n<\/ul>\n<h3>Hoe maak ik droge worst met dit zelf gemakkelijk droge worst maken starterspakket?<\/h3>\n<ol>\n<li>Maal je vlees.<\/li>\n<li>Meng 25-30 gram nitrietpekelzout per kilo door het vlees.<\/li>\n<li>Meng vervolgens ook 6-12 gram GDL per kilo door het vlees (meer is zuurder en veiliger).<\/li>\n<li>Voeg extra smaakmakers toe, 2-3 gram per specerij per kilo.<\/li>\n<li>Optioneel: voeg ook circa een gram per kilo van de startercultuur toe, opgelost in wat koud water.<\/li>\n<li>Meng alles zeer goed door elkaar.<\/li>\n<li>Stop in je\u00a0darmen.<\/li>\n<li>Bewaar de worsten 2-3 dagen in de koelkast. Dan zijn ze verzuurd.<\/li>\n<li>(Optioneel: heb je ook de startercultuur toegevoegd? Hang dan de eerste 3-5 dagen van het drogen je de worst bij kamertemperatuur zodat de starter zijn werk kan doen.)<\/li>\n<li>Droog de worsten op &#8211; bij voorkeur &#8211; een koele, iets vochtige plek zo lang als je lekker vindt (meestal tot ze ongeveer een derde van het gewicht hebben verloren).<\/li>\n<\/ol>\n<h3>Service van Starterculturen.nl<\/h3>\n<p>Je bestelt het zelf droge worst maken pakket bij starterculturen.nl, d\u00e9 webwinkel voor al je charcuterie, pat\u00e9 en worstingredi\u00ebnten. Van Meneer Wateetons de auteur van de standaardwerken <a href=\"https:\/\/startercultures.eu\/nl\/product-category\/boeken\/\" target=\"_blank\" rel=\"noopener noreferrer\">De Worstbijbel en Over Charcuterie<\/a> Op werkdagen voor 15:00 besteld, dezelfde dag verzonden.\u00a0 Vragen over het gebruik van het pakket? Stel ze via de chatfunctie. We komen er altijd uit.<\/p>\n<h3 class=\"fusion-responsive-typography-calculated\" data-fontsize=\"21\" data-lineheight=\"27.3px\">Tip: meer leren?<\/h3>\n<p>Lees voor je je eigen droge worst of charcuterie gaat maken <a href=\"https:\/\/startercultures.eu\/nl\/product-category\/boeken\/\" target=\"_blank\" rel=\"noopener noreferrer\">De Worstbijbel of Over Charcuterie<\/a>.<\/p>\n<h3><a href=\"https:\/\/startercultures.eu\/nl\/product\/worst-en-vleeswaren-nl\/online-on-demand-workshop-maak-je-eigen-droge-worst\/\" target=\"_blank\" rel=\"noopener\"><img decoding=\"async\" class=\"lazyload wp-image-76194 alignright\" src=\"https:\/\/startercultures.eu\/wp-content\/uploads\/2020\/12\/DROGE-WORST-300x300.png\" data-orig-src=\"https:\/\/startercultures.eu\/wp-content\/uploads\/2020\/12\/DROGE-WORST-300x300.png\" alt=\"\" width=\"109\" height=\"109\" srcset=\"data:image\/svg+xml,%3Csvg%20xmlns%3D%27http%3A%2F%2Fwww.w3.org%2F2000%2Fsvg%27%20width%3D%27109%27%20height%3D%27109%27%20viewBox%3D%270%200%20109%20109%27%3E%3Crect%20width%3D%27109%27%20height%3D%27109%27%20fill-opacity%3D%220%22%2F%3E%3C%2Fsvg%3E\" data-srcset=\"https:\/\/startercultures.eu\/wp-content\/uploads\/2020\/12\/DROGE-WORST-66x66.png 66w, https:\/\/startercultures.eu\/wp-content\/uploads\/2020\/12\/DROGE-WORST-100x100.png 100w, https:\/\/startercultures.eu\/wp-content\/uploads\/2020\/12\/DROGE-WORST-150x150.png 150w, https:\/\/startercultures.eu\/wp-content\/uploads\/2020\/12\/DROGE-WORST-200x200.png 200w, https:\/\/startercultures.eu\/wp-content\/uploads\/2020\/12\/DROGE-WORST-300x300.png 300w, https:\/\/startercultures.eu\/wp-content\/uploads\/2020\/12\/DROGE-WORST-400x400.png 400w, https:\/\/startercultures.eu\/wp-content\/uploads\/2020\/12\/DROGE-WORST-500x500.png 500w, https:\/\/startercultures.eu\/wp-content\/uploads\/2020\/12\/DROGE-WORST-600x600.png 600w, https:\/\/startercultures.eu\/wp-content\/uploads\/2020\/12\/DROGE-WORST-700x700.png 700w, https:\/\/startercultures.eu\/wp-content\/uploads\/2020\/12\/DROGE-WORST-768x768.png 768w, https:\/\/startercultures.eu\/wp-content\/uploads\/2020\/12\/DROGE-WORST-800x800.png 800w, https:\/\/startercultures.eu\/wp-content\/uploads\/2020\/12\/DROGE-WORST.png 1000w\" data-sizes=\"auto\" data-orig-sizes=\"(max-width: 109px) 100vw, 109px\" \/><\/a>Online cursus &#8216;maak je eigen droge worst&#8217;<\/h3>\n<p>Verse worst maken is leuk, maar de ware uitdaging van het worstmakersvak is het cre\u00ebren van je eigen droge worst. Wat deze worsten onderscheidt van de verse braadworst is dat ze gefermenteerd\/gerijpt en in de meeste gevallen gedroogd zijn. Dat kun je in \u00e9\u00e9n avond en ook uitstekend <a href=\"https:\/\/startercultures.eu\/nl\/product\/worst-en-vleeswaren-nl\/online-on-demand-workshop-maak-je-eigen-droge-worst\/\" target=\"_blank\" rel=\"noopener\">online leren<\/a> van d\u00e9 expert op dit gebied: Meneer Wateetons, auteur van de Worstbijbel (2018). Kijk <a href=\"https:\/\/startercultures.eu\/nl\/product\/worst-en-vleeswaren-nl\/online-on-demand-workshop-maak-je-eigen-droge-worst\/\" target=\"_blank\" rel=\"noopener\">hier<\/a> voor meer info.<\/p>\n","protected":false},"excerpt":{"rendered":"<p>Je wilt zelf droge worst maken. Maar dat gedoe met fermenteren, warm ophangen, pH meten, of een keuze voor een snelle starter of een trage&#8230; Kan dat niet eenvoudiger? Ja! Met dit pakket lukt je droge worst altijd.<\/p>\n","protected":false},"featured_media":15602,"comment_status":"open","ping_status":"closed","template":"","meta":{"_acf_changed":false,"footnotes":""},"product_brand":[],"product_cat":[60,377],"product_tag":[],"class_list":{"0":"post-6433","1":"product","2":"type-product","3":"status-publish","4":"has-post-thumbnail","6":"product_cat-complete-pakketten-nl","7":"product_cat-worst-en-charcuterie-sterterkits-nl","8":"product_shipping_class-klein-pakket-nl","10":"first","11":"instock","12":"sale","13":"taxable","14":"shipping-taxable","15":"purchasable","16":"product-type-woosb"},"acf":[],"yoast_head":"<!-- This site is optimized with the Yoast SEO plugin v26.6 - https:\/\/yoast.com\/wordpress\/plugins\/seo\/ -->\n<title>Zelf gemakkelijk droge worst maken starterspakket<\/title>\n<meta name=\"description\" content=\"Koop hier ons zelf gemakkelijk droge worst maken starterspakket . Met dit pakket lukt je droge worst altijd! Veilig, eenvoudig en lekker!\" \/>\n<meta name=\"robots\" content=\"index, follow, max-snippet:-1, max-image-preview:large, max-video-preview:-1\" \/>\n<link rel=\"canonical\" href=\"https:\/\/startercultures.eu\/nl\/product\/worst-en-vleeswaren-nl\/complete-pakketten-nl\/het-makkelijkste-zelf-droge-worst-maken-starterspakket\/\" \/>\n<meta property=\"og:locale\" content=\"nl_NL\" \/>\n<meta property=\"og:type\" content=\"article\" \/>\n<meta property=\"og:title\" content=\"Zelf gemakkelijk droge worst maken starterspakket\" \/>\n<meta property=\"og:description\" content=\"Koop hier ons zelf gemakkelijk droge worst maken starterspakket . Met dit pakket lukt je droge worst altijd! Veilig, eenvoudig en lekker!\" \/>\n<meta property=\"og:url\" content=\"https:\/\/startercultures.eu\/nl\/product\/worst-en-vleeswaren-nl\/complete-pakketten-nl\/het-makkelijkste-zelf-droge-worst-maken-starterspakket\/\" \/>\n<meta property=\"og:site_name\" content=\"Startercultures.eu\" \/>\n<meta property=\"article:publisher\" content=\"https:\/\/www.facebook.com\/startercultureseu\" \/>\n<meta property=\"article:modified_time\" content=\"2025-12-07T07:05:26+00:00\" \/>\n<meta property=\"og:image\" content=\"https:\/\/startercultures.eu\/wp-content\/uploads\/2020\/07\/35aace07b9fc22bfcf4c5ba5e9551d40d010f43b.jpg\" \/>\n\t<meta property=\"og:image:width\" content=\"450\" \/>\n\t<meta property=\"og:image:height\" content=\"450\" \/>\n\t<meta property=\"og:image:type\" content=\"image\/jpeg\" \/>\n<meta name=\"twitter:card\" content=\"summary_large_image\" \/>\n<meta name=\"twitter:label1\" content=\"Price\" \/>\n\t<meta name=\"twitter:data1\" content=\"&euro;56,66\" \/>\n\t<meta name=\"twitter:label2\" content=\"Availability\" \/>\n\t<meta name=\"twitter:data2\" content=\"Op voorraad\" \/>\n<script type=\"application\/ld+json\" class=\"yoast-schema-graph\">{\"@context\":\"https:\/\/schema.org\",\"@graph\":[{\"@type\":\"WebPage\",\"@id\":\"https:\/\/startercultures.eu\/nl\/product\/worst-en-vleeswaren-nl\/complete-pakketten-nl\/het-makkelijkste-zelf-droge-worst-maken-starterspakket\/\",\"url\":\"https:\/\/startercultures.eu\/nl\/product\/worst-en-vleeswaren-nl\/complete-pakketten-nl\/het-makkelijkste-zelf-droge-worst-maken-starterspakket\/\",\"name\":\"Zelf gemakkelijk droge worst maken starterspakket\",\"isPartOf\":{\"@id\":\"https:\/\/startercultures.eu\/nl\/#website\"},\"primaryImageOfPage\":{\"@id\":\"https:\/\/startercultures.eu\/nl\/product\/worst-en-vleeswaren-nl\/complete-pakketten-nl\/het-makkelijkste-zelf-droge-worst-maken-starterspakket\/#primaryimage\"},\"image\":{\"@id\":\"https:\/\/startercultures.eu\/nl\/product\/worst-en-vleeswaren-nl\/complete-pakketten-nl\/het-makkelijkste-zelf-droge-worst-maken-starterspakket\/#primaryimage\"},\"thumbnailUrl\":\"https:\/\/startercultures.eu\/wp-content\/uploads\/2020\/07\/35aace07b9fc22bfcf4c5ba5e9551d40d010f43b.jpg\",\"datePublished\":\"2020-07-31T16:31:58+00:00\",\"dateModified\":\"2025-12-07T07:05:26+00:00\",\"description\":\"Koop hier ons zelf gemakkelijk droge worst maken starterspakket . Met dit pakket lukt je droge worst altijd! Veilig, eenvoudig en lekker!\",\"breadcrumb\":{\"@id\":\"https:\/\/startercultures.eu\/nl\/product\/worst-en-vleeswaren-nl\/complete-pakketten-nl\/het-makkelijkste-zelf-droge-worst-maken-starterspakket\/#breadcrumb\"},\"inLanguage\":\"nl-NL\",\"potentialAction\":[{\"@type\":\"ReadAction\",\"target\":[\"https:\/\/startercultures.eu\/nl\/product\/worst-en-vleeswaren-nl\/complete-pakketten-nl\/het-makkelijkste-zelf-droge-worst-maken-starterspakket\/\"]}]},{\"@type\":\"ImageObject\",\"inLanguage\":\"nl-NL\",\"@id\":\"https:\/\/startercultures.eu\/nl\/product\/worst-en-vleeswaren-nl\/complete-pakketten-nl\/het-makkelijkste-zelf-droge-worst-maken-starterspakket\/#primaryimage\",\"url\":\"https:\/\/startercultures.eu\/wp-content\/uploads\/2020\/07\/35aace07b9fc22bfcf4c5ba5e9551d40d010f43b.jpg\",\"contentUrl\":\"https:\/\/startercultures.eu\/wp-content\/uploads\/2020\/07\/35aace07b9fc22bfcf4c5ba5e9551d40d010f43b.jpg\",\"width\":450,\"height\":450},{\"@type\":\"BreadcrumbList\",\"@id\":\"https:\/\/startercultures.eu\/nl\/product\/worst-en-vleeswaren-nl\/complete-pakketten-nl\/het-makkelijkste-zelf-droge-worst-maken-starterspakket\/#breadcrumb\",\"itemListElement\":[{\"@type\":\"ListItem\",\"position\":1,\"name\":\"Home\",\"item\":\"https:\/\/startercultures.eu\/nl\/\"},{\"@type\":\"ListItem\",\"position\":2,\"name\":\"Winkel\",\"item\":\"https:\/\/startercultures.eu\/nl\/winkel\/\"},{\"@type\":\"ListItem\",\"position\":3,\"name\":\"Het makkelijkste zelf droge worst maken starterspakket\"}]},{\"@type\":\"WebSite\",\"@id\":\"https:\/\/startercultures.eu\/nl\/#website\",\"url\":\"https:\/\/startercultures.eu\/nl\/\",\"name\":\"Startercultures.eu\",\"description\":\"Startercultures.eu\",\"publisher\":{\"@id\":\"https:\/\/startercultures.eu\/nl\/#organization\"},\"potentialAction\":[{\"@type\":\"SearchAction\",\"target\":{\"@type\":\"EntryPoint\",\"urlTemplate\":\"https:\/\/startercultures.eu\/nl\/?s={search_term_string}\"},\"query-input\":{\"@type\":\"PropertyValueSpecification\",\"valueRequired\":true,\"valueName\":\"search_term_string\"}}],\"inLanguage\":\"nl-NL\"},{\"@type\":\"Organization\",\"@id\":\"https:\/\/startercultures.eu\/nl\/#organization\",\"name\":\"Startercultures.eu\",\"url\":\"https:\/\/startercultures.eu\/nl\/\",\"logo\":{\"@type\":\"ImageObject\",\"inLanguage\":\"nl-NL\",\"@id\":\"https:\/\/startercultures.eu\/nl\/#\/schema\/logo\/image\/\",\"url\":\"https:\/\/startercultures.eu\/wp-content\/uploads\/2020\/08\/startercultures-eu-nl-logo-rond-rgb.png\",\"contentUrl\":\"https:\/\/startercultures.eu\/wp-content\/uploads\/2020\/08\/startercultures-eu-nl-logo-rond-rgb.png\",\"width\":320,\"height\":320,\"caption\":\"Startercultures.eu\"},\"image\":{\"@id\":\"https:\/\/startercultures.eu\/nl\/#\/schema\/logo\/image\/\"},\"sameAs\":[\"https:\/\/www.facebook.com\/startercultureseu\",\"https:\/\/www.instagram.com\/startercultures.eu\/\"],\"hasMerchantReturnPolicy\":{\"@type\":\"MerchantReturnPolicy\",\"merchantReturnLink\":\"https:\/\/startercultures.eu\/return-policy\/\"}}]}<\/script>\n<meta property=\"product:price:amount\" content=\"56.66\" \/>\n<meta property=\"product:price:currency\" content=\"EUR\" \/>\n<meta property=\"og:availability\" content=\"instock\" \/>\n<meta property=\"product:availability\" content=\"instock\" \/>\n<meta property=\"product:retailer_item_id\" content=\"148\" \/>\n<meta property=\"product:condition\" content=\"new\" \/>\n<!-- \/ Yoast SEO plugin. -->","yoast_head_json":{"title":"Zelf gemakkelijk droge worst maken starterspakket","description":"Koop hier ons zelf gemakkelijk droge worst maken starterspakket . Met dit pakket lukt je droge worst altijd! Veilig, eenvoudig en lekker!","robots":{"index":"index","follow":"follow","max-snippet":"max-snippet:-1","max-image-preview":"max-image-preview:large","max-video-preview":"max-video-preview:-1"},"canonical":"https:\/\/startercultures.eu\/nl\/product\/worst-en-vleeswaren-nl\/complete-pakketten-nl\/het-makkelijkste-zelf-droge-worst-maken-starterspakket\/","og_locale":"nl_NL","og_type":"article","og_title":"Zelf gemakkelijk droge worst maken starterspakket","og_description":"Koop hier ons zelf gemakkelijk droge worst maken starterspakket . Met dit pakket lukt je droge worst altijd! Veilig, eenvoudig en lekker!","og_url":"https:\/\/startercultures.eu\/nl\/product\/worst-en-vleeswaren-nl\/complete-pakketten-nl\/het-makkelijkste-zelf-droge-worst-maken-starterspakket\/","og_site_name":"Startercultures.eu","article_publisher":"https:\/\/www.facebook.com\/startercultureseu","article_modified_time":"2025-12-07T07:05:26+00:00","og_image":[{"width":450,"height":450,"url":"https:\/\/startercultures.eu\/wp-content\/uploads\/2020\/07\/35aace07b9fc22bfcf4c5ba5e9551d40d010f43b.jpg","type":"image\/jpeg"}],"twitter_card":"summary_large_image","twitter_misc":{"Price":"&euro;56,66","Availability":"Op voorraad"},"schema":{"@context":"https:\/\/schema.org","@graph":[{"@type":"WebPage","@id":"https:\/\/startercultures.eu\/nl\/product\/worst-en-vleeswaren-nl\/complete-pakketten-nl\/het-makkelijkste-zelf-droge-worst-maken-starterspakket\/","url":"https:\/\/startercultures.eu\/nl\/product\/worst-en-vleeswaren-nl\/complete-pakketten-nl\/het-makkelijkste-zelf-droge-worst-maken-starterspakket\/","name":"Zelf gemakkelijk droge worst maken starterspakket","isPartOf":{"@id":"https:\/\/startercultures.eu\/nl\/#website"},"primaryImageOfPage":{"@id":"https:\/\/startercultures.eu\/nl\/product\/worst-en-vleeswaren-nl\/complete-pakketten-nl\/het-makkelijkste-zelf-droge-worst-maken-starterspakket\/#primaryimage"},"image":{"@id":"https:\/\/startercultures.eu\/nl\/product\/worst-en-vleeswaren-nl\/complete-pakketten-nl\/het-makkelijkste-zelf-droge-worst-maken-starterspakket\/#primaryimage"},"thumbnailUrl":"https:\/\/startercultures.eu\/wp-content\/uploads\/2020\/07\/35aace07b9fc22bfcf4c5ba5e9551d40d010f43b.jpg","datePublished":"2020-07-31T16:31:58+00:00","dateModified":"2025-12-07T07:05:26+00:00","description":"Koop hier ons zelf gemakkelijk droge worst maken starterspakket . Met dit pakket lukt je droge worst altijd! Veilig, eenvoudig en lekker!","breadcrumb":{"@id":"https:\/\/startercultures.eu\/nl\/product\/worst-en-vleeswaren-nl\/complete-pakketten-nl\/het-makkelijkste-zelf-droge-worst-maken-starterspakket\/#breadcrumb"},"inLanguage":"nl-NL","potentialAction":[{"@type":"ReadAction","target":["https:\/\/startercultures.eu\/nl\/product\/worst-en-vleeswaren-nl\/complete-pakketten-nl\/het-makkelijkste-zelf-droge-worst-maken-starterspakket\/"]}]},{"@type":"ImageObject","inLanguage":"nl-NL","@id":"https:\/\/startercultures.eu\/nl\/product\/worst-en-vleeswaren-nl\/complete-pakketten-nl\/het-makkelijkste-zelf-droge-worst-maken-starterspakket\/#primaryimage","url":"https:\/\/startercultures.eu\/wp-content\/uploads\/2020\/07\/35aace07b9fc22bfcf4c5ba5e9551d40d010f43b.jpg","contentUrl":"https:\/\/startercultures.eu\/wp-content\/uploads\/2020\/07\/35aace07b9fc22bfcf4c5ba5e9551d40d010f43b.jpg","width":450,"height":450},{"@type":"BreadcrumbList","@id":"https:\/\/startercultures.eu\/nl\/product\/worst-en-vleeswaren-nl\/complete-pakketten-nl\/het-makkelijkste-zelf-droge-worst-maken-starterspakket\/#breadcrumb","itemListElement":[{"@type":"ListItem","position":1,"name":"Home","item":"https:\/\/startercultures.eu\/nl\/"},{"@type":"ListItem","position":2,"name":"Winkel","item":"https:\/\/startercultures.eu\/nl\/winkel\/"},{"@type":"ListItem","position":3,"name":"Het makkelijkste zelf droge worst maken starterspakket"}]},{"@type":"WebSite","@id":"https:\/\/startercultures.eu\/nl\/#website","url":"https:\/\/startercultures.eu\/nl\/","name":"Startercultures.eu","description":"Startercultures.eu","publisher":{"@id":"https:\/\/startercultures.eu\/nl\/#organization"},"potentialAction":[{"@type":"SearchAction","target":{"@type":"EntryPoint","urlTemplate":"https:\/\/startercultures.eu\/nl\/?s={search_term_string}"},"query-input":{"@type":"PropertyValueSpecification","valueRequired":true,"valueName":"search_term_string"}}],"inLanguage":"nl-NL"},{"@type":"Organization","@id":"https:\/\/startercultures.eu\/nl\/#organization","name":"Startercultures.eu","url":"https:\/\/startercultures.eu\/nl\/","logo":{"@type":"ImageObject","inLanguage":"nl-NL","@id":"https:\/\/startercultures.eu\/nl\/#\/schema\/logo\/image\/","url":"https:\/\/startercultures.eu\/wp-content\/uploads\/2020\/08\/startercultures-eu-nl-logo-rond-rgb.png","contentUrl":"https:\/\/startercultures.eu\/wp-content\/uploads\/2020\/08\/startercultures-eu-nl-logo-rond-rgb.png","width":320,"height":320,"caption":"Startercultures.eu"},"image":{"@id":"https:\/\/startercultures.eu\/nl\/#\/schema\/logo\/image\/"},"sameAs":["https:\/\/www.facebook.com\/startercultureseu","https:\/\/www.instagram.com\/startercultures.eu\/"],"hasMerchantReturnPolicy":{"@type":"MerchantReturnPolicy","merchantReturnLink":"https:\/\/startercultures.eu\/return-policy\/"}}]},"product_price_amount":"56.66","product_price_currency":"EUR","og_availability":"instock","product_availability":"instock","product_retailer_item_id":"148","product_condition":"new"},"_links":{"self":[{"href":"https:\/\/startercultures.eu\/nl\/wp-json\/wp\/v2\/product\/6433","targetHints":{"allow":["GET"]}}],"collection":[{"href":"https:\/\/startercultures.eu\/nl\/wp-json\/wp\/v2\/product"}],"about":[{"href":"https:\/\/startercultures.eu\/nl\/wp-json\/wp\/v2\/types\/product"}],"replies":[{"embeddable":true,"href":"https:\/\/startercultures.eu\/nl\/wp-json\/wp\/v2\/comments?post=6433"}],"version-history":[{"count":5,"href":"https:\/\/startercultures.eu\/nl\/wp-json\/wp\/v2\/product\/6433\/revisions"}],"predecessor-version":[{"id":76202,"href":"https:\/\/startercultures.eu\/nl\/wp-json\/wp\/v2\/product\/6433\/revisions\/76202"}],"wp:featuredmedia":[{"embeddable":true,"href":"https:\/\/startercultures.eu\/nl\/wp-json\/wp\/v2\/media\/15602"}],"wp:attachment":[{"href":"https:\/\/startercultures.eu\/nl\/wp-json\/wp\/v2\/media?parent=6433"}],"wp:term":[{"taxonomy":"product_brand","embeddable":true,"href":"https:\/\/startercultures.eu\/nl\/wp-json\/wp\/v2\/product_brand?post=6433"},{"taxonomy":"product_cat","embeddable":true,"href":"https:\/\/startercultures.eu\/nl\/wp-json\/wp\/v2\/product_cat?post=6433"},{"taxonomy":"product_tag","embeddable":true,"href":"https:\/\/startercultures.eu\/nl\/wp-json\/wp\/v2\/product_tag?post=6433"}],"curies":[{"name":"wp","href":"https:\/\/api.w.org\/{rel}","templated":true}]}}