{"id":6453,"date":"2020-07-31T16:32:13","date_gmt":"2020-07-31T14:32:13","guid":{"rendered":"http:\/\/starterculturen.com\/?post_type=product&#038;p=6453"},"modified":"2026-04-14T18:43:12","modified_gmt":"2026-04-14T16:43:12","slug":"rolladenet-nl","status":"publish","type":"product","link":"https:\/\/startercultures.eu\/nl\/product\/worst-en-vleeswaren-nl\/darmen-nl\/kunstdarmen-nl\/rolladenet-nl\/","title":{"rendered":"Rolladenet | voor charcuterie"},"content":{"rendered":"<p>Zo&#8217;n slagerstouwtje is dan wel heel authentiek, maar een rolladenet gaat wel een stuk sneller. Ideaal om je rollade, pancetta, coppa, lonza of andere vleeswaar mooi in vorm te houden.<\/p>\n<ul>\n<li>Beschikbaar in 2 of 5 meter<\/li>\n<li>Elastisch<\/li>\n<li>Diameter ca. 125-145 mm<\/li>\n<li>Kleur: wit<\/li>\n<li>Niet eetbaar<\/li>\n<\/ul>\n<h3 data-fontsize=\"21\" data-lineheight=\"27.3px\">Rolladenet kopen?<\/h3>\n<p>Je bestelt het rolladenet bij starterculturen.nl, d\u00e9 webwinkel voor al je charcuterie, pat\u00e9 en worstingredi\u00ebnten. Van Meneer Wateetons de auteur van de standaardwerken <a href=\"https:\/\/startercultures.eu\/nl\/product-category\/boeken\/\" target=\"_blank\" rel=\"noopener noreferrer\">De Worstbijbel (2018) en Over Charcuterie (2019)<\/a> Op werkdagen voor 15:00 besteld, dezelfde dag verzonden.\u00a0 Vragen over het gebruik dit net? Stel ze via de chatfunctie. We komen er altijd uit.<\/p>\n<h3>Online cursus &#8216;charcuterie maken&#8217;<a href=\"https:\/\/startercultures.eu\/nl\/product\/online-workshops-nl\/online-workshop-worst-en-charcuterie\/online-cursus-charcuterie-maken\/\" target=\"_blank\" rel=\"noopener\"><img decoding=\"async\" class=\"lazyload wp-image-75308 alignright\" src=\"https:\/\/startercultures.eu\/wp-content\/uploads\/2023\/12\/CHARCUTERIE-300x300.png\" data-orig-src=\"https:\/\/startercultures.eu\/wp-content\/uploads\/2023\/12\/CHARCUTERIE-300x300.png\" alt=\"\" width=\"124\" height=\"124\" srcset=\"data:image\/svg+xml,%3Csvg%20xmlns%3D%27http%3A%2F%2Fwww.w3.org%2F2000%2Fsvg%27%20width%3D%27124%27%20height%3D%27124%27%20viewBox%3D%270%200%20124%20124%27%3E%3Crect%20width%3D%27124%27%20height%3D%27124%27%20fill-opacity%3D%220%22%2F%3E%3C%2Fsvg%3E\" data-srcset=\"https:\/\/startercultures.eu\/wp-content\/uploads\/2023\/12\/CHARCUTERIE-66x66.png 66w, https:\/\/startercultures.eu\/wp-content\/uploads\/2023\/12\/CHARCUTERIE-100x100.png 100w, https:\/\/startercultures.eu\/wp-content\/uploads\/2023\/12\/CHARCUTERIE-150x150.png 150w, https:\/\/startercultures.eu\/wp-content\/uploads\/2023\/12\/CHARCUTERIE-200x200.png 200w, https:\/\/startercultures.eu\/wp-content\/uploads\/2023\/12\/CHARCUTERIE-300x300.png 300w, https:\/\/startercultures.eu\/wp-content\/uploads\/2023\/12\/CHARCUTERIE-400x400.png 400w, https:\/\/startercultures.eu\/wp-content\/uploads\/2023\/12\/CHARCUTERIE-500x500.png 500w, https:\/\/startercultures.eu\/wp-content\/uploads\/2023\/12\/CHARCUTERIE-600x600.png 600w, https:\/\/startercultures.eu\/wp-content\/uploads\/2023\/12\/CHARCUTERIE-700x700.png 700w, https:\/\/startercultures.eu\/wp-content\/uploads\/2023\/12\/CHARCUTERIE-768x768.png 768w, https:\/\/startercultures.eu\/wp-content\/uploads\/2023\/12\/CHARCUTERIE-800x800.png 800w, https:\/\/startercultures.eu\/wp-content\/uploads\/2023\/12\/CHARCUTERIE.png 1000w\" data-sizes=\"auto\" data-orig-sizes=\"(max-width: 124px) 100vw, 124px\" \/><\/a><\/h3>\n<p>Leer je eigen charcuterie maken van Meneer Wateetons, de auteur van h\u00e9t Nederlandse standaardwerk op dit gebied:\u00a0<a class=\"ek-link\" href=\"https:\/\/startercultures.eu\/nl\/product\/boeken\/over-charcuterie-2019-nl\/\" target=\"_blank\" rel=\"noreferrer noopener\" aria-label=\" (opens in a new tab)\">Over Charcuterie<\/a>. Droge ham, pancetta, guanciale, lardo, coppa en meer heerlijke Zuid-europese gedroogde vleeswaar. Na deze workshop in 19 korte duidelijke lessen maak je die voortaan zelf.Kijk <a href=\"https:\/\/startercultures.eu\/nl\/product\/online-workshops-nl\/online-workshop-worst-en-charcuterie\/online-cursus-charcuterie-maken\/\" target=\"_blank\" rel=\"noopener\">hier<\/a> voor meer info.<\/p>\n","protected":false},"excerpt":{"rendered":"<p>Zo&#8217;n slagerstouwtje is dan wel heel authentiek, maar een rolladenet gaat wel een stuk sneller. Ideaal om je rollade, pancetta, coppa, lonza of andere vleeswaar mooi in vorm te houden.<\/p>\n","protected":false},"featured_media":14550,"comment_status":"open","ping_status":"closed","template":"","meta":{"_acf_changed":false,"footnotes":""},"product_brand":[],"product_cat":[591,50],"product_tag":[],"class_list":{"0":"post-6453","1":"product","2":"type-product","3":"status-publish","4":"has-post-thumbnail","6":"product_cat-charcuterie-nl","7":"product_cat-kunstdarmen-nl","8":"pa_ean-8720297620577-nl-2","9":"pa_size-2-meter","11":"first","12":"instock","13":"taxable","14":"shipping-taxable","15":"purchasable","16":"product-type-variable"},"acf":[],"yoast_head":"<!-- This site is optimized with the Yoast SEO plugin v26.6 - https:\/\/yoast.com\/wordpress\/plugins\/seo\/ -->\n<title>Rolladenet voor zelf rollade maken | starterculturen.nl<\/title>\n<meta name=\"description\" content=\"Rolladenet, de makkelijke manier om je rollade, pancetta, coppa, lonza of andere vleeswaar mooi in vorm te houden. Koop ze hier!\" \/>\n<meta name=\"robots\" content=\"index, follow, max-snippet:-1, max-image-preview:large, max-video-preview:-1\" \/>\n<link rel=\"canonical\" href=\"https:\/\/startercultures.eu\/nl\/product\/worst-en-vleeswaren-nl\/darmen-nl\/kunstdarmen-nl\/rolladenet-nl\/\" \/>\n<meta property=\"og:locale\" content=\"nl_NL\" \/>\n<meta property=\"og:type\" content=\"article\" \/>\n<meta property=\"og:title\" content=\"Rolladenet voor zelf rollade maken | starterculturen.nl\" \/>\n<meta property=\"og:description\" content=\"Rolladenet, de makkelijke manier om je rollade, pancetta, coppa, lonza of andere vleeswaar mooi in vorm te houden. Koop ze hier!\" \/>\n<meta property=\"og:url\" content=\"https:\/\/startercultures.eu\/nl\/product\/worst-en-vleeswaren-nl\/darmen-nl\/kunstdarmen-nl\/rolladenet-nl\/\" \/>\n<meta property=\"og:site_name\" content=\"Startercultures.eu\" \/>\n<meta property=\"article:publisher\" content=\"https:\/\/www.facebook.com\/startercultureseu\" \/>\n<meta property=\"article:modified_time\" content=\"2026-04-14T16:43:12+00:00\" \/>\n<meta property=\"og:image\" content=\"https:\/\/startercultures.eu\/wp-content\/uploads\/2020\/07\/butchers-net.png\" \/>\n\t<meta property=\"og:image:width\" content=\"833\" \/>\n\t<meta property=\"og:image:height\" content=\"652\" \/>\n\t<meta property=\"og:image:type\" content=\"image\/png\" \/>\n<meta name=\"twitter:card\" content=\"summary_large_image\" \/>\n<meta name=\"twitter:label1\" content=\"Availability\" \/>\n\t<meta name=\"twitter:data1\" content=\"Op voorraad\" \/>\n<script type=\"application\/ld+json\" class=\"yoast-schema-graph\">{\"@context\":\"https:\/\/schema.org\",\"@graph\":[{\"@type\":\"WebPage\",\"@id\":\"https:\/\/startercultures.eu\/nl\/product\/worst-en-vleeswaren-nl\/darmen-nl\/kunstdarmen-nl\/rolladenet-nl\/\",\"url\":\"https:\/\/startercultures.eu\/nl\/product\/worst-en-vleeswaren-nl\/darmen-nl\/kunstdarmen-nl\/rolladenet-nl\/\",\"name\":\"Rolladenet voor zelf rollade maken | starterculturen.nl\",\"isPartOf\":{\"@id\":\"https:\/\/startercultures.eu\/nl\/#website\"},\"primaryImageOfPage\":{\"@id\":\"https:\/\/startercultures.eu\/nl\/product\/worst-en-vleeswaren-nl\/darmen-nl\/kunstdarmen-nl\/rolladenet-nl\/#primaryimage\"},\"image\":{\"@id\":\"https:\/\/startercultures.eu\/nl\/product\/worst-en-vleeswaren-nl\/darmen-nl\/kunstdarmen-nl\/rolladenet-nl\/#primaryimage\"},\"thumbnailUrl\":\"https:\/\/startercultures.eu\/wp-content\/uploads\/2020\/07\/butchers-net.png\",\"datePublished\":\"2020-07-31T14:32:13+00:00\",\"dateModified\":\"2026-04-14T16:43:12+00:00\",\"description\":\"Rolladenet, de makkelijke manier om je rollade, pancetta, coppa, lonza of andere vleeswaar mooi in vorm te houden. Koop ze hier!\",\"breadcrumb\":{\"@id\":\"https:\/\/startercultures.eu\/nl\/product\/worst-en-vleeswaren-nl\/darmen-nl\/kunstdarmen-nl\/rolladenet-nl\/#breadcrumb\"},\"inLanguage\":\"nl-NL\",\"potentialAction\":[{\"@type\":\"ReadAction\",\"target\":[\"https:\/\/startercultures.eu\/nl\/product\/worst-en-vleeswaren-nl\/darmen-nl\/kunstdarmen-nl\/rolladenet-nl\/\"]}]},{\"@type\":\"ImageObject\",\"inLanguage\":\"nl-NL\",\"@id\":\"https:\/\/startercultures.eu\/nl\/product\/worst-en-vleeswaren-nl\/darmen-nl\/kunstdarmen-nl\/rolladenet-nl\/#primaryimage\",\"url\":\"https:\/\/startercultures.eu\/wp-content\/uploads\/2020\/07\/butchers-net.png\",\"contentUrl\":\"https:\/\/startercultures.eu\/wp-content\/uploads\/2020\/07\/butchers-net.png\",\"width\":833,\"height\":652,\"caption\":\"rolladenet\"},{\"@type\":\"BreadcrumbList\",\"@id\":\"https:\/\/startercultures.eu\/nl\/product\/worst-en-vleeswaren-nl\/darmen-nl\/kunstdarmen-nl\/rolladenet-nl\/#breadcrumb\",\"itemListElement\":[{\"@type\":\"ListItem\",\"position\":1,\"name\":\"Home\",\"item\":\"https:\/\/startercultures.eu\/nl\/\"},{\"@type\":\"ListItem\",\"position\":2,\"name\":\"Winkel\",\"item\":\"https:\/\/startercultures.eu\/nl\/winkel\/\"},{\"@type\":\"ListItem\",\"position\":3,\"name\":\"Rolladenet | voor charcuterie\"}]},{\"@type\":\"WebSite\",\"@id\":\"https:\/\/startercultures.eu\/nl\/#website\",\"url\":\"https:\/\/startercultures.eu\/nl\/\",\"name\":\"Startercultures.eu\",\"description\":\"Startercultures.eu\",\"publisher\":{\"@id\":\"https:\/\/startercultures.eu\/nl\/#organization\"},\"potentialAction\":[{\"@type\":\"SearchAction\",\"target\":{\"@type\":\"EntryPoint\",\"urlTemplate\":\"https:\/\/startercultures.eu\/nl\/?s={search_term_string}\"},\"query-input\":{\"@type\":\"PropertyValueSpecification\",\"valueRequired\":true,\"valueName\":\"search_term_string\"}}],\"inLanguage\":\"nl-NL\"},{\"@type\":\"Organization\",\"@id\":\"https:\/\/startercultures.eu\/nl\/#organization\",\"name\":\"Startercultures.eu\",\"url\":\"https:\/\/startercultures.eu\/nl\/\",\"logo\":{\"@type\":\"ImageObject\",\"inLanguage\":\"nl-NL\",\"@id\":\"https:\/\/startercultures.eu\/nl\/#\/schema\/logo\/image\/\",\"url\":\"https:\/\/startercultures.eu\/wp-content\/uploads\/2020\/08\/startercultures-eu-nl-logo-rond-rgb.png\",\"contentUrl\":\"https:\/\/startercultures.eu\/wp-content\/uploads\/2020\/08\/startercultures-eu-nl-logo-rond-rgb.png\",\"width\":320,\"height\":320,\"caption\":\"Startercultures.eu\"},\"image\":{\"@id\":\"https:\/\/startercultures.eu\/nl\/#\/schema\/logo\/image\/\"},\"sameAs\":[\"https:\/\/www.facebook.com\/startercultureseu\",\"https:\/\/www.instagram.com\/startercultures.eu\/\"],\"hasMerchantReturnPolicy\":{\"@type\":\"MerchantReturnPolicy\",\"merchantReturnLink\":\"https:\/\/startercultures.eu\/return-policy\/\"}}]}<\/script>\n<meta property=\"og:availability\" content=\"instock\" \/>\n<meta property=\"product:availability\" content=\"instock\" \/>\n<meta property=\"product:retailer_item_id\" content=\"404\" \/>\n<meta property=\"product:condition\" content=\"new\" \/>\n<!-- \/ Yoast SEO plugin. -->","yoast_head_json":{"title":"Rolladenet voor zelf rollade maken | starterculturen.nl","description":"Rolladenet, de makkelijke manier om je rollade, pancetta, coppa, lonza of andere vleeswaar mooi in vorm te houden. Koop ze hier!","robots":{"index":"index","follow":"follow","max-snippet":"max-snippet:-1","max-image-preview":"max-image-preview:large","max-video-preview":"max-video-preview:-1"},"canonical":"https:\/\/startercultures.eu\/nl\/product\/worst-en-vleeswaren-nl\/darmen-nl\/kunstdarmen-nl\/rolladenet-nl\/","og_locale":"nl_NL","og_type":"article","og_title":"Rolladenet voor zelf rollade maken | starterculturen.nl","og_description":"Rolladenet, de makkelijke manier om je rollade, pancetta, coppa, lonza of andere vleeswaar mooi in vorm te houden. Koop ze hier!","og_url":"https:\/\/startercultures.eu\/nl\/product\/worst-en-vleeswaren-nl\/darmen-nl\/kunstdarmen-nl\/rolladenet-nl\/","og_site_name":"Startercultures.eu","article_publisher":"https:\/\/www.facebook.com\/startercultureseu","article_modified_time":"2026-04-14T16:43:12+00:00","og_image":[{"width":833,"height":652,"url":"https:\/\/startercultures.eu\/wp-content\/uploads\/2020\/07\/butchers-net.png","type":"image\/png"}],"twitter_card":"summary_large_image","twitter_misc":{"Availability":"Op voorraad"},"schema":{"@context":"https:\/\/schema.org","@graph":[{"@type":"WebPage","@id":"https:\/\/startercultures.eu\/nl\/product\/worst-en-vleeswaren-nl\/darmen-nl\/kunstdarmen-nl\/rolladenet-nl\/","url":"https:\/\/startercultures.eu\/nl\/product\/worst-en-vleeswaren-nl\/darmen-nl\/kunstdarmen-nl\/rolladenet-nl\/","name":"Rolladenet voor zelf rollade maken | starterculturen.nl","isPartOf":{"@id":"https:\/\/startercultures.eu\/nl\/#website"},"primaryImageOfPage":{"@id":"https:\/\/startercultures.eu\/nl\/product\/worst-en-vleeswaren-nl\/darmen-nl\/kunstdarmen-nl\/rolladenet-nl\/#primaryimage"},"image":{"@id":"https:\/\/startercultures.eu\/nl\/product\/worst-en-vleeswaren-nl\/darmen-nl\/kunstdarmen-nl\/rolladenet-nl\/#primaryimage"},"thumbnailUrl":"https:\/\/startercultures.eu\/wp-content\/uploads\/2020\/07\/butchers-net.png","datePublished":"2020-07-31T14:32:13+00:00","dateModified":"2026-04-14T16:43:12+00:00","description":"Rolladenet, de makkelijke manier om je rollade, pancetta, coppa, lonza of andere vleeswaar mooi in vorm te houden. Koop ze hier!","breadcrumb":{"@id":"https:\/\/startercultures.eu\/nl\/product\/worst-en-vleeswaren-nl\/darmen-nl\/kunstdarmen-nl\/rolladenet-nl\/#breadcrumb"},"inLanguage":"nl-NL","potentialAction":[{"@type":"ReadAction","target":["https:\/\/startercultures.eu\/nl\/product\/worst-en-vleeswaren-nl\/darmen-nl\/kunstdarmen-nl\/rolladenet-nl\/"]}]},{"@type":"ImageObject","inLanguage":"nl-NL","@id":"https:\/\/startercultures.eu\/nl\/product\/worst-en-vleeswaren-nl\/darmen-nl\/kunstdarmen-nl\/rolladenet-nl\/#primaryimage","url":"https:\/\/startercultures.eu\/wp-content\/uploads\/2020\/07\/butchers-net.png","contentUrl":"https:\/\/startercultures.eu\/wp-content\/uploads\/2020\/07\/butchers-net.png","width":833,"height":652,"caption":"rolladenet"},{"@type":"BreadcrumbList","@id":"https:\/\/startercultures.eu\/nl\/product\/worst-en-vleeswaren-nl\/darmen-nl\/kunstdarmen-nl\/rolladenet-nl\/#breadcrumb","itemListElement":[{"@type":"ListItem","position":1,"name":"Home","item":"https:\/\/startercultures.eu\/nl\/"},{"@type":"ListItem","position":2,"name":"Winkel","item":"https:\/\/startercultures.eu\/nl\/winkel\/"},{"@type":"ListItem","position":3,"name":"Rolladenet | voor charcuterie"}]},{"@type":"WebSite","@id":"https:\/\/startercultures.eu\/nl\/#website","url":"https:\/\/startercultures.eu\/nl\/","name":"Startercultures.eu","description":"Startercultures.eu","publisher":{"@id":"https:\/\/startercultures.eu\/nl\/#organization"},"potentialAction":[{"@type":"SearchAction","target":{"@type":"EntryPoint","urlTemplate":"https:\/\/startercultures.eu\/nl\/?s={search_term_string}"},"query-input":{"@type":"PropertyValueSpecification","valueRequired":true,"valueName":"search_term_string"}}],"inLanguage":"nl-NL"},{"@type":"Organization","@id":"https:\/\/startercultures.eu\/nl\/#organization","name":"Startercultures.eu","url":"https:\/\/startercultures.eu\/nl\/","logo":{"@type":"ImageObject","inLanguage":"nl-NL","@id":"https:\/\/startercultures.eu\/nl\/#\/schema\/logo\/image\/","url":"https:\/\/startercultures.eu\/wp-content\/uploads\/2020\/08\/startercultures-eu-nl-logo-rond-rgb.png","contentUrl":"https:\/\/startercultures.eu\/wp-content\/uploads\/2020\/08\/startercultures-eu-nl-logo-rond-rgb.png","width":320,"height":320,"caption":"Startercultures.eu"},"image":{"@id":"https:\/\/startercultures.eu\/nl\/#\/schema\/logo\/image\/"},"sameAs":["https:\/\/www.facebook.com\/startercultureseu","https:\/\/www.instagram.com\/startercultures.eu\/"],"hasMerchantReturnPolicy":{"@type":"MerchantReturnPolicy","merchantReturnLink":"https:\/\/startercultures.eu\/return-policy\/"}}]},"og_availability":"instock","product_availability":"instock","product_retailer_item_id":"404","product_condition":"new"},"_links":{"self":[{"href":"https:\/\/startercultures.eu\/nl\/wp-json\/wp\/v2\/product\/6453","targetHints":{"allow":["GET"]}}],"collection":[{"href":"https:\/\/startercultures.eu\/nl\/wp-json\/wp\/v2\/product"}],"about":[{"href":"https:\/\/startercultures.eu\/nl\/wp-json\/wp\/v2\/types\/product"}],"replies":[{"embeddable":true,"href":"https:\/\/startercultures.eu\/nl\/wp-json\/wp\/v2\/comments?post=6453"}],"version-history":[{"count":3,"href":"https:\/\/startercultures.eu\/nl\/wp-json\/wp\/v2\/product\/6453\/revisions"}],"predecessor-version":[{"id":76578,"href":"https:\/\/startercultures.eu\/nl\/wp-json\/wp\/v2\/product\/6453\/revisions\/76578"}],"wp:featuredmedia":[{"embeddable":true,"href":"https:\/\/startercultures.eu\/nl\/wp-json\/wp\/v2\/media\/14550"}],"wp:attachment":[{"href":"https:\/\/startercultures.eu\/nl\/wp-json\/wp\/v2\/media?parent=6453"}],"wp:term":[{"taxonomy":"product_brand","embeddable":true,"href":"https:\/\/startercultures.eu\/nl\/wp-json\/wp\/v2\/product_brand?post=6453"},{"taxonomy":"product_cat","embeddable":true,"href":"https:\/\/startercultures.eu\/nl\/wp-json\/wp\/v2\/product_cat?post=6453"},{"taxonomy":"product_tag","embeddable":true,"href":"https:\/\/startercultures.eu\/nl\/wp-json\/wp\/v2\/product_tag?post=6453"}],"curies":[{"name":"wp","href":"https:\/\/api.w.org\/{rel}","templated":true}]}}