{"id":6646,"date":"2020-07-31T16:34:56","date_gmt":"2020-07-31T16:34:56","guid":{"rendered":"http:\/\/starterculturen.com\/?post_type=product&#038;p=6646"},"modified":"2025-12-07T08:05:28","modified_gmt":"2025-12-07T07:05:28","slug":"fermentatie-t-shirts-hoodies-sweaters-en-schorten-nl","status":"publish","type":"product","link":"https:\/\/startercultures.eu\/nl\/product\/swag-nl\/fermentatie-t-shirts-hoodies-sweaters-en-schorten-nl\/","title":{"rendered":"Fermentatie t-shirts, hoodies, sweaters en schorten"},"content":{"rendered":"<p>Laat zien dat je een fermenteerder bent met een fermentatie t-shirts!<\/p>\n<p>Starterculturen verkoopt, in samenwerking met Spreadshirt, een ruime keus aan toffe t-shirts, hoodies en sweaters met &#8216;rot&#8217;-designs van ontwerper en illustrator <a href=\"http:\/\/tijskoelemeijer.com\/\" target=\"_blank\" rel=\"noopener\">Tijs Koelemeijer<\/a>.<\/p>\n<p>Elke bestelling wordt apart voor jou gedrukt en ligt binnen 4-6 dagen bij je op de mat. Van jouw <a href=\"https:\/\/startercultures.eu\/nl\/product\/groente-nl\/waterslot-en-weckpot-deksel-100-mm\/\">waterslot<\/a>-hoodie\u00a0of zuurkool t-shirt is er dus maar een.<\/p>\n<p><strong>Alle soorten, maten en kleuren<\/strong><\/p>\n<p>We hebben<\/p>\n<ul>\n<li>hoodies<\/li>\n<li>Fermentatie t-shirts<\/li>\n<li>sweaters<\/li>\n<li>tanktops<\/li>\n<li>polo&#8217;s<\/li>\n<li>en zelfs keukenschorten (tip!)<\/li>\n<\/ul>\n<p>Ze zijn beschikbaar in mannen en vrouwen fits en in alle kleuren van de regenboog.<\/p>\n<p><strong>Design your own<\/strong><br \/>\nNog niet genoeg keus? Je kunt zelfs met onze designs je eigen kleding ontwerpen.<\/p>\n<p>Check <a href=\"https:\/\/shop.spreadshirt.nl\/startercultures\/fermentation?collection=iUkTxRmuYy\" target=\"_blank\" rel=\"noopener\">het aanbod hier<\/a>, of <a href=\"https:\/\/shop.spreadshirt.nl\/startercultures\/create\" target=\"_blank\" rel=\"noopener\">design zelf iets<\/a>.<\/p>\n<p>Let op, zowel de bestelling, als het betalen,\u00a0de productie en het verzenden gaat technisch gezien buiten starterculturen.nl om. Het is een losse store.<\/p>\n<h3>Fermentatie t-shirts kopen?<\/h3>\n<p>Je bestelt alles bij starterculturen.nl, d\u00e9 webwinkel voor al je charcuterie, pat\u00e9 en worstingredi\u00ebnten. Van Meneer Wateetons de auteur van de standaardwerken <a href=\"https:\/\/startercultures.eu\/nl\/product-category\/boeken\/\" target=\"_blank\" rel=\"noopener noreferrer\">De Worstbijbel (2018) en Over Charcuterie (2019)<\/a> Op werkdagen voor 15:00 besteld, dezelfde dag verzonden.\u00a0 Vragen over het gebruik? Stel ze via de chatfunctie. We komen er altijd uit.<\/p>\n<h3 class=\"fusion-responsive-typography-calculated\" data-fontsize=\"21\" data-lineheight=\"27.3px\">Meer leren?<\/h3>\n<p>Lees voor je je je eigen droge worst of charcuterie gaat maken\u00a0<a href=\"https:\/\/startercultures.eu\/nl\/product-category\/boeken\/\" target=\"_blank\" rel=\"noopener noreferrer\">De Worstbijbel (2018) of Over Charcuterie (2019)<\/a>.<\/p>\n<h3>Online on demand workshop &#8216;maak je eigen droge worst&#8217;<\/h3>\n<p>Verse worst maken is leuk, maar de ware uitdaging van het worstmakersvak is het cre\u00ebren van je eigen droge worst. Wat deze worsten onderscheidt van de verse braadworst is dat ze gefermenteerd\/gerijpt en in de meeste gevallen gedroogd zijn. Dat kun je in \u00e9\u00e9n avond en ook uitstekend <a href=\"https:\/\/startercultures.eu\/nl\/product\/online-workshops-nl\/online-workshop-worst-en-charcuterie\/online-on-demand-workshop-maak-je-eigen-droge-worst\/\" target=\"_blank\" rel=\"noopener\">online leren<\/a> van d\u00e9 expert op dit gebied: Meneer Wateetons, auteur van de Worstbijbel (2018). Kijk <a href=\"https:\/\/startercultures.eu\/nl\/product\/online-workshops-nl\/online-workshop-worst-en-charcuterie\/online-on-demand-workshop-maak-je-eigen-droge-worst\/\" target=\"_blank\" rel=\"noopener\">hier<\/a> voor meer info.<\/p>\n","protected":false},"excerpt":{"rendered":"<p>Starterculturen verkoopt, in samenwerking met Spreadshirt, een ruime keus aan toffe en unieke t-shirts, hoodies en sweaters met &#8216;rot&#8217;-designs van ontwerper en illustrator Tijs Koelemeijer.<\/p>\n","protected":false},"featured_media":6647,"comment_status":"open","ping_status":"closed","template":"","meta":{"_acf_changed":false,"footnotes":""},"product_brand":[],"product_cat":[38],"product_tag":[],"class_list":{"0":"post-6646","1":"product","2":"type-product","3":"status-publish","4":"has-post-thumbnail","6":"product_cat-swag-nl","8":"first","9":"instock","10":"taxable","11":"shipping-taxable","12":"purchasable","13":"product-type-simple"},"acf":[],"yoast_head":"<!-- This site is optimized with the Yoast SEO plugin v26.6 - https:\/\/yoast.com\/wordpress\/plugins\/seo\/ -->\n<title>Fermentatie t-shirts, hoodies, sweaters en schorten | Starterculturen.nl<\/title>\n<meta name=\"description\" content=\"Starterculturen verkoopt fermentatie t-shirts e.d. met &#039;rot&#039;-designs van ontwerper en illustrator Tijs Koelemeijer. Ook hoodies en sweaters.\" \/>\n<meta name=\"robots\" content=\"index, follow, max-snippet:-1, max-image-preview:large, max-video-preview:-1\" \/>\n<link rel=\"canonical\" href=\"https:\/\/startercultures.eu\/nl\/product\/swag-nl\/fermentatie-t-shirts-hoodies-sweaters-en-schorten-nl\/\" \/>\n<meta property=\"og:locale\" content=\"nl_NL\" \/>\n<meta property=\"og:type\" content=\"article\" \/>\n<meta property=\"og:title\" content=\"Fermentatie t-shirts, hoodies, sweaters en schorten | Starterculturen.nl\" \/>\n<meta property=\"og:description\" content=\"Starterculturen verkoopt fermentatie t-shirts e.d. met &#039;rot&#039;-designs van ontwerper en illustrator Tijs Koelemeijer. Ook hoodies en sweaters.\" \/>\n<meta property=\"og:url\" content=\"https:\/\/startercultures.eu\/nl\/product\/swag-nl\/fermentatie-t-shirts-hoodies-sweaters-en-schorten-nl\/\" \/>\n<meta property=\"og:site_name\" content=\"Startercultures.eu\" \/>\n<meta property=\"article:publisher\" content=\"https:\/\/www.facebook.com\/startercultureseu\" \/>\n<meta property=\"article:modified_time\" content=\"2025-12-07T07:05:28+00:00\" \/>\n<meta property=\"og:image\" content=\"https:\/\/startercultures.eu\/wp-content\/uploads\/2020\/07\/bf0422ef35649d88077975b8be36c8ac006fc2cc.jpg\" \/>\n\t<meta property=\"og:image:width\" content=\"800\" \/>\n\t<meta property=\"og:image:height\" content=\"800\" \/>\n\t<meta property=\"og:image:type\" content=\"image\/jpeg\" \/>\n<meta name=\"twitter:card\" content=\"summary_large_image\" \/>\n<meta name=\"twitter:label1\" content=\"Price\" \/>\n\t<meta name=\"twitter:data1\" content=\"&euro;0,-\" \/>\n\t<meta name=\"twitter:label2\" content=\"Availability\" \/>\n\t<meta name=\"twitter:data2\" content=\"Op voorraad\" \/>\n<script type=\"application\/ld+json\" class=\"yoast-schema-graph\">{\"@context\":\"https:\/\/schema.org\",\"@graph\":[{\"@type\":\"WebPage\",\"@id\":\"https:\/\/startercultures.eu\/nl\/product\/swag-nl\/fermentatie-t-shirts-hoodies-sweaters-en-schorten-nl\/\",\"url\":\"https:\/\/startercultures.eu\/nl\/product\/swag-nl\/fermentatie-t-shirts-hoodies-sweaters-en-schorten-nl\/\",\"name\":\"Fermentatie t-shirts, hoodies, sweaters en schorten | Starterculturen.nl\",\"isPartOf\":{\"@id\":\"https:\/\/startercultures.eu\/nl\/#website\"},\"primaryImageOfPage\":{\"@id\":\"https:\/\/startercultures.eu\/nl\/product\/swag-nl\/fermentatie-t-shirts-hoodies-sweaters-en-schorten-nl\/#primaryimage\"},\"image\":{\"@id\":\"https:\/\/startercultures.eu\/nl\/product\/swag-nl\/fermentatie-t-shirts-hoodies-sweaters-en-schorten-nl\/#primaryimage\"},\"thumbnailUrl\":\"https:\/\/startercultures.eu\/wp-content\/uploads\/2020\/07\/bf0422ef35649d88077975b8be36c8ac006fc2cc.jpg\",\"datePublished\":\"2020-07-31T16:34:56+00:00\",\"dateModified\":\"2025-12-07T07:05:28+00:00\",\"description\":\"Starterculturen verkoopt fermentatie t-shirts e.d. met 'rot'-designs van ontwerper en illustrator Tijs Koelemeijer. Ook hoodies en sweaters.\",\"breadcrumb\":{\"@id\":\"https:\/\/startercultures.eu\/nl\/product\/swag-nl\/fermentatie-t-shirts-hoodies-sweaters-en-schorten-nl\/#breadcrumb\"},\"inLanguage\":\"nl-NL\",\"potentialAction\":[{\"@type\":\"ReadAction\",\"target\":[\"https:\/\/startercultures.eu\/nl\/product\/swag-nl\/fermentatie-t-shirts-hoodies-sweaters-en-schorten-nl\/\"]}]},{\"@type\":\"ImageObject\",\"inLanguage\":\"nl-NL\",\"@id\":\"https:\/\/startercultures.eu\/nl\/product\/swag-nl\/fermentatie-t-shirts-hoodies-sweaters-en-schorten-nl\/#primaryimage\",\"url\":\"https:\/\/startercultures.eu\/wp-content\/uploads\/2020\/07\/bf0422ef35649d88077975b8be36c8ac006fc2cc.jpg\",\"contentUrl\":\"https:\/\/startercultures.eu\/wp-content\/uploads\/2020\/07\/bf0422ef35649d88077975b8be36c8ac006fc2cc.jpg\",\"width\":800,\"height\":800},{\"@type\":\"BreadcrumbList\",\"@id\":\"https:\/\/startercultures.eu\/nl\/product\/swag-nl\/fermentatie-t-shirts-hoodies-sweaters-en-schorten-nl\/#breadcrumb\",\"itemListElement\":[{\"@type\":\"ListItem\",\"position\":1,\"name\":\"Home\",\"item\":\"https:\/\/startercultures.eu\/nl\/\"},{\"@type\":\"ListItem\",\"position\":2,\"name\":\"Winkel\",\"item\":\"https:\/\/startercultures.eu\/nl\/winkel\/\"},{\"@type\":\"ListItem\",\"position\":3,\"name\":\"Fermentatie t-shirts, hoodies, sweaters en schorten\"}]},{\"@type\":\"WebSite\",\"@id\":\"https:\/\/startercultures.eu\/nl\/#website\",\"url\":\"https:\/\/startercultures.eu\/nl\/\",\"name\":\"Startercultures.eu\",\"description\":\"Startercultures.eu\",\"publisher\":{\"@id\":\"https:\/\/startercultures.eu\/nl\/#organization\"},\"potentialAction\":[{\"@type\":\"SearchAction\",\"target\":{\"@type\":\"EntryPoint\",\"urlTemplate\":\"https:\/\/startercultures.eu\/nl\/?s={search_term_string}\"},\"query-input\":{\"@type\":\"PropertyValueSpecification\",\"valueRequired\":true,\"valueName\":\"search_term_string\"}}],\"inLanguage\":\"nl-NL\"},{\"@type\":\"Organization\",\"@id\":\"https:\/\/startercultures.eu\/nl\/#organization\",\"name\":\"Startercultures.eu\",\"url\":\"https:\/\/startercultures.eu\/nl\/\",\"logo\":{\"@type\":\"ImageObject\",\"inLanguage\":\"nl-NL\",\"@id\":\"https:\/\/startercultures.eu\/nl\/#\/schema\/logo\/image\/\",\"url\":\"https:\/\/startercultures.eu\/wp-content\/uploads\/2020\/08\/startercultures-eu-nl-logo-rond-rgb.png\",\"contentUrl\":\"https:\/\/startercultures.eu\/wp-content\/uploads\/2020\/08\/startercultures-eu-nl-logo-rond-rgb.png\",\"width\":320,\"height\":320,\"caption\":\"Startercultures.eu\"},\"image\":{\"@id\":\"https:\/\/startercultures.eu\/nl\/#\/schema\/logo\/image\/\"},\"sameAs\":[\"https:\/\/www.facebook.com\/startercultureseu\",\"https:\/\/www.instagram.com\/startercultures.eu\/\"]}]}<\/script>\n<meta property=\"product:price:amount\" content=\"0.00\" \/>\n<meta property=\"product:price:currency\" content=\"EUR\" \/>\n<meta property=\"og:availability\" content=\"instock\" \/>\n<meta property=\"product:availability\" content=\"instock\" \/>\n<meta property=\"product:condition\" content=\"new\" \/>\n<!-- \/ Yoast SEO plugin. -->","yoast_head_json":{"title":"Fermentatie t-shirts, hoodies, sweaters en schorten | Starterculturen.nl","description":"Starterculturen verkoopt fermentatie t-shirts e.d. met 'rot'-designs van ontwerper en illustrator Tijs Koelemeijer. Ook hoodies en sweaters.","robots":{"index":"index","follow":"follow","max-snippet":"max-snippet:-1","max-image-preview":"max-image-preview:large","max-video-preview":"max-video-preview:-1"},"canonical":"https:\/\/startercultures.eu\/nl\/product\/swag-nl\/fermentatie-t-shirts-hoodies-sweaters-en-schorten-nl\/","og_locale":"nl_NL","og_type":"article","og_title":"Fermentatie t-shirts, hoodies, sweaters en schorten | Starterculturen.nl","og_description":"Starterculturen verkoopt fermentatie t-shirts e.d. met 'rot'-designs van ontwerper en illustrator Tijs Koelemeijer. Ook hoodies en sweaters.","og_url":"https:\/\/startercultures.eu\/nl\/product\/swag-nl\/fermentatie-t-shirts-hoodies-sweaters-en-schorten-nl\/","og_site_name":"Startercultures.eu","article_publisher":"https:\/\/www.facebook.com\/startercultureseu","article_modified_time":"2025-12-07T07:05:28+00:00","og_image":[{"width":800,"height":800,"url":"https:\/\/startercultures.eu\/wp-content\/uploads\/2020\/07\/bf0422ef35649d88077975b8be36c8ac006fc2cc.jpg","type":"image\/jpeg"}],"twitter_card":"summary_large_image","twitter_misc":{"Price":"&euro;0,-","Availability":"Op voorraad"},"schema":{"@context":"https:\/\/schema.org","@graph":[{"@type":"WebPage","@id":"https:\/\/startercultures.eu\/nl\/product\/swag-nl\/fermentatie-t-shirts-hoodies-sweaters-en-schorten-nl\/","url":"https:\/\/startercultures.eu\/nl\/product\/swag-nl\/fermentatie-t-shirts-hoodies-sweaters-en-schorten-nl\/","name":"Fermentatie t-shirts, hoodies, sweaters en schorten | Starterculturen.nl","isPartOf":{"@id":"https:\/\/startercultures.eu\/nl\/#website"},"primaryImageOfPage":{"@id":"https:\/\/startercultures.eu\/nl\/product\/swag-nl\/fermentatie-t-shirts-hoodies-sweaters-en-schorten-nl\/#primaryimage"},"image":{"@id":"https:\/\/startercultures.eu\/nl\/product\/swag-nl\/fermentatie-t-shirts-hoodies-sweaters-en-schorten-nl\/#primaryimage"},"thumbnailUrl":"https:\/\/startercultures.eu\/wp-content\/uploads\/2020\/07\/bf0422ef35649d88077975b8be36c8ac006fc2cc.jpg","datePublished":"2020-07-31T16:34:56+00:00","dateModified":"2025-12-07T07:05:28+00:00","description":"Starterculturen verkoopt fermentatie t-shirts e.d. met 'rot'-designs van ontwerper en illustrator Tijs Koelemeijer. Ook hoodies en sweaters.","breadcrumb":{"@id":"https:\/\/startercultures.eu\/nl\/product\/swag-nl\/fermentatie-t-shirts-hoodies-sweaters-en-schorten-nl\/#breadcrumb"},"inLanguage":"nl-NL","potentialAction":[{"@type":"ReadAction","target":["https:\/\/startercultures.eu\/nl\/product\/swag-nl\/fermentatie-t-shirts-hoodies-sweaters-en-schorten-nl\/"]}]},{"@type":"ImageObject","inLanguage":"nl-NL","@id":"https:\/\/startercultures.eu\/nl\/product\/swag-nl\/fermentatie-t-shirts-hoodies-sweaters-en-schorten-nl\/#primaryimage","url":"https:\/\/startercultures.eu\/wp-content\/uploads\/2020\/07\/bf0422ef35649d88077975b8be36c8ac006fc2cc.jpg","contentUrl":"https:\/\/startercultures.eu\/wp-content\/uploads\/2020\/07\/bf0422ef35649d88077975b8be36c8ac006fc2cc.jpg","width":800,"height":800},{"@type":"BreadcrumbList","@id":"https:\/\/startercultures.eu\/nl\/product\/swag-nl\/fermentatie-t-shirts-hoodies-sweaters-en-schorten-nl\/#breadcrumb","itemListElement":[{"@type":"ListItem","position":1,"name":"Home","item":"https:\/\/startercultures.eu\/nl\/"},{"@type":"ListItem","position":2,"name":"Winkel","item":"https:\/\/startercultures.eu\/nl\/winkel\/"},{"@type":"ListItem","position":3,"name":"Fermentatie t-shirts, hoodies, sweaters en schorten"}]},{"@type":"WebSite","@id":"https:\/\/startercultures.eu\/nl\/#website","url":"https:\/\/startercultures.eu\/nl\/","name":"Startercultures.eu","description":"Startercultures.eu","publisher":{"@id":"https:\/\/startercultures.eu\/nl\/#organization"},"potentialAction":[{"@type":"SearchAction","target":{"@type":"EntryPoint","urlTemplate":"https:\/\/startercultures.eu\/nl\/?s={search_term_string}"},"query-input":{"@type":"PropertyValueSpecification","valueRequired":true,"valueName":"search_term_string"}}],"inLanguage":"nl-NL"},{"@type":"Organization","@id":"https:\/\/startercultures.eu\/nl\/#organization","name":"Startercultures.eu","url":"https:\/\/startercultures.eu\/nl\/","logo":{"@type":"ImageObject","inLanguage":"nl-NL","@id":"https:\/\/startercultures.eu\/nl\/#\/schema\/logo\/image\/","url":"https:\/\/startercultures.eu\/wp-content\/uploads\/2020\/08\/startercultures-eu-nl-logo-rond-rgb.png","contentUrl":"https:\/\/startercultures.eu\/wp-content\/uploads\/2020\/08\/startercultures-eu-nl-logo-rond-rgb.png","width":320,"height":320,"caption":"Startercultures.eu"},"image":{"@id":"https:\/\/startercultures.eu\/nl\/#\/schema\/logo\/image\/"},"sameAs":["https:\/\/www.facebook.com\/startercultureseu","https:\/\/www.instagram.com\/startercultures.eu\/"]}]},"product_price_amount":"0.00","product_price_currency":"EUR","og_availability":"instock","product_availability":"instock","product_condition":"new"},"_links":{"self":[{"href":"https:\/\/startercultures.eu\/nl\/wp-json\/wp\/v2\/product\/6646","targetHints":{"allow":["GET"]}}],"collection":[{"href":"https:\/\/startercultures.eu\/nl\/wp-json\/wp\/v2\/product"}],"about":[{"href":"https:\/\/startercultures.eu\/nl\/wp-json\/wp\/v2\/types\/product"}],"replies":[{"embeddable":true,"href":"https:\/\/startercultures.eu\/nl\/wp-json\/wp\/v2\/comments?post=6646"}],"version-history":[{"count":0,"href":"https:\/\/startercultures.eu\/nl\/wp-json\/wp\/v2\/product\/6646\/revisions"}],"wp:featuredmedia":[{"embeddable":true,"href":"https:\/\/startercultures.eu\/nl\/wp-json\/wp\/v2\/media\/6647"}],"wp:attachment":[{"href":"https:\/\/startercultures.eu\/nl\/wp-json\/wp\/v2\/media?parent=6646"}],"wp:term":[{"taxonomy":"product_brand","embeddable":true,"href":"https:\/\/startercultures.eu\/nl\/wp-json\/wp\/v2\/product_brand?post=6646"},{"taxonomy":"product_cat","embeddable":true,"href":"https:\/\/startercultures.eu\/nl\/wp-json\/wp\/v2\/product_cat?post=6646"},{"taxonomy":"product_tag","embeddable":true,"href":"https:\/\/startercultures.eu\/nl\/wp-json\/wp\/v2\/product_tag?post=6646"}],"curies":[{"name":"wp","href":"https:\/\/api.w.org\/{rel}","templated":true}]}}