{"id":6837,"date":"2020-07-31T16:37:43","date_gmt":"2020-07-31T16:37:43","guid":{"rendered":"http:\/\/starterculturen.com\/?post_type=product&#038;p=6837"},"modified":"2025-12-20T00:15:50","modified_gmt":"2025-12-19T23:15:50","slug":"pate-pakket-nl","status":"publish","type":"product","link":"https:\/\/startercultures.eu\/nl\/product\/worst-en-vleeswaren-nl\/complete-pakketten-nl\/pate-pakket-nl\/","title":{"rendered":"Alles in \u00e9\u00e9n &#8216;maak je eigen pat\u00e9&#8217;-starterspakket"},"content":{"rendered":"<p>Alle hulpstoffen om je eigen pat\u00e9 of terrine te maken in dit zelf pat\u00e9 maken starterspakket. De ingredi\u00ebnten in dit starterspakket zorgen voor kleurvorming, kleurbehoud, houdbaarheid en een mooie stevige binding.<\/p>\n<h3>Inhoud van dit alles in \u00e9\u00e9n &#8216;maak je eigen pat\u00e9&#8217;-starterspakket<\/h3>\n<ul>\n<li>1 zak nitrietpekelzout (smaak en kleur, absoluut vereist voor het maken van pat\u00e9)<\/li>\n<li>1 zakje dextrose (kleurvorming)<\/li>\n<li>1 zakje ascorbinezuur\u00a0 (kleurbehoud en houdbaarheid)<\/li>\n<li>1 zakje fosfaat (altijd een perfecte binding)<\/li>\n<\/ul>\n<h3 data-fontsize=\"21\" data-lineheight=\"27.3px\">Zelf pat\u00e9 maken starterspakket kopen?<\/h3>\n<p>Je bestelt alle ingredi\u00ebnten voor het zelf pat\u00e9 maken starterspakket bij starterculturen.nl, d\u00e9 webwinkel voor al je charcuterie, pat\u00e9 en worstingredi\u00ebnten. Van Meneer Wateetons de auteur van de standaardwerken <a href=\"https:\/\/startercultures.eu\/nl\/product-category\/boeken\/\" target=\"_blank\" rel=\"noopener noreferrer\">De Worstbijbel (2018) en Over Charcuterie (2019).<\/a> Op werkdagen voor 15:00 besteld, dezelfde dag verzonden.\u00a0 Vragen over het gebruik van het pakket? Stel ze via de chatfunctie. We komen er altijd uit.<\/p>\n<h3><img decoding=\"async\" class=\"lazyload wp-image-10348 alignright\" src=\"https:\/\/startercultures.eu\/wp-content\/uploads\/2021\/01\/workshop-pate-450-300x300.png\" data-orig-src=\"https:\/\/startercultures.eu\/wp-content\/uploads\/2021\/01\/workshop-pate-450-300x300.png\" alt=\"workshop-zelf pate maken\" width=\"93\" height=\"93\" srcset=\"data:image\/svg+xml,%3Csvg%20xmlns%3D%27http%3A%2F%2Fwww.w3.org%2F2000%2Fsvg%27%20width%3D%2793%27%20height%3D%2793%27%20viewBox%3D%270%200%2093%2093%27%3E%3Crect%20width%3D%2793%27%20height%3D%2793%27%20fill-opacity%3D%220%22%2F%3E%3C%2Fsvg%3E\" data-srcset=\"https:\/\/startercultures.eu\/wp-content\/uploads\/2021\/01\/workshop-pate-450-66x66.png 66w, https:\/\/startercultures.eu\/wp-content\/uploads\/2021\/01\/workshop-pate-450-70x70.png 70w, https:\/\/startercultures.eu\/wp-content\/uploads\/2021\/01\/workshop-pate-450-100x100.png 100w, https:\/\/startercultures.eu\/wp-content\/uploads\/2021\/01\/workshop-pate-450-150x150.png 150w, https:\/\/startercultures.eu\/wp-content\/uploads\/2021\/01\/workshop-pate-450-200x200.png 200w, https:\/\/startercultures.eu\/wp-content\/uploads\/2021\/01\/workshop-pate-450-300x300.png 300w, https:\/\/startercultures.eu\/wp-content\/uploads\/2021\/01\/workshop-pate-450-400x400.png 400w, https:\/\/startercultures.eu\/wp-content\/uploads\/2021\/01\/workshop-pate-450.png 450w\" data-sizes=\"auto\" data-orig-sizes=\"(max-width: 93px) 100vw, 93px\" \/>Online on demand workshop \u2018maak je eigen pat\u00e9 en cro\u00fbte\u2019<\/h3>\n<p>Tijdens onze <a href=\"https:\/\/startercultures.eu\/nl\/product\/worst-en-vleeswaren-nl\/workshops-nl\/online-on-demand-workshop-maak-je-eigen-pate-en-croute\/\" target=\"_blank\" rel=\"noopener\">online workshop<\/a> leer je de theorie en praktijk van het maken van je eigen pat\u00e9 en cro\u00fbte. Verbijster je gasten met je sierlijke en smakelijke \u2018pat\u00e9 en cro\u00fbte.\u2019 Leer online je eigen <em>pat\u00e9 en cro\u00fbte\u00a0<\/em>maken van Meneer Wateetons, de auteur van het Nederlandse standaardwerk op dit gebied:\u00a0<a class=\"ek-link\" href=\"https:\/\/startercultures.eu\/nl\/product\/worst-en-vleeswaren-nl\/hulpmiddelen-nl\/charcuterie-nl\/over-charcuterie-2019-nl\/\" target=\"_blank\" rel=\"noreferrer noopener\" aria-label=\" (opens in a new tab)\">Over Charcuterie<\/a>. Het is \u00e9\u00e9n van de mooiste klassieke culinaire creaties die er bestaat waar je al je creativiteit in kwijt kunt. Kijk<a href=\"https:\/\/startercultures.eu\/nl\/product\/worst-en-vleeswaren-nl\/workshops-nl\/online-on-demand-workshop-maak-je-eigen-pate-en-croute\/\" target=\"_blank\" rel=\"noopener\"> hier<\/a> voor meer info.<\/p>\n<p>&nbsp;<\/p>\n","protected":false},"excerpt":{"rendered":"<p>Alle hulpstoffen om je eigen pat\u00e9 of terrine te maken. De ingredi\u00ebnten in dit pakket zorgen voor kleurvorming, kleurbehoud, houdbaarheid en een mooie stevige binding.<\/p>\n","protected":false},"featured_media":15602,"comment_status":"open","ping_status":"closed","template":"","meta":{"_acf_changed":false,"footnotes":""},"product_brand":[],"product_cat":[60,34,377],"product_tag":[],"class_list":{"0":"post-6837","1":"product","2":"type-product","3":"status-publish","4":"has-post-thumbnail","6":"product_cat-complete-pakketten-nl","7":"product_cat-starterkits-nl","8":"product_cat-worst-en-charcuterie-sterterkits-nl","9":"product_shipping_class-klein-pakket-nl","11":"first","12":"instock","13":"sale","14":"taxable","15":"shipping-taxable","16":"purchasable","17":"product-type-woosb"},"acf":[],"yoast_head":"<!-- This site is optimized with the Yoast SEO plugin v26.6 - https:\/\/yoast.com\/wordpress\/plugins\/seo\/ -->\n<title>Zelf pat\u00e9 maken starterspakket | Starterculturen.nl<\/title>\n<meta name=\"description\" content=\"Alle hulpstoffen om je eigen pat\u00e9 of terrine te maken in dit alles in \u00e9\u00e9n zelf pat\u00e9 maken starterspakket. Lekker gemakkelijk!\" \/>\n<meta name=\"robots\" content=\"index, follow, max-snippet:-1, max-image-preview:large, max-video-preview:-1\" \/>\n<link rel=\"canonical\" href=\"https:\/\/startercultures.eu\/nl\/product\/worst-en-vleeswaren-nl\/complete-pakketten-nl\/pate-pakket-nl\/\" \/>\n<meta property=\"og:locale\" content=\"nl_NL\" \/>\n<meta property=\"og:type\" content=\"article\" \/>\n<meta property=\"og:title\" content=\"Zelf pat\u00e9 maken starterspakket | Starterculturen.nl\" \/>\n<meta property=\"og:description\" content=\"Alle hulpstoffen om je eigen pat\u00e9 of terrine te maken in dit alles in \u00e9\u00e9n zelf pat\u00e9 maken starterspakket. Lekker gemakkelijk!\" \/>\n<meta property=\"og:url\" content=\"https:\/\/startercultures.eu\/nl\/product\/worst-en-vleeswaren-nl\/complete-pakketten-nl\/pate-pakket-nl\/\" \/>\n<meta property=\"og:site_name\" content=\"Startercultures.eu\" \/>\n<meta property=\"article:publisher\" content=\"https:\/\/www.facebook.com\/startercultureseu\" \/>\n<meta property=\"article:modified_time\" content=\"2025-12-19T23:15:50+00:00\" \/>\n<meta property=\"og:image\" content=\"https:\/\/startercultures.eu\/wp-content\/uploads\/2020\/07\/35aace07b9fc22bfcf4c5ba5e9551d40d010f43b.jpg\" \/>\n\t<meta property=\"og:image:width\" content=\"450\" \/>\n\t<meta property=\"og:image:height\" content=\"450\" \/>\n\t<meta property=\"og:image:type\" content=\"image\/jpeg\" \/>\n<meta name=\"twitter:card\" content=\"summary_large_image\" \/>\n<meta name=\"twitter:label1\" content=\"Price\" \/>\n\t<meta name=\"twitter:data1\" content=\"&euro;0,-\" \/>\n\t<meta name=\"twitter:label2\" content=\"Availability\" \/>\n\t<meta name=\"twitter:data2\" content=\"Op voorraad\" \/>\n<script type=\"application\/ld+json\" class=\"yoast-schema-graph\">{\"@context\":\"https:\/\/schema.org\",\"@graph\":[{\"@type\":\"WebPage\",\"@id\":\"https:\/\/startercultures.eu\/nl\/product\/worst-en-vleeswaren-nl\/complete-pakketten-nl\/pate-pakket-nl\/\",\"url\":\"https:\/\/startercultures.eu\/nl\/product\/worst-en-vleeswaren-nl\/complete-pakketten-nl\/pate-pakket-nl\/\",\"name\":\"Zelf pat\u00e9 maken starterspakket | Starterculturen.nl\",\"isPartOf\":{\"@id\":\"https:\/\/startercultures.eu\/nl\/#website\"},\"primaryImageOfPage\":{\"@id\":\"https:\/\/startercultures.eu\/nl\/product\/worst-en-vleeswaren-nl\/complete-pakketten-nl\/pate-pakket-nl\/#primaryimage\"},\"image\":{\"@id\":\"https:\/\/startercultures.eu\/nl\/product\/worst-en-vleeswaren-nl\/complete-pakketten-nl\/pate-pakket-nl\/#primaryimage\"},\"thumbnailUrl\":\"https:\/\/startercultures.eu\/wp-content\/uploads\/2020\/07\/35aace07b9fc22bfcf4c5ba5e9551d40d010f43b.jpg\",\"datePublished\":\"2020-07-31T16:37:43+00:00\",\"dateModified\":\"2025-12-19T23:15:50+00:00\",\"description\":\"Alle hulpstoffen om je eigen pat\u00e9 of terrine te maken in dit alles in \u00e9\u00e9n zelf pat\u00e9 maken starterspakket. Lekker gemakkelijk!\",\"breadcrumb\":{\"@id\":\"https:\/\/startercultures.eu\/nl\/product\/worst-en-vleeswaren-nl\/complete-pakketten-nl\/pate-pakket-nl\/#breadcrumb\"},\"inLanguage\":\"nl-NL\",\"potentialAction\":[{\"@type\":\"ReadAction\",\"target\":[\"https:\/\/startercultures.eu\/nl\/product\/worst-en-vleeswaren-nl\/complete-pakketten-nl\/pate-pakket-nl\/\"]}]},{\"@type\":\"ImageObject\",\"inLanguage\":\"nl-NL\",\"@id\":\"https:\/\/startercultures.eu\/nl\/product\/worst-en-vleeswaren-nl\/complete-pakketten-nl\/pate-pakket-nl\/#primaryimage\",\"url\":\"https:\/\/startercultures.eu\/wp-content\/uploads\/2020\/07\/35aace07b9fc22bfcf4c5ba5e9551d40d010f43b.jpg\",\"contentUrl\":\"https:\/\/startercultures.eu\/wp-content\/uploads\/2020\/07\/35aace07b9fc22bfcf4c5ba5e9551d40d010f43b.jpg\",\"width\":450,\"height\":450},{\"@type\":\"BreadcrumbList\",\"@id\":\"https:\/\/startercultures.eu\/nl\/product\/worst-en-vleeswaren-nl\/complete-pakketten-nl\/pate-pakket-nl\/#breadcrumb\",\"itemListElement\":[{\"@type\":\"ListItem\",\"position\":1,\"name\":\"Home\",\"item\":\"https:\/\/startercultures.eu\/nl\/\"},{\"@type\":\"ListItem\",\"position\":2,\"name\":\"Winkel\",\"item\":\"https:\/\/startercultures.eu\/nl\/winkel\/\"},{\"@type\":\"ListItem\",\"position\":3,\"name\":\"Alles in \u00e9\u00e9n &#8216;maak je eigen pat\u00e9&#8217;-starterspakket\"}]},{\"@type\":\"WebSite\",\"@id\":\"https:\/\/startercultures.eu\/nl\/#website\",\"url\":\"https:\/\/startercultures.eu\/nl\/\",\"name\":\"Startercultures.eu\",\"description\":\"Startercultures.eu\",\"publisher\":{\"@id\":\"https:\/\/startercultures.eu\/nl\/#organization\"},\"potentialAction\":[{\"@type\":\"SearchAction\",\"target\":{\"@type\":\"EntryPoint\",\"urlTemplate\":\"https:\/\/startercultures.eu\/nl\/?s={search_term_string}\"},\"query-input\":{\"@type\":\"PropertyValueSpecification\",\"valueRequired\":true,\"valueName\":\"search_term_string\"}}],\"inLanguage\":\"nl-NL\"},{\"@type\":\"Organization\",\"@id\":\"https:\/\/startercultures.eu\/nl\/#organization\",\"name\":\"Startercultures.eu\",\"url\":\"https:\/\/startercultures.eu\/nl\/\",\"logo\":{\"@type\":\"ImageObject\",\"inLanguage\":\"nl-NL\",\"@id\":\"https:\/\/startercultures.eu\/nl\/#\/schema\/logo\/image\/\",\"url\":\"https:\/\/startercultures.eu\/wp-content\/uploads\/2020\/08\/startercultures-eu-nl-logo-rond-rgb.png\",\"contentUrl\":\"https:\/\/startercultures.eu\/wp-content\/uploads\/2020\/08\/startercultures-eu-nl-logo-rond-rgb.png\",\"width\":320,\"height\":320,\"caption\":\"Startercultures.eu\"},\"image\":{\"@id\":\"https:\/\/startercultures.eu\/nl\/#\/schema\/logo\/image\/\"},\"sameAs\":[\"https:\/\/www.facebook.com\/startercultureseu\",\"https:\/\/www.instagram.com\/startercultures.eu\/\"]}]}<\/script>\n<meta property=\"product:price:amount\" content=\"0.00\" \/>\n<meta property=\"product:price:currency\" content=\"EUR\" \/>\n<meta property=\"og:availability\" content=\"instock\" \/>\n<meta property=\"product:availability\" content=\"instock\" \/>\n<meta property=\"product:retailer_item_id\" content=\"147\" \/>\n<meta property=\"product:condition\" content=\"new\" \/>\n<!-- \/ Yoast SEO plugin. -->","yoast_head_json":{"title":"Zelf pat\u00e9 maken starterspakket | Starterculturen.nl","description":"Alle hulpstoffen om je eigen pat\u00e9 of terrine te maken in dit alles in \u00e9\u00e9n zelf pat\u00e9 maken starterspakket. Lekker gemakkelijk!","robots":{"index":"index","follow":"follow","max-snippet":"max-snippet:-1","max-image-preview":"max-image-preview:large","max-video-preview":"max-video-preview:-1"},"canonical":"https:\/\/startercultures.eu\/nl\/product\/worst-en-vleeswaren-nl\/complete-pakketten-nl\/pate-pakket-nl\/","og_locale":"nl_NL","og_type":"article","og_title":"Zelf pat\u00e9 maken starterspakket | Starterculturen.nl","og_description":"Alle hulpstoffen om je eigen pat\u00e9 of terrine te maken in dit alles in \u00e9\u00e9n zelf pat\u00e9 maken starterspakket. Lekker gemakkelijk!","og_url":"https:\/\/startercultures.eu\/nl\/product\/worst-en-vleeswaren-nl\/complete-pakketten-nl\/pate-pakket-nl\/","og_site_name":"Startercultures.eu","article_publisher":"https:\/\/www.facebook.com\/startercultureseu","article_modified_time":"2025-12-19T23:15:50+00:00","og_image":[{"width":450,"height":450,"url":"https:\/\/startercultures.eu\/wp-content\/uploads\/2020\/07\/35aace07b9fc22bfcf4c5ba5e9551d40d010f43b.jpg","type":"image\/jpeg"}],"twitter_card":"summary_large_image","twitter_misc":{"Price":"&euro;0,-","Availability":"Op voorraad"},"schema":{"@context":"https:\/\/schema.org","@graph":[{"@type":"WebPage","@id":"https:\/\/startercultures.eu\/nl\/product\/worst-en-vleeswaren-nl\/complete-pakketten-nl\/pate-pakket-nl\/","url":"https:\/\/startercultures.eu\/nl\/product\/worst-en-vleeswaren-nl\/complete-pakketten-nl\/pate-pakket-nl\/","name":"Zelf pat\u00e9 maken starterspakket | Starterculturen.nl","isPartOf":{"@id":"https:\/\/startercultures.eu\/nl\/#website"},"primaryImageOfPage":{"@id":"https:\/\/startercultures.eu\/nl\/product\/worst-en-vleeswaren-nl\/complete-pakketten-nl\/pate-pakket-nl\/#primaryimage"},"image":{"@id":"https:\/\/startercultures.eu\/nl\/product\/worst-en-vleeswaren-nl\/complete-pakketten-nl\/pate-pakket-nl\/#primaryimage"},"thumbnailUrl":"https:\/\/startercultures.eu\/wp-content\/uploads\/2020\/07\/35aace07b9fc22bfcf4c5ba5e9551d40d010f43b.jpg","datePublished":"2020-07-31T16:37:43+00:00","dateModified":"2025-12-19T23:15:50+00:00","description":"Alle hulpstoffen om je eigen pat\u00e9 of terrine te maken in dit alles in \u00e9\u00e9n zelf pat\u00e9 maken starterspakket. Lekker gemakkelijk!","breadcrumb":{"@id":"https:\/\/startercultures.eu\/nl\/product\/worst-en-vleeswaren-nl\/complete-pakketten-nl\/pate-pakket-nl\/#breadcrumb"},"inLanguage":"nl-NL","potentialAction":[{"@type":"ReadAction","target":["https:\/\/startercultures.eu\/nl\/product\/worst-en-vleeswaren-nl\/complete-pakketten-nl\/pate-pakket-nl\/"]}]},{"@type":"ImageObject","inLanguage":"nl-NL","@id":"https:\/\/startercultures.eu\/nl\/product\/worst-en-vleeswaren-nl\/complete-pakketten-nl\/pate-pakket-nl\/#primaryimage","url":"https:\/\/startercultures.eu\/wp-content\/uploads\/2020\/07\/35aace07b9fc22bfcf4c5ba5e9551d40d010f43b.jpg","contentUrl":"https:\/\/startercultures.eu\/wp-content\/uploads\/2020\/07\/35aace07b9fc22bfcf4c5ba5e9551d40d010f43b.jpg","width":450,"height":450},{"@type":"BreadcrumbList","@id":"https:\/\/startercultures.eu\/nl\/product\/worst-en-vleeswaren-nl\/complete-pakketten-nl\/pate-pakket-nl\/#breadcrumb","itemListElement":[{"@type":"ListItem","position":1,"name":"Home","item":"https:\/\/startercultures.eu\/nl\/"},{"@type":"ListItem","position":2,"name":"Winkel","item":"https:\/\/startercultures.eu\/nl\/winkel\/"},{"@type":"ListItem","position":3,"name":"Alles in \u00e9\u00e9n &#8216;maak je eigen pat\u00e9&#8217;-starterspakket"}]},{"@type":"WebSite","@id":"https:\/\/startercultures.eu\/nl\/#website","url":"https:\/\/startercultures.eu\/nl\/","name":"Startercultures.eu","description":"Startercultures.eu","publisher":{"@id":"https:\/\/startercultures.eu\/nl\/#organization"},"potentialAction":[{"@type":"SearchAction","target":{"@type":"EntryPoint","urlTemplate":"https:\/\/startercultures.eu\/nl\/?s={search_term_string}"},"query-input":{"@type":"PropertyValueSpecification","valueRequired":true,"valueName":"search_term_string"}}],"inLanguage":"nl-NL"},{"@type":"Organization","@id":"https:\/\/startercultures.eu\/nl\/#organization","name":"Startercultures.eu","url":"https:\/\/startercultures.eu\/nl\/","logo":{"@type":"ImageObject","inLanguage":"nl-NL","@id":"https:\/\/startercultures.eu\/nl\/#\/schema\/logo\/image\/","url":"https:\/\/startercultures.eu\/wp-content\/uploads\/2020\/08\/startercultures-eu-nl-logo-rond-rgb.png","contentUrl":"https:\/\/startercultures.eu\/wp-content\/uploads\/2020\/08\/startercultures-eu-nl-logo-rond-rgb.png","width":320,"height":320,"caption":"Startercultures.eu"},"image":{"@id":"https:\/\/startercultures.eu\/nl\/#\/schema\/logo\/image\/"},"sameAs":["https:\/\/www.facebook.com\/startercultureseu","https:\/\/www.instagram.com\/startercultures.eu\/"]}]},"product_price_amount":"0.00","product_price_currency":"EUR","og_availability":"instock","product_availability":"instock","product_retailer_item_id":"147","product_condition":"new"},"_links":{"self":[{"href":"https:\/\/startercultures.eu\/nl\/wp-json\/wp\/v2\/product\/6837","targetHints":{"allow":["GET"]}}],"collection":[{"href":"https:\/\/startercultures.eu\/nl\/wp-json\/wp\/v2\/product"}],"about":[{"href":"https:\/\/startercultures.eu\/nl\/wp-json\/wp\/v2\/types\/product"}],"replies":[{"embeddable":true,"href":"https:\/\/startercultures.eu\/nl\/wp-json\/wp\/v2\/comments?post=6837"}],"version-history":[{"count":1,"href":"https:\/\/startercultures.eu\/nl\/wp-json\/wp\/v2\/product\/6837\/revisions"}],"predecessor-version":[{"id":70330,"href":"https:\/\/startercultures.eu\/nl\/wp-json\/wp\/v2\/product\/6837\/revisions\/70330"}],"wp:featuredmedia":[{"embeddable":true,"href":"https:\/\/startercultures.eu\/nl\/wp-json\/wp\/v2\/media\/15602"}],"wp:attachment":[{"href":"https:\/\/startercultures.eu\/nl\/wp-json\/wp\/v2\/media?parent=6837"}],"wp:term":[{"taxonomy":"product_brand","embeddable":true,"href":"https:\/\/startercultures.eu\/nl\/wp-json\/wp\/v2\/product_brand?post=6837"},{"taxonomy":"product_cat","embeddable":true,"href":"https:\/\/startercultures.eu\/nl\/wp-json\/wp\/v2\/product_cat?post=6837"},{"taxonomy":"product_tag","embeddable":true,"href":"https:\/\/startercultures.eu\/nl\/wp-json\/wp\/v2\/product_tag?post=6837"}],"curies":[{"name":"wp","href":"https:\/\/api.w.org\/{rel}","templated":true}]}}