{"id":6854,"date":"2020-07-31T16:37:52","date_gmt":"2020-07-31T16:37:52","guid":{"rendered":"http:\/\/starterculturen.com\/?post_type=product&#038;p=6854"},"modified":"2026-03-22T10:50:25","modified_gmt":"2026-03-22T09:50:25","slug":"grillworstpakket-nl","status":"publish","type":"product","link":"https:\/\/startercultures.eu\/nl\/product\/worst-en-vleeswaren-nl\/complete-pakketten-nl\/grillworstpakket-nl\/","title":{"rendered":"Alles in \u00e9\u00e9n &#8216;maak je eigen grillworst&#8217;- starterspakket"},"content":{"rendered":"<p>Maak je eigen grillworst met dit alles in \u00e9\u00e9n &#8216;zelf grillworst maken starterspakket&#8217; van Starterculturen.nl. In een keer alles in huis om de beste grillworst te maken die je kunt maken. Tijdelijk met <strong>gratis<\/strong> grillworstkruiden.\u00a0 Zolang de voorraad strekt.<\/p>\n<h3>Inhoud zelf grillworst maken starterspakket<\/h3>\n<ul>\n<li>1 zak nitrietpekelzout (kleurvorming en smaak)<\/li>\n<li>1 zakje <a href=\"https:\/\/nl.wikipedia.org\/wiki\/Glucose\" target=\"_blank\" rel=\"noopener\">dextrose<\/a> (kleurvorming)<\/li>\n<li>1 zakje fosfaat (voor de ideale binding)<\/li>\n<li>1 set transparante barri\u00e8redarmen of vezeldarmen (voor super strakke worsten)<\/li>\n<li>Tijdelijk: <strong>gratis<\/strong> zakje grillworstkruiden, zo lang de voorraad strekt.<\/li>\n<\/ul>\n<h3 data-fontsize=\"21\" data-lineheight=\"27.3px\">Zelf grillworst maken starterspakket kopen?<\/h3>\n<p>Je bestelt alle ingredi\u00ebnten voor grillworst bij starterculturen.nl, d\u00e9 webwinkel voor al je charcuterie, pat\u00e9 en worstingredi\u00ebnten. Van Meneer Wateetons de auteur van de standaardwerken <a href=\"https:\/\/startercultures.eu\/nl\/product-category\/boeken\/\" target=\"_blank\" rel=\"noopener noreferrer\">De Worstbijbel (2018) en Over Charcuterie (2019).<\/a> Op werkdagen voor 15:00 besteld, dezelfde dag verzonden.\u00a0 Vragen over het gebruik van het grillworstpakket? Stel ze via de chatfunctie. We komen er altijd uit.<\/p>\n<h3>Online on demand workshop &#8216;maak je eigen grillworst&#8217;<\/h3>\n<h3><img decoding=\"async\" class=\"lazyload wp-image-75359  alignright\" src=\"https:\/\/startercultures.eu\/wp-content\/uploads\/2021\/01\/GRILLWORST-300x300.png\" data-orig-src=\"https:\/\/startercultures.eu\/wp-content\/uploads\/2021\/01\/GRILLWORST-300x300.png\" alt=\"\" width=\"117\" height=\"117\" srcset=\"data:image\/svg+xml,%3Csvg%20xmlns%3D%27http%3A%2F%2Fwww.w3.org%2F2000%2Fsvg%27%20width%3D%27117%27%20height%3D%27117%27%20viewBox%3D%270%200%20117%20117%27%3E%3Crect%20width%3D%27117%27%20height%3D%27117%27%20fill-opacity%3D%220%22%2F%3E%3C%2Fsvg%3E\" data-srcset=\"https:\/\/startercultures.eu\/wp-content\/uploads\/2021\/01\/GRILLWORST-66x66.png 66w, https:\/\/startercultures.eu\/wp-content\/uploads\/2021\/01\/GRILLWORST-100x100.png 100w, https:\/\/startercultures.eu\/wp-content\/uploads\/2021\/01\/GRILLWORST-150x150.png 150w, https:\/\/startercultures.eu\/wp-content\/uploads\/2021\/01\/GRILLWORST-200x200.png 200w, https:\/\/startercultures.eu\/wp-content\/uploads\/2021\/01\/GRILLWORST-300x300.png 300w, https:\/\/startercultures.eu\/wp-content\/uploads\/2021\/01\/GRILLWORST-400x400.png 400w, https:\/\/startercultures.eu\/wp-content\/uploads\/2021\/01\/GRILLWORST-500x500.png 500w, https:\/\/startercultures.eu\/wp-content\/uploads\/2021\/01\/GRILLWORST-600x600.png 600w, https:\/\/startercultures.eu\/wp-content\/uploads\/2021\/01\/GRILLWORST-700x700.png 700w, https:\/\/startercultures.eu\/wp-content\/uploads\/2021\/01\/GRILLWORST-768x768.png 768w, https:\/\/startercultures.eu\/wp-content\/uploads\/2021\/01\/GRILLWORST-800x800.png 800w, https:\/\/startercultures.eu\/wp-content\/uploads\/2021\/01\/GRILLWORST.png 1000w\" data-sizes=\"auto\" data-orig-sizes=\"(max-width: 117px) 100vw, 117px\" \/><\/h3>\n<p>Tijdens onze <a href=\"https:\/\/startercultures.eu\/nl\/product\/online-workshops-nl\/online-workshop-worst-en-charcuterie\/online-on-demand-workshop-maak-je-eigen-grillworst\/\" target=\"_blank\" rel=\"noopener\">online workshop<\/a> leer je de theorie en praktijk van het maken van je eigen grilworst. Wat gaat er in een worst, waar haal je de ingredi\u00ebnten (zelf grillworst maken starterspakket), wat zijn de belangrijkste valkuilen en wat voor grappige dingen kun je doen met darmen.\u00a0 Je zult leren dat je weinig materialen nodig hebt en dat alle ingredi\u00ebnten makkelijk te krijgen zijn. Na afloop van de workshop ben je voortaan in staat je eigen grilworsten te maken! Kijk <a href=\"https:\/\/startercultures.eu\/nl\/product\/online-workshops-nl\/online-workshop-worst-en-charcuterie\/online-on-demand-workshop-maak-je-eigen-grillworst\/\" target=\"_blank\" rel=\"noopener\">hier<\/a> voor meer info.<\/p>\n","protected":false},"excerpt":{"rendered":"<p>Maak je eigen grillworst met dit alles in \u00e9\u00e9n &#8216;maak je eigen grillworst&#8217;-starterspakket van Starterculturen.nl. In een keer alles in huis om de beste grillworst te maken die je kunt maken. Tijdelijk met gratis grillworstkruiden.\u00a0 Zolang de voorraad strekt.<\/p>\n","protected":false},"featured_media":15607,"comment_status":"open","ping_status":"closed","template":"","meta":{"_acf_changed":false,"footnotes":""},"product_brand":[],"product_cat":[60,34,377],"product_tag":[],"class_list":{"0":"post-6854","1":"product","2":"type-product","3":"status-publish","4":"has-post-thumbnail","6":"product_cat-complete-pakketten-nl","7":"product_cat-starterkits-nl","8":"product_cat-worst-en-charcuterie-sterterkits-nl","9":"product_shipping_class-klein-pakket-nl","11":"first","12":"instock","13":"sale","14":"taxable","15":"shipping-taxable","16":"purchasable","17":"product-type-woosb"},"acf":[],"yoast_head":"<!-- This site is optimized with the Yoast SEO plugin v26.6 - https:\/\/yoast.com\/wordpress\/plugins\/seo\/ -->\n<title>Zelf grillworst maken starterspakket | Starterculturen.nl<\/title>\n<meta name=\"description\" content=\"Maak je eigen grillworst met dit alles in \u00e9\u00e9n &#039;zelf grillworst maken starterspakket&#039;. Tijdelijk met gratis grillworstkruiden - bestel n\u00fa!\u00a0\" \/>\n<meta name=\"robots\" content=\"index, follow, max-snippet:-1, max-image-preview:large, max-video-preview:-1\" \/>\n<link rel=\"canonical\" href=\"https:\/\/startercultures.eu\/nl\/product\/worst-en-vleeswaren-nl\/complete-pakketten-nl\/grillworstpakket-nl\/\" \/>\n<meta property=\"og:locale\" content=\"nl_NL\" \/>\n<meta property=\"og:type\" content=\"article\" \/>\n<meta property=\"og:title\" content=\"Zelf grillworst maken starterspakket | Starterculturen.nl\" \/>\n<meta property=\"og:description\" content=\"Maak je eigen grillworst met dit alles in \u00e9\u00e9n &#039;zelf grillworst maken starterspakket&#039;. Tijdelijk met gratis grillworstkruiden - bestel n\u00fa!\u00a0\" \/>\n<meta property=\"og:url\" content=\"https:\/\/startercultures.eu\/nl\/product\/worst-en-vleeswaren-nl\/complete-pakketten-nl\/grillworstpakket-nl\/\" \/>\n<meta property=\"og:site_name\" content=\"Startercultures.eu\" \/>\n<meta property=\"article:publisher\" content=\"https:\/\/www.facebook.com\/startercultureseu\" \/>\n<meta property=\"article:modified_time\" content=\"2026-03-22T09:50:25+00:00\" \/>\n<meta property=\"og:image\" content=\"https:\/\/startercultures.eu\/wp-content\/uploads\/2020\/07\/e1bd786e6142638d171bb77db9df17ed8397cec4.jpg\" \/>\n\t<meta property=\"og:image:width\" content=\"450\" \/>\n\t<meta property=\"og:image:height\" content=\"450\" \/>\n\t<meta property=\"og:image:type\" content=\"image\/jpeg\" \/>\n<meta name=\"twitter:card\" content=\"summary_large_image\" \/>\n<meta name=\"twitter:label1\" content=\"Price\" \/>\n\t<meta name=\"twitter:data1\" content=\"&euro;44,06\" \/>\n\t<meta name=\"twitter:label2\" content=\"Availability\" \/>\n\t<meta name=\"twitter:data2\" content=\"Op voorraad\" \/>\n<script type=\"application\/ld+json\" class=\"yoast-schema-graph\">{\"@context\":\"https:\/\/schema.org\",\"@graph\":[{\"@type\":\"WebPage\",\"@id\":\"https:\/\/startercultures.eu\/nl\/product\/worst-en-vleeswaren-nl\/complete-pakketten-nl\/grillworstpakket-nl\/\",\"url\":\"https:\/\/startercultures.eu\/nl\/product\/worst-en-vleeswaren-nl\/complete-pakketten-nl\/grillworstpakket-nl\/\",\"name\":\"Zelf grillworst maken starterspakket | Starterculturen.nl\",\"isPartOf\":{\"@id\":\"https:\/\/startercultures.eu\/nl\/#website\"},\"primaryImageOfPage\":{\"@id\":\"https:\/\/startercultures.eu\/nl\/product\/worst-en-vleeswaren-nl\/complete-pakketten-nl\/grillworstpakket-nl\/#primaryimage\"},\"image\":{\"@id\":\"https:\/\/startercultures.eu\/nl\/product\/worst-en-vleeswaren-nl\/complete-pakketten-nl\/grillworstpakket-nl\/#primaryimage\"},\"thumbnailUrl\":\"https:\/\/startercultures.eu\/wp-content\/uploads\/2020\/07\/e1bd786e6142638d171bb77db9df17ed8397cec4.jpg\",\"datePublished\":\"2020-07-31T16:37:52+00:00\",\"dateModified\":\"2026-03-22T09:50:25+00:00\",\"description\":\"Maak je eigen grillworst met dit alles in \u00e9\u00e9n 'zelf grillworst maken starterspakket'. Tijdelijk met gratis grillworstkruiden - bestel n\u00fa!\u00a0\",\"breadcrumb\":{\"@id\":\"https:\/\/startercultures.eu\/nl\/product\/worst-en-vleeswaren-nl\/complete-pakketten-nl\/grillworstpakket-nl\/#breadcrumb\"},\"inLanguage\":\"nl-NL\",\"potentialAction\":[{\"@type\":\"ReadAction\",\"target\":[\"https:\/\/startercultures.eu\/nl\/product\/worst-en-vleeswaren-nl\/complete-pakketten-nl\/grillworstpakket-nl\/\"]}]},{\"@type\":\"ImageObject\",\"inLanguage\":\"nl-NL\",\"@id\":\"https:\/\/startercultures.eu\/nl\/product\/worst-en-vleeswaren-nl\/complete-pakketten-nl\/grillworstpakket-nl\/#primaryimage\",\"url\":\"https:\/\/startercultures.eu\/wp-content\/uploads\/2020\/07\/e1bd786e6142638d171bb77db9df17ed8397cec4.jpg\",\"contentUrl\":\"https:\/\/startercultures.eu\/wp-content\/uploads\/2020\/07\/e1bd786e6142638d171bb77db9df17ed8397cec4.jpg\",\"width\":450,\"height\":450,\"caption\":\"zelf grillworst maken starterspakket\"},{\"@type\":\"BreadcrumbList\",\"@id\":\"https:\/\/startercultures.eu\/nl\/product\/worst-en-vleeswaren-nl\/complete-pakketten-nl\/grillworstpakket-nl\/#breadcrumb\",\"itemListElement\":[{\"@type\":\"ListItem\",\"position\":1,\"name\":\"Home\",\"item\":\"https:\/\/startercultures.eu\/nl\/\"},{\"@type\":\"ListItem\",\"position\":2,\"name\":\"Winkel\",\"item\":\"https:\/\/startercultures.eu\/nl\/winkel\/\"},{\"@type\":\"ListItem\",\"position\":3,\"name\":\"Alles in \u00e9\u00e9n &#8216;maak je eigen grillworst&#8217;- starterspakket\"}]},{\"@type\":\"WebSite\",\"@id\":\"https:\/\/startercultures.eu\/nl\/#website\",\"url\":\"https:\/\/startercultures.eu\/nl\/\",\"name\":\"Startercultures.eu\",\"description\":\"Startercultures.eu\",\"publisher\":{\"@id\":\"https:\/\/startercultures.eu\/nl\/#organization\"},\"potentialAction\":[{\"@type\":\"SearchAction\",\"target\":{\"@type\":\"EntryPoint\",\"urlTemplate\":\"https:\/\/startercultures.eu\/nl\/?s={search_term_string}\"},\"query-input\":{\"@type\":\"PropertyValueSpecification\",\"valueRequired\":true,\"valueName\":\"search_term_string\"}}],\"inLanguage\":\"nl-NL\"},{\"@type\":\"Organization\",\"@id\":\"https:\/\/startercultures.eu\/nl\/#organization\",\"name\":\"Startercultures.eu\",\"url\":\"https:\/\/startercultures.eu\/nl\/\",\"logo\":{\"@type\":\"ImageObject\",\"inLanguage\":\"nl-NL\",\"@id\":\"https:\/\/startercultures.eu\/nl\/#\/schema\/logo\/image\/\",\"url\":\"https:\/\/startercultures.eu\/wp-content\/uploads\/2020\/08\/startercultures-eu-nl-logo-rond-rgb.png\",\"contentUrl\":\"https:\/\/startercultures.eu\/wp-content\/uploads\/2020\/08\/startercultures-eu-nl-logo-rond-rgb.png\",\"width\":320,\"height\":320,\"caption\":\"Startercultures.eu\"},\"image\":{\"@id\":\"https:\/\/startercultures.eu\/nl\/#\/schema\/logo\/image\/\"},\"sameAs\":[\"https:\/\/www.facebook.com\/startercultureseu\",\"https:\/\/www.instagram.com\/startercultures.eu\/\"]}]}<\/script>\n<meta property=\"product:price:amount\" content=\"44.06\" \/>\n<meta property=\"product:price:currency\" content=\"EUR\" \/>\n<meta property=\"og:availability\" content=\"instock\" \/>\n<meta property=\"product:availability\" content=\"instock\" \/>\n<meta property=\"product:retailer_item_id\" content=\"12\" \/>\n<meta property=\"product:condition\" content=\"new\" \/>\n<!-- \/ Yoast SEO plugin. -->","yoast_head_json":{"title":"Zelf grillworst maken starterspakket | Starterculturen.nl","description":"Maak je eigen grillworst met dit alles in \u00e9\u00e9n 'zelf grillworst maken starterspakket'. Tijdelijk met gratis grillworstkruiden - bestel n\u00fa!\u00a0","robots":{"index":"index","follow":"follow","max-snippet":"max-snippet:-1","max-image-preview":"max-image-preview:large","max-video-preview":"max-video-preview:-1"},"canonical":"https:\/\/startercultures.eu\/nl\/product\/worst-en-vleeswaren-nl\/complete-pakketten-nl\/grillworstpakket-nl\/","og_locale":"nl_NL","og_type":"article","og_title":"Zelf grillworst maken starterspakket | Starterculturen.nl","og_description":"Maak je eigen grillworst met dit alles in \u00e9\u00e9n 'zelf grillworst maken starterspakket'. Tijdelijk met gratis grillworstkruiden - bestel n\u00fa!\u00a0","og_url":"https:\/\/startercultures.eu\/nl\/product\/worst-en-vleeswaren-nl\/complete-pakketten-nl\/grillworstpakket-nl\/","og_site_name":"Startercultures.eu","article_publisher":"https:\/\/www.facebook.com\/startercultureseu","article_modified_time":"2026-03-22T09:50:25+00:00","og_image":[{"width":450,"height":450,"url":"https:\/\/startercultures.eu\/wp-content\/uploads\/2020\/07\/e1bd786e6142638d171bb77db9df17ed8397cec4.jpg","type":"image\/jpeg"}],"twitter_card":"summary_large_image","twitter_misc":{"Price":"&euro;44,06","Availability":"Op voorraad"},"schema":{"@context":"https:\/\/schema.org","@graph":[{"@type":"WebPage","@id":"https:\/\/startercultures.eu\/nl\/product\/worst-en-vleeswaren-nl\/complete-pakketten-nl\/grillworstpakket-nl\/","url":"https:\/\/startercultures.eu\/nl\/product\/worst-en-vleeswaren-nl\/complete-pakketten-nl\/grillworstpakket-nl\/","name":"Zelf grillworst maken starterspakket | Starterculturen.nl","isPartOf":{"@id":"https:\/\/startercultures.eu\/nl\/#website"},"primaryImageOfPage":{"@id":"https:\/\/startercultures.eu\/nl\/product\/worst-en-vleeswaren-nl\/complete-pakketten-nl\/grillworstpakket-nl\/#primaryimage"},"image":{"@id":"https:\/\/startercultures.eu\/nl\/product\/worst-en-vleeswaren-nl\/complete-pakketten-nl\/grillworstpakket-nl\/#primaryimage"},"thumbnailUrl":"https:\/\/startercultures.eu\/wp-content\/uploads\/2020\/07\/e1bd786e6142638d171bb77db9df17ed8397cec4.jpg","datePublished":"2020-07-31T16:37:52+00:00","dateModified":"2026-03-22T09:50:25+00:00","description":"Maak je eigen grillworst met dit alles in \u00e9\u00e9n 'zelf grillworst maken starterspakket'. Tijdelijk met gratis grillworstkruiden - bestel n\u00fa!\u00a0","breadcrumb":{"@id":"https:\/\/startercultures.eu\/nl\/product\/worst-en-vleeswaren-nl\/complete-pakketten-nl\/grillworstpakket-nl\/#breadcrumb"},"inLanguage":"nl-NL","potentialAction":[{"@type":"ReadAction","target":["https:\/\/startercultures.eu\/nl\/product\/worst-en-vleeswaren-nl\/complete-pakketten-nl\/grillworstpakket-nl\/"]}]},{"@type":"ImageObject","inLanguage":"nl-NL","@id":"https:\/\/startercultures.eu\/nl\/product\/worst-en-vleeswaren-nl\/complete-pakketten-nl\/grillworstpakket-nl\/#primaryimage","url":"https:\/\/startercultures.eu\/wp-content\/uploads\/2020\/07\/e1bd786e6142638d171bb77db9df17ed8397cec4.jpg","contentUrl":"https:\/\/startercultures.eu\/wp-content\/uploads\/2020\/07\/e1bd786e6142638d171bb77db9df17ed8397cec4.jpg","width":450,"height":450,"caption":"zelf grillworst maken starterspakket"},{"@type":"BreadcrumbList","@id":"https:\/\/startercultures.eu\/nl\/product\/worst-en-vleeswaren-nl\/complete-pakketten-nl\/grillworstpakket-nl\/#breadcrumb","itemListElement":[{"@type":"ListItem","position":1,"name":"Home","item":"https:\/\/startercultures.eu\/nl\/"},{"@type":"ListItem","position":2,"name":"Winkel","item":"https:\/\/startercultures.eu\/nl\/winkel\/"},{"@type":"ListItem","position":3,"name":"Alles in \u00e9\u00e9n &#8216;maak je eigen grillworst&#8217;- starterspakket"}]},{"@type":"WebSite","@id":"https:\/\/startercultures.eu\/nl\/#website","url":"https:\/\/startercultures.eu\/nl\/","name":"Startercultures.eu","description":"Startercultures.eu","publisher":{"@id":"https:\/\/startercultures.eu\/nl\/#organization"},"potentialAction":[{"@type":"SearchAction","target":{"@type":"EntryPoint","urlTemplate":"https:\/\/startercultures.eu\/nl\/?s={search_term_string}"},"query-input":{"@type":"PropertyValueSpecification","valueRequired":true,"valueName":"search_term_string"}}],"inLanguage":"nl-NL"},{"@type":"Organization","@id":"https:\/\/startercultures.eu\/nl\/#organization","name":"Startercultures.eu","url":"https:\/\/startercultures.eu\/nl\/","logo":{"@type":"ImageObject","inLanguage":"nl-NL","@id":"https:\/\/startercultures.eu\/nl\/#\/schema\/logo\/image\/","url":"https:\/\/startercultures.eu\/wp-content\/uploads\/2020\/08\/startercultures-eu-nl-logo-rond-rgb.png","contentUrl":"https:\/\/startercultures.eu\/wp-content\/uploads\/2020\/08\/startercultures-eu-nl-logo-rond-rgb.png","width":320,"height":320,"caption":"Startercultures.eu"},"image":{"@id":"https:\/\/startercultures.eu\/nl\/#\/schema\/logo\/image\/"},"sameAs":["https:\/\/www.facebook.com\/startercultureseu","https:\/\/www.instagram.com\/startercultures.eu\/"]}]},"product_price_amount":"44.06","product_price_currency":"EUR","og_availability":"instock","product_availability":"instock","product_retailer_item_id":"12","product_condition":"new"},"_links":{"self":[{"href":"https:\/\/startercultures.eu\/nl\/wp-json\/wp\/v2\/product\/6854","targetHints":{"allow":["GET"]}}],"collection":[{"href":"https:\/\/startercultures.eu\/nl\/wp-json\/wp\/v2\/product"}],"about":[{"href":"https:\/\/startercultures.eu\/nl\/wp-json\/wp\/v2\/types\/product"}],"replies":[{"embeddable":true,"href":"https:\/\/startercultures.eu\/nl\/wp-json\/wp\/v2\/comments?post=6854"}],"version-history":[{"count":3,"href":"https:\/\/startercultures.eu\/nl\/wp-json\/wp\/v2\/product\/6854\/revisions"}],"predecessor-version":[{"id":76571,"href":"https:\/\/startercultures.eu\/nl\/wp-json\/wp\/v2\/product\/6854\/revisions\/76571"}],"wp:featuredmedia":[{"embeddable":true,"href":"https:\/\/startercultures.eu\/nl\/wp-json\/wp\/v2\/media\/15607"}],"wp:attachment":[{"href":"https:\/\/startercultures.eu\/nl\/wp-json\/wp\/v2\/media?parent=6854"}],"wp:term":[{"taxonomy":"product_brand","embeddable":true,"href":"https:\/\/startercultures.eu\/nl\/wp-json\/wp\/v2\/product_brand?post=6854"},{"taxonomy":"product_cat","embeddable":true,"href":"https:\/\/startercultures.eu\/nl\/wp-json\/wp\/v2\/product_cat?post=6854"},{"taxonomy":"product_tag","embeddable":true,"href":"https:\/\/startercultures.eu\/nl\/wp-json\/wp\/v2\/product_tag?post=6854"}],"curies":[{"name":"wp","href":"https:\/\/api.w.org\/{rel}","templated":true}]}}