{"id":6896,"date":"2020-07-31T16:38:16","date_gmt":"2020-07-31T16:38:16","guid":{"rendered":"http:\/\/starterculturen.com\/?post_type=product&#038;p=6896"},"modified":"2026-01-04T11:06:09","modified_gmt":"2026-01-04T10:06:09","slug":"over-inpakken-2020-nl","status":"publish","type":"product","link":"https:\/\/startercultures.eu\/nl\/product\/boeken\/over-inpakken-2020-nl\/","title":{"rendered":"Over Inpakken (2020) | over oerinpakken"},"content":{"rendered":"<h3>\u00c9\u00e9n van de 10 beste Nederlandse kookboeken van 2020<\/h3>\n<p>In OVER INPAKKEN leren Meneer Wateetons en Ren\u00e9 Zanderink je <span data-sheets-value=\"{&quot;1&quot;:2,&quot;2&quot;:&quot;klassieke technieken om voedsel in te pakken&quot;}\" data-sheets-userformat=\"{&quot;2&quot;:15359,&quot;3&quot;:{&quot;1&quot;:0},&quot;4&quot;:{&quot;1&quot;:2,&quot;2&quot;:11447211},&quot;5&quot;:{&quot;1&quot;:[{&quot;1&quot;:2,&quot;2&quot;:0,&quot;5&quot;:{&quot;1&quot;:2,&quot;2&quot;:0}},{&quot;1&quot;:0,&quot;2&quot;:0,&quot;3&quot;:3},{&quot;1&quot;:1,&quot;2&quot;:0,&quot;4&quot;:1}]},&quot;6&quot;:{&quot;1&quot;:[{&quot;1&quot;:2,&quot;2&quot;:0,&quot;5&quot;:{&quot;1&quot;:2,&quot;2&quot;:0}},{&quot;1&quot;:0,&quot;2&quot;:0,&quot;3&quot;:3},{&quot;1&quot;:1,&quot;2&quot;:0,&quot;4&quot;:1}]},&quot;7&quot;:{&quot;1&quot;:[{&quot;1&quot;:2,&quot;2&quot;:0,&quot;5&quot;:{&quot;1&quot;:2,&quot;2&quot;:0}},{&quot;1&quot;:0,&quot;2&quot;:0,&quot;3&quot;:3},{&quot;1&quot;:1,&quot;2&quot;:0,&quot;4&quot;:1}]},&quot;8&quot;:{&quot;1&quot;:[{&quot;1&quot;:2,&quot;2&quot;:0,&quot;5&quot;:{&quot;1&quot;:2,&quot;2&quot;:0}},{&quot;1&quot;:0,&quot;2&quot;:0,&quot;3&quot;:3},{&quot;1&quot;:1,&quot;2&quot;:0,&quot;4&quot;:1}]},&quot;9&quot;:0,&quot;10&quot;:0,&quot;11&quot;:4,&quot;12&quot;:0,&quot;14&quot;:{&quot;1&quot;:3,&quot;3&quot;:1},&quot;15&quot;:&quot;Arial&quot;,&quot;16&quot;:9}\">klassieke technieken om voedsel in te pakken<\/span>. Ze laten je zien hoe je aroma\u2019s en smaken kunt cre\u00ebren en behouden door je eten in te pakken in klei, bladeren, groente, zout, hout, dierlijke materialen, en de aarde zelf. Bij het onderwerp \u2018inpakken van voedsel\u2019 denk je al snel aan het verpakken van eten om het te bewaren, te rantsoeneren of te vervoeren. Echter, het \u2018oerinpakken\u2019 door onze voorvaderen gebeurde met een andere reden: om het voedsel te garen in vuur en aarde en zo de aroma\u2019s en de smaak het beste te behouden. Naast talloze recepten, zoals parelhoen in blauwaderkool en zeebaars in zoutkorst, bevat <em>Over inpakken <\/em>ook talloze tips, technieken en how-to\u2019s voor het maken van een leemkorst, het bouwen van een hooikist en het graven van een grondoven.\u00a0 Met een goede leverancier en\u00a0een gewone oven kan iedereen de recepten uit dit kook- en doeboek uitvoeren en ervaren hoe leuk, lekker en avontuurlijk het is om je voedsel in te pakken.<\/p>\n<h3>De pers over Over Inpakken<\/h3>\n<p>\u201cDit is een boek om van kaft tot kaft te lezen; een boek om uit te leren, je over te verbazen en van te grinniken.\u201d<\/p>\n<p>\u2013 Trouw\/Het Parool<\/p>\n<p>\u201c\u2026 een jongens avonturenboek\u2026 de teksten zijn leuk, de plaatjes zijn ongelofelijk mooi\u201d<\/p>\n<p>\u2013 Radio Mangiare<\/p>\n<p>&#8220;Beter trekt u zich terug met dit boek, sluit u zich af van de wereld, en herontdekt u het plezier van experimenteren en ouderwets koken.&#8221;<\/p>\n<p>&#8211; NRC<\/p>\n<p>&#8220;&#8230; het zijn stuk voor stuk toprecepten, met veel vakmanschap en gedrevenheid aan ons voorgelegd. Topboek&#8221;<\/p>\n<p>&#8211; Bouillon<\/p>\n<h3 data-fontsize=\"21\" data-lineheight=\"27.3px\">Over Inpakken kopen?<\/h3>\n<p>Je bestelt het boek over <span data-sheets-value=\"{&quot;1&quot;:2,&quot;2&quot;:&quot;klassieke technieken om voedsel in te pakken&quot;}\" data-sheets-userformat=\"{&quot;2&quot;:15359,&quot;3&quot;:{&quot;1&quot;:0},&quot;4&quot;:{&quot;1&quot;:2,&quot;2&quot;:11447211},&quot;5&quot;:{&quot;1&quot;:[{&quot;1&quot;:2,&quot;2&quot;:0,&quot;5&quot;:{&quot;1&quot;:2,&quot;2&quot;:0}},{&quot;1&quot;:0,&quot;2&quot;:0,&quot;3&quot;:3},{&quot;1&quot;:1,&quot;2&quot;:0,&quot;4&quot;:1}]},&quot;6&quot;:{&quot;1&quot;:[{&quot;1&quot;:2,&quot;2&quot;:0,&quot;5&quot;:{&quot;1&quot;:2,&quot;2&quot;:0}},{&quot;1&quot;:0,&quot;2&quot;:0,&quot;3&quot;:3},{&quot;1&quot;:1,&quot;2&quot;:0,&quot;4&quot;:1}]},&quot;7&quot;:{&quot;1&quot;:[{&quot;1&quot;:2,&quot;2&quot;:0,&quot;5&quot;:{&quot;1&quot;:2,&quot;2&quot;:0}},{&quot;1&quot;:0,&quot;2&quot;:0,&quot;3&quot;:3},{&quot;1&quot;:1,&quot;2&quot;:0,&quot;4&quot;:1}]},&quot;8&quot;:{&quot;1&quot;:[{&quot;1&quot;:2,&quot;2&quot;:0,&quot;5&quot;:{&quot;1&quot;:2,&quot;2&quot;:0}},{&quot;1&quot;:0,&quot;2&quot;:0,&quot;3&quot;:3},{&quot;1&quot;:1,&quot;2&quot;:0,&quot;4&quot;:1}]},&quot;9&quot;:0,&quot;10&quot;:0,&quot;11&quot;:4,&quot;12&quot;:0,&quot;14&quot;:{&quot;1&quot;:3,&quot;3&quot;:1},&quot;15&quot;:&quot;Arial&quot;,&quot;16&quot;:9}\">klassieke technieken om voedsel in te pakken<\/span> bij starterculturen.nl, d\u00e9 webwinkel voor al je fermentatie benodigdheden voor oa. (vegan) zuivel, tempeh, koji en kombucha. Van Meneer Wateetons de auteur van de standaardwerken <a href=\"https:\/\/www.starterculturen.nl\/a-52122580\/boeken\/over-rot-2015-het-handboek-fermenteren\/\" target=\"_blank\" rel=\"noopener noreferrer\">Over Rot (2015)<\/a> en<a href=\"https:\/\/startercultures.eu\/nl\/product\/boeken\/over-inpakken-2020-nl\/\" target=\"_blank\" rel=\"noopener\"> Over Inpakken (2020)<\/a>. Op werkdagen voor 15:00 besteld, dezelfde dag verzonden.\u00a0 Vragen over Over Inpakken? Stel ze via de chatfunctie. We komen er altijd uit.<\/p>\n<h3>Online on demand workshop &#8216;gefermenteerde groente&#8217;<\/h3>\n<p>Al je vragen over het fermenteren van groentes worden beantwoord tijdens <a href=\"https:\/\/startercultures.eu\/nl\/product\/online-workshops-nl\/online-on-demand-workshop-fermenteer-je-eigen-groente\/\" target=\"_blank\" rel=\"noopener\">deze online workshop<\/a> van Meneer Wateetons, de auteur van het gezaghebbende handboek fermenteren <a href=\"https:\/\/startercultures.eu\/nl\/product\/boeken\/over-rot-2-0-2019-het-geactualiseerde-handboek-fermenteren-nl\/\" target=\"_blank\" rel=\"noopener\">Over Rot<\/a> (meer dan 10.000 exemplaren verkocht). Hij leert je precies hoe je je eigen zuurkool maakt, je eigen augurkjes en je eigen kimchi. Na deze workshop kun je \u00e9lke groente zelf fermenteren omdat je de techniek snapt! Kijk <a href=\"https:\/\/startercultures.eu\/nl\/product\/online-workshops-nl\/online-on-demand-workshop-fermenteer-je-eigen-groente\/\" target=\"_blank\" rel=\"noopener\">hier<\/a> voor meer info.<\/p>\n","protected":false},"excerpt":{"rendered":"<p>In OVER INPAKKEN leren Meneer Wateetons en Ren\u00e9 Zanderink je modern koken met klassieke en soms ronduit primitieve technieken. Verkozen tot \u00e9\u00e9n van de tien beste kookboeken van 2020.<\/p>\n","protected":false},"featured_media":20059,"comment_status":"open","ping_status":"closed","template":"","meta":{"_acf_changed":false,"footnotes":""},"product_brand":[],"product_cat":[341],"product_tag":[],"class_list":{"0":"post-6896","1":"product","2":"type-product","3":"status-publish","4":"has-post-thumbnail","6":"product_cat-boeken","7":"pa_ean-228","9":"first","10":"instock","11":"purchasable","12":"product-type-simple"},"acf":[],"yoast_head":"<!-- This site is optimized with the Yoast SEO plugin v26.6 - https:\/\/yoast.com\/wordpress\/plugins\/seo\/ -->\n<title>Klassieke technieken om voedsel in te pakken | starterculturen.nl<\/title>\n<meta name=\"description\" content=\"In Over Inpakken leren Meneer Wateetons en Ren\u00e9 Zanderink je klassieke technieken om voedsel in te pakken. Vandaag besteld, morgen in huis!\" \/>\n<meta name=\"robots\" content=\"index, follow, max-snippet:-1, max-image-preview:large, max-video-preview:-1\" \/>\n<link rel=\"canonical\" href=\"https:\/\/startercultures.eu\/nl\/product\/boeken\/over-inpakken-2020-nl\/\" \/>\n<meta property=\"og:locale\" content=\"nl_NL\" \/>\n<meta property=\"og:type\" content=\"article\" \/>\n<meta property=\"og:title\" content=\"Klassieke technieken om voedsel in te pakken | starterculturen.nl\" \/>\n<meta property=\"og:description\" content=\"In Over Inpakken leren Meneer Wateetons en Ren\u00e9 Zanderink je klassieke technieken om voedsel in te pakken. Vandaag besteld, morgen in huis!\" \/>\n<meta property=\"og:url\" content=\"https:\/\/startercultures.eu\/nl\/product\/boeken\/over-inpakken-2020-nl\/\" \/>\n<meta property=\"og:site_name\" content=\"Startercultures.eu\" \/>\n<meta property=\"article:publisher\" content=\"https:\/\/www.facebook.com\/startercultureseu\" \/>\n<meta property=\"article:modified_time\" content=\"2026-01-04T10:06:09+00:00\" \/>\n<meta property=\"og:image\" content=\"https:\/\/startercultures.eu\/wp-content\/uploads\/2020\/07\/over-inpakken-e1644658538442.jpg\" \/>\n\t<meta property=\"og:image:width\" content=\"989\" \/>\n\t<meta property=\"og:image:height\" content=\"1250\" \/>\n\t<meta property=\"og:image:type\" content=\"image\/jpeg\" \/>\n<meta name=\"twitter:card\" content=\"summary_large_image\" \/>\n<meta name=\"twitter:label1\" content=\"Price\" \/>\n\t<meta name=\"twitter:data1\" content=\"&euro;34,99\" \/>\n\t<meta name=\"twitter:label2\" content=\"Availability\" \/>\n\t<meta name=\"twitter:data2\" content=\"Op voorraad\" \/>\n<script type=\"application\/ld+json\" class=\"yoast-schema-graph\">{\"@context\":\"https:\/\/schema.org\",\"@graph\":[{\"@type\":\"WebPage\",\"@id\":\"https:\/\/startercultures.eu\/nl\/product\/boeken\/over-inpakken-2020-nl\/\",\"url\":\"https:\/\/startercultures.eu\/nl\/product\/boeken\/over-inpakken-2020-nl\/\",\"name\":\"Klassieke technieken om voedsel in te pakken | starterculturen.nl\",\"isPartOf\":{\"@id\":\"https:\/\/startercultures.eu\/nl\/#website\"},\"primaryImageOfPage\":{\"@id\":\"https:\/\/startercultures.eu\/nl\/product\/boeken\/over-inpakken-2020-nl\/#primaryimage\"},\"image\":{\"@id\":\"https:\/\/startercultures.eu\/nl\/product\/boeken\/over-inpakken-2020-nl\/#primaryimage\"},\"thumbnailUrl\":\"https:\/\/startercultures.eu\/wp-content\/uploads\/2020\/07\/over-inpakken-e1644658538442.jpg\",\"datePublished\":\"2020-07-31T16:38:16+00:00\",\"dateModified\":\"2026-01-04T10:06:09+00:00\",\"description\":\"In Over Inpakken leren Meneer Wateetons en Ren\u00e9 Zanderink je klassieke technieken om voedsel in te pakken. Vandaag besteld, morgen in huis!\",\"breadcrumb\":{\"@id\":\"https:\/\/startercultures.eu\/nl\/product\/boeken\/over-inpakken-2020-nl\/#breadcrumb\"},\"inLanguage\":\"nl-NL\",\"potentialAction\":[{\"@type\":\"ReadAction\",\"target\":[\"https:\/\/startercultures.eu\/nl\/product\/boeken\/over-inpakken-2020-nl\/\"]}]},{\"@type\":\"ImageObject\",\"inLanguage\":\"nl-NL\",\"@id\":\"https:\/\/startercultures.eu\/nl\/product\/boeken\/over-inpakken-2020-nl\/#primaryimage\",\"url\":\"https:\/\/startercultures.eu\/wp-content\/uploads\/2020\/07\/over-inpakken-e1644658538442.jpg\",\"contentUrl\":\"https:\/\/startercultures.eu\/wp-content\/uploads\/2020\/07\/over-inpakken-e1644658538442.jpg\",\"width\":989,\"height\":1250,\"caption\":\"over inpakken\"},{\"@type\":\"BreadcrumbList\",\"@id\":\"https:\/\/startercultures.eu\/nl\/product\/boeken\/over-inpakken-2020-nl\/#breadcrumb\",\"itemListElement\":[{\"@type\":\"ListItem\",\"position\":1,\"name\":\"Home\",\"item\":\"https:\/\/startercultures.eu\/nl\/\"},{\"@type\":\"ListItem\",\"position\":2,\"name\":\"Winkel\",\"item\":\"https:\/\/startercultures.eu\/nl\/winkel\/\"},{\"@type\":\"ListItem\",\"position\":3,\"name\":\"Over Inpakken (2020) | over oerinpakken\"}]},{\"@type\":\"WebSite\",\"@id\":\"https:\/\/startercultures.eu\/nl\/#website\",\"url\":\"https:\/\/startercultures.eu\/nl\/\",\"name\":\"Startercultures.eu\",\"description\":\"Startercultures.eu\",\"publisher\":{\"@id\":\"https:\/\/startercultures.eu\/nl\/#organization\"},\"potentialAction\":[{\"@type\":\"SearchAction\",\"target\":{\"@type\":\"EntryPoint\",\"urlTemplate\":\"https:\/\/startercultures.eu\/nl\/?s={search_term_string}\"},\"query-input\":{\"@type\":\"PropertyValueSpecification\",\"valueRequired\":true,\"valueName\":\"search_term_string\"}}],\"inLanguage\":\"nl-NL\"},{\"@type\":\"Organization\",\"@id\":\"https:\/\/startercultures.eu\/nl\/#organization\",\"name\":\"Startercultures.eu\",\"url\":\"https:\/\/startercultures.eu\/nl\/\",\"logo\":{\"@type\":\"ImageObject\",\"inLanguage\":\"nl-NL\",\"@id\":\"https:\/\/startercultures.eu\/nl\/#\/schema\/logo\/image\/\",\"url\":\"https:\/\/startercultures.eu\/wp-content\/uploads\/2020\/08\/startercultures-eu-nl-logo-rond-rgb.png\",\"contentUrl\":\"https:\/\/startercultures.eu\/wp-content\/uploads\/2020\/08\/startercultures-eu-nl-logo-rond-rgb.png\",\"width\":320,\"height\":320,\"caption\":\"Startercultures.eu\"},\"image\":{\"@id\":\"https:\/\/startercultures.eu\/nl\/#\/schema\/logo\/image\/\"},\"sameAs\":[\"https:\/\/www.facebook.com\/startercultureseu\",\"https:\/\/www.instagram.com\/startercultures.eu\/\"],\"hasMerchantReturnPolicy\":{\"@type\":\"MerchantReturnPolicy\",\"merchantReturnLink\":\"https:\/\/startercultures.eu\/return-policy\/\"}}]}<\/script>\n<meta property=\"product:price:amount\" content=\"34.99\" \/>\n<meta property=\"product:price:currency\" content=\"EUR\" \/>\n<meta property=\"og:availability\" content=\"instock\" \/>\n<meta property=\"product:availability\" content=\"instock\" \/>\n<meta property=\"product:retailer_item_id\" content=\"113\" \/>\n<meta property=\"product:condition\" content=\"new\" \/>\n<!-- \/ Yoast SEO plugin. -->","yoast_head_json":{"title":"Klassieke technieken om voedsel in te pakken | starterculturen.nl","description":"In Over Inpakken leren Meneer Wateetons en Ren\u00e9 Zanderink je klassieke technieken om voedsel in te pakken. Vandaag besteld, morgen in huis!","robots":{"index":"index","follow":"follow","max-snippet":"max-snippet:-1","max-image-preview":"max-image-preview:large","max-video-preview":"max-video-preview:-1"},"canonical":"https:\/\/startercultures.eu\/nl\/product\/boeken\/over-inpakken-2020-nl\/","og_locale":"nl_NL","og_type":"article","og_title":"Klassieke technieken om voedsel in te pakken | starterculturen.nl","og_description":"In Over Inpakken leren Meneer Wateetons en Ren\u00e9 Zanderink je klassieke technieken om voedsel in te pakken. Vandaag besteld, morgen in huis!","og_url":"https:\/\/startercultures.eu\/nl\/product\/boeken\/over-inpakken-2020-nl\/","og_site_name":"Startercultures.eu","article_publisher":"https:\/\/www.facebook.com\/startercultureseu","article_modified_time":"2026-01-04T10:06:09+00:00","og_image":[{"width":989,"height":1250,"url":"https:\/\/startercultures.eu\/wp-content\/uploads\/2020\/07\/over-inpakken-e1644658538442.jpg","type":"image\/jpeg"}],"twitter_card":"summary_large_image","twitter_misc":{"Price":"&euro;34,99","Availability":"Op voorraad"},"schema":{"@context":"https:\/\/schema.org","@graph":[{"@type":"WebPage","@id":"https:\/\/startercultures.eu\/nl\/product\/boeken\/over-inpakken-2020-nl\/","url":"https:\/\/startercultures.eu\/nl\/product\/boeken\/over-inpakken-2020-nl\/","name":"Klassieke technieken om voedsel in te pakken | starterculturen.nl","isPartOf":{"@id":"https:\/\/startercultures.eu\/nl\/#website"},"primaryImageOfPage":{"@id":"https:\/\/startercultures.eu\/nl\/product\/boeken\/over-inpakken-2020-nl\/#primaryimage"},"image":{"@id":"https:\/\/startercultures.eu\/nl\/product\/boeken\/over-inpakken-2020-nl\/#primaryimage"},"thumbnailUrl":"https:\/\/startercultures.eu\/wp-content\/uploads\/2020\/07\/over-inpakken-e1644658538442.jpg","datePublished":"2020-07-31T16:38:16+00:00","dateModified":"2026-01-04T10:06:09+00:00","description":"In Over Inpakken leren Meneer Wateetons en Ren\u00e9 Zanderink je klassieke technieken om voedsel in te pakken. Vandaag besteld, morgen in huis!","breadcrumb":{"@id":"https:\/\/startercultures.eu\/nl\/product\/boeken\/over-inpakken-2020-nl\/#breadcrumb"},"inLanguage":"nl-NL","potentialAction":[{"@type":"ReadAction","target":["https:\/\/startercultures.eu\/nl\/product\/boeken\/over-inpakken-2020-nl\/"]}]},{"@type":"ImageObject","inLanguage":"nl-NL","@id":"https:\/\/startercultures.eu\/nl\/product\/boeken\/over-inpakken-2020-nl\/#primaryimage","url":"https:\/\/startercultures.eu\/wp-content\/uploads\/2020\/07\/over-inpakken-e1644658538442.jpg","contentUrl":"https:\/\/startercultures.eu\/wp-content\/uploads\/2020\/07\/over-inpakken-e1644658538442.jpg","width":989,"height":1250,"caption":"over inpakken"},{"@type":"BreadcrumbList","@id":"https:\/\/startercultures.eu\/nl\/product\/boeken\/over-inpakken-2020-nl\/#breadcrumb","itemListElement":[{"@type":"ListItem","position":1,"name":"Home","item":"https:\/\/startercultures.eu\/nl\/"},{"@type":"ListItem","position":2,"name":"Winkel","item":"https:\/\/startercultures.eu\/nl\/winkel\/"},{"@type":"ListItem","position":3,"name":"Over Inpakken (2020) | over oerinpakken"}]},{"@type":"WebSite","@id":"https:\/\/startercultures.eu\/nl\/#website","url":"https:\/\/startercultures.eu\/nl\/","name":"Startercultures.eu","description":"Startercultures.eu","publisher":{"@id":"https:\/\/startercultures.eu\/nl\/#organization"},"potentialAction":[{"@type":"SearchAction","target":{"@type":"EntryPoint","urlTemplate":"https:\/\/startercultures.eu\/nl\/?s={search_term_string}"},"query-input":{"@type":"PropertyValueSpecification","valueRequired":true,"valueName":"search_term_string"}}],"inLanguage":"nl-NL"},{"@type":"Organization","@id":"https:\/\/startercultures.eu\/nl\/#organization","name":"Startercultures.eu","url":"https:\/\/startercultures.eu\/nl\/","logo":{"@type":"ImageObject","inLanguage":"nl-NL","@id":"https:\/\/startercultures.eu\/nl\/#\/schema\/logo\/image\/","url":"https:\/\/startercultures.eu\/wp-content\/uploads\/2020\/08\/startercultures-eu-nl-logo-rond-rgb.png","contentUrl":"https:\/\/startercultures.eu\/wp-content\/uploads\/2020\/08\/startercultures-eu-nl-logo-rond-rgb.png","width":320,"height":320,"caption":"Startercultures.eu"},"image":{"@id":"https:\/\/startercultures.eu\/nl\/#\/schema\/logo\/image\/"},"sameAs":["https:\/\/www.facebook.com\/startercultureseu","https:\/\/www.instagram.com\/startercultures.eu\/"],"hasMerchantReturnPolicy":{"@type":"MerchantReturnPolicy","merchantReturnLink":"https:\/\/startercultures.eu\/return-policy\/"}}]},"product_price_amount":"34.99","product_price_currency":"EUR","og_availability":"instock","product_availability":"instock","product_retailer_item_id":"113","product_condition":"new"},"_links":{"self":[{"href":"https:\/\/startercultures.eu\/nl\/wp-json\/wp\/v2\/product\/6896","targetHints":{"allow":["GET"]}}],"collection":[{"href":"https:\/\/startercultures.eu\/nl\/wp-json\/wp\/v2\/product"}],"about":[{"href":"https:\/\/startercultures.eu\/nl\/wp-json\/wp\/v2\/types\/product"}],"replies":[{"embeddable":true,"href":"https:\/\/startercultures.eu\/nl\/wp-json\/wp\/v2\/comments?post=6896"}],"version-history":[{"count":1,"href":"https:\/\/startercultures.eu\/nl\/wp-json\/wp\/v2\/product\/6896\/revisions"}],"predecessor-version":[{"id":81459,"href":"https:\/\/startercultures.eu\/nl\/wp-json\/wp\/v2\/product\/6896\/revisions\/81459"}],"wp:featuredmedia":[{"embeddable":true,"href":"https:\/\/startercultures.eu\/nl\/wp-json\/wp\/v2\/media\/20059"}],"wp:attachment":[{"href":"https:\/\/startercultures.eu\/nl\/wp-json\/wp\/v2\/media?parent=6896"}],"wp:term":[{"taxonomy":"product_brand","embeddable":true,"href":"https:\/\/startercultures.eu\/nl\/wp-json\/wp\/v2\/product_brand?post=6896"},{"taxonomy":"product_cat","embeddable":true,"href":"https:\/\/startercultures.eu\/nl\/wp-json\/wp\/v2\/product_cat?post=6896"},{"taxonomy":"product_tag","embeddable":true,"href":"https:\/\/startercultures.eu\/nl\/wp-json\/wp\/v2\/product_tag?post=6896"}],"curies":[{"name":"wp","href":"https:\/\/api.w.org\/{rel}","templated":true}]}}